{"id":29301,"date":"2025-09-07T11:02:18","date_gmt":"2025-09-07T03:02:18","guid":{"rendered":"https:\/\/www.eco-leather.com\/product\/self-cleaning-faux-leather-for-low-maintenance-motorcycle-jackets\/"},"modified":"2025-09-07T11:02:20","modified_gmt":"2025-09-07T03:02:20","slug":"faux-cuir-autonettoyant-pour-vestes-de-moto-a-entretien-reduit","status":"publish","type":"product","link":"https:\/\/www.eco-leather.com\/fr\/faux-cuir-autonettoyant-pour-vestes-de-moto-a-entretien-reduit\/","title":{"rendered":"Faux cuir autonettoyant pour vestes de moto n\u00e9cessitant peu d'entretien"},"content":{"rendered":"<h2>Fournisseur de cuir synth\u00e9tique de premi\u00e8re qualit\u00e9<\/h2>\n<p><main><\/p>\n<section id=\"product-overview\">\n<h2>Description du produit<\/h2>\n<p>Mat\u00e9riau <strong>Semelle en faux cuir<\/strong> Introduction<\/p>\n<p>Nos mat\u00e9riaux offrent des options personnalisables en termes d'\u00e9paisseur, de couleur, etc. Nous vous invitons \u00e0 cliquer ci-dessous et \u00e0 nous contacter imm\u00e9diatement pour explorer les possibilit\u00e9s infinies qui s'offrent \u00e0 vous.<\/p>\n<p>  nous contacter  <\/p>\n<p>Fabriqu\u00e9 \u00e0 partir de mat\u00e9riaux en microfibre de haute qualit\u00e9, notre similicuir en microfibre Ultrasuede de 0,7 mm est le choix id\u00e9al pour les gants de cyclisme. Il allie souplesse et r\u00e9sistance, et offre des propri\u00e9t\u00e9s exceptionnelles de respirabilit\u00e9 et d'\u00e9vacuation de l'humidit\u00e9 pour garder les mains au frais et au sec pendant les sorties intenses.<\/p>\n<p>Que vous soyez un cycliste professionnel ou amateur, le cuir microfibre est un mat\u00e9riau qui offre un confort et une protection imbattables. Sa grande r\u00e9sistance \u00e0 l'abrasion et aux d\u00e9chirures garantit des performances durables, tandis que son design \u00e9l\u00e9gant ajoute une touche sophistiqu\u00e9e \u00e0 tout ensemble de cyclisme.<\/p>\n<\/section>\n<section id=\"specifications\">\n<h2>Param\u00e8tres techniques<\/h2>\n<p>Mat\u00e9riau <strong>Automobile Si\u00e8ges en cuir Chien d'assistance<\/strong> Sp\u00e9cifications<\/p>\n<p><img decoding=\"async\" alt=\"0.7mm Ultrasuede Microfiber Faux cuir pour gants de cyclisme - Sp\u00e9cification des mat\u00e9riaux\" class=\"product-image\" src=\"\/wp-content\/uploads\/2025\/08\/07mm-ultrasuede-microfiber-faux-leather-for-cycling-gloves--37881.jpg\"\/><\/p>\n<h3>Param\u00e8tres du produit<\/h3>\n<ul class=\"parameters-list\">\n<li><span class=\"param-name\">Mat\u00e9riau :<\/span> Microfibre + PU<\/li>\n<li><span class=\"param-name\">Couleur :<\/span> Noir, Gris, Beige (couleurs personnalis\u00e9es disponibles)<\/li>\n<li><span class=\"param-name\">\u00c9paisseur :<\/span> 0,6 mm, 0,7 mm, 0,8 mm, 1 mm<\/li>\n<li><span class=\"param-name\">Quantit\u00e9 minimale de commande :<\/span> 300 m\u00e8tres lin\u00e9aires<\/li>\n<li><span class=\"param-name\">Longueur du rouleau :<\/span> 20-30m\/rouleau<\/li>\n<li><span class=\"param-name\">D\u00e9lai de livraison :<\/span> 15-20 jours<\/li>\n<li><span class=\"param-name\">Largeur :<\/span> 54\u2033, 137cm<\/li>\n<li><span class=\"param-name\">Capacit\u00e9 de production :<\/span> 1 000 000 m\u00e8tres par mois<\/li>\n<\/ul>\n<\/section>\n<section id=\"features\">\n<h2>Caract\u00e9ristiques du produit<\/h2>\n<div class=\"feature-item\">\n<img decoding=\"async\" alt=\"WINIWaterproof Faux LeathermanCompany Factory Wholesale Microfiber Leather ManufacturersLe faux cuir v\u00e9g\u00e9talien autonettoyant r\u00e9volutionne la durabilit\u00e9 des v\u00eatements gr\u00e2ce \u00e0 une innovation r\u00e9volutionnaire con\u00e7ue pour les vestes de moto.\" class=\"feature-image left\" src=\"\/wp-content\/uploads\/2025\/08\/self-cleaning-faux-leather-for-low-maintenance-motorcycle-jackets-32827.jpg\"\/><\/p>\n<h3>WINIW <strong>Faux Leatherman \u00e9tanche<\/strong> Company Factory Wholesale Microfiber Leather ManufacturersLe faux cuir v\u00e9g\u00e9talien autonettoyant r\u00e9volutionne la durabilit\u00e9 des v\u00eatements gr\u00e2ce \u00e0 une innovation r\u00e9volutionnaire con\u00e7ue pour les blousons de moto.<\/h3>\n<p>WINIW <strong>Faux Leatherman \u00e9tanche<\/strong> Company Factory Wholesale Microfiber Leather ManufacturersLe faux cuir v\u00e9g\u00e9tal autonettoyant r\u00e9volutionne la durabilit\u00e9 des v\u00eatements gr\u00e2ce \u00e0 une innovation r\u00e9volutionnaire con\u00e7ue pour les vestes de moto.<\/p>\n<div class=\"clear\"><\/div>\n<\/div>\n<div class=\"feature-item\">\n<img decoding=\"async\" alt=\"Con\u00e7u pour les pilotes qui exigent \u00e0 la fois style et praticit\u00e9, ce mat\u00e9riau pr\u00e9sente une surface infus\u00e9e de nanotechnologies qui repousse la salet\u00e9, l&#039;huile et la poussi\u00e8re, r\u00e9duisant ainsi la fr\u00e9quence de nettoyage jusqu&#039;\u00e0 70%.\" class=\"feature-image left\" src=\"\/wp-content\/uploads\/2025\/08\/self-cleaning-faux-leather-for-low-maintenance-motorcycle-jackets-32828.jpg\"\/><\/p>\n<h3>Con\u00e7u pour les pilotes qui exigent \u00e0 la fois style et praticit\u00e9, ce mat\u00e9riau pr\u00e9sente une surface infus\u00e9e de nanotechnologies qui repousse la salet\u00e9, l'huile et la poussi\u00e8re, r\u00e9duisant ainsi la fr\u00e9quence de nettoyage jusqu'\u00e0 70%.<\/h3>\n<p>Con\u00e7u pour les pilotes qui exigent \u00e0 la fois style et praticit\u00e9, ce mat\u00e9riau pr\u00e9sente une surface infus\u00e9e de nanotechnologies qui repousse la salet\u00e9, l'huile et la poussi\u00e8re, r\u00e9duisant ainsi la fr\u00e9quence de nettoyage jusqu'\u00e0 70%. Mat\u00e9riau <strong>Daim Cuir Imperm\u00e9able Import<\/strong> Microfibre PU Leather Brand Name WINIW Company Factory Wholesale Microfiber Leather ManufacturersLargeur 54\u2033 ;<\/p>\n<div class=\"clear\"><\/div>\n<\/div>\n<div class=\"feature-item\">\n<img decoding=\"async\" alt=\"1\" class=\"feature-image left\" src=\"\/wp-content\/uploads\/2025\/08\/self-cleaning-faux-leather-for-low-maintenance-motorcycle-jackets-32829.jpg\"\/><\/p>\n<h3>1<\/h3>\n<p>1.37m Couleur Rouge, Noir, Marron, Vert, sur demande Caract\u00e9ristique R\u00e9sistant \u00e0 l'usure, Imperm\u00e9able, Anti-mildiou, Flexible Epaisseur 0.6mm-2.4mm, sur demande Lieu d'origine Chine Personnalis\u00e9 Oui D\u00e9lai de livraison Habituellement dans les 15 - 25 jours.<\/p>\n<div class=\"clear\"><\/div>\n<\/div>\n<div class=\"feature-item\">\n<img decoding=\"async\" alt=\"MOQMat\u00e9riau en cuir imperm\u00e9able Service300 m\u00e8tres D\u00e9tails de l&#039;emballage 30\/50 m\u00e8tres par rouleau\" class=\"feature-image left\" src=\"\/wp-content\/uploads\/2025\/08\/self-cleaning-faux-leather-for-low-maintenance-motorcycle-jackets-32830.jpg\"\/><\/p>\n<h3>MOQ <strong>Mat\u00e9riau en cuir imperm\u00e9able Service<\/strong> 300 m\u00e8tres D\u00e9tails de l'emballage 30\/50 m\u00e8tres par rouleau<\/h3>\n<p>MOQ <strong>Mat\u00e9riau en cuir imperm\u00e9able Service<\/strong> 300 m\u00e8tres D\u00e9tails de l'emballage 30\/50 m\u00e8tres par rouleau. Ou sur mesure Capacit\u00e9 de production 1.000.000 m\u00e8tres par mois Caract\u00e9ristiques du mat\u00e9riau<\/p>\n<div class=\"clear\"><\/div>\n<\/div>\n<div class=\"feature-item\">\n<img decoding=\"async\" alt=\"Haute r\u00e9sistance \u00e0 la d\u00e9chirure - Ultrasuede Microfibre Faux cuir pour gants de cyclisme\" class=\"feature-image left\" src=\"\/wp-content\/uploads\/2025\/08\/07mm-ultrasuede-microfiber-faux-leather-for-cycling-gloves--37882.jpg\"\/><\/p>\n<h3>R\u00e9sistance \u00e9lev\u00e9e \u00e0 la d\u00e9chirure<\/h3>\n<p>Notre cuir microfibre Ultrasuede pr\u00e9sente une r\u00e9sistance exceptionnelle \u00e0 la d\u00e9chirure, ce qui garantit qu'il ne se cassera pas et ne se d\u00e9formera pas facilement sous l'effet du stress. Il est donc id\u00e9al pour les produits n\u00e9cessitant une durabilit\u00e9 et des performances \u00e0 long terme.<\/p>\n<div class=\"clear\"><\/div>\n<\/div>\n<div class=\"feature-item\">\n<img decoding=\"async\" alt=\"R\u00e9tention de la forme - Ultrasuede Microfibre Faux cuir pour gants de cyclisme\" class=\"feature-image right\" src=\"\/wp-content\/uploads\/2025\/08\/07mm-ultrasuede-microfiber-faux-leather-for-cycling-gloves--37883.jpg\"\/><\/p>\n<h3>Pas facile \u00e0 d\u00e9former<\/h3>\n<p>Sp\u00e9cialement trait\u00e9 pour conserver sa forme originale, ce mat\u00e9riau offre une excellente \u00e9lasticit\u00e9 et une grande stabilit\u00e9. Il r\u00e9siste aux d\u00e9formations dues \u00e0 la pression ext\u00e9rieure ou \u00e0 l'\u00e9tirement, ce qui permet aux produits de rester intacts et attrayants au fil du temps.<\/p>\n<div class=\"clear\"><\/div>\n<\/div>\n<div class=\"feature-item\">\n<img decoding=\"async\" alt=\"Durabilit\u00e9 - Ultrasuede Microfibre Faux cuir pour gants de cyclisme\" class=\"feature-image left\" src=\"\/wp-content\/uploads\/2025\/08\/07mm-ultrasuede-microfiber-faux-leather-for-cycling-gloves--37884.jpg\"\/><\/p>\n<h3>Durabilit\u00e9<\/h3>\n<p>Extr\u00eamement r\u00e9sistant \u00e0 l'abrasion, aux d\u00e9chirures et aux perforations, ce mat\u00e9riau permet aux gants de rester en parfait \u00e9tat, m\u00eame en cas d'utilisation prolong\u00e9e. Il conserve \u00e9galement une excellente dext\u00e9rit\u00e9 et une grande solidit\u00e9 pour les articles en cuir de haute qualit\u00e9.<\/p>\n<div class=\"clear\"><\/div>\n<\/div>\n<\/section>\n<section id=\"usage\">\n<h2>Utilisation et applications<\/h2>\n<p><img fetchpriority=\"high\" decoding=\"async\" alt=\"Fabricant de faux cuir durable\" height=\"690\" src=\"\/wp-content\/uploads\/2025\/08\/self-cleaning-faux-leather-for-low-maintenance-motorcycle-jackets-32831.jpg\" width=\"750\"\/><\/p>\n<div class=\"usage-point\">\n<h3>Le <strong>Cuir de confection Import\u00e9<\/strong> La surface en cuir imite l'\u00e9l\u00e9gance robuste du cuir traditionnel tout en int\u00e9grant des propri\u00e9t\u00e9s d'auto-entretien, ce qui permet aux vestes de rester impeccables m\u00eame dans des environnements tr\u00e8s expos\u00e9s.<\/h3>\n<p>Le <strong>Cuir de confection Import\u00e9<\/strong> La surface en cuir imite l'\u00e9l\u00e9gance robuste du cuir traditionnel tout en int\u00e9grant des propri\u00e9t\u00e9s d'auto-entretien, ce qui permet aux vestes de rester impeccables m\u00eame dans des environnements tr\u00e8s expos\u00e9s.<\/p>\n<\/div>\n<div class=\"usage-point\">\n<h3>Fabriqu\u00e9 \u00e0 partir de polyur\u00e9thane et de polym\u00e8res d'origine v\u00e9g\u00e9tale respectueux de l'environnement, il est 100% sans cruaut\u00e9 et r\u00e9pond \u00e0 des certifications mondiales rigoureuses en mati\u00e8re de s\u00e9curit\u00e9 et de durabilit\u00e9.<\/h3>\n<p>Fabriqu\u00e9 \u00e0 partir de polyur\u00e9thane et de polym\u00e8res d'origine v\u00e9g\u00e9tale respectueux de l'environnement, il est 100% sans cruaut\u00e9 et r\u00e9pond \u00e0 des certifications mondiales rigoureuses en mati\u00e8re de s\u00e9curit\u00e9 et de durabilit\u00e9. L\u00e9ger mais r\u00e9sistant \u00e0 l'abrasion, ce similicuir est con\u00e7u pour les performances \u00e0 grande vitesse. Il associe une mode \u00e9thique \u00e0 une fonctionnalit\u00e9 de pointe pour les cyclistes qui refusent tout compromis.<\/p>\n<\/div>\n<div class=\"usage-point\">\n<h3>Confortable et respirant<\/h3>\n<p>Doux, confortable et tr\u00e8s respirant, ce mat\u00e9riau est parfait pour les gants de cyclisme et autres produits port\u00e9s pendant de longues p\u00e9riodes. Il permet de garder les mains au frais et au sec pendant les activit\u00e9s intenses.<\/p>\n<\/div>\n<div class=\"usage-point\">\n<h3>Respectueux de l'environnement et durable<\/h3>\n<p>Notre similicuir en microfibre Ultrasuede comprend des options respectueuses de l'environnement, telles que des variantes fabriqu\u00e9es \u00e0 partir de PET recycl\u00e9 et de mat\u00e9riaux d'origine v\u00e9g\u00e9tale, r\u00e9duisant ainsi l'impact sur l'environnement tout en offrant des textures vari\u00e9es.<\/p>\n<\/div>\n<div class=\"usage-point\">\n<h3>Protection antibact\u00e9rienne et anti-poussi\u00e8re<\/h3>\n<p>Les variantes s\u00e9lectionn\u00e9es pr\u00e9sentent des propri\u00e9t\u00e9s antibact\u00e9riennes et r\u00e9sistantes \u00e0 la poussi\u00e8re, r\u00e9pondant \u00e0 des normes d'hygi\u00e8ne \u00e9lev\u00e9es, id\u00e9ales pour les gants n\u00e9cessitant des contr\u00f4les de qualit\u00e9 et de s\u00e9curit\u00e9 stricts.<\/p>\n<\/div>\n<div class=\"usage-point\">\n<h3>Divers sc\u00e9narios d'application<\/h3>\n<p>Outre les gants de cyclisme, il convient aux gants de contact, aux gants de s\u00e9curit\u00e9 et \u00e0 divers autres types de gants, ainsi qu'aux chaussures, aux v\u00eatements et aux accessoires.<\/p>\n<\/div>\n<p><img decoding=\"async\" alt=\"Applications du similicuir en microfibre Ultrasuede de 0,7 mm dans divers produits\" class=\"product-image\" src=\"\/wp-content\/uploads\/2025\/08\/07mm-ultrasuede-microfiber-faux-leather-for-cycling-gloves--37885.jpg\"\/><br \/>\n<img decoding=\"async\" alt=\"Gants de cyclisme en cuir microfibre Ultrasuede - exemple de produit\" class=\"product-image\" src=\"\/wp-content\/uploads\/2025\/08\/07mm-ultrasuede-microfiber-faux-leather-for-cycling-gloves--37886.jpg\"\/><br \/>\n<\/section>\n<p><\/main><\/p>\n<section id=\"inquiry\">\n<h2 style=\"text-align: center;\">Dans l'attente de votre demande, nous vous prions d'agr\u00e9er, Madame, Monsieur, l'expression de nos salutations distingu\u00e9es.<\/h2>\n<p style=\"text-align: center;\">Contactez-nous d\u00e8s aujourd'hui pour en savoir plus sur nos produits et passer votre commande.<\/p>\n<\/section>\n\n    <div class=\"xs_social_share_widget xs_share_url after_content \t\tmain_content  wslu-style-1 wslu-share-box-shaped wslu-fill-colored wslu-none wslu-share-horizontal wslu-theme-font-no wslu-main_content\">\n\n\t\t\n        <ul>\n\t\t\t        <\/ul>\n    <\/div>","protected":false},"excerpt":{"rendered":"<div class=\"product-short-description\">V\u00eatements Cuir Faux cuir autonettoyant pour vestes de moto \u00e0 faible entretien WINIW Faux cuir autonettoyant pour vestes de moto \u00e0 faible entretien Les caract\u00e9ristiques principales incluent Cuir PU microfibre, WINIW, Largeur.id\u00e9al pour ceux qui recherchent la qualit\u00e9 et la fiabilit\u00e9.<\/p>\n<p>En tant qu'usine directe, fabricant et grossiste, nous pouvons contr\u00f4ler strictement le processus de production afin de garantir la qualit\u00e9 des produits tout en vous offrant les prix les plus favorables. Nous disposons d'\u00e9quipements de production avanc\u00e9s et d'une \u00e9quipe technique professionnelle pour r\u00e9pondre \u00e0 vos besoins en mati\u00e8re de commandes \u00e0 grande \u00e9chelle et garantir une livraison dans les d\u00e9lais.<\/p>\n<\/div>","protected":false},"featured_media":2989,"template":"","meta":[],"product_brand":[],"product_cat":[180],"product_tag":[19103],"class_list":{"0":"post-29301","1":"product","2":"type-product","3":"status-publish","4":"has-post-thumbnail","6":"product_cat-garments-leather","7":"product_tag-black-patent-leather-low-heelsblack-boots-patent-leather-lowblack-patent-leather-low-heel-shoesfaux-leather-shacketfaux-leather-spanxfaux-leather-wallpaper","9":"first","10":"instock","11":"product-type-simple"},"_links":{"self":[{"href":"https:\/\/www.eco-leather.com\/fr\/wp-json\/wp\/v2\/product\/29301","targetHints":{"allow":["GET"]}}],"collection":[{"href":"https:\/\/www.eco-leather.com\/fr\/wp-json\/wp\/v2\/product"}],"about":[{"href":"https:\/\/www.eco-leather.com\/fr\/wp-json\/wp\/v2\/types\/product"}],"wp:featuredmedia":[{"embeddable":true,"href":"https:\/\/www.eco-leather.com\/fr\/wp-json\/wp\/v2\/media\/2989"}],"wp:attachment":[{"href":"https:\/\/www.eco-leather.com\/fr\/wp-json\/wp\/v2\/media?parent=29301"}],"wp:term":[{"taxonomy":"product_brand","embeddable":true,"href":"https:\/\/www.eco-leather.com\/fr\/wp-json\/wp\/v2\/product_brand?post=29301"},{"taxonomy":"product_cat","embeddable":true,"href":"https:\/\/www.eco-leather.com\/fr\/wp-json\/wp\/v2\/product_cat?post=29301"},{"taxonomy":"product_tag","embeddable":true,"href":"https:\/\/www.eco-leather.com\/fr\/wp-json\/wp\/v2\/product_tag?post=29301"}],"curies":[{"name":"wp","href":"https:\/\/api.w.org\/{rel}","templated":true}]}}