{"id":29256,"date":"2025-09-07T11:01:48","date_gmt":"2025-09-07T03:01:48","guid":{"rendered":"https:\/\/www.eco-leather.com\/product\/0-4mm-microfiber-microsuede-leather-display-stands-material\/"},"modified":"2025-09-07T11:01:54","modified_gmt":"2025-09-07T03:01:54","slug":"0-4mm-microfibre-microsuede-cuir-materiel-pour-presentoirs","status":"publish","type":"product","link":"https:\/\/www.eco-leather.com\/fr\/0-4mm-microfibre-microsuede-cuir-materiel-pour-presentoirs\/","title":{"rendered":"0.4mm Microfiber Microsuede Display Stands Leather Material"},"content":{"rendered":"<h2>0.4mm Microfibre Microsuede Cuir Supports d'affichage Usine de mat\u00e9riaux<\/h2>\n<p><main><\/p>\n<section id=\"product-overview\">\n<h2>Description du produit<\/h2>\n<p>Produit <strong>Semelle en faux cuir<\/strong> Introduction<\/p>\n<p>Un <strong>Cuir de confection Import\u00e9<\/strong> L'un des principaux avantages du cuir microfibre microsu\u00e8de de 0,4 mm est son toucher incroyablement doux et luxueux. Sa texture microsu\u00e8de lui conf\u00e8re une finition souple et velout\u00e9e qui lui donne l'aspect et le toucher d'un v\u00e9ritable cuir su\u00e9d\u00e9.<\/p>\n<p>Il est donc parfait pour cr\u00e9er des affichages haut de gamme qui v\u00e9hiculent un sentiment de luxe et de style. Le cuir microfibre microsu\u00e8de de 0,4 mm est incroyablement solide et durable. Ses fibres synth\u00e9tiques r\u00e9sistent \u00e0 l'abrasion, \u00e0 la d\u00e9chirure et \u00e0 la d\u00e9coloration, ce qui signifie que vos pr\u00e9sentoirs resteront beaux pendant des ann\u00e9es.<\/p>\n<p>De plus, sa l\u00e9g\u00e8ret\u00e9 et sa flexibilit\u00e9 le rendent facile \u00e0 travailler, ce qui vous permet de cr\u00e9er des pr\u00e9sentations personnalis\u00e9es qui r\u00e9pondent \u00e0 vos besoins sp\u00e9cifiques.<\/p>\n<p>Fabriqu\u00e9 \u00e0 partir de mat\u00e9riaux en microfibre de haute qualit\u00e9, notre similicuir en microfibre Ultrasuede de 0,7 mm est le choix id\u00e9al pour les gants de cyclisme. Il allie souplesse et r\u00e9sistance, et offre des propri\u00e9t\u00e9s exceptionnelles de respirabilit\u00e9 et d'\u00e9vacuation de l'humidit\u00e9 pour garder les mains au frais et au sec pendant les sorties intenses.<\/p>\n<p>Que vous soyez un cycliste professionnel ou amateur, le cuir microfibre est un mat\u00e9riau qui offre un confort et une protection imbattables. Sa grande r\u00e9sistance \u00e0 l'abrasion et aux d\u00e9chirures garantit des performances durables, tandis que son design \u00e9l\u00e9gant ajoute une touche sophistiqu\u00e9e \u00e0 tout ensemble de cyclisme.<\/p>\n<\/section>\n<section id=\"specifications\">\n<h2>Param\u00e8tres techniques<\/h2>\n<ul class_=\"parameters-list\">\n<li><span class=\"param-name\">Produit <strong>Bo\u00eetes en simili cuir Chine<\/strong> Sp\u00e9cification Mat\u00e9riau :<\/span> Microfibre Suede L eather Composition : 55 Nylon + 45% Polyur\u00e9thane Nom de la marque WINIW Company Factory Wholesale Material Manufacturers\u00c9paisseur : 0.4mm, 0.5mm, 0.6mm, personnalis\u00e9 Largeur : 54\u2033, 137cm Couleur : Blanc, Rouge, Bleu, Vert, Beige, couleurs personnalis\u00e9es MOQ : 300 m\u00e8tres lin\u00e9aires D\u00e9lai de livraison : 10 -20 jours Capacit\u00e9 de production : 1,000,000 m\u00e8tres mensuels Caract\u00e9ristique Anti-Mildiou, R\u00e9sistant aux rayures, Tr\u00e8s durable Lieu d'origine Chine Personnalis\u00e9 Oui Application Bo\u00eete \u00e0 bijoux, Supports d'\u00e9cran, Etui de t\u00e9l\u00e9phone, Bo\u00eete \u00e0 outils Mat\u00e9riau : Microfibre Suede L eather Composition : 55 Nylon + 45% Polyur\u00e9thane Nom de la marque WINIW Company Factory Wholesale Material Manufacturers Daim microfibre Composition du cuir : 55 Nylon + 45% Polyur\u00e9thane Nom de la marque WINIW Company Factory Wholesale Material Manufacturers\u00c9paisseur : 0.4mm, 0.5mm, 0.6mm, personnalis\u00e9 Largeur : 54\u2033, 137cm Couleur : Blanc, Rouge, Bleu, Vert, Beige, couleurs personnalis\u00e9es MOQ : 300 m\u00e8tres lin\u00e9aires D\u00e9lai de livraison : 10 -20 jours Capacit\u00e9 de production : 1,000,000 m\u00e8tres mensuels Caract\u00e9ristique Anti-Mildiou, R\u00e9sistant aux rayures, Tr\u00e8s durable Lieu d'origine Chine Personnalis\u00e9 Oui Application Bo\u00eete \u00e0 bijoux, Supports d'\u00e9cran, Bo\u00eetier de t\u00e9l\u00e9phone, Bo\u00eete \u00e0 outils<\/li>\n<\/ul>\n<p><img decoding=\"async\" alt=\"0.7mm Ultrasuede Microfiber Faux cuir pour gants de cyclisme - Sp\u00e9cification des mat\u00e9riaux\" class=\"product-image\" src=\"\/wp-content\/uploads\/2025\/08\/07mm-ultrasuede-microfiber-faux-leather-for-cycling-gloves--37881.jpg\"\/><\/p>\n<h3>Param\u00e8tres du produit<\/h3>\n<ul class=\"parameters-list\">\n<li><span class=\"param-name\">Mat\u00e9riau :<\/span> Microfibre + PU<\/li>\n<li><span class=\"param-name\">Couleur :<\/span> Noir, Gris, Beige (couleurs personnalis\u00e9es disponibles)<\/li>\n<li><span class=\"param-name\">\u00c9paisseur :<\/span> 0,6 mm, 0,7 mm, 0,8 mm, 1 mm<\/li>\n<li><span class=\"param-name\">Quantit\u00e9 minimale de commande :<\/span> 300 m\u00e8tres lin\u00e9aires<\/li>\n<li><span class=\"param-name\">Longueur du rouleau :<\/span> 20-30m\/rouleau<\/li>\n<li><span class=\"param-name\">D\u00e9lai de livraison :<\/span> 15-20 jours<\/li>\n<li><span class=\"param-name\">Largeur :<\/span> 54\u2033, 137cm<\/li>\n<li><span class=\"param-name\">Capacit\u00e9 de production :<\/span> 1 000 000 m\u00e8tres par mois<\/li>\n<\/ul>\n<\/section>\n<section id=\"features\">\n<h2>Caract\u00e9ristiques du produit<\/h2>\n<div class=\"feature-item\">\n<img decoding=\"async\" alt=\"Si vous recherchez un mat\u00e9riau polyvalent et durable pour vos pr\u00e9sentoirs, alors 0\" class=\"feature-image left\" src=\"\/wp-content\/uploads\/2025\/08\/04mm-microfiber-microsuede-leather-display-stands-material-32373.png\"\/><\/p>\n<h3>Si <strong>Spray imperm\u00e9able pour daim et cuir<\/strong> vous recherchez un mat\u00e9riau polyvalent et durable pour vos pr\u00e9sentoirs, alors 0<\/h3>\n<p>Si <strong>Spray imperm\u00e9able pour daim et cuir<\/strong> Si vous recherchez un mat\u00e9riau polyvalent et durable pour vos pr\u00e9sentoirs, le cuir microfibre microsu\u00e8de de 0,4 mm d'\u00e9paisseur pourrait bien \u00eatre la solution id\u00e9ale pour vous.<\/p>\n<div class=\"clear\"><\/div>\n<\/div>\n<div class=\"feature-item\">\n<img decoding=\"async\" alt=\"Ce mat\u00e9riau en cuir synth\u00e9tique offre une combinaison unique de souplesse, de r\u00e9sistance et de durabilit\u00e9 qui le rend id\u00e9al pour toute une s\u00e9rie d&#039;utilisations d&#039;affichage.\" class=\"feature-image left\" src=\"\/wp-content\/uploads\/2025\/08\/04mm-microfiber-microsuede-leather-display-stands-material-32373.png\"\/><\/p>\n<h3>Ce mat\u00e9riau en cuir synth\u00e9tique offre une combinaison unique de souplesse, de r\u00e9sistance et de durabilit\u00e9 qui le rend id\u00e9al pour toute une s\u00e9rie d'utilisations d'affichage.<\/h3>\n<p>Ce mat\u00e9riau en cuir synth\u00e9tique offre une combinaison unique de souplesse, de r\u00e9sistance et de durabilit\u00e9 qui le rend id\u00e9al pour toute une s\u00e9rie d'utilisations de pr\u00e9sentation.<\/p>\n<div class=\"clear\"><\/div>\n<\/div>\n<div class=\"feature-item\">\n<img decoding=\"async\" alt=\"Haute r\u00e9sistance \u00e0 la d\u00e9chirure - Ultrasuede Microfibre Faux cuir pour gants de cyclisme\" class=\"feature-image left\" src=\"\/wp-content\/uploads\/2025\/08\/07mm-ultrasuede-microfiber-faux-leather-for-cycling-gloves--37882.jpg\"\/><\/p>\n<h3>R\u00e9sistance \u00e9lev\u00e9e \u00e0 la d\u00e9chirure<\/h3>\n<p>Notre cuir microfibre Ultrasuede pr\u00e9sente une r\u00e9sistance exceptionnelle \u00e0 la d\u00e9chirure, ce qui garantit qu'il ne se cassera pas et ne se d\u00e9formera pas facilement sous l'effet du stress. Il est donc id\u00e9al pour les produits n\u00e9cessitant une durabilit\u00e9 et des performances \u00e0 long terme.<\/p>\n<div class=\"clear\"><\/div>\n<\/div>\n<div class=\"feature-item\">\n<img decoding=\"async\" alt=\"R\u00e9tention de la forme - Ultrasuede Microfibre Faux cuir pour gants de cyclisme\" class=\"feature-image right\" src=\"\/wp-content\/uploads\/2025\/08\/07mm-ultrasuede-microfiber-faux-leather-for-cycling-gloves--37883.jpg\"\/><\/p>\n<h3>Pas facile \u00e0 d\u00e9former<\/h3>\n<p>Sp\u00e9cialement trait\u00e9 pour conserver sa forme originale, ce mat\u00e9riau offre une excellente \u00e9lasticit\u00e9 et une grande stabilit\u00e9. Il r\u00e9siste aux d\u00e9formations dues \u00e0 la pression ext\u00e9rieure ou \u00e0 l'\u00e9tirement, ce qui permet aux produits de rester intacts et attrayants au fil du temps.<\/p>\n<div class=\"clear\"><\/div>\n<\/div>\n<div class=\"feature-item\">\n<img decoding=\"async\" alt=\"Durabilit\u00e9 - Ultrasuede Microfibre Faux cuir pour gants de cyclisme\" class=\"feature-image left\" src=\"\/wp-content\/uploads\/2025\/08\/07mm-ultrasuede-microfiber-faux-leather-for-cycling-gloves--37884.jpg\"\/><\/p>\n<h3>Durabilit\u00e9<\/h3>\n<p>Extr\u00eamement r\u00e9sistant \u00e0 l'abrasion, aux d\u00e9chirures et aux perforations, ce mat\u00e9riau permet aux gants de rester en parfait \u00e9tat, m\u00eame en cas d'utilisation prolong\u00e9e. Il conserve \u00e9galement une excellente dext\u00e9rit\u00e9 et une grande solidit\u00e9 pour les articles en cuir de haute qualit\u00e9.<\/p>\n<div class=\"clear\"><\/div>\n<\/div>\n<\/section>\n<section id=\"usage\">\n<h2>Utilisation et applications<\/h2>\n<p><img decoding=\"async\" alt=\"0.4mm Microfiber Microsuede Display Stands Leather Material details\" height=\"15\" src=\"\/wp-content\/uploads\/2025\/08\/04mm-microfiber-microsuede-leather-display-stands-material-32373.png\" width=\"15\"\/><\/p>\n<div class=\"usage-point\">\n<h3>A propos de <strong>Sacs en cuir d'occasion<\/strong> 0<\/h3>\n<p>A propos de <strong>Sacs en cuir d'occasion<\/strong> Cuir microfibre microsu\u00e8de de 0,4 mm, c'est un choix \u00e9cologique et durable. Contrairement au cuir v\u00e9ritable, qui n\u00e9cessite l'utilisation de produits chimiques nocifs et de produits d'origine animale, le cuir microsu\u00e8de est fabriqu\u00e9 \u00e0 partir de mat\u00e9riaux synth\u00e9tiques faciles \u00e0 obtenir et \u00e0 fabriquer.<\/p>\n<\/div>\n<div class=\"usage-point\">\n<h3>Confortable et respirant<\/h3>\n<p>Doux, confortable et tr\u00e8s respirant, ce mat\u00e9riau est parfait pour les gants de cyclisme et autres produits port\u00e9s pendant de longues p\u00e9riodes. Il permet de garder les mains au frais et au sec pendant les activit\u00e9s intenses.<\/p>\n<\/div>\n<div class=\"usage-point\">\n<h3>Respectueux de l'environnement et durable<\/h3>\n<p>Notre similicuir en microfibre Ultrasuede comprend des options respectueuses de l'environnement, telles que des variantes fabriqu\u00e9es \u00e0 partir de PET recycl\u00e9 et de mat\u00e9riaux d'origine v\u00e9g\u00e9tale, r\u00e9duisant ainsi l'impact sur l'environnement tout en offrant des textures vari\u00e9es.<\/p>\n<\/div>\n<div class=\"usage-point\">\n<h3>Protection antibact\u00e9rienne et anti-poussi\u00e8re<\/h3>\n<p>Les variantes s\u00e9lectionn\u00e9es pr\u00e9sentent des propri\u00e9t\u00e9s antibact\u00e9riennes et r\u00e9sistantes \u00e0 la poussi\u00e8re, r\u00e9pondant \u00e0 des normes d'hygi\u00e8ne \u00e9lev\u00e9es, id\u00e9ales pour les gants n\u00e9cessitant des contr\u00f4les de qualit\u00e9 et de s\u00e9curit\u00e9 stricts.<\/p>\n<\/div>\n<div class=\"usage-point\">\n<h3>Divers sc\u00e9narios d'application<\/h3>\n<p>Outre les gants de cyclisme, il convient aux gants de contact, aux gants de s\u00e9curit\u00e9 et \u00e0 divers autres types de gants, ainsi qu'aux chaussures, aux v\u00eatements et aux accessoires.<\/p>\n<\/div>\n<p><img decoding=\"async\" alt=\"Applications du similicuir en microfibre Ultrasuede de 0,7 mm dans divers produits\" class=\"product-image\" src=\"\/wp-content\/uploads\/2025\/08\/07mm-ultrasuede-microfiber-faux-leather-for-cycling-gloves--37885.jpg\"\/><br \/>\n<img decoding=\"async\" alt=\"Gants de cyclisme en cuir microfibre Ultrasuede - exemple de produit\" class=\"product-image\" src=\"\/wp-content\/uploads\/2025\/08\/07mm-ultrasuede-microfiber-faux-leather-for-cycling-gloves--37886.jpg\"\/><br \/>\n<\/section>\n<p><\/main><\/p>\n<section id=\"inquiry\">\n<h2 style=\"text-align: center;\">Dans l'attente de votre demande, nous vous prions d'agr\u00e9er, Madame, Monsieur, l'expression de nos salutations distingu\u00e9es.<\/h2>\n<p style=\"text-align: center;\">Contactez-nous d\u00e8s aujourd'hui pour en savoir plus sur nos produits et passer votre commande.<\/p>\n<\/section>\n\n    <div class=\"xs_social_share_widget xs_share_url after_content \t\tmain_content  wslu-style-1 wslu-share-box-shaped wslu-fill-colored wslu-none wslu-share-horizontal wslu-theme-font-no wslu-main_content\">\n\n\t\t\n        <ul>\n\t\t\t        <\/ul>\n    <\/div>","protected":false},"excerpt":{"rendered":"<div class=\"product-short-description\">Microsuede pour Pr\u00e9sentoir \u00e0 Bijoux 0.4mm Microfiber Microsuede Leather Display Stands Material WINIW 0.4mm Microfiber Microsuede Leather Display Stands Material Les caract\u00e9ristiques principales incluent : Id\u00e9al pour ceux qui recherchent la qualit\u00e9 et la fiabilit\u00e9.<\/p>\n<p>En tant qu'usine directe, fabricant et grossiste, nous pouvons contr\u00f4ler strictement le processus de production afin de garantir la qualit\u00e9 des produits tout en vous offrant les prix les plus favorables. Nous disposons d'\u00e9quipements de production avanc\u00e9s et d'une \u00e9quipe technique professionnelle pour r\u00e9pondre \u00e0 vos besoins en mati\u00e8re de commandes \u00e0 grande \u00e9chelle et garantir une livraison dans les d\u00e9lais.<\/p>\n<\/div>","protected":false},"featured_media":5516,"template":"","meta":[],"product_brand":[],"product_cat":[294],"product_tag":[19076],"class_list":{"0":"post-29256","1":"product","2":"type-product","3":"status-publish","4":"has-post-thumbnail","6":"product_cat-microsuede-for-jewelry-display","7":"product_tag-black-pu-leather-display-factoryblack-pu-leather-display-wholesaleblack-pu-leather-display-chinablack-pu-leather-display-tradersblack-pu-leather-display-retailerblack-pu-leather-display-custom","9":"first","10":"instock","11":"product-type-simple"},"_links":{"self":[{"href":"https:\/\/www.eco-leather.com\/fr\/wp-json\/wp\/v2\/product\/29256","targetHints":{"allow":["GET"]}}],"collection":[{"href":"https:\/\/www.eco-leather.com\/fr\/wp-json\/wp\/v2\/product"}],"about":[{"href":"https:\/\/www.eco-leather.com\/fr\/wp-json\/wp\/v2\/types\/product"}],"wp:featuredmedia":[{"embeddable":true,"href":"https:\/\/www.eco-leather.com\/fr\/wp-json\/wp\/v2\/media\/5516"}],"wp:attachment":[{"href":"https:\/\/www.eco-leather.com\/fr\/wp-json\/wp\/v2\/media?parent=29256"}],"wp:term":[{"taxonomy":"product_brand","embeddable":true,"href":"https:\/\/www.eco-leather.com\/fr\/wp-json\/wp\/v2\/product_brand?post=29256"},{"taxonomy":"product_cat","embeddable":true,"href":"https:\/\/www.eco-leather.com\/fr\/wp-json\/wp\/v2\/product_cat?post=29256"},{"taxonomy":"product_tag","embeddable":true,"href":"https:\/\/www.eco-leather.com\/fr\/wp-json\/wp\/v2\/product_tag?post=29256"}],"curies":[{"name":"wp","href":"https:\/\/api.w.org\/{rel}","templated":true}]}}