{"id":29241,"date":"2025-09-07T11:01:48","date_gmt":"2025-09-07T03:01:48","guid":{"rendered":"https:\/\/www.eco-leather.com\/product\/aging-resistant-artificial-micro-suede-material-for-jewelry-box\/"},"modified":"2025-09-07T11:01:49","modified_gmt":"2025-09-07T03:01:49","slug":"materiau-en-micro-daim-artificiel-resistant-au-vieillissement-pour-boite-a-bijoux","status":"publish","type":"product","link":"https:\/\/www.eco-leather.com\/fr\/materiau-en-micro-daim-artificiel-resistant-au-vieillissement-pour-boite-a-bijoux\/","title":{"rendered":"Boite \u00e0 bijoux en micro daim artificiel r\u00e9sistant au vieillissement"},"content":{"rendered":"<h2>Micro daim artificiel r\u00e9sistant au vieillissement pour bo\u00eete \u00e0 bijoux d\u00e9tails<\/h2>\n<p><main><\/p>\n<section id=\"product-overview\">\n<h2>Description du produit<\/h2>\n<p>Produit <strong>Soci\u00e9t\u00e9 de mat\u00e9riaux pour si\u00e8ges de voiture<\/strong> Description<\/p>\n<p>Mat\u00e9riau : <strong>Tissu de canap\u00e9<\/strong> Microfibre Daim Composition du cuir :<\/p>\n<p>Fabriqu\u00e9 \u00e0 partir de mat\u00e9riaux en microfibre de haute qualit\u00e9, notre similicuir en microfibre Ultrasuede de 0,7 mm est le choix id\u00e9al pour les gants de cyclisme. Il allie souplesse et r\u00e9sistance, et offre des propri\u00e9t\u00e9s exceptionnelles de respirabilit\u00e9 et d'\u00e9vacuation de l'humidit\u00e9 pour garder les mains au frais et au sec pendant les sorties intenses.<\/p>\n<p>Que vous soyez un cycliste professionnel ou amateur, le cuir microfibre est un mat\u00e9riau qui offre un confort et une protection imbattables. Sa grande r\u00e9sistance \u00e0 l'abrasion et aux d\u00e9chirures garantit des performances durables, tandis que son design \u00e9l\u00e9gant ajoute une touche sophistiqu\u00e9e \u00e0 tout ensemble de cyclisme.<\/p>\n<\/section>\n<section id=\"specifications\">\n<h2>Param\u00e8tres techniques<\/h2>\n<ul class_=\"parameters-list\">\n<li><span class=\"param-name\">Luxueux <strong>Mat\u00e9riau de la doublure des chaussures<\/strong> toucher, une beaut\u00e9 sur mesure :<\/span> Le cuir daim microfibre apporte un luxe sans pr\u00e9c\u00e9dent \u00e0 la fabrication des bo\u00eetes \u00e0 bijoux gr\u00e2ce \u00e0 son toucher soyeux. Chaque <strong>Robe blanche en tissu Meesho<\/strong> stitch and thread incarne la recherche de la beaut\u00e9, en cr\u00e9ant un espace exclusif sur mesure pour les bijoux pr\u00e9cieux.<\/li>\n<li><span class=\"param-name\">Produit <strong>Mati\u00e8re des chaussures Pure<\/strong> Sp\u00e9cification Mat\u00e9riau :<\/span> Microfibre Suede L eather Composition : 55 Nylon + 45% Polyur\u00e9thane Nom de la marque WINIW Company Factory Wholesale Silicone Leather Manufacturers\u00c9paisseur : 0.4mm, 0.5mm, 0.6mm, personnalis\u00e9 Largeur : 54\u2033, 137cm Couleur : Blanc, Rouge, Bleu, Vert, Beige, couleurs personnalis\u00e9es MOQ : 300 m\u00e8tres lin\u00e9aires D\u00e9lai de livraison : 10 -20 jours Capacit\u00e9 de production : 1,000,000 m\u00e8tres mensuels Caract\u00e9ristique Anti-Mildiou, R\u00e9sistant aux rayures, Tr\u00e8s durable Lieu d'origine Chine Personnalis\u00e9 Oui Application Bo\u00eete \u00e0 bijoux, Supports d'\u00e9cran, Etui de t\u00e9l\u00e9phone, Bo\u00eete \u00e0 outils Mat\u00e9riau : Microfibre Suede L eather Composition : 55 Nylon + 45% Polyur\u00e9thane Nom de la marque WINIW Company Factory Factory Wholesale Silicone Leather Manufacturers Daim microfibre Composition du cuir : 55 Nylon + 45% Polyur\u00e9thane Nom de la marque WINIW Company Factory Wholesale Silicone Leather Manufacturers\u00c9paisseur : 0.4mm, 0.5mm, 0.6mm, personnalis\u00e9 Largeur : 54\u2033, 137cm Couleur : Blanc, Rouge, Bleu, Vert, Beige, couleurs personnalis\u00e9es MOQ : 300 m\u00e8tres lin\u00e9aires D\u00e9lai de livraison : 10 -20 jours Capacit\u00e9 de production : 1,000,000 m\u00e8tres mensuels Caract\u00e9ristique Anti-Mildiou, R\u00e9sistant aux rayures, Tr\u00e8s durable Lieu d'origine Chine Personnalis\u00e9 Oui Application Bo\u00eete \u00e0 bijoux, Supports d'\u00e9cran, Bo\u00eetier de t\u00e9l\u00e9phone, Bo\u00eete \u00e0 outils<\/li>\n<\/ul>\n<p><img decoding=\"async\" alt=\"0.7mm Ultrasuede Microfiber Faux cuir pour gants de cyclisme - Sp\u00e9cification des mat\u00e9riaux\" class=\"product-image\" src=\"\/wp-content\/uploads\/2025\/08\/07mm-ultrasuede-microfiber-faux-leather-for-cycling-gloves--37881.jpg\"\/><\/p>\n<h3>Param\u00e8tres du produit<\/h3>\n<ul class=\"parameters-list\">\n<li><span class=\"param-name\">Mat\u00e9riau :<\/span> Microfibre + PU<\/li>\n<li><span class=\"param-name\">Couleur :<\/span> Noir, Gris, Beige (couleurs personnalis\u00e9es disponibles)<\/li>\n<li><span class=\"param-name\">\u00c9paisseur :<\/span> 0,6 mm, 0,7 mm, 0,8 mm, 1 mm<\/li>\n<li><span class=\"param-name\">Quantit\u00e9 minimale de commande :<\/span> 300 m\u00e8tres lin\u00e9aires<\/li>\n<li><span class=\"param-name\">Longueur du rouleau :<\/span> 20-30m\/rouleau<\/li>\n<li><span class=\"param-name\">D\u00e9lai de livraison :<\/span> 15-20 jours<\/li>\n<li><span class=\"param-name\">Largeur :<\/span> 54\u2033, 137cm<\/li>\n<li><span class=\"param-name\">Capacit\u00e9 de production :<\/span> 1 000 000 m\u00e8tres par mois<\/li>\n<\/ul>\n<\/section>\n<p><\/main><\/p>\n<section id=\"inquiry\">\n<h2 style=\"text-align: center;\">Dans l'attente de votre demande, nous vous prions d'agr\u00e9er, Madame, Monsieur, l'expression de nos salutations distingu\u00e9es.<\/h2>\n<p style=\"text-align: center;\">Contactez-nous d\u00e8s aujourd'hui pour en savoir plus sur nos produits et passer votre commande.<\/p>\n<\/section>\n\n    <div class=\"xs_social_share_widget xs_share_url after_content \t\tmain_content  wslu-style-1 wslu-share-box-shaped wslu-fill-colored wslu-none wslu-share-horizontal wslu-theme-font-no wslu-main_content\">\n\n\t\t\n        <ul>\n\t\t\t        <\/ul>\n    <\/div>","protected":false},"excerpt":{"rendered":"<div class=\"product-short-description\">Microsuede pour pr\u00e9sentoir \u00e0 bijoux Mat\u00e9riau en micro daim artificiel r\u00e9sistant au vieillissement pour bo\u00eete \u00e0 bijoux WINIW Mat\u00e9riau en micro daim artificiel r\u00e9sistant au vieillissement pour bo\u00eete \u00e0 bijoux Les caract\u00e9ristiques principales sont les suivantes : Id\u00e9al pour ceux qui recherchent la qualit\u00e9 et la fiabilit\u00e9.<\/p>\n<p>En tant qu'usine directe, fabricant et grossiste, nous pouvons contr\u00f4ler strictement le processus de production afin de garantir la qualit\u00e9 des produits tout en vous offrant les prix les plus favorables. Nous disposons d'\u00e9quipements de production avanc\u00e9s et d'une \u00e9quipe technique professionnelle pour r\u00e9pondre \u00e0 vos besoins en mati\u00e8re de commandes \u00e0 grande \u00e9chelle et garantir une livraison dans les d\u00e9lais.<\/p>\n<\/div>","protected":false},"featured_media":5292,"template":"","meta":[],"product_brand":[],"product_cat":[294],"product_tag":[19068],"class_list":{"0":"post-29241","1":"product","2":"type-product","3":"status-publish","4":"has-post-thumbnail","6":"product_cat-microsuede-for-jewelry-display","7":"product_tag-yellow-suede-materialsuede-materialgrey-suede-materialhairy-suede-materialsuede-cloth-materialbeige-suede-material","9":"first","10":"instock","11":"product-type-simple"},"_links":{"self":[{"href":"https:\/\/www.eco-leather.com\/fr\/wp-json\/wp\/v2\/product\/29241","targetHints":{"allow":["GET"]}}],"collection":[{"href":"https:\/\/www.eco-leather.com\/fr\/wp-json\/wp\/v2\/product"}],"about":[{"href":"https:\/\/www.eco-leather.com\/fr\/wp-json\/wp\/v2\/types\/product"}],"wp:featuredmedia":[{"embeddable":true,"href":"https:\/\/www.eco-leather.com\/fr\/wp-json\/wp\/v2\/media\/5292"}],"wp:attachment":[{"href":"https:\/\/www.eco-leather.com\/fr\/wp-json\/wp\/v2\/media?parent=29241"}],"wp:term":[{"taxonomy":"product_brand","embeddable":true,"href":"https:\/\/www.eco-leather.com\/fr\/wp-json\/wp\/v2\/product_brand?post=29241"},{"taxonomy":"product_cat","embeddable":true,"href":"https:\/\/www.eco-leather.com\/fr\/wp-json\/wp\/v2\/product_cat?post=29241"},{"taxonomy":"product_tag","embeddable":true,"href":"https:\/\/www.eco-leather.com\/fr\/wp-json\/wp\/v2\/product_tag?post=29241"}],"curies":[{"name":"wp","href":"https:\/\/api.w.org\/{rel}","templated":true}]}}