{"id":29238,"date":"2025-09-07T11:01:48","date_gmt":"2025-09-07T03:01:48","guid":{"rendered":"https:\/\/www.eco-leather.com\/product\/blue-microfiber-artificial-micro-suede-leather-fabric-for-display-stands-2\/"},"modified":"2025-09-07T11:01:48","modified_gmt":"2025-09-07T03:01:48","slug":"tissu-microfibre-bleu-en-micro-daim-artificiel-pour-presentoirs-2","status":"publish","type":"product","link":"https:\/\/www.eco-leather.com\/fr\/tissu-microfibre-bleu-en-micro-daim-artificiel-pour-presentoirs-2\/","title":{"rendered":"Tissu microfibre bleu en micro daim artificiel pour pr\u00e9sentoirs"},"content":{"rendered":"<h2>Tissu microfibre bleu en micro daim artificiel pour pr\u00e9sentoirs usine<\/h2>\n<p><main><\/p>\n<section id=\"product-overview\">\n<h2>Description du produit<\/h2>\n<p>Produit <strong>Tissu floral pour canap\u00e9<\/strong> Introduction<\/p>\n<p>Mat\u00e9riau : <strong>Automobile Si\u00e8ges en cuir Chien d'assistance<\/strong> Microfibre Suede L eather<\/p>\n<p>Fabriqu\u00e9 \u00e0 partir de mat\u00e9riaux en microfibre de haute qualit\u00e9, notre similicuir en microfibre Ultrasuede de 0,7 mm est le choix id\u00e9al pour les gants de cyclisme. Il allie souplesse et r\u00e9sistance, et offre des propri\u00e9t\u00e9s exceptionnelles de respirabilit\u00e9 et d'\u00e9vacuation de l'humidit\u00e9 pour garder les mains au frais et au sec pendant les sorties intenses.<\/p>\n<p>Que vous soyez un cycliste professionnel ou amateur, le cuir microfibre est un mat\u00e9riau qui offre un confort et une protection imbattables. Sa grande r\u00e9sistance \u00e0 l'abrasion et aux d\u00e9chirures garantit des performances durables, tandis que son design \u00e9l\u00e9gant ajoute une touche sophistiqu\u00e9e \u00e0 tout ensemble de cyclisme.<\/p>\n<\/section>\n<section id=\"specifications\">\n<h2>Param\u00e8tres techniques<\/h2>\n<ul class_=\"parameters-list\">\n<li><span class=\"param-name\">R\u00e9sistant \u00e0 l'usure <strong>Veste en cuir Eco Car<\/strong> et durable :<\/span> Sp\u00e9cialement trait\u00e9, ce cuir daim microfibre offre une r\u00e9sistance \u00e0 l'abrasion et une durabilit\u00e9 exceptionnelles. M\u00eame <strong>Cuir de confection Import\u00e9<\/strong> apr\u00e8s une longue p\u00e9riode d'utilisation, il conservera sa texture neuve et accompagnera votre bijou dans tous les moments importants.<\/li>\n<li><span class=\"param-name\">Produit <strong>Bo\u00eetes en simili cuir Chine<\/strong> Sp\u00e9cification Mat\u00e9riau :<\/span> Microfibre Suede L eather Composition : 55 Nylon + 45% Polyur\u00e9thane Nom de la marque WINIW Company Factory Wholesale PVC Leather Manufacturers\u00c9paisseur : 0.4mm, 0.5mm, 0.6mm, personnalis\u00e9 Largeur : 54\u2033, 137cm Couleur : Blanc, Rouge, Bleu, Vert, Beige, couleurs personnalis\u00e9es MOQ : 300 m\u00e8tres lin\u00e9aires D\u00e9lai de livraison : 10 -20 jours Capacit\u00e9 de production : 1,000,000 m\u00e8tres mensuel Caract\u00e9ristique Anti-Mildiou, R\u00e9sistant aux rayures, Tr\u00e8s durable Lieu d'origine Chine Personnalis\u00e9 Oui Application Bo\u00eete \u00e0 bijoux, Supports d'\u00e9cran, Etui de t\u00e9l\u00e9phone, Bo\u00eete \u00e0 outils Mat\u00e9riau : Microfibre Suede L eather Composition : 55 Nylon + 45% Polyur\u00e9thane Nom de la marque WINIW Company Factory Factory Wholesale PVC Leather Manufacturers Daim microfibre Composition du cuir : 55 Nylon + 45% Polyur\u00e9thane Nom de la marque WINIW Company Factory Wholesale PVC Leather Manufacturers\u00c9paisseur : 0.4mm, 0.5mm, 0.6mm, personnalis\u00e9 Largeur : 54\u2033, 137cm Couleur : Blanc, Rouge, Bleu, Vert, Beige, couleurs personnalis\u00e9es MOQ : 300 m\u00e8tres lin\u00e9aires D\u00e9lai de livraison : 10 -20 jours Capacit\u00e9 de production : 1,000,000 m\u00e8tres mensuels Caract\u00e9ristique Anti-Mildiou, R\u00e9sistant aux rayures, Tr\u00e8s durable Lieu d'origine Chine Customized Yes Application Jewelry box, D isplay stands, Phone case, W atch box<\/li>\n<\/ul>\n<p><img decoding=\"async\" alt=\"0.7mm Ultrasuede Microfiber Faux cuir pour gants de cyclisme - Sp\u00e9cification des mat\u00e9riaux\" class=\"product-image\" src=\"\/wp-content\/uploads\/2025\/08\/07mm-ultrasuede-microfiber-faux-leather-for-cycling-gloves--37881.jpg\"\/><\/p>\n<h3>Param\u00e8tres du produit<\/h3>\n<ul class=\"parameters-list\">\n<li><span class=\"param-name\">Mat\u00e9riau :<\/span> Microfibre + PU<\/li>\n<li><span class=\"param-name\">Couleur :<\/span> Noir, Gris, Beige (couleurs personnalis\u00e9es disponibles)<\/li>\n<li><span class=\"param-name\">\u00c9paisseur :<\/span> 0,6 mm, 0,7 mm, 0,8 mm, 1 mm<\/li>\n<li><span class=\"param-name\">Quantit\u00e9 minimale de commande :<\/span> 300 m\u00e8tres lin\u00e9aires<\/li>\n<li><span class=\"param-name\">Longueur du rouleau :<\/span> 20-30m\/rouleau<\/li>\n<li><span class=\"param-name\">D\u00e9lai de livraison :<\/span> 15-20 jours<\/li>\n<li><span class=\"param-name\">Largeur :<\/span> 54\u2033, 137cm<\/li>\n<li><span class=\"param-name\">Capacit\u00e9 de production :<\/span> 1 000 000 m\u00e8tres par mois<\/li>\n<\/ul>\n<\/section>\n<section id=\"features\">\n<h2>Caract\u00e9ristiques du produit<\/h2>\n<div class=\"feature-item\">\n<img decoding=\"async\" alt=\"MicrofiberSuede Leather Waterproof SprayLe cuir su\u00e9d\u00e9 a \u00e9t\u00e9 sp\u00e9cialement trait\u00e9 pour offrir une excellente r\u00e9sistance \u00e0 l&#039;abrasion et une grande durabilit\u00e9.\" class=\"feature-image left\" src=\"\/wp-content\/uploads\/2025\/08\/blue-microfiber-artificial-micro-suede-leather-fabric-for-display-stands-32233.jpg\"\/><\/p>\n<h3>Microfibre <strong>Spray imperm\u00e9able pour daim et cuir<\/strong> Le cuir de daim a \u00e9t\u00e9 sp\u00e9cialement trait\u00e9 pour offrir une excellente r\u00e9sistance \u00e0 l'abrasion et une grande durabilit\u00e9.<\/h3>\n<p>Microfibre <strong>Spray imperm\u00e9able pour daim et cuir<\/strong> Le cuir daim a \u00e9t\u00e9 sp\u00e9cialement trait\u00e9 pour offrir une excellente r\u00e9sistance \u00e0 l'abrasion et une grande durabilit\u00e9. Il r\u00e9siste aux frottements et \u00e0 l'usure au quotidien et conserve son aspect et son toucher neufs m\u00eame apr\u00e8s de longues p\u00e9riodes d'utilisation.<\/p>\n<div class=\"clear\"><\/div>\n<\/div>\n<div class=\"feature-item\">\n<img decoding=\"async\" alt=\"Ainsi, votre bo\u00eete \u00e0 bijoux pourra vous accompagner dans d&#039;innombrables moments pr\u00e9cieux et \u00eatre le t\u00e9moin de chaque \u00e9clat de vos bijoux\" class=\"feature-image left\" src=\"\/wp-content\/uploads\/2025\/08\/blue-microfiber-artificial-micro-suede-leather-fabric-for-display-stands-32234.JPG\"\/><\/p>\n<h3>Ainsi, votre bo\u00eete \u00e0 bijoux pourra vous accompagner dans d'innombrables moments pr\u00e9cieux et \u00eatre le t\u00e9moin de chaque \u00e9clat de vos bijoux<\/h3>\n<p>Cela signifie que votre bo\u00eete \u00e0 bijoux pourra vous accompagner dans d'innombrables moments pr\u00e9cieux et t\u00e9moigner de chaque \u00e9clat de vos bijoux.<\/p>\n<div class=\"clear\"><\/div>\n<\/div>\n<div class=\"feature-item\">\n<img decoding=\"async\" alt=\"Haute r\u00e9sistance \u00e0 la d\u00e9chirure - Ultrasuede Microfibre Faux cuir pour gants de cyclisme\" class=\"feature-image left\" src=\"\/wp-content\/uploads\/2025\/08\/07mm-ultrasuede-microfiber-faux-leather-for-cycling-gloves--37882.jpg\"\/><\/p>\n<h3>R\u00e9sistance \u00e9lev\u00e9e \u00e0 la d\u00e9chirure<\/h3>\n<p>Notre cuir microfibre Ultrasuede pr\u00e9sente une r\u00e9sistance exceptionnelle \u00e0 la d\u00e9chirure, ce qui garantit qu'il ne se cassera pas et ne se d\u00e9formera pas facilement sous l'effet du stress. Il est donc id\u00e9al pour les produits n\u00e9cessitant une durabilit\u00e9 et des performances \u00e0 long terme.<\/p>\n<div class=\"clear\"><\/div>\n<\/div>\n<div class=\"feature-item\">\n<img decoding=\"async\" alt=\"R\u00e9tention de la forme - Ultrasuede Microfibre Faux cuir pour gants de cyclisme\" class=\"feature-image right\" src=\"\/wp-content\/uploads\/2025\/08\/07mm-ultrasuede-microfiber-faux-leather-for-cycling-gloves--37883.jpg\"\/><\/p>\n<h3>Pas facile \u00e0 d\u00e9former<\/h3>\n<p>Sp\u00e9cialement trait\u00e9 pour conserver sa forme originale, ce mat\u00e9riau offre une excellente \u00e9lasticit\u00e9 et une grande stabilit\u00e9. Il r\u00e9siste aux d\u00e9formations dues \u00e0 la pression ext\u00e9rieure ou \u00e0 l'\u00e9tirement, ce qui permet aux produits de rester intacts et attrayants au fil du temps.<\/p>\n<div class=\"clear\"><\/div>\n<\/div>\n<div class=\"feature-item\">\n<img decoding=\"async\" alt=\"Durabilit\u00e9 - Ultrasuede Microfibre Faux cuir pour gants de cyclisme\" class=\"feature-image left\" src=\"\/wp-content\/uploads\/2025\/08\/07mm-ultrasuede-microfiber-faux-leather-for-cycling-gloves--37884.jpg\"\/><\/p>\n<h3>Durabilit\u00e9<\/h3>\n<p>Extr\u00eamement r\u00e9sistant \u00e0 l'abrasion, aux d\u00e9chirures et aux perforations, ce mat\u00e9riau permet aux gants de rester en parfait \u00e9tat, m\u00eame en cas d'utilisation prolong\u00e9e. Il conserve \u00e9galement une excellente dext\u00e9rit\u00e9 et une grande solidit\u00e9 pour les articles en cuir de haute qualit\u00e9.<\/p>\n<div class=\"clear\"><\/div>\n<\/div>\n<\/section>\n<p><\/main><\/p>\n<section id=\"inquiry\">\n<h2 style=\"text-align: center;\">Dans l'attente de votre demande, nous vous prions d'agr\u00e9er, Madame, Monsieur, l'expression de nos salutations distingu\u00e9es.<\/h2>\n<p style=\"text-align: center;\">Contactez-nous d\u00e8s aujourd'hui pour en savoir plus sur nos produits et passer votre commande.<\/p>\n<\/section>\n\n    <div class=\"xs_social_share_widget xs_share_url after_content \t\tmain_content  wslu-style-1 wslu-share-box-shaped wslu-fill-colored wslu-none wslu-share-horizontal wslu-theme-font-no wslu-main_content\">\n\n\t\t\n        <ul>\n\t\t\t        <\/ul>\n    <\/div>","protected":false},"excerpt":{"rendered":"<div class=\"product-short-description\">Microsuede pour pr\u00e9sentoir \u00e0 bijoux Tissu en micro daim artificiel bleu pour pr\u00e9sentoirs WINIW Tissu en micro daim artificiel bleu pour pr\u00e9sentoirs Les caract\u00e9ristiques principales comprennent : Id\u00e9al pour ceux qui recherchent la qualit\u00e9 et la fiabilit\u00e9.<\/p>\n<p>En tant qu'usine directe, fabricant et grossiste, nous pouvons contr\u00f4ler strictement le processus de production afin de garantir la qualit\u00e9 des produits tout en vous offrant les prix les plus favorables. Nous disposons d'\u00e9quipements de production avanc\u00e9s et d'une \u00e9quipe technique professionnelle pour r\u00e9pondre \u00e0 vos besoins en mati\u00e8re de commandes \u00e0 grande \u00e9chelle et garantir une livraison dans les d\u00e9lais.<\/p>\n<\/div>","protected":false},"featured_media":5286,"template":"","meta":[],"product_brand":[],"product_cat":[294],"product_tag":[19066],"class_list":{"0":"post-29238","1":"product","2":"type-product","3":"status-publish","4":"has-post-thumbnail","6":"product_cat-microsuede-for-jewelry-display","7":"product_tag-leather-fabric-wikipedialeather-fabric-yardlike-leather-fabriclilac-leather-fabricmermaid-leather-fabricneon-leather-fabric","9":"first","10":"instock","11":"product-type-simple"},"_links":{"self":[{"href":"https:\/\/www.eco-leather.com\/fr\/wp-json\/wp\/v2\/product\/29238","targetHints":{"allow":["GET"]}}],"collection":[{"href":"https:\/\/www.eco-leather.com\/fr\/wp-json\/wp\/v2\/product"}],"about":[{"href":"https:\/\/www.eco-leather.com\/fr\/wp-json\/wp\/v2\/types\/product"}],"wp:featuredmedia":[{"embeddable":true,"href":"https:\/\/www.eco-leather.com\/fr\/wp-json\/wp\/v2\/media\/5286"}],"wp:attachment":[{"href":"https:\/\/www.eco-leather.com\/fr\/wp-json\/wp\/v2\/media?parent=29238"}],"wp:term":[{"taxonomy":"product_brand","embeddable":true,"href":"https:\/\/www.eco-leather.com\/fr\/wp-json\/wp\/v2\/product_brand?post=29238"},{"taxonomy":"product_cat","embeddable":true,"href":"https:\/\/www.eco-leather.com\/fr\/wp-json\/wp\/v2\/product_cat?post=29238"},{"taxonomy":"product_tag","embeddable":true,"href":"https:\/\/www.eco-leather.com\/fr\/wp-json\/wp\/v2\/product_tag?post=29238"}],"curies":[{"name":"wp","href":"https:\/\/api.w.org\/{rel}","templated":true}]}}