{"id":29227,"date":"2025-09-07T11:01:38","date_gmt":"2025-09-07T03:01:38","guid":{"rendered":"https:\/\/www.eco-leather.com\/product\/high-end-micro-fiber-synthetic-suede-material-for-display-equipment\/"},"modified":"2025-09-07T11:01:40","modified_gmt":"2025-09-07T03:01:40","slug":"high-end-micro-fiber-synthetic-suede-material-for-display-equipment","status":"publish","type":"product","link":"https:\/\/www.eco-leather.com\/fr\/high-end-micro-fiber-synthetic-suede-material-for-display-equipment\/","title":{"rendered":"Microfibres synth\u00e9tiques haut de gamme pour daims d'affichage"},"content":{"rendered":"<h2>High End Micro Fiber Synthetic Suede Material For Display Equipment manufacture<\/h2>\n<p><main><\/p>\n<section id=\"product-overview\">\n<h2>Description du produit<\/h2>\n<p>Produit <strong>Soci\u00e9t\u00e9 de mat\u00e9riaux pour si\u00e8ges de voiture<\/strong> Introduction<\/p>\n<p>Mat\u00e9riau : <strong>Mati\u00e8re des chaussures Pure<\/strong> Microfibre Suede L eather<\/p>\n<p>Fabriqu\u00e9 \u00e0 partir de mat\u00e9riaux en microfibre de haute qualit\u00e9, notre similicuir en microfibre Ultrasuede de 0,7 mm est le choix id\u00e9al pour les gants de cyclisme. Il allie souplesse et r\u00e9sistance, et offre des propri\u00e9t\u00e9s exceptionnelles de respirabilit\u00e9 et d'\u00e9vacuation de l'humidit\u00e9 pour garder les mains au frais et au sec pendant les sorties intenses.<\/p>\n<p>Que vous soyez un cycliste professionnel ou amateur, le cuir microfibre est un mat\u00e9riau qui offre un confort et une protection imbattables. Sa grande r\u00e9sistance \u00e0 l'abrasion et aux d\u00e9chirures garantit des performances durables, tandis que son design \u00e9l\u00e9gant ajoute une touche sophistiqu\u00e9e \u00e0 tout ensemble de cyclisme.<\/p>\n<\/section>\n<section id=\"specifications\">\n<h2>Param\u00e8tres techniques<\/h2>\n<ul class_=\"parameters-list\">\n<li><span class=\"param-name\">Durable, <strong>Robe blanche en tissu Meesho<\/strong> wrinkle-resistant, and aesthetically pleasing:<\/span> Microfiber Suede Leather is able to quickly regain its original shape after prolonged use or folding, maintaining a smooth and crease-free appearance.<\/li>\n<li><span class=\"param-name\">Trend-setting <strong>Tissu de canap\u00e9<\/strong> design:<\/span> Keeping up with fashion trendsOur Microfiber Suede Leather jewelry box has a simple yet stylish design. Not <strong>Fabricants de mat\u00e9riaux de si\u00e8ges automobiles<\/strong> only will it be able to meet your needs for jewelry display, but it will also be a symbol of your fashion taste.<\/li>\n<li><span class=\"param-name\">Product Specification Material:<\/span> Microfibre Suede L eather Composition : 55 Nylon + 45% Polyur\u00e9thane Nom de la marque WINIW Company Factory Wholesale Nappa Leather Manufacturers\u00c9paisseur : 0.4mm, 0.5mm, 0.6mm, personnalis\u00e9 Largeur : 54\u2033, 137cm Couleur : Blanc, Rouge, Bleu, Vert, Beige, couleurs personnalis\u00e9es MOQ : 300 m\u00e8tres lin\u00e9aires D\u00e9lai de livraison : 10 -20 jours Capacit\u00e9 de production : 1,000,000 m\u00e8tres mensuels Caract\u00e9ristique Anti-Mildiou, R\u00e9sistant aux rayures, Tr\u00e8s durable Lieu d'origine Chine Personnalis\u00e9 Oui Application Bo\u00eete \u00e0 bijoux, Supports d'\u00e9cran, \u00c9tui de t\u00e9l\u00e9phone, Bo\u00eete \u00e0 outils Mat\u00e9riau : Microfibre Suede L eather Composition : 55 Nylon + 45% Polyur\u00e9thane Nom de la marque WINIW Company Factory Factory Wholesale Nappa Leather Manufacturers Daim microfibre Composition du cuir : 55 Nylon + 45% Polyur\u00e9thane Nom de la marque WINIW Company Factory Wholesale Nappa Leather Manufacturers\u00c9paisseur : 0.4mm, 0.5mm, 0.6mm, personnalis\u00e9 Largeur : 54\u2033, 137cm Couleur : Blanc, Rouge, Bleu, Vert, Beige, couleurs personnalis\u00e9es MOQ : 300 m\u00e8tres lin\u00e9aires D\u00e9lai de livraison : 10 -20 jours Capacit\u00e9 de production : 1,000,000 m\u00e8tres par mois Caract\u00e9ristique Anti-Mildiou, R\u00e9sistant aux rayures, Tr\u00e8s durable Lieu d'origine Chine Personnalis\u00e9 Oui Application Bo\u00eete \u00e0 bijoux, Supports d'\u00e9cran, Bo\u00eetier de t\u00e9l\u00e9phone, Bo\u00eete \u00e0 outils<\/li>\n<\/ul>\n<p><img decoding=\"async\" alt=\"0.7mm Ultrasuede Microfiber Faux cuir pour gants de cyclisme - Sp\u00e9cification des mat\u00e9riaux\" class=\"product-image\" src=\"\/wp-content\/uploads\/2025\/08\/07mm-ultrasuede-microfiber-faux-leather-for-cycling-gloves--37881.jpg\"\/><\/p>\n<h3>Param\u00e8tres du produit<\/h3>\n<ul class=\"parameters-list\">\n<li><span class=\"param-name\">Mat\u00e9riau :<\/span> Microfibre + PU<\/li>\n<li><span class=\"param-name\">Couleur :<\/span> Noir, Gris, Beige (couleurs personnalis\u00e9es disponibles)<\/li>\n<li><span class=\"param-name\">\u00c9paisseur :<\/span> 0,6 mm, 0,7 mm, 0,8 mm, 1 mm<\/li>\n<li><span class=\"param-name\">Quantit\u00e9 minimale de commande :<\/span> 300 m\u00e8tres lin\u00e9aires<\/li>\n<li><span class=\"param-name\">Longueur du rouleau :<\/span> 20-30m\/rouleau<\/li>\n<li><span class=\"param-name\">D\u00e9lai de livraison :<\/span> 15-20 jours<\/li>\n<li><span class=\"param-name\">Largeur :<\/span> 54\u2033, 137cm<\/li>\n<li><span class=\"param-name\">Capacit\u00e9 de production :<\/span> 1 000 000 m\u00e8tres par mois<\/li>\n<\/ul>\n<\/section>\n<p><\/main><\/p>\n<section id=\"inquiry\">\n<h2 style=\"text-align: center;\">Dans l'attente de votre demande, nous vous prions d'agr\u00e9er, Madame, Monsieur, l'expression de nos salutations distingu\u00e9es.<\/h2>\n<p style=\"text-align: center;\">Contactez-nous d\u00e8s aujourd'hui pour en savoir plus sur nos produits et passer votre commande.<\/p>\n<\/section>\n\n    <div class=\"xs_social_share_widget xs_share_url after_content \t\tmain_content  wslu-style-1 wslu-share-box-shaped wslu-fill-colored wslu-none wslu-share-horizontal wslu-theme-font-no wslu-main_content\">\n\n\t\t\n        <ul>\n\t\t\t        <\/ul>\n    <\/div>","protected":false},"excerpt":{"rendered":"<div class=\"product-short-description\">Microsuede for Jewelry Display High End Micro Fiber Synthetic Suede Material For Display Equipment WINIW High End Micro Fiber Synthetic Suede Material For Display Equipment Key features include.Ideal for those seeking quality and reliability.<\/p>\n<p>En tant qu'usine directe, fabricant et grossiste, nous pouvons contr\u00f4ler strictement le processus de production afin de garantir la qualit\u00e9 des produits tout en vous offrant les prix les plus favorables. Nous disposons d'\u00e9quipements de production avanc\u00e9s et d'une \u00e9quipe technique professionnelle pour r\u00e9pondre \u00e0 vos besoins en mati\u00e8re de commandes \u00e0 grande \u00e9chelle et garantir une livraison dans les d\u00e9lais.<\/p>\n<\/div>","protected":false},"featured_media":5264,"template":"","meta":[],"product_brand":[],"product_cat":[294],"product_tag":[19058],"class_list":{"0":"post-29227","1":"product","2":"type-product","3":"status-publish","4":"has-post-thumbnail","6":"product_cat-microsuede-for-jewelry-display","7":"product_tag-synthetic-suede-material-retailersynthetic-suede-material-makersynthetic-suede-material-importersynthetic-suede-material-oemsynthetic-suede-material-exportersynthetic-suede-material-private-label","9":"first","10":"instock","11":"product-type-simple"},"_links":{"self":[{"href":"https:\/\/www.eco-leather.com\/fr\/wp-json\/wp\/v2\/product\/29227","targetHints":{"allow":["GET"]}}],"collection":[{"href":"https:\/\/www.eco-leather.com\/fr\/wp-json\/wp\/v2\/product"}],"about":[{"href":"https:\/\/www.eco-leather.com\/fr\/wp-json\/wp\/v2\/types\/product"}],"wp:featuredmedia":[{"embeddable":true,"href":"https:\/\/www.eco-leather.com\/fr\/wp-json\/wp\/v2\/media\/5264"}],"wp:attachment":[{"href":"https:\/\/www.eco-leather.com\/fr\/wp-json\/wp\/v2\/media?parent=29227"}],"wp:term":[{"taxonomy":"product_brand","embeddable":true,"href":"https:\/\/www.eco-leather.com\/fr\/wp-json\/wp\/v2\/product_brand?post=29227"},{"taxonomy":"product_cat","embeddable":true,"href":"https:\/\/www.eco-leather.com\/fr\/wp-json\/wp\/v2\/product_cat?post=29227"},{"taxonomy":"product_tag","embeddable":true,"href":"https:\/\/www.eco-leather.com\/fr\/wp-json\/wp\/v2\/product_tag?post=29227"}],"curies":[{"name":"wp","href":"https:\/\/api.w.org\/{rel}","templated":true}]}}