{"id":28981,"date":"2025-09-07T10:59:28","date_gmt":"2025-09-07T02:59:28","guid":{"rendered":"https:\/\/www.eco-leather.com\/product\/0-7mm-classic-style-microfiber-leather-woman-closed-toe-shoes-lining\/"},"modified":"2025-09-07T10:59:30","modified_gmt":"2025-09-07T02:59:30","slug":"0-7mm-style-classique-microfibre-cuir-femme-chaussures-a-bout-ferme-doublure","status":"publish","type":"product","link":"https:\/\/www.eco-leather.com\/fr\/0-7mm-style-classique-microfibre-cuir-femme-chaussures-a-bout-ferme-doublure\/","title":{"rendered":"0.7mm Style classique Chaussures \u00e0 bout ferm\u00e9 en cuir microfibre pour femme Doublure"},"content":{"rendered":"<h2>Cuir microfibre pour la doublure des chaussures<\/h2>\n<p><main><\/p>\n<section id=\"product-overview\">\n<h2>Description du produit<\/h2>\n<p>Produit <strong>Faux cuir Spandex<\/strong> Introduction<\/p>\n<p>Fabriqu\u00e9 \u00e0 partir de mat\u00e9riaux en microfibre de haute qualit\u00e9, notre similicuir en microfibre Ultrasuede de 0,7 mm est le choix id\u00e9al pour les gants de cyclisme. Il allie souplesse et r\u00e9sistance, et offre des propri\u00e9t\u00e9s exceptionnelles de respirabilit\u00e9 et d'\u00e9vacuation de l'humidit\u00e9 pour garder les mains au frais et au sec pendant les sorties intenses.<\/p>\n<p>Que vous soyez un cycliste professionnel ou amateur, le cuir microfibre est un mat\u00e9riau qui offre un confort et une protection imbattables. Sa grande r\u00e9sistance \u00e0 l'abrasion et aux d\u00e9chirures garantit des performances durables, tandis que son design \u00e9l\u00e9gant ajoute une touche sophistiqu\u00e9e \u00e0 tout ensemble de cyclisme.<\/p>\n<\/section>\n<section id=\"specifications\">\n<h2>Param\u00e8tres techniques<\/h2>\n<ul class_=\"parameters-list\">\n<li><span class=\"param-name\">Produit <strong>Bo\u00eetes en simili cuir Chine<\/strong> Sp\u00e9cification WINIW Company Factory Wholesale PVC Leather ManufacturersCustomizable Synthetic Leather :<\/span> \u00c9l\u00e9gance, durabilit\u00e9 et choix de couleurs.<\/li>\n<\/ul>\n<p><img decoding=\"async\" alt=\"0.7mm Ultrasuede Microfiber Faux cuir pour gants de cyclisme - Sp\u00e9cification des mat\u00e9riaux\" class=\"product-image\" src=\"\/wp-content\/uploads\/2025\/08\/07mm-ultrasuede-microfiber-faux-leather-for-cycling-gloves--37881.jpg\"\/><\/p>\n<h3>Param\u00e8tres du produit<\/h3>\n<ul class=\"parameters-list\">\n<li><span class=\"param-name\">Mat\u00e9riau :<\/span> Microfibre + PU<\/li>\n<li><span class=\"param-name\">Couleur :<\/span> Noir, Gris, Beige (couleurs personnalis\u00e9es disponibles)<\/li>\n<li><span class=\"param-name\">\u00c9paisseur :<\/span> 0,6 mm, 0,7 mm, 0,8 mm, 1 mm<\/li>\n<li><span class=\"param-name\">Quantit\u00e9 minimale de commande :<\/span> 300 m\u00e8tres lin\u00e9aires<\/li>\n<li><span class=\"param-name\">Longueur du rouleau :<\/span> 20-30m\/rouleau<\/li>\n<li><span class=\"param-name\">D\u00e9lai de livraison :<\/span> 15-20 jours<\/li>\n<li><span class=\"param-name\">Largeur :<\/span> 54\u2033, 137cm<\/li>\n<li><span class=\"param-name\">Capacit\u00e9 de production :<\/span> 1 000 000 m\u00e8tres par mois<\/li>\n<\/ul>\n<\/section>\n<section id=\"features\">\n<h2>Caract\u00e9ristiques du produit<\/h2>\n<div class=\"feature-item\">\n<img decoding=\"async\" alt=\"L&#039;imperm\u00e9able Faux cuir CustomizeClassic Style Vegan Microfiber Leather, fabriqu\u00e9 avec une attention m\u00e9ticuleuse aux d\u00e9tails par WINIW Company Factory Wholesale PVC Leather Manufacturersfactory, repr\u00e9sente un m\u00e9lange d&#039;\u00e9l\u00e9gance intemporelle et d&#039;innovation contemporaine.\" class=\"feature-image left\" src=\"\/wp-content\/uploads\/2025\/08\/07mm-classic-style-microfiber-leather-woman-closed-toe-shoes-lining-30351.jpg\"\/><\/p>\n<h3>Le <strong>Faux cuir imperm\u00e9able Personnaliser<\/strong> Le cuir microfibre v\u00e9g\u00e9talien de style classique, fabriqu\u00e9 avec une attention m\u00e9ticuleuse aux d\u00e9tails par WINIW Company Factory Wholesale PVC Leather Manufacturersfactory, repr\u00e9sente un m\u00e9lange d'\u00e9l\u00e9gance intemporelle et d'innovation contemporaine.<\/h3>\n<p>Le <strong>Faux cuir imperm\u00e9able Personnaliser<\/strong> Le cuir microfibre v\u00e9g\u00e9talien de style classique, fabriqu\u00e9 avec une attention m\u00e9ticuleuse aux d\u00e9tails par WINIW Company Factory Wholesale PVC Leather Manufacturersfactory, repr\u00e9sente un m\u00e9lange d'\u00e9l\u00e9gance intemporelle et d'innovation contemporaine.<\/p>\n<div class=\"clear\"><\/div>\n<\/div>\n<div class=\"feature-item\">\n<img decoding=\"async\" alt=\"En tant que fabricant leader dans l&#039;industrie du cuir, WINIW Company Factory Wholesale PVC Leather Manufacturers s&#039;est consacr\u00e9 \u00e0 la production d&#039;alternatives v\u00e9g\u00e9taliennes de haute qualit\u00e9 qui r\u00e9pondent aux besoins \u00e9volutifs des consommateurs.\" class=\"feature-image left\" src=\"\/wp-content\/uploads\/2025\/08\/07mm-classic-style-microfiber-leather-woman-closed-toe-shoes-lining-30352.jpg\"\/><\/p>\n<h3>En tant que fabricant leader dans l'industrie du cuir, WINIW Company Factory Wholesale PVC Leather Manufacturers s'est consacr\u00e9 \u00e0 la production d'alternatives v\u00e9g\u00e9taliennes de haute qualit\u00e9 qui r\u00e9pondent aux besoins \u00e9volutifs des consommateurs.<\/h3>\n<p>En tant que fabricant leader dans l'industrie du cuir, WINIW Company Factory Wholesale PVC Leather Manufacturers s'est consacr\u00e9 \u00e0 la production d'alternatives v\u00e9g\u00e9taliennes de haute qualit\u00e9 qui r\u00e9pondent aux besoins \u00e9volutifs des consommateurs.<\/p>\n<div class=\"clear\"><\/div>\n<\/div>\n<div class=\"feature-item\">\n<img decoding=\"async\" alt=\"Ce cuir microfibre imperm\u00e9able est sp\u00e9cialement con\u00e7u pour \u00eatre utilis\u00e9 dans la doublure des chaussures ferm\u00e9es pour femmes, offrant une sensation de luxe sans compromettre la durabilit\u00e9.\" class=\"feature-image left\" src=\"\/wp-content\/uploads\/2025\/08\/07mm-classic-style-microfiber-leather-woman-closed-toe-shoes-lining-30353.jpg\"\/><\/p>\n<h3>Le pr\u00e9sent <strong>Faux Leatherman \u00e9tanche<\/strong> Le cuir microfibre particulier est con\u00e7u sp\u00e9cifiquement pour \u00eatre utilis\u00e9 dans la doublure des chaussures ferm\u00e9es pour femmes, offrant une sensation de luxe sans compromettre la durabilit\u00e9.<\/h3>\n<p>Le pr\u00e9sent <strong>Faux Leatherman \u00e9tanche<\/strong> Le cuir microfibre particulier est con\u00e7u sp\u00e9cifiquement pour \u00eatre utilis\u00e9 dans la doublure des chaussures ferm\u00e9es pour femmes, offrant une sensation de luxe sans compromettre la durabilit\u00e9.<\/p>\n<div class=\"clear\"><\/div>\n<\/div>\n<div class=\"feature-item\">\n<img decoding=\"async\" alt=\"WINIW Company Factory Wholesale PVC Leather Manufacturerson engagement en faveur de l&#039;excellence transpara\u00eet dans tous les aspects de ce mat\u00e9riau, de son toucher doux \u00e0 sa durabilit\u00e9, ce qui en fait un choix id\u00e9al pour les concepteurs et fabricants de chaussures \u00e0 la pointe de la mode qui cherchent \u00e0 am\u00e9liorer leurs offres de produits. \" class=\"feature-image left\" src=\"\/wp-content\/uploads\/2025\/08\/07mm-classic-style-microfiber-leather-woman-closed-toe-shoes-lining-30354.jpg\"\/><\/p>\n<h3>WINIW Company Factory Wholesale PVC Leather Manufacturerson engagement en faveur de l'excellence transpara\u00eet dans tous les aspects de ce mat\u00e9riau, de son toucher doux \u00e0 sa durabilit\u00e9, ce qui en fait un choix id\u00e9al pour les concepteurs et fabricants de chaussures \u00e0 la pointe de la mode qui cherchent \u00e0 am\u00e9liorer leurs offres de produits. <\/h3>\n<p>WINIW Company Factory Wholesale PVC Leather Manufacturerson engagement en faveur de l'excellence transpara\u00eet dans tous les aspects de ce mat\u00e9riau, de son toucher doux \u00e0 sa durabilit\u00e9, ce qui en fait un choix id\u00e9al pour les concepteurs et fabricants de chaussures \u00e0 la pointe de la mode qui cherchent \u00e0 \u00e9lever leurs offres de produits.<\/p>\n<div class=\"clear\"><\/div>\n<\/div>\n<div class=\"feature-item\">\n<img decoding=\"async\" alt=\"Mati\u00e8re Tissu de cuir imperm\u00e9able OdmhsasMicrofiberLeather Marque WINIW Company Factory Wholesale PVC Leather ManufacturersLargeur 54\" class=\"feature-image left\" src=\"\/wp-content\/uploads\/2025\/08\/07mm-classic-style-microfiber-leather-woman-closed-toe-shoes-lining-30355.jpg\"\/><\/p>\n<h3>Mat\u00e9riau <strong>Tissu en cuir imperm\u00e9able Odmhsas<\/strong> MicrofibreCuir Marque WINIW Company Factory Wholesale PVC Leather ManufacturersLargeur 54\u2033 ; 1<\/h3>\n<p>Mat\u00e9riau <strong>Tissu en cuir imperm\u00e9able Odmhsas<\/strong> MicrofibreCuir Marque WINIW Company Factory Wholesale PVC Leather ManufacturersLargeur 54\u2033 ; 1.37m Couleur Rouge, Noir, Marron, Vert, accepter de personnaliser Caract\u00e9ristique R\u00e9sistant \u00e0 l'usure, Imperm\u00e9able, Anti-mildiou, Flexible Epaisseur 0.6mm-2.0mm Lieu d'origine Chine Personnalis\u00e9 Oui D\u00e9lai de livraison Habituellement dans les 15 - 25 jours.<\/p>\n<div class=\"clear\"><\/div>\n<\/div>\n<div class=\"feature-item\">\n<h3>MOQ 300 m\u00e8tres D\u00e9tails de l'emballage 30\/50 m\u00e8tres par rouleau<\/h3>\n<p>MOQ 300 m\u00e8tres D\u00e9tails de l'emballage 30\/50 m\u00e8tres par rouleau. Ou sur mesure Capacit\u00e9 de production 1 000 000 m\u00e8tres par mois Caract\u00e9ristiques du produit<\/p>\n<div class=\"clear\"><\/div>\n<\/div>\n<div class=\"feature-item\">\n<img decoding=\"async\" alt=\"Haute r\u00e9sistance \u00e0 la d\u00e9chirure - Ultrasuede Microfibre Faux cuir pour gants de cyclisme\" class=\"feature-image left\" src=\"\/wp-content\/uploads\/2025\/08\/07mm-ultrasuede-microfiber-faux-leather-for-cycling-gloves--37882.jpg\"\/><\/p>\n<h3>R\u00e9sistance \u00e9lev\u00e9e \u00e0 la d\u00e9chirure<\/h3>\n<p>Notre cuir microfibre Ultrasuede pr\u00e9sente une r\u00e9sistance exceptionnelle \u00e0 la d\u00e9chirure, ce qui garantit qu'il ne se cassera pas et ne se d\u00e9formera pas facilement sous l'effet du stress. Il est donc id\u00e9al pour les produits n\u00e9cessitant une durabilit\u00e9 et des performances \u00e0 long terme.<\/p>\n<div class=\"clear\"><\/div>\n<\/div>\n<div class=\"feature-item\">\n<img decoding=\"async\" alt=\"R\u00e9tention de la forme - Ultrasuede Microfibre Faux cuir pour gants de cyclisme\" class=\"feature-image right\" src=\"\/wp-content\/uploads\/2025\/08\/07mm-ultrasuede-microfiber-faux-leather-for-cycling-gloves--37883.jpg\"\/><\/p>\n<h3>Pas facile \u00e0 d\u00e9former<\/h3>\n<p>Sp\u00e9cialement trait\u00e9 pour conserver sa forme originale, ce mat\u00e9riau offre une excellente \u00e9lasticit\u00e9 et une grande stabilit\u00e9. Il r\u00e9siste aux d\u00e9formations dues \u00e0 la pression ext\u00e9rieure ou \u00e0 l'\u00e9tirement, ce qui permet aux produits de rester intacts et attrayants au fil du temps.<\/p>\n<div class=\"clear\"><\/div>\n<\/div>\n<div class=\"feature-item\">\n<img decoding=\"async\" alt=\"Durabilit\u00e9 - Ultrasuede Microfibre Faux cuir pour gants de cyclisme\" class=\"feature-image left\" src=\"\/wp-content\/uploads\/2025\/08\/07mm-ultrasuede-microfiber-faux-leather-for-cycling-gloves--37884.jpg\"\/><\/p>\n<h3>Durabilit\u00e9<\/h3>\n<p>Extr\u00eamement r\u00e9sistant \u00e0 l'abrasion, aux d\u00e9chirures et aux perforations, ce mat\u00e9riau permet aux gants de rester en parfait \u00e9tat, m\u00eame en cas d'utilisation prolong\u00e9e. Il conserve \u00e9galement une excellente dext\u00e9rit\u00e9 et une grande solidit\u00e9 pour les articles en cuir de haute qualit\u00e9.<\/p>\n<div class=\"clear\"><\/div>\n<\/div>\n<\/section>\n<section id=\"usage\">\n<h2>Utilisation et applications<\/h2>\n<div class=\"usage-point\">\n<h3>Distinction <strong>Cuir de confection Import\u00e9<\/strong> par ses qualit\u00e9s sup\u00e9rieures, le Classic Style Vegan Microfiber Leather from WINIW Company Factory Wholesale PVC Leather Manufacturersmanufacturer se distingue sur le march\u00e9 pour plusieurs raisons essentielles.<\/h3>\n<p>Distinction <strong>Cuir de confection Import\u00e9<\/strong> par ses qualit\u00e9s sup\u00e9rieures, le Classic Style Vegan Microfiber Leather from WINIW Company Factory Wholesale PVC Leather Manufacturersmanufacturer se distingue sur le march\u00e9 pour plusieurs raisons essentielles.<\/p>\n<\/div>\n<div class=\"usage-point\">\n<h3>Tout d'abord, sa composition en microfibre assure une respirabilit\u00e9 et un confort exceptionnels, cr\u00e9ant un environnement \u00e0 l'int\u00e9rieur de la chaussure qui est propice \u00e0 un port tout au long de la journ\u00e9e<\/h3>\n<p>Tout d'abord, sa composition en microfibre garantit une respirabilit\u00e9 et un confort exceptionnels, cr\u00e9ant ainsi un environnement propice au port de la chaussure tout au long de la journ\u00e9e. L'aspect v\u00e9g\u00e9talien s\u00e9duit un nombre croissant de consommateurs qui accordent de l'importance \u00e0 l'approvisionnement \u00e9thique et aux m\u00e9thodes de production respectueuses des animaux.<\/p>\n<\/div>\n<div class=\"usage-point\">\n<h3>En outre, les processus de fabrication avanc\u00e9s de WINIW Company Factory Wholesale PVC Leather Manufacturers garantissent une texture et une solidit\u00e9 des couleurs uniformes, ce qui permet \u00e0 chaque lot de cuir de conserver un niveau de qualit\u00e9 \u00e9lev\u00e9 et constant.<\/h3>\n<p>En outre, les processus de fabrication avanc\u00e9s de WINIW Company Factory Wholesale PVC Leather Manufacturers garantissent une texture et une solidit\u00e9 des couleurs uniformes, ce qui permet \u00e0 chaque lot de cuir de conserver un niveau de qualit\u00e9 \u00e9lev\u00e9 et constant.<\/p>\n<\/div>\n<div class=\"usage-point\">\n<h3>La r\u00e9sistance de ce mat\u00e9riau \u00e0 l'usure prolonge encore la dur\u00e9e de vie des chaussures, ce qui en fait une solution rentable tant pour les fabricants que pour les utilisateurs finaux.<\/h3>\n<p>La r\u00e9sistance de ce mat\u00e9riau \u00e0 l'usure prolonge encore la dur\u00e9e de vie des chaussures, ce qui en fait une solution rentable pour les fabricants comme pour les utilisateurs finaux. Son style classique, compl\u00e9t\u00e9 par une finition \u00e9l\u00e9gante, le rend suffisamment polyvalent pour \u00eatre int\u00e9gr\u00e9 dans une large gamme de mod\u00e8les de chaussures.<\/p>\n<\/div>\n<div class=\"usage-point\">\n<h3>Confortable et respirant<\/h3>\n<p>Doux, confortable et tr\u00e8s respirant, ce mat\u00e9riau est parfait pour les gants de cyclisme et autres produits port\u00e9s pendant de longues p\u00e9riodes. Il permet de garder les mains au frais et au sec pendant les activit\u00e9s intenses.<\/p>\n<\/div>\n<div class=\"usage-point\">\n<h3>Respectueux de l'environnement et durable<\/h3>\n<p>Notre similicuir en microfibre Ultrasuede comprend des options respectueuses de l'environnement, telles que des variantes fabriqu\u00e9es \u00e0 partir de PET recycl\u00e9 et de mat\u00e9riaux d'origine v\u00e9g\u00e9tale, r\u00e9duisant ainsi l'impact sur l'environnement tout en offrant des textures vari\u00e9es.<\/p>\n<\/div>\n<div class=\"usage-point\">\n<h3>Protection antibact\u00e9rienne et anti-poussi\u00e8re<\/h3>\n<p>Les variantes s\u00e9lectionn\u00e9es pr\u00e9sentent des propri\u00e9t\u00e9s antibact\u00e9riennes et r\u00e9sistantes \u00e0 la poussi\u00e8re, r\u00e9pondant \u00e0 des normes d'hygi\u00e8ne \u00e9lev\u00e9es, id\u00e9ales pour les gants n\u00e9cessitant des contr\u00f4les de qualit\u00e9 et de s\u00e9curit\u00e9 stricts.<\/p>\n<\/div>\n<div class=\"usage-point\">\n<h3>Divers sc\u00e9narios d'application<\/h3>\n<p>Outre les gants de cyclisme, il convient aux gants de contact, aux gants de s\u00e9curit\u00e9 et \u00e0 divers autres types de gants, ainsi qu'aux chaussures, aux v\u00eatements et aux accessoires.<\/p>\n<\/div>\n<p><img decoding=\"async\" alt=\"Applications du similicuir en microfibre Ultrasuede de 0,7 mm dans divers produits\" class=\"product-image\" src=\"\/wp-content\/uploads\/2025\/08\/07mm-ultrasuede-microfiber-faux-leather-for-cycling-gloves--37885.jpg\"\/><br \/>\n<img decoding=\"async\" alt=\"Gants de cyclisme en cuir microfibre Ultrasuede - exemple de produit\" class=\"product-image\" src=\"\/wp-content\/uploads\/2025\/08\/07mm-ultrasuede-microfiber-faux-leather-for-cycling-gloves--37886.jpg\"\/><br \/>\n<\/section>\n<section id=\"why-choose-us\">\n<h2>Pourquoi choisir WINIW<\/h2>\n<div class=\"advantage-item\">\n<h3>Nos avantages<\/h3>\n<p>WINIW Company Factory Fabricants de cuir PVC en grosPr\u00e9sentation des produits de l'usine<\/p>\n<\/div>\n<div class=\"advantage-item\">\n<h3>Assurance qualit\u00e9<\/h3>\n<p>Nous mettons en \u0153uvre un contr\u00f4le de qualit\u00e9 strict tout au long de la cha\u00eene de production et d'approvisionnement, en adh\u00e9rant aux normes ISO9001. De la s\u00e9lection des mati\u00e8res premi\u00e8res \u00e0 l'inspection finale, nous donnons la priorit\u00e9 aux int\u00e9r\u00eats des clients.<\/p>\n<\/div>\n<div class=\"advantage-item\">\n<h3>\u00c9quipe technique professionnelle<\/h3>\n<p>Notre \u00e9quipe technique sp\u00e9cialis\u00e9e se compose de professionnels exp\u00e9riment\u00e9s dans divers domaines, qui se consacrent \u00e0 la fourniture de produits de haute qualit\u00e9 et de solutions sur mesure.<\/p>\n<\/div>\n<div class=\"advantage-item\">\n<h3>Large \u00e9ventail d'applications<\/h3>\n<p>Nos mat\u00e9riaux sont largement utilis\u00e9s dans les chaussures, les v\u00eatements, les bagages, les int\u00e9rieurs d'automobiles, les canap\u00e9s, etc.<\/p>\n<\/div>\n<div class=\"advantage-item\">\n<h3>Une exp\u00e9rience riche<\/h3>\n<p>Quanzhou WINIW Import &amp; Export Co. poss\u00e8de plus de 20 ans d'exp\u00e9rience en mati\u00e8re de production et offre des solutions parfaites aux clients du monde entier.<\/p>\n<\/div>\n<div class=\"advantage-item\">\n<h3>Prix abordable<\/h3>\n<p>Nous proposons des prix comp\u00e9titifs et un excellent service \u00e0 la client\u00e8le. Demandez un catalogue ou visitez notre usine pour d\u00e9couvrir nos produits.<\/p>\n<\/div>\n<div class=\"advantage-item\">\n<h3>Service client\u00e8le en ligne 24 heures sur 24<\/h3>\n<p>Notre \u00e9quipe est disponible 24 heures sur 24, 7 jours sur 7, pour r\u00e9pondre aux demandes de renseignements et traiter rapidement les commentaires.<\/p>\n<\/div>\n<p><img decoding=\"async\" alt=\"Installation de production WINIW - Processus de fabrication du cuir microfibre Ultrasuede\" class=\"product-image\" src=\"\/wp-content\/uploads\/2025\/08\/07mm-ultrasuede-microfiber-faux-leather-for-cycling-gloves--37888.jpg\"\/><br \/>\n<\/section>\n<p><\/main><\/p>\n<section id=\"inquiry\">\n<h2 style=\"text-align: center;\">Dans l'attente de votre demande, nous vous prions d'agr\u00e9er, Madame, Monsieur, l'expression de nos salutations distingu\u00e9es.<\/h2>\n<p style=\"text-align: center;\">Contactez-nous d\u00e8s aujourd'hui pour en savoir plus sur nos produits et passer votre commande.<\/p>\n<\/section>\n\n    <div class=\"xs_social_share_widget xs_share_url after_content \t\tmain_content  wslu-style-1 wslu-share-box-shaped wslu-fill-colored wslu-none wslu-share-horizontal wslu-theme-font-no wslu-main_content\">\n\n\t\t\n        <ul>\n\t\t\t        <\/ul>\n    <\/div>","protected":false},"excerpt":{"rendered":"<div class=\"product-short-description\">Doublure de chaussure en microfibre Cuir 0.7mm Style classique Doublure de chaussure en microfibre Cuir Femme \u00e0 bout ferm\u00e9 WINIW 0.7mm Style classique Doublure de chaussure en microfibre Cuir Femme \u00e0 bout ferm\u00e9 Les caract\u00e9ristiques principales incluent MicrofibreCuir, WINIW, Largeur.id\u00e9al pour ceux qui recherchent la qualit\u00e9 et la fiabilit\u00e9.<\/p>\n<p>En tant qu'usine directe, fabricant et grossiste, nous pouvons contr\u00f4ler strictement le processus de production afin de garantir la qualit\u00e9 des produits tout en vous offrant les prix les plus favorables. Nous disposons d'\u00e9quipements de production avanc\u00e9s et d'une \u00e9quipe technique professionnelle pour r\u00e9pondre \u00e0 vos besoins en mati\u00e8re de commandes \u00e0 grande \u00e9chelle et garantir une livraison dans les d\u00e9lais.<\/p>\n<\/div>","protected":false},"featured_media":3555,"template":"","meta":[],"product_brand":[],"product_cat":[210],"product_tag":[],"class_list":{"0":"post-28981","1":"product","2":"type-product","3":"status-publish","4":"has-post-thumbnail","6":"product_cat-microfiber-shoe-lining-leather","8":"first","9":"instock","10":"product-type-simple"},"_links":{"self":[{"href":"https:\/\/www.eco-leather.com\/fr\/wp-json\/wp\/v2\/product\/28981","targetHints":{"allow":["GET"]}}],"collection":[{"href":"https:\/\/www.eco-leather.com\/fr\/wp-json\/wp\/v2\/product"}],"about":[{"href":"https:\/\/www.eco-leather.com\/fr\/wp-json\/wp\/v2\/types\/product"}],"wp:featuredmedia":[{"embeddable":true,"href":"https:\/\/www.eco-leather.com\/fr\/wp-json\/wp\/v2\/media\/3555"}],"wp:attachment":[{"href":"https:\/\/www.eco-leather.com\/fr\/wp-json\/wp\/v2\/media?parent=28981"}],"wp:term":[{"taxonomy":"product_brand","embeddable":true,"href":"https:\/\/www.eco-leather.com\/fr\/wp-json\/wp\/v2\/product_brand?post=28981"},{"taxonomy":"product_cat","embeddable":true,"href":"https:\/\/www.eco-leather.com\/fr\/wp-json\/wp\/v2\/product_cat?post=28981"},{"taxonomy":"product_tag","embeddable":true,"href":"https:\/\/www.eco-leather.com\/fr\/wp-json\/wp\/v2\/product_tag?post=28981"}],"curies":[{"name":"wp","href":"https:\/\/api.w.org\/{rel}","templated":true}]}}