{"id":28971,"date":"2025-09-07T10:59:17","date_gmt":"2025-09-07T02:59:17","guid":{"rendered":"https:\/\/www.eco-leather.com\/product\/0-7mm-black-fine-synthetic-pore-microfiber-dress-boot-lining-leather\/"},"modified":"2025-09-07T10:59:23","modified_gmt":"2025-09-07T02:59:23","slug":"0-7mm-black-fine-synthetic-pore-microfiber-dress-boot-lining-leather","status":"publish","type":"product","link":"https:\/\/www.eco-leather.com\/fr\/0-7mm-black-fine-synthetic-pore-microfiber-dress-boot-lining-leather\/","title":{"rendered":"0.7mm Black Fine Synthetic Pore Microfiber Dress Boot Lining Leather"},"content":{"rendered":"<h2>Cuir microfibre pour la doublure des chaussures<\/h2>\n<p><main><\/p>\n<section id=\"product-overview\">\n<h2>Description du produit<\/h2>\n<p>Produit <strong>Semelle en faux cuir<\/strong> Introduction<\/p>\n<p>Fabriqu\u00e9 \u00e0 partir de mat\u00e9riaux en microfibre de haute qualit\u00e9, notre similicuir en microfibre Ultrasuede de 0,7 mm est le choix id\u00e9al pour les gants de cyclisme. Il allie souplesse et r\u00e9sistance, et offre des propri\u00e9t\u00e9s exceptionnelles de respirabilit\u00e9 et d'\u00e9vacuation de l'humidit\u00e9 pour garder les mains au frais et au sec pendant les sorties intenses.<\/p>\n<p>Que vous soyez un cycliste professionnel ou amateur, le cuir microfibre est un mat\u00e9riau qui offre un confort et une protection imbattables. Sa grande r\u00e9sistance \u00e0 l'abrasion et aux d\u00e9chirures garantit des performances durables, tandis que son design \u00e9l\u00e9gant ajoute une touche sophistiqu\u00e9e \u00e0 tout ensemble de cyclisme.<\/p>\n<\/section>\n<section id=\"specifications\">\n<h2>Param\u00e8tres techniques<\/h2>\n<ul class_=\"parameters-list\">\n<li><span class=\"param-name\">Produit <strong>Cuir de confection Import\u00e9<\/strong> Sp\u00e9cification WINIW Company Factory Wholesale Leather ManufacturersCustomizable Synthetic Leather :<\/span> \u00c9l\u00e9gance, durabilit\u00e9 et choix de couleurs.<\/li>\n<\/ul>\n<p><img decoding=\"async\" alt=\"0.7mm Ultrasuede Microfiber Faux cuir pour gants de cyclisme - Sp\u00e9cification des mat\u00e9riaux\" class=\"product-image\" src=\"\/wp-content\/uploads\/2025\/08\/07mm-ultrasuede-microfiber-faux-leather-for-cycling-gloves--37881.jpg\"\/><\/p>\n<h3>Param\u00e8tres du produit<\/h3>\n<ul class=\"parameters-list\">\n<li><span class=\"param-name\">Mat\u00e9riau :<\/span> Microfibre + PU<\/li>\n<li><span class=\"param-name\">Couleur :<\/span> Noir, Gris, Beige (couleurs personnalis\u00e9es disponibles)<\/li>\n<li><span class=\"param-name\">\u00c9paisseur :<\/span> 0,6 mm, 0,7 mm, 0,8 mm, 1 mm<\/li>\n<li><span class=\"param-name\">Quantit\u00e9 minimale de commande :<\/span> 300 m\u00e8tres lin\u00e9aires<\/li>\n<li><span class=\"param-name\">Longueur du rouleau :<\/span> 20-30m\/rouleau<\/li>\n<li><span class=\"param-name\">D\u00e9lai de livraison :<\/span> 15-20 jours<\/li>\n<li><span class=\"param-name\">Largeur :<\/span> 54\u2033, 137cm<\/li>\n<li><span class=\"param-name\">Capacit\u00e9 de production :<\/span> 1 000 000 m\u00e8tres par mois<\/li>\n<\/ul>\n<\/section>\n<section id=\"features\">\n<h2>Caract\u00e9ristiques du produit<\/h2>\n<div class=\"feature-item\">\n<img decoding=\"async\" alt=\"Mati\u00e8reCuir imperm\u00e9able ImportationMicrofibreCuir Marque WINIW Company Factory Wholesale Leather ManufacturersLargeur 54\" class=\"feature-image left\" src=\"\/wp-content\/uploads\/2025\/08\/07mm-black-fine-synthetic-pore-microfiber-dress-boot-lining-leather--30271.jpg\"\/><\/p>\n<h3>Mat\u00e9riau <strong>Daim Cuir Imperm\u00e9able Import<\/strong> MicrofibreCuir Marque WINIW Company Factory Wholesale Leather ManufacturersLargeur 54\u2033 ; 1<\/h3>\n<p>Mat\u00e9riau <strong>Daim Cuir Imperm\u00e9able Import<\/strong> MicrofibreCuir Marque WINIW Company Factory Wholesale Leather ManufacturersLargeur 54\u2033 ; 1.37m Couleur Rouge, Noir, Marron, Vert, accepter de personnaliser Caract\u00e9ristique R\u00e9sistant \u00e0 l'usure, Imperm\u00e9able, Anti-mildiou, Flexible Epaisseur 0.6mm-2.0mm Lieu d'origine Chine Personnalis\u00e9 Oui D\u00e9lai de livraison Habituellement dans les 15 - 25 jours.<\/p>\n<div class=\"clear\"><\/div>\n<\/div>\n<div class=\"feature-item\">\n<img decoding=\"async\" alt=\"MOQ 300 m\u00e8tres D\u00e9tails de l&#039;emballage 30\/50 m\u00e8tres par rouleau\" class=\"feature-image left\" src=\"\/wp-content\/uploads\/2025\/08\/07mm-black-fine-synthetic-pore-microfiber-dress-boot-lining-leather--30272.jpg\"\/><\/p>\n<h3>MOQ 300 m\u00e8tres D\u00e9tails de l'emballage 30\/50 m\u00e8tres par rouleau<\/h3>\n<p>MOQ 300 m\u00e8tres D\u00e9tails de l'emballage 30\/50 m\u00e8tres par rouleau. Ou <strong>Spray imperm\u00e9able pour daim et cuir<\/strong> personnalis\u00e9 Capacit\u00e9 de production 1 000 000 m\u00e8tres par mois Caract\u00e9ristiques du produit Le cuir microfibre \u00e0 pores synth\u00e9tiques de WINIW Company Factory Wholesale Leather Manufacturersfactory pr\u00e9sente une s\u00e9rie de caract\u00e9ristiques exceptionnelles qui le distinguent sur le march\u00e9.<\/p>\n<div class=\"clear\"><\/div>\n<\/div>\n<div class=\"feature-item\">\n<img decoding=\"async\" alt=\"En tant que fabricant de premier plan, nous nous attachons \u00e0 fournir des mat\u00e9riaux qui sont non seulement attrayants sur le plan visuel, mais aussi durables et fonctionnels.\" class=\"feature-image left\" src=\"\/wp-content\/uploads\/2025\/08\/07mm-black-fine-synthetic-pore-microfiber-dress-boot-lining-leather--30273.jpg\"\/><\/p>\n<h3>En tant que fabricant de premier plan, nous nous attachons \u00e0 fournir des mat\u00e9riaux qui sont non seulement attrayants sur le plan visuel, mais aussi durables et fonctionnels.<\/h3>\n<p>En tant que fabricant de premier plan, nous nous attachons \u00e0 fournir des mat\u00e9riaux qui sont non seulement attrayants sur le plan visuel, mais aussi durables et fonctionnels. Notre cuir microfibre est dot\u00e9 d'une structure robuste qui r\u00e9siste \u00e0 l'usure et aux d\u00e9chirures, ce qui lui permet de conserver sa forme et son aspect au fil du temps.<\/p>\n<div class=\"clear\"><\/div>\n<\/div>\n<div class=\"feature-item\">\n<img decoding=\"async\" alt=\"Les pores synth\u00e9tiques du tissu en cuir imperm\u00e9able am\u00e9liorent la respirabilit\u00e9 et permettent une meilleure circulation de l&#039;air, ce qui est essentiel pour les doublures de chaussures afin d&#039;\u00e9viter l&#039;accumulation d&#039;humidit\u00e9 et de garder les pieds au frais et au sec.\" class=\"feature-image left\" src=\"\/wp-content\/uploads\/2025\/08\/07mm-black-fine-synthetic-pore-microfiber-dress-boot-lining-leather--30274.jpg\"\/><\/p>\n<h3>Le <strong>Tissu en cuir imperm\u00e9able Odmhsas<\/strong> Les pores synth\u00e9tiques am\u00e9liorent la respirabilit\u00e9, permettant une meilleure circulation de l'air, ce qui est crucial pour les doublures de chaussures afin d'\u00e9viter l'accumulation d'humidit\u00e9 et de garder les pieds au frais et au sec.<\/h3>\n<p>Le <strong>Tissu en cuir imperm\u00e9able Odmhsas<\/strong> Les pores synth\u00e9tiques am\u00e9liorent la respirabilit\u00e9, permettant une meilleure circulation de l'air, ce qui est crucial pour les doublures de chaussures afin d'\u00e9viter l'accumulation d'humidit\u00e9 et de garder les pieds au frais et au sec.<\/p>\n<div class=\"clear\"><\/div>\n<\/div>\n<div class=\"feature-item\">\n<img decoding=\"async\" alt=\"En outre, il est facile \u00e0 nettoyer et \u00e0 entretenir, ce qui lui permet de conserver son \u00e9tat impeccable avec un minimum d&#039;efforts.\" class=\"feature-image left\" src=\"\/wp-content\/uploads\/2025\/08\/07mm-black-fine-synthetic-pore-microfiber-dress-boot-lining-leather--30275.jpg\"\/><\/p>\n<h3>En outre, il est facile \u00e0 nettoyer et \u00e0 entretenir, ce qui lui permet de conserver son \u00e9tat impeccable avec un minimum d'efforts.<\/h3>\n<p>En outre, il est facile \u00e0 nettoyer et \u00e0 entretenir, pr\u00e9servant son \u00e9tat impeccable avec un minimum d'effort. Sa souplesse et sa douceur en font un excellent choix pour cr\u00e9er un ajustement confortable, ajoutant une touche de qualit\u00e9 \u00e0 toute doublure de botte ou de chaussure habill\u00e9e.<\/p>\n<div class=\"clear\"><\/div>\n<\/div>\n<div class=\"feature-item\">\n<img decoding=\"async\" alt=\"Haute r\u00e9sistance \u00e0 la d\u00e9chirure - Ultrasuede Microfibre Faux cuir pour gants de cyclisme\" class=\"feature-image left\" src=\"\/wp-content\/uploads\/2025\/08\/07mm-ultrasuede-microfiber-faux-leather-for-cycling-gloves--37882.jpg\"\/><\/p>\n<h3>R\u00e9sistance \u00e9lev\u00e9e \u00e0 la d\u00e9chirure<\/h3>\n<p>Notre cuir microfibre Ultrasuede pr\u00e9sente une r\u00e9sistance exceptionnelle \u00e0 la d\u00e9chirure, ce qui garantit qu'il ne se cassera pas et ne se d\u00e9formera pas facilement sous l'effet du stress. Il est donc id\u00e9al pour les produits n\u00e9cessitant une durabilit\u00e9 et des performances \u00e0 long terme.<\/p>\n<div class=\"clear\"><\/div>\n<\/div>\n<div class=\"feature-item\">\n<img decoding=\"async\" alt=\"R\u00e9tention de la forme - Ultrasuede Microfibre Faux cuir pour gants de cyclisme\" class=\"feature-image right\" src=\"\/wp-content\/uploads\/2025\/08\/07mm-ultrasuede-microfiber-faux-leather-for-cycling-gloves--37883.jpg\"\/><\/p>\n<h3>Pas facile \u00e0 d\u00e9former<\/h3>\n<p>Sp\u00e9cialement trait\u00e9 pour conserver sa forme originale, ce mat\u00e9riau offre une excellente \u00e9lasticit\u00e9 et une grande stabilit\u00e9. Il r\u00e9siste aux d\u00e9formations dues \u00e0 la pression ext\u00e9rieure ou \u00e0 l'\u00e9tirement, ce qui permet aux produits de rester intacts et attrayants au fil du temps.<\/p>\n<div class=\"clear\"><\/div>\n<\/div>\n<div class=\"feature-item\">\n<img decoding=\"async\" alt=\"Durabilit\u00e9 - Ultrasuede Microfibre Faux cuir pour gants de cyclisme\" class=\"feature-image left\" src=\"\/wp-content\/uploads\/2025\/08\/07mm-ultrasuede-microfiber-faux-leather-for-cycling-gloves--37884.jpg\"\/><\/p>\n<h3>Durabilit\u00e9<\/h3>\n<p>Extr\u00eamement r\u00e9sistant \u00e0 l'abrasion, aux d\u00e9chirures et aux perforations, ce mat\u00e9riau permet aux gants de rester en parfait \u00e9tat, m\u00eame en cas d'utilisation prolong\u00e9e. Il conserve \u00e9galement une excellente dext\u00e9rit\u00e9 et une grande solidit\u00e9 pour les articles en cuir de haute qualit\u00e9.<\/p>\n<div class=\"clear\"><\/div>\n<\/div>\n<\/section>\n<section id=\"why-choose-us\">\n<h2>Pourquoi choisir WINIW<\/h2>\n<div class=\"advantage-item\">\n<h3>WINIW Company Factory Wholesale Leather Manufacturers, l'un des principaux fabricants de cuir v\u00e9g\u00e9tal et artificiel, est fier de pr\u00e9senter le Fine Synthetic Pore Microfiber Leather For Dress Boot Shoe Lining (cuir microfibre synth\u00e9tique \u00e0 pores pour doublure de chaussures de ville).<\/h3>\n<p>WINIW Company Factory Wholesale Leather Manufacturers, un fabricant de premier plan dans le domaine du cuir v\u00e9g\u00e9tal et artificiel, est fier de pr\u00e9senter le Fine Synthetic Pore Microfiber Leather For Dress Boot Shoe Lining (cuir microfibre \u00e0 pores synth\u00e9tiques pour doublure de chaussure de botte habill\u00e9e). Fabriqu\u00e9 avec pr\u00e9cision et innovation, ce cuir microfibre est con\u00e7u pour am\u00e9liorer le confort et l'esth\u00e9tique de vos chaussures. Contrairement au cuir traditionnel, notre produit est une alternative durable qui adh\u00e8re aux normes \u00e9thiques v\u00e9g\u00e9taliennes, ce qui en fait un choix id\u00e9al pour les consommateurs conscients et les fabricants. Con\u00e7u \u00e0 l'aide d'une technologie de pointe, il pr\u00e9sente une structure de pores synth\u00e9tiques m\u00e9ticuleusement \u00e9labor\u00e9e qui imite l'aspect et le toucher naturels du cuir v\u00e9ritable, offrant une finition luxueuse sans compromis sur la qualit\u00e9 ou l'\u00e9thique.<\/p>\n<\/div>\n<div class=\"advantage-item\">\n<h3>Nos avantages<\/h3>\n<p>WINIW Company Factory Fabricants de cuir en grosFactory Product Showcase<\/p>\n<\/div>\n<div class=\"advantage-item\">\n<h3>Assurance qualit\u00e9<\/h3>\n<p>Nous mettons en \u0153uvre un contr\u00f4le de qualit\u00e9 strict tout au long de la cha\u00eene de production et d'approvisionnement, en adh\u00e9rant aux normes ISO9001. De la s\u00e9lection des mati\u00e8res premi\u00e8res \u00e0 l'inspection finale, nous donnons la priorit\u00e9 aux int\u00e9r\u00eats des clients.<\/p>\n<\/div>\n<div class=\"advantage-item\">\n<h3>\u00c9quipe technique professionnelle<\/h3>\n<p>Notre \u00e9quipe technique sp\u00e9cialis\u00e9e se compose de professionnels exp\u00e9riment\u00e9s dans divers domaines, qui se consacrent \u00e0 la fourniture de produits de haute qualit\u00e9 et de solutions sur mesure.<\/p>\n<\/div>\n<div class=\"advantage-item\">\n<h3>Large \u00e9ventail d'applications<\/h3>\n<p>Nos mat\u00e9riaux sont largement utilis\u00e9s dans les chaussures, les v\u00eatements, les bagages, les int\u00e9rieurs d'automobiles, les canap\u00e9s, etc.<\/p>\n<\/div>\n<div class=\"advantage-item\">\n<h3>Une exp\u00e9rience riche<\/h3>\n<p>Quanzhou WINIW Import &amp; Export Co. poss\u00e8de plus de 20 ans d'exp\u00e9rience en mati\u00e8re de production et offre des solutions parfaites aux clients du monde entier.<\/p>\n<\/div>\n<div class=\"advantage-item\">\n<h3>Prix abordable<\/h3>\n<p>Nous proposons des prix comp\u00e9titifs et un excellent service \u00e0 la client\u00e8le. Demandez un catalogue ou visitez notre usine pour d\u00e9couvrir nos produits.<\/p>\n<\/div>\n<div class=\"advantage-item\">\n<h3>Service client\u00e8le en ligne 24 heures sur 24<\/h3>\n<p>Notre \u00e9quipe est disponible 24 heures sur 24, 7 jours sur 7, pour r\u00e9pondre aux demandes de renseignements et traiter rapidement les commentaires.<\/p>\n<\/div>\n<p><img decoding=\"async\" alt=\"Installation de production WINIW - Processus de fabrication du cuir microfibre Ultrasuede\" class=\"product-image\" src=\"\/wp-content\/uploads\/2025\/08\/07mm-ultrasuede-microfiber-faux-leather-for-cycling-gloves--37888.jpg\"\/><br \/>\n<\/section>\n<p><\/main><\/p>\n<section id=\"inquiry\">\n<h2 style=\"text-align: center;\">Dans l'attente de votre demande, nous vous prions d'agr\u00e9er, Madame, Monsieur, l'expression de nos salutations distingu\u00e9es.<\/h2>\n<p style=\"text-align: center;\">Contactez-nous d\u00e8s aujourd'hui pour en savoir plus sur nos produits et passer votre commande.<\/p>\n<\/section>\n\n    <div class=\"xs_social_share_widget xs_share_url after_content \t\tmain_content  wslu-style-1 wslu-share-box-shaped wslu-fill-colored wslu-none wslu-share-horizontal wslu-theme-font-no wslu-main_content\">\n\n\t\t\n        <ul>\n\t\t\t        <\/ul>\n    <\/div>","protected":false},"excerpt":{"rendered":"<div class=\"product-short-description\">Microfiber Shoe Lining Leather 0.7mm Black Fine Synthetic Pore Microfiber Dress Boot Lining Leather WINIW 0.7mm Black Fine Synthetic Pore Microfiber Dress Boot Lining Leather Les caract\u00e9ristiques principales incluent MicrofiberLeather, WINIW, Width.id\u00e9al pour ceux qui recherchent la qualit\u00e9 et la fiabilit\u00e9.<\/p>\n<p>En tant qu'usine directe, fabricant et grossiste, nous pouvons contr\u00f4ler strictement le processus de production afin de garantir la qualit\u00e9 des produits tout en vous offrant les prix les plus favorables. Nous disposons d'\u00e9quipements de production avanc\u00e9s et d'une \u00e9quipe technique professionnelle pour r\u00e9pondre \u00e0 vos besoins en mati\u00e8re de commandes \u00e0 grande \u00e9chelle et garantir une livraison dans les d\u00e9lais.<\/p>\n<\/div>","protected":false},"featured_media":3479,"template":"","meta":[],"product_brand":[],"product_cat":[210],"product_tag":[18962],"class_list":{"0":"post-28971","1":"product","2":"type-product","3":"status-publish","4":"has-post-thumbnail","6":"product_cat-microfiber-shoe-lining-leather","7":"product_tag-shoe-lining-leather-exportershoe-lining-leather-vendorshoe-lining-leather-agencyshoe-lining-leather-importshoe-lining-leather-serviceshoe-lining-leather-retailer","9":"first","10":"instock","11":"product-type-simple"},"_links":{"self":[{"href":"https:\/\/www.eco-leather.com\/fr\/wp-json\/wp\/v2\/product\/28971","targetHints":{"allow":["GET"]}}],"collection":[{"href":"https:\/\/www.eco-leather.com\/fr\/wp-json\/wp\/v2\/product"}],"about":[{"href":"https:\/\/www.eco-leather.com\/fr\/wp-json\/wp\/v2\/types\/product"}],"wp:featuredmedia":[{"embeddable":true,"href":"https:\/\/www.eco-leather.com\/fr\/wp-json\/wp\/v2\/media\/3479"}],"wp:attachment":[{"href":"https:\/\/www.eco-leather.com\/fr\/wp-json\/wp\/v2\/media?parent=28971"}],"wp:term":[{"taxonomy":"product_brand","embeddable":true,"href":"https:\/\/www.eco-leather.com\/fr\/wp-json\/wp\/v2\/product_brand?post=28971"},{"taxonomy":"product_cat","embeddable":true,"href":"https:\/\/www.eco-leather.com\/fr\/wp-json\/wp\/v2\/product_cat?post=28971"},{"taxonomy":"product_tag","embeddable":true,"href":"https:\/\/www.eco-leather.com\/fr\/wp-json\/wp\/v2\/product_tag?post=28971"}],"curies":[{"name":"wp","href":"https:\/\/api.w.org\/{rel}","templated":true}]}}