{"id":28960,"date":"2025-09-07T10:59:17","date_gmt":"2025-09-07T02:59:17","guid":{"rendered":"https:\/\/www.eco-leather.com\/product\/micro-pore-texture-microfiber-dress-boot-shoe-insole-leather\/"},"modified":"2025-09-07T10:59:18","modified_gmt":"2025-09-07T02:59:18","slug":"semelle-interieure-en-microfibre-pour-chaussures-de-ville-en-cuir","status":"publish","type":"product","link":"https:\/\/www.eco-leather.com\/fr\/semelle-interieure-en-microfibre-pour-chaussures-de-ville-en-cuir\/","title":{"rendered":"Semelle de chaussures habill\u00e9es en microfibre \u00e0 texture micro-poreuse Cuir"},"content":{"rendered":"<h2>Cuir microfibre pour la doublure des chaussures<\/h2>\n<p><main><\/p>\n<section id=\"product-overview\">\n<h2>Description du produit<\/h2>\n<p>Produit <strong>Semelle en faux cuir<\/strong> Introduction<\/p>\n<p>Fabriqu\u00e9 \u00e0 partir de mat\u00e9riaux en microfibre de haute qualit\u00e9, notre similicuir en microfibre Ultrasuede de 0,7 mm est le choix id\u00e9al pour les gants de cyclisme. Il allie souplesse et r\u00e9sistance, et offre des propri\u00e9t\u00e9s exceptionnelles de respirabilit\u00e9 et d'\u00e9vacuation de l'humidit\u00e9 pour garder les mains au frais et au sec pendant les sorties intenses.<\/p>\n<p>Que vous soyez un cycliste professionnel ou amateur, le cuir microfibre est un mat\u00e9riau qui offre un confort et une protection imbattables. Sa grande r\u00e9sistance \u00e0 l'abrasion et aux d\u00e9chirures garantit des performances durables, tandis que son design \u00e9l\u00e9gant ajoute une touche sophistiqu\u00e9e \u00e0 tout ensemble de cyclisme.<\/p>\n<\/section>\n<section id=\"specifications\">\n<h2>Param\u00e8tres techniques<\/h2>\n<ul class_=\"parameters-list\">\n<li><span class=\"param-name\">Produit <strong>Cuir de confection Import\u00e9<\/strong> Sp\u00e9cification WINIW Company Factory Wholesale Faux Leather ManufacturersCustomizable Synthetic Leather :<\/span> \u00c9l\u00e9gance, durabilit\u00e9 et choix de couleurs.<\/li>\n<\/ul>\n<p><img decoding=\"async\" alt=\"0.7mm Ultrasuede Microfiber Faux cuir pour gants de cyclisme - Sp\u00e9cification des mat\u00e9riaux\" class=\"product-image\" src=\"\/wp-content\/uploads\/2025\/08\/07mm-ultrasuede-microfiber-faux-leather-for-cycling-gloves--37881.jpg\"\/><\/p>\n<h3>Param\u00e8tres du produit<\/h3>\n<ul class=\"parameters-list\">\n<li><span class=\"param-name\">Mat\u00e9riau :<\/span> Microfibre + PU<\/li>\n<li><span class=\"param-name\">Couleur :<\/span> Noir, Gris, Beige (couleurs personnalis\u00e9es disponibles)<\/li>\n<li><span class=\"param-name\">\u00c9paisseur :<\/span> 0,6 mm, 0,7 mm, 0,8 mm, 1 mm<\/li>\n<li><span class=\"param-name\">Quantit\u00e9 minimale de commande :<\/span> 300 m\u00e8tres lin\u00e9aires<\/li>\n<li><span class=\"param-name\">Longueur du rouleau :<\/span> 20-30m\/rouleau<\/li>\n<li><span class=\"param-name\">D\u00e9lai de livraison :<\/span> 15-20 jours<\/li>\n<li><span class=\"param-name\">Largeur :<\/span> 54\u2033, 137cm<\/li>\n<li><span class=\"param-name\">Capacit\u00e9 de production :<\/span> 1 000 000 m\u00e8tres par mois<\/li>\n<\/ul>\n<\/section>\n<section id=\"features\">\n<h2>Caract\u00e9ristiques du produit<\/h2>\n<div class=\"feature-item\">\n<img decoding=\"async\" alt=\"Mati\u00e8reFaux cuir imperm\u00e9ableMicrofibreCuir Marque WINIW Company Factory Fabricants de faux cuir en grosLargeur 54\" class=\"feature-image left\" src=\"\/wp-content\/uploads\/2025\/08\/micro-pore-texture-microfiber-dress-boot-shoe-insole-leather-30183.jpg\"\/><\/p>\n<h3>Mat\u00e9riau <strong>Faux Leatherman \u00e9tanche<\/strong> MicrofibreCuir Marque WINIW Company Factory Wholesale Faux Leather ManufacturersLargeur 54\u2033 ; 1<\/h3>\n<p>Mat\u00e9riau <strong>Faux Leatherman \u00e9tanche<\/strong> MicrofibreCuir Marque WINIW Company Factory Wholesale Faux Leather ManufacturersLargeur 54\u2033 ; 1.37m Couleur Rouge, Noir, Marron, Vert, accepter de personnaliser Caract\u00e9ristique R\u00e9sistant \u00e0 l'usure, Imperm\u00e9able, Anti-mildiou, Flexible Epaisseur 0.6mm-2.0mm Lieu d'origine Chine Personnalis\u00e9 Oui D\u00e9lai de livraison Habituellement dans les 15 - 25 jours.<\/p>\n<div class=\"clear\"><\/div>\n<\/div>\n<div class=\"feature-item\">\n<img decoding=\"async\" alt=\"MOQ 300 m\u00e8tres D\u00e9tails de l&#039;emballage 30\/50 m\u00e8tres par rouleau\" class=\"feature-image left\" src=\"\/wp-content\/uploads\/2025\/08\/micro-pore-texture-microfiber-dress-boot-shoe-insole-leather-30184.jpg\"\/><\/p>\n<h3>MOQ 300 m\u00e8tres D\u00e9tails de l'emballage 30\/50 m\u00e8tres par rouleau<\/h3>\n<p>MOQ 300 m\u00e8tres D\u00e9tails de l'emballage 30\/50 m\u00e8tres par rouleau. Ou <strong>Spray imperm\u00e9able pour daim et cuir<\/strong> personnalis\u00e9 Capacit\u00e9 de production 1 000 000 m\u00e8tres par mois Caract\u00e9ristiques du produit Notre cuir microfibre \u00e0 texture microporeuse se distingue par son m\u00e9lange unique d'esth\u00e9tique et de fonctionnalit\u00e9.<\/p>\n<div class=\"clear\"><\/div>\n<\/div>\n<div class=\"feature-item\">\n<img decoding=\"async\" alt=\"En tant que faux cuir fabriqu\u00e9 \u00e0 partir de mat\u00e9riaux synth\u00e9tiques avanc\u00e9s, il offre un toucher \u00e0 la fois doux et r\u00e9sistant, parfait pour la doublure des bottes et des chaussures habill\u00e9es.\" class=\"feature-image left\" src=\"\/wp-content\/uploads\/2025\/08\/micro-pore-texture-microfiber-dress-boot-shoe-insole-leather-30185.jpg\"\/><\/p>\n<h3>En tant que faux cuir fabriqu\u00e9 \u00e0 partir de mat\u00e9riaux synth\u00e9tiques avanc\u00e9s, il offre un toucher \u00e0 la fois doux et r\u00e9sistant, parfait pour la doublure des bottes et des chaussures habill\u00e9es.<\/h3>\n<p>En tant que faux cuir fabriqu\u00e9 \u00e0 partir de mat\u00e9riaux synth\u00e9tiques avanc\u00e9s, il offre un toucher \u00e0 la fois doux et r\u00e9sistant, id\u00e9al pour doubler les bottes et les chaussures habill\u00e9es. La texture micro-poreuse am\u00e9liore non seulement la circulation de l'air, gardant les pieds au frais et au sec tout au long de la journ\u00e9e, mais ajoute \u00e9galement un attrait subtil et sophistiqu\u00e9 \u00e0 l'int\u00e9rieur de n'importe quelle chaussure.<\/p>\n<div class=\"clear\"><\/div>\n<\/div>\n<div class=\"feature-item\">\n<img decoding=\"async\" alt=\"WINIWaterproof Leather Fabric OdmhsasCompany Factory Wholesale Faux Leather Manufacturerson engagement pour l&#039;excellence est \u00e9vident dans chaque d\u00e9tail, de la finition m\u00e9ticuleuse \u00e0 la durabilit\u00e9 robuste de ce cuir artificiel.\" class=\"feature-image left\" src=\"\/wp-content\/uploads\/2025\/08\/micro-pore-texture-microfiber-dress-boot-shoe-insole-leather-30186.jpg\"\/><\/p>\n<h3>WINIW <strong>Tissu en cuir imperm\u00e9able Odmhsas<\/strong> Company Factory Wholesale Faux Leather Manufacturerson engagement pour l'excellence est \u00e9vident dans chaque d\u00e9tail, de la finition m\u00e9ticuleuse \u00e0 la durabilit\u00e9 robuste de ce cuir artificiel.<\/h3>\n<p>WINIW <strong>Tissu en cuir imperm\u00e9able Odmhsas<\/strong> Company Factory Wholesale Faux Leather Manufacturerson engagement pour l'excellence est \u00e9vident dans chaque d\u00e9tail, de la finition m\u00e9ticuleuse \u00e0 la durabilit\u00e9 robuste de ce cuir artificiel.<\/p>\n<div class=\"clear\"><\/div>\n<\/div>\n<div class=\"feature-item\">\n<img decoding=\"async\" alt=\"Il est r\u00e9sistant \u00e0 la d\u00e9chirure et \u00e0 l&#039;usure, ce qui garantit des performances durables, m\u00eame en cas d&#039;utilisation intensive.\" class=\"feature-image left\" src=\"\/wp-content\/uploads\/2025\/08\/micro-pore-texture-microfiber-dress-boot-shoe-insole-leather-30187.jpg\"\/><\/p>\n<h3>Il est r\u00e9sistant \u00e0 la d\u00e9chirure et \u00e0 l'usure, ce qui garantit des performances durables, m\u00eame en cas d'utilisation intensive.<\/h3>\n<p>Il est r\u00e9sistant \u00e0 la d\u00e9chirure et \u00e0 l'usure, ce qui garantit des performances durables m\u00eame en cas d'utilisation intensive. En outre, ce cuir microfibre, respectueux de l'environnement, s'inscrit dans la tendance croissante de la mode \u00e9thique et durable, et s'adresse aux consommateurs qui privil\u00e9gient la conscience environnementale sans sacrifier le style ou le confort.<\/p>\n<div class=\"clear\"><\/div>\n<\/div>\n<div class=\"feature-item\">\n<h3>WINIW Company Factory Wholesale Faux Leather Manufacturersle fabricant garantit que chaque rouleau de ce cuir microfibre r\u00e9pond aux normes les plus strictes en mati\u00e8re de qualit\u00e9 et d'artisanat <\/h3>\n<p>WINIW Company Factory Wholesale Faux Leather Manufacturersle fabricant garantit que chaque rouleau de ce cuir microfibre r\u00e9pond aux normes les plus \u00e9lev\u00e9es de qualit\u00e9 et d'artisanat.<\/p>\n<div class=\"clear\"><\/div>\n<\/div>\n<div class=\"feature-item\">\n<img decoding=\"async\" alt=\"Haute r\u00e9sistance \u00e0 la d\u00e9chirure - Ultrasuede Microfibre Faux cuir pour gants de cyclisme\" class=\"feature-image left\" src=\"\/wp-content\/uploads\/2025\/08\/07mm-ultrasuede-microfiber-faux-leather-for-cycling-gloves--37882.jpg\"\/><\/p>\n<h3>R\u00e9sistance \u00e9lev\u00e9e \u00e0 la d\u00e9chirure<\/h3>\n<p>Notre cuir microfibre Ultrasuede pr\u00e9sente une r\u00e9sistance exceptionnelle \u00e0 la d\u00e9chirure, ce qui garantit qu'il ne se cassera pas et ne se d\u00e9formera pas facilement sous l'effet du stress. Il est donc id\u00e9al pour les produits n\u00e9cessitant une durabilit\u00e9 et des performances \u00e0 long terme.<\/p>\n<div class=\"clear\"><\/div>\n<\/div>\n<div class=\"feature-item\">\n<img decoding=\"async\" alt=\"R\u00e9tention de la forme - Ultrasuede Microfibre Faux cuir pour gants de cyclisme\" class=\"feature-image right\" src=\"\/wp-content\/uploads\/2025\/08\/07mm-ultrasuede-microfiber-faux-leather-for-cycling-gloves--37883.jpg\"\/><\/p>\n<h3>Pas facile \u00e0 d\u00e9former<\/h3>\n<p>Sp\u00e9cialement trait\u00e9 pour conserver sa forme originale, ce mat\u00e9riau offre une excellente \u00e9lasticit\u00e9 et une grande stabilit\u00e9. Il r\u00e9siste aux d\u00e9formations dues \u00e0 la pression ext\u00e9rieure ou \u00e0 l'\u00e9tirement, ce qui permet aux produits de rester intacts et attrayants au fil du temps.<\/p>\n<div class=\"clear\"><\/div>\n<\/div>\n<div class=\"feature-item\">\n<img decoding=\"async\" alt=\"Durabilit\u00e9 - Ultrasuede Microfibre Faux cuir pour gants de cyclisme\" class=\"feature-image left\" src=\"\/wp-content\/uploads\/2025\/08\/07mm-ultrasuede-microfiber-faux-leather-for-cycling-gloves--37884.jpg\"\/><\/p>\n<h3>Durabilit\u00e9<\/h3>\n<p>Extr\u00eamement r\u00e9sistant \u00e0 l'abrasion, aux d\u00e9chirures et aux perforations, ce mat\u00e9riau permet aux gants de rester en parfait \u00e9tat, m\u00eame en cas d'utilisation prolong\u00e9e. Il conserve \u00e9galement une excellente dext\u00e9rit\u00e9 et une grande solidit\u00e9 pour les articles en cuir de haute qualit\u00e9.<\/p>\n<div class=\"clear\"><\/div>\n<\/div>\n<\/section>\n<section id=\"why-choose-us\">\n<h2>Pourquoi choisir WINIW<\/h2>\n<div class=\"advantage-item\">\n<h3>Le cuir microfibre \u00e0 texture microporeuse propos\u00e9 par WINIW Company Factory Wholesale Faux Leather Manufacturersfactory est une option de cuir synth\u00e9tique r\u00e9volutionnaire con\u00e7ue pour \u00e9lever les normes de doublure de chaussure.<\/h3>\n<p>Le cuir microfibre \u00e0 texture microporeuse propos\u00e9 par WINIW Company Factory Wholesale Faux Leather Manufacturersfactory est une option de cuir synth\u00e9tique r\u00e9volutionnaire con\u00e7ue pour \u00e9lever les standards de la doublure de chaussure. Fabriqu\u00e9 avec pr\u00e9cision et innovation, notre cuir microfibre est dot\u00e9 d'une texture de micropores m\u00e9ticuleusement con\u00e7ue qui am\u00e9liore la respirabilit\u00e9 et le confort, ce qui en fait un choix id\u00e9al pour les bottes habill\u00e9es, les chaussures et autres chaussures n\u00e9cessitant des mat\u00e9riaux de doublure de qualit\u00e9 sup\u00e9rieure. En tant que leader dans la fabrication d'alternatives au cuir v\u00e9g\u00e9talien, WINIW Company Factory Wholesale Faux Leather Manufacturers est fier d'offrir une option durable et \u00e9cologique qui imite l'\u00e9l\u00e9gance et le toucher du cuir v\u00e9ritable sans compromettre la qualit\u00e9 ou la performance. Ce cuir microfibre est m\u00e9ticuleusement test\u00e9 \u00e0 chaque \u00e9tape de la production pour s'assurer qu'il r\u00e9pond aux normes les plus \u00e9lev\u00e9es fix\u00e9es par le fabricant WINIW Company Factory Wholesale Faux Leather Manufacturers, ce qui en fait un ajout fiable et durable \u00e0 vos conceptions de chaussures.<\/p>\n<\/div>\n<div class=\"advantage-item\">\n<h3>Nos avantages<\/h3>\n<p>WINIW Company Factory Fabricants de faux cuir en grosFactory Product Showcase<\/p>\n<\/div>\n<div class=\"advantage-item\">\n<h3>Assurance qualit\u00e9<\/h3>\n<p>Nous mettons en \u0153uvre un contr\u00f4le de qualit\u00e9 strict tout au long de la cha\u00eene de production et d'approvisionnement, en adh\u00e9rant aux normes ISO9001. De la s\u00e9lection des mati\u00e8res premi\u00e8res \u00e0 l'inspection finale, nous donnons la priorit\u00e9 aux int\u00e9r\u00eats des clients.<\/p>\n<\/div>\n<div class=\"advantage-item\">\n<h3>\u00c9quipe technique professionnelle<\/h3>\n<p>Notre \u00e9quipe technique sp\u00e9cialis\u00e9e se compose de professionnels exp\u00e9riment\u00e9s dans divers domaines, qui se consacrent \u00e0 la fourniture de produits de haute qualit\u00e9 et de solutions sur mesure.<\/p>\n<\/div>\n<div class=\"advantage-item\">\n<h3>Large \u00e9ventail d'applications<\/h3>\n<p>Nos mat\u00e9riaux sont largement utilis\u00e9s dans les chaussures, les v\u00eatements, les bagages, les int\u00e9rieurs d'automobiles, les canap\u00e9s, etc.<\/p>\n<\/div>\n<div class=\"advantage-item\">\n<h3>Une exp\u00e9rience riche<\/h3>\n<p>Quanzhou WINIW Import &amp; Export Co. poss\u00e8de plus de 20 ans d'exp\u00e9rience en mati\u00e8re de production et offre des solutions parfaites aux clients du monde entier.<\/p>\n<\/div>\n<div class=\"advantage-item\">\n<h3>Prix abordable<\/h3>\n<p>Nous proposons des prix comp\u00e9titifs et un excellent service \u00e0 la client\u00e8le. Demandez un catalogue ou visitez notre usine pour d\u00e9couvrir nos produits.<\/p>\n<\/div>\n<div class=\"advantage-item\">\n<h3>Service client\u00e8le en ligne 24 heures sur 24<\/h3>\n<p>Notre \u00e9quipe est disponible 24 heures sur 24, 7 jours sur 7, pour r\u00e9pondre aux demandes de renseignements et traiter rapidement les commentaires.<\/p>\n<\/div>\n<p><img decoding=\"async\" alt=\"Installation de production WINIW - Processus de fabrication du cuir microfibre Ultrasuede\" class=\"product-image\" src=\"\/wp-content\/uploads\/2025\/08\/07mm-ultrasuede-microfiber-faux-leather-for-cycling-gloves--37888.jpg\"\/><br \/>\n<\/section>\n<p><\/main><\/p>\n<section id=\"inquiry\">\n<h2 style=\"text-align: center;\">Dans l'attente de votre demande, nous vous prions d'agr\u00e9er, Madame, Monsieur, l'expression de nos salutations distingu\u00e9es.<\/h2>\n<p style=\"text-align: center;\">Contactez-nous d\u00e8s aujourd'hui pour en savoir plus sur nos produits et passer votre commande.<\/p>\n<\/section>\n\n    <div class=\"xs_social_share_widget xs_share_url after_content \t\tmain_content  wslu-style-1 wslu-share-box-shaped wslu-fill-colored wslu-none wslu-share-horizontal wslu-theme-font-no wslu-main_content\">\n\n\t\t\n        <ul>\n\t\t\t        <\/ul>\n    <\/div>","protected":false},"excerpt":{"rendered":"<div class=\"product-short-description\">Doublure de chaussure en microfibre Cuir Texture micro-poreuse Semelle de chaussure de botte habill\u00e9e en cuir WINIW Texture micro-poreuse Semelle de chaussure de botte habill\u00e9e en cuir Les caract\u00e9ristiques principales incluent MicrofibreCuir, WINIW, Largeur.id\u00e9al pour ceux qui recherchent la qualit\u00e9 et la fiabilit\u00e9.<\/p>\n<p>En tant qu'usine directe, fabricant et grossiste, nous pouvons contr\u00f4ler strictement le processus de production afin de garantir la qualit\u00e9 des produits tout en vous offrant les prix les plus favorables. Nous disposons d'\u00e9quipements de production avanc\u00e9s et d'une \u00e9quipe technique professionnelle pour r\u00e9pondre \u00e0 vos besoins en mati\u00e8re de commandes \u00e0 grande \u00e9chelle et garantir une livraison dans les d\u00e9lais.<\/p>\n<\/div>","protected":false},"featured_media":3397,"template":"","meta":[],"product_brand":[],"product_cat":[210],"product_tag":[18955],"class_list":{"0":"post-28960","1":"product","2":"type-product","3":"status-publish","4":"has-post-thumbnail","6":"product_cat-microfiber-shoe-lining-leather","7":"product_tag-shoe-insole-leathershoe-insole-leather-coverinsole-leatherinsole-for-leather-shoesfaux-leather-shoepatent-leather-shoe","9":"first","10":"instock","11":"product-type-simple"},"_links":{"self":[{"href":"https:\/\/www.eco-leather.com\/fr\/wp-json\/wp\/v2\/product\/28960","targetHints":{"allow":["GET"]}}],"collection":[{"href":"https:\/\/www.eco-leather.com\/fr\/wp-json\/wp\/v2\/product"}],"about":[{"href":"https:\/\/www.eco-leather.com\/fr\/wp-json\/wp\/v2\/types\/product"}],"wp:featuredmedia":[{"embeddable":true,"href":"https:\/\/www.eco-leather.com\/fr\/wp-json\/wp\/v2\/media\/3397"}],"wp:attachment":[{"href":"https:\/\/www.eco-leather.com\/fr\/wp-json\/wp\/v2\/media?parent=28960"}],"wp:term":[{"taxonomy":"product_brand","embeddable":true,"href":"https:\/\/www.eco-leather.com\/fr\/wp-json\/wp\/v2\/product_brand?post=28960"},{"taxonomy":"product_cat","embeddable":true,"href":"https:\/\/www.eco-leather.com\/fr\/wp-json\/wp\/v2\/product_cat?post=28960"},{"taxonomy":"product_tag","embeddable":true,"href":"https:\/\/www.eco-leather.com\/fr\/wp-json\/wp\/v2\/product_tag?post=28960"}],"curies":[{"name":"wp","href":"https:\/\/api.w.org\/{rel}","templated":true}]}}