{"id":28931,"date":"2025-09-07T10:58:56","date_gmt":"2025-09-07T02:58:56","guid":{"rendered":"https:\/\/www.eco-leather.com\/product\/versatility-microfiber-pu-material-artificial-furniture-leather\/"},"modified":"2025-09-07T10:59:01","modified_gmt":"2025-09-07T02:59:01","slug":"versatility-microfiber-pu-material-artificial-furniture-leather","status":"publish","type":"product","link":"https:\/\/www.eco-leather.com\/fr\/versatility-microfiber-pu-material-artificial-furniture-leather\/","title":{"rendered":"Versatility Microfiber PU Material Artificial Furniture Leather"},"content":{"rendered":"<h2>tissu d'ameublement en similicuir<\/h2>\n<p><main><\/p>\n<section id=\"product-overview\">\n<h2>Description du produit<\/h2>\n<p>Produit <strong>Fabricants de mat\u00e9riaux Pu<\/strong> Param\u00e8tres<\/p>\n<p>Mat\u00e9riau <strong>Bo\u00eetes en simili cuir Chine<\/strong> Cuir microfibre Composition 55 Nylon + 45% Polyur\u00e9thane Nom de la marque<\/p>\n<p>Fabriqu\u00e9 \u00e0 partir de mat\u00e9riaux en microfibre de haute qualit\u00e9, notre similicuir en microfibre Ultrasuede de 0,7 mm est le choix id\u00e9al pour les gants de cyclisme. Il allie souplesse et r\u00e9sistance, et offre des propri\u00e9t\u00e9s exceptionnelles de respirabilit\u00e9 et d'\u00e9vacuation de l'humidit\u00e9 pour garder les mains au frais et au sec pendant les sorties intenses.<\/p>\n<p>Que vous soyez un cycliste professionnel ou amateur, le cuir microfibre est un mat\u00e9riau qui offre un confort et une protection imbattables. Sa grande r\u00e9sistance \u00e0 l'abrasion et aux d\u00e9chirures garantit des performances durables, tandis que son design \u00e9l\u00e9gant ajoute une touche sophistiqu\u00e9e \u00e0 tout ensemble de cyclisme.<\/p>\n<\/section>\n<section id=\"features\">\n<h2>Caract\u00e9ristiques du produit<\/h2>\n<div class=\"feature-item\">\n<img decoding=\"async\" alt=\"MaterialSuede Leather Waterproof SprayMicrofiber Leather Composition 55 Nylon + 45% Polyurethane Brand Name WINIW Company Factory Wholesale PU Material ManufacturersThickness 0\" class=\"feature-image left\" src=\"\/wp-content\/uploads\/2025\/08\/versatility-microfiber-pu-material-artificial-furniture-leather-29964.jpg\"\/><\/p>\n<h3>Mat\u00e9riau <strong>Spray imperm\u00e9able pour daim et cuir<\/strong> Microfiber Leather Composition 55 Nylon + 45% Polyurethane Brand Name WINIW Company Factory Wholesale PU Material ManufacturersThickness 0<\/h3>\n<p>Mat\u00e9riau <strong>Spray imperm\u00e9able pour daim et cuir<\/strong> Microfiber Leather Composition 55 Nylon + 45% Polyurethane Brand Name WINIW Company Factory Wholesale PU Material ManufacturersThickness 0.6mm, 0.8mm, 1.2mm, 1.4mm Width 54&#8243;, 137cm Color Grey, Blue, Pink, Yellow,Green,customized colors MOQ 300 linear meters Lead time 10-20 days Production Capacity 1,000,000 meters monthly Feature Anti-Mildew, Scratch resistant, No peeling Place of Origin China Customized Yes Application Furniture, Sofa, Chair, Massage chair<\/p>\n<div class=\"clear\"><\/div>\n<\/div>\n<div class=\"feature-item\">\n<img decoding=\"async\" alt=\"Haute r\u00e9sistance \u00e0 la d\u00e9chirure - Ultrasuede Microfibre Faux cuir pour gants de cyclisme\" class=\"feature-image left\" src=\"\/wp-content\/uploads\/2025\/08\/07mm-ultrasuede-microfiber-faux-leather-for-cycling-gloves--37882.jpg\"\/><\/p>\n<h3>R\u00e9sistance \u00e9lev\u00e9e \u00e0 la d\u00e9chirure<\/h3>\n<p>Notre cuir microfibre Ultrasuede pr\u00e9sente une r\u00e9sistance exceptionnelle \u00e0 la d\u00e9chirure, ce qui garantit qu'il ne se cassera pas et ne se d\u00e9formera pas facilement sous l'effet du stress. Il est donc id\u00e9al pour les produits n\u00e9cessitant une durabilit\u00e9 et des performances \u00e0 long terme.<\/p>\n<div class=\"clear\"><\/div>\n<\/div>\n<div class=\"feature-item\">\n<img decoding=\"async\" alt=\"R\u00e9tention de la forme - Ultrasuede Microfibre Faux cuir pour gants de cyclisme\" class=\"feature-image right\" src=\"\/wp-content\/uploads\/2025\/08\/07mm-ultrasuede-microfiber-faux-leather-for-cycling-gloves--37883.jpg\"\/><\/p>\n<h3>Pas facile \u00e0 d\u00e9former<\/h3>\n<p>Sp\u00e9cialement trait\u00e9 pour conserver sa forme originale, ce mat\u00e9riau offre une excellente \u00e9lasticit\u00e9 et une grande stabilit\u00e9. Il r\u00e9siste aux d\u00e9formations dues \u00e0 la pression ext\u00e9rieure ou \u00e0 l'\u00e9tirement, ce qui permet aux produits de rester intacts et attrayants au fil du temps.<\/p>\n<div class=\"clear\"><\/div>\n<\/div>\n<div class=\"feature-item\">\n<img decoding=\"async\" alt=\"Durabilit\u00e9 - Ultrasuede Microfibre Faux cuir pour gants de cyclisme\" class=\"feature-image left\" src=\"\/wp-content\/uploads\/2025\/08\/07mm-ultrasuede-microfiber-faux-leather-for-cycling-gloves--37884.jpg\"\/><\/p>\n<h3>Durabilit\u00e9<\/h3>\n<p>Extr\u00eamement r\u00e9sistant \u00e0 l'abrasion, aux d\u00e9chirures et aux perforations, ce mat\u00e9riau permet aux gants de rester en parfait \u00e9tat, m\u00eame en cas d'utilisation prolong\u00e9e. Il conserve \u00e9galement une excellente dext\u00e9rit\u00e9 et une grande solidit\u00e9 pour les articles en cuir de haute qualit\u00e9.<\/p>\n<div class=\"clear\"><\/div>\n<\/div>\n<\/section>\n<section id=\"why-choose-us\">\n<h2>Pourquoi choisir WINIW<\/h2>\n<div class=\"advantage-item\">\n<h3>Nos avantages<\/h3>\n<p>WINIW Company Factory Wholesale PU Material Manufacturers<\/p>\n<\/div>\n<div class=\"advantage-item\">\n<h3>Assurance qualit\u00e9<\/h3>\n<p>Nous mettons en \u0153uvre un contr\u00f4le de qualit\u00e9 strict tout au long de la cha\u00eene de production et d'approvisionnement, en adh\u00e9rant aux normes ISO9001. De la s\u00e9lection des mati\u00e8res premi\u00e8res \u00e0 l'inspection finale, nous donnons la priorit\u00e9 aux int\u00e9r\u00eats des clients.<\/p>\n<\/div>\n<div class=\"advantage-item\">\n<h3>\u00c9quipe technique professionnelle<\/h3>\n<p>Notre \u00e9quipe technique sp\u00e9cialis\u00e9e se compose de professionnels exp\u00e9riment\u00e9s dans divers domaines, qui se consacrent \u00e0 la fourniture de produits de haute qualit\u00e9 et de solutions sur mesure.<\/p>\n<\/div>\n<div class=\"advantage-item\">\n<h3>Large \u00e9ventail d'applications<\/h3>\n<p>Nos mat\u00e9riaux sont largement utilis\u00e9s dans les chaussures, les v\u00eatements, les bagages, les int\u00e9rieurs d'automobiles, les canap\u00e9s, etc.<\/p>\n<\/div>\n<div class=\"advantage-item\">\n<h3>Une exp\u00e9rience riche<\/h3>\n<p>Quanzhou WINIW Import &amp; Export Co. poss\u00e8de plus de 20 ans d'exp\u00e9rience en mati\u00e8re de production et offre des solutions parfaites aux clients du monde entier.<\/p>\n<\/div>\n<div class=\"advantage-item\">\n<h3>Prix abordable<\/h3>\n<p>Nous proposons des prix comp\u00e9titifs et un excellent service \u00e0 la client\u00e8le. Demandez un catalogue ou visitez notre usine pour d\u00e9couvrir nos produits.<\/p>\n<\/div>\n<div class=\"advantage-item\">\n<h3>Service client\u00e8le en ligne 24 heures sur 24<\/h3>\n<p>Notre \u00e9quipe est disponible 24 heures sur 24, 7 jours sur 7, pour r\u00e9pondre aux demandes de renseignements et traiter rapidement les commentaires.<\/p>\n<\/div>\n<p><img decoding=\"async\" alt=\"Installation de production WINIW - Processus de fabrication du cuir microfibre Ultrasuede\" class=\"product-image\" src=\"\/wp-content\/uploads\/2025\/08\/07mm-ultrasuede-microfiber-faux-leather-for-cycling-gloves--37888.jpg\"\/><br \/>\n<\/section>\n<p><\/main><\/p>\n<section id=\"inquiry\">\n<h2 style=\"text-align: center;\">Dans l'attente de votre demande, nous vous prions d'agr\u00e9er, Madame, Monsieur, l'expression de nos salutations distingu\u00e9es.<\/h2>\n<p style=\"text-align: center;\">Contactez-nous d\u00e8s aujourd'hui pour en savoir plus sur nos produits et passer votre commande.<\/p>\n<\/section>\n\n    <div class=\"xs_social_share_widget xs_share_url after_content \t\tmain_content  wslu-style-1 wslu-share-box-shaped wslu-fill-colored wslu-none wslu-share-horizontal wslu-theme-font-no wslu-main_content\">\n\n\t\t\n        <ul>\n\t\t\t        <\/ul>\n    <\/div>","protected":false},"excerpt":{"rendered":"<div class=\"product-short-description\">Domestic Upholstery Leather Versatility Microfiber PU Material Artificial Furniture Leather WINIW Versatility Microfiber PU Material Artificial Furniture Leather Key features include.Ideal for those seeking quality and reliability.<\/p>\n<p>En tant qu'usine directe, fabricant et grossiste, nous pouvons contr\u00f4ler strictement le processus de production afin de garantir la qualit\u00e9 des produits tout en vous offrant les prix les plus favorables. Nous disposons d'\u00e9quipements de production avanc\u00e9s et d'une \u00e9quipe technique professionnelle pour r\u00e9pondre \u00e0 vos besoins en mati\u00e8re de commandes \u00e0 grande \u00e9chelle et garantir une livraison dans les d\u00e9lais.<\/p>\n<\/div>","protected":false},"featured_media":5202,"template":"","meta":[],"product_brand":[],"product_cat":[284],"product_tag":[18940],"class_list":{"0":"post-28931","1":"product","2":"type-product","3":"status-publish","4":"has-post-thumbnail","6":"product_cat-domestic-upholstery-leather","7":"product_tag-pu-furniture-leatherashley-furniture-leather-sofaroom-furniture-leather-corner-sofacastlery-furniture-leather-floor-sofabobs-furniture-leather-sofaashley-furniture-leather-reclining-sofa","9":"first","10":"instock","11":"product-type-simple"},"_links":{"self":[{"href":"https:\/\/www.eco-leather.com\/fr\/wp-json\/wp\/v2\/product\/28931","targetHints":{"allow":["GET"]}}],"collection":[{"href":"https:\/\/www.eco-leather.com\/fr\/wp-json\/wp\/v2\/product"}],"about":[{"href":"https:\/\/www.eco-leather.com\/fr\/wp-json\/wp\/v2\/types\/product"}],"wp:featuredmedia":[{"embeddable":true,"href":"https:\/\/www.eco-leather.com\/fr\/wp-json\/wp\/v2\/media\/5202"}],"wp:attachment":[{"href":"https:\/\/www.eco-leather.com\/fr\/wp-json\/wp\/v2\/media?parent=28931"}],"wp:term":[{"taxonomy":"product_brand","embeddable":true,"href":"https:\/\/www.eco-leather.com\/fr\/wp-json\/wp\/v2\/product_brand?post=28931"},{"taxonomy":"product_cat","embeddable":true,"href":"https:\/\/www.eco-leather.com\/fr\/wp-json\/wp\/v2\/product_cat?post=28931"},{"taxonomy":"product_tag","embeddable":true,"href":"https:\/\/www.eco-leather.com\/fr\/wp-json\/wp\/v2\/product_tag?post=28931"}],"curies":[{"name":"wp","href":"https:\/\/api.w.org\/{rel}","templated":true}]}}