{"id":28866,"date":"2025-09-07T10:58:25","date_gmt":"2025-09-07T02:58:25","guid":{"rendered":"https:\/\/www.eco-leather.com\/product\/0-6mm-easy-to-clean-pu-faux-leather-material-automotive-upholstery-material\/"},"modified":"2025-09-07T10:58:28","modified_gmt":"2025-09-07T02:58:28","slug":"0-6mm-materiau-en-faux-cuir-pu-facile-a-nettoyer-materiau-de-revetement-automobile","status":"publish","type":"product","link":"https:\/\/www.eco-leather.com\/fr\/0-6mm-materiau-en-faux-cuir-pu-facile-a-nettoyer-materiau-de-revetement-automobile\/","title":{"rendered":"0,6 mm Faux cuir Pu facile \u00e0 nettoyer Mat\u00e9riau de rev\u00eatement automobile"},"content":{"rendered":"<h2>0.6mm Facile \u00e0 nettoyer PU Faux cuir Mat\u00e9riel d'ameublement automobile d\u00e9tails<\/h2>\n<p><main><\/p>\n<section id=\"product-overview\">\n<h2>Description du produit<\/h2>\n<p>produit <strong>Faux cuir Spandex<\/strong> description<\/p>\n<p>Mince <strong>Robe blanche en tissu Meesho<\/strong> Et \u00e9lastiques<\/p>\n<p>Fabriqu\u00e9 \u00e0 partir de mat\u00e9riaux en microfibre de haute qualit\u00e9, notre similicuir en microfibre Ultrasuede de 0,7 mm est le choix id\u00e9al pour les gants de cyclisme. Il allie souplesse et r\u00e9sistance, et offre des propri\u00e9t\u00e9s exceptionnelles de respirabilit\u00e9 et d'\u00e9vacuation de l'humidit\u00e9 pour garder les mains au frais et au sec pendant les sorties intenses.<\/p>\n<p>Que vous soyez un cycliste professionnel ou amateur, le cuir microfibre est un mat\u00e9riau qui offre un confort et une protection imbattables. Sa grande r\u00e9sistance \u00e0 l'abrasion et aux d\u00e9chirures garantit des performances durables, tandis que son design \u00e9l\u00e9gant ajoute une touche sophistiqu\u00e9e \u00e0 tout ensemble de cyclisme.<\/p>\n<\/section>\n<section id=\"specifications\">\n<h2>Param\u00e8tres techniques<\/h2>\n<ul class_=\"parameters-list\">\n<li><span class=\"param-name\">param\u00e8tre <strong>Cuir de confection Import\u00e9<\/strong> Mat\u00e9riau :<\/span> Cuir microfibre. Couleur : blanc, bleu, rose, couleurs personnalis\u00e9es. Epaisseur : 0,6-2,0 mm Quantit\u00e9 minimale de commande : 300 m\u00e8tres lin\u00e9aires.<\/li>\n<li><span class=\"param-name\">Longueur du rouleau :<\/span> 20-30m\/rouleau d\u00e9lai de livraison : 15-20 jours. largeur : 54 , 137cm Capacit\u00e9 de production : 1.000.000 m\u00e8tres par mois.<\/li>\n<\/ul>\n<p><img decoding=\"async\" alt=\"0.7mm Ultrasuede Microfiber Faux cuir pour gants de cyclisme - Sp\u00e9cification des mat\u00e9riaux\" class=\"product-image\" src=\"\/wp-content\/uploads\/2025\/08\/07mm-ultrasuede-microfiber-faux-leather-for-cycling-gloves--37881.jpg\"\/><\/p>\n<h3>Param\u00e8tres du produit<\/h3>\n<ul class=\"parameters-list\">\n<li><span class=\"param-name\">Mat\u00e9riau :<\/span> Microfibre + PU<\/li>\n<li><span class=\"param-name\">Couleur :<\/span> Noir, Gris, Beige (couleurs personnalis\u00e9es disponibles)<\/li>\n<li><span class=\"param-name\">\u00c9paisseur :<\/span> 0,6 mm, 0,7 mm, 0,8 mm, 1 mm<\/li>\n<li><span class=\"param-name\">Quantit\u00e9 minimale de commande :<\/span> 300 m\u00e8tres lin\u00e9aires<\/li>\n<li><span class=\"param-name\">Longueur du rouleau :<\/span> 20-30m\/rouleau<\/li>\n<li><span class=\"param-name\">D\u00e9lai de livraison :<\/span> 15-20 jours<\/li>\n<li><span class=\"param-name\">Largeur :<\/span> 54\u2033, 137cm<\/li>\n<li><span class=\"param-name\">Capacit\u00e9 de production :<\/span> 1 000 000 m\u00e8tres par mois<\/li>\n<\/ul>\n<\/section>\n<section id=\"features\">\n<h2>Caract\u00e9ristiques du produit<\/h2>\n<div class=\"feature-item\">\n<img decoding=\"async\" alt=\"WINIWSuede Leather Waterproof SprayCompany Factory Wholesale Leather Fabricants de tissus en cuir\" class=\"feature-image left\" src=\"\/wp-content\/uploads\/2025\/08\/06mm-easy-to-clean-pu-faux-leather-material-automotive-upholstery-material-29412.jpg\"\/><\/p>\n<h3>WINIW <strong>Spray imperm\u00e9able pour daim et cuir<\/strong> Company Factory Fabricants de tissus en cuir en gros<\/h3>\n<p>WINIW <strong>Spray imperm\u00e9able pour daim et cuir<\/strong> La soci\u00e9t\u00e9 Factory Wholesale Leather Fabricurers.6mm PU Faux Leather Material offre un m\u00e9lange parfait de sophistication, de durabilit\u00e9 et de praticit\u00e9, con\u00e7u pour les fabricants de tissus d'ameublement automobile et d'accessoires en cuir.<\/p>\n<div class=\"clear\"><\/div>\n<\/div>\n<div class=\"feature-item\">\n<img decoding=\"async\" alt=\"Fabriqu\u00e9 \u00e0 partir de polyur\u00e9thane (PU) de haute qualit\u00e9, ce faux cuir pr\u00e9sente un aspect et un toucher incroyablement r\u00e9alistes, ce qui en fait un excellent choix pour ceux qui recherchent une alternative abordable mais de qualit\u00e9 sup\u00e9rieure au cuir v\u00e9ritable.\" class=\"feature-image left\" src=\"\/wp-content\/uploads\/2025\/08\/06mm-easy-to-clean-pu-faux-leather-material-automotive-upholstery-material-29413.jpg\"\/><\/p>\n<h3>Fabriqu\u00e9 \u00e0 partir de polyur\u00e9thane (PU) de haute qualit\u00e9, ce faux cuir pr\u00e9sente un aspect et un toucher incroyablement r\u00e9alistes, ce qui en fait un excellent choix pour ceux qui recherchent une alternative abordable mais de qualit\u00e9 sup\u00e9rieure au cuir v\u00e9ritable.<\/h3>\n<p>Fabriqu\u00e9 \u00e0 partir de polyur\u00e9thane (PU) de haute qualit\u00e9, ce faux cuir pr\u00e9sente un aspect et un toucher incroyablement r\u00e9alistes, ce qui en fait un excellent choix pour ceux qui recherchent une alternative abordable mais de qualit\u00e9 sup\u00e9rieure au cuir v\u00e9ritable.<\/p>\n<div class=\"clear\"><\/div>\n<\/div>\n<div class=\"feature-item\">\n<img decoding=\"async\" alt=\"OneWaterproof Leather Fabric Odmhs&#039;est distingu\u00e9 par sa remarquable facilit\u00e9 de nettoyage.\" class=\"feature-image left\" src=\"\/wp-content\/uploads\/2025\/08\/06mm-easy-to-clean-pu-faux-leather-material-automotive-upholstery-material-29414.jpg\"\/><\/p>\n<h3>Un <strong>Tissu en cuir imperm\u00e9able Odmhsas<\/strong> l'une de ses principales caract\u00e9ristiques est sa remarquable facilit\u00e9 de nettoyage<\/h3>\n<p>Un <strong>Tissu en cuir imperm\u00e9able Odmhsas<\/strong> L'une de ses principales caract\u00e9ristiques est sa remarquable facilit\u00e9 de nettoyage. R\u00e9sistant aux taches et aux d\u00e9versements, ce mat\u00e9riau peut \u00eatre nettoy\u00e9 sans effort \u00e0 l'aide d'un chiffon humide, ce qui permet \u00e0 vos produits de conserver leur aspect impeccable plus longtemps.<\/p>\n<div class=\"clear\"><\/div>\n<\/div>\n<div class=\"feature-item\">\n<img decoding=\"async\" alt=\"PerfectWaterproof Faux Leather Customizepour les environnements tr\u00e8s fr\u00e9quent\u00e9s, tels que les int\u00e9rieurs automobiles, il assure une maintenance sans probl\u00e8me pour les fabricants et les utilisateurs finaux.\" class=\"feature-image left\" src=\"\/wp-content\/uploads\/2025\/08\/06mm-easy-to-clean-pu-faux-leather-material-automotive-upholstery-material-29415.jpg\"\/><\/p>\n<h3>Parfait <strong>Faux cuir imperm\u00e9able Personnaliser<\/strong> pour les environnements tr\u00e8s fr\u00e9quent\u00e9s, tels que les int\u00e9rieurs automobiles, il garantit une maintenance sans probl\u00e8me pour les fabricants et les utilisateurs finaux.<\/h3>\n<p>Parfait <strong>Faux cuir imperm\u00e9able Personnaliser<\/strong> pour les environnements tr\u00e8s fr\u00e9quent\u00e9s, tels que les int\u00e9rieurs d'automobiles, il garantit une maintenance sans probl\u00e8me pour les fabricants et les utilisateurs finaux. De plus, son \u00e9paisseur de 0,6 mm offre un \u00e9quilibre parfait entre flexibilit\u00e9 et durabilit\u00e9, ce qui permet de r\u00e9aliser des coutures et des fa\u00e7onnages complexes tout en pr\u00e9servant la r\u00e9sistance \u00e0 l'usure quotidienne.<\/p>\n<div class=\"clear\"><\/div>\n<\/div>\n<div class=\"feature-item\">\n<img decoding=\"async\" alt=\"La texture lisse et souple du mat\u00e9riau ajoute une touche de luxe \u00e0 tout produit et en am\u00e9liore l&#039;attrait esth\u00e9tique g\u00e9n\u00e9ral.\" class=\"feature-image left\" src=\"\/wp-content\/uploads\/2025\/08\/06mm-easy-to-clean-pu-faux-leather-material-automotive-upholstery-material-29416.jpg\"\/><\/p>\n<h3>La texture lisse et souple du mat\u00e9riau ajoute une touche de luxe \u00e0 tout produit et en am\u00e9liore l'attrait esth\u00e9tique g\u00e9n\u00e9ral.<\/h3>\n<p>La texture lisse et souple du mat\u00e9riau ajoute une touche de luxe \u00e0 tout produit et en rehausse l'attrait esth\u00e9tique g\u00e9n\u00e9ral. D\u00e9tails et caract\u00e9ristiques du produit<\/p>\n<div class=\"clear\"><\/div>\n<\/div>\n<div class=\"feature-item\">\n<img decoding=\"async\" alt=\"Haute r\u00e9sistance \u00e0 la d\u00e9chirure - Ultrasuede Microfibre Faux cuir pour gants de cyclisme\" class=\"feature-image left\" src=\"\/wp-content\/uploads\/2025\/08\/07mm-ultrasuede-microfiber-faux-leather-for-cycling-gloves--37882.jpg\"\/><\/p>\n<h3>R\u00e9sistance \u00e9lev\u00e9e \u00e0 la d\u00e9chirure<\/h3>\n<p>Notre cuir microfibre Ultrasuede pr\u00e9sente une r\u00e9sistance exceptionnelle \u00e0 la d\u00e9chirure, ce qui garantit qu'il ne se cassera pas et ne se d\u00e9formera pas facilement sous l'effet du stress. Il est donc id\u00e9al pour les produits n\u00e9cessitant une durabilit\u00e9 et des performances \u00e0 long terme.<\/p>\n<div class=\"clear\"><\/div>\n<\/div>\n<div class=\"feature-item\">\n<img decoding=\"async\" alt=\"R\u00e9tention de la forme - Ultrasuede Microfibre Faux cuir pour gants de cyclisme\" class=\"feature-image right\" src=\"\/wp-content\/uploads\/2025\/08\/07mm-ultrasuede-microfiber-faux-leather-for-cycling-gloves--37883.jpg\"\/><\/p>\n<h3>Pas facile \u00e0 d\u00e9former<\/h3>\n<p>Sp\u00e9cialement trait\u00e9 pour conserver sa forme originale, ce mat\u00e9riau offre une excellente \u00e9lasticit\u00e9 et une grande stabilit\u00e9. Il r\u00e9siste aux d\u00e9formations dues \u00e0 la pression ext\u00e9rieure ou \u00e0 l'\u00e9tirement, ce qui permet aux produits de rester intacts et attrayants au fil du temps.<\/p>\n<div class=\"clear\"><\/div>\n<\/div>\n<div class=\"feature-item\">\n<img decoding=\"async\" alt=\"Durabilit\u00e9 - Ultrasuede Microfibre Faux cuir pour gants de cyclisme\" class=\"feature-image left\" src=\"\/wp-content\/uploads\/2025\/08\/07mm-ultrasuede-microfiber-faux-leather-for-cycling-gloves--37884.jpg\"\/><\/p>\n<h3>Durabilit\u00e9<\/h3>\n<p>Extr\u00eamement r\u00e9sistant \u00e0 l'abrasion, aux d\u00e9chirures et aux perforations, ce mat\u00e9riau permet aux gants de rester en parfait \u00e9tat, m\u00eame en cas d'utilisation prolong\u00e9e. Il conserve \u00e9galement une excellente dext\u00e9rit\u00e9 et une grande solidit\u00e9 pour les articles en cuir de haute qualit\u00e9.<\/p>\n<div class=\"clear\"><\/div>\n<\/div>\n<\/section>\n<p><\/main><\/p>\n<section id=\"inquiry\">\n<h2 style=\"text-align: center;\">Dans l'attente de votre demande, nous vous prions d'agr\u00e9er, Madame, Monsieur, l'expression de nos salutations distingu\u00e9es.<\/h2>\n<p style=\"text-align: center;\">Contactez-nous d\u00e8s aujourd'hui pour en savoir plus sur nos produits et passer votre commande.<\/p>\n<\/section>\n\n    <div class=\"xs_social_share_widget xs_share_url after_content \t\tmain_content  wslu-style-1 wslu-share-box-shaped wslu-fill-colored wslu-none wslu-share-horizontal wslu-theme-font-no wslu-main_content\">\n\n\t\t\n        <ul>\n\t\t\t        <\/ul>\n    <\/div>","protected":false},"excerpt":{"rendered":"<div class=\"product-short-description\">Cuir automobile 0.6mm Faux cuir Pu facile \u00e0 nettoyer Mat\u00e9riel d'ameublement automobile WINIW 0.6mm Faux cuir Pu facile \u00e0 nettoyer Mat\u00e9riel d'ameublement automobile Les caract\u00e9ristiques principales comprennent : Id\u00e9al pour ceux qui recherchent la qualit\u00e9 et la fiabilit\u00e9.<\/p>\n<p>En tant qu'usine directe, fabricant et grossiste, nous pouvons contr\u00f4ler strictement le processus de production afin de garantir la qualit\u00e9 des produits tout en vous offrant les prix les plus favorables. Nous disposons d'\u00e9quipements de production avanc\u00e9s et d'une \u00e9quipe technique professionnelle pour r\u00e9pondre \u00e0 vos besoins en mati\u00e8re de commandes \u00e0 grande \u00e9chelle et garantir une livraison dans les d\u00e9lais.<\/p>\n<\/div>","protected":false},"featured_media":5310,"template":"","meta":[],"product_brand":[],"product_cat":[50],"product_tag":[18907],"class_list":{"0":"post-28866","1":"product","2":"type-product","3":"status-publish","4":"has-post-thumbnail","6":"product_cat-automotive-leather","7":"product_tag-car-leather-material-agencycar-leather-material-servicecar-leather-material-companiescar-leather-material-tradercar-leather-material-bulkcar-leather-material-exporter","9":"first","10":"instock","11":"product-type-simple"},"_links":{"self":[{"href":"https:\/\/www.eco-leather.com\/fr\/wp-json\/wp\/v2\/product\/28866","targetHints":{"allow":["GET"]}}],"collection":[{"href":"https:\/\/www.eco-leather.com\/fr\/wp-json\/wp\/v2\/product"}],"about":[{"href":"https:\/\/www.eco-leather.com\/fr\/wp-json\/wp\/v2\/types\/product"}],"wp:featuredmedia":[{"embeddable":true,"href":"https:\/\/www.eco-leather.com\/fr\/wp-json\/wp\/v2\/media\/5310"}],"wp:attachment":[{"href":"https:\/\/www.eco-leather.com\/fr\/wp-json\/wp\/v2\/media?parent=28866"}],"wp:term":[{"taxonomy":"product_brand","embeddable":true,"href":"https:\/\/www.eco-leather.com\/fr\/wp-json\/wp\/v2\/product_brand?post=28866"},{"taxonomy":"product_cat","embeddable":true,"href":"https:\/\/www.eco-leather.com\/fr\/wp-json\/wp\/v2\/product_cat?post=28866"},{"taxonomy":"product_tag","embeddable":true,"href":"https:\/\/www.eco-leather.com\/fr\/wp-json\/wp\/v2\/product_tag?post=28866"}],"curies":[{"name":"wp","href":"https:\/\/api.w.org\/{rel}","templated":true}]}}