{"id":28680,"date":"2025-09-07T10:56:49","date_gmt":"2025-09-07T02:56:49","guid":{"rendered":"https:\/\/www.eco-leather.com\/product\/can-be-embossed-artificial-pvc-leather-leatherette-fabric\/"},"modified":"2025-09-07T10:56:51","modified_gmt":"2025-09-07T02:56:51","slug":"peut-etre-gaufre-cuir-artificiel-pvc-tissu-simili-cuir","status":"publish","type":"product","link":"https:\/\/www.eco-leather.com\/fr\/peut-etre-gaufre-cuir-artificiel-pvc-tissu-simili-cuir\/","title":{"rendered":"Peut \u00eatre gaufr\u00e9 PVC artificiel Cuir Leatherette Fabric"},"content":{"rendered":"<h2>Tissu imitation PVC<\/h2>\n<p><main><\/p>\n<section id=\"product-overview\">\n<h2>Description du produit<\/h2>\n<p>Mat\u00e9riau <strong>Rembourrage en simili-cuir Personnalis\u00e9<\/strong> Introduction<\/p>\n<p>Artisanat <strong>Bo\u00eetes en simili cuir Chine<\/strong> Fabriqu\u00e9 \u00e0 partir des meilleurs mat\u00e9riaux synth\u00e9tiques, notre tissu en similicuir PVC ne se contente pas d'imiter l'aspect et le toucher du cuir v\u00e9ritable, il le surpasse \u00e9galement en termes de polyvalence et de rentabilit\u00e9.<\/p>\n<p>Destin\u00e9 \u00e0 la vente en gros aux fabricants de divers secteurs, ce tissu est con\u00e7u pour r\u00e9pondre aux exigences rigoureuses des processus de production modernes. Qu'il s'agisse de <strong>Revendeurs de tissus pour sacs<\/strong> que vous soyez un fabricant de meubles, un fournisseur de chaussures ou un producteur d'accessoires de luxe, notre tissu en similicuir PVC offre une alternative durable et \u00e9l\u00e9gante au cuir traditionnel.<\/p>\n<p>R\u00e9sistance \u00e0 l'usure, imperm\u00e9abilit\u00e9, anti-mildiou, flexibilit\u00e9, r\u00e9sistance au feu, r\u00e9sistance au froid, r\u00e9sistance au mildiou, r\u00e9sistance aux intemp\u00e9ries,<\/p>\n<p>Fabriqu\u00e9 \u00e0 partir de mat\u00e9riaux en microfibre de haute qualit\u00e9, notre similicuir en microfibre Ultrasuede de 0,7 mm est le choix id\u00e9al pour les gants de cyclisme. Il allie souplesse et r\u00e9sistance, et offre des propri\u00e9t\u00e9s exceptionnelles de respirabilit\u00e9 et d'\u00e9vacuation de l'humidit\u00e9 pour garder les mains au frais et au sec pendant les sorties intenses.<\/p>\n<p>Que vous soyez un cycliste professionnel ou amateur, le cuir microfibre est un mat\u00e9riau qui offre un confort et une protection imbattables. Sa grande r\u00e9sistance \u00e0 l'abrasion et aux d\u00e9chirures garantit des performances durables, tandis que son design \u00e9l\u00e9gant ajoute une touche sophistiqu\u00e9e \u00e0 tout ensemble de cyclisme.<\/p>\n<\/section>\n<section id=\"specifications\">\n<h2>Param\u00e8tres techniques<\/h2>\n<p>Sp\u00e9cification des mat\u00e9riaux<\/p>\n<p><img decoding=\"async\" alt=\"0.7mm Ultrasuede Microfiber Faux cuir pour gants de cyclisme - Sp\u00e9cification des mat\u00e9riaux\" class=\"product-image\" src=\"\/wp-content\/uploads\/2025\/08\/07mm-ultrasuede-microfiber-faux-leather-for-cycling-gloves--37881.jpg\"\/><\/p>\n<h3>Param\u00e8tres du produit<\/h3>\n<ul class=\"parameters-list\">\n<li><span class=\"param-name\">Mat\u00e9riau :<\/span> Microfibre + PU<\/li>\n<li><span class=\"param-name\">Couleur :<\/span> Noir, Gris, Beige (couleurs personnalis\u00e9es disponibles)<\/li>\n<li><span class=\"param-name\">\u00c9paisseur :<\/span> 0,6 mm, 0,7 mm, 0,8 mm, 1 mm<\/li>\n<li><span class=\"param-name\">Quantit\u00e9 minimale de commande :<\/span> 300 m\u00e8tres lin\u00e9aires<\/li>\n<li><span class=\"param-name\">Longueur du rouleau :<\/span> 20-30m\/rouleau<\/li>\n<li><span class=\"param-name\">D\u00e9lai de livraison :<\/span> 15-20 jours<\/li>\n<li><span class=\"param-name\">Largeur :<\/span> 54\u2033, 137cm<\/li>\n<li><span class=\"param-name\">Capacit\u00e9 de production :<\/span> 1 000 000 m\u00e8tres par mois<\/li>\n<\/ul>\n<\/section>\n<section id=\"features\">\n<h2>Caract\u00e9ristiques du produit<\/h2>\n<div class=\"feature-item\">\n<img decoding=\"async\" alt=\"Notre tissu de canap\u00e9 durable TraderCan Be Embossed Artificial PVC Leatherette Fabric se distingue comme un choix de premier ordre pour les fabricants \u00e0 la recherche de mat\u00e9riaux de haute qualit\u00e9 et respectueux de l&#039;environnement pour leurs produits.\" class=\"feature-image left\" src=\"\/wp-content\/uploads\/2025\/08\/can-be-embossed-artificial-pvc-leather-leatherette-fabric-27320.jpg\"\/><\/p>\n<h3>Notre <strong>Canap\u00e9 en tissu durable Trader<\/strong> Can Be Embossed Artificial PVC Leatherette Fabric se distingue comme un choix de premier ordre pour les fabricants \u00e0 la recherche de mat\u00e9riaux de haute qualit\u00e9, respectueux de l'environnement, pour leurs produits.<\/h3>\n<p>Notre <strong>Canap\u00e9 en tissu durable Trader<\/strong> Can Be Embossed Artificial PVC Leatherette Fabric se distingue comme un choix de premier ordre pour les fabricants \u00e0 la recherche de mat\u00e9riaux de haute qualit\u00e9 et respectueux de l'environnement pour leurs produits.<\/p>\n<div class=\"clear\"><\/div>\n<\/div>\n<div class=\"feature-item\">\n<img decoding=\"async\" alt=\"En tant qu&#039;usine leader dans la production de cuirs synth\u00e9tiques, WINIW Company Factory Wholesale Artificial Leather Manufacturers propose ce remarquable similicuir en PVC qui allie \u00e9l\u00e9gance et durabilit\u00e9.\" class=\"feature-image left\" src=\"\/wp-content\/uploads\/2025\/08\/can-be-embossed-artificial-pvc-leather-leatherette-fabric-27321.jpg\"\/><\/p>\n<h3>En tant qu'usine leader dans la production de cuirs synth\u00e9tiques, WINIW Company Factory Wholesale Artificial Leather Manufacturers propose ce remarquable similicuir en PVC qui allie \u00e9l\u00e9gance et durabilit\u00e9.<\/h3>\n<p>En tant qu'usine leader dans la production de cuirs synth\u00e9tiques, WINIW Company Factory Wholesale Artificial Leather Manufacturers propose ce remarquable similicuir en PVC qui allie \u00e9l\u00e9gance et durabilit\u00e9.<\/p>\n<div class=\"clear\"><\/div>\n<\/div>\n<div class=\"feature-item\">\n<img decoding=\"async\" alt=\"Mati\u00e8reCuir de daim Spray imperm\u00e9ableCuir PVC Marque WINIW Company Factory Fabricants de cuir artificiel en grosLargeur 54\" class=\"feature-image left\" src=\"\/wp-content\/uploads\/2025\/08\/can-be-embossed-artificial-pvc-leather-leatherette-fabric-27322.jpg\"\/><\/p>\n<h3>Mat\u00e9riau <strong>Spray imperm\u00e9able pour daim et cuir<\/strong> PVC Leather Brand Name WINIW Company Factory Wholesale Artificial Leather ManufacturersLargeur 54\u2033 ; 1<\/h3>\n<p>Mat\u00e9riau <strong>Spray imperm\u00e9able pour daim et cuir<\/strong> PVC Leather Brand Name WINIW Company Factory Wholesale Artificial Leather ManufacturersWidth 54\u2033 ; 1.37m Color Red, Black,Brown, Green,accept customize Feature Wear resistant, Waterproof, Anti-Mildew, Flexible , Fire resistance, Cold resistance, Mildew resistance, Weather resistance, Light resistance, Crocking resistance Thickness 0.6mm-2.4mm, accept customize Place of Origin China Customized Yes Delivery time Usually within 15 - 25 days.<\/p>\n<div class=\"clear\"><\/div>\n<\/div>\n<div class=\"feature-item\">\n<img decoding=\"async\" alt=\"MOQWaterproof Sofa Fabric Exporter300 m\u00e8tres D\u00e9tails de l&#039;emballage 30\/50 m\u00e8tres par rouleau\" class=\"feature-image left\" src=\"\/wp-content\/uploads\/2025\/08\/can-be-embossed-artificial-pvc-leather-leatherette-fabric-27323.jpg\"\/><\/p>\n<h3>MOQ <strong>Tissu de canap\u00e9 imperm\u00e9able Exporter<\/strong> 300 m\u00e8tres D\u00e9tails de l'emballage 30\/50 m\u00e8tres par rouleau<\/h3>\n<p>MOQ <strong>Tissu de canap\u00e9 imperm\u00e9able Exporter<\/strong> 300 m\u00e8tres D\u00e9tails de l'emballage 30\/50 m\u00e8tres par rouleau. Ou sur mesure Capacit\u00e9 de production 1 000 000 m\u00e8tres par mois<\/p>\n<div class=\"clear\"><\/div>\n<\/div>\n<div class=\"feature-item\">\n<img decoding=\"async\" alt=\"Haute r\u00e9sistance \u00e0 la d\u00e9chirure - Ultrasuede Microfibre Faux cuir pour gants de cyclisme\" class=\"feature-image left\" src=\"\/wp-content\/uploads\/2025\/08\/07mm-ultrasuede-microfiber-faux-leather-for-cycling-gloves--37882.jpg\"\/><\/p>\n<h3>R\u00e9sistance \u00e9lev\u00e9e \u00e0 la d\u00e9chirure<\/h3>\n<p>Notre cuir microfibre Ultrasuede pr\u00e9sente une r\u00e9sistance exceptionnelle \u00e0 la d\u00e9chirure, ce qui garantit qu'il ne se cassera pas et ne se d\u00e9formera pas facilement sous l'effet du stress. Il est donc id\u00e9al pour les produits n\u00e9cessitant une durabilit\u00e9 et des performances \u00e0 long terme.<\/p>\n<div class=\"clear\"><\/div>\n<\/div>\n<div class=\"feature-item\">\n<img decoding=\"async\" alt=\"R\u00e9tention de la forme - Ultrasuede Microfibre Faux cuir pour gants de cyclisme\" class=\"feature-image right\" src=\"\/wp-content\/uploads\/2025\/08\/07mm-ultrasuede-microfiber-faux-leather-for-cycling-gloves--37883.jpg\"\/><\/p>\n<h3>Pas facile \u00e0 d\u00e9former<\/h3>\n<p>Sp\u00e9cialement trait\u00e9 pour conserver sa forme originale, ce mat\u00e9riau offre une excellente \u00e9lasticit\u00e9 et une grande stabilit\u00e9. Il r\u00e9siste aux d\u00e9formations dues \u00e0 la pression ext\u00e9rieure ou \u00e0 l'\u00e9tirement, ce qui permet aux produits de rester intacts et attrayants au fil du temps.<\/p>\n<div class=\"clear\"><\/div>\n<\/div>\n<div class=\"feature-item\">\n<img decoding=\"async\" alt=\"Durabilit\u00e9 - Ultrasuede Microfibre Faux cuir pour gants de cyclisme\" class=\"feature-image left\" src=\"\/wp-content\/uploads\/2025\/08\/07mm-ultrasuede-microfiber-faux-leather-for-cycling-gloves--37884.jpg\"\/><\/p>\n<h3>Durabilit\u00e9<\/h3>\n<p>Extr\u00eamement r\u00e9sistant \u00e0 l'abrasion, aux d\u00e9chirures et aux perforations, ce mat\u00e9riau permet aux gants de rester en parfait \u00e9tat, m\u00eame en cas d'utilisation prolong\u00e9e. Il conserve \u00e9galement une excellente dext\u00e9rit\u00e9 et une grande solidit\u00e9 pour les articles en cuir de haute qualit\u00e9.<\/p>\n<div class=\"clear\"><\/div>\n<\/div>\n<\/section>\n<p><\/main><\/p>\n<section id=\"inquiry\">\n<h2 style=\"text-align: center;\">Dans l'attente de votre demande, nous vous prions d'agr\u00e9er, Madame, Monsieur, l'expression de nos salutations distingu\u00e9es.<\/h2>\n<p style=\"text-align: center;\">Contactez-nous d\u00e8s aujourd'hui pour en savoir plus sur nos produits et passer votre commande.<\/p>\n<\/section>\n\n    <div class=\"xs_social_share_widget xs_share_url after_content \t\tmain_content  wslu-style-1 wslu-share-box-shaped wslu-fill-colored wslu-none wslu-share-horizontal wslu-theme-font-no wslu-main_content\">\n\n\t\t\n        <ul>\n\t\t\t        <\/ul>\n    <\/div>","protected":false},"excerpt":{"rendered":"<div class=\"product-short-description\">PVC Leather Can Be Embossed Artificial PVC Leather Leatherette Fabric WINIW Can Be Embossed Artificial PVC Leather Leatherette Fabric Les caract\u00e9ristiques principales incluent PVC Leather, WINIW, Width.ideal pour ceux qui recherchent la qualit\u00e9 et la fiabilit\u00e9.<\/p>\n<p>En tant qu'usine directe, fabricant et grossiste, nous pouvons contr\u00f4ler strictement le processus de production afin de garantir la qualit\u00e9 des produits tout en vous offrant les prix les plus favorables. Nous disposons d'\u00e9quipements de production avanc\u00e9s et d'une \u00e9quipe technique professionnelle pour r\u00e9pondre \u00e0 vos besoins en mati\u00e8re de commandes \u00e0 grande \u00e9chelle et garantir une livraison dans les d\u00e9lais.<\/p>\n<\/div>","protected":false},"featured_media":2707,"template":"","meta":[],"product_brand":[],"product_cat":[129],"product_tag":[18798],"class_list":{"0":"post-28680","1":"product","2":"type-product","3":"status-publish","4":"has-post-thumbnail","6":"product_cat-pvc-leather","7":"product_tag-automotive-pvc-leather-importerautomotive-pvc-leather-customautomotive-pvc-leather-factoryautomotive-pvc-leather-makerautomotive-pvc-leather-wholesalerautomotive-pvc-leather-traders","9":"first","10":"instock","11":"product-type-simple"},"_links":{"self":[{"href":"https:\/\/www.eco-leather.com\/fr\/wp-json\/wp\/v2\/product\/28680","targetHints":{"allow":["GET"]}}],"collection":[{"href":"https:\/\/www.eco-leather.com\/fr\/wp-json\/wp\/v2\/product"}],"about":[{"href":"https:\/\/www.eco-leather.com\/fr\/wp-json\/wp\/v2\/types\/product"}],"wp:featuredmedia":[{"embeddable":true,"href":"https:\/\/www.eco-leather.com\/fr\/wp-json\/wp\/v2\/media\/2707"}],"wp:attachment":[{"href":"https:\/\/www.eco-leather.com\/fr\/wp-json\/wp\/v2\/media?parent=28680"}],"wp:term":[{"taxonomy":"product_brand","embeddable":true,"href":"https:\/\/www.eco-leather.com\/fr\/wp-json\/wp\/v2\/product_brand?post=28680"},{"taxonomy":"product_cat","embeddable":true,"href":"https:\/\/www.eco-leather.com\/fr\/wp-json\/wp\/v2\/product_cat?post=28680"},{"taxonomy":"product_tag","embeddable":true,"href":"https:\/\/www.eco-leather.com\/fr\/wp-json\/wp\/v2\/product_tag?post=28680"}],"curies":[{"name":"wp","href":"https:\/\/api.w.org\/{rel}","templated":true}]}}