{"id":28676,"date":"2025-09-07T10:56:39","date_gmt":"2025-09-07T02:56:39","guid":{"rendered":"https:\/\/www.eco-leather.com\/product\/0-8mm-numerous-design-style-vegan-leather-pvc-leather-leatherette\/"},"modified":"2025-09-07T10:56:46","modified_gmt":"2025-09-07T02:56:46","slug":"0-8mm-nombreux-style-design-cuir-vegetalien-cuir-pvc-similicuir","status":"publish","type":"product","link":"https:\/\/www.eco-leather.com\/fr\/0-8mm-nombreux-style-design-cuir-vegetalien-cuir-pvc-similicuir\/","title":{"rendered":"0.8mm Nombreux styles de design Cuir v\u00e9g\u00e9talien Cuir PVC Similicuir"},"content":{"rendered":"<h2>Tissu imitation PVC<\/h2>\n<p><main><\/p>\n<section id=\"product-overview\">\n<h2>Description du produit<\/h2>\n<p>Mat\u00e9riau <strong>Faux cuir Spandex<\/strong> Introduction<\/p>\n<p>Porter <strong>Cuir de confection Import\u00e9<\/strong> r\u00e9sistant, imperm\u00e9able, anti-mildiou, flexible, r\u00e9sistance au feu, r\u00e9sistance au froid, r\u00e9sistance au mildiou, r\u00e9sistance aux intemp\u00e9ries,<\/p>\n<p>Fabriqu\u00e9 \u00e0 partir de mat\u00e9riaux en microfibre de haute qualit\u00e9, notre similicuir en microfibre Ultrasuede de 0,7 mm est le choix id\u00e9al pour les gants de cyclisme. Il allie souplesse et r\u00e9sistance, et offre des propri\u00e9t\u00e9s exceptionnelles de respirabilit\u00e9 et d'\u00e9vacuation de l'humidit\u00e9 pour garder les mains au frais et au sec pendant les sorties intenses.<\/p>\n<p>Que vous soyez un cycliste professionnel ou amateur, le cuir microfibre est un mat\u00e9riau qui offre un confort et une protection imbattables. Sa grande r\u00e9sistance \u00e0 l'abrasion et aux d\u00e9chirures garantit des performances durables, tandis que son design \u00e9l\u00e9gant ajoute une touche sophistiqu\u00e9e \u00e0 tout ensemble de cyclisme.<\/p>\n<\/section>\n<section id=\"specifications\">\n<h2>Param\u00e8tres techniques<\/h2>\n<p>Mat\u00e9riau <strong>Bo\u00eetes en simili cuir Chine<\/strong> Sp\u00e9cifications<\/p>\n<p><img decoding=\"async\" alt=\"0.7mm Ultrasuede Microfiber Faux cuir pour gants de cyclisme - Sp\u00e9cification des mat\u00e9riaux\" class=\"product-image\" src=\"\/wp-content\/uploads\/2025\/08\/07mm-ultrasuede-microfiber-faux-leather-for-cycling-gloves--37881.jpg\"\/><\/p>\n<h3>Param\u00e8tres du produit<\/h3>\n<ul class=\"parameters-list\">\n<li><span class=\"param-name\">Mat\u00e9riau :<\/span> Microfibre + PU<\/li>\n<li><span class=\"param-name\">Couleur :<\/span> Noir, Gris, Beige (couleurs personnalis\u00e9es disponibles)<\/li>\n<li><span class=\"param-name\">\u00c9paisseur :<\/span> 0,6 mm, 0,7 mm, 0,8 mm, 1 mm<\/li>\n<li><span class=\"param-name\">Quantit\u00e9 minimale de commande :<\/span> 300 m\u00e8tres lin\u00e9aires<\/li>\n<li><span class=\"param-name\">Longueur du rouleau :<\/span> 20-30m\/rouleau<\/li>\n<li><span class=\"param-name\">D\u00e9lai de livraison :<\/span> 15-20 jours<\/li>\n<li><span class=\"param-name\">Largeur :<\/span> 54\u2033, 137cm<\/li>\n<li><span class=\"param-name\">Capacit\u00e9 de production :<\/span> 1 000 000 m\u00e8tres par mois<\/li>\n<\/ul>\n<\/section>\n<section id=\"features\">\n<h2>Caract\u00e9ristiques du produit<\/h2>\n<div class=\"feature-item\">\n<img decoding=\"async\" alt=\"WINIW Company Factory Wholesale Fabrics s&#039;assure que chaque rouleau de notre cuir Vegan PVC r\u00e9pond aux normes les plus \u00e9lev\u00e9es de qualit\u00e9 et de durabilit\u00e9, ce qui le rend id\u00e9al pour la cr\u00e9ation d&#039;une large gamme de produits luxueux et respectueux de l&#039;environnement.\" class=\"feature-image left\" src=\"\/wp-content\/uploads\/2025\/08\/08mm-numerous-design-style-vegan-leather-pvc-leather-leatherette--27284.jpg\"\/><\/p>\n<h3>En tant que <strong>Daim Cuir Imperm\u00e9able Import<\/strong> Fournisseur en gros de confiance, WINIW Company Factory Wholesale Fabricants de tissus s'assure que chaque rouleau de notre cuir en simili PVC v\u00e9g\u00e9tal r\u00e9pond aux normes les plus \u00e9lev\u00e9es de qualit\u00e9 et de durabilit\u00e9, ce qui le rend id\u00e9al pour la cr\u00e9ation d'une large gamme de produits luxueux et respectueux de l'environnement.<\/h3>\n<p>En tant que <strong>Daim Cuir Imperm\u00e9able Import<\/strong> Fournisseur en gros de confiance, WINIW Company Factory Wholesale Fabricants de tissus s'assure que chaque rouleau de notre cuir Vegan PVC Leatherette Leather r\u00e9pond aux normes les plus \u00e9lev\u00e9es de qualit\u00e9 et de durabilit\u00e9, ce qui le rend id\u00e9al pour la cr\u00e9ation d'une large gamme de produits luxueux et respectueux de l'environnement.<\/p>\n<div class=\"clear\"><\/div>\n<\/div>\n<div class=\"feature-item\">\n<img decoding=\"async\" alt=\"Notre engagement en faveur de l&#039;excellence et de l&#039;innovation nous a permis de nous positionner en tant que source de r\u00e9f\u00e9rence pour les fabricants qui cherchent \u00e0 am\u00e9liorer leurs produits gr\u00e2ce \u00e0 des mat\u00e9riaux \u00e9thiques et \u00e9l\u00e9gants. \" class=\"feature-image left\" src=\"\/wp-content\/uploads\/2025\/08\/08mm-numerous-design-style-vegan-leather-pvc-leather-leatherette--27285.jpg\"\/><\/p>\n<h3>Notre engagement en faveur de l'excellence et de l'innovation nous a permis de nous positionner en tant que source de r\u00e9f\u00e9rence pour les fabricants qui cherchent \u00e0 am\u00e9liorer leurs produits gr\u00e2ce \u00e0 des mat\u00e9riaux \u00e9thiques et \u00e9l\u00e9gants. <\/h3>\n<p>Notre engagement en faveur de l'excellence et de l'innovation nous a permis de nous positionner en tant que source de r\u00e9f\u00e9rence pour les fabricants qui cherchent \u00e0 am\u00e9liorer leurs conceptions gr\u00e2ce \u00e0 des mat\u00e9riaux \u00e9thiques et \u00e9l\u00e9gants. Mat\u00e9riau <strong>Faux cuir imperm\u00e9able Personnaliser<\/strong> PVC Leather Brand Name WINIW Company Factory Wholesale FabricurersWidth 54\u2033 ;<\/p>\n<div class=\"clear\"><\/div>\n<\/div>\n<div class=\"feature-item\">\n<img decoding=\"async\" alt=\"1\" class=\"feature-image left\" src=\"\/wp-content\/uploads\/2025\/08\/08mm-numerous-design-style-vegan-leather-pvc-leather-leatherette--27286.jpg\"\/><\/p>\n<h3>1<\/h3>\n<p>1.37m Couleur Rouge, Noir, Marron, Vert, sur demande Caract\u00e9ristique R\u00e9sistant \u00e0 l'usure, Imperm\u00e9able, Anti-mildiou, Flexible, R\u00e9sistance au feu, R\u00e9sistance au froid, R\u00e9sistance aux moisissures, R\u00e9sistance aux intemp\u00e9ries, R\u00e9sistance \u00e0 la lumi\u00e8re, R\u00e9sistance \u00e0 l'\u00e9caillage Epaisseur 0.6mm-2.4mm, sur demande Lieu d'origine Chine Personnalis\u00e9 Oui D\u00e9lai de livraison Habituellement dans les 15 - 25 jours.<\/p>\n<div class=\"clear\"><\/div>\n<\/div>\n<div class=\"feature-item\">\n<img decoding=\"async\" alt=\"MOQSuede Leather Waterproof Spray300 m\u00e8tres D\u00e9tails de l&#039;emballage 30\/50 m\u00e8tres par rouleau\" class=\"feature-image left\" src=\"\/wp-content\/uploads\/2025\/08\/08mm-numerous-design-style-vegan-leather-pvc-leather-leatherette--27287.jpg\"\/><\/p>\n<h3>MOQ <strong>Spray imperm\u00e9able pour daim et cuir<\/strong> 300 m\u00e8tres D\u00e9tails de l'emballage 30\/50 m\u00e8tres par rouleau<\/h3>\n<p>MOQ <strong>Spray imperm\u00e9able pour daim et cuir<\/strong> 300 m\u00e8tres D\u00e9tails de l'emballage 30\/50 m\u00e8tres par rouleau. Ou sur mesure Capacit\u00e9 de production 1 000 000 m\u00e8tres par mois<\/p>\n<div class=\"clear\"><\/div>\n<\/div>\n<div class=\"feature-item\">\n<img decoding=\"async\" alt=\"Haute r\u00e9sistance \u00e0 la d\u00e9chirure - Ultrasuede Microfibre Faux cuir pour gants de cyclisme\" class=\"feature-image left\" src=\"\/wp-content\/uploads\/2025\/08\/07mm-ultrasuede-microfiber-faux-leather-for-cycling-gloves--37882.jpg\"\/><\/p>\n<h3>R\u00e9sistance \u00e9lev\u00e9e \u00e0 la d\u00e9chirure<\/h3>\n<p>Notre cuir microfibre Ultrasuede pr\u00e9sente une r\u00e9sistance exceptionnelle \u00e0 la d\u00e9chirure, ce qui garantit qu'il ne se cassera pas et ne se d\u00e9formera pas facilement sous l'effet du stress. Il est donc id\u00e9al pour les produits n\u00e9cessitant une durabilit\u00e9 et des performances \u00e0 long terme.<\/p>\n<div class=\"clear\"><\/div>\n<\/div>\n<div class=\"feature-item\">\n<img decoding=\"async\" alt=\"R\u00e9tention de la forme - Ultrasuede Microfibre Faux cuir pour gants de cyclisme\" class=\"feature-image right\" src=\"\/wp-content\/uploads\/2025\/08\/07mm-ultrasuede-microfiber-faux-leather-for-cycling-gloves--37883.jpg\"\/><\/p>\n<h3>Pas facile \u00e0 d\u00e9former<\/h3>\n<p>Sp\u00e9cialement trait\u00e9 pour conserver sa forme originale, ce mat\u00e9riau offre une excellente \u00e9lasticit\u00e9 et une grande stabilit\u00e9. Il r\u00e9siste aux d\u00e9formations dues \u00e0 la pression ext\u00e9rieure ou \u00e0 l'\u00e9tirement, ce qui permet aux produits de rester intacts et attrayants au fil du temps.<\/p>\n<div class=\"clear\"><\/div>\n<\/div>\n<div class=\"feature-item\">\n<img decoding=\"async\" alt=\"Durabilit\u00e9 - Ultrasuede Microfibre Faux cuir pour gants de cyclisme\" class=\"feature-image left\" src=\"\/wp-content\/uploads\/2025\/08\/07mm-ultrasuede-microfiber-faux-leather-for-cycling-gloves--37884.jpg\"\/><\/p>\n<h3>Durabilit\u00e9<\/h3>\n<p>Extr\u00eamement r\u00e9sistant \u00e0 l'abrasion, aux d\u00e9chirures et aux perforations, ce mat\u00e9riau permet aux gants de rester en parfait \u00e9tat, m\u00eame en cas d'utilisation prolong\u00e9e. Il conserve \u00e9galement une excellente dext\u00e9rit\u00e9 et une grande solidit\u00e9 pour les articles en cuir de haute qualit\u00e9.<\/p>\n<div class=\"clear\"><\/div>\n<\/div>\n<\/section>\n<section id=\"why-choose-us\">\n<h2>Pourquoi choisir WINIW<\/h2>\n<div class=\"advantage-item\">\n<h3>D\u00e9couvrez l'\u00e9l\u00e9gance r\u00e9volutionnaire de notre cuir Vegan PVC en similicuir aux nombreux motifs, m\u00e9ticuleusement fabriqu\u00e9 par WINIW Company Factory Wholesale Fabricurers, une usine de premier plan sp\u00e9cialis\u00e9e dans la production de cuirs artificiels de qualit\u00e9 sup\u00e9rieure.<\/h3>\n<p>D\u00e9couvrez l'\u00e9l\u00e9gance r\u00e9volutionnaire de notre cuir en similicuir PVC v\u00e9g\u00e9tal aux nombreux motifs, m\u00e9ticuleusement fabriqu\u00e9 par WINIW Company Factory Wholesale Fabricurers, une usine de premier plan sp\u00e9cialis\u00e9e dans la production de cuirs artificiels de qualit\u00e9 sup\u00e9rieure. Con\u00e7u pour les fabricants \u00e0 la recherche de mat\u00e9riaux de haute qualit\u00e9 et respectueux de l'environnement pour leurs articles de maroquinerie, notre similicuir en PVC offre une alternative polyvalente et durable au cuir v\u00e9ritable. Fabriqu\u00e9 \u00e0 partir de mat\u00e9riaux synth\u00e9tiques avanc\u00e9s, ce similicuir offre une gamme \u00e9tonnante de designs et de textures, r\u00e9pondant aux divers besoins des fabricants \u00e0 la pointe de la mode.<\/p>\n<\/div>\n<div class=\"advantage-item\">\n<h3>Assurance qualit\u00e9<\/h3>\n<p>Nous mettons en \u0153uvre un contr\u00f4le de qualit\u00e9 strict tout au long de la cha\u00eene de production et d'approvisionnement, en adh\u00e9rant aux normes ISO9001. De la s\u00e9lection des mati\u00e8res premi\u00e8res \u00e0 l'inspection finale, nous donnons la priorit\u00e9 aux int\u00e9r\u00eats des clients.<\/p>\n<\/div>\n<div class=\"advantage-item\">\n<h3>\u00c9quipe technique professionnelle<\/h3>\n<p>Notre \u00e9quipe technique sp\u00e9cialis\u00e9e se compose de professionnels exp\u00e9riment\u00e9s dans divers domaines, qui se consacrent \u00e0 la fourniture de produits de haute qualit\u00e9 et de solutions sur mesure.<\/p>\n<\/div>\n<div class=\"advantage-item\">\n<h3>Large \u00e9ventail d'applications<\/h3>\n<p>Nos mat\u00e9riaux sont largement utilis\u00e9s dans les chaussures, les v\u00eatements, les bagages, les int\u00e9rieurs d'automobiles, les canap\u00e9s, etc.<\/p>\n<\/div>\n<div class=\"advantage-item\">\n<h3>Une exp\u00e9rience riche<\/h3>\n<p>Quanzhou WINIW Import &amp; Export Co. poss\u00e8de plus de 20 ans d'exp\u00e9rience en mati\u00e8re de production et offre des solutions parfaites aux clients du monde entier.<\/p>\n<\/div>\n<div class=\"advantage-item\">\n<h3>Prix abordable<\/h3>\n<p>Nous proposons des prix comp\u00e9titifs et un excellent service \u00e0 la client\u00e8le. Demandez un catalogue ou visitez notre usine pour d\u00e9couvrir nos produits.<\/p>\n<\/div>\n<div class=\"advantage-item\">\n<h3>Service client\u00e8le en ligne 24 heures sur 24<\/h3>\n<p>Notre \u00e9quipe est disponible 24 heures sur 24, 7 jours sur 7, pour r\u00e9pondre aux demandes de renseignements et traiter rapidement les commentaires.<\/p>\n<\/div>\n<p><img decoding=\"async\" alt=\"Installation de production WINIW - Processus de fabrication du cuir microfibre Ultrasuede\" class=\"product-image\" src=\"\/wp-content\/uploads\/2025\/08\/07mm-ultrasuede-microfiber-faux-leather-for-cycling-gloves--37888.jpg\"\/><br \/>\n<\/section>\n<p><\/main><\/p>\n<section id=\"inquiry\">\n<h2 style=\"text-align: center;\">Dans l'attente de votre demande, nous vous prions d'agr\u00e9er, Madame, Monsieur, l'expression de nos salutations distingu\u00e9es.<\/h2>\n<p style=\"text-align: center;\">Contactez-nous d\u00e8s aujourd'hui pour en savoir plus sur nos produits et passer votre commande.<\/p>\n<\/section>\n\n    <div class=\"xs_social_share_widget xs_share_url after_content \t\tmain_content  wslu-style-1 wslu-share-box-shaped wslu-fill-colored wslu-none wslu-share-horizontal wslu-theme-font-no wslu-main_content\">\n\n\t\t\n        <ul>\n\t\t\t        <\/ul>\n    <\/div>","protected":false},"excerpt":{"rendered":"<div class=\"product-short-description\">PVC Leather 0.8mm Numerous Design Style Vegan Leather PVC Leather Leatherette WINIW 0.8mm Numerous Design Style Vegan Leather PVC Leatherette Les caract\u00e9ristiques principales incluent PVC Leather, WINIW, Width.id\u00e9al pour ceux qui recherchent la qualit\u00e9 et la fiabilit\u00e9.<\/p>\n<p>En tant qu'usine directe, fabricant et grossiste, nous pouvons contr\u00f4ler strictement le processus de production afin de garantir la qualit\u00e9 des produits tout en vous offrant les prix les plus favorables. Nous disposons d'\u00e9quipements de production avanc\u00e9s et d'une \u00e9quipe technique professionnelle pour r\u00e9pondre \u00e0 vos besoins en mati\u00e8re de commandes \u00e0 grande \u00e9chelle et garantir une livraison dans les d\u00e9lais.<\/p>\n<\/div>","protected":false},"featured_media":2677,"template":"","meta":[],"product_brand":[],"product_cat":[129],"product_tag":[18796],"class_list":{"0":"post-28676","1":"product","2":"type-product","3":"status-publish","4":"has-post-thumbnail","6":"product_cat-pvc-leather","7":"product_tag-artificial-leather-pvc-serviceartificial-leather-pvc-makerartificial-leather-pvc-sourcingartificial-leather-pvc-wholesalerartificial-leather-pvc-customartificial-leather-pvc-dealer","9":"first","10":"instock","11":"product-type-simple"},"_links":{"self":[{"href":"https:\/\/www.eco-leather.com\/fr\/wp-json\/wp\/v2\/product\/28676","targetHints":{"allow":["GET"]}}],"collection":[{"href":"https:\/\/www.eco-leather.com\/fr\/wp-json\/wp\/v2\/product"}],"about":[{"href":"https:\/\/www.eco-leather.com\/fr\/wp-json\/wp\/v2\/types\/product"}],"wp:featuredmedia":[{"embeddable":true,"href":"https:\/\/www.eco-leather.com\/fr\/wp-json\/wp\/v2\/media\/2677"}],"wp:attachment":[{"href":"https:\/\/www.eco-leather.com\/fr\/wp-json\/wp\/v2\/media?parent=28676"}],"wp:term":[{"taxonomy":"product_brand","embeddable":true,"href":"https:\/\/www.eco-leather.com\/fr\/wp-json\/wp\/v2\/product_brand?post=28676"},{"taxonomy":"product_cat","embeddable":true,"href":"https:\/\/www.eco-leather.com\/fr\/wp-json\/wp\/v2\/product_cat?post=28676"},{"taxonomy":"product_tag","embeddable":true,"href":"https:\/\/www.eco-leather.com\/fr\/wp-json\/wp\/v2\/product_tag?post=28676"}],"curies":[{"name":"wp","href":"https:\/\/api.w.org\/{rel}","templated":true}]}}