{"id":28653,"date":"2025-09-07T10:56:28","date_gmt":"2025-09-07T02:56:28","guid":{"rendered":"https:\/\/www.eco-leather.com\/product\/0-5mm-softness-and-elasticity-book-cover-artificial-brown-faux-pu-material\/"},"modified":"2025-09-07T10:56:34","modified_gmt":"2025-09-07T02:56:34","slug":"0-5mm-douceur-et-elasticite-couverture-de-livre-artificielle-marron-en-faux-pu","status":"publish","type":"product","link":"https:\/\/www.eco-leather.com\/fr\/0-5mm-douceur-et-elasticite-couverture-de-livre-artificielle-marron-en-faux-pu\/","title":{"rendered":"0.5mm Douceur et \u00e9lasticit\u00e9 Couverture de Livre Artificielle Marron Faux Pu Mati\u00e8re"},"content":{"rendered":"<h2>Mati\u00e8re PU pour la couverture de l'ordinateur portable<\/h2>\n<p><main><\/p>\n<section id=\"product-overview\">\n<h2>Description du produit<\/h2>\n<p>produit <strong>Fabricants de mat\u00e9riaux Pu<\/strong> description<\/p>\n<p>Vari\u00e9t\u00e9 de couleurs et de motifs<\/p>\n<p>Fabriqu\u00e9 \u00e0 partir de mat\u00e9riaux en microfibre de haute qualit\u00e9, notre similicuir en microfibre Ultrasuede de 0,7 mm est le choix id\u00e9al pour les gants de cyclisme. Il allie souplesse et r\u00e9sistance, et offre des propri\u00e9t\u00e9s exceptionnelles de respirabilit\u00e9 et d'\u00e9vacuation de l'humidit\u00e9 pour garder les mains au frais et au sec pendant les sorties intenses.<\/p>\n<p>Que vous soyez un cycliste professionnel ou amateur, le cuir microfibre est un mat\u00e9riau qui offre un confort et une protection imbattables. Sa grande r\u00e9sistance \u00e0 l'abrasion et aux d\u00e9chirures garantit des performances durables, tandis que son design \u00e9l\u00e9gant ajoute une touche sophistiqu\u00e9e \u00e0 tout ensemble de cyclisme.<\/p>\n<\/section>\n<section id=\"specifications\">\n<h2>Param\u00e8tres techniques<\/h2>\n<ul class_=\"parameters-list\">\n<li><span class=\"param-name\">param\u00e8tre <strong>Mat\u00e9riau de la doublure des chaussures<\/strong> Mat\u00e9riau :<\/span> microfibre + PU. couleur : r\u00e9f\u00e9rence couleur Pantone ou \u00e9chantillon Epaisseur Normale 0.4mm, 0.5mm, 0.6mm ou Epaisseur personnalis\u00e9e Quantit\u00e9 minimum de commande : 300 m\u00e8tres lin\u00e9aires.<\/li>\n<li><span class=\"param-name\">Longueur du rouleau :<\/span> 20-30m\/rouleau d\u00e9lai de livraison : 15-20 jours. largeur : 54 , 137cm Capacit\u00e9 de production : 1.000.000 m\u00e8tres par mois.<\/li>\n<\/ul>\n<p><img decoding=\"async\" alt=\"0.7mm Ultrasuede Microfiber Faux cuir pour gants de cyclisme - Sp\u00e9cification des mat\u00e9riaux\" class=\"product-image\" src=\"\/wp-content\/uploads\/2025\/08\/07mm-ultrasuede-microfiber-faux-leather-for-cycling-gloves--37881.jpg\"\/><\/p>\n<h3>Param\u00e8tres du produit<\/h3>\n<ul class=\"parameters-list\">\n<li><span class=\"param-name\">Mat\u00e9riau :<\/span> Microfibre + PU<\/li>\n<li><span class=\"param-name\">Couleur :<\/span> Noir, Gris, Beige (couleurs personnalis\u00e9es disponibles)<\/li>\n<li><span class=\"param-name\">\u00c9paisseur :<\/span> 0,6 mm, 0,7 mm, 0,8 mm, 1 mm<\/li>\n<li><span class=\"param-name\">Quantit\u00e9 minimale de commande :<\/span> 300 m\u00e8tres lin\u00e9aires<\/li>\n<li><span class=\"param-name\">Longueur du rouleau :<\/span> 20-30m\/rouleau<\/li>\n<li><span class=\"param-name\">D\u00e9lai de livraison :<\/span> 15-20 jours<\/li>\n<li><span class=\"param-name\">Largeur :<\/span> 54\u2033, 137cm<\/li>\n<li><span class=\"param-name\">Capacit\u00e9 de production :<\/span> 1 000 000 m\u00e8tres par mois<\/li>\n<\/ul>\n<\/section>\n<section id=\"features\">\n<h2>Caract\u00e9ristiques du produit<\/h2>\n<div class=\"feature-item\">\n<img decoding=\"async\" alt=\"WINIWaterproof Sofa Material NearCompany Factory Wholesale Leatherette Manufacturers\" class=\"feature-image left\" src=\"\/wp-content\/uploads\/2025\/08\/05mm-softness-and-elasticity-book-cover-artificial-brown-faux-pu-material-27065.jpg\"\/><\/p>\n<h3>WINIW <strong>Mat\u00e9riau imperm\u00e9able pour canap\u00e9 Pr\u00e8s de<\/strong> Company Factory Fabricants de simili-cuir en gros<\/h3>\n<p>WINIW <strong>Mat\u00e9riau imperm\u00e9able pour canap\u00e9 Pr\u00e8s de<\/strong> Company Factory Wholesale Leatherette Manufacturers.5mm Softness And Elasticity Book Cover Artificial Brown Faux PU Material est un mat\u00e9riau en similicuir PU de haute qualit\u00e9 sp\u00e9cialement con\u00e7u pour les usines B-end.<\/p>\n<div class=\"clear\"><\/div>\n<\/div>\n<div class=\"feature-item\">\n<img decoding=\"async\" alt=\"Avec son syst\u00e8me unique de 0\" class=\"feature-image left\" src=\"\/wp-content\/uploads\/2025\/08\/05mm-softness-and-elasticity-book-cover-artificial-brown-faux-pu-material-27066.jpg\"\/><\/p>\n<h3>Avec son syst\u00e8me unique de 0<\/h3>\n<p>Avec son \u00e9paisseur unique de 0,5 mm, ce mat\u00e9riau garantit une portabilit\u00e9 l\u00e9g\u00e8re tout en offrant une souplesse et une \u00e9lasticit\u00e9 exceptionnelles. Son <strong>Mat\u00e9rialit\u00e9 du canap\u00e9 imperm\u00e9able<\/strong> pr\u00e9sente une finition en similicuir marron finement textur\u00e9e, avec un haut degr\u00e9 de r\u00e9alisme et un toucher d\u00e9licat, ce qui am\u00e9liore consid\u00e9rablement la texture g\u00e9n\u00e9rale et l'attrait visuel des produits finis.<\/p>\n<div class=\"clear\"><\/div>\n<\/div>\n<div class=\"feature-item\">\n<img decoding=\"async\" alt=\"Caract\u00e9ristiques principales\" class=\"feature-image left\" src=\"\/wp-content\/uploads\/2025\/08\/05mm-softness-and-elasticity-book-cover-artificial-brown-faux-pu-material-27067.jpg\"\/><\/p>\n<h3>Caract\u00e9ristiques principales<\/h3>\n<p>D\u00e9tails et caract\u00e9ristiques du produit<\/p>\n<div class=\"clear\"><\/div>\n<\/div>\n<div class=\"feature-item\">\n<img decoding=\"async\" alt=\"Haute r\u00e9sistance \u00e0 la d\u00e9chirure - Ultrasuede Microfibre Faux cuir pour gants de cyclisme\" class=\"feature-image left\" src=\"\/wp-content\/uploads\/2025\/08\/07mm-ultrasuede-microfiber-faux-leather-for-cycling-gloves--37882.jpg\"\/><\/p>\n<h3>R\u00e9sistance \u00e9lev\u00e9e \u00e0 la d\u00e9chirure<\/h3>\n<p>Notre cuir microfibre Ultrasuede pr\u00e9sente une r\u00e9sistance exceptionnelle \u00e0 la d\u00e9chirure, ce qui garantit qu'il ne se cassera pas et ne se d\u00e9formera pas facilement sous l'effet du stress. Il est donc id\u00e9al pour les produits n\u00e9cessitant une durabilit\u00e9 et des performances \u00e0 long terme.<\/p>\n<div class=\"clear\"><\/div>\n<\/div>\n<div class=\"feature-item\">\n<img decoding=\"async\" alt=\"R\u00e9tention de la forme - Ultrasuede Microfibre Faux cuir pour gants de cyclisme\" class=\"feature-image right\" src=\"\/wp-content\/uploads\/2025\/08\/07mm-ultrasuede-microfiber-faux-leather-for-cycling-gloves--37883.jpg\"\/><\/p>\n<h3>Pas facile \u00e0 d\u00e9former<\/h3>\n<p>Sp\u00e9cialement trait\u00e9 pour conserver sa forme originale, ce mat\u00e9riau offre une excellente \u00e9lasticit\u00e9 et une grande stabilit\u00e9. Il r\u00e9siste aux d\u00e9formations dues \u00e0 la pression ext\u00e9rieure ou \u00e0 l'\u00e9tirement, ce qui permet aux produits de rester intacts et attrayants au fil du temps.<\/p>\n<div class=\"clear\"><\/div>\n<\/div>\n<div class=\"feature-item\">\n<img decoding=\"async\" alt=\"Durabilit\u00e9 - Ultrasuede Microfibre Faux cuir pour gants de cyclisme\" class=\"feature-image left\" src=\"\/wp-content\/uploads\/2025\/08\/07mm-ultrasuede-microfiber-faux-leather-for-cycling-gloves--37884.jpg\"\/><\/p>\n<h3>Durabilit\u00e9<\/h3>\n<p>Extr\u00eamement r\u00e9sistant \u00e0 l'abrasion, aux d\u00e9chirures et aux perforations, ce mat\u00e9riau permet aux gants de rester en parfait \u00e9tat, m\u00eame en cas d'utilisation prolong\u00e9e. Il conserve \u00e9galement une excellente dext\u00e9rit\u00e9 et une grande solidit\u00e9 pour les articles en cuir de haute qualit\u00e9.<\/p>\n<div class=\"clear\"><\/div>\n<\/div>\n<\/section>\n<section id=\"usage\">\n<h2>Utilisation et applications<\/h2>\n<p><img decoding=\"async\" alt=\"Couverture d&#039;ordinateur portable synth\u00e9tique Mat\u00e9riaux en cuir\" data-mce-file-size=\"NaN\" data-mce-file-status=\"1\" height=\"auto\" src=\"\/wp-content\/uploads\/2025\/08\/05mm-softness-and-elasticity-book-cover-artificial-brown-faux-pu-material-27068.jpg\" width=\"auto\"\/><\/p>\n<div class=\"usage-point\">\n<h3>Fabriqu\u00e9 <strong>Mat\u00e9riau du sac Pu Soci\u00e9t\u00e9s<\/strong> Fabriqu\u00e9 en PU synth\u00e9tique de premi\u00e8re qualit\u00e9, ce mat\u00e9riau subit un traitement sp\u00e9cial pour offrir une r\u00e9sistance exceptionnelle \u00e0 l'usure, aux rayures et au vieillissement, ce qui lui permet de conserver sa couleur \u00e9clatante et sa texture douce apr\u00e8s une utilisation prolong\u00e9e.<\/h3>\n<p>Fabriqu\u00e9 <strong>Mat\u00e9riau du sac Pu Soci\u00e9t\u00e9s<\/strong> Fabriqu\u00e9 en PU synth\u00e9tique de premi\u00e8re qualit\u00e9, ce mat\u00e9riau subit un traitement sp\u00e9cial qui lui conf\u00e8re une r\u00e9sistance exceptionnelle \u00e0 l'usure, aux rayures et au vieillissement, ce qui lui permet de conserver sa couleur \u00e9clatante et sa texture douce apr\u00e8s une utilisation prolong\u00e9e.<\/p>\n<\/div>\n<div class=\"usage-point\">\n<h3>En outre, <strong>Vendeurs de mat\u00e9riaux d'ameublement pour canap\u00e9s<\/strong> ses excellentes performances environnementales r\u00e9pondent aux normes internationales, ce qui en fait un choix id\u00e9al pour les usines de la cat\u00e9gorie B qui cherchent \u00e0 produire de mani\u00e8re \u00e9cologique<\/h3>\n<p>En outre, <strong>Vendeurs de mat\u00e9riaux d'ameublement pour canap\u00e9s<\/strong> ses excellentes performances environnementales r\u00e9pondent aux normes internationales, ce qui en fait un choix id\u00e9al pour les usines de la cat\u00e9gorie B qui cherchent \u00e0 produire de mani\u00e8re \u00e9cologique.<\/p>\n<\/div>\n<div class=\"usage-point\">\n<h3>Le cuir artificiel peut \u00eatre produit dans une large gamme de couleurs et de motifs gr\u00e2ce \u00e0 divers proc\u00e9d\u00e9s et techniques, afin de r\u00e9pondre aux besoins et aux pr\u00e9f\u00e9rences des utilisateurs.<\/h3>\n<p>Le cuir artificiel peut \u00eatre produit dans une large gamme de couleurs et de motifs gr\u00e2ce \u00e0 divers proc\u00e9d\u00e9s et techniques, afin de r\u00e9pondre aux besoins et pr\u00e9f\u00e9rences individuels des utilisateurs.<\/p>\n<\/div>\n<div class=\"usage-point\">\n<h3>Confortable et respirant<\/h3>\n<p>Doux, confortable et tr\u00e8s respirant, ce mat\u00e9riau est parfait pour les gants de cyclisme et autres produits port\u00e9s pendant de longues p\u00e9riodes. Il permet de garder les mains au frais et au sec pendant les activit\u00e9s intenses.<\/p>\n<\/div>\n<div class=\"usage-point\">\n<h3>Respectueux de l'environnement et durable<\/h3>\n<p>Notre similicuir en microfibre Ultrasuede comprend des options respectueuses de l'environnement, telles que des variantes fabriqu\u00e9es \u00e0 partir de PET recycl\u00e9 et de mat\u00e9riaux d'origine v\u00e9g\u00e9tale, r\u00e9duisant ainsi l'impact sur l'environnement tout en offrant des textures vari\u00e9es.<\/p>\n<\/div>\n<div class=\"usage-point\">\n<h3>Protection antibact\u00e9rienne et anti-poussi\u00e8re<\/h3>\n<p>Les variantes s\u00e9lectionn\u00e9es pr\u00e9sentent des propri\u00e9t\u00e9s antibact\u00e9riennes et r\u00e9sistantes \u00e0 la poussi\u00e8re, r\u00e9pondant \u00e0 des normes d'hygi\u00e8ne \u00e9lev\u00e9es, id\u00e9ales pour les gants n\u00e9cessitant des contr\u00f4les de qualit\u00e9 et de s\u00e9curit\u00e9 stricts.<\/p>\n<\/div>\n<div class=\"usage-point\">\n<h3>Divers sc\u00e9narios d'application<\/h3>\n<p>Outre les gants de cyclisme, il convient aux gants de contact, aux gants de s\u00e9curit\u00e9 et \u00e0 divers autres types de gants, ainsi qu'aux chaussures, aux v\u00eatements et aux accessoires.<\/p>\n<\/div>\n<p><img decoding=\"async\" alt=\"Applications du similicuir en microfibre Ultrasuede de 0,7 mm dans divers produits\" class=\"product-image\" src=\"\/wp-content\/uploads\/2025\/08\/07mm-ultrasuede-microfiber-faux-leather-for-cycling-gloves--37885.jpg\"\/><br \/>\n<img decoding=\"async\" alt=\"Gants de cyclisme en cuir microfibre Ultrasuede - exemple de produit\" class=\"product-image\" src=\"\/wp-content\/uploads\/2025\/08\/07mm-ultrasuede-microfiber-faux-leather-for-cycling-gloves--37886.jpg\"\/><br \/>\n<\/section>\n<p><\/main><\/p>\n<section id=\"inquiry\">\n<h2 style=\"text-align: center;\">Dans l'attente de votre demande, nous vous prions d'agr\u00e9er, Madame, Monsieur, l'expression de nos salutations distingu\u00e9es.<\/h2>\n<p style=\"text-align: center;\">Contactez-nous d\u00e8s aujourd'hui pour en savoir plus sur nos produits et passer votre commande.<\/p>\n<\/section>\n\n    <div class=\"xs_social_share_widget xs_share_url after_content \t\tmain_content  wslu-style-1 wslu-share-box-shaped wslu-fill-colored wslu-none wslu-share-horizontal wslu-theme-font-no wslu-main_content\">\n\n\t\t\n        <ul>\n\t\t\t        <\/ul>\n    <\/div>","protected":false},"excerpt":{"rendered":"<div class=\"product-short-description\">PU Leather 0.5mm Softness And Elasticity Book Cover Artificial Brown Faux Pu Material WINIW 0.5mm Softness And Elasticity Book Cover Artificial Brown Faux Pu Material Key features include.ideal for those seeking quality and reliability.<\/p>\n<p>En tant qu'usine directe, fabricant et grossiste, nous pouvons contr\u00f4ler strictement le processus de production afin de garantir la qualit\u00e9 des produits tout en vous offrant les prix les plus favorables. Nous disposons d'\u00e9quipements de production avanc\u00e9s et d'une \u00e9quipe technique professionnelle pour r\u00e9pondre \u00e0 vos besoins en mati\u00e8re de commandes \u00e0 grande \u00e9chelle et garantir une livraison dans les d\u00e9lais.<\/p>\n<\/div>","protected":false},"featured_media":5010,"template":"","meta":[],"product_brand":[],"product_cat":[198],"product_tag":[18776],"class_list":{"0":"post-28653","1":"product","2":"type-product","3":"status-publish","4":"has-post-thumbnail","6":"product_cat-pu-leather","7":"product_tag-artificial-leather-repairartificial-leather-beltartificial-leather-glovespu-artificial-leatherartificial-leather-couchartificial-leather-name","9":"first","10":"instock","11":"product-type-simple"},"_links":{"self":[{"href":"https:\/\/www.eco-leather.com\/fr\/wp-json\/wp\/v2\/product\/28653","targetHints":{"allow":["GET"]}}],"collection":[{"href":"https:\/\/www.eco-leather.com\/fr\/wp-json\/wp\/v2\/product"}],"about":[{"href":"https:\/\/www.eco-leather.com\/fr\/wp-json\/wp\/v2\/types\/product"}],"wp:featuredmedia":[{"embeddable":true,"href":"https:\/\/www.eco-leather.com\/fr\/wp-json\/wp\/v2\/media\/5010"}],"wp:attachment":[{"href":"https:\/\/www.eco-leather.com\/fr\/wp-json\/wp\/v2\/media?parent=28653"}],"wp:term":[{"taxonomy":"product_brand","embeddable":true,"href":"https:\/\/www.eco-leather.com\/fr\/wp-json\/wp\/v2\/product_brand?post=28653"},{"taxonomy":"product_cat","embeddable":true,"href":"https:\/\/www.eco-leather.com\/fr\/wp-json\/wp\/v2\/product_cat?post=28653"},{"taxonomy":"product_tag","embeddable":true,"href":"https:\/\/www.eco-leather.com\/fr\/wp-json\/wp\/v2\/product_tag?post=28653"}],"curies":[{"name":"wp","href":"https:\/\/api.w.org\/{rel}","templated":true}]}}