{"id":28530,"date":"2025-09-07T10:55:23","date_gmt":"2025-09-07T02:55:23","guid":{"rendered":"https:\/\/www.eco-leather.com\/product\/0-8mm-light-texture-microfiber-base-leather-for-automotive-interior\/"},"modified":"2025-09-07T10:55:28","modified_gmt":"2025-09-07T02:55:28","slug":"0-8mm-cuir-de-base-microfibre-a-texture-legere-pour-interieur-automobile","status":"publish","type":"product","link":"https:\/\/www.eco-leather.com\/fr\/0-8mm-cuir-de-base-microfibre-a-texture-legere-pour-interieur-automobile\/","title":{"rendered":"0.8mm Light Texture Microfiber Base Leather For Automotive interior"},"content":{"rendered":"<h2>Cuir de base microfibre<\/h2>\n<p><main><\/p>\n<section id=\"product-overview\">\n<h2>Description du produit<\/h2>\n<p>produit <strong>Semelle en faux cuir<\/strong> description<\/p>\n<p>Lumineux <strong>Automobile Si\u00e8ges en cuir Chien d'assistance<\/strong> Apparence Qu'il s'agisse de produits en cuir teint ou de cuir de couleur naturelle, sa surface \u00e9mettra un \u00e9clat unique, donnant aux gens une impression de noblesse et d'\u00e9l\u00e9gance.<\/p>\n<p>L'aspect brillant des produits en cuir leur conf\u00e8re un aspect haut de gamme et atmosph\u00e9rique dans toutes sortes d'occasions, qu'il s'agisse d'une tenue quotidienne ou d'une tenue de soir\u00e9e. Nombreuses couleurs<\/p>\n<p>Fabriqu\u00e9 \u00e0 partir de mat\u00e9riaux en microfibre de haute qualit\u00e9, notre similicuir en microfibre Ultrasuede de 0,7 mm est le choix id\u00e9al pour les gants de cyclisme. Il allie souplesse et r\u00e9sistance, et offre des propri\u00e9t\u00e9s exceptionnelles de respirabilit\u00e9 et d'\u00e9vacuation de l'humidit\u00e9 pour garder les mains au frais et au sec pendant les sorties intenses.<\/p>\n<p>Que vous soyez un cycliste professionnel ou amateur, le cuir microfibre est un mat\u00e9riau qui offre un confort et une protection imbattables. Sa grande r\u00e9sistance \u00e0 l'abrasion et aux d\u00e9chirures garantit des performances durables, tandis que son design \u00e9l\u00e9gant ajoute une touche sophistiqu\u00e9e \u00e0 tout ensemble de cyclisme.<\/p>\n<\/section>\n<section id=\"specifications\">\n<h2>Param\u00e8tres techniques<\/h2>\n<ul class_=\"parameters-list\">\n<li><span class=\"param-name\">param\u00e8tre <strong>Cuir de confection Import\u00e9<\/strong> Mat\u00e9riau :<\/span> microfibre + PU. couleur : r\u00e9f\u00e9rence couleur Pantone ou \u00e9chantillon Epaisseur Normale 0.5mm-2.0mm Ou Epaisseur Personnalis\u00e9e Quantit\u00e9 minimum de commande : 300 m\u00e8tres lin\u00e9aires.<\/li>\n<li><span class=\"param-name\">Longueur du rouleau :<\/span> 20-30m\/rouleau d\u00e9lai de livraison : 15-20 jours. largeur : 54 , 137cm Capacit\u00e9 de production : 1.000.000 m\u00e8tres par mois.<\/li>\n<\/ul>\n<p><img decoding=\"async\" alt=\"0.7mm Ultrasuede Microfiber Faux cuir pour gants de cyclisme - Sp\u00e9cification des mat\u00e9riaux\" class=\"product-image\" src=\"\/wp-content\/uploads\/2025\/08\/07mm-ultrasuede-microfiber-faux-leather-for-cycling-gloves--37881.jpg\"\/><\/p>\n<h3>Param\u00e8tres du produit<\/h3>\n<ul class=\"parameters-list\">\n<li><span class=\"param-name\">Mat\u00e9riau :<\/span> Microfibre + PU<\/li>\n<li><span class=\"param-name\">Couleur :<\/span> Noir, Gris, Beige (couleurs personnalis\u00e9es disponibles)<\/li>\n<li><span class=\"param-name\">\u00c9paisseur :<\/span> 0,6 mm, 0,7 mm, 0,8 mm, 1 mm<\/li>\n<li><span class=\"param-name\">Quantit\u00e9 minimale de commande :<\/span> 300 m\u00e8tres lin\u00e9aires<\/li>\n<li><span class=\"param-name\">Longueur du rouleau :<\/span> 20-30m\/rouleau<\/li>\n<li><span class=\"param-name\">D\u00e9lai de livraison :<\/span> 15-20 jours<\/li>\n<li><span class=\"param-name\">Largeur :<\/span> 54\u2033, 137cm<\/li>\n<li><span class=\"param-name\">Capacit\u00e9 de production :<\/span> 1 000 000 m\u00e8tres par mois<\/li>\n<\/ul>\n<\/section>\n<section id=\"features\">\n<h2>Caract\u00e9ristiques du produit<\/h2>\n<div class=\"feature-item\">\n<img decoding=\"async\" alt=\"WINIWaterproof Leather Fabric OdmhsasCompany Factory Wholesale Nubuck Leather Manufacturers\" class=\"feature-image left\" src=\"\/wp-content\/uploads\/2025\/08\/08mm-light-texture-microfiber-base-leather-for-automotive-interior-25832.jpg\"\/><\/p>\n<h3>WINIW <strong>Tissu en cuir imperm\u00e9able Odmhsas<\/strong> Company Factory Fabricants en gros de cuir nubuck<\/h3>\n<p>WINIW <strong>Tissu en cuir imperm\u00e9able Odmhsas<\/strong> La soci\u00e9t\u00e9 Factory Wholesale Nubuck Leather Manufacturers.8mm Light Texture Light Texture Microfiber Base Leather For Automotive interior est un mat\u00e9riau en cuir de premi\u00e8re qualit\u00e9 sp\u00e9cialement con\u00e7u pour les usines de haut de gamme.<\/p>\n<div class=\"clear\"><\/div>\n<\/div>\n<div class=\"feature-item\">\n<img decoding=\"async\" alt=\"Gr\u00e2ce \u00e0 la technologie de pointe des microfibres synth\u00e9tiques, ce cuir pr\u00e9sente non seulement une r\u00e9sistance exceptionnelle \u00e0 l&#039;usure et \u00e0 la d\u00e9chirure, mais aussi une texture d\u00e9licate et l\u00e9g\u00e8re, offrant une double exp\u00e9rience d&#039;\u00e9l\u00e9gance et de confort pour les int\u00e9rieurs automobiles.\" class=\"feature-image left\" src=\"\/wp-content\/uploads\/2025\/08\/08mm-light-texture-microfiber-base-leather-for-automotive-interior-25833.jpg\"\/><\/p>\n<h3>Utilisation <strong>Spray imperm\u00e9able pour daim et cuir<\/strong> Gr\u00e2ce \u00e0 la technologie synth\u00e9tique avanc\u00e9e des microfibres, ce cuir pr\u00e9sente non seulement une r\u00e9sistance exceptionnelle \u00e0 l'usure et \u00e0 la d\u00e9chirure, mais aussi une texture l\u00e9g\u00e8re et d\u00e9licate, offrant une double exp\u00e9rience d'\u00e9l\u00e9gance et de confort pour les int\u00e9rieurs automobiles.<\/h3>\n<p>Utilisation <strong>Spray imperm\u00e9able pour daim et cuir<\/strong> Gr\u00e2ce \u00e0 la technologie synth\u00e9tique avanc\u00e9e des microfibres, ce cuir pr\u00e9sente non seulement une r\u00e9sistance exceptionnelle \u00e0 l'usure et \u00e0 la d\u00e9chirure, mais aussi une texture d\u00e9licate et l\u00e9g\u00e8re, offrant une double exp\u00e9rience d'\u00e9l\u00e9gance et de confort pour les int\u00e9rieurs automobiles.<\/p>\n<div class=\"clear\"><\/div>\n<\/div>\n<div class=\"feature-item\">\n<img decoding=\"async\" alt=\"Son mat\u00e9riau imperm\u00e9able \u00e0 l&#039;eauSuede Leather Waterproof Importeco-friendly et sa respirabilit\u00e9 sup\u00e9rieure garantissent un environnement sain dans la voiture, r\u00e9pondant ainsi aux exigences de la construction automobile moderne en mati\u00e8re de mat\u00e9riaux d&#039;int\u00e9rieur de haute qualit\u00e9.\" class=\"feature-image left\" src=\"\/wp-content\/uploads\/2025\/08\/08mm-light-texture-microfiber-base-leather-for-automotive-interior-25834.jpg\"\/><\/p>\n<h3>Son <strong>Daim Cuir Imperm\u00e9able Import<\/strong> Le mat\u00e9riau respectueux de l'environnement et la respirabilit\u00e9 sup\u00e9rieure garantissent un environnement sain dans la voiture, r\u00e9pondant ainsi aux exigences de la construction automobile moderne en mati\u00e8re de mat\u00e9riaux int\u00e9rieurs de haute qualit\u00e9.<\/h3>\n<p>Son <strong>Daim Cuir Imperm\u00e9able Import<\/strong> Le mat\u00e9riau \u00e9cologique et la respirabilit\u00e9 sup\u00e9rieure garantissent un environnement sain dans la voiture et r\u00e9pondent aux exigences de la construction automobile moderne en mati\u00e8re de mat\u00e9riaux int\u00e9rieurs de haute qualit\u00e9.<\/p>\n<div class=\"clear\"><\/div>\n<\/div>\n<div class=\"feature-item\">\n<img decoding=\"async\" alt=\"Caract\u00e9ristiques principales\" class=\"feature-image left\" src=\"\/wp-content\/uploads\/2025\/08\/08mm-light-texture-microfiber-base-leather-for-automotive-interior-25835.jpg\"\/><\/p>\n<h3>Caract\u00e9ristiques principales<\/h3>\n<p>D\u00e9tails et caract\u00e9ristiques du produit<\/p>\n<div class=\"clear\"><\/div>\n<\/div>\n<div class=\"feature-item\">\n<img decoding=\"async\" alt=\"Haute r\u00e9sistance \u00e0 la d\u00e9chirure - Ultrasuede Microfibre Faux cuir pour gants de cyclisme\" class=\"feature-image left\" src=\"\/wp-content\/uploads\/2025\/08\/07mm-ultrasuede-microfiber-faux-leather-for-cycling-gloves--37882.jpg\"\/><\/p>\n<h3>R\u00e9sistance \u00e9lev\u00e9e \u00e0 la d\u00e9chirure<\/h3>\n<p>Notre cuir microfibre Ultrasuede pr\u00e9sente une r\u00e9sistance exceptionnelle \u00e0 la d\u00e9chirure, ce qui garantit qu'il ne se cassera pas et ne se d\u00e9formera pas facilement sous l'effet du stress. Il est donc id\u00e9al pour les produits n\u00e9cessitant une durabilit\u00e9 et des performances \u00e0 long terme.<\/p>\n<div class=\"clear\"><\/div>\n<\/div>\n<div class=\"feature-item\">\n<img decoding=\"async\" alt=\"R\u00e9tention de la forme - Ultrasuede Microfibre Faux cuir pour gants de cyclisme\" class=\"feature-image right\" src=\"\/wp-content\/uploads\/2025\/08\/07mm-ultrasuede-microfiber-faux-leather-for-cycling-gloves--37883.jpg\"\/><\/p>\n<h3>Pas facile \u00e0 d\u00e9former<\/h3>\n<p>Sp\u00e9cialement trait\u00e9 pour conserver sa forme originale, ce mat\u00e9riau offre une excellente \u00e9lasticit\u00e9 et une grande stabilit\u00e9. Il r\u00e9siste aux d\u00e9formations dues \u00e0 la pression ext\u00e9rieure ou \u00e0 l'\u00e9tirement, ce qui permet aux produits de rester intacts et attrayants au fil du temps.<\/p>\n<div class=\"clear\"><\/div>\n<\/div>\n<div class=\"feature-item\">\n<img decoding=\"async\" alt=\"Durabilit\u00e9 - Ultrasuede Microfibre Faux cuir pour gants de cyclisme\" class=\"feature-image left\" src=\"\/wp-content\/uploads\/2025\/08\/07mm-ultrasuede-microfiber-faux-leather-for-cycling-gloves--37884.jpg\"\/><\/p>\n<h3>Durabilit\u00e9<\/h3>\n<p>Extr\u00eamement r\u00e9sistant \u00e0 l'abrasion, aux d\u00e9chirures et aux perforations, ce mat\u00e9riau permet aux gants de rester en parfait \u00e9tat, m\u00eame en cas d'utilisation prolong\u00e9e. Il conserve \u00e9galement une excellente dext\u00e9rit\u00e9 et une grande solidit\u00e9 pour les articles en cuir de haute qualit\u00e9.<\/p>\n<div class=\"clear\"><\/div>\n<\/div>\n<\/section>\n<p><\/main><\/p>\n<section id=\"inquiry\">\n<h2 style=\"text-align: center;\">Dans l'attente de votre demande, nous vous prions d'agr\u00e9er, Madame, Monsieur, l'expression de nos salutations distingu\u00e9es.<\/h2>\n<p style=\"text-align: center;\">Contactez-nous d\u00e8s aujourd'hui pour en savoir plus sur nos produits et passer votre commande.<\/p>\n<\/section>\n\n    <div class=\"xs_social_share_widget xs_share_url after_content \t\tmain_content  wslu-style-1 wslu-share-box-shaped wslu-fill-colored wslu-none wslu-share-horizontal wslu-theme-font-no wslu-main_content\">\n\n\t\t\n        <ul>\n\t\t\t        <\/ul>\n    <\/div>","protected":false},"excerpt":{"rendered":"<div class=\"product-short-description\">Cuir de base microfibre 0.8mm Texture l\u00e9g\u00e8re Cuir de base microfibre pour int\u00e9rieur automobile WINIW 0.8mm Texture l\u00e9g\u00e8re Cuir de base microfibre pour int\u00e9rieur automobile Les caract\u00e9ristiques principales incluent la microfibre + PU, couleur :, r\u00e9f\u00e9rence de couleur Pantone ou \u00e9chantillon.<\/p>\n<p>En tant qu'usine directe, fabricant et grossiste, nous pouvons contr\u00f4ler strictement le processus de production afin de garantir la qualit\u00e9 des produits tout en vous offrant les prix les plus favorables. Nous disposons d'\u00e9quipements de production avanc\u00e9s et d'une \u00e9quipe technique professionnelle pour r\u00e9pondre \u00e0 vos besoins en mati\u00e8re de commandes \u00e0 grande \u00e9chelle et garantir une livraison dans les d\u00e9lais.<\/p>\n<\/div>","protected":false},"featured_media":4553,"template":"","meta":[],"product_brand":[],"product_cat":[267],"product_tag":[18714],"class_list":{"0":"post-28530","1":"product","2":"type-product","3":"status-publish","4":"has-post-thumbnail","6":"product_cat-microfiber-base-leather","7":"product_tag-leather-for-automotive-interiormicrofiber-leather-for-automotive-interiorleather-automotive-upholsteryvegan-leather-automotiveleather-for-automotivegrey-leather-automotive","9":"first","10":"instock","11":"product-type-simple"},"_links":{"self":[{"href":"https:\/\/www.eco-leather.com\/fr\/wp-json\/wp\/v2\/product\/28530","targetHints":{"allow":["GET"]}}],"collection":[{"href":"https:\/\/www.eco-leather.com\/fr\/wp-json\/wp\/v2\/product"}],"about":[{"href":"https:\/\/www.eco-leather.com\/fr\/wp-json\/wp\/v2\/types\/product"}],"wp:featuredmedia":[{"embeddable":true,"href":"https:\/\/www.eco-leather.com\/fr\/wp-json\/wp\/v2\/media\/4553"}],"wp:attachment":[{"href":"https:\/\/www.eco-leather.com\/fr\/wp-json\/wp\/v2\/media?parent=28530"}],"wp:term":[{"taxonomy":"product_brand","embeddable":true,"href":"https:\/\/www.eco-leather.com\/fr\/wp-json\/wp\/v2\/product_brand?post=28530"},{"taxonomy":"product_cat","embeddable":true,"href":"https:\/\/www.eco-leather.com\/fr\/wp-json\/wp\/v2\/product_cat?post=28530"},{"taxonomy":"product_tag","embeddable":true,"href":"https:\/\/www.eco-leather.com\/fr\/wp-json\/wp\/v2\/product_tag?post=28530"}],"curies":[{"name":"wp","href":"https:\/\/api.w.org\/{rel}","templated":true}]}}