{"id":28410,"date":"2025-09-07T10:54:16","date_gmt":"2025-09-07T02:54:16","guid":{"rendered":"https:\/\/www.eco-leather.com\/product\/yellow-color-highly-durable-artificial-microfiber-suede-leather-fabric\/"},"modified":"2025-09-07T10:54:21","modified_gmt":"2025-09-07T02:54:21","slug":"yellow-color-highly-durable-artificial-microfiber-suede-leather-fabric","status":"publish","type":"product","link":"https:\/\/www.eco-leather.com\/fr\/yellow-color-highly-durable-artificial-microfiber-suede-leather-fabric\/","title":{"rendered":"Yellow Color Highly Durable Artificial Microfiber Suede Leather Fabric"},"content":{"rendered":"<h2>Microfibre Cuir Daim Produit<\/h2>\n<p><main><\/p>\n<section id=\"product-overview\">\n<h2>Description du produit<\/h2>\n<p>Produit <strong>Leather Fabric Manufacturer<\/strong> Introduction<\/p>\n<p>Fabriqu\u00e9 \u00e0 partir de mat\u00e9riaux en microfibre de haute qualit\u00e9, notre similicuir en microfibre Ultrasuede de 0,7 mm est le choix id\u00e9al pour les gants de cyclisme. Il allie souplesse et r\u00e9sistance, et offre des propri\u00e9t\u00e9s exceptionnelles de respirabilit\u00e9 et d'\u00e9vacuation de l'humidit\u00e9 pour garder les mains au frais et au sec pendant les sorties intenses.<\/p>\n<p>Que vous soyez un cycliste professionnel ou amateur, le cuir microfibre est un mat\u00e9riau qui offre un confort et une protection imbattables. Sa grande r\u00e9sistance \u00e0 l'abrasion et aux d\u00e9chirures garantit des performances durables, tandis que son design \u00e9l\u00e9gant ajoute une touche sophistiqu\u00e9e \u00e0 tout ensemble de cyclisme.<\/p>\n<\/section>\n<section id=\"specifications\">\n<h2>Param\u00e8tres techniques<\/h2>\n<ul class_=\"parameters-list\">\n<li><span class=\"param-name\">Produit <strong>Bo\u00eetes en simili cuir Chine<\/strong> Sp\u00e9cification WINIW Company Factory Wholesale FabricurersCustomizable Synthetic Leather :<\/span> \u00c9l\u00e9gance, durabilit\u00e9 et choix de couleurs.<\/li>\n<\/ul>\n<p><img decoding=\"async\" alt=\"0.7mm Ultrasuede Microfiber Faux cuir pour gants de cyclisme - Sp\u00e9cification des mat\u00e9riaux\" class=\"product-image\" src=\"\/wp-content\/uploads\/2025\/08\/07mm-ultrasuede-microfiber-faux-leather-for-cycling-gloves--37881.jpg\"\/><\/p>\n<h3>Param\u00e8tres du produit<\/h3>\n<ul class=\"parameters-list\">\n<li><span class=\"param-name\">Mat\u00e9riau :<\/span> Microfibre + PU<\/li>\n<li><span class=\"param-name\">Couleur :<\/span> Noir, Gris, Beige (couleurs personnalis\u00e9es disponibles)<\/li>\n<li><span class=\"param-name\">\u00c9paisseur :<\/span> 0,6 mm, 0,7 mm, 0,8 mm, 1 mm<\/li>\n<li><span class=\"param-name\">Quantit\u00e9 minimale de commande :<\/span> 300 m\u00e8tres lin\u00e9aires<\/li>\n<li><span class=\"param-name\">Longueur du rouleau :<\/span> 20-30m\/rouleau<\/li>\n<li><span class=\"param-name\">D\u00e9lai de livraison :<\/span> 15-20 jours<\/li>\n<li><span class=\"param-name\">Largeur :<\/span> 54\u2033, 137cm<\/li>\n<li><span class=\"param-name\">Capacit\u00e9 de production :<\/span> 1 000 000 m\u00e8tres par mois<\/li>\n<\/ul>\n<\/section>\n<section id=\"features\">\n<h2>Caract\u00e9ristiques du produit<\/h2>\n<div class=\"feature-item\">\n<img decoding=\"async\" alt=\"DiscoverSofa Fabric Waterproof Importersthe ultimate blend of luxury and durability with our Highly Durable Artificial Microfiber Suede Leather Fabric, crafted meticulously by the experts at WINIW Company Factory Wholesale Fabric Manufacturersfactory\" class=\"feature-image left\" src=\"\/wp-content\/uploads\/2025\/08\/yellow-color-highly-durable-artificial-microfiber-suede-leather-fabric-24782.jpg\"\/><\/p>\n<h3>D\u00e9couvrir <strong>Canap\u00e9 Tissu Imperm\u00e9able Importateurs<\/strong> the ultimate blend of luxury and durability with our Highly Durable Artificial Microfiber Suede Leather Fabric, crafted meticulously by the experts at WINIW Company Factory Wholesale Fabric Manufacturersfactory<\/h3>\n<p>D\u00e9couvrir <strong>Canap\u00e9 Tissu Imperm\u00e9able Importateurs<\/strong> the ultimate blend of luxury and durability with our Highly Durable Artificial Microfiber Suede Leather Fabric, crafted meticulously by the experts at WINIW Company Factory Wholesale Fabric Manufacturersfactory.<\/p>\n<div class=\"clear\"><\/div>\n<\/div>\n<div class=\"feature-item\">\n<img decoding=\"async\" alt=\"As a leading WINIW Company Factory Wholesale Fabric Manufacturersmanufacturer specializing in vegan leather solutions, we bring you a synthetic suede that mimics the soft touch and elegance of genuine leather but without harming any animals\" class=\"feature-image left\" src=\"\/wp-content\/uploads\/2025\/08\/yellow-color-highly-durable-artificial-microfiber-suede-leather-fabric-24783.jpg\"\/><\/p>\n<h3>As a leading WINIW Company Factory Wholesale Fabric Manufacturersmanufacturer specializing in vegan leather solutions, we bring you a synthetic suede that mimics the soft touch and elegance of genuine leather but without harming any animals<\/h3>\n<p>As a leading WINIW Company Factory Wholesale Fabric Manufacturersmanufacturer specializing in vegan leather solutions, we bring you a synthetic suede that mimics the soft touch and elegance of genuine leather but without harming any animals.<\/p>\n<div class=\"clear\"><\/div>\n<\/div>\n<div class=\"feature-item\">\n<img decoding=\"async\" alt=\"This faux suede fabric is engineered using advanced microfiber technology, ensuring it retains its shape, color, and texture over extended periods of use\" class=\"feature-image left\" src=\"\/wp-content\/uploads\/2025\/08\/yellow-color-highly-durable-artificial-microfiber-suede-leather-fabric-24784.jpg\"\/><\/p>\n<h3>This faux suede fabric is engineered using advanced microfiber technology, ensuring it retains its shape, color, and texture over extended periods of use<\/h3>\n<p>This faux suede fabric is engineered using advanced microfiber technology, ensuring it retains its shape, color, and texture over extended periods of use. Its supple handfeel and rich appearance make it an ideal choice for designers and manufacturers seeking to elevate their creations with a touch of sophistication .<\/p>\n<div class=\"clear\"><\/div>\n<\/div>\n<div class=\"feature-item\">\n<img decoding=\"async\" alt=\"MaterialWaterproof Leather Fabric OdmhsasMicrofiber Suede Leather Brand Name WINIW Company Factory Wholesale Fabric ManufacturersWidth 54\" class=\"feature-image left\" src=\"\/wp-content\/uploads\/2025\/08\/yellow-color-highly-durable-artificial-microfiber-suede-leather-fabric-24785.jpg\"\/><\/p>\n<h3>Mat\u00e9riau <strong>Tissu en cuir imperm\u00e9able Odmhsas<\/strong> Microfiber Suede Leather Brand Name WINIW Company Factory Wholesale Fabric ManufacturersWidth 54&#8243;; 1<\/h3>\n<p>Mat\u00e9riau <strong>Tissu en cuir imperm\u00e9able Odmhsas<\/strong> Microfiber Suede Leather Brand Name WINIW Company Factory Wholesale Fabric ManufacturersWidth 54&#8243;; 1.37m Color Red, Black,Brown, Green,accept customize Feature Wear resistant, Waterproof, Anti-Mildew, Flexible Thickness 0.6mm-2.4mm Place of Origin China Customized Yes Delivery time Usually within 15 &#8211; 25 days.<\/p>\n<div class=\"clear\"><\/div>\n<\/div>\n<div class=\"feature-item\">\n<img decoding=\"async\" alt=\"MOQ 300 m\u00e8tres D\u00e9tails de l&#039;emballage 30\/50 m\u00e8tres par rouleau\" class=\"feature-image left\" src=\"\/wp-content\/uploads\/2025\/08\/yellow-color-highly-durable-artificial-microfiber-suede-leather-fabric-24786.jpg\"\/><\/p>\n<h3>MOQ 300 m\u00e8tres D\u00e9tails de l'emballage 30\/50 m\u00e8tres par rouleau<\/h3>\n<p>MOQ 300 meters Packaging Details 30\/50 Meters per Roll. Or customized Production Capacity 1,000,000 meters monthly Product Feature Our Highly Durable Artificial Microfiber Suede Leather Fabric stands out for its impressive array of characteristics that cater to diverse needs.<\/p>\n<div class=\"clear\"><\/div>\n<\/div>\n<div class=\"feature-item\">\n<h3>En tant que <strong>Spray imperm\u00e9able pour daim et cuir<\/strong> a WINIW Company Factory Wholesale Fabric Manufacturersmanufacturer, we pride ourselves on producing a synthetic suede that is not only vegan-friendly but also exceptionally resilient<\/h3>\n<p>En tant que <strong>Spray imperm\u00e9able pour daim et cuir<\/strong> a WINIW Company Factory Wholesale Fabric Manufacturersmanufacturer, we pride ourselves on producing a synthetic suede that is not only vegan-friendly but also exceptionally resilient.<\/p>\n<div class=\"clear\"><\/div>\n<\/div>\n<div class=\"feature-item\">\n<h3>This fabric boasts a high tear strength and abrasion resistance, making it perfect for applications where durability is paramount<\/h3>\n<p>This fabric boasts a high tear strength and abrasion resistance, making it perfect for applications where durability is paramount. Its microfiber composition allows for excellent breathability and moisture management, ensuring comfort in a wide range of environments.<\/p>\n<div class=\"clear\"><\/div>\n<\/div>\n<div class=\"feature-item\">\n<h3>Furthermore, our faux suede is simple to clean and preserve, preserving its like-new appearance with minimal effort<\/h3>\n<p>Furthermore, our faux suede is simple to clean and preserve, preserving its like-new appearance with minimal effort. Its ability to be dyed and finished in various colors and textures makes it a versatile option for countless creative projects .<\/p>\n<div class=\"clear\"><\/div>\n<\/div>\n<div class=\"feature-item\">\n<img decoding=\"async\" alt=\"Haute r\u00e9sistance \u00e0 la d\u00e9chirure - Ultrasuede Microfibre Faux cuir pour gants de cyclisme\" class=\"feature-image left\" src=\"\/wp-content\/uploads\/2025\/08\/07mm-ultrasuede-microfiber-faux-leather-for-cycling-gloves--37882.jpg\"\/><\/p>\n<h3>R\u00e9sistance \u00e9lev\u00e9e \u00e0 la d\u00e9chirure<\/h3>\n<p>Notre cuir microfibre Ultrasuede pr\u00e9sente une r\u00e9sistance exceptionnelle \u00e0 la d\u00e9chirure, ce qui garantit qu'il ne se cassera pas et ne se d\u00e9formera pas facilement sous l'effet du stress. Il est donc id\u00e9al pour les produits n\u00e9cessitant une durabilit\u00e9 et des performances \u00e0 long terme.<\/p>\n<div class=\"clear\"><\/div>\n<\/div>\n<div class=\"feature-item\">\n<img decoding=\"async\" alt=\"R\u00e9tention de la forme - Ultrasuede Microfibre Faux cuir pour gants de cyclisme\" class=\"feature-image right\" src=\"\/wp-content\/uploads\/2025\/08\/07mm-ultrasuede-microfiber-faux-leather-for-cycling-gloves--37883.jpg\"\/><\/p>\n<h3>Pas facile \u00e0 d\u00e9former<\/h3>\n<p>Sp\u00e9cialement trait\u00e9 pour conserver sa forme originale, ce mat\u00e9riau offre une excellente \u00e9lasticit\u00e9 et une grande stabilit\u00e9. Il r\u00e9siste aux d\u00e9formations dues \u00e0 la pression ext\u00e9rieure ou \u00e0 l'\u00e9tirement, ce qui permet aux produits de rester intacts et attrayants au fil du temps.<\/p>\n<div class=\"clear\"><\/div>\n<\/div>\n<div class=\"feature-item\">\n<img decoding=\"async\" alt=\"Durabilit\u00e9 - Ultrasuede Microfibre Faux cuir pour gants de cyclisme\" class=\"feature-image left\" src=\"\/wp-content\/uploads\/2025\/08\/07mm-ultrasuede-microfiber-faux-leather-for-cycling-gloves--37884.jpg\"\/><\/p>\n<h3>Durabilit\u00e9<\/h3>\n<p>Extr\u00eamement r\u00e9sistant \u00e0 l'abrasion, aux d\u00e9chirures et aux perforations, ce mat\u00e9riau permet aux gants de rester en parfait \u00e9tat, m\u00eame en cas d'utilisation prolong\u00e9e. Il conserve \u00e9galement une excellente dext\u00e9rit\u00e9 et une grande solidit\u00e9 pour les articles en cuir de haute qualit\u00e9.<\/p>\n<div class=\"clear\"><\/div>\n<\/div>\n<\/section>\n<section id=\"why-choose-us\">\n<h2>Pourquoi choisir WINIW<\/h2>\n<div class=\"advantage-item\">\n<h3>Nos avantages<\/h3>\n<p>WINIW Company Factory Fabricants de tissus en grosFactory Product Showcase<\/p>\n<\/div>\n<div class=\"advantage-item\">\n<h3>Assurance qualit\u00e9<\/h3>\n<p>Nous mettons en \u0153uvre un contr\u00f4le de qualit\u00e9 strict tout au long de la cha\u00eene de production et d'approvisionnement, en adh\u00e9rant aux normes ISO9001. De la s\u00e9lection des mati\u00e8res premi\u00e8res \u00e0 l'inspection finale, nous donnons la priorit\u00e9 aux int\u00e9r\u00eats des clients.<\/p>\n<\/div>\n<div class=\"advantage-item\">\n<h3>\u00c9quipe technique professionnelle<\/h3>\n<p>Notre \u00e9quipe technique sp\u00e9cialis\u00e9e se compose de professionnels exp\u00e9riment\u00e9s dans divers domaines, qui se consacrent \u00e0 la fourniture de produits de haute qualit\u00e9 et de solutions sur mesure.<\/p>\n<\/div>\n<div class=\"advantage-item\">\n<h3>Large \u00e9ventail d'applications<\/h3>\n<p>Nos mat\u00e9riaux sont largement utilis\u00e9s dans les chaussures, les v\u00eatements, les bagages, les int\u00e9rieurs d'automobiles, les canap\u00e9s, etc.<\/p>\n<\/div>\n<div class=\"advantage-item\">\n<h3>Une exp\u00e9rience riche<\/h3>\n<p>Quanzhou WINIW Import &amp; Export Co. poss\u00e8de plus de 20 ans d'exp\u00e9rience en mati\u00e8re de production et offre des solutions parfaites aux clients du monde entier.<\/p>\n<\/div>\n<div class=\"advantage-item\">\n<h3>Prix abordable<\/h3>\n<p>Nous proposons des prix comp\u00e9titifs et un excellent service \u00e0 la client\u00e8le. Demandez un catalogue ou visitez notre usine pour d\u00e9couvrir nos produits.<\/p>\n<\/div>\n<div class=\"advantage-item\">\n<h3>Service client\u00e8le en ligne 24 heures sur 24<\/h3>\n<p>Notre \u00e9quipe est disponible 24 heures sur 24, 7 jours sur 7, pour r\u00e9pondre aux demandes de renseignements et traiter rapidement les commentaires.<\/p>\n<\/div>\n<p><img decoding=\"async\" alt=\"Installation de production WINIW - Processus de fabrication du cuir microfibre Ultrasuede\" class=\"product-image\" src=\"\/wp-content\/uploads\/2025\/08\/07mm-ultrasuede-microfiber-faux-leather-for-cycling-gloves--37888.jpg\"\/><br \/>\n<\/section>\n<p><\/main><\/p>\n<section id=\"inquiry\">\n<h2 style=\"text-align: center;\">Dans l'attente de votre demande, nous vous prions d'agr\u00e9er, Madame, Monsieur, l'expression de nos salutations distingu\u00e9es.<\/h2>\n<p style=\"text-align: center;\">Contactez-nous d\u00e8s aujourd'hui pour en savoir plus sur nos produits et passer votre commande.<\/p>\n<\/section>\n\n    <div class=\"xs_social_share_widget xs_share_url after_content \t\tmain_content  wslu-style-1 wslu-share-box-shaped wslu-fill-colored wslu-none wslu-share-horizontal wslu-theme-font-no wslu-main_content\">\n\n\t\t\n        <ul>\n\t\t\t        <\/ul>\n    <\/div>","protected":false},"excerpt":{"rendered":"<div class=\"product-short-description\">Microfiber Suede Leather Yellow Color Highly Durable Artificial Microfiber Suede Leather Fabric WINIW Yellow Color Highly Durable Artificial Microfiber Suede Leather Fabric Key features include Microfiber Suede Leather, WINIW, Width.Ideal for those seeking quality and reliability.<\/p>\n<p>En tant qu'usine directe, fabricant et grossiste, nous pouvons contr\u00f4ler strictement le processus de production afin de garantir la qualit\u00e9 des produits tout en vous offrant les prix les plus favorables. Nous disposons d'\u00e9quipements de production avanc\u00e9s et d'une \u00e9quipe technique professionnelle pour r\u00e9pondre \u00e0 vos besoins en mati\u00e8re de commandes \u00e0 grande \u00e9chelle et garantir une livraison dans les d\u00e9lais.<\/p>\n<\/div>","protected":false},"featured_media":4243,"template":"","meta":[],"product_brand":[],"product_cat":[126],"product_tag":[18647],"class_list":{"0":"post-28410","1":"product","2":"type-product","3":"status-publish","4":"has-post-thumbnail","6":"product_cat-microfiber-suede-leather","7":"product_tag-outdoor-leather-fabricbraided-leather-fabricburberry-leather-fabricbuy-real-leather-fabriccolored-leather-fabricdior-leather-fabric","9":"first","10":"instock","11":"product-type-simple"},"_links":{"self":[{"href":"https:\/\/www.eco-leather.com\/fr\/wp-json\/wp\/v2\/product\/28410","targetHints":{"allow":["GET"]}}],"collection":[{"href":"https:\/\/www.eco-leather.com\/fr\/wp-json\/wp\/v2\/product"}],"about":[{"href":"https:\/\/www.eco-leather.com\/fr\/wp-json\/wp\/v2\/types\/product"}],"wp:featuredmedia":[{"embeddable":true,"href":"https:\/\/www.eco-leather.com\/fr\/wp-json\/wp\/v2\/media\/4243"}],"wp:attachment":[{"href":"https:\/\/www.eco-leather.com\/fr\/wp-json\/wp\/v2\/media?parent=28410"}],"wp:term":[{"taxonomy":"product_brand","embeddable":true,"href":"https:\/\/www.eco-leather.com\/fr\/wp-json\/wp\/v2\/product_brand?post=28410"},{"taxonomy":"product_cat","embeddable":true,"href":"https:\/\/www.eco-leather.com\/fr\/wp-json\/wp\/v2\/product_cat?post=28410"},{"taxonomy":"product_tag","embeddable":true,"href":"https:\/\/www.eco-leather.com\/fr\/wp-json\/wp\/v2\/product_tag?post=28410"}],"curies":[{"name":"wp","href":"https:\/\/api.w.org\/{rel}","templated":true}]}}