{"id":28075,"date":"2025-09-07T10:51:06","date_gmt":"2025-09-07T02:51:06","guid":{"rendered":"https:\/\/www.eco-leather.com\/product\/brogues-shoes-designing-durable-reliable-imitation-microfiber-leather\/"},"modified":"2025-09-07T10:51:13","modified_gmt":"2025-09-07T02:51:13","slug":"brogues-shoes-designing-durable-reliable-imitation-microfiber-leather","status":"publish","type":"product","link":"https:\/\/www.eco-leather.com\/fr\/brogues-shoes-designing-durable-reliable-imitation-microfiber-leather\/","title":{"rendered":"Brogues Shoes designing Durable Reliable Imitation Microfiber Leather"},"content":{"rendered":"<h2>Faux microfibre r\u00e9sistant aux coutures<\/h2>\n<p><main><\/p>\n<section id=\"product-overview\">\n<h2>Description du produit<\/h2>\n<p>Produit <strong>Semelle en faux cuir<\/strong> Introduction<\/p>\n<p>Fabriqu\u00e9 \u00e0 partir de mat\u00e9riaux en microfibre de haute qualit\u00e9, notre similicuir en microfibre Ultrasuede de 0,7 mm est le choix id\u00e9al pour les gants de cyclisme. Il allie souplesse et r\u00e9sistance, et offre des propri\u00e9t\u00e9s exceptionnelles de respirabilit\u00e9 et d'\u00e9vacuation de l'humidit\u00e9 pour garder les mains au frais et au sec pendant les sorties intenses.<\/p>\n<p>Que vous soyez un cycliste professionnel ou amateur, le cuir microfibre est un mat\u00e9riau qui offre un confort et une protection imbattables. Sa grande r\u00e9sistance \u00e0 l'abrasion et aux d\u00e9chirures garantit des performances durables, tandis que son design \u00e9l\u00e9gant ajoute une touche sophistiqu\u00e9e \u00e0 tout ensemble de cyclisme.<\/p>\n<\/section>\n<section id=\"specifications\">\n<h2>Param\u00e8tres techniques<\/h2>\n<ul class_=\"parameters-list\">\n<li><span class=\"param-name\">Produit <strong>Bo\u00eetes en simili cuir Chine<\/strong> Sp\u00e9cification WINIW Company Factory Wholesale Leatherette Material ManufacturersCustomizable Synthetic Leather :<\/span> \u00c9l\u00e9gance, durabilit\u00e9 et choix de couleurs.<\/li>\n<\/ul>\n<p><img decoding=\"async\" alt=\"0.7mm Ultrasuede Microfiber Faux cuir pour gants de cyclisme - Sp\u00e9cification des mat\u00e9riaux\" class=\"product-image\" src=\"\/wp-content\/uploads\/2025\/08\/07mm-ultrasuede-microfiber-faux-leather-for-cycling-gloves--37881.jpg\"\/><\/p>\n<h3>Param\u00e8tres du produit<\/h3>\n<ul class=\"parameters-list\">\n<li><span class=\"param-name\">Mat\u00e9riau :<\/span> Microfibre + PU<\/li>\n<li><span class=\"param-name\">Couleur :<\/span> Noir, Gris, Beige (couleurs personnalis\u00e9es disponibles)<\/li>\n<li><span class=\"param-name\">\u00c9paisseur :<\/span> 0,6 mm, 0,7 mm, 0,8 mm, 1 mm<\/li>\n<li><span class=\"param-name\">Quantit\u00e9 minimale de commande :<\/span> 300 m\u00e8tres lin\u00e9aires<\/li>\n<li><span class=\"param-name\">Longueur du rouleau :<\/span> 20-30m\/rouleau<\/li>\n<li><span class=\"param-name\">D\u00e9lai de livraison :<\/span> 15-20 jours<\/li>\n<li><span class=\"param-name\">Largeur :<\/span> 54\u2033, 137cm<\/li>\n<li><span class=\"param-name\">Capacit\u00e9 de production :<\/span> 1 000 000 m\u00e8tres par mois<\/li>\n<\/ul>\n<\/section>\n<section id=\"features\">\n<h2>Caract\u00e9ristiques du produit<\/h2>\n<div class=\"feature-item\">\n<img decoding=\"async\" alt=\"ExperienceWaterproof Leather Fabric Odmhsastl&#039;avenir des mat\u00e9riaux de chaussures avec notre Durable And Reliable Imitation Microfiber Leather crafted by the expert hands at WINIW Company Factory Wholesale Leatherette Material Manufacturersfactory\" class=\"feature-image left\" src=\"\/wp-content\/uploads\/2025\/08\/brogues-shoes-designing-durable-reliable-imitation-microfiber-leather-21952.jpg\"\/><\/p>\n<h3>Exp\u00e9rience <strong>Tissu en cuir imperm\u00e9able Odmhsas<\/strong> l'avenir des mat\u00e9riaux pour chaussures avec notre similicuir microfibre durable et fiable fabriqu\u00e9 par les mains expertes de WINIW Company Factory Wholesale Leatherette Material Manufacturersfactory<\/h3>\n<p>Exp\u00e9rience <strong>Tissu en cuir imperm\u00e9able Odmhsas<\/strong> L'avenir des mat\u00e9riaux de chaussures avec notre imitation cuir microfibre durable et fiable fabriqu\u00e9 par les mains expertes de WINIW Company Factory Wholesale Leatherette Material Manufacturersfactory.<\/p>\n<div class=\"clear\"><\/div>\n<\/div>\n<div class=\"feature-item\">\n<img decoding=\"async\" alt=\"En tant que fabricant leader dans l&#039;industrie du cuir, WINIW Company Factory Wholesale Leatherette Material Manufacturers se consacre \u00e0 la production de cuirs microfibres de haute qualit\u00e9 qui rivalisent avec l&#039;authenticit\u00e9 et la durabilit\u00e9 du cuir traditionnel, mais avec des avantages suppl\u00e9mentaires.\" class=\"feature-image left\" src=\"\/wp-content\/uploads\/2025\/08\/brogues-shoes-designing-durable-reliable-imitation-microfiber-leather-21953.jpg\"\/><\/p>\n<h3>En tant que fabricant leader dans l'industrie du cuir, WINIW Company Factory Wholesale Leatherette Material Manufacturers se consacre \u00e0 la production de cuirs microfibres de haute qualit\u00e9 qui rivalisent avec l'authenticit\u00e9 et la durabilit\u00e9 du cuir traditionnel, mais avec des avantages suppl\u00e9mentaires.<\/h3>\n<p>En tant que fabricant leader dans l'industrie du cuir, WINIW Company Factory Wholesale Leatherette Material Manufacturers'est consacr\u00e9 \u00e0 la production de cuirs microfibres de haute qualit\u00e9 qui rivalisent avec l'authenticit\u00e9 et la durabilit\u00e9 du cuir traditionnel, mais avec des avantages suppl\u00e9mentaires.<\/p>\n<div class=\"clear\"><\/div>\n<\/div>\n<div class=\"feature-item\">\n<img decoding=\"async\" alt=\"Ce cuir microfibre particulier est con\u00e7u sp\u00e9cifiquement pour les brogues, alliant l&#039;esth\u00e9tique \u00e0 une fonctionnalit\u00e9 in\u00e9gal\u00e9e.\" class=\"feature-image left\" src=\"\/wp-content\/uploads\/2025\/08\/brogues-shoes-designing-durable-reliable-imitation-microfiber-leather-21954.jpg\"\/><\/p>\n<h3>Ce cuir microfibre particulier est con\u00e7u sp\u00e9cifiquement pour les brogues, alliant l'esth\u00e9tique \u00e0 une fonctionnalit\u00e9 in\u00e9gal\u00e9e.<\/h3>\n<p>Ce cuir microfibre est sp\u00e9cialement con\u00e7u pour les brogues, alliant l'esth\u00e9tique \u00e0 une fonctionnalit\u00e9 in\u00e9gal\u00e9e. L'attention m\u00e9ticuleuse port\u00e9e aux d\u00e9tails lors de sa production garantit un produit fini \u00e0 la fois doux au toucher et r\u00e9sistant \u00e0 l'usure.<\/p>\n<div class=\"clear\"><\/div>\n<\/div>\n<div class=\"feature-item\">\n<img decoding=\"async\" class=\"feature-image left\" src=\"\/wp-content\/uploads\/2025\/08\/brogues-shoes-designing-durable-reliable-imitation-microfiber-leather-21955.jpg\">\" alt=\"Chaque rouleau est m\u00e9ticuleusement inspect\u00e9 pour maintenir une qualit\u00e9 constante, refl\u00e9tant l'engagement de WINIW Company Factory Wholesale Leatherette Material Manufacturers \u00e0 l'excellence et \u00e0 la satisfaction des besoins exigeants de nos clients B2B\"&gt;.<\/p>\n<h3>Chaque rouleau est m\u00e9ticuleusement inspect\u00e9 pour maintenir une qualit\u00e9 constante, refl\u00e9tant l'engagement de WINIW Company Factory Wholesale Leatherette Material Manufacturers \u00e0 atteindre l'excellence et \u00e0 satisfaire les besoins exigeants de nos clients B2B. <\/h3>\n<p>Chaque rouleau est m\u00e9ticuleusement inspect\u00e9 pour maintenir une qualit\u00e9 constante, refl\u00e9tant l'engagement de WINIW Company Factory Wholesale Leatherette Material Manufacturers \u00e0 atteindre l'excellence et \u00e0 satisfaire les besoins exigeants de nos clients B2B.<\/p>\n<div class=\"clear\"><\/div>\n<p><\/img><\/div>\n<div class=\"feature-item\">\n<img decoding=\"async\" alt=\"Mati\u00e8reCuir imperm\u00e9able ImportMicrofibreCuir Marque WINIW Company Factory Wholesale Leatherette Material ManufacturersLargeur 54\" class=\"feature-image left\" src=\"\/wp-content\/uploads\/2025\/08\/brogues-shoes-designing-durable-reliable-imitation-microfiber-leather-21956.jpg\"\/><\/p>\n<h3>Mat\u00e9riau <strong>Daim Cuir Imperm\u00e9able Import<\/strong> MicrofibreCuir Marque WINIW Company Factory Wholesale Leatherette Material ManufacturersLargeur 54\u2033 ; 1<\/h3>\n<p>Mat\u00e9riau <strong>Daim Cuir Imperm\u00e9able Import<\/strong> MicrofibreCuir Nom de la marque WINIW Company Usine Fabricant de mat\u00e9riaux en cuir en grosLargeur 54\u2033 ; 1.37m Couleur Rouge, Noir, Marron, Vert, accepter de personnaliser Caract\u00e9ristique R\u00e9sistant \u00e0 l'usure, Imperm\u00e9able, Anti-mildiou, Flexible Epaisseur 0.6mm-2.0mm Lieu d'origine Chine Personnalis\u00e9 Oui D\u00e9lai de livraison Habituellement dans les 15 - 25 jours.<\/p>\n<div class=\"clear\"><\/div>\n<\/div>\n<div class=\"feature-item\">\n<h3>MOQ 300 m\u00e8tres D\u00e9tails de l'emballage 30\/50 m\u00e8tres par rouleau<\/h3>\n<p>MOQ 300 m\u00e8tres D\u00e9tails de l'emballage 30\/50 m\u00e8tres par rouleau. Ou sur mesure Capacit\u00e9 de production 1 000 000 m\u00e8tres par mois Caract\u00e9ristiques du produit Notre similicuir microfibre durable et fiable se distingue par son m\u00e9lange exceptionnel de caract\u00e9ristiques adapt\u00e9es aux chaussures de type brogue.<\/p>\n<div class=\"clear\"><\/div>\n<\/div>\n<div class=\"feature-item\">\n<h3>En tant que fabricant de mat\u00e9riaux en simili-cuir WINIW Company Factory Wholesale Leatherette Material Manufacturers, nous sommes fiers de cr\u00e9er des mat\u00e9riaux qui sont non seulement impossibles \u00e0 distinguer visuellement du cuir v\u00e9ritable, mais qui le surpassent \u00e9galement en termes de performances.<\/h3>\n<p>En tant que fabricant de mat\u00e9riaux en simili-cuir WINIW Company Factory Wholesale Leatherette Material Manufacturers, nous sommes fiers de cr\u00e9er des mat\u00e9riaux qui sont non seulement visuellement impossibles \u00e0 distinguer du cuir v\u00e9ritable, mais qui le surpassent \u00e9galement en termes de performances.<\/p>\n<div class=\"clear\"><\/div>\n<\/div>\n<div class=\"feature-item\">\n<h3>Le pr\u00e9sent <strong>Spray imperm\u00e9able pour daim et cuir<\/strong> Le cuir microfibre pr\u00e9sente une structure robuste qui r\u00e9siste aux rayures, aux \u00e9raflures et \u00e0 la d\u00e9coloration, conservant ainsi son aspect impeccable pendant de longues p\u00e9riodes.<\/h3>\n<p>Le pr\u00e9sent <strong>Spray imperm\u00e9able pour daim et cuir<\/strong> Le cuir microfibre est dot\u00e9 d'une structure robuste qui r\u00e9siste aux rayures, aux \u00e9raflures et \u00e0 la d\u00e9coloration, conservant ainsi son aspect impeccable pendant de longues p\u00e9riodes.<\/p>\n<div class=\"clear\"><\/div>\n<\/div>\n<div class=\"feature-item\">\n<h3>Sa composition en microfibre permet une respirabilit\u00e9 sup\u00e9rieure, gardant les pieds au frais et \u00e0 l'aise, m\u00eame en cas de port prolong\u00e9.<\/h3>\n<p>Sa composition en microfibres offre une respirabilit\u00e9 sup\u00e9rieure, ce qui permet de garder les pieds au frais et \u00e0 l'aise, m\u00eame en cas de port prolong\u00e9. En outre, elle est plus facile \u00e0 nettoyer et \u00e0 entretenir, ce qui r\u00e9duit le co\u00fbt global du cycle de vie pour les fabricants de chaussures.<\/p>\n<div class=\"clear\"><\/div>\n<\/div>\n<div class=\"feature-item\">\n<h3>WINIW Company Factory Wholesale Leatherette Material Manufacturersmicrofiber leather is also eco-friendly, utilizing sustainable production processes that minimize environmental impact, aligning with the growing trend of conscious consumption<\/h3>\n<p>WINIW Company Factory Wholesale Leatherette Material Manufacturersmicrofiber leather is also eco-friendly, utilizing sustainable production processes that minimize environmental impact, aligning with the growing trend of conscious consumption.<\/p>\n<div class=\"clear\"><\/div>\n<\/div>\n<div class=\"feature-item\">\n<h3>L'ensemble de ces caract\u00e9ristiques en fait un choix id\u00e9al pour les marques de chaussures \u00e0 la pointe de la mode qui recherchent des mat\u00e9riaux fiables, \u00e9l\u00e9gants et durables. <\/h3>\n<p>L'ensemble de ces caract\u00e9ristiques en fait un choix id\u00e9al pour les marques de chaussures \u00e0 la pointe de la mode qui recherchent des mat\u00e9riaux fiables, \u00e9l\u00e9gants et durables.<\/p>\n<div class=\"clear\"><\/div>\n<\/div>\n<div class=\"feature-item\">\n<img decoding=\"async\" alt=\"Haute r\u00e9sistance \u00e0 la d\u00e9chirure - Ultrasuede Microfibre Faux cuir pour gants de cyclisme\" class=\"feature-image left\" src=\"\/wp-content\/uploads\/2025\/08\/07mm-ultrasuede-microfiber-faux-leather-for-cycling-gloves--37882.jpg\"\/><\/p>\n<h3>R\u00e9sistance \u00e9lev\u00e9e \u00e0 la d\u00e9chirure<\/h3>\n<p>Notre cuir microfibre Ultrasuede pr\u00e9sente une r\u00e9sistance exceptionnelle \u00e0 la d\u00e9chirure, ce qui garantit qu'il ne se cassera pas et ne se d\u00e9formera pas facilement sous l'effet du stress. Il est donc id\u00e9al pour les produits n\u00e9cessitant une durabilit\u00e9 et des performances \u00e0 long terme.<\/p>\n<div class=\"clear\"><\/div>\n<\/div>\n<div class=\"feature-item\">\n<img decoding=\"async\" alt=\"R\u00e9tention de la forme - Ultrasuede Microfibre Faux cuir pour gants de cyclisme\" class=\"feature-image right\" src=\"\/wp-content\/uploads\/2025\/08\/07mm-ultrasuede-microfiber-faux-leather-for-cycling-gloves--37883.jpg\"\/><\/p>\n<h3>Pas facile \u00e0 d\u00e9former<\/h3>\n<p>Sp\u00e9cialement trait\u00e9 pour conserver sa forme originale, ce mat\u00e9riau offre une excellente \u00e9lasticit\u00e9 et une grande stabilit\u00e9. Il r\u00e9siste aux d\u00e9formations dues \u00e0 la pression ext\u00e9rieure ou \u00e0 l'\u00e9tirement, ce qui permet aux produits de rester intacts et attrayants au fil du temps.<\/p>\n<div class=\"clear\"><\/div>\n<\/div>\n<div class=\"feature-item\">\n<img decoding=\"async\" alt=\"Durabilit\u00e9 - Ultrasuede Microfibre Faux cuir pour gants de cyclisme\" class=\"feature-image left\" src=\"\/wp-content\/uploads\/2025\/08\/07mm-ultrasuede-microfiber-faux-leather-for-cycling-gloves--37884.jpg\"\/><\/p>\n<h3>Durabilit\u00e9<\/h3>\n<p>Extr\u00eamement r\u00e9sistant \u00e0 l'abrasion, aux d\u00e9chirures et aux perforations, ce mat\u00e9riau permet aux gants de rester en parfait \u00e9tat, m\u00eame en cas d'utilisation prolong\u00e9e. Il conserve \u00e9galement une excellente dext\u00e9rit\u00e9 et une grande solidit\u00e9 pour les articles en cuir de haute qualit\u00e9.<\/p>\n<div class=\"clear\"><\/div>\n<\/div>\n<\/section>\n<section id=\"why-choose-us\">\n<h2>Pourquoi choisir WINIW<\/h2>\n<div class=\"advantage-item\">\n<h3>Nos avantages<\/h3>\n<p>WINIW Company Factory Fabricants en gros de mat\u00e9riaux en simili-cuirVitrine des produits d'usine<\/p>\n<\/div>\n<div class=\"advantage-item\">\n<h3>Assurance qualit\u00e9<\/h3>\n<p>Nous mettons en \u0153uvre un contr\u00f4le de qualit\u00e9 strict tout au long de la cha\u00eene de production et d'approvisionnement, en adh\u00e9rant aux normes ISO9001. De la s\u00e9lection des mati\u00e8res premi\u00e8res \u00e0 l'inspection finale, nous donnons la priorit\u00e9 aux int\u00e9r\u00eats des clients.<\/p>\n<\/div>\n<div class=\"advantage-item\">\n<h3>\u00c9quipe technique professionnelle<\/h3>\n<p>Notre \u00e9quipe technique sp\u00e9cialis\u00e9e se compose de professionnels exp\u00e9riment\u00e9s dans divers domaines, qui se consacrent \u00e0 la fourniture de produits de haute qualit\u00e9 et de solutions sur mesure.<\/p>\n<\/div>\n<div class=\"advantage-item\">\n<h3>Large \u00e9ventail d'applications<\/h3>\n<p>Nos mat\u00e9riaux sont largement utilis\u00e9s dans les chaussures, les v\u00eatements, les bagages, les int\u00e9rieurs d'automobiles, les canap\u00e9s, etc.<\/p>\n<\/div>\n<div class=\"advantage-item\">\n<h3>Une exp\u00e9rience riche<\/h3>\n<p>Quanzhou WINIW Import &amp; Export Co. poss\u00e8de plus de 20 ans d'exp\u00e9rience en mati\u00e8re de production et offre des solutions parfaites aux clients du monde entier.<\/p>\n<\/div>\n<div class=\"advantage-item\">\n<h3>Prix abordable<\/h3>\n<p>Nous proposons des prix comp\u00e9titifs et un excellent service \u00e0 la client\u00e8le. Demandez un catalogue ou visitez notre usine pour d\u00e9couvrir nos produits.<\/p>\n<\/div>\n<div class=\"advantage-item\">\n<h3>Service client\u00e8le en ligne 24 heures sur 24<\/h3>\n<p>Notre \u00e9quipe est disponible 24 heures sur 24, 7 jours sur 7, pour r\u00e9pondre aux demandes de renseignements et traiter rapidement les commentaires.<\/p>\n<\/div>\n<p><img decoding=\"async\" alt=\"Installation de production WINIW - Processus de fabrication du cuir microfibre Ultrasuede\" class=\"product-image\" src=\"\/wp-content\/uploads\/2025\/08\/07mm-ultrasuede-microfiber-faux-leather-for-cycling-gloves--37888.jpg\"\/><br \/>\n<\/section>\n<p><\/main><\/p>\n<section id=\"inquiry\">\n<h2 style=\"text-align: center;\">Dans l'attente de votre demande, nous vous prions d'agr\u00e9er, Madame, Monsieur, l'expression de nos salutations distingu\u00e9es.<\/h2>\n<p style=\"text-align: center;\">Contactez-nous d\u00e8s aujourd'hui pour en savoir plus sur nos produits et passer votre commande.<\/p>\n<\/section>\n\n    <div class=\"xs_social_share_widget xs_share_url after_content \t\tmain_content  wslu-style-1 wslu-share-box-shaped wslu-fill-colored wslu-none wslu-share-horizontal wslu-theme-font-no wslu-main_content\">\n\n\t\t\n        <ul>\n\t\t\t        <\/ul>\n    <\/div>","protected":false},"excerpt":{"rendered":"<div class=\"product-short-description\">Microfiber Leather Brogues Shoes designing Durable Reliable Imitation Microfiber Leather WINIW Brogues Shoes designing Durable Reliable Imitation Microfiber Leather Les caract\u00e9ristiques principales incluent MicrofiberLeather, WINIW, Width.ideal for those seeking quality and reliability.<\/p>\n<p>En tant qu'usine directe, fabricant et grossiste, nous pouvons contr\u00f4ler strictement le processus de production afin de garantir la qualit\u00e9 des produits tout en vous offrant les prix les plus favorables. Nous disposons d'\u00e9quipements de production avanc\u00e9s et d'une \u00e9quipe technique professionnelle pour r\u00e9pondre \u00e0 vos besoins en mati\u00e8re de commandes \u00e0 grande \u00e9chelle et garantir une livraison dans les d\u00e9lais.<\/p>\n<\/div>","protected":false},"featured_media":3309,"template":"","meta":[],"product_brand":[],"product_cat":[111],"product_tag":[],"class_list":{"0":"post-28075","1":"product","2":"type-product","3":"status-publish","4":"has-post-thumbnail","6":"product_cat-microfiber-leather","8":"first","9":"instock","10":"product-type-simple"},"_links":{"self":[{"href":"https:\/\/www.eco-leather.com\/fr\/wp-json\/wp\/v2\/product\/28075","targetHints":{"allow":["GET"]}}],"collection":[{"href":"https:\/\/www.eco-leather.com\/fr\/wp-json\/wp\/v2\/product"}],"about":[{"href":"https:\/\/www.eco-leather.com\/fr\/wp-json\/wp\/v2\/types\/product"}],"wp:featuredmedia":[{"embeddable":true,"href":"https:\/\/www.eco-leather.com\/fr\/wp-json\/wp\/v2\/media\/3309"}],"wp:attachment":[{"href":"https:\/\/www.eco-leather.com\/fr\/wp-json\/wp\/v2\/media?parent=28075"}],"wp:term":[{"taxonomy":"product_brand","embeddable":true,"href":"https:\/\/www.eco-leather.com\/fr\/wp-json\/wp\/v2\/product_brand?post=28075"},{"taxonomy":"product_cat","embeddable":true,"href":"https:\/\/www.eco-leather.com\/fr\/wp-json\/wp\/v2\/product_cat?post=28075"},{"taxonomy":"product_tag","embeddable":true,"href":"https:\/\/www.eco-leather.com\/fr\/wp-json\/wp\/v2\/product_tag?post=28075"}],"curies":[{"name":"wp","href":"https:\/\/api.w.org\/{rel}","templated":true}]}}