{"id":28054,"date":"2025-09-07T10:50:55","date_gmt":"2025-09-07T02:50:55","guid":{"rendered":"https:\/\/www.eco-leather.com\/product\/flat-straight-imitation-microfiber-leather-for-branding-emblem-tags\/"},"modified":"2025-09-07T10:51:02","modified_gmt":"2025-09-07T02:51:02","slug":"cuir-imitation-microfibre-plat-et-droit-pour-les-etiquettes-de-marquage-et-dembleme","status":"publish","type":"product","link":"https:\/\/www.eco-leather.com\/fr\/cuir-imitation-microfibre-plat-et-droit-pour-les-etiquettes-de-marquage-et-dembleme\/","title":{"rendered":"Cuir microfibre plat et droit pour \u00e9tiquettes de marquage et d'identification"},"content":{"rendered":"<h2>Faux cuir microfibre r\u00e9sistant aux coutures<\/h2>\n<p><main><\/p>\n<section id=\"product-overview\">\n<h2>Description du produit<\/h2>\n<p>Produit <strong>Faux cuir Spandex<\/strong> Introduction<\/p>\n<p>Fabriqu\u00e9 \u00e0 partir de mat\u00e9riaux en microfibre de haute qualit\u00e9, notre similicuir en microfibre Ultrasuede de 0,7 mm est le choix id\u00e9al pour les gants de cyclisme. Il allie souplesse et r\u00e9sistance, et offre des propri\u00e9t\u00e9s exceptionnelles de respirabilit\u00e9 et d'\u00e9vacuation de l'humidit\u00e9 pour garder les mains au frais et au sec pendant les sorties intenses.<\/p>\n<p>Que vous soyez un cycliste professionnel ou amateur, le cuir microfibre est un mat\u00e9riau qui offre un confort et une protection imbattables. Sa grande r\u00e9sistance \u00e0 l'abrasion et aux d\u00e9chirures garantit des performances durables, tandis que son design \u00e9l\u00e9gant ajoute une touche sophistiqu\u00e9e \u00e0 tout ensemble de cyclisme.<\/p>\n<\/section>\n<section id=\"specifications\">\n<h2>Param\u00e8tres techniques<\/h2>\n<ul class_=\"parameters-list\">\n<li><span class=\"param-name\">Produit <strong>Cuir de confection Import\u00e9<\/strong> Sp\u00e9cification WINIW Company Factory Wholesale Leather Material ManufacturersCustomizable Synthetic Leather :<\/span> \u00c9l\u00e9gance, durabilit\u00e9 et choix de couleurs.<\/li>\n<\/ul>\n<p><img decoding=\"async\" alt=\"0.7mm Ultrasuede Microfiber Faux cuir pour gants de cyclisme - Sp\u00e9cification des mat\u00e9riaux\" class=\"product-image\" src=\"\/wp-content\/uploads\/2025\/08\/07mm-ultrasuede-microfiber-faux-leather-for-cycling-gloves--37881.jpg\"\/><\/p>\n<h3>Param\u00e8tres du produit<\/h3>\n<ul class=\"parameters-list\">\n<li><span class=\"param-name\">Mat\u00e9riau :<\/span> Microfibre + PU<\/li>\n<li><span class=\"param-name\">Couleur :<\/span> Noir, Gris, Beige (couleurs personnalis\u00e9es disponibles)<\/li>\n<li><span class=\"param-name\">\u00c9paisseur :<\/span> 0,6 mm, 0,7 mm, 0,8 mm, 1 mm<\/li>\n<li><span class=\"param-name\">Quantit\u00e9 minimale de commande :<\/span> 300 m\u00e8tres lin\u00e9aires<\/li>\n<li><span class=\"param-name\">Longueur du rouleau :<\/span> 20-30m\/rouleau<\/li>\n<li><span class=\"param-name\">D\u00e9lai de livraison :<\/span> 15-20 jours<\/li>\n<li><span class=\"param-name\">Largeur :<\/span> 54\u2033, 137cm<\/li>\n<li><span class=\"param-name\">Capacit\u00e9 de production :<\/span> 1 000 000 m\u00e8tres par mois<\/li>\n<\/ul>\n<\/section>\n<section id=\"features\">\n<h2>Caract\u00e9ristiques du produit<\/h2>\n<div class=\"feature-item\">\n<img decoding=\"async\" alt=\"Faites l&#039;exp\u00e9rience du tissu en cuir imperm\u00e9able Odmhsastla qualit\u00e9 sup\u00e9rieure et la polyvalence de notre imitation de cuir microfibre droit plat, sp\u00e9cialement con\u00e7u pour le marquage d&#039;\u00e9tiquettes embl\u00e9matiques dans l&#039;usine estim\u00e9e de WINIW Company Factory Wholesale Leather Material Manufacturersfactory.\" class=\"feature-image left\" src=\"\/wp-content\/uploads\/2025\/08\/flat-straight-imitation-microfiber-leather-for-branding-emblem-tags-21777.jpg\"\/><\/p>\n<h3>Exp\u00e9rience <strong>Tissu en cuir imperm\u00e9able Odmhsas<\/strong> la qualit\u00e9 sup\u00e9rieure et la polyvalence de notre simili-cuir microfibre plat et droit, sp\u00e9cialement con\u00e7u pour les \u00e9tiquettes de marquage, dans l'usine de fabrication de mat\u00e9riel en cuir en gros de la soci\u00e9t\u00e9 WINIW.<\/h3>\n<p>Exp\u00e9rience <strong>Tissu en cuir imperm\u00e9able Odmhsas<\/strong> la qualit\u00e9 sup\u00e9rieure et la polyvalence de notre simili cuir microfibre droit plat, sp\u00e9cialement con\u00e7u pour le marquage d'\u00e9tiquettes embl\u00e9matiques par l'usine WINIW Company Factory Wholesale Leather Material Manufacturersfactory.<\/p>\n<div class=\"clear\"><\/div>\n<\/div>\n<div class=\"feature-item\">\n<img decoding=\"async\" alt=\"En tant que fabricant de premier plan de mat\u00e9riaux en cuir WINIW Company Factory Wholesale Leather Material Manufacturers, nous sommes fiers de produire des mat\u00e9riaux qui r\u00e9pondent aux normes les plus strictes en mati\u00e8re de durabilit\u00e9 et d&#039;esth\u00e9tique.\" class=\"feature-image left\" src=\"\/wp-content\/uploads\/2025\/08\/flat-straight-imitation-microfiber-leather-for-branding-emblem-tags-21778.jpg\"\/><\/p>\n<h3>En tant que fabricant de premier plan de mat\u00e9riaux en cuir WINIW Company Factory Wholesale Leather Material Manufacturers, nous sommes fiers de produire des mat\u00e9riaux qui r\u00e9pondent aux normes les plus strictes en mati\u00e8re de durabilit\u00e9 et d'esth\u00e9tique.<\/h3>\n<p>En tant que fabricant leader de mat\u00e9riaux en cuir WINIW Company Factory Wholesale Leather Material Manufacturersmanufacturer, nous sommes fiers de produire des mat\u00e9riaux qui r\u00e9pondent aux normes les plus \u00e9lev\u00e9es en mati\u00e8re de durabilit\u00e9 et d'esth\u00e9tique. Ce cuir microfibre combine le toucher luxueux du cuir v\u00e9ritable et les avantages pratiques des fibres synth\u00e9tiques, ce qui en fait un choix id\u00e9al pour cr\u00e9er des \u00e9tiquettes de marquage sophistiqu\u00e9es et durables.<\/p>\n<div class=\"clear\"><\/div>\n<\/div>\n<div class=\"feature-item\">\n<img decoding=\"async\" alt=\"Chaque pi\u00e8ce fait l&#039;objet d&#039;un contr\u00f4le de qualit\u00e9 rigoureux afin de garantir la coh\u00e9rence de la texture, de la couleur et de la finition, r\u00e9pondant ainsi aux go\u00fbts exigeants des marques qui valorisent la pr\u00e9cision et l&#039;\u00e9l\u00e9gance. \" class=\"feature-image left\" src=\"\/wp-content\/uploads\/2025\/08\/flat-straight-imitation-microfiber-leather-for-branding-emblem-tags-21779.jpg\"\/><\/p>\n<h3>Chaque pi\u00e8ce fait l'objet d'un contr\u00f4le de qualit\u00e9 rigoureux afin de garantir la coh\u00e9rence de la texture, de la couleur et de la finition, r\u00e9pondant ainsi aux go\u00fbts exigeants des marques qui valorisent la pr\u00e9cision et l'\u00e9l\u00e9gance. <\/h3>\n<p>Chaque pi\u00e8ce est soumise \u00e0 un contr\u00f4le de qualit\u00e9 rigoureux afin de garantir la coh\u00e9rence de la texture, de la couleur et de la finition, r\u00e9pondant ainsi aux go\u00fbts exigeants des marques qui valorisent la pr\u00e9cision et l'\u00e9l\u00e9gance. Mati\u00e8re <strong>Faux Leatherman \u00e9tanche<\/strong> MicrofibreCuir Marque WINIW Company Factory Wholesale Leather Material ManufacturersLargeur 54\u2033 ;<\/p>\n<div class=\"clear\"><\/div>\n<\/div>\n<div class=\"feature-item\">\n<img decoding=\"async\" alt=\"1\" class=\"feature-image left\" src=\"\/wp-content\/uploads\/2025\/08\/flat-straight-imitation-microfiber-leather-for-branding-emblem-tags-21780.jpg\"\/><\/p>\n<h3>1<\/h3>\n<p>1.37m Couleur Rouge, Noir, Marron, Vert, personnalisable Caract\u00e9ristique R\u00e9sistant \u00e0 l'usure, Imperm\u00e9able, Anti-mildiou, Flexible Epaisseur 0.6mm-2.0mm Lieu d'origine Chine Personnalis\u00e9 Oui D\u00e9lai de livraison Habituellement dans les 15 - 25 jours.<\/p>\n<div class=\"clear\"><\/div>\n<\/div>\n<div class=\"feature-item\">\n<img decoding=\"async\" alt=\"MOQ 300 m\u00e8tres D\u00e9tails de l&#039;emballage 30\/50 m\u00e8tres par rouleau\" class=\"feature-image left\" src=\"\/wp-content\/uploads\/2025\/08\/flat-straight-imitation-microfiber-leather-for-branding-emblem-tags-21781.jpg\"\/><\/p>\n<h3>MOQ 300 m\u00e8tres D\u00e9tails de l'emballage 30\/50 m\u00e8tres par rouleau<\/h3>\n<p>MOQ 300 m\u00e8tres D\u00e9tails de l'emballage 30\/50 m\u00e8tres par rouleau. Ou sur mesure Capacit\u00e9 de production 1 000 000 m\u00e8tres par mois Caract\u00e9ristiques du produit Notre simili-cuir microfibre plat et droit se distingue par un m\u00e9lange unique de caract\u00e9ristiques qui le rendent sup\u00e9rieur aux mat\u00e9riaux traditionnels.<\/p>\n<div class=\"clear\"><\/div>\n<\/div>\n<div class=\"feature-item\">\n<h3>Premi\u00e8rement, <strong>Daim Cuir Imperm\u00e9able Import<\/strong> sa conception plate et droite permet une d\u00e9coupe et un fa\u00e7onnage sans faille, ce qui facilite l'efficacit\u00e9 des processus de production<\/h3>\n<p>Premi\u00e8rement, <strong>Daim Cuir Imperm\u00e9able Import<\/strong> Sa conception plate et droite permet une d\u00e9coupe et une mise en forme sans faille, ce qui facilite l'efficacit\u00e9 des processus de production. La composition de la microfibre garantit une r\u00e9sistance exceptionnelle \u00e0 la d\u00e9chirure et \u00e0 l'usure, pr\u00e9servant l'int\u00e9grit\u00e9 des \u00e9tiquettes de votre marque, m\u00eame en cas d'utilisation intensive.<\/p>\n<div class=\"clear\"><\/div>\n<\/div>\n<div class=\"feature-item\">\n<h3>En outre, ce mat\u00e9riau pr\u00e9sente d'excellentes propri\u00e9t\u00e9s de r\u00e9tention des couleurs, ce qui permet de pr\u00e9server l'\u00e9clat des couleurs de votre marque au fil du temps.<\/h3>\n<p>En outre, ce mat\u00e9riau pr\u00e9sente d'excellentes propri\u00e9t\u00e9s de r\u00e9tention des couleurs, pr\u00e9servant l'\u00e9clat des couleurs de votre marque au fil du temps. Sa finition en similicuir ajoute une touche de sophistication, imitant l'apparence du cuir v\u00e9ritable sans compromettre le prix.<\/p>\n<div class=\"clear\"><\/div>\n<\/div>\n<div class=\"feature-item\">\n<h3>WINIW Company Factory Wholesale Leather Material Manufacturersfactory's commitment to innovation and sustainability shines through every roll, as we use eco-friendly production methods to minimize our environmental footprint <\/h3>\n<p>WINIW Company Factory Wholesale Leather Material Manufacturersfactory's commitment to innovation and sustainability shines through every roll, as we use eco-friendly production methods to minimize our environmental footprint .<\/p>\n<div class=\"clear\"><\/div>\n<\/div>\n<div class=\"feature-item\">\n<img decoding=\"async\" alt=\"Haute r\u00e9sistance \u00e0 la d\u00e9chirure - Ultrasuede Microfibre Faux cuir pour gants de cyclisme\" class=\"feature-image left\" src=\"\/wp-content\/uploads\/2025\/08\/07mm-ultrasuede-microfiber-faux-leather-for-cycling-gloves--37882.jpg\"\/><\/p>\n<h3>R\u00e9sistance \u00e9lev\u00e9e \u00e0 la d\u00e9chirure<\/h3>\n<p>Notre cuir microfibre Ultrasuede pr\u00e9sente une r\u00e9sistance exceptionnelle \u00e0 la d\u00e9chirure, ce qui garantit qu'il ne se cassera pas et ne se d\u00e9formera pas facilement sous l'effet du stress. Il est donc id\u00e9al pour les produits n\u00e9cessitant une durabilit\u00e9 et des performances \u00e0 long terme.<\/p>\n<div class=\"clear\"><\/div>\n<\/div>\n<div class=\"feature-item\">\n<img decoding=\"async\" alt=\"R\u00e9tention de la forme - Ultrasuede Microfibre Faux cuir pour gants de cyclisme\" class=\"feature-image right\" src=\"\/wp-content\/uploads\/2025\/08\/07mm-ultrasuede-microfiber-faux-leather-for-cycling-gloves--37883.jpg\"\/><\/p>\n<h3>Pas facile \u00e0 d\u00e9former<\/h3>\n<p>Sp\u00e9cialement trait\u00e9 pour conserver sa forme originale, ce mat\u00e9riau offre une excellente \u00e9lasticit\u00e9 et une grande stabilit\u00e9. Il r\u00e9siste aux d\u00e9formations dues \u00e0 la pression ext\u00e9rieure ou \u00e0 l'\u00e9tirement, ce qui permet aux produits de rester intacts et attrayants au fil du temps.<\/p>\n<div class=\"clear\"><\/div>\n<\/div>\n<div class=\"feature-item\">\n<img decoding=\"async\" alt=\"Durabilit\u00e9 - Ultrasuede Microfibre Faux cuir pour gants de cyclisme\" class=\"feature-image left\" src=\"\/wp-content\/uploads\/2025\/08\/07mm-ultrasuede-microfiber-faux-leather-for-cycling-gloves--37884.jpg\"\/><\/p>\n<h3>Durabilit\u00e9<\/h3>\n<p>Extr\u00eamement r\u00e9sistant \u00e0 l'abrasion, aux d\u00e9chirures et aux perforations, ce mat\u00e9riau permet aux gants de rester en parfait \u00e9tat, m\u00eame en cas d'utilisation prolong\u00e9e. Il conserve \u00e9galement une excellente dext\u00e9rit\u00e9 et une grande solidit\u00e9 pour les articles en cuir de haute qualit\u00e9.<\/p>\n<div class=\"clear\"><\/div>\n<\/div>\n<\/section>\n<section id=\"why-choose-us\">\n<h2>Pourquoi choisir WINIW<\/h2>\n<div class=\"advantage-item\">\n<h3>Nos avantages<\/h3>\n<p>WINIW Company Factory Fabricants de mat\u00e9riaux en cuir en grosVitrine des produits d'usine<\/p>\n<\/div>\n<div class=\"advantage-item\">\n<h3>Assurance qualit\u00e9<\/h3>\n<p>Nous mettons en \u0153uvre un contr\u00f4le de qualit\u00e9 strict tout au long de la cha\u00eene de production et d'approvisionnement, en adh\u00e9rant aux normes ISO9001. De la s\u00e9lection des mati\u00e8res premi\u00e8res \u00e0 l'inspection finale, nous donnons la priorit\u00e9 aux int\u00e9r\u00eats des clients.<\/p>\n<\/div>\n<div class=\"advantage-item\">\n<h3>\u00c9quipe technique professionnelle<\/h3>\n<p>Notre \u00e9quipe technique sp\u00e9cialis\u00e9e se compose de professionnels exp\u00e9riment\u00e9s dans divers domaines, qui se consacrent \u00e0 la fourniture de produits de haute qualit\u00e9 et de solutions sur mesure.<\/p>\n<\/div>\n<div class=\"advantage-item\">\n<h3>Large \u00e9ventail d'applications<\/h3>\n<p>Nos mat\u00e9riaux sont largement utilis\u00e9s dans les chaussures, les v\u00eatements, les bagages, les int\u00e9rieurs d'automobiles, les canap\u00e9s, etc.<\/p>\n<\/div>\n<div class=\"advantage-item\">\n<h3>Une exp\u00e9rience riche<\/h3>\n<p>Quanzhou WINIW Import &amp; Export Co. poss\u00e8de plus de 20 ans d'exp\u00e9rience en mati\u00e8re de production et offre des solutions parfaites aux clients du monde entier.<\/p>\n<\/div>\n<div class=\"advantage-item\">\n<h3>Prix abordable<\/h3>\n<p>Nous proposons des prix comp\u00e9titifs et un excellent service \u00e0 la client\u00e8le. Demandez un catalogue ou visitez notre usine pour d\u00e9couvrir nos produits.<\/p>\n<\/div>\n<div class=\"advantage-item\">\n<h3>Service client\u00e8le en ligne 24 heures sur 24<\/h3>\n<p>Notre \u00e9quipe est disponible 24 heures sur 24, 7 jours sur 7, pour r\u00e9pondre aux demandes de renseignements et traiter rapidement les commentaires.<\/p>\n<\/div>\n<p><img decoding=\"async\" alt=\"Installation de production WINIW - Processus de fabrication du cuir microfibre Ultrasuede\" class=\"product-image\" src=\"\/wp-content\/uploads\/2025\/08\/07mm-ultrasuede-microfiber-faux-leather-for-cycling-gloves--37888.jpg\"\/><br \/>\n<\/section>\n<p><\/main><\/p>\n<section id=\"inquiry\">\n<h2 style=\"text-align: center;\">Dans l'attente de votre demande, nous vous prions d'agr\u00e9er, Madame, Monsieur, l'expression de nos salutations distingu\u00e9es.<\/h2>\n<p style=\"text-align: center;\">Contactez-nous d\u00e8s aujourd'hui pour en savoir plus sur nos produits et passer votre commande.<\/p>\n<\/section>\n\n    <div class=\"xs_social_share_widget xs_share_url after_content \t\tmain_content  wslu-style-1 wslu-share-box-shaped wslu-fill-colored wslu-none wslu-share-horizontal wslu-theme-font-no wslu-main_content\">\n\n\t\t\n        <ul>\n\t\t\t        <\/ul>\n    <\/div>","protected":false},"excerpt":{"rendered":"<div class=\"product-short-description\">Cuir microfibre Imitation cuir microfibre droit pour \u00e9tiquettes de marque WINIW Cuir microfibre imitation cuir plat droit pour \u00e9tiquettes de marque Les caract\u00e9ristiques principales incluent Cuir microfibre, WINIW, Largeur.id\u00e9al pour ceux qui recherchent la qualit\u00e9 et la fiabilit\u00e9.<\/p>\n<p>En tant qu'usine directe, fabricant et grossiste, nous pouvons contr\u00f4ler strictement le processus de production afin de garantir la qualit\u00e9 des produits tout en vous offrant les prix les plus favorables. Nous disposons d'\u00e9quipements de production avanc\u00e9s et d'une \u00e9quipe technique professionnelle pour r\u00e9pondre \u00e0 vos besoins en mati\u00e8re de commandes \u00e0 grande \u00e9chelle et garantir une livraison dans les d\u00e9lais.<\/p>\n<\/div>","protected":false},"featured_media":2947,"template":"","meta":[],"product_brand":[],"product_cat":[111],"product_tag":[18507],"class_list":{"0":"post-28054","1":"product","2":"type-product","3":"status-publish","4":"has-post-thumbnail","6":"product_cat-microfiber-leather","7":"product_tag-packaging-microfiber-leathermicrofiber-leather-for-glovesmicrofiber-leather-for-garmentsmicrofiber-leather-for-labelsmicrofiber-leather-for-cleaningmicrofiber-leather-for-automotive","9":"first","10":"instock","11":"product-type-simple"},"_links":{"self":[{"href":"https:\/\/www.eco-leather.com\/fr\/wp-json\/wp\/v2\/product\/28054","targetHints":{"allow":["GET"]}}],"collection":[{"href":"https:\/\/www.eco-leather.com\/fr\/wp-json\/wp\/v2\/product"}],"about":[{"href":"https:\/\/www.eco-leather.com\/fr\/wp-json\/wp\/v2\/types\/product"}],"wp:featuredmedia":[{"embeddable":true,"href":"https:\/\/www.eco-leather.com\/fr\/wp-json\/wp\/v2\/media\/2947"}],"wp:attachment":[{"href":"https:\/\/www.eco-leather.com\/fr\/wp-json\/wp\/v2\/media?parent=28054"}],"wp:term":[{"taxonomy":"product_brand","embeddable":true,"href":"https:\/\/www.eco-leather.com\/fr\/wp-json\/wp\/v2\/product_brand?post=28054"},{"taxonomy":"product_cat","embeddable":true,"href":"https:\/\/www.eco-leather.com\/fr\/wp-json\/wp\/v2\/product_cat?post=28054"},{"taxonomy":"product_tag","embeddable":true,"href":"https:\/\/www.eco-leather.com\/fr\/wp-json\/wp\/v2\/product_tag?post=28054"}],"curies":[{"name":"wp","href":"https:\/\/api.w.org\/{rel}","templated":true}]}}