{"id":28048,"date":"2025-09-07T10:50:55","date_gmt":"2025-09-07T02:50:55","guid":{"rendered":"https:\/\/www.eco-leather.com\/product\/flat-straight-branding-emblem-imitation-microfiber-leather-tags\/"},"modified":"2025-09-07T10:51:00","modified_gmt":"2025-09-07T02:51:00","slug":"etiquette-droite-plate-embleme-de-marque-imitation-cuir-microfibre","status":"publish","type":"product","link":"https:\/\/www.eco-leather.com\/fr\/etiquette-droite-plate-embleme-de-marque-imitation-cuir-microfibre\/","title":{"rendered":"Embl\u00e8me de marquage plat et droit Imitation cuir microfibre Tags"},"content":{"rendered":"<h2>Faux cuir microfibre r\u00e9sistant aux coutures<\/h2>\n<p><main><\/p>\n<section id=\"product-overview\">\n<h2>Description du produit<\/h2>\n<p>Produit <strong>Semelle en faux cuir<\/strong> Introduction<\/p>\n<p>Fabriqu\u00e9 \u00e0 partir de mat\u00e9riaux en microfibre de haute qualit\u00e9, notre similicuir en microfibre Ultrasuede de 0,7 mm est le choix id\u00e9al pour les gants de cyclisme. Il allie souplesse et r\u00e9sistance, et offre des propri\u00e9t\u00e9s exceptionnelles de respirabilit\u00e9 et d'\u00e9vacuation de l'humidit\u00e9 pour garder les mains au frais et au sec pendant les sorties intenses.<\/p>\n<p>Que vous soyez un cycliste professionnel ou amateur, le cuir microfibre est un mat\u00e9riau qui offre un confort et une protection imbattables. Sa grande r\u00e9sistance \u00e0 l'abrasion et aux d\u00e9chirures garantit des performances durables, tandis que son design \u00e9l\u00e9gant ajoute une touche sophistiqu\u00e9e \u00e0 tout ensemble de cyclisme.<\/p>\n<\/section>\n<section id=\"specifications\">\n<h2>Param\u00e8tres techniques<\/h2>\n<ul class_=\"parameters-list\">\n<li><span class=\"param-name\">Produit <strong>Cuir de confection Import\u00e9<\/strong> Sp\u00e9cification WINIW Company Factory Wholesale PU Material ManufacturersCustomizable Synthetic Leather :<\/span> \u00c9l\u00e9gance, durabilit\u00e9 et choix de couleurs.<\/li>\n<\/ul>\n<p><img decoding=\"async\" alt=\"0.7mm Ultrasuede Microfiber Faux cuir pour gants de cyclisme - Sp\u00e9cification des mat\u00e9riaux\" class=\"product-image\" src=\"\/wp-content\/uploads\/2025\/08\/07mm-ultrasuede-microfiber-faux-leather-for-cycling-gloves--37881.jpg\"\/><\/p>\n<h3>Param\u00e8tres du produit<\/h3>\n<ul class=\"parameters-list\">\n<li><span class=\"param-name\">Mat\u00e9riau :<\/span> Microfibre + PU<\/li>\n<li><span class=\"param-name\">Couleur :<\/span> Noir, Gris, Beige (couleurs personnalis\u00e9es disponibles)<\/li>\n<li><span class=\"param-name\">\u00c9paisseur :<\/span> 0,6 mm, 0,7 mm, 0,8 mm, 1 mm<\/li>\n<li><span class=\"param-name\">Quantit\u00e9 minimale de commande :<\/span> 300 m\u00e8tres lin\u00e9aires<\/li>\n<li><span class=\"param-name\">Longueur du rouleau :<\/span> 20-30m\/rouleau<\/li>\n<li><span class=\"param-name\">D\u00e9lai de livraison :<\/span> 15-20 jours<\/li>\n<li><span class=\"param-name\">Largeur :<\/span> 54\u2033, 137cm<\/li>\n<li><span class=\"param-name\">Capacit\u00e9 de production :<\/span> 1 000 000 m\u00e8tres par mois<\/li>\n<\/ul>\n<\/section>\n<section id=\"features\">\n<h2>Caract\u00e9ristiques du produit<\/h2>\n<div class=\"feature-item\">\n<img decoding=\"async\" alt=\"WINIWaterproof Faux Leather CustomizeCompany Factory Wholesale PU Material Manufacturers, en tant que fabricant leader dans l&#039;industrie du cuir, est fier de fabriquer des produits exceptionnels en cuir microfibre adapt\u00e9s aux divers besoins des clients.\" class=\"feature-image left\" src=\"\/wp-content\/uploads\/2025\/08\/flat-straight-branding-emblem-imitation-microfiber-leather-tags-21727.jpg\"\/><\/p>\n<h3>WINIW <strong>Faux cuir imperm\u00e9able Personnaliser<\/strong> Company Factory Wholesale PU Material Manufacturers, en tant que fabricant de premier plan dans l'industrie du cuir, est fier de fabriquer des produits exceptionnels en cuir microfibre adapt\u00e9s aux divers besoins des clients.<\/h3>\n<p>WINIW <strong>Faux cuir imperm\u00e9able Personnaliser<\/strong> Company Factory Wholesale PU Material Manufacturers, en tant que fabricant de premier plan dans l'industrie du cuir, est fi\u00e8re de fabriquer des produits en cuir microfibre exceptionnels, con\u00e7us pour r\u00e9pondre aux divers besoins des clients.<\/p>\n<div class=\"clear\"><\/div>\n<\/div>\n<div class=\"feature-item\">\n<img decoding=\"async\" alt=\"Notre simili-cuir microfibre plat et droit pour les \u00e9tiquettes de marque se distingue comme un mat\u00e9riau de premier choix pour la cr\u00e9ation d&#039;\u00e9tiquettes et d&#039;embl\u00e8mes de haute qualit\u00e9 qui renforcent l&#039;identit\u00e9 de la marque.\" class=\"feature-image left\" src=\"\/wp-content\/uploads\/2025\/08\/flat-straight-branding-emblem-imitation-microfiber-leather-tags-21728.jpg\"\/><\/p>\n<h3>Notre simili-cuir microfibre plat et droit pour les \u00e9tiquettes de marque se distingue comme un mat\u00e9riau de premier choix pour la cr\u00e9ation d'\u00e9tiquettes et d'embl\u00e8mes de haute qualit\u00e9 qui renforcent l'identit\u00e9 de la marque.<\/h3>\n<p>Notre similicuir microfibre plat et droit pour les \u00e9tiquettes de marquage et les embl\u00e8mes est un mat\u00e9riau de choix pour la fabrication d'\u00e9tiquettes et d'embl\u00e8mes de haute qualit\u00e9 qui renforcent l'identit\u00e9 de la marque. Ce cuir m\u00e9ticuleusement con\u00e7u pr\u00e9sente un grain droit et \u00e9l\u00e9gant, imitant l'\u00e9l\u00e9gance du cuir v\u00e9ritable tout en offrant une durabilit\u00e9 et une polyvalence sup\u00e9rieures.<\/p>\n<div class=\"clear\"><\/div>\n<\/div>\n<div class=\"feature-item\">\n<img decoding=\"async\" alt=\"Con\u00e7ue sp\u00e9cialement pour les marques, elle permet une impression claire et nette des logos, slogans et autres marques d&#039;identification, garantissant que le message de votre marque se d\u00e9marque avec un attrait professionnel. \" class=\"feature-image left\" src=\"\/wp-content\/uploads\/2025\/08\/flat-straight-branding-emblem-imitation-microfiber-leather-tags-21729.jpg\"\/><\/p>\n<h3>Con\u00e7ue sp\u00e9cialement pour les marques, elle permet une impression claire et nette des logos, slogans et autres marques d'identification, garantissant que le message de votre marque se d\u00e9marque avec un attrait professionnel. <\/h3>\n<p>Con\u00e7u sp\u00e9cialement pour les marques, il permet une impression claire et nette des logos, slogans et autres marques d'identification, garantissant ainsi que le message de votre marque se d\u00e9marque avec un attrait professionnel. Mat\u00e9riau <strong>Spray imperm\u00e9able pour daim et cuir<\/strong> MicrofibreCuir Marque WINIW Company Factory Wholesale PU Material ManufacturersLargeur 54\u2033 ;<\/p>\n<div class=\"clear\"><\/div>\n<\/div>\n<div class=\"feature-item\">\n<img decoding=\"async\" alt=\"1\" class=\"feature-image left\" src=\"\/wp-content\/uploads\/2025\/08\/flat-straight-branding-emblem-imitation-microfiber-leather-tags-21730.jpg\"\/><\/p>\n<h3>1<\/h3>\n<p>1.37m Couleur Rouge, Noir, Marron, Vert, personnalisable Caract\u00e9ristique R\u00e9sistant \u00e0 l'usure, Imperm\u00e9able, Anti-mildiou, Flexible Epaisseur 0.6mm-2.0mm Lieu d'origine Chine Personnalis\u00e9 Oui D\u00e9lai de livraison Habituellement dans les 15 - 25 jours.<\/p>\n<div class=\"clear\"><\/div>\n<\/div>\n<div class=\"feature-item\">\n<img decoding=\"async\" alt=\"MOQ 300 m\u00e8tres D\u00e9tails de l&#039;emballage 30\/50 m\u00e8tres par rouleau\" class=\"feature-image left\" src=\"\/wp-content\/uploads\/2025\/08\/flat-straight-branding-emblem-imitation-microfiber-leather-tags-21731.jpg\"\/><\/p>\n<h3>MOQ 300 m\u00e8tres D\u00e9tails de l'emballage 30\/50 m\u00e8tres par rouleau<\/h3>\n<p>MOQ 300 m\u00e8tres D\u00e9tails de l'emballage 30\/50 m\u00e8tres par rouleau. Ou sur mesure Capacit\u00e9 de production 1 000 000 m\u00e8tres par mois Caract\u00e9ristiques du produit Le simili cuir microfibre plat et droit de WINIW Company Factory Wholesale PU Material Manufacturersfactory combine l'attrait esth\u00e9tique du cuir traditionnel avec les avanc\u00e9es synth\u00e9tiques modernes.<\/p>\n<div class=\"clear\"><\/div>\n<\/div>\n<div class=\"feature-item\">\n<h3>Il <strong>Daim Cuir Imperm\u00e9able Import<\/strong> pr\u00e9sente une surface ultra-lisse qui non seulement accepte les encres et les teintures avec une adh\u00e9rence exceptionnelle, mais qui conserve \u00e9galement sa couleur et sa finition \u00e9clatantes au fil du temps.<\/h3>\n<p>Il <strong>Daim Cuir Imperm\u00e9able Import<\/strong> pr\u00e9sente une surface ultra-lisse qui non seulement accepte les encres et les colorants avec une adh\u00e9rence exceptionnelle, mais qui conserve \u00e9galement ses couleurs vives et sa finition au fil du temps.<\/p>\n<div class=\"clear\"><\/div>\n<\/div>\n<div class=\"feature-item\">\n<h3>Sa composition en microfibre lui conf\u00e8re une r\u00e9sistance exceptionnelle \u00e0 la d\u00e9chirure et \u00e0 l'usure, ce qui lui permet de r\u00e9sister aux rigueurs de l'utilisation quotidienne.<\/h3>\n<p>Sa composition en microfibres lui conf\u00e8re une r\u00e9sistance exceptionnelle \u00e0 la d\u00e9chirure et \u00e0 l'usure, ce qui lui permet de r\u00e9sister aux rigueurs d'une utilisation quotidienne. En outre, ce cuir est \u00e0 la fois l\u00e9ger et robuste, offrant une sensation \u00e9quilibr\u00e9e qui est \u00e0 la fois confortable \u00e0 manipuler et suffisamment durable pour r\u00e9sister \u00e0 des manipulations r\u00e9p\u00e9t\u00e9es et \u00e0 l'exposition \u00e0 divers environnements.<\/p>\n<div class=\"clear\"><\/div>\n<\/div>\n<div class=\"feature-item\">\n<h3>Son grain droit ajoute une touche de sophistication, ce qui en fait un choix id\u00e9al pour les marques cherchant \u00e0 am\u00e9liorer leurs solutions de marquage et d'embl\u00e8me. <\/h3>\n<p>Son design \u00e0 grain droit ajoute une touche de sophistication, ce qui en fait un choix id\u00e9al pour les marques cherchant \u00e0 am\u00e9liorer leurs solutions de marquage et d'embl\u00e8me.<\/p>\n<div class=\"clear\"><\/div>\n<\/div>\n<div class=\"feature-item\">\n<img decoding=\"async\" alt=\"Haute r\u00e9sistance \u00e0 la d\u00e9chirure - Ultrasuede Microfibre Faux cuir pour gants de cyclisme\" class=\"feature-image left\" src=\"\/wp-content\/uploads\/2025\/08\/07mm-ultrasuede-microfiber-faux-leather-for-cycling-gloves--37882.jpg\"\/><\/p>\n<h3>R\u00e9sistance \u00e9lev\u00e9e \u00e0 la d\u00e9chirure<\/h3>\n<p>Notre cuir microfibre Ultrasuede pr\u00e9sente une r\u00e9sistance exceptionnelle \u00e0 la d\u00e9chirure, ce qui garantit qu'il ne se cassera pas et ne se d\u00e9formera pas facilement sous l'effet du stress. Il est donc id\u00e9al pour les produits n\u00e9cessitant une durabilit\u00e9 et des performances \u00e0 long terme.<\/p>\n<div class=\"clear\"><\/div>\n<\/div>\n<div class=\"feature-item\">\n<img decoding=\"async\" alt=\"R\u00e9tention de la forme - Ultrasuede Microfibre Faux cuir pour gants de cyclisme\" class=\"feature-image right\" src=\"\/wp-content\/uploads\/2025\/08\/07mm-ultrasuede-microfiber-faux-leather-for-cycling-gloves--37883.jpg\"\/><\/p>\n<h3>Pas facile \u00e0 d\u00e9former<\/h3>\n<p>Sp\u00e9cialement trait\u00e9 pour conserver sa forme originale, ce mat\u00e9riau offre une excellente \u00e9lasticit\u00e9 et une grande stabilit\u00e9. Il r\u00e9siste aux d\u00e9formations dues \u00e0 la pression ext\u00e9rieure ou \u00e0 l'\u00e9tirement, ce qui permet aux produits de rester intacts et attrayants au fil du temps.<\/p>\n<div class=\"clear\"><\/div>\n<\/div>\n<div class=\"feature-item\">\n<img decoding=\"async\" alt=\"Durabilit\u00e9 - Ultrasuede Microfibre Faux cuir pour gants de cyclisme\" class=\"feature-image left\" src=\"\/wp-content\/uploads\/2025\/08\/07mm-ultrasuede-microfiber-faux-leather-for-cycling-gloves--37884.jpg\"\/><\/p>\n<h3>Durabilit\u00e9<\/h3>\n<p>Extr\u00eamement r\u00e9sistant \u00e0 l'abrasion, aux d\u00e9chirures et aux perforations, ce mat\u00e9riau permet aux gants de rester en parfait \u00e9tat, m\u00eame en cas d'utilisation prolong\u00e9e. Il conserve \u00e9galement une excellente dext\u00e9rit\u00e9 et une grande solidit\u00e9 pour les articles en cuir de haute qualit\u00e9.<\/p>\n<div class=\"clear\"><\/div>\n<\/div>\n<\/section>\n<section id=\"why-choose-us\">\n<h2>Pourquoi choisir WINIW<\/h2>\n<div class=\"advantage-item\">\n<h3>Nos avantages<\/h3>\n<p>WINIW Company Factory Fabricants de mat\u00e9riaux PU en grosVitrine des produits d'usine<\/p>\n<\/div>\n<div class=\"advantage-item\">\n<h3>Assurance qualit\u00e9<\/h3>\n<p>Nous mettons en \u0153uvre un contr\u00f4le de qualit\u00e9 strict tout au long de la cha\u00eene de production et d'approvisionnement, en adh\u00e9rant aux normes ISO9001. De la s\u00e9lection des mati\u00e8res premi\u00e8res \u00e0 l'inspection finale, nous donnons la priorit\u00e9 aux int\u00e9r\u00eats des clients.<\/p>\n<\/div>\n<div class=\"advantage-item\">\n<h3>\u00c9quipe technique professionnelle<\/h3>\n<p>Notre \u00e9quipe technique sp\u00e9cialis\u00e9e se compose de professionnels exp\u00e9riment\u00e9s dans divers domaines, qui se consacrent \u00e0 la fourniture de produits de haute qualit\u00e9 et de solutions sur mesure.<\/p>\n<\/div>\n<div class=\"advantage-item\">\n<h3>Large \u00e9ventail d'applications<\/h3>\n<p>Nos mat\u00e9riaux sont largement utilis\u00e9s dans les chaussures, les v\u00eatements, les bagages, les int\u00e9rieurs d'automobiles, les canap\u00e9s, etc.<\/p>\n<\/div>\n<div class=\"advantage-item\">\n<h3>Une exp\u00e9rience riche<\/h3>\n<p>Quanzhou WINIW Import &amp; Export Co. poss\u00e8de plus de 20 ans d'exp\u00e9rience en mati\u00e8re de production et offre des solutions parfaites aux clients du monde entier.<\/p>\n<\/div>\n<div class=\"advantage-item\">\n<h3>Prix abordable<\/h3>\n<p>Nous proposons des prix comp\u00e9titifs et un excellent service \u00e0 la client\u00e8le. Demandez un catalogue ou visitez notre usine pour d\u00e9couvrir nos produits.<\/p>\n<\/div>\n<div class=\"advantage-item\">\n<h3>Service client\u00e8le en ligne 24 heures sur 24<\/h3>\n<p>Notre \u00e9quipe est disponible 24 heures sur 24, 7 jours sur 7, pour r\u00e9pondre aux demandes de renseignements et traiter rapidement les commentaires.<\/p>\n<\/div>\n<p><img decoding=\"async\" alt=\"Installation de production WINIW - Processus de fabrication du cuir microfibre Ultrasuede\" class=\"product-image\" src=\"\/wp-content\/uploads\/2025\/08\/07mm-ultrasuede-microfiber-faux-leather-for-cycling-gloves--37888.jpg\"\/><br \/>\n<\/section>\n<p><\/main><\/p>\n<section id=\"inquiry\">\n<h2 style=\"text-align: center;\">Dans l'attente de votre demande, nous vous prions d'agr\u00e9er, Madame, Monsieur, l'expression de nos salutations distingu\u00e9es.<\/h2>\n<p style=\"text-align: center;\">Contactez-nous d\u00e8s aujourd'hui pour en savoir plus sur nos produits et passer votre commande.<\/p>\n<\/section>\n\n    <div class=\"xs_social_share_widget xs_share_url after_content \t\tmain_content  wslu-style-1 wslu-share-box-shaped wslu-fill-colored wslu-none wslu-share-horizontal wslu-theme-font-no wslu-main_content\">\n\n\t\t\n        <ul>\n\t\t\t        <\/ul>\n    <\/div>","protected":false},"excerpt":{"rendered":"<div class=\"product-short-description\">Cuir microfibre Embl\u00e8me de marquage droit imitation cuir microfibre Etiquettes WINIW Embl\u00e8me de marquage droit imitation cuir microfibre Les caract\u00e9ristiques principales incluent MicrofibreCuir, WINIW, Largeur.id\u00e9al pour ceux qui recherchent la qualit\u00e9 et la fiabilit\u00e9.<\/p>\n<p>En tant qu'usine directe, fabricant et grossiste, nous pouvons contr\u00f4ler strictement le processus de production afin de garantir la qualit\u00e9 des produits tout en vous offrant les prix les plus favorables. Nous disposons d'\u00e9quipements de production avanc\u00e9s et d'une \u00e9quipe technique professionnelle pour r\u00e9pondre \u00e0 vos besoins en mati\u00e8re de commandes \u00e0 grande \u00e9chelle et garantir une livraison dans les d\u00e9lais.<\/p>\n<\/div>","protected":false},"featured_media":2927,"template":"","meta":[],"product_brand":[],"product_cat":[111],"product_tag":[18502],"class_list":{"0":"post-28048","1":"product","2":"type-product","3":"status-publish","4":"has-post-thumbnail","6":"product_cat-microfiber-leather","7":"product_tag-microfiber-leather-boxing-glovesmicrofiber-leather-labelsmicrofiber-leather-fabric-labelmicrofiber-leather-gym-beltsnappa-microfiber-leather-blackmicrofiber-leather-manufactroy","9":"first","10":"instock","11":"product-type-simple"},"_links":{"self":[{"href":"https:\/\/www.eco-leather.com\/fr\/wp-json\/wp\/v2\/product\/28048","targetHints":{"allow":["GET"]}}],"collection":[{"href":"https:\/\/www.eco-leather.com\/fr\/wp-json\/wp\/v2\/product"}],"about":[{"href":"https:\/\/www.eco-leather.com\/fr\/wp-json\/wp\/v2\/types\/product"}],"wp:featuredmedia":[{"embeddable":true,"href":"https:\/\/www.eco-leather.com\/fr\/wp-json\/wp\/v2\/media\/2927"}],"wp:attachment":[{"href":"https:\/\/www.eco-leather.com\/fr\/wp-json\/wp\/v2\/media?parent=28048"}],"wp:term":[{"taxonomy":"product_brand","embeddable":true,"href":"https:\/\/www.eco-leather.com\/fr\/wp-json\/wp\/v2\/product_brand?post=28048"},{"taxonomy":"product_cat","embeddable":true,"href":"https:\/\/www.eco-leather.com\/fr\/wp-json\/wp\/v2\/product_cat?post=28048"},{"taxonomy":"product_tag","embeddable":true,"href":"https:\/\/www.eco-leather.com\/fr\/wp-json\/wp\/v2\/product_tag?post=28048"}],"curies":[{"name":"wp","href":"https:\/\/api.w.org\/{rel}","templated":true}]}}