{"id":28042,"date":"2025-09-07T10:50:55","date_gmt":"2025-09-07T02:50:55","guid":{"rendered":"https:\/\/www.eco-leather.com\/product\/1-2mm-flat-straight-branding-emblem-tags-imitation-microfiber-leather\/"},"modified":"2025-09-07T10:50:58","modified_gmt":"2025-09-07T02:50:58","slug":"1-2mm-flat-straight-branding-emblem-tags-imitation-cuir-microfibre","status":"publish","type":"product","link":"https:\/\/www.eco-leather.com\/fr\/1-2mm-flat-straight-branding-emblem-tags-imitation-cuir-microfibre\/","title":{"rendered":"1.2mm Flat Straight Branding Emblem Tags Imitation Microfiber Leather"},"content":{"rendered":"<h2>Faux cuir microfibre r\u00e9sistant aux coutures<\/h2>\n<p><main><\/p>\n<section id=\"product-overview\">\n<h2>Description du produit<\/h2>\n<p>Produit <strong>Semelle en faux cuir<\/strong> Introduction<\/p>\n<p>Fabriqu\u00e9 \u00e0 partir de mat\u00e9riaux en microfibre de haute qualit\u00e9, notre similicuir en microfibre Ultrasuede de 0,7 mm est le choix id\u00e9al pour les gants de cyclisme. Il allie souplesse et r\u00e9sistance, et offre des propri\u00e9t\u00e9s exceptionnelles de respirabilit\u00e9 et d'\u00e9vacuation de l'humidit\u00e9 pour garder les mains au frais et au sec pendant les sorties intenses.<\/p>\n<p>Que vous soyez un cycliste professionnel ou amateur, le cuir microfibre est un mat\u00e9riau qui offre un confort et une protection imbattables. Sa grande r\u00e9sistance \u00e0 l'abrasion et aux d\u00e9chirures garantit des performances durables, tandis que son design \u00e9l\u00e9gant ajoute une touche sophistiqu\u00e9e \u00e0 tout ensemble de cyclisme.<\/p>\n<\/section>\n<section id=\"specifications\">\n<h2>Param\u00e8tres techniques<\/h2>\n<ul class_=\"parameters-list\">\n<li><span class=\"param-name\">Produit <strong>Bo\u00eetes en simili cuir Chine<\/strong> Sp\u00e9cification WINIW Company Factory Wholesale Leather FabricurersCustomizable Synthetic Leather :<\/span> \u00c9l\u00e9gance, durabilit\u00e9 et choix de couleurs.<\/li>\n<\/ul>\n<p><img decoding=\"async\" alt=\"0.7mm Ultrasuede Microfiber Faux cuir pour gants de cyclisme - Sp\u00e9cification des mat\u00e9riaux\" class=\"product-image\" src=\"\/wp-content\/uploads\/2025\/08\/07mm-ultrasuede-microfiber-faux-leather-for-cycling-gloves--37881.jpg\"\/><\/p>\n<h3>Param\u00e8tres du produit<\/h3>\n<ul class=\"parameters-list\">\n<li><span class=\"param-name\">Mat\u00e9riau :<\/span> Microfibre + PU<\/li>\n<li><span class=\"param-name\">Couleur :<\/span> Noir, Gris, Beige (couleurs personnalis\u00e9es disponibles)<\/li>\n<li><span class=\"param-name\">\u00c9paisseur :<\/span> 0,6 mm, 0,7 mm, 0,8 mm, 1 mm<\/li>\n<li><span class=\"param-name\">Quantit\u00e9 minimale de commande :<\/span> 300 m\u00e8tres lin\u00e9aires<\/li>\n<li><span class=\"param-name\">Longueur du rouleau :<\/span> 20-30m\/rouleau<\/li>\n<li><span class=\"param-name\">D\u00e9lai de livraison :<\/span> 15-20 jours<\/li>\n<li><span class=\"param-name\">Largeur :<\/span> 54\u2033, 137cm<\/li>\n<li><span class=\"param-name\">Capacit\u00e9 de production :<\/span> 1 000 000 m\u00e8tres par mois<\/li>\n<\/ul>\n<\/section>\n<section id=\"features\">\n<h2>Caract\u00e9ristiques du produit<\/h2>\n<div class=\"feature-item\">\n<img decoding=\"async\" alt=\"D\u00e9couvrez la qualit\u00e9 in\u00e9gal\u00e9e et la polyvalence de notre imitation de cuir microfibre droit plat, sp\u00e9cialement con\u00e7u pour le marquage d&#039;\u00e9tiquettes embl\u00e9matiques \u00e0 l&#039;usine WINIW Company Factory Wholesale Leather Fabricants de tissus.\" class=\"feature-image left\" src=\"\/wp-content\/uploads\/2025\/08\/12mm-flat-straight-branding-emblem-tags-imitation-microfiber-leather-21676.jpg\"\/><\/p>\n<h3>Exp\u00e9rience <strong>Daim Cuir Imperm\u00e9able Import<\/strong> la qualit\u00e9 in\u00e9gal\u00e9e et la polyvalence de notre simili cuir microfibre plat et droit, sp\u00e9cialement con\u00e7u pour le marquage d'\u00e9tiquettes embl\u00e9matiques \u00e0 l'usine WINIW Company Factory Wholesale Leather Fabricants de tissus.<\/h3>\n<p>Exp\u00e9rience <strong>Daim Cuir Imperm\u00e9able Import<\/strong> la qualit\u00e9 in\u00e9gal\u00e9e et la polyvalence de notre simili cuir microfibre droit plat, sp\u00e9cialement con\u00e7u pour le marquage d'\u00e9tiquettes embl\u00e9matiques dans l'usine de fabrication de tissus en cuir en gros de la soci\u00e9t\u00e9 WINIW.<\/p>\n<div class=\"clear\"><\/div>\n<\/div>\n<div class=\"feature-item\">\n<img decoding=\"async\" alt=\"En tant que leader dans l&#039;industrie du cuir, WINIW Company Factory Wholesale Leather Fabricurersmanufacturer, nous sommes fiers d&#039;offrir des mat\u00e9riaux qui r\u00e9pondent aux normes les plus \u00e9lev\u00e9es en mati\u00e8re de durabilit\u00e9 et d&#039;esth\u00e9tique.\" class=\"feature-image left\" src=\"\/wp-content\/uploads\/2025\/08\/12mm-flat-straight-branding-emblem-tags-imitation-microfiber-leather-21677.jpg\"\/><\/p>\n<h3>En tant que leader dans l'industrie du cuir, WINIW Company Factory Wholesale Leather Fabricurersmanufacturer, nous sommes fiers d'offrir des mat\u00e9riaux qui r\u00e9pondent aux normes les plus \u00e9lev\u00e9es en mati\u00e8re de durabilit\u00e9 et d'esth\u00e9tique.<\/h3>\n<p>En tant que leader dans l'industrie du cuir, WINIW Company Factory Wholesale Leather Fabricurersmanufacturer, nous sommes fiers d'offrir des mat\u00e9riaux qui r\u00e9pondent aux normes les plus \u00e9lev\u00e9es en mati\u00e8re de durabilit\u00e9 et d'esth\u00e9tique.<\/p>\n<div class=\"clear\"><\/div>\n<\/div>\n<div class=\"feature-item\">\n<img decoding=\"async\" alt=\"Ce cuir microfibre est con\u00e7u pour offrir une finition \u00e9l\u00e9gante et professionnelle \u00e0 toute \u00e9tiquette de marque, garantissant ainsi que vos produits se distinguent par leur aspect soign\u00e9.\" class=\"feature-image left\" src=\"\/wp-content\/uploads\/2025\/08\/12mm-flat-straight-branding-emblem-tags-imitation-microfiber-leather-21678.jpg\"\/><\/p>\n<h3>Ce cuir microfibre est con\u00e7u pour offrir une finition \u00e9l\u00e9gante et professionnelle \u00e0 toute \u00e9tiquette de marque, garantissant ainsi que vos produits se distinguent par leur aspect soign\u00e9.<\/h3>\n<p>Ce cuir microfibre est con\u00e7u pour donner une finition \u00e9l\u00e9gante et professionnelle \u00e0 toute \u00e9tiquette de marque, afin que vos produits se distinguent par leur aspect soign\u00e9. Con\u00e7u avec pr\u00e9cision, il imite la texture et l'aspect du cuir v\u00e9ritable, mais offre des propri\u00e9t\u00e9s am\u00e9lior\u00e9es telles qu'un poids plus l\u00e9ger, une flexibilit\u00e9 accrue et une r\u00e9sistance \u00e0 l'usure et \u00e0 la d\u00e9chirure.<\/p>\n<div class=\"clear\"><\/div>\n<\/div>\n<div class=\"feature-item\">\n<img decoding=\"async\" alt=\"Mat\u00e9riau en cuir r\u00e9sistant \u00e0 l&#039;eauPour une large gamme d&#039;applications, notre simili cuir microfibre plat et droit garantit une performance et une fiabilit\u00e9 constantes, ce qui en fait un choix id\u00e9al pour les marques exigeantes qui cherchent \u00e0 am\u00e9liorer l&#039;identification de leurs produits. \" class=\"feature-image left\" src=\"\/wp-content\/uploads\/2025\/08\/12mm-flat-straight-branding-emblem-tags-imitation-microfiber-leather-21679.jpg\"\/><\/p>\n<h3>Adapt\u00e9 <strong>Mat\u00e9riau en cuir imperm\u00e9able Service<\/strong> Pour une large gamme d'applications, notre simili cuir microfibre plat et droit garantit une performance et une fiabilit\u00e9 constantes, ce qui en fait un choix id\u00e9al pour les marques exigeantes qui cherchent \u00e0 am\u00e9liorer l'identification de leurs produits. <\/h3>\n<p>Adapt\u00e9 <strong>Mat\u00e9riau en cuir imperm\u00e9able Service<\/strong> Pour une large gamme d'applications, notre simili cuir microfibre plat et droit garantit une performance et une fiabilit\u00e9 constantes, ce qui en fait un choix id\u00e9al pour les marques exigeantes qui cherchent \u00e0 am\u00e9liorer l'identification de leurs produits.<\/p>\n<div class=\"clear\"><\/div>\n<\/div>\n<div class=\"feature-item\">\n<img decoding=\"async\" alt=\"Mati\u00e8re MicrofibreCuir Marque WINIW Company Factory Fabricant de tissus en cuir en grosLargeur 54\" class=\"feature-image left\" src=\"\/wp-content\/uploads\/2025\/08\/12mm-flat-straight-branding-emblem-tags-imitation-microfiber-leather-21680.jpg\"\/><\/p>\n<h3>Mati\u00e8re MicrofibreCuir Marque WINIW Company Factory Fabricant de tissus en cuir en grosLargeur 54\u2033 ; 1<\/h3>\n<p>Mat\u00e9riau MicrofibreCuir Marque WINIW Company Factory Wholesale Leather FabricurersLargeur 54\u2033 ; 1.37m Couleur Rouge, Noir, Marron, Vert, accepter de personnaliser Caract\u00e9ristique R\u00e9sistant \u00e0 l'usure, Imperm\u00e9able, Anti-mildiou, Flexible Epaisseur 0.6mm-2.0mm Lieu d'origine Chine Personnalis\u00e9 Oui D\u00e9lai de livraison Habituellement dans les 15 - 25 jours.<\/p>\n<div class=\"clear\"><\/div>\n<\/div>\n<div class=\"feature-item\">\n<h3>MOQ 300 m\u00e8tres D\u00e9tails de l'emballage 30\/50 m\u00e8tres par rouleau<\/h3>\n<p>MOQ 300 m\u00e8tres D\u00e9tails de l'emballage 30\/50 m\u00e8tres par rouleau. Ou <strong>Faux cuir imperm\u00e9able Personnaliser<\/strong> personnalis\u00e9 Capacit\u00e9 de production 1 000 000 m\u00e8tres par mois Caract\u00e9ristiques du produit Ce qui distingue notre simili-cuir microfibre plat et droit des autres mat\u00e9riaux disponibles sur le march\u00e9, c'est son m\u00e9lange unique de caract\u00e9ristiques adapt\u00e9es aux exigences des \u00e9tiquettes de marquage.<\/p>\n<div class=\"clear\"><\/div>\n<\/div>\n<div class=\"feature-item\">\n<h3>En tant que fabricant de tissus en cuir WINIW Company Factory Wholesale Leather Fabricurersmanufacturer, nous veillons \u00e0 ce que chaque lot soit soumis \u00e0 un contr\u00f4le de qualit\u00e9 rigoureux, garantissant une \u00e9paisseur, une douceur et une solidit\u00e9 des couleurs constantes.<\/h3>\n<p>En tant que fabricant de tissus en cuir WINIW Company Factory Wholesale Leather Fabricurersmanufacturer, nous veillons \u00e0 ce que chaque lot soit soumis \u00e0 un contr\u00f4le de qualit\u00e9 rigoureux, garantissant une \u00e9paisseur, une douceur et une solidit\u00e9 des couleurs constantes.<\/p>\n<div class=\"clear\"><\/div>\n<\/div>\n<div class=\"feature-item\">\n<h3>Ce cuir microfibre pr\u00e9sente une respirabilit\u00e9 exceptionnelle, permettant une meilleure circulation de l'air, ce qui est particuli\u00e8rement b\u00e9n\u00e9fique dans les environnements o\u00f9 les \u00e9tiquettes sont expos\u00e9es \u00e0 des conditions climatiques variables.<\/h3>\n<p>Ce cuir microfibre pr\u00e9sente une respirabilit\u00e9 exceptionnelle, permettant une meilleure circulation de l'air, ce qui est particuli\u00e8rement b\u00e9n\u00e9fique dans les environnements o\u00f9 les \u00e9tiquettes sont expos\u00e9es \u00e0 des conditions climatiques variables. Sa r\u00e9sistance \u00e0 la d\u00e9coloration et aux rayures permet \u00e0 votre marque de rester vivante et nette au fil du temps.<\/p>\n<div class=\"clear\"><\/div>\n<\/div>\n<div class=\"feature-item\">\n<h3>En outre, notre cuir microfibre est respectueux de l'environnement et int\u00e8gre des pratiques durables tout au long du processus de production \u00e0 l'usine WINIW Company Factory Wholesale Leather Fabricersfactory.<\/h3>\n<p>En outre, notre cuir microfibre est respectueux de l'environnement, incorporant des pratiques durables tout au long du processus de production \u00e0 l'usine WINIW Company Factory Wholesale Leather Fabricurersfactory. Sa capacit\u00e9 \u00e0 r\u00e9sister aux manipulations fr\u00e9quentes et \u00e0 l'exposition \u00e0 divers \u00e9l\u00e9ments en fait une option r\u00e9sistante pour les \u00e9tiquettes qui doivent supporter une utilisation rigoureuse tout en conservant un aspect sophistiqu\u00e9.<\/p>\n<div class=\"clear\"><\/div>\n<\/div>\n<div class=\"feature-item\">\n<img decoding=\"async\" alt=\"Haute r\u00e9sistance \u00e0 la d\u00e9chirure - Ultrasuede Microfibre Faux cuir pour gants de cyclisme\" class=\"feature-image left\" src=\"\/wp-content\/uploads\/2025\/08\/07mm-ultrasuede-microfiber-faux-leather-for-cycling-gloves--37882.jpg\"\/><\/p>\n<h3>R\u00e9sistance \u00e9lev\u00e9e \u00e0 la d\u00e9chirure<\/h3>\n<p>Notre cuir microfibre Ultrasuede pr\u00e9sente une r\u00e9sistance exceptionnelle \u00e0 la d\u00e9chirure, ce qui garantit qu'il ne se cassera pas et ne se d\u00e9formera pas facilement sous l'effet du stress. Il est donc id\u00e9al pour les produits n\u00e9cessitant une durabilit\u00e9 et des performances \u00e0 long terme.<\/p>\n<div class=\"clear\"><\/div>\n<\/div>\n<div class=\"feature-item\">\n<img decoding=\"async\" alt=\"R\u00e9tention de la forme - Ultrasuede Microfibre Faux cuir pour gants de cyclisme\" class=\"feature-image right\" src=\"\/wp-content\/uploads\/2025\/08\/07mm-ultrasuede-microfiber-faux-leather-for-cycling-gloves--37883.jpg\"\/><\/p>\n<h3>Pas facile \u00e0 d\u00e9former<\/h3>\n<p>Sp\u00e9cialement trait\u00e9 pour conserver sa forme originale, ce mat\u00e9riau offre une excellente \u00e9lasticit\u00e9 et une grande stabilit\u00e9. Il r\u00e9siste aux d\u00e9formations dues \u00e0 la pression ext\u00e9rieure ou \u00e0 l'\u00e9tirement, ce qui permet aux produits de rester intacts et attrayants au fil du temps.<\/p>\n<div class=\"clear\"><\/div>\n<\/div>\n<div class=\"feature-item\">\n<img decoding=\"async\" alt=\"Durabilit\u00e9 - Ultrasuede Microfibre Faux cuir pour gants de cyclisme\" class=\"feature-image left\" src=\"\/wp-content\/uploads\/2025\/08\/07mm-ultrasuede-microfiber-faux-leather-for-cycling-gloves--37884.jpg\"\/><\/p>\n<h3>Durabilit\u00e9<\/h3>\n<p>Extr\u00eamement r\u00e9sistant \u00e0 l'abrasion, aux d\u00e9chirures et aux perforations, ce mat\u00e9riau permet aux gants de rester en parfait \u00e9tat, m\u00eame en cas d'utilisation prolong\u00e9e. Il conserve \u00e9galement une excellente dext\u00e9rit\u00e9 et une grande solidit\u00e9 pour les articles en cuir de haute qualit\u00e9.<\/p>\n<div class=\"clear\"><\/div>\n<\/div>\n<\/section>\n<section id=\"why-choose-us\">\n<h2>Pourquoi choisir WINIW<\/h2>\n<div class=\"advantage-item\">\n<h3>Nos avantages<\/h3>\n<p>WINIW Company Factory Fabricants de tissus en cuir en grosVitrine des produits de l'usine<\/p>\n<\/div>\n<div class=\"advantage-item\">\n<h3>Assurance qualit\u00e9<\/h3>\n<p>Nous mettons en \u0153uvre un contr\u00f4le de qualit\u00e9 strict tout au long de la cha\u00eene de production et d'approvisionnement, en adh\u00e9rant aux normes ISO9001. De la s\u00e9lection des mati\u00e8res premi\u00e8res \u00e0 l'inspection finale, nous donnons la priorit\u00e9 aux int\u00e9r\u00eats des clients.<\/p>\n<\/div>\n<div class=\"advantage-item\">\n<h3>\u00c9quipe technique professionnelle<\/h3>\n<p>Notre \u00e9quipe technique sp\u00e9cialis\u00e9e se compose de professionnels exp\u00e9riment\u00e9s dans divers domaines, qui se consacrent \u00e0 la fourniture de produits de haute qualit\u00e9 et de solutions sur mesure.<\/p>\n<\/div>\n<div class=\"advantage-item\">\n<h3>Large \u00e9ventail d'applications<\/h3>\n<p>Nos mat\u00e9riaux sont largement utilis\u00e9s dans les chaussures, les v\u00eatements, les bagages, les int\u00e9rieurs d'automobiles, les canap\u00e9s, etc.<\/p>\n<\/div>\n<div class=\"advantage-item\">\n<h3>Une exp\u00e9rience riche<\/h3>\n<p>Quanzhou WINIW Import &amp; Export Co. poss\u00e8de plus de 20 ans d'exp\u00e9rience en mati\u00e8re de production et offre des solutions parfaites aux clients du monde entier.<\/p>\n<\/div>\n<div class=\"advantage-item\">\n<h3>Prix abordable<\/h3>\n<p>Nous proposons des prix comp\u00e9titifs et un excellent service \u00e0 la client\u00e8le. Demandez un catalogue ou visitez notre usine pour d\u00e9couvrir nos produits.<\/p>\n<\/div>\n<div class=\"advantage-item\">\n<h3>Service client\u00e8le en ligne 24 heures sur 24<\/h3>\n<p>Notre \u00e9quipe est disponible 24 heures sur 24, 7 jours sur 7, pour r\u00e9pondre aux demandes de renseignements et traiter rapidement les commentaires.<\/p>\n<\/div>\n<p><img decoding=\"async\" alt=\"Installation de production WINIW - Processus de fabrication du cuir microfibre Ultrasuede\" class=\"product-image\" src=\"\/wp-content\/uploads\/2025\/08\/07mm-ultrasuede-microfiber-faux-leather-for-cycling-gloves--37888.jpg\"\/><br \/>\n<\/section>\n<p><\/main><\/p>\n<section id=\"inquiry\">\n<h2 style=\"text-align: center;\">Dans l'attente de votre demande, nous vous prions d'agr\u00e9er, Madame, Monsieur, l'expression de nos salutations distingu\u00e9es.<\/h2>\n<p style=\"text-align: center;\">Contactez-nous d\u00e8s aujourd'hui pour en savoir plus sur nos produits et passer votre commande.<\/p>\n<\/section>\n\n    <div class=\"xs_social_share_widget xs_share_url after_content \t\tmain_content  wslu-style-1 wslu-share-box-shaped wslu-fill-colored wslu-none wslu-share-horizontal wslu-theme-font-no wslu-main_content\">\n\n\t\t\n        <ul>\n\t\t\t        <\/ul>\n    <\/div>","protected":false},"excerpt":{"rendered":"<div class=\"product-short-description\">Cuir microfibre 1.2mm Flat Straight Branding Emblem Tags Imitation Cuir microfibre WINIW 1.2mm Flat Straight Branding Emblem Tags Imitation Cuir microfibre Les caract\u00e9ristiques principales incluent MicrofibreCuir, WINIW, Largeur.Id\u00e9al pour ceux qui recherchent la qualit\u00e9 et la fiabilit\u00e9.<\/p>\n<p>En tant qu'usine directe, fabricant et grossiste, nous pouvons contr\u00f4ler strictement le processus de production afin de garantir la qualit\u00e9 des produits tout en vous offrant les prix les plus favorables. Nous disposons d'\u00e9quipements de production avanc\u00e9s et d'une \u00e9quipe technique professionnelle pour r\u00e9pondre \u00e0 vos besoins en mati\u00e8re de commandes \u00e0 grande \u00e9chelle et garantir une livraison dans les d\u00e9lais.<\/p>\n<\/div>","protected":false},"featured_media":2907,"template":"","meta":[],"product_brand":[],"product_cat":[111],"product_tag":[],"class_list":{"0":"post-28042","1":"product","2":"type-product","3":"status-publish","4":"has-post-thumbnail","6":"product_cat-microfiber-leather","8":"first","9":"instock","10":"product-type-simple"},"_links":{"self":[{"href":"https:\/\/www.eco-leather.com\/fr\/wp-json\/wp\/v2\/product\/28042","targetHints":{"allow":["GET"]}}],"collection":[{"href":"https:\/\/www.eco-leather.com\/fr\/wp-json\/wp\/v2\/product"}],"about":[{"href":"https:\/\/www.eco-leather.com\/fr\/wp-json\/wp\/v2\/types\/product"}],"wp:featuredmedia":[{"embeddable":true,"href":"https:\/\/www.eco-leather.com\/fr\/wp-json\/wp\/v2\/media\/2907"}],"wp:attachment":[{"href":"https:\/\/www.eco-leather.com\/fr\/wp-json\/wp\/v2\/media?parent=28042"}],"wp:term":[{"taxonomy":"product_brand","embeddable":true,"href":"https:\/\/www.eco-leather.com\/fr\/wp-json\/wp\/v2\/product_brand?post=28042"},{"taxonomy":"product_cat","embeddable":true,"href":"https:\/\/www.eco-leather.com\/fr\/wp-json\/wp\/v2\/product_cat?post=28042"},{"taxonomy":"product_tag","embeddable":true,"href":"https:\/\/www.eco-leather.com\/fr\/wp-json\/wp\/v2\/product_tag?post=28042"}],"curies":[{"name":"wp","href":"https:\/\/api.w.org\/{rel}","templated":true}]}}