{"id":27922,"date":"2025-09-07T10:49:51","date_gmt":"2025-09-07T02:49:51","guid":{"rendered":"https:\/\/www.eco-leather.com\/product\/highly-durable-1-4mm-thickness-artificial-microfiber-suede-leather\/"},"modified":"2025-09-07T10:49:53","modified_gmt":"2025-09-07T02:49:53","slug":"cuir-suede-artificiel-en-microfibre-tres-resistant-dune-epaisseur-de-1-4-mm","status":"publish","type":"product","link":"https:\/\/www.eco-leather.com\/fr\/cuir-suede-artificiel-en-microfibre-tres-resistant-dune-epaisseur-de-1-4-mm\/","title":{"rendered":"Cuir de daim microfibre artificiel tr\u00e8s durable d'une \u00e9paisseur de 1,4 mm"},"content":{"rendered":"<h2>Microfibre Cuir Daim Produit<\/h2>\n<p><main><\/p>\n<section id=\"product-overview\">\n<h2>Description du produit<\/h2>\n<p>Produit <strong>Semelle en faux cuir<\/strong> Introduction<\/p>\n<p>Fabriqu\u00e9 \u00e0 partir de mat\u00e9riaux en microfibre de haute qualit\u00e9, notre similicuir en microfibre Ultrasuede de 0,7 mm est le choix id\u00e9al pour les gants de cyclisme. Il allie souplesse et r\u00e9sistance, et offre des propri\u00e9t\u00e9s exceptionnelles de respirabilit\u00e9 et d'\u00e9vacuation de l'humidit\u00e9 pour garder les mains au frais et au sec pendant les sorties intenses.<\/p>\n<p>Que vous soyez un cycliste professionnel ou amateur, le cuir microfibre est un mat\u00e9riau qui offre un confort et une protection imbattables. Sa grande r\u00e9sistance \u00e0 l'abrasion et aux d\u00e9chirures garantit des performances durables, tandis que son design \u00e9l\u00e9gant ajoute une touche sophistiqu\u00e9e \u00e0 tout ensemble de cyclisme.<\/p>\n<\/section>\n<section id=\"specifications\">\n<h2>Param\u00e8tres techniques<\/h2>\n<ul class_=\"parameters-list\">\n<li><span class=\"param-name\">Produit <strong>Bo\u00eetes en simili cuir Chine<\/strong> Sp\u00e9cification WINIW Company Factory Wholesale Microfiber Leather ManufacturersCustomizable Synthetic Leather :<\/span> \u00c9l\u00e9gance, durabilit\u00e9 et choix de couleurs.<\/li>\n<\/ul>\n<p><img decoding=\"async\" alt=\"0.7mm Ultrasuede Microfiber Faux cuir pour gants de cyclisme - Sp\u00e9cification des mat\u00e9riaux\" class=\"product-image\" src=\"\/wp-content\/uploads\/2025\/08\/07mm-ultrasuede-microfiber-faux-leather-for-cycling-gloves--37881.jpg\"\/><\/p>\n<h3>Param\u00e8tres du produit<\/h3>\n<ul class=\"parameters-list\">\n<li><span class=\"param-name\">Mat\u00e9riau :<\/span> Microfibre + PU<\/li>\n<li><span class=\"param-name\">Couleur :<\/span> Noir, Gris, Beige (couleurs personnalis\u00e9es disponibles)<\/li>\n<li><span class=\"param-name\">\u00c9paisseur :<\/span> 0,6 mm, 0,7 mm, 0,8 mm, 1 mm<\/li>\n<li><span class=\"param-name\">Quantit\u00e9 minimale de commande :<\/span> 300 m\u00e8tres lin\u00e9aires<\/li>\n<li><span class=\"param-name\">Longueur du rouleau :<\/span> 20-30m\/rouleau<\/li>\n<li><span class=\"param-name\">D\u00e9lai de livraison :<\/span> 15-20 jours<\/li>\n<li><span class=\"param-name\">Largeur :<\/span> 54\u2033, 137cm<\/li>\n<li><span class=\"param-name\">Capacit\u00e9 de production :<\/span> 1 000 000 m\u00e8tres par mois<\/li>\n<\/ul>\n<\/section>\n<section id=\"features\">\n<h2>Caract\u00e9ristiques du produit<\/h2>\n<div class=\"feature-item\">\n<img decoding=\"async\" alt=\"Mati\u00e8reCuir imperm\u00e9able Mati\u00e8re ServiceCuir daim microfibre Marque WINIW Company Factory Fabricants de cuir microfibre en grosLargeur 54\" class=\"feature-image left\" src=\"\/wp-content\/uploads\/2025\/08\/highly-durable-14mm-thickness-artificial-microfiber-suede-leather-20636.jpg\"\/><\/p>\n<h3>Mat\u00e9riau <strong>Mat\u00e9riau en cuir imperm\u00e9able Service<\/strong> Microfiber Suede Leather Brand Name WINIW Company Factory Wholesale Microfiber Leather ManufacturersLargeur 54\u2033 ; 1<\/h3>\n<p>Mat\u00e9riau <strong>Mat\u00e9riau en cuir imperm\u00e9able Service<\/strong> Microfiber Suede Leather Brand Name WINIW Company Factory Wholesale Microfiber Leather ManufacturersWidth 54\u2033 ; 1.37m Color Red, Black,Brown, Green,accept customize Feature Wear resistant, Waterproof, Anti-Mildew, Flexible Thickness 0.6mm-2.4mm Place of Origin China Customized Yes Delivery time Usually within 15 - 25 days.<\/p>\n<div class=\"clear\"><\/div>\n<\/div>\n<div class=\"feature-item\">\n<img decoding=\"async\" alt=\"MOQ 300 m\u00e8tres D\u00e9tails de l&#039;emballage 30\/50 m\u00e8tres par rouleau\" class=\"feature-image left\" src=\"\/wp-content\/uploads\/2025\/08\/highly-durable-14mm-thickness-artificial-microfiber-suede-leather-20637.jpg\"\/><\/p>\n<h3>MOQ 300 m\u00e8tres D\u00e9tails de l'emballage 30\/50 m\u00e8tres par rouleau<\/h3>\n<p>MOQ 300 m\u00e8tres D\u00e9tails de l'emballage 30\/50 m\u00e8tres par rouleau. Ou personnalis\u00e9 Capacit\u00e9 de production 1 000 000 m\u00e8tres par mois Caract\u00e9ristiques du produit Dot\u00e9 d'un ensemble de caract\u00e9ristiques remarquables, notre tissu en cuir daim microfibre artificiel hautement durable se distingue sur le march\u00e9.<\/p>\n<div class=\"clear\"><\/div>\n<\/div>\n<div class=\"feature-item\">\n<img decoding=\"async\" alt=\"Ses fibres synth\u00e9tiques sont tiss\u00e9es pour cr\u00e9er un mat\u00e9riau dense mais souple, remarquablement r\u00e9sistant \u00e0 l&#039;usure.\" class=\"feature-image left\" src=\"\/wp-content\/uploads\/2025\/08\/highly-durable-14mm-thickness-artificial-microfiber-suede-leather-20638.jpg\"\/><\/p>\n<h3>Son <strong>Spray imperm\u00e9able pour daim et cuir<\/strong> Les fibres synth\u00e9tiques sont tiss\u00e9es pour cr\u00e9er un mat\u00e9riau dense, mais souple, qui r\u00e9siste remarquablement bien \u00e0 l'usure.<\/h3>\n<p>Son <strong>Spray imperm\u00e9able pour daim et cuir<\/strong> Les fibres synth\u00e9tiques sont tiss\u00e9es pour cr\u00e9er un mat\u00e9riau dense, mais souple, qui r\u00e9siste remarquablement bien \u00e0 l'usure et aux d\u00e9chirures. La surface en faux daim est trait\u00e9e avec des technologies avanc\u00e9es pour repousser les taches et faciliter le nettoyage, conservant ainsi son aspect impeccable au fil du temps.<\/p>\n<div class=\"clear\"><\/div>\n<\/div>\n<div class=\"feature-item\">\n<img decoding=\"async\" alt=\"Sa composition v\u00e9g\u00e9talienne s&#039;aligne non seulement sur les normes \u00e9thiques modernes, mais contribue \u00e9galement \u00e0 r\u00e9duire l&#039;impact sur l&#039;environnement par rapport \u00e0 la production traditionnelle de cuir.\" class=\"feature-image left\" src=\"\/wp-content\/uploads\/2025\/08\/highly-durable-14mm-thickness-artificial-microfiber-suede-leather-20639.jpg\"\/><\/p>\n<h3>Sa composition v\u00e9g\u00e9talienne s'aligne non seulement sur les normes \u00e9thiques modernes, mais contribue \u00e9galement \u00e0 r\u00e9duire l'impact sur l'environnement par rapport \u00e0 la production traditionnelle de cuir.<\/h3>\n<p>Sa composition v\u00e9g\u00e9talienne est non seulement conforme aux normes \u00e9thiques modernes, mais elle contribue \u00e9galement \u00e0 r\u00e9duire l'impact sur l'environnement par rapport \u00e0 la production traditionnelle de cuir. En outre, la durabilit\u00e9 impressionnante du tissu lui permet de conserver sa forme et sa douceur, m\u00eame en cas d'utilisation intensive, ce qui en fait une option rentable et fiable pour les commandes en gros de clients B2B exigeants.<\/p>\n<div class=\"clear\"><\/div>\n<\/div>\n<div class=\"feature-item\">\n<img decoding=\"async\" alt=\"Haute r\u00e9sistance \u00e0 la d\u00e9chirure - Ultrasuede Microfibre Faux cuir pour gants de cyclisme\" class=\"feature-image left\" src=\"\/wp-content\/uploads\/2025\/08\/07mm-ultrasuede-microfiber-faux-leather-for-cycling-gloves--37882.jpg\"\/><\/p>\n<h3>R\u00e9sistance \u00e9lev\u00e9e \u00e0 la d\u00e9chirure<\/h3>\n<p>Notre cuir microfibre Ultrasuede pr\u00e9sente une r\u00e9sistance exceptionnelle \u00e0 la d\u00e9chirure, ce qui garantit qu'il ne se cassera pas et ne se d\u00e9formera pas facilement sous l'effet du stress. Il est donc id\u00e9al pour les produits n\u00e9cessitant une durabilit\u00e9 et des performances \u00e0 long terme.<\/p>\n<div class=\"clear\"><\/div>\n<\/div>\n<div class=\"feature-item\">\n<img decoding=\"async\" alt=\"R\u00e9tention de la forme - Ultrasuede Microfibre Faux cuir pour gants de cyclisme\" class=\"feature-image right\" src=\"\/wp-content\/uploads\/2025\/08\/07mm-ultrasuede-microfiber-faux-leather-for-cycling-gloves--37883.jpg\"\/><\/p>\n<h3>Pas facile \u00e0 d\u00e9former<\/h3>\n<p>Sp\u00e9cialement trait\u00e9 pour conserver sa forme originale, ce mat\u00e9riau offre une excellente \u00e9lasticit\u00e9 et une grande stabilit\u00e9. Il r\u00e9siste aux d\u00e9formations dues \u00e0 la pression ext\u00e9rieure ou \u00e0 l'\u00e9tirement, ce qui permet aux produits de rester intacts et attrayants au fil du temps.<\/p>\n<div class=\"clear\"><\/div>\n<\/div>\n<div class=\"feature-item\">\n<img decoding=\"async\" alt=\"Durabilit\u00e9 - Ultrasuede Microfibre Faux cuir pour gants de cyclisme\" class=\"feature-image left\" src=\"\/wp-content\/uploads\/2025\/08\/07mm-ultrasuede-microfiber-faux-leather-for-cycling-gloves--37884.jpg\"\/><\/p>\n<h3>Durabilit\u00e9<\/h3>\n<p>Extr\u00eamement r\u00e9sistant \u00e0 l'abrasion, aux d\u00e9chirures et aux perforations, ce mat\u00e9riau permet aux gants de rester en parfait \u00e9tat, m\u00eame en cas d'utilisation prolong\u00e9e. Il conserve \u00e9galement une excellente dext\u00e9rit\u00e9 et une grande solidit\u00e9 pour les articles en cuir de haute qualit\u00e9.<\/p>\n<div class=\"clear\"><\/div>\n<\/div>\n<\/section>\n<section id=\"usage\">\n<h2>Utilisation et applications<\/h2>\n<p><img fetchpriority=\"high\" decoding=\"async\" alt=\"Microfibre Cuir Daim Produit\" height=\"417\" src=\"\/wp-content\/uploads\/2025\/08\/highly-durable-14mm-thickness-artificial-microfiber-suede-leather-20635.jpg\" width=\"1397\"\/><\/p>\n<div class=\"usage-point\">\n<h3>D\u00e9couvrir <strong>Cuir de confection Import\u00e9<\/strong> la nouvelle r\u00e9f\u00e9rence en mati\u00e8re d'excellence du cuir v\u00e9g\u00e9talien avec notre tissu en daim microfibre artificiel hautement durable, fabriqu\u00e9 m\u00e9ticuleusement par les experts de WINIW Company Factory Wholesale Microfiber Leather Manufacturersfactory.<\/h3>\n<p>D\u00e9couvrir <strong>Cuir de confection Import\u00e9<\/strong> la nouvelle r\u00e9f\u00e9rence en mati\u00e8re d'excellence du cuir v\u00e9g\u00e9talien avec notre tissu en cuir daim microfibre artificiel hautement durable, fabriqu\u00e9 m\u00e9ticuleusement par les experts de WINIW Company Factory Wholesale Microfiber Leather Manufacturersfactory.<\/p>\n<\/div>\n<div class=\"usage-point\">\n<h3>En tant que pionnier de l'innovation en mati\u00e8re de mat\u00e9riaux synth\u00e9tiques, WINIW Company Factory Wholesale Microfiber Leather Manufacturersmanufacturer a con\u00e7u ce tissu pour imiter le toucher doux et l'\u00e9l\u00e9gance du daim v\u00e9ritable, tout en adh\u00e9rant aux principes du v\u00e9ganisme.<\/h3>\n<p>En tant que pionnier de l'innovation dans le domaine des mat\u00e9riaux synth\u00e9tiques, WINIW Company Factory Wholesale Microfiber Leather Manufacturersmanufacturer a con\u00e7u ce tissu pour imiter le toucher doux et l'\u00e9l\u00e9gance du daim v\u00e9ritable, tout en adh\u00e9rant aux principes du v\u00e9ganisme.<\/p>\n<\/div>\n<div class=\"usage-point\">\n<h3>Parfait <strong>Importateurs de chaussures en cuir v\u00e9g\u00e9talien<\/strong> Pour les designers et les fabricants qui recherchent des alternatives \u00e9thiques aux produits d'origine animale, notre daim microfibre offre une solution durable et \u00e9l\u00e9gante, sans compromis sur la qualit\u00e9 ou l'attrait esth\u00e9tique.<\/h3>\n<p>Parfait <strong>Importateurs de chaussures en cuir v\u00e9g\u00e9talien<\/strong> Pour les designers et les fabricants qui recherchent des alternatives \u00e9thiques aux produits d'origine animale, notre daim microfibre offre une solution durable et \u00e9l\u00e9gante sans compromis sur la qualit\u00e9 ou l'attrait esth\u00e9tique.<\/p>\n<\/div>\n<div class=\"usage-point\">\n<h3>Sa construction m\u00e9ticuleuse garantit une texture uniforme et une solidit\u00e9 des couleurs \u00e9clatante, ce qui en fait un choix id\u00e9al pour une gamme d'applications haut de gamme. <\/h3>\n<p>Sa construction m\u00e9ticuleuse garantit une texture uniforme et une solidit\u00e9 des couleurs \u00e9clatante, ce qui en fait un choix id\u00e9al pour une gamme d'applications haut de gamme.<\/p>\n<\/div>\n<div class=\"usage-point\">\n<h3>Confortable et respirant<\/h3>\n<p>Doux, confortable et tr\u00e8s respirant, ce mat\u00e9riau est parfait pour les gants de cyclisme et autres produits port\u00e9s pendant de longues p\u00e9riodes. Il permet de garder les mains au frais et au sec pendant les activit\u00e9s intenses.<\/p>\n<\/div>\n<div class=\"usage-point\">\n<h3>Respectueux de l'environnement et durable<\/h3>\n<p>Notre similicuir en microfibre Ultrasuede comprend des options respectueuses de l'environnement, telles que des variantes fabriqu\u00e9es \u00e0 partir de PET recycl\u00e9 et de mat\u00e9riaux d'origine v\u00e9g\u00e9tale, r\u00e9duisant ainsi l'impact sur l'environnement tout en offrant des textures vari\u00e9es.<\/p>\n<\/div>\n<div class=\"usage-point\">\n<h3>Protection antibact\u00e9rienne et anti-poussi\u00e8re<\/h3>\n<p>Les variantes s\u00e9lectionn\u00e9es pr\u00e9sentent des propri\u00e9t\u00e9s antibact\u00e9riennes et r\u00e9sistantes \u00e0 la poussi\u00e8re, r\u00e9pondant \u00e0 des normes d'hygi\u00e8ne \u00e9lev\u00e9es, id\u00e9ales pour les gants n\u00e9cessitant des contr\u00f4les de qualit\u00e9 et de s\u00e9curit\u00e9 stricts.<\/p>\n<\/div>\n<div class=\"usage-point\">\n<h3>Divers sc\u00e9narios d'application<\/h3>\n<p>Outre les gants de cyclisme, il convient aux gants de contact, aux gants de s\u00e9curit\u00e9 et \u00e0 divers autres types de gants, ainsi qu'aux chaussures, aux v\u00eatements et aux accessoires.<\/p>\n<\/div>\n<p><img decoding=\"async\" alt=\"Applications du similicuir en microfibre Ultrasuede de 0,7 mm dans divers produits\" class=\"product-image\" src=\"\/wp-content\/uploads\/2025\/08\/07mm-ultrasuede-microfiber-faux-leather-for-cycling-gloves--37885.jpg\"\/><br \/>\n<img decoding=\"async\" alt=\"Gants de cyclisme en cuir microfibre Ultrasuede - exemple de produit\" class=\"product-image\" src=\"\/wp-content\/uploads\/2025\/08\/07mm-ultrasuede-microfiber-faux-leather-for-cycling-gloves--37886.jpg\"\/><br \/>\n<\/section>\n<section id=\"why-choose-us\">\n<h2>Pourquoi choisir WINIW<\/h2>\n<div class=\"advantage-item\">\n<h3>Nos avantages<\/h3>\n<p>WINIW Company Factory Fabricants de cuir microfibre en grosVitrine des produits de l'usine<\/p>\n<\/div>\n<div class=\"advantage-item\">\n<h3>Assurance qualit\u00e9<\/h3>\n<p>Nous mettons en \u0153uvre un contr\u00f4le de qualit\u00e9 strict tout au long de la cha\u00eene de production et d'approvisionnement, en adh\u00e9rant aux normes ISO9001. De la s\u00e9lection des mati\u00e8res premi\u00e8res \u00e0 l'inspection finale, nous donnons la priorit\u00e9 aux int\u00e9r\u00eats des clients.<\/p>\n<\/div>\n<div class=\"advantage-item\">\n<h3>\u00c9quipe technique professionnelle<\/h3>\n<p>Notre \u00e9quipe technique sp\u00e9cialis\u00e9e se compose de professionnels exp\u00e9riment\u00e9s dans divers domaines, qui se consacrent \u00e0 la fourniture de produits de haute qualit\u00e9 et de solutions sur mesure.<\/p>\n<\/div>\n<div class=\"advantage-item\">\n<h3>Large \u00e9ventail d'applications<\/h3>\n<p>Nos mat\u00e9riaux sont largement utilis\u00e9s dans les chaussures, les v\u00eatements, les bagages, les int\u00e9rieurs d'automobiles, les canap\u00e9s, etc.<\/p>\n<\/div>\n<div class=\"advantage-item\">\n<h3>Une exp\u00e9rience riche<\/h3>\n<p>Quanzhou WINIW Import &amp; Export Co. poss\u00e8de plus de 20 ans d'exp\u00e9rience en mati\u00e8re de production et offre des solutions parfaites aux clients du monde entier.<\/p>\n<\/div>\n<div class=\"advantage-item\">\n<h3>Prix abordable<\/h3>\n<p>Nous proposons des prix comp\u00e9titifs et un excellent service \u00e0 la client\u00e8le. Demandez un catalogue ou visitez notre usine pour d\u00e9couvrir nos produits.<\/p>\n<\/div>\n<div class=\"advantage-item\">\n<h3>Service client\u00e8le en ligne 24 heures sur 24<\/h3>\n<p>Notre \u00e9quipe est disponible 24 heures sur 24, 7 jours sur 7, pour r\u00e9pondre aux demandes de renseignements et traiter rapidement les commentaires.<\/p>\n<\/div>\n<p><img decoding=\"async\" alt=\"Installation de production WINIW - Processus de fabrication du cuir microfibre Ultrasuede\" class=\"product-image\" src=\"\/wp-content\/uploads\/2025\/08\/07mm-ultrasuede-microfiber-faux-leather-for-cycling-gloves--37888.jpg\"\/><br \/>\n<\/section>\n<p><\/main><\/p>\n<section id=\"inquiry\">\n<h2 style=\"text-align: center;\">Dans l'attente de votre demande, nous vous prions d'agr\u00e9er, Madame, Monsieur, l'expression de nos salutations distingu\u00e9es.<\/h2>\n<p style=\"text-align: center;\">Contactez-nous d\u00e8s aujourd'hui pour en savoir plus sur nos produits et passer votre commande.<\/p>\n<\/section>\n\n    <div class=\"xs_social_share_widget xs_share_url after_content \t\tmain_content  wslu-style-1 wslu-share-box-shaped wslu-fill-colored wslu-none wslu-share-horizontal wslu-theme-font-no wslu-main_content\">\n\n\t\t\n        <ul>\n\t\t\t        <\/ul>\n    <\/div>","protected":false},"excerpt":{"rendered":"<div class=\"product-short-description\">Cuir en daim microfibre Tr\u00e8s durable, \u00e9paisseur de 1,4 mm Cuir en daim microfibre artificiel WINIW Tr\u00e8s durable, \u00e9paisseur de 1,4 mm Cuir en daim microfibre artificiel Les caract\u00e9ristiques principales incluent Cuir en daim microfibre, WINIW, largeur Id\u00e9al pour ceux qui recherchent la qualit\u00e9 et la fiabilit\u00e9.<\/p>\n<p>En tant qu'usine directe, fabricant et grossiste, nous pouvons contr\u00f4ler strictement le processus de production afin de garantir la qualit\u00e9 des produits tout en vous offrant les prix les plus favorables. Nous disposons d'\u00e9quipements de production avanc\u00e9s et d'une \u00e9quipe technique professionnelle pour r\u00e9pondre \u00e0 vos besoins en mati\u00e8re de commandes \u00e0 grande \u00e9chelle et garantir une livraison dans les d\u00e9lais.<\/p>\n<\/div>","protected":false},"featured_media":2434,"template":"","meta":[],"product_brand":[],"product_cat":[126],"product_tag":[],"class_list":{"0":"post-27922","1":"product","2":"type-product","3":"status-publish","4":"has-post-thumbnail","6":"product_cat-microfiber-suede-leather","8":"first","9":"instock","10":"product-type-simple"},"_links":{"self":[{"href":"https:\/\/www.eco-leather.com\/fr\/wp-json\/wp\/v2\/product\/27922","targetHints":{"allow":["GET"]}}],"collection":[{"href":"https:\/\/www.eco-leather.com\/fr\/wp-json\/wp\/v2\/product"}],"about":[{"href":"https:\/\/www.eco-leather.com\/fr\/wp-json\/wp\/v2\/types\/product"}],"wp:featuredmedia":[{"embeddable":true,"href":"https:\/\/www.eco-leather.com\/fr\/wp-json\/wp\/v2\/media\/2434"}],"wp:attachment":[{"href":"https:\/\/www.eco-leather.com\/fr\/wp-json\/wp\/v2\/media?parent=27922"}],"wp:term":[{"taxonomy":"product_brand","embeddable":true,"href":"https:\/\/www.eco-leather.com\/fr\/wp-json\/wp\/v2\/product_brand?post=27922"},{"taxonomy":"product_cat","embeddable":true,"href":"https:\/\/www.eco-leather.com\/fr\/wp-json\/wp\/v2\/product_cat?post=27922"},{"taxonomy":"product_tag","embeddable":true,"href":"https:\/\/www.eco-leather.com\/fr\/wp-json\/wp\/v2\/product_tag?post=27922"}],"curies":[{"name":"wp","href":"https:\/\/api.w.org\/{rel}","templated":true}]}}