{"id":27906,"date":"2025-09-07T10:49:40","date_gmt":"2025-09-07T02:49:40","guid":{"rendered":"https:\/\/www.eco-leather.com\/product\/brown-1-2mm-seam-strength-artificial-microfiber-suede-leather\/"},"modified":"2025-09-07T10:49:44","modified_gmt":"2025-09-07T02:49:44","slug":"cuir-suede-artificiel-en-microfibre-marron-de-1-2-mm-resistant-aux-coutures","status":"publish","type":"product","link":"https:\/\/www.eco-leather.com\/fr\/cuir-suede-artificiel-en-microfibre-marron-de-1-2-mm-resistant-aux-coutures\/","title":{"rendered":"Cuir de daim microfibre artificiel marron de 1,2 mm de r\u00e9sistance \u00e0 la couture"},"content":{"rendered":"<h2>Tissu imitation daim microfibre<\/h2>\n<p><main><\/p>\n<section id=\"product-overview\">\n<h2>Description du produit<\/h2>\n<p>Mat\u00e9riau <strong>Faux cuir Spandex<\/strong> Introduction<\/p>\n<p>Notre <strong>Cuir de confection Import\u00e9<\/strong> offrent des options personnalisables en termes d'\u00e9paisseur, de couleur, etc. Nous vous invitons \u00e0 cliquer ci-dessous et \u00e0 nous contacter imm\u00e9diatement pour explorer les possibilit\u00e9s infinies qui s'offrent \u00e0 vous.<\/p>\n<p>  nous contacter  <\/p>\n<p>Fabriqu\u00e9 \u00e0 partir de mat\u00e9riaux en microfibre de haute qualit\u00e9, notre similicuir en microfibre Ultrasuede de 0,7 mm est le choix id\u00e9al pour les gants de cyclisme. Il allie souplesse et r\u00e9sistance, et offre des propri\u00e9t\u00e9s exceptionnelles de respirabilit\u00e9 et d'\u00e9vacuation de l'humidit\u00e9 pour garder les mains au frais et au sec pendant les sorties intenses.<\/p>\n<p>Que vous soyez un cycliste professionnel ou amateur, le cuir microfibre est un mat\u00e9riau qui offre un confort et une protection imbattables. Sa grande r\u00e9sistance \u00e0 l'abrasion et aux d\u00e9chirures garantit des performances durables, tandis que son design \u00e9l\u00e9gant ajoute une touche sophistiqu\u00e9e \u00e0 tout ensemble de cyclisme.<\/p>\n<\/section>\n<section id=\"specifications\">\n<h2>Param\u00e8tres techniques<\/h2>\n<p>Mat\u00e9riau <strong>Bo\u00eetes en simili cuir Chine<\/strong> Sp\u00e9cifications<\/p>\n<p><img decoding=\"async\" alt=\"0.7mm Ultrasuede Microfiber Faux cuir pour gants de cyclisme - Sp\u00e9cification des mat\u00e9riaux\" class=\"product-image\" src=\"\/wp-content\/uploads\/2025\/08\/07mm-ultrasuede-microfiber-faux-leather-for-cycling-gloves--37881.jpg\"\/><\/p>\n<h3>Param\u00e8tres du produit<\/h3>\n<ul class=\"parameters-list\">\n<li><span class=\"param-name\">Mat\u00e9riau :<\/span> Microfibre + PU<\/li>\n<li><span class=\"param-name\">Couleur :<\/span> Noir, Gris, Beige (couleurs personnalis\u00e9es disponibles)<\/li>\n<li><span class=\"param-name\">\u00c9paisseur :<\/span> 0,6 mm, 0,7 mm, 0,8 mm, 1 mm<\/li>\n<li><span class=\"param-name\">Quantit\u00e9 minimale de commande :<\/span> 300 m\u00e8tres lin\u00e9aires<\/li>\n<li><span class=\"param-name\">Longueur du rouleau :<\/span> 20-30m\/rouleau<\/li>\n<li><span class=\"param-name\">D\u00e9lai de livraison :<\/span> 15-20 jours<\/li>\n<li><span class=\"param-name\">Largeur :<\/span> 54\u2033, 137cm<\/li>\n<li><span class=\"param-name\">Capacit\u00e9 de production :<\/span> 1 000 000 m\u00e8tres par mois<\/li>\n<\/ul>\n<\/section>\n<section id=\"features\">\n<h2>Caract\u00e9ristiques du produit<\/h2>\n<div class=\"feature-item\">\n<img decoding=\"async\" alt=\"SeamSuede Leather Waterproof ImportStrength Synthetic Microfiber Suede Leather, fabriqu\u00e9 avec pr\u00e9cision par WINIW Company Factory Wholesale Patent Leather Manufacturersfactory, t\u00e9moigne de notre engagement \u00e0 fournir des solutions de haute qualit\u00e9 en mati\u00e8re de cuir v\u00e9g\u00e9talien.\" class=\"feature-image left\" src=\"\/wp-content\/uploads\/2025\/08\/brown-12mm-seam-strength-artificial-microfiber-suede-leather-20492.jpg\"\/><\/p>\n<h3>Couture <strong>Daim Cuir Imperm\u00e9able Import<\/strong> Strength Synthetic Microfiber Suede Leather, fabriqu\u00e9 avec pr\u00e9cision par WINIW Company Factory Wholesale Patent Leather Manufacturersfactory, t\u00e9moigne de notre engagement \u00e0 fournir des solutions de haute qualit\u00e9 en mati\u00e8re de cuir v\u00e9g\u00e9talien.<\/h3>\n<p>Couture <strong>Daim Cuir Imperm\u00e9able Import<\/strong> Strength Synthetic Microfiber Suede Leather, fabriqu\u00e9 avec pr\u00e9cision par WINIW Company Factory Wholesale Patent Leather Manufacturersfactory, t\u00e9moigne de notre engagement \u00e0 fournir des solutions de haute qualit\u00e9 en mati\u00e8re de cuir v\u00e9g\u00e9talien.<\/p>\n<div class=\"clear\"><\/div>\n<\/div>\n<div class=\"feature-item\">\n<img decoding=\"async\" alt=\"En tant que fabricant leader de WINIW Company Factory Wholesale Patent Leather Manufacturers, nous sommes sp\u00e9cialis\u00e9s dans la production de mat\u00e9riaux artificiels qui imitent l&#039;\u00e9l\u00e9gance et la texture du daim v\u00e9ritable sans compromettre la durabilit\u00e9 ou le d\u00e9veloppement durable.\" class=\"feature-image left\" src=\"\/wp-content\/uploads\/2025\/08\/brown-12mm-seam-strength-artificial-microfiber-suede-leather-20493.jpg\"\/><\/p>\n<h3>En tant que fabricant leader de WINIW Company Factory Wholesale Patent Leather Manufacturers, nous sommes sp\u00e9cialis\u00e9s dans la production de mat\u00e9riaux artificiels qui imitent l'\u00e9l\u00e9gance et la texture du daim v\u00e9ritable sans compromettre la durabilit\u00e9 ou le d\u00e9veloppement durable.<\/h3>\n<p>En tant que fabricant leader de WINIW Company Factory Wholesale Patent Leather Manufacturers, nous sommes sp\u00e9cialis\u00e9s dans la production de mat\u00e9riaux artificiels qui imitent l'\u00e9l\u00e9gance et la texture du daim v\u00e9ritable sans compromettre la durabilit\u00e9 ou le d\u00e9veloppement durable.<\/p>\n<div class=\"clear\"><\/div>\n<\/div>\n<div class=\"feature-item\">\n<img decoding=\"async\" alt=\"Ce spray imperm\u00e9able en faux cuir su\u00e9d\u00e9 pr\u00e9sente une r\u00e9sistance impressionnante aux coutures, ce qui le rend id\u00e9al pour les applications industrielles rigoureuses tout en conservant un toucher doux et souple rappelant le cuir naturel.\" class=\"feature-image left\" src=\"\/wp-content\/uploads\/2025\/08\/brown-12mm-seam-strength-artificial-microfiber-suede-leather-20494.jpg\"\/><\/p>\n<h3>Le pr\u00e9sent <strong>Spray imperm\u00e9able pour daim et cuir<\/strong> Le faux cuir su\u00e9d\u00e9 pr\u00e9sente une r\u00e9sistance impressionnante aux coutures, ce qui le rend id\u00e9al pour les applications industrielles rigoureuses, tout en conservant un toucher doux et souple rappelant le cuir naturel.<\/h3>\n<p>Le pr\u00e9sent <strong>Spray imperm\u00e9able pour daim et cuir<\/strong> Le faux cuir su\u00e9d\u00e9 pr\u00e9sente une r\u00e9sistance impressionnante aux coutures, ce qui le rend id\u00e9al pour les applications industrielles rigoureuses, tout en conservant un toucher doux et souple rappelant le cuir naturel.<\/p>\n<div class=\"clear\"><\/div>\n<\/div>\n<div class=\"feature-item\">\n<img decoding=\"async\" alt=\"Les acheteurs en gros et les fournisseurs du monde entier font confiance \u00e0 WINIW Company Factory Wholesale Patent Leather Manufacturerspour notre qualit\u00e9 constante et nos offres innovantes en mati\u00e8re de cuir artificiel. \" class=\"feature-image left\" src=\"\/wp-content\/uploads\/2025\/08\/brown-12mm-seam-strength-artificial-microfiber-suede-leather-20495.jpg\"\/><\/p>\n<h3>Les acheteurs en gros et les fournisseurs du monde entier font confiance \u00e0 WINIW Company Factory Wholesale Patent Leather Manufacturerspour notre qualit\u00e9 constante et nos offres innovantes en mati\u00e8re de cuir artificiel. <\/h3>\n<p>Les acheteurs en gros et les fournisseurs du monde entier font confiance \u00e0 WINIW Company Factory Wholesale Patent Leather Manufacturerspour notre qualit\u00e9 constante et nos offres innovantes en mati\u00e8re de cuir artificiel. Mat\u00e9riau <strong>Faux cuir imperm\u00e9able Personnaliser<\/strong> Microfiber Suede Leather Brand Name WINIW Company Factory Wholesale Patent Leather ManufacturersLargeur 54\u2033 ;<\/p>\n<div class=\"clear\"><\/div>\n<\/div>\n<div class=\"feature-item\">\n<img decoding=\"async\" alt=\"1\" class=\"feature-image left\" src=\"\/wp-content\/uploads\/2025\/08\/brown-12mm-seam-strength-artificial-microfiber-suede-leather-20496.jpg\"\/><\/p>\n<h3>1<\/h3>\n<p>1.37m Couleur Rouge, Noir, Marron, Vert, sur demande Caract\u00e9ristique R\u00e9sistant \u00e0 l'usure, Imperm\u00e9able, Anti-mildiou, Flexible Epaisseur 0.6mm-2.4mm, sur demande Lieu d'origine Chine Personnalis\u00e9 Oui D\u00e9lai de livraison Habituellement dans les 15 - 25 jours.<\/p>\n<div class=\"clear\"><\/div>\n<\/div>\n<div class=\"feature-item\">\n<h3>MOQ 300 m\u00e8tres D\u00e9tails de l'emballage 30\/50 m\u00e8tres par rouleau<\/h3>\n<p>MOQ 300 m\u00e8tres D\u00e9tails de l'emballage 30\/50 m\u00e8tres par rouleau. Ou sur mesure Capacit\u00e9 de production 1 000 000 de m\u00e8tres par mois Caract\u00e9ristiques du mat\u00e9riau<\/p>\n<div class=\"clear\"><\/div>\n<\/div>\n<div class=\"feature-item\">\n<img decoding=\"async\" alt=\"Haute r\u00e9sistance \u00e0 la d\u00e9chirure - Ultrasuede Microfibre Faux cuir pour gants de cyclisme\" class=\"feature-image left\" src=\"\/wp-content\/uploads\/2025\/08\/07mm-ultrasuede-microfiber-faux-leather-for-cycling-gloves--37882.jpg\"\/><\/p>\n<h3>R\u00e9sistance \u00e9lev\u00e9e \u00e0 la d\u00e9chirure<\/h3>\n<p>Notre cuir microfibre Ultrasuede pr\u00e9sente une r\u00e9sistance exceptionnelle \u00e0 la d\u00e9chirure, ce qui garantit qu'il ne se cassera pas et ne se d\u00e9formera pas facilement sous l'effet du stress. Il est donc id\u00e9al pour les produits n\u00e9cessitant une durabilit\u00e9 et des performances \u00e0 long terme.<\/p>\n<div class=\"clear\"><\/div>\n<\/div>\n<div class=\"feature-item\">\n<img decoding=\"async\" alt=\"R\u00e9tention de la forme - Ultrasuede Microfibre Faux cuir pour gants de cyclisme\" class=\"feature-image right\" src=\"\/wp-content\/uploads\/2025\/08\/07mm-ultrasuede-microfiber-faux-leather-for-cycling-gloves--37883.jpg\"\/><\/p>\n<h3>Pas facile \u00e0 d\u00e9former<\/h3>\n<p>Sp\u00e9cialement trait\u00e9 pour conserver sa forme originale, ce mat\u00e9riau offre une excellente \u00e9lasticit\u00e9 et une grande stabilit\u00e9. Il r\u00e9siste aux d\u00e9formations dues \u00e0 la pression ext\u00e9rieure ou \u00e0 l'\u00e9tirement, ce qui permet aux produits de rester intacts et attrayants au fil du temps.<\/p>\n<div class=\"clear\"><\/div>\n<\/div>\n<div class=\"feature-item\">\n<img decoding=\"async\" alt=\"Durabilit\u00e9 - Ultrasuede Microfibre Faux cuir pour gants de cyclisme\" class=\"feature-image left\" src=\"\/wp-content\/uploads\/2025\/08\/07mm-ultrasuede-microfiber-faux-leather-for-cycling-gloves--37884.jpg\"\/><\/p>\n<h3>Durabilit\u00e9<\/h3>\n<p>Extr\u00eamement r\u00e9sistant \u00e0 l'abrasion, aux d\u00e9chirures et aux perforations, ce mat\u00e9riau permet aux gants de rester en parfait \u00e9tat, m\u00eame en cas d'utilisation prolong\u00e9e. Il conserve \u00e9galement une excellente dext\u00e9rit\u00e9 et une grande solidit\u00e9 pour les articles en cuir de haute qualit\u00e9.<\/p>\n<div class=\"clear\"><\/div>\n<\/div>\n<\/section>\n<p><\/main><\/p>\n<section id=\"inquiry\">\n<h2 style=\"text-align: center;\">Dans l'attente de votre demande, nous vous prions d'agr\u00e9er, Madame, Monsieur, l'expression de nos salutations distingu\u00e9es.<\/h2>\n<p style=\"text-align: center;\">Contactez-nous d\u00e8s aujourd'hui pour en savoir plus sur nos produits et passer votre commande.<\/p>\n<\/section>\n\n    <div class=\"xs_social_share_widget xs_share_url after_content \t\tmain_content  wslu-style-1 wslu-share-box-shaped wslu-fill-colored wslu-none wslu-share-horizontal wslu-theme-font-no wslu-main_content\">\n\n\t\t\n        <ul>\n\t\t\t        <\/ul>\n    <\/div>","protected":false},"excerpt":{"rendered":"<div class=\"product-short-description\">Cuir en daim microfibre Marron 1,2mm R\u00e9sistance des coutures Cuir en daim microfibre artificiel WINIW Marron 1,2mm R\u00e9sistance des coutures Cuir en daim microfibre artificiel Les caract\u00e9ristiques incluent Cuir en daim microfibre, WINIW, Largeur.id\u00e9al pour ceux qui recherchent la qualit\u00e9 et la fiabilit\u00e9.<\/p>\n<p>En tant qu'usine directe, fabricant et grossiste, nous pouvons contr\u00f4ler strictement le processus de production afin de garantir la qualit\u00e9 des produits tout en vous offrant les prix les plus favorables. Nous disposons d'\u00e9quipements de production avanc\u00e9s et d'une \u00e9quipe technique professionnelle pour r\u00e9pondre \u00e0 vos besoins en mati\u00e8re de commandes \u00e0 grande \u00e9chelle et garantir une livraison dans les d\u00e9lais.<\/p>\n<\/div>","protected":false},"featured_media":2381,"template":"","meta":[],"product_brand":[],"product_cat":[126],"product_tag":[18416],"class_list":{"0":"post-27906","1":"product","2":"type-product","3":"status-publish","4":"has-post-thumbnail","6":"product_cat-microfiber-suede-leather","7":"product_tag-ultra-microfiber-suedemicrofiber-suede-manufacturermicrofiber-suede-manufacturersmicrofiber-suede-suppliermicrofiber-suede-suppliersmicrofiber-suede-factory","9":"first","10":"instock","11":"product-type-simple"},"_links":{"self":[{"href":"https:\/\/www.eco-leather.com\/fr\/wp-json\/wp\/v2\/product\/27906","targetHints":{"allow":["GET"]}}],"collection":[{"href":"https:\/\/www.eco-leather.com\/fr\/wp-json\/wp\/v2\/product"}],"about":[{"href":"https:\/\/www.eco-leather.com\/fr\/wp-json\/wp\/v2\/types\/product"}],"wp:featuredmedia":[{"embeddable":true,"href":"https:\/\/www.eco-leather.com\/fr\/wp-json\/wp\/v2\/media\/2381"}],"wp:attachment":[{"href":"https:\/\/www.eco-leather.com\/fr\/wp-json\/wp\/v2\/media?parent=27906"}],"wp:term":[{"taxonomy":"product_brand","embeddable":true,"href":"https:\/\/www.eco-leather.com\/fr\/wp-json\/wp\/v2\/product_brand?post=27906"},{"taxonomy":"product_cat","embeddable":true,"href":"https:\/\/www.eco-leather.com\/fr\/wp-json\/wp\/v2\/product_cat?post=27906"},{"taxonomy":"product_tag","embeddable":true,"href":"https:\/\/www.eco-leather.com\/fr\/wp-json\/wp\/v2\/product_tag?post=27906"}],"curies":[{"name":"wp","href":"https:\/\/api.w.org\/{rel}","templated":true}]}}