{"id":27894,"date":"2025-09-07T10:49:29","date_gmt":"2025-09-07T02:49:29","guid":{"rendered":"https:\/\/www.eco-leather.com\/product\/self-adhesive-pu-leather-polyurethane-self-adhesive-micofiber-leather\/"},"modified":"2025-09-07T10:49:36","modified_gmt":"2025-09-07T02:49:36","slug":"cuir-pu-autocollant-polyurethane-cuir-micofibre-autocollant","status":"publish","type":"product","link":"https:\/\/www.eco-leather.com\/fr\/cuir-pu-autocollant-polyurethane-cuir-micofibre-autocollant\/","title":{"rendered":"Cuir PU auto-adh\u00e9sif Polyur\u00e9thane Cuir micofibre auto-adh\u00e9sif"},"content":{"rendered":"<h2>Imitation microfibre PU<\/h2>\n<p><main><\/p>\n<section id=\"product-overview\">\n<h2>Description du produit<\/h2>\n<p>Mat\u00e9riau <strong>Faux cuir Spandex<\/strong> Introduction<\/p>\n<p>Notre <strong>Automobile Si\u00e8ges en cuir Chien d'assistance<\/strong> offrent des options personnalisables en termes d'\u00e9paisseur, de couleur, etc. Nous vous invitons \u00e0 cliquer ci-dessous et \u00e0 nous contacter imm\u00e9diatement pour explorer les possibilit\u00e9s infinies qui s'offrent \u00e0 vous.<\/p>\n<p>  nous contacter  <\/p>\n<p>Fabriqu\u00e9 \u00e0 partir de mat\u00e9riaux en microfibre de haute qualit\u00e9, notre similicuir en microfibre Ultrasuede de 0,7 mm est le choix id\u00e9al pour les gants de cyclisme. Il allie souplesse et r\u00e9sistance, et offre des propri\u00e9t\u00e9s exceptionnelles de respirabilit\u00e9 et d'\u00e9vacuation de l'humidit\u00e9 pour garder les mains au frais et au sec pendant les sorties intenses.<\/p>\n<p>Que vous soyez un cycliste professionnel ou amateur, le cuir microfibre est un mat\u00e9riau qui offre un confort et une protection imbattables. Sa grande r\u00e9sistance \u00e0 l'abrasion et aux d\u00e9chirures garantit des performances durables, tandis que son design \u00e9l\u00e9gant ajoute une touche sophistiqu\u00e9e \u00e0 tout ensemble de cyclisme.<\/p>\n<\/section>\n<section id=\"specifications\">\n<h2>Param\u00e8tres techniques<\/h2>\n<p>Mat\u00e9riau <strong>Cuir de confection Import\u00e9<\/strong> Sp\u00e9cifications<\/p>\n<p><img decoding=\"async\" alt=\"0.7mm Ultrasuede Microfiber Faux cuir pour gants de cyclisme - Sp\u00e9cification des mat\u00e9riaux\" class=\"product-image\" src=\"\/wp-content\/uploads\/2025\/08\/07mm-ultrasuede-microfiber-faux-leather-for-cycling-gloves--37881.jpg\"\/><\/p>\n<h3>Param\u00e8tres du produit<\/h3>\n<ul class=\"parameters-list\">\n<li><span class=\"param-name\">Mat\u00e9riau :<\/span> Microfibre + PU<\/li>\n<li><span class=\"param-name\">Couleur :<\/span> Noir, Gris, Beige (couleurs personnalis\u00e9es disponibles)<\/li>\n<li><span class=\"param-name\">\u00c9paisseur :<\/span> 0,6 mm, 0,7 mm, 0,8 mm, 1 mm<\/li>\n<li><span class=\"param-name\">Quantit\u00e9 minimale de commande :<\/span> 300 m\u00e8tres lin\u00e9aires<\/li>\n<li><span class=\"param-name\">Longueur du rouleau :<\/span> 20-30m\/rouleau<\/li>\n<li><span class=\"param-name\">D\u00e9lai de livraison :<\/span> 15-20 jours<\/li>\n<li><span class=\"param-name\">Largeur :<\/span> 54\u2033, 137cm<\/li>\n<li><span class=\"param-name\">Capacit\u00e9 de production :<\/span> 1 000 000 m\u00e8tres par mois<\/li>\n<\/ul>\n<\/section>\n<section id=\"features\">\n<h2>Caract\u00e9ristiques du produit<\/h2>\n<div class=\"feature-item\">\n<img decoding=\"async\" alt=\"IntroductionSuede Leather Waterproof Importnotre cuir polyur\u00e9thane (PU) auto-adh\u00e9sif r\u00e9volutionnaire, con\u00e7u pour am\u00e9liorer l&#039;efficacit\u00e9 et la cr\u00e9ativit\u00e9 des maroquiniers.\" class=\"feature-image left\" src=\"\/wp-content\/uploads\/2025\/08\/self-adhesive-pu-leather-polyurethane-self-adhesive-micofiber-leather-20384.jpg\"\/><\/p>\n<h3>Introduction <strong>Daim Cuir Imperm\u00e9able Import<\/strong> notre cuir polyur\u00e9thane (PU) auto-adh\u00e9sif r\u00e9volutionnaire, con\u00e7u pour am\u00e9liorer l'efficacit\u00e9 et la cr\u00e9ativit\u00e9 des maroquiniers<\/h3>\n<p>Introduction <strong>Daim Cuir Imperm\u00e9able Import<\/strong> notre cuir polyur\u00e9thane (PU) auto-adh\u00e9sif r\u00e9volutionnaire, con\u00e7u pour am\u00e9liorer l'efficacit\u00e9 et la cr\u00e9ativit\u00e9 des maroquiniers. Ce mat\u00e9riau innovant allie la durabilit\u00e9 et l'\u00e9l\u00e9gance du cuir PU traditionnel \u00e0 la commodit\u00e9 d'un support autocollant, simplifiant ainsi le processus d'adh\u00e9sion du cuir \u00e0 diverses surfaces.<\/p>\n<div class=\"clear\"><\/div>\n<\/div>\n<div class=\"feature-item\">\n<img decoding=\"async\" alt=\"PerfectWaterproof Leather Fabric Odmhsaspour une gamme d&#039;applications, notre cuir PU auto-adh\u00e9sif est un must pour les fabricants qui cherchent \u00e0 rationaliser leur production tout en maintenant des normes de haute qualit\u00e9. \" class=\"feature-image left\" src=\"\/wp-content\/uploads\/2025\/08\/self-adhesive-pu-leather-polyurethane-self-adhesive-micofiber-leather-20385.jpg\"\/><\/p>\n<h3>Parfait <strong>Tissu en cuir imperm\u00e9able Odmhsas<\/strong> pour toute une s\u00e9rie d'applications, notre cuir PU auto-adh\u00e9sif est un must pour les fabricants qui cherchent \u00e0 rationaliser leur production tout en maintenant des normes de haute qualit\u00e9. <\/h3>\n<p>Parfait <strong>Tissu en cuir imperm\u00e9able Odmhsas<\/strong> pour toute une s\u00e9rie d'applications, notre cuir PU auto-adh\u00e9sif est un must pour les fabricants qui cherchent \u00e0 rationaliser leur production tout en maintenant des normes de haute qualit\u00e9.<\/p>\n<div class=\"clear\"><\/div>\n<\/div>\n<div class=\"feature-item\">\n<img decoding=\"async\" alt=\"Mati\u00e8re Microfibre Cuir PU Marque WINIW Company Usine Fabricants de tissus en simili-cuir en grosLargeur 54\" class=\"feature-image left\" src=\"\/wp-content\/uploads\/2025\/08\/self-adhesive-pu-leather-polyurethane-self-adhesive-micofiber-leather-20386.jpg\"\/><\/p>\n<h3>Mati\u00e8re Microfibre Cuir PU Marque WINIW Company Usine Fabricant de Tissu en Cuir en GrosLargeur 54\u2033 ; 1<\/h3>\n<p>Mati\u00e8re Microfibre Cuir PU Marque WINIW Company Factory Fabricant de Tissu en Cuir en GrosLargeur 54\u2033 ; 1.37m <strong>Faux cuir imperm\u00e9able Personnaliser<\/strong> Couleur Rouge, Noir, Marron, Vert, sur demande Caract\u00e9ristique R\u00e9sistant \u00e0 l'usure, Imperm\u00e9able, Anti-mildiou, Flexible Epaisseur 0.6mm-2.4mm, sur demande Lieu d'origine Chine Personnalis\u00e9 Oui D\u00e9lai de livraison Habituellement dans les 15 - 25 jours.<\/p>\n<div class=\"clear\"><\/div>\n<\/div>\n<div class=\"feature-item\">\n<img decoding=\"async\" alt=\"MOQ 300 m\u00e8tres D\u00e9tails de l&#039;emballage 30\/50 m\u00e8tres par rouleau\" class=\"feature-image left\" src=\"\/wp-content\/uploads\/2025\/08\/self-adhesive-pu-leather-polyurethane-self-adhesive-micofiber-leather-20387.jpg\"\/><\/p>\n<h3>MOQ 300 m\u00e8tres D\u00e9tails de l'emballage 30\/50 m\u00e8tres par rouleau<\/h3>\n<p>MOQ 300 m\u00e8tres D\u00e9tails de l'emballage 30\/50 m\u00e8tres par rouleau. Ou sur mesure Capacit\u00e9 de production 1 000 000 de m\u00e8tres par mois Caract\u00e9ristiques du mat\u00e9riau<\/p>\n<div class=\"clear\"><\/div>\n<\/div>\n<div class=\"feature-item\">\n<img decoding=\"async\" alt=\"Haute r\u00e9sistance \u00e0 la d\u00e9chirure - Ultrasuede Microfibre Faux cuir pour gants de cyclisme\" class=\"feature-image left\" src=\"\/wp-content\/uploads\/2025\/08\/07mm-ultrasuede-microfiber-faux-leather-for-cycling-gloves--37882.jpg\"\/><\/p>\n<h3>R\u00e9sistance \u00e9lev\u00e9e \u00e0 la d\u00e9chirure<\/h3>\n<p>Notre cuir microfibre Ultrasuede pr\u00e9sente une r\u00e9sistance exceptionnelle \u00e0 la d\u00e9chirure, ce qui garantit qu'il ne se cassera pas et ne se d\u00e9formera pas facilement sous l'effet du stress. Il est donc id\u00e9al pour les produits n\u00e9cessitant une durabilit\u00e9 et des performances \u00e0 long terme.<\/p>\n<div class=\"clear\"><\/div>\n<\/div>\n<div class=\"feature-item\">\n<img decoding=\"async\" alt=\"R\u00e9tention de la forme - Ultrasuede Microfibre Faux cuir pour gants de cyclisme\" class=\"feature-image right\" src=\"\/wp-content\/uploads\/2025\/08\/07mm-ultrasuede-microfiber-faux-leather-for-cycling-gloves--37883.jpg\"\/><\/p>\n<h3>Pas facile \u00e0 d\u00e9former<\/h3>\n<p>Sp\u00e9cialement trait\u00e9 pour conserver sa forme originale, ce mat\u00e9riau offre une excellente \u00e9lasticit\u00e9 et une grande stabilit\u00e9. Il r\u00e9siste aux d\u00e9formations dues \u00e0 la pression ext\u00e9rieure ou \u00e0 l'\u00e9tirement, ce qui permet aux produits de rester intacts et attrayants au fil du temps.<\/p>\n<div class=\"clear\"><\/div>\n<\/div>\n<div class=\"feature-item\">\n<img decoding=\"async\" alt=\"Durabilit\u00e9 - Ultrasuede Microfibre Faux cuir pour gants de cyclisme\" class=\"feature-image left\" src=\"\/wp-content\/uploads\/2025\/08\/07mm-ultrasuede-microfiber-faux-leather-for-cycling-gloves--37884.jpg\"\/><\/p>\n<h3>Durabilit\u00e9<\/h3>\n<p>Extr\u00eamement r\u00e9sistant \u00e0 l'abrasion, aux d\u00e9chirures et aux perforations, ce mat\u00e9riau permet aux gants de rester en parfait \u00e9tat, m\u00eame en cas d'utilisation prolong\u00e9e. Il conserve \u00e9galement une excellente dext\u00e9rit\u00e9 et une grande solidit\u00e9 pour les articles en cuir de haute qualit\u00e9.<\/p>\n<div class=\"clear\"><\/div>\n<\/div>\n<\/section>\n<section id=\"usage\">\n<h2>Utilisation et applications<\/h2>\n<div class=\"usage-point\">\n<h3>Notre cuir PU auto-adh\u00e9sif se distingue par ses propri\u00e9t\u00e9s d'adh\u00e9rence exceptionnelles, garantissant une liaison solide et durable sans colle ou adh\u00e9sif suppl\u00e9mentaire.<\/h3>\n<p>Notre cuir PU auto-adh\u00e9sif se distingue par ses propri\u00e9t\u00e9s d'adh\u00e9sion exceptionnelles, garantissant une liaison solide et durable sans colle ou adh\u00e9sif suppl\u00e9mentaire. Il pr\u00e9sente une texture lisse et souple qui imite l'aspect et le toucher du cuir v\u00e9ritable, ce qui le rend id\u00e9al pour la maroquinerie haut de gamme. Le mat\u00e9riau est \u00e9galement r\u00e9sistant \u00e0 l'usure et conserve sa beaut\u00e9 et sa fonctionnalit\u00e9 au fil du temps. En outre, son support autocollant permet une application rapide et facile, ce qui r\u00e9duit consid\u00e9rablement le temps de production et les co\u00fbts de main-d'\u0153uvre.<\/p>\n<\/div>\n<div class=\"usage-point\">\n<h3>Confortable et respirant<\/h3>\n<p>Doux, confortable et tr\u00e8s respirant, ce mat\u00e9riau est parfait pour les gants de cyclisme et autres produits port\u00e9s pendant de longues p\u00e9riodes. Il permet de garder les mains au frais et au sec pendant les activit\u00e9s intenses.<\/p>\n<\/div>\n<div class=\"usage-point\">\n<h3>Respectueux de l'environnement et durable<\/h3>\n<p>Notre similicuir en microfibre Ultrasuede comprend des options respectueuses de l'environnement, telles que des variantes fabriqu\u00e9es \u00e0 partir de PET recycl\u00e9 et de mat\u00e9riaux d'origine v\u00e9g\u00e9tale, r\u00e9duisant ainsi l'impact sur l'environnement tout en offrant des textures vari\u00e9es.<\/p>\n<\/div>\n<div class=\"usage-point\">\n<h3>Protection antibact\u00e9rienne et anti-poussi\u00e8re<\/h3>\n<p>Les variantes s\u00e9lectionn\u00e9es pr\u00e9sentent des propri\u00e9t\u00e9s antibact\u00e9riennes et r\u00e9sistantes \u00e0 la poussi\u00e8re, r\u00e9pondant \u00e0 des normes d'hygi\u00e8ne \u00e9lev\u00e9es, id\u00e9ales pour les gants n\u00e9cessitant des contr\u00f4les de qualit\u00e9 et de s\u00e9curit\u00e9 stricts.<\/p>\n<\/div>\n<div class=\"usage-point\">\n<h3>Divers sc\u00e9narios d'application<\/h3>\n<p>Outre les gants de cyclisme, il convient aux gants de contact, aux gants de s\u00e9curit\u00e9 et \u00e0 divers autres types de gants, ainsi qu'aux chaussures, aux v\u00eatements et aux accessoires.<\/p>\n<\/div>\n<p><img decoding=\"async\" alt=\"Applications du similicuir en microfibre Ultrasuede de 0,7 mm dans divers produits\" class=\"product-image\" src=\"\/wp-content\/uploads\/2025\/08\/07mm-ultrasuede-microfiber-faux-leather-for-cycling-gloves--37885.jpg\"\/><br \/>\n<img decoding=\"async\" alt=\"Gants de cyclisme en cuir microfibre Ultrasuede - exemple de produit\" class=\"product-image\" src=\"\/wp-content\/uploads\/2025\/08\/07mm-ultrasuede-microfiber-faux-leather-for-cycling-gloves--37886.jpg\"\/><br \/>\n<\/section>\n<p><\/main><\/p>\n<section id=\"inquiry\">\n<h2 style=\"text-align: center;\">Dans l'attente de votre demande, nous vous prions d'agr\u00e9er, Madame, Monsieur, l'expression de nos salutations distingu\u00e9es.<\/h2>\n<p style=\"text-align: center;\">Contactez-nous d\u00e8s aujourd'hui pour en savoir plus sur nos produits et passer votre commande.<\/p>\n<\/section>\n\n    <div class=\"xs_social_share_widget xs_share_url after_content \t\tmain_content  wslu-style-1 wslu-share-box-shaped wslu-fill-colored wslu-none wslu-share-horizontal wslu-theme-font-no wslu-main_content\">\n\n\t\t\n        <ul>\n\t\t\t        <\/ul>\n    <\/div>","protected":false},"excerpt":{"rendered":"<div class=\"product-short-description\">Cuir microfibre PU autocollant Cuir microfibre PU autocollant Cuir microfibre PU autocollant Cuir microfibre PU autocollant Cuir microfibre PU autocollant Cuir microfibre PU autocollant Cuir microfibre PU autocollant Cuir microfibre PU autocollant Cuir microfibre PU autocollant Cuir microfibre PU autocollant Cuir microfibre PU autocollant Cuir microfibre PU autocollant Cuir microfibre PU autocollant Cuir microfibre PU autocollant Cuir microfibre WINIW<\/p>\n<p>En tant qu'usine directe, fabricant et grossiste, nous pouvons contr\u00f4ler strictement le processus de production afin de garantir la qualit\u00e9 des produits tout en vous offrant les prix les plus favorables. Nous disposons d'\u00e9quipements de production avanc\u00e9s et d'une \u00e9quipe technique professionnelle pour r\u00e9pondre \u00e0 vos besoins en mati\u00e8re de commandes \u00e0 grande \u00e9chelle et garantir une livraison dans les d\u00e9lais.<\/p>\n<\/div>","protected":false},"featured_media":2343,"template":"","meta":[],"product_brand":[],"product_cat":[114],"product_tag":[],"class_list":{"0":"post-27894","1":"product","2":"type-product","3":"status-publish","4":"has-post-thumbnail","6":"product_cat-microfiber-pu-leather","8":"first","9":"instock","10":"product-type-simple"},"_links":{"self":[{"href":"https:\/\/www.eco-leather.com\/fr\/wp-json\/wp\/v2\/product\/27894","targetHints":{"allow":["GET"]}}],"collection":[{"href":"https:\/\/www.eco-leather.com\/fr\/wp-json\/wp\/v2\/product"}],"about":[{"href":"https:\/\/www.eco-leather.com\/fr\/wp-json\/wp\/v2\/types\/product"}],"wp:featuredmedia":[{"embeddable":true,"href":"https:\/\/www.eco-leather.com\/fr\/wp-json\/wp\/v2\/media\/2343"}],"wp:attachment":[{"href":"https:\/\/www.eco-leather.com\/fr\/wp-json\/wp\/v2\/media?parent=27894"}],"wp:term":[{"taxonomy":"product_brand","embeddable":true,"href":"https:\/\/www.eco-leather.com\/fr\/wp-json\/wp\/v2\/product_brand?post=27894"},{"taxonomy":"product_cat","embeddable":true,"href":"https:\/\/www.eco-leather.com\/fr\/wp-json\/wp\/v2\/product_cat?post=27894"},{"taxonomy":"product_tag","embeddable":true,"href":"https:\/\/www.eco-leather.com\/fr\/wp-json\/wp\/v2\/product_tag?post=27894"}],"curies":[{"name":"wp","href":"https:\/\/api.w.org\/{rel}","templated":true}]}}