{"id":27877,"date":"2025-09-07T10:49:29","date_gmt":"2025-09-07T02:49:29","guid":{"rendered":"https:\/\/www.eco-leather.com\/product\/fireproof-synthetic-microfiber-leather-for-sofa-fabric\/"},"modified":"2025-09-07T10:49:30","modified_gmt":"2025-09-07T02:49:30","slug":"cuir-microfibre-synthetique-ignifuge-pour-canape","status":"publish","type":"product","link":"https:\/\/www.eco-leather.com\/fr\/cuir-microfibre-synthetique-ignifuge-pour-canape\/","title":{"rendered":"Cuir synth\u00e9tique ignifug\u00e9 en microfibre pour tissu de canap\u00e9"},"content":{"rendered":"<h2>Cuir \u00e9cologique auto-adh\u00e9sif Cuir PU<\/h2>\n<p><main><\/p>\n<section id=\"product-overview\">\n<h2>Description du produit<\/h2>\n<p>Mat\u00e9riau <strong>Semelle en faux cuir<\/strong> Introduction<\/p>\n<p>A l'\u00e9preuve du feu <strong>Veste en cuir Eco Car<\/strong> Cuir synth\u00e9tique en microfibre Le choix le plus judicieux pour votre canap\u00e9 Vous recherchez un tissu pour canap\u00e9 qui allie luxe et tranquillit\u00e9 d'esprit ? Notre cuir synth\u00e9tique en microfibre ignifug\u00e9 est la solution parfaite.<\/p>\n<p>Il a l'aspect et le toucher d'un cuir de premi\u00e8re qualit\u00e9, mais avec des avantages que le cuir v\u00e9ritable ne peut tout simplement pas \u00e9galer. Ce qui fait la particularit\u00e9 de ce mat\u00e9riau, c'est qu'il est incroyablement s\u00fbr. Contrairement au <strong>Sacs en cuir d'occasion<\/strong> Le cuir microfibre est sp\u00e9cialement trait\u00e9 pour r\u00e9sister aux flammes, alors que les tissus ordinaires peuvent s'enflammer facilement.<\/p>\n<p>En cas d'accident, le feu ne se propage pas rapidement, ce qui vous laisse un temps pr\u00e9cieux pour r\u00e9agir. Le confort n'a pas \u00e9t\u00e9 oubli\u00e9 non plus. Le <strong>Automobile Si\u00e8ges en cuir Chien d'assistance<\/strong> La surface en microfibre est douce au toucher, mais suffisamment r\u00e9sistante pour supporter la vie familiale quotidienne.<\/p>\n<p>Les liquides renvers\u00e9s s'essuient imm\u00e9diatement, les poils d'animaux ne collent pas et le tissu ne se fissure pas et ne s'\u00e9caille pas au fil du temps, contrairement \u00e0 d'autres tissus moins chers. Votre canap\u00e9 m\u00e9rite un tissu qui travaille aussi dur que vous. Durable, s\u00fbr et fabriqu\u00e9 de mani\u00e8re durable - que demander de plus ?<\/p>\n<p>Fabriqu\u00e9 \u00e0 partir de mat\u00e9riaux en microfibre de haute qualit\u00e9, notre similicuir en microfibre Ultrasuede de 0,7 mm est le choix id\u00e9al pour les gants de cyclisme. Il allie souplesse et r\u00e9sistance, et offre des propri\u00e9t\u00e9s exceptionnelles de respirabilit\u00e9 et d'\u00e9vacuation de l'humidit\u00e9 pour garder les mains au frais et au sec pendant les sorties intenses.<\/p>\n<p>Que vous soyez un cycliste professionnel ou amateur, le cuir microfibre est un mat\u00e9riau qui offre un confort et une protection imbattables. Sa grande r\u00e9sistance \u00e0 l'abrasion et aux d\u00e9chirures garantit des performances durables, tandis que son design \u00e9l\u00e9gant ajoute une touche sophistiqu\u00e9e \u00e0 tout ensemble de cyclisme.<\/p>\n<\/section>\n<section id=\"usage\">\n<h2>Utilisation et applications<\/h2>\n<p><img fetchpriority=\"high\" decoding=\"async\" alt=\"Cuir \u00e9cologique auto-adh\u00e9sif Cuir PU\" height=\"373\" src=\"\/wp-content\/uploads\/2025\/08\/fireproof-synthetic-microfiber-leather-for-sofa-fabric-20237.jpg\" width=\"1248\"\/><\/p>\n<div class=\"usage-point\">\n<h3>Nous sommes <strong>Cuir de confection Import\u00e9<\/strong> particuli\u00e8rement fiers de l'aspect \u00e9cologique de ce mat\u00e9riau<\/h3>\n<p>Nous sommes <strong>Cuir de confection Import\u00e9<\/strong> est particuli\u00e8rement fi\u00e8re du caract\u00e8re \u00e9cologique de ce mat\u00e9riau. Il n'utilise aucun produit d'origine animale et est fabriqu\u00e9 selon des proc\u00e9d\u00e9s qui minimisent l'impact sur l'environnement. Le plus beau Vous ne devineriez jamais qu'il s'agit d'un mat\u00e9riau synth\u00e9tique - la texture et l'aspect riches rivalisent avec le cuir v\u00e9ritable pour une fraction du prix.<\/p>\n<\/div>\n<div class=\"usage-point\">\n<h3>Parfait <strong>Importateurs de chaussures en cuir v\u00e9g\u00e9talien<\/strong> pour les m\u00e9nages occup\u00e9s, ce tissu permet de conserver la beaut\u00e9 de votre canap\u00e9 ann\u00e9e apr\u00e8s ann\u00e9e avec un minimum d'effort<\/h3>\n<p>Parfait <strong>Importateurs de chaussures en cuir v\u00e9g\u00e9talien<\/strong> Pour les m\u00e9nages tr\u00e8s occup\u00e9s, ce tissu permet \u00e0 votre canap\u00e9 de conserver sa beaut\u00e9 ann\u00e9e apr\u00e8s ann\u00e9e avec un minimum d'effort. Aucun nettoyant sp\u00e9cial n'est n\u00e9cessaire - il suffit d'essuyer de temps en temps.<\/p>\n<\/div>\n<div class=\"usage-point\">\n<h3>Que vous ayez des enfants, des animaux de compagnie ou que vous souhaitiez simplement un entretien sans souci, ce cuir microfibre ignifug\u00e9 offre style et s\u00e9curit\u00e9 dans un ensemble intelligent.<\/h3>\n<p>Que vous ayez des enfants, des animaux de compagnie ou que vous souhaitiez simplement un entretien sans souci, ce cuir microfibre ignifug\u00e9 offre style et s\u00e9curit\u00e9 dans un ensemble intelligent.<\/p>\n<\/div>\n<div class=\"usage-point\">\n<h3>Confortable et respirant<\/h3>\n<p>Doux, confortable et tr\u00e8s respirant, ce mat\u00e9riau est parfait pour les gants de cyclisme et autres produits port\u00e9s pendant de longues p\u00e9riodes. Il permet de garder les mains au frais et au sec pendant les activit\u00e9s intenses.<\/p>\n<\/div>\n<div class=\"usage-point\">\n<h3>Respectueux de l'environnement et durable<\/h3>\n<p>Notre similicuir en microfibre Ultrasuede comprend des options respectueuses de l'environnement, telles que des variantes fabriqu\u00e9es \u00e0 partir de PET recycl\u00e9 et de mat\u00e9riaux d'origine v\u00e9g\u00e9tale, r\u00e9duisant ainsi l'impact sur l'environnement tout en offrant des textures vari\u00e9es.<\/p>\n<\/div>\n<div class=\"usage-point\">\n<h3>Protection antibact\u00e9rienne et anti-poussi\u00e8re<\/h3>\n<p>Les variantes s\u00e9lectionn\u00e9es pr\u00e9sentent des propri\u00e9t\u00e9s antibact\u00e9riennes et r\u00e9sistantes \u00e0 la poussi\u00e8re, r\u00e9pondant \u00e0 des normes d'hygi\u00e8ne \u00e9lev\u00e9es, id\u00e9ales pour les gants n\u00e9cessitant des contr\u00f4les de qualit\u00e9 et de s\u00e9curit\u00e9 stricts.<\/p>\n<\/div>\n<div class=\"usage-point\">\n<h3>Divers sc\u00e9narios d'application<\/h3>\n<p>Outre les gants de cyclisme, il convient aux gants de contact, aux gants de s\u00e9curit\u00e9 et \u00e0 divers autres types de gants, ainsi qu'aux chaussures, aux v\u00eatements et aux accessoires.<\/p>\n<\/div>\n<p><img decoding=\"async\" alt=\"Applications du similicuir en microfibre Ultrasuede de 0,7 mm dans divers produits\" class=\"product-image\" src=\"\/wp-content\/uploads\/2025\/08\/07mm-ultrasuede-microfiber-faux-leather-for-cycling-gloves--37885.jpg\"\/><br \/>\n<img decoding=\"async\" alt=\"Gants de cyclisme en cuir microfibre Ultrasuede - exemple de produit\" class=\"product-image\" src=\"\/wp-content\/uploads\/2025\/08\/07mm-ultrasuede-microfiber-faux-leather-for-cycling-gloves--37886.jpg\"\/><br \/>\n<\/section>\n<p><\/main><\/p>\n<section id=\"inquiry\">\n<h2 style=\"text-align: center;\">Dans l'attente de votre demande, nous vous prions d'agr\u00e9er, Madame, Monsieur, l'expression de nos salutations distingu\u00e9es.<\/h2>\n<p style=\"text-align: center;\">Contactez-nous d\u00e8s aujourd'hui pour en savoir plus sur nos produits et passer votre commande.<\/p>\n<\/section>\n\n    <div class=\"xs_social_share_widget xs_share_url after_content \t\tmain_content  wslu-style-1 wslu-share-box-shaped wslu-fill-colored wslu-none wslu-share-horizontal wslu-theme-font-no wslu-main_content\">\n\n\t\t\n        <ul>\n\t\t\t        <\/ul>\n    <\/div>","protected":false},"excerpt":{"rendered":"<div class=\"product-short-description\">Cuir microfibre PU Cuir microfibre synth\u00e9tique ignifug\u00e9 pour canap\u00e9 WINIW Cuir microfibre synth\u00e9tique ignifug\u00e9 pour canap\u00e9 : D\u00e9couvrez le cuir microfibre synth\u00e9tique ignifuge WINIW, un choix s\u00fbr, luxueux et \u00e9cologique pour le tissu de canap\u00e9.R\u00e9sistant aux flammes, facile \u00e0 nettoyer et durable.Les caract\u00e9ristiques principales incluent le cuir microfibre PU, WINIW, la largeur.Id\u00e9al pour ceux qui recherchent la qualit\u00e9 et la fiabilit\u00e9.<\/p>\n<p>En tant qu'usine directe, fabricant et grossiste, nous pouvons contr\u00f4ler strictement le processus de production afin de garantir la qualit\u00e9 des produits tout en vous offrant les prix les plus favorables. Nous disposons d'\u00e9quipements de production avanc\u00e9s et d'une \u00e9quipe technique professionnelle pour r\u00e9pondre \u00e0 vos besoins en mati\u00e8re de commandes \u00e0 grande \u00e9chelle et garantir une livraison dans les d\u00e9lais.<\/p>\n<\/div>","protected":false},"featured_media":6316,"template":"","meta":[],"product_brand":[],"product_cat":[114],"product_tag":[18394],"class_list":{"0":"post-27877","1":"product","2":"type-product","3":"status-publish","4":"has-post-thumbnail","6":"product_cat-microfiber-pu-leather","7":"product_tag-faux-leather-sofaleather-sofa-fauxfaux-grey-leather-sofasynthetic-leather-sofaartificial-leather-sofapu-leather-sofa","9":"first","10":"instock","11":"product-type-simple"},"_links":{"self":[{"href":"https:\/\/www.eco-leather.com\/fr\/wp-json\/wp\/v2\/product\/27877","targetHints":{"allow":["GET"]}}],"collection":[{"href":"https:\/\/www.eco-leather.com\/fr\/wp-json\/wp\/v2\/product"}],"about":[{"href":"https:\/\/www.eco-leather.com\/fr\/wp-json\/wp\/v2\/types\/product"}],"wp:featuredmedia":[{"embeddable":true,"href":"https:\/\/www.eco-leather.com\/fr\/wp-json\/wp\/v2\/media\/6316"}],"wp:attachment":[{"href":"https:\/\/www.eco-leather.com\/fr\/wp-json\/wp\/v2\/media?parent=27877"}],"wp:term":[{"taxonomy":"product_brand","embeddable":true,"href":"https:\/\/www.eco-leather.com\/fr\/wp-json\/wp\/v2\/product_brand?post=27877"},{"taxonomy":"product_cat","embeddable":true,"href":"https:\/\/www.eco-leather.com\/fr\/wp-json\/wp\/v2\/product_cat?post=27877"},{"taxonomy":"product_tag","embeddable":true,"href":"https:\/\/www.eco-leather.com\/fr\/wp-json\/wp\/v2\/product_tag?post=27877"}],"curies":[{"name":"wp","href":"https:\/\/api.w.org\/{rel}","templated":true}]}}