{"id":59023,"date":"2026-02-27T10:24:27","date_gmt":"2026-02-27T02:24:27","guid":{"rendered":"https:\/\/www.eco-leather.com\/?post_type=product&#038;p=59023"},"modified":"2026-02-27T10:27:29","modified_gmt":"2026-02-27T02:27:29","slug":"long-service-life-pu-leather-for-safety-shoes-upper","status":"publish","type":"product","link":"https:\/\/www.eco-leather.com\/es\/long-service-life-pu-leather-for-safety-shoes-upper\/","title":{"rendered":"Long Service Life PU Leather For Safety Shoes Upper"},"content":{"rendered":"<p style=\"text-align: center;\"><span style=\"font-size: 40px; font-family: georgia, palatino, serif; color: #c49060;\"><em><strong><b><span style=\"vertical-align: inherit;\"><span style=\"font-size: 40px;\">producto de<\/span>scripci\u00f3n<\/span><\/b><\/strong><\/em><\/span><\/p>\n<hr \/>\n<div>\n<div class=\"ace-line\" dir=\"auto\" data-node=\"true\">\n<div class=\"ace-line\" dir=\"auto\" data-node=\"true\">\n<div class=\"ace-line\" dir=\"auto\" data-node=\"true\">\n<div class=\"ace-line\" dir=\"auto\" data-node=\"true\">\n<p>&nbsp;<\/p>\n<\/div>\n<\/div>\n<\/div>\n<\/div>\n<div class=\"auto-hide-last-sibling-br paragraph-pP9ZLC paragraph-element br-paragraph-space\">WINIW\u2019s Solid Color PU Imitation Leather is a premium choice for safety shoe manufacturers seeking a combination of aesthetic appeal and functional performance. Available in a range of uniform, vibrant solid colors\u2014from classic black and brown to industrial gray and navy\u2014this PU leather offers a sleek, consistent finish that enhances the visual appeal of safety shoes. Crafted with high-quality polyurethane resins, it delivers excellent scratch resistance and color fastness, retaining its vibrant hue even after prolonged exposure to sunlight, water, and daily wear.<\/div>\n<div><\/div>\n<div class=\"auto-hide-last-sibling-br paragraph-pP9ZLC paragraph-element br-paragraph-space\">The material is lightweight, flexible, and easy to process, compatible with cutting, embossing, and stitching techniques to create diverse safety shoe designs. WINIW\u2019s solid color PU imitation leather is also eco-friendly, free from harmful chemicals, and meets OEKO-TEX\u00ae Standard 100 requirements. It balances style and safety, making it suitable for both industrial workplaces and professional settings where appearance matters as much as performance.<\/div>\n<p class=\"wmn-title-pink\" style=\"text-align: center;\"><span style=\"color: #c49060;\"><span style=\"background-color: #ffffff; font-size: 40px;\"><strong><em><span style=\"vertical-align: inherit;\">par<\/span><\/em><\/strong><\/span><span style=\"background-color: #ffffff; font-size: 40px;\"><strong><em><span style=\"vertical-align: inherit;\">ameter<\/span><\/em><\/strong><\/span><\/span><\/p>\n<hr \/>\n<\/div>\n<div class=\"nei-table\">\n<p>&nbsp;<\/p>\n<table class=\"aligncenter\" style=\"height: 283px;\" width=\"1008\">\n<tbody>\n<tr>\n<td><span style=\"font-family: arial, helvetica, sans-serif; font-size: 20px;\"><span style=\"vertical-align: inherit;\">Material:<\/span><\/span><\/td>\n<td><span style=\"font-family: arial, helvetica, sans-serif; font-size: 20px;\">100% material sint\u00e9tico, respetuoso con los animales y sin cuero.<\/span><\/td>\n<td><span style=\"font-family: arial, helvetica, sans-serif; font-size: 20px;\"><span style=\"vertical-align: inherit;\">color:<\/span><\/span><\/td>\n<td><span style=\"font-family: arial, helvetica, sans-serif; font-size: 20px;\">personalizar los colores.<\/span><\/td>\n<\/tr>\n<tr>\n<td><span style=\"font-family: arial, helvetica, sans-serif; font-size: 20px;\"><span style=\"vertical-align: inherit;\">Espesor\uff1a<\/span><\/span><\/td>\n<td><span style=\"font-family: arial, helvetica, sans-serif; font-size: 20px;\">0.4mm-0.6mm O Espesor Personalizado.<\/span><\/td>\n<td><span style=\"font-family: arial, helvetica, sans-serif; font-size: 20px;\"><span style=\"vertical-align: inherit;\">Cantidad m\u00ednima de pedido:<\/span><\/span><\/td>\n<td><span style=\"font-family: arial, helvetica, sans-serif; font-size: 20px;\"><span style=\"vertical-align: inherit;\">300 metros lineales.<\/span><\/span><\/td>\n<\/tr>\n<tr>\n<td><span style=\"font-family: arial, helvetica, sans-serif; font-size: 20px;\"><span style=\"vertical-align: inherit;\">Rollo Len<span style=\"font-family: arial, helvetica, sans-serif;\">gth:<\/span><\/span><\/span><\/td>\n<td><span style=\"font-family: arial, helvetica, sans-serif; font-size: 20px;\">20-30 m\/rollo<\/span><\/td>\n<td><span style=\"font-family: arial, helvetica, sans-serif; font-size: 20px;\"><span style=\"vertical-align: inherit;\">plazo de entrega:<\/span><\/span><\/td>\n<td><span style=\"font-family: arial, helvetica, sans-serif; font-size: 20px;\"><span style=\"vertical-align: inherit;\">15-20 d\u00edas.<\/span><\/span><\/td>\n<\/tr>\n<tr>\n<td><span style=\"font-family: arial, helvetica, sans-serif; font-size: 20px;\"><span style=\"vertical-align: inherit;\">de ancho:<\/span><\/span><\/td>\n<td><span style=\"font-family: arial, helvetica, sans-serif; font-size: 20px;\">54\", 137cm<\/span><\/td>\n<td><span style=\"font-family: arial, helvetica, sans-serif; font-size: 20px;\"><span style=\"vertical-align: inherit;\">Capacidad de producci\u00f3n:<\/span><\/span><\/td>\n<td><span style=\"font-family: arial, helvetica, sans-serif; font-size: 20px;\"><span style=\"vertical-align: inherit;\">1.000.000 de metros mensuales.<\/span><\/span><\/td>\n<\/tr>\n<\/tbody>\n<\/table>\n<\/div>\n<div>\n<p style=\"text-align: center;\"><span style=\"font-size: 40px; color: #c49060;\"><em><strong><b><span style=\"vertical-align: inherit;\">Detalles y caracter\u00edsticas del producto<\/span><\/b><\/strong><\/em><\/span><\/p>\n<hr \/>\n<\/div>\n<div class=\"wmn-template-17\">\n<div class=\"ace-line list-div\" dir=\"auto\" data-node=\"true\"><\/div>\n<div class=\"auto-hide-last-sibling-br paragraph-pP9ZLC paragraph-element br-paragraph-space\">\n<div class=\"auto-hide-last-sibling-br paragraph-pP9ZLC paragraph-element br-paragraph-space\">\n<div class=\"auto-hide-last-sibling-br paragraph-pP9ZLC paragraph-element br-paragraph-space\">\n<h3 class=\"header-iWP5WJ auto-hide-last-sibling-br\">1. Uniform &amp; Long-Lasting Color Fastness<\/h3>\n<div class=\"auto-hide-last-sibling-br paragraph-pP9ZLC paragraph-element br-paragraph-space\">The advanced dyeing process ensures 100% color uniformity across every batch, with no streaks or fading. The color resists UV radiation and repeated cleaning, maintaining a fresh, professional look for safety shoes over their entire service life.<\/div>\n<h3 class=\"header-iWP5WJ auto-hide-last-sibling-br\">2. Customizable Aesthetic Options<\/h3>\n<div class=\"auto-hide-last-sibling-br paragraph-pP9ZLC paragraph-element br-paragraph-space\">Offered in 15+ standard solid colors and customizable shades, it allows safety shoe brands to align with corporate identities or market trends. The smooth surface is also suitable for embossing logos or safety certifications, enhancing brand recognition.<\/div>\n<h3 class=\"header-iWP5WJ auto-hide-last-sibling-br\">3. Lightweight &amp; User-Friendly Design<\/h3>\n<div class=\"auto-hide-last-sibling-br paragraph-pP9ZLC paragraph-element br-paragraph-space\">Weighing 30% less than traditional genuine leather, this PU imitation leather reduces the overall weight of safety shoes, minimizing foot fatigue during long shifts. Its flexible texture ensures a comfortable fit, while its scratch-resistant surface keeps shoes looking new with minimal maintenance.<\/div>\n<\/div>\n<\/div>\n<\/div>\n<p class=\"wmn-title-pink\" style=\"text-align: center;\"><span style=\"font-size: 40px; color: #c49060;\"><em><strong><span style=\"vertical-align: inherit;\">uso<\/span><\/strong><\/em><\/span><\/p>\n<hr \/>\n<\/div>\n<p>&nbsp;<\/p>\n<p><img fetchpriority=\"high\" decoding=\"async\" class=\"wp-image-29983 aligncenter\" src=\"https:\/\/www.eco-leather.com\/wp-content\/uploads\/2025\/10\/Microfiber-Leather-for-Safety-Shoes-2-238x300.jpg\" alt=\"\" width=\"608\" height=\"766\" srcset=\"https:\/\/www.eco-leather.com\/wp-content\/uploads\/2025\/10\/Microfiber-Leather-for-Safety-Shoes-2-238x300.jpg 238w, https:\/\/www.eco-leather.com\/wp-content\/uploads\/2025\/10\/Microfiber-Leather-for-Safety-Shoes-2-10x12.jpg 10w, https:\/\/www.eco-leather.com\/wp-content\/uploads\/2025\/10\/Microfiber-Leather-for-Safety-Shoes-2-600x757.jpg 600w, https:\/\/www.eco-leather.com\/wp-content\/uploads\/2025\/10\/Microfiber-Leather-for-Safety-Shoes-2.jpg 750w\" sizes=\"(max-width: 608px) 100vw, 608px\" \/> <img decoding=\"async\" class=\"wp-image-29984 aligncenter\" src=\"https:\/\/www.eco-leather.com\/wp-content\/uploads\/2025\/10\/Microfiber-Leather-for-Safety-Shoes-3-218x300.jpg\" alt=\"\" width=\"610\" height=\"839\" srcset=\"https:\/\/www.eco-leather.com\/wp-content\/uploads\/2025\/10\/Microfiber-Leather-for-Safety-Shoes-3-218x300.jpg 218w, https:\/\/www.eco-leather.com\/wp-content\/uploads\/2025\/10\/Microfiber-Leather-for-Safety-Shoes-3-745x1024.jpg 745w, https:\/\/www.eco-leather.com\/wp-content\/uploads\/2025\/10\/Microfiber-Leather-for-Safety-Shoes-3-9x12.jpg 9w, https:\/\/www.eco-leather.com\/wp-content\/uploads\/2025\/10\/Microfiber-Leather-for-Safety-Shoes-3-600x825.jpg 600w, https:\/\/www.eco-leather.com\/wp-content\/uploads\/2025\/10\/Microfiber-Leather-for-Safety-Shoes-3.jpg 750w\" sizes=\"(max-width: 610px) 100vw, 610px\" \/> <img decoding=\"async\" class=\"wp-image-29987 aligncenter\" src=\"https:\/\/www.eco-leather.com\/wp-content\/uploads\/2025\/10\/Microfiber-Leather-for-Safety-Shoes-12-270x300.jpg\" alt=\"\" width=\"611\" height=\"679\" srcset=\"https:\/\/www.eco-leather.com\/wp-content\/uploads\/2025\/10\/Microfiber-Leather-for-Safety-Shoes-12-270x300.jpg 270w, https:\/\/www.eco-leather.com\/wp-content\/uploads\/2025\/10\/Microfiber-Leather-for-Safety-Shoes-12-11x12.jpg 11w, https:\/\/www.eco-leather.com\/wp-content\/uploads\/2025\/10\/Microfiber-Leather-for-Safety-Shoes-12-600x666.jpg 600w, https:\/\/www.eco-leather.com\/wp-content\/uploads\/2025\/10\/Microfiber-Leather-for-Safety-Shoes-12.jpg 750w\" sizes=\"(max-width: 611px) 100vw, 611px\" \/> <img loading=\"lazy\" decoding=\"async\" class=\"wp-image-29986 aligncenter\" src=\"https:\/\/www.eco-leather.com\/wp-content\/uploads\/2025\/10\/Microfiber-Leather-for-Safety-Shoes-7-187x300.jpg\" alt=\"\" width=\"614\" height=\"985\" srcset=\"https:\/\/www.eco-leather.com\/wp-content\/uploads\/2025\/10\/Microfiber-Leather-for-Safety-Shoes-7-187x300.jpg 187w, https:\/\/www.eco-leather.com\/wp-content\/uploads\/2025\/10\/Microfiber-Leather-for-Safety-Shoes-7-639x1024.jpg 639w, https:\/\/www.eco-leather.com\/wp-content\/uploads\/2025\/10\/Microfiber-Leather-for-Safety-Shoes-7-7x12.jpg 7w, https:\/\/www.eco-leather.com\/wp-content\/uploads\/2025\/10\/Microfiber-Leather-for-Safety-Shoes-7-600x962.jpg 600w, https:\/\/www.eco-leather.com\/wp-content\/uploads\/2025\/10\/Microfiber-Leather-for-Safety-Shoes-7.jpg 750w\" sizes=\"(max-width: 614px) 100vw, 614px\" \/><\/p>\n<p>&nbsp;<\/p>\n<p>&nbsp;<\/p>\n<p style=\"text-align: center;\"><a href=\"https:\/\/www.synthetic-leather.com\/product-category\/product\/\" target=\"_blank\" rel=\"noopener\"><span style=\"font-family: arial, helvetica, sans-serif; font-size: 20px; color: #0000ff;\"><strong>Muchos m\u00e1s colores personalizados esperan su consulta.<\/strong><\/span><\/a><\/p>\n<p>&nbsp;<\/p>\n<p style=\"text-align: center;\"><span style=\"color: #c49060;\"><em><span style=\"font-size: 40px;\"><strong><b><span style=\"vertical-align: inherit;\">Por qu\u00e9 elegir WINIW<\/span><\/b><\/strong><\/span><\/em><\/span><\/p>\n<hr \/>\n<p style=\"text-align: center;\"><span style=\"font-family: arial, helvetica, sans-serif; font-size: 20px; color: #ff6600;\"><strong>WINIW Plant Based Vegan SK Series Cuero Para el Interior del Coche Asiento Material Fabricante\u00a0<\/strong><\/span><\/p>\n<p>&nbsp;<\/p>\n<p id=\"\"><span style=\"font-family: arial, helvetica, sans-serif;\">WINIW est\u00e1 especializada en el desarrollo y la producci\u00f3n de cuero vegano de origen vegetal respetuoso con el medio ambiente, con el compromiso de ofrecer soluciones de materiales sostenibles de alta calidad y bajas emisiones de COV para la industria del interior del autom\u00f3vil. Nuestro cuero de la serie SK se ha ganado la confianza de numerosos fabricantes de autom\u00f3viles de gama alta de todo el mundo por su excelente rendimiento medioambiental y su durabilidad.<\/span><\/p>\n<p><span style=\"font-family: arial, helvetica, sans-serif; color: #0000ff;\"><strong><b>Garant\u00eda de calidad<\/b><\/strong><\/span><\/p>\n<p><span style=\"font-family: arial, helvetica, sans-serif;\">Para garantizar la calidad de nuestros productos, hemos adoptado estrictas medidas de control de calidad y una gesti\u00f3n integral de nuestra cadena de producci\u00f3n y suministro. Desde la adquisici\u00f3n de materias primas, pasando por la supervisi\u00f3n del proceso de producci\u00f3n, hasta las pruebas e inspecciones de los productos, siempre nos centramos en los intereses de nuestros clientes, y operamos en estricta conformidad con los requisitos del sistema de gesti\u00f3n de calidad de la norma ISO9001.<\/span><\/p>\n<p><span style=\"font-family: arial, helvetica, sans-serif; color: #0000ff;\"><strong><b>Equipo t\u00e9cnico profesional<\/b><\/strong><\/span><\/p>\n<p><span style=\"font-family: arial, helvetica, sans-serif;\">WINIW cuenta con un equipo t\u00e9cnico especializado cuyo objetivo es suministrar productos y servicios de alta calidad. Este equipo t\u00e9cnico est\u00e1 formado por profesionales experimentados especializados en diversos campos t\u00e9cnicos y capaces de satisfacer las necesidades de nuestros clientes.<\/span><\/p>\n<p><span style=\"font-family: arial, helvetica, sans-serif; color: #0000ff;\"><strong><b>Amplia gama de aplicaciones<\/b><\/strong><\/span><\/p>\n<p><span style=\"font-family: arial, helvetica, sans-serif;\">Los productos se utilizan ampliamente en calzado, ropa, equipaje, interiores de autom\u00f3viles, muebles de sof\u00e1 y otros campos.<\/span><\/p>\n<p><span style=\"font-family: arial, helvetica, sans-serif; color: #0000ff;\"><strong><b>Servicios personalizados<\/b><\/strong><\/span><\/p>\n<p><span style=\"font-family: arial, helvetica, sans-serif;\">Los servicios personalizados de WINIW se adaptan a las necesidades espec\u00edficas de sus clientes. Este enfoque garantiza que cada cliente reciba soluciones que se ajusten a sus necesidades y situaciones particulares. Al dise\u00f1ar las soluciones de esta manera, WINIW es capaz de proporcionar soluciones rentables que aportan el m\u00e1ximo valor a sus clientes.<\/span><\/p>\n<p>&nbsp;<\/p>\n<p>&nbsp;<\/p>\n<p><img loading=\"lazy\" decoding=\"async\" class=\"aligncenter\" style=\"height: 803px; width: 803px;\" title=\"WINIW Microfieber Fabricaci\u00f3n de cuero\" src=\"https:\/\/img.waimaoniu.net\/3820\/3820-202312251058461571.jpg\" alt=\"Tejido de cuero de PVC\" width=\"803\" height=\"1200\" border=\"0\" vspace=\"0\" \/><\/p>\n<p style=\"text-align: center;\"><span style=\"font-size: 25px; color: #666464;\"><strong><span style=\"font-family: arial, helvetica, sans-serif;\"><span style=\"vertical-align: inherit;\">Entrega r\u00e1pida y gran capacidad de producci\u00f3n<\/span><\/span><\/strong><\/span><\/p>\n<p style=\"text-align: center;\"><span style=\"font-size: 25px; color: #666464;\"><strong><span style=\"font-family: arial, helvetica, sans-serif;\"><span style=\"vertical-align: inherit;\">Calidad estable<\/span><\/span><\/strong><\/span><\/p>\n<p style=\"text-align: center;\"><span style=\"font-size: 25px; color: #666464;\"><strong><span style=\"font-family: arial, helvetica, sans-serif;\"><span style=\"vertical-align: inherit;\">servicio profesional<\/span><\/span><\/strong><\/span><\/p>\n<p>&nbsp;<\/p>\n<p>&nbsp;<\/p>\n<div>\n<p class=\"wmn-title-pink\" style=\"text-align: center;\"><span style=\"color: #c49060;\"><em><span style=\"font-size: 40px;\"><strong><span style=\"vertical-align: inherit;\">PREGUNTAS FRECUENTES<\/span><\/strong><\/span><\/em><\/span><\/p>\n<hr \/>\n<\/div>\n<p style=\"text-align: center;\">P: \u00bfQu\u00e9 tal su servicio?<\/p>\n<p style=\"text-align: center;\">R: Contamos con un grupo de vendedores de primera que le ofrecen la profesi\u00f3n, la experiencia y la sinceridad Servicio<\/p>\n<p style=\"text-align: center;\">P:\u00bfCu\u00e1nto cuesta la piel de microfibra que venden? \u00bfPodemos obtener un descuento?<\/p>\n<p style=\"text-align: center;\">R: Depende del grosor, colores, cantidad, tiempo de pedido, etc, por favor d\u00edganos su requisito indetail, entonces podemos darle precio general de referencia Los precios podr\u00edan ser mejores, si la cantidad de compra es mayor.<\/p>\n<p style=\"text-align: center;\">P: \u00bfC\u00f3mo controlan la calidad de los productos?<\/p>\n<p style=\"text-align: center;\">R: Tenemos un equipo profesional de control de calidad en cada paso, que controla bien la calidad de sus productos durante toda la producci\u00f3n en masa hasta el momento del env\u00edo. Adem\u00e1s, tenemos personal de trabajo muy responsable<\/p>\n<p style=\"text-align: center;\">Podemos realizar servicios de inspecci\u00f3n para usted<\/p>\n<p>&nbsp;<\/p>\n<div style=\"color: #333333; font-family: Georgia, 'Times New Roman', 'Bitstream Charter', Times, serif;\">\n<p style=\"text-align: center;\"><span style=\"font-size: 30px; color: #c49060;\"><strong><span style=\"vertical-align: inherit;\">Esperamos su consulta.<\/span><\/strong><\/span><\/p>\n<\/div>\n<p>&nbsp;<\/p>\n\n    <div class=\"xs_social_share_widget xs_share_url after_content \t\tmain_content  wslu-style-1 wslu-share-box-shaped wslu-fill-colored wslu-none wslu-share-horizontal wslu-theme-font-no wslu-main_content\">\n\n\t\t\n        <ul>\n\t\t\t        <\/ul>\n    <\/div>","protected":false},"excerpt":{"rendered":"<p>WINIW\u2019s resistant to wear and tear PU leather is specifically engineered for safety shoes that endure harsh daily use.<\/p>","protected":false},"featured_media":58672,"template":"","meta":[],"product_brand":[],"product_cat":[293,204],"product_tag":[19375],"class_list":{"0":"post-59023","1":"product","2":"type-product","3":"status-publish","4":"has-post-thumbnail","6":"product_cat-products","7":"product_cat-shoe-leather","8":"product_tag-shoes-leather","10":"first","11":"instock","12":"shipping-taxable","13":"product-type-simple"},"_links":{"self":[{"href":"https:\/\/www.eco-leather.com\/es\/wp-json\/wp\/v2\/product\/59023","targetHints":{"allow":["GET"]}}],"collection":[{"href":"https:\/\/www.eco-leather.com\/es\/wp-json\/wp\/v2\/product"}],"about":[{"href":"https:\/\/www.eco-leather.com\/es\/wp-json\/wp\/v2\/types\/product"}],"wp:featuredmedia":[{"embeddable":true,"href":"https:\/\/www.eco-leather.com\/es\/wp-json\/wp\/v2\/media\/58672"}],"wp:attachment":[{"href":"https:\/\/www.eco-leather.com\/es\/wp-json\/wp\/v2\/media?parent=59023"}],"wp:term":[{"taxonomy":"product_brand","embeddable":true,"href":"https:\/\/www.eco-leather.com\/es\/wp-json\/wp\/v2\/product_brand?post=59023"},{"taxonomy":"product_cat","embeddable":true,"href":"https:\/\/www.eco-leather.com\/es\/wp-json\/wp\/v2\/product_cat?post=59023"},{"taxonomy":"product_tag","embeddable":true,"href":"https:\/\/www.eco-leather.com\/es\/wp-json\/wp\/v2\/product_tag?post=59023"}],"curies":[{"name":"wp","href":"https:\/\/api.w.org\/{rel}","templated":true}]}}