{"id":58901,"date":"2026-01-07T17:31:14","date_gmt":"2026-01-07T09:31:14","guid":{"rendered":"https:\/\/www.eco-leather.com\/?post_type=product&#038;p=58901"},"modified":"2026-01-07T17:35:34","modified_gmt":"2026-01-07T09:35:34","slug":"numerous-design-style-pu-leather-for-soccer-ball","status":"publish","type":"product","link":"https:\/\/www.eco-leather.com\/es\/numerous-design-style-pu-leather-for-soccer-ball\/","title":{"rendered":"Numerous Design Style PU Leather For Soccer Ball"},"content":{"rendered":"<div data-page-id=\"JZZWfQX8ddLpSic15glcvrNwn0c\" data-lark-html-role=\"root\" data-docx-has-block-data=\"false\">\n<div class=\"old-record-id-UanLf8eXldsISDcgMu8cpypInLd\"><\/div>\n<\/div>\n<section id=\"product-overview\">\n<h2>Descripci\u00f3n del producto<\/h2>\n<div class=\"auto-hide-last-sibling-br paragraph-pP9ZLC paragraph-element br-paragraph-space\">\n<div class=\"auto-hide-last-sibling-br paragraph-pP9ZLC paragraph-element br-paragraph-space\">\n<div data-page-id=\"JZZWfQX8ddLpSic15glcvrNwn0c\" data-lark-html-role=\"root\" data-docx-has-block-data=\"false\">\n<div class=\"ace-line ace-line old-record-id-EGs5fzMTyd445jc19GAcERkFnBf\">\n<div data-page-id=\"JZZWfQX8ddLpSic15glcvrNwn0c\" data-lark-html-role=\"root\" data-docx-has-block-data=\"false\">\n<div class=\"ace-line ace-line old-record-id-FeTJfG89BdDz9Xc3PTxcayxjnWg\">\n<div data-page-id=\"JZZWfQX8ddLpSic15glcvrNwn0c\" data-lark-html-role=\"root\" data-docx-has-block-data=\"false\">\n<div class=\"ace-line ace-line old-record-id-JbNzfBLPgdrVBgcPnqccHnuSnid\">\n<div data-page-id=\"JZZWfQX8ddLpSic15glcvrNwn0c\" data-lark-html-role=\"root\" data-docx-has-block-data=\"false\">\n<div class=\"ace-line ace-line old-record-id-MGsafqXyrdXzO9cenWCc1h4Dnkf\">\n<div data-page-id=\"B3HSfDWG5dzMGcch6PScRLXgn4e\" data-lark-html-role=\"root\" data-docx-has-block-data=\"false\">\n<div class=\"ace-line ace-line old-record-id-QqPxfGcvLdvG8XcNGSfc2LhUnvc\">\n<div data-page-id=\"B3HSfDWG5dzMGcch6PScRLXgn4e\" data-lark-html-role=\"root\" data-docx-has-block-data=\"false\">\n<div class=\"ace-line ace-line old-record-id-RaV1fovcgd1Y5zcXzHzc30M7nqc\">\n<div data-page-id=\"B3HSfDWG5dzMGcch6PScRLXgn4e\" data-lark-html-role=\"root\" data-docx-has-block-data=\"false\">\n<div class=\"ace-line ace-line old-record-id-VSmQfWE2RdZFKNcbAeLcYjTrnic\">\n<div data-page-id=\"B3HSfDWG5dzMGcch6PScRLXgn4e\" data-lark-html-role=\"root\" data-docx-has-block-data=\"false\">\n<div class=\"ace-line ace-line old-record-id-OSorfRJhKdyaAfcKFAmco616nKd\">\n<div data-page-id=\"B3HSfDWG5dzMGcch6PScRLXgn4e\" data-lark-html-role=\"root\" data-docx-has-block-data=\"false\">\n<div class=\"ace-line ace-line old-record-id-PbvwfFtfhdQpEwckc13c3eABnAc\">WINIW&#8217;s Numerous Design Style PU Leather for Soccer Ball empowers manufacturers with endless creative possibilities, catering to diverse market preferences and brand positioning. This versatile PU material supports a wide range of customization options, including multiple colorways, printing patterns, surface finishes, and texture combinations, enabling the creation of both classic and trendy soccer ball designs.<\/div>\n<div class=\"ace-line ace-line old-record-id-OetxfEWDTdeS3wcBf8ecpKbLnVg\">Despite its high design flexibility, this leather maintains excellent mechanical properties, including wear resistance, water resistance, and shape retention. As a leading sports material supplier, WINIW provides professional design support and consistent quality control, ensuring that each custom design is accurately reproduced in mass production. This product helps brands stand out in the competitive market by combining aesthetic diversity with reliable performance.<\/div>\n<\/div>\n<\/div>\n<\/div>\n<\/div>\n<\/div>\n<\/div>\n<\/div>\n<\/div>\n<\/div>\n<\/div>\n<\/div>\n<\/div>\n<\/div>\n<\/div>\n<\/div>\n<\/div>\n<\/div>\n<\/div>\n<\/div>\n<\/section>\n<section id=\"features\">\n<h2>Caracter\u00edsticas del producto<\/h2>\n<div data-page-id=\"JZZWfQX8ddLpSic15glcvrNwn0c\" data-lark-html-role=\"root\" data-docx-has-block-data=\"false\">\n<div class=\"ace-line ace-line old-record-id-He5ufcENjdhDgDcHxuvcgDsKngd\">\n<div data-page-id=\"JZZWfQX8ddLpSic15glcvrNwn0c\" data-lark-html-role=\"root\" data-docx-has-block-data=\"false\">\n<div data-page-id=\"JZZWfQX8ddLpSic15glcvrNwn0c\" data-lark-html-role=\"root\" data-docx-has-block-data=\"false\">\n<div class=\"ace-line ace-line old-record-id-ZZb5fXGvbdlNO5cV0vIcBNd6nd6\">\n<div data-page-id=\"JZZWfQX8ddLpSic15glcvrNwn0c\" data-lark-html-role=\"root\" data-docx-has-block-data=\"false\">\n<div data-page-id=\"B3HSfDWG5dzMGcch6PScRLXgn4e\" data-lark-html-role=\"root\" data-docx-has-block-data=\"false\">\n<div class=\"ace-line ace-line old-record-id-SsUxfuw47dNCT2cVpCncMfatnFK\">\n<div data-page-id=\"B3HSfDWG5dzMGcch6PScRLXgn4e\" data-lark-html-role=\"root\" data-docx-has-block-data=\"false\">\n<div class=\"ace-line ace-line old-record-id-YgcNfywiedXmuicEjo7cL1aDnRh\">\n<div data-page-id=\"B3HSfDWG5dzMGcch6PScRLXgn4e\" data-lark-html-role=\"root\" data-docx-has-block-data=\"false\">\n<div class=\"ace-line ace-line old-record-id-LCtofXS36dfsAYc16O8cYHytn3c\">\n<div data-page-id=\"B3HSfDWG5dzMGcch6PScRLXgn4e\" data-lark-html-role=\"root\" data-docx-has-block-data=\"false\">\n<div class=\"ace-line ace-line old-record-id-R8qMfGzyqd4jaScxesXcIfaQnTg\">\n<div data-page-id=\"B3HSfDWG5dzMGcch6PScRLXgn4e\" data-lark-html-role=\"root\" data-docx-has-block-data=\"false\">\n<div class=\"ace-line ace-line old-record-id-NndLfqcosdySFYcCbn4ca8AKnzd\"><strong>Extensive Design Versatility<\/strong>: Supports multiple customization methods such as color matching, printing, and surface finishing, enabling the creation of diverse design styles to meet different market segments and brand aesthetics.<\/div>\n<div class=\"ace-line ace-line old-record-id-G84jfP832d0kxLcpihicBtyBnwh\"><strong>Consistent Design Reproduction<\/strong>: Ensures uniform color and pattern consistency across large production batches, avoiding design deviations and ensuring product quality stability for mass-produced soccer balls.<\/div>\n<div class=\"ace-line ace-line old-record-id-LEomff9GPdki5jcK2x1ccvN1nre\"><strong>Design &amp; Performance Integration<\/strong>: While offering rich design options, it does not compromise on wear resistance, water resistance, and other core performance indicators, realizing the perfect combination of aesthetics and functionality.<\/div>\n<\/div>\n<\/div>\n<\/div>\n<\/div>\n<\/div>\n<\/div>\n<\/div>\n<\/div>\n<\/div>\n<\/div>\n<\/div>\n<\/div>\n<\/div>\n<\/div>\n<div><\/div>\n<\/div>\n<div class=\"feature-item\"><img fetchpriority=\"high\" decoding=\"async\" class=\"wp-image-54446 aligncenter\" src=\"https:\/\/www.eco-leather.com\/wp-content\/uploads\/2025\/11\/\u901a\u7528\u7403\u9769_07-300x244.jpg\" alt=\"\" width=\"584\" height=\"475\" srcset=\"https:\/\/www.eco-leather.com\/wp-content\/uploads\/2025\/11\/\u901a\u7528\u7403\u9769_07-300x244.jpg 300w, https:\/\/www.eco-leather.com\/wp-content\/uploads\/2025\/11\/\u901a\u7528\u7403\u9769_07-15x12.jpg 15w, https:\/\/www.eco-leather.com\/wp-content\/uploads\/2025\/11\/\u901a\u7528\u7403\u9769_07-600x487.jpg 600w, https:\/\/www.eco-leather.com\/wp-content\/uploads\/2025\/11\/\u901a\u7528\u7403\u9769_07.jpg 750w\" sizes=\"(max-width: 584px) 100vw, 584px\" \/><\/div>\n<div class=\"feature-item\">\n<p><img decoding=\"async\" class=\"wp-image-54442 aligncenter\" src=\"https:\/\/www.eco-leather.com\/wp-content\/uploads\/2025\/11\/\u901a\u7528\u7403\u9769_01-206x300.jpg\" alt=\"\" width=\"587\" height=\"854\" srcset=\"https:\/\/www.eco-leather.com\/wp-content\/uploads\/2025\/11\/\u901a\u7528\u7403\u9769_01-206x300.jpg 206w, https:\/\/www.eco-leather.com\/wp-content\/uploads\/2025\/11\/\u901a\u7528\u7403\u9769_01-8x12.jpg 8w\" sizes=\"(max-width: 587px) 100vw, 587px\" \/> <img decoding=\"async\" class=\"wp-image-54445 aligncenter\" src=\"https:\/\/www.eco-leather.com\/wp-content\/uploads\/2025\/11\/\u901a\u7528\u7403\u9769_06-177x300.jpg\" alt=\"\" width=\"587\" height=\"995\" srcset=\"https:\/\/www.eco-leather.com\/wp-content\/uploads\/2025\/11\/\u901a\u7528\u7403\u9769_06-177x300.jpg 177w, https:\/\/www.eco-leather.com\/wp-content\/uploads\/2025\/11\/\u901a\u7528\u7403\u9769_06-7x12.jpg 7w\" sizes=\"(max-width: 587px) 100vw, 587px\" \/> <img loading=\"lazy\" decoding=\"async\" class=\"wp-image-54448 aligncenter\" src=\"https:\/\/www.eco-leather.com\/wp-content\/uploads\/2025\/11\/\u901a\u7528\u7403\u9769_11-232x300.jpg\" alt=\"\" width=\"590\" height=\"763\" srcset=\"https:\/\/www.eco-leather.com\/wp-content\/uploads\/2025\/11\/\u901a\u7528\u7403\u9769_11-232x300.jpg 232w, https:\/\/www.eco-leather.com\/wp-content\/uploads\/2025\/11\/\u901a\u7528\u7403\u9769_11-9x12.jpg 9w, https:\/\/www.eco-leather.com\/wp-content\/uploads\/2025\/11\/\u901a\u7528\u7403\u9769_11-600x776.jpg 600w, https:\/\/www.eco-leather.com\/wp-content\/uploads\/2025\/11\/\u901a\u7528\u7403\u9769_11.jpg 750w\" sizes=\"(max-width: 590px) 100vw, 590px\" \/><\/p>\n<div class=\"clear\"><\/div>\n<\/div>\n<\/section>\n<section id=\"why-choose-us\">\n<h2>Por qu\u00e9 elegir WINIW<\/h2>\n<div class=\"advantage-item\">\n<h3>Crafted from high-quality PU microfiber, our imitation leather is incredibly soft and supple, providing maximum comfort and ease of movement on the field<\/h3>\n<p>Crafted from high-quality PU microfiber, our imitation leather is incredibly soft and supple, providing maximum comfort and ease of movement on the field. At just 1.6mm thick, it is also ultra-lightweight and incredibly elastic, allowing for effortless ball control and precision.<\/p>\n<\/div>\n<div class=\"advantage-item\">\n<h3>Garant\u00eda de calidad<\/h3>\n<p>Aplicamos un estricto control de calidad en toda la cadena de producci\u00f3n y suministro, cumpliendo las normas ISO9001. Desde la selecci\u00f3n de materias primas hasta la inspecci\u00f3n final, damos prioridad a los intereses del cliente.<\/p>\n<\/div>\n<div class=\"advantage-item\">\n<h3>Equipo t\u00e9cnico profesional<\/h3>\n<p>Nuestro equipo t\u00e9cnico especializado est\u00e1 formado por profesionales con experiencia en diversos campos, dedicados a suministrar productos de alta calidad y soluciones a medida.<\/p>\n<\/div>\n<div class=\"advantage-item\">\n<h3>Amplia gama de aplicaciones<\/h3>\n<p>Nuestros materiales se utilizan ampliamente en calzado, ropa, maletas, interiores de autom\u00f3viles, muebles de sof\u00e1, etc.<\/p>\n<\/div>\n<div class=\"advantage-item\">\n<h3>Una rica experiencia<\/h3>\n<p>Quanzhou WINIW Import &amp; Export Co., Ltd. cuenta con m\u00e1s de 20 a\u00f1os de experiencia en producci\u00f3n, ofreciendo soluciones perfectas para clientes de todo el mundo.<\/p>\n<\/div>\n<div class=\"advantage-item\">\n<h3>Precio asequible<\/h3>\n<p>Ofrecemos precios competitivos y un excelente servicio de atenci\u00f3n al cliente. Solicite un cat\u00e1logo o visite nuestra f\u00e1brica para explorar nuestros productos.<\/p>\n<\/div>\n<div class=\"advantage-item\">\n<h3>Servicio de atenci\u00f3n al cliente en l\u00ednea 24 horas<\/h3>\n<p>Nuestro equipo est\u00e1 disponible 24 horas al d\u00eda, 7 d\u00edas a la semana, para responder a las consultas y atender los comentarios con prontitud.<\/p>\n<\/div>\n<p>&nbsp;<\/p>\n<\/section>\n<section id=\"inquiry\">\n<h2 style=\"text-align: center;\">Esperamos su consulta.<\/h2>\n<p style=\"text-align: center;\">P\u00f3ngase en contacto con nosotros hoy mismo para obtener m\u00e1s informaci\u00f3n sobre nuestros productos y realizar su pedido.<\/p>\n<\/section>\n\n    <div class=\"xs_social_share_widget xs_share_url after_content \t\tmain_content  wslu-style-1 wslu-share-box-shaped wslu-fill-colored wslu-none wslu-share-horizontal wslu-theme-font-no wslu-main_content\">\n\n\t\t\n        <ul>\n\t\t\t        <\/ul>\n    <\/div>","protected":false},"excerpt":{"rendered":"<p>WINIW presents its premium Thin And Elastic PVC Faux Leather, specifically engineered for football manufacturing.<\/p>","protected":false},"featured_media":58781,"template":"","meta":[],"product_brand":[],"product_cat":[271,111],"product_tag":[],"class_list":{"0":"post-58901","1":"product","2":"type-product","3":"status-publish","4":"has-post-thumbnail","6":"product_cat-balls-leather","7":"product_cat-microfiber-leather","9":"first","10":"instock","11":"product-type-simple"},"_links":{"self":[{"href":"https:\/\/www.eco-leather.com\/es\/wp-json\/wp\/v2\/product\/58901","targetHints":{"allow":["GET"]}}],"collection":[{"href":"https:\/\/www.eco-leather.com\/es\/wp-json\/wp\/v2\/product"}],"about":[{"href":"https:\/\/www.eco-leather.com\/es\/wp-json\/wp\/v2\/types\/product"}],"wp:featuredmedia":[{"embeddable":true,"href":"https:\/\/www.eco-leather.com\/es\/wp-json\/wp\/v2\/media\/58781"}],"wp:attachment":[{"href":"https:\/\/www.eco-leather.com\/es\/wp-json\/wp\/v2\/media?parent=58901"}],"wp:term":[{"taxonomy":"product_brand","embeddable":true,"href":"https:\/\/www.eco-leather.com\/es\/wp-json\/wp\/v2\/product_brand?post=58901"},{"taxonomy":"product_cat","embeddable":true,"href":"https:\/\/www.eco-leather.com\/es\/wp-json\/wp\/v2\/product_cat?post=58901"},{"taxonomy":"product_tag","embeddable":true,"href":"https:\/\/www.eco-leather.com\/es\/wp-json\/wp\/v2\/product_tag?post=58901"}],"curies":[{"name":"wp","href":"https:\/\/api.w.org\/{rel}","templated":true}]}}