{"id":29793,"date":"2025-09-07T11:06:33","date_gmt":"2025-09-07T03:06:33","guid":{"rendered":"https:\/\/www.eco-leather.com\/product\/0-7mm-synthetic-ultra-suede-leather-material-for-making-safety-gloves\/"},"modified":"2025-09-07T11:06:39","modified_gmt":"2025-09-07T03:06:39","slug":"0-7mm-material-de-cuero-sintetico-ultra-ante-para-la-fabricacion-de-guantes-de-seguridad","status":"publish","type":"product","link":"https:\/\/www.eco-leather.com\/es\/0-7mm-material-de-cuero-sintetico-ultra-ante-para-la-fabricacion-de-guantes-de-seguridad\/","title":{"rendered":"0.7mm Material de cuero sint\u00e9tico ultra-suede para la fabricaci\u00f3n de guantes de seguridad"},"content":{"rendered":"<h2>0.7mm Material Sint\u00e9tico De Cuero De Ultra-Suede Para Hacer Guantes De Seguridad detalles<\/h2>\n<p><main><\/p>\n<section id=\"product-overview\">\n<h2>Descripci\u00f3n del producto<\/h2>\n<p>producto <strong>Suela de piel sint\u00e9tica<\/strong> descripci\u00f3n<\/p>\n<p>Sint\u00e9tico <strong>Vestido Blanco Material Meesho<\/strong> La soluci\u00f3n definitiva para la protecci\u00f3n de las manos La seguridad es una prioridad absoluta en cualquier campo que requiera la protecci\u00f3n de las manos.<\/p>\n<p>Por eso le presentamos nuestro material de cuero sint\u00e9tico ultra-suede de primera calidad para guantes de seguridad. Nuestro <strong>Automotive LeatherSeats Service Dog<\/strong> El material de 0,7 mm de grosor es la soluci\u00f3n perfecta para garantizar la m\u00e1xima protecci\u00f3n de sus manos.<\/p>\n<p>Adem\u00e1s de su inmejorable protecci\u00f3n, nuestro material de cuero sint\u00e9tico ultrasuede tambi\u00e9n es muy c\u00f3modo de llevar. Su tacto suave y flexible ofrece una excelente destreza y garantiza que sus manos<\/p>\n<p>Fabricados con materiales de microfibra de alta calidad, nuestros guantes de piel sint\u00e9tica de microfibra Ultrasuede de 0,7 mm son la elecci\u00f3n perfecta para el ciclismo. Equilibra flexibilidad y resistencia, y ofrece una transpirabilidad excepcional y propiedades de evacuaci\u00f3n de la humedad para mantener las manos frescas y secas durante salidas intensas.<\/p>\n<p>Tanto si eres un ciclista profesional como si te dedicas al ocio, la piel de microfibra este material proporciona una comodidad y una protecci\u00f3n insuperables. Su gran resistencia a las abrasiones y los desgarros garantiza un rendimiento duradero, mientras que su elegante dise\u00f1o a\u00f1ade un toque sofisticado a cualquier conjunto ciclista.<\/p>\n<\/section>\n<section id=\"specifications\">\n<h2>Par\u00e1metros t\u00e9cnicos<\/h2>\n<ul class_=\"parameters-list\">\n<li><span class=\"param-name\">par\u00e1metro <strong>Cajas de piel sint\u00e9tica China<\/strong> Material:<\/span> microfibra + PU. color: Negro, Gris, Beige. Espesor 0,6mm, 0,7mm, 0,8mm, 1mm.<\/li>\n<li><span class=\"param-name\">Cantidad m\u00ednima de pedido:<\/span> 300 metros lineales. Longitud del rollo: 20-30m\/rollo plazo de entrega: 15-20 d\u00edas. anchura: 54 , 137cm Capacidad de producci\u00f3n: 1.000.000 metros mensuales.<\/li>\n<\/ul>\n<p><img decoding=\"async\" alt=\"Piel sint\u00e9tica de microfibra de 0,7 mm Ultrasuede para guantes de ciclismo - Especificaci\u00f3n del material\" class=\"product-image\" src=\"\/wp-content\/uploads\/2025\/08\/07mm-ultrasuede-microfiber-faux-leather-for-cycling-gloves--37881.jpg\"\/><\/p>\n<h3>Par\u00e1metros del producto<\/h3>\n<ul class=\"parameters-list\">\n<li><span class=\"param-name\">Material:<\/span> Microfibra + PU<\/li>\n<li><span class=\"param-name\">Color:<\/span> Negro, gris, beige (colores personalizados disponibles)<\/li>\n<li><span class=\"param-name\">Grosor:<\/span> 0,6 mm, 0,7 mm, 0,8 mm, 1 mm<\/li>\n<li><span class=\"param-name\">Cantidad m\u00ednima de pedido:<\/span> 300 metros lineales<\/li>\n<li><span class=\"param-name\">Longitud del rollo:<\/span> 20-30 m\/rollo<\/li>\n<li><span class=\"param-name\">Plazo de entrega:<\/span> 15-20 d\u00edas<\/li>\n<li><span class=\"param-name\">Anchura:<\/span> 54\u2033, 137cm<\/li>\n<li><span class=\"param-name\">Capacidad de producci\u00f3n:<\/span> 1.000.000 de metros mensuales<\/li>\n<\/ul>\n<\/section>\n<section id=\"features\">\n<h2>Caracter\u00edsticas del producto<\/h2>\n<div class=\"feature-item\">\n<img decoding=\"async\" alt=\"NuestroSuede Leather Waterproof Spraysynthetic ultra-suede leather ofrece una durabilidad inigualable, resistencia a los pinchazos y un excelente agarre para mantener sus manos a salvo de cualquier producto qu\u00edmico nocivo y bordes afilados\" class=\"feature-image left\" src=\"\/wp-content\/uploads\/2025\/08\/07mm-synthetic-ultra-suede-leather-material-for-making-safety-gloves--37826.jpg\"\/><\/p>\n<h3>Nuestra <strong>Spray Impermeable Piel de Ante<\/strong> La piel sint\u00e9tica ultrasuede ofrece una durabilidad inigualable, resistencia a los pinchazos y un agarre excelente para mantener las manos a salvo de cualquier producto qu\u00edmico nocivo y borde afilado<\/h3>\n<p>Nuestra <strong>Spray Impermeable Piel de Ante<\/strong> La piel sint\u00e9tica ultrasuede ofrece una durabilidad inigualable, resistencia a los pinchazos y un agarre excelente para mantener las manos a salvo de cualquier producto qu\u00edmico nocivo y borde afilado.<\/p>\n<div class=\"clear\"><\/div>\n<\/div>\n<div class=\"feature-item\">\n<img decoding=\"async\" alt=\"El material crea una barrera entre su piel y el entorno peligroso, proporcion\u00e1ndole la confianza necesaria para trabajar de forma eficaz y productiva.\" class=\"feature-image left\" src=\"\/wp-content\/uploads\/2025\/08\/07mm-synthetic-ultra-suede-leather-material-for-making-safety-gloves--37827.jpg\"\/><\/p>\n<h3>El material crea una barrera entre su piel y el entorno peligroso, proporcion\u00e1ndole la confianza necesaria para trabajar de forma eficaz y productiva.<\/h3>\n<p>El material crea una barrera entre su piel y el entorno peligroso, d\u00e1ndole la confianza necesaria para trabajar de forma eficaz y productiva. Nuestro <strong>Servicio de material de cuero impermeable<\/strong> El material sint\u00e9tico de cuero ultrasuede es muy vers\u00e1til y resulta ideal para su uso en una amplia gama de entornos, como obras de construcci\u00f3n, laboratorios, fabricaci\u00f3n de autom\u00f3viles, soldadura y muchos m\u00e1s.<\/p>\n<div class=\"clear\"><\/div>\n<\/div>\n<div class=\"feature-item\">\n<img decoding=\"async\" alt=\"Su excelente resistencia al calor y durabilidad lo hacen perfecto para aplicaciones exigentes en las que la seguridad de las manos es primordial.\" class=\"feature-image left\" src=\"\/wp-content\/uploads\/2025\/08\/07mm-synthetic-ultra-suede-leather-material-for-making-safety-gloves--37828.jpg\"\/><\/p>\n<h3>Su excelente resistencia al calor y durabilidad lo hacen perfecto para aplicaciones exigentes en las que la seguridad de las manos es primordial.<\/h3>\n<p>Su excelente resistencia al calor y durabilidad lo hacen perfecto para aplicaciones exigentes en las que la seguridad de las manos es primordial.<\/p>\n<div class=\"clear\"><\/div>\n<\/div>\n<div class=\"feature-item\">\n<img decoding=\"async\" alt=\"Alta resistencia al desgarro - Ultrasuede Microfibra Faux Leather para guantes de ciclismo\" class=\"feature-image left\" src=\"\/wp-content\/uploads\/2025\/08\/07mm-ultrasuede-microfiber-faux-leather-for-cycling-gloves--37882.jpg\"\/><\/p>\n<h3>Alta resistencia al desgarro<\/h3>\n<p>Nuestra piel de microfibra Ultrasuede presenta una excepcional resistencia al desgarro, lo que garantiza que no se romper\u00e1 ni deformar\u00e1 f\u00e1cilmente bajo tensi\u00f3n. Esto la hace ideal para productos que requieren durabilidad y rendimiento a largo plazo.<\/p>\n<div class=\"clear\"><\/div>\n<\/div>\n<div class=\"feature-item\">\n<img decoding=\"async\" alt=\"Retenci\u00f3n de la forma - Piel sint\u00e9tica de microfibra Ultrasuede para guantes de ciclismo\" class=\"feature-image right\" src=\"\/wp-content\/uploads\/2025\/08\/07mm-ultrasuede-microfiber-faux-leather-for-cycling-gloves--37883.jpg\"\/><\/p>\n<h3>No es f\u00e1cil de deformar<\/h3>\n<p>Especialmente tratado para mantener su forma original, este material ofrece una excelente elasticidad y estabilidad. Resiste la deformaci\u00f3n por presi\u00f3n externa o estiramiento, manteniendo los productos intactos y atractivos a lo largo del tiempo.<\/p>\n<div class=\"clear\"><\/div>\n<\/div>\n<div class=\"feature-item\">\n<img decoding=\"async\" alt=\"Durabilidad - Piel sint\u00e9tica de microfibra Ultrasuede para guantes de ciclismo\" class=\"feature-image left\" src=\"\/wp-content\/uploads\/2025\/08\/07mm-ultrasuede-microfiber-faux-leather-for-cycling-gloves--37884.jpg\"\/><\/p>\n<h3>Durabilidad<\/h3>\n<p>Extremadamente resistente a la abrasi\u00f3n, los desgarros y los pinchazos, este material garantiza que los guantes se mantengan en \u00f3ptimas condiciones incluso con un uso prolongado. Tambi\u00e9n mantiene una excelente destreza y resistencia para art\u00edculos de piel de alta calidad.<\/p>\n<div class=\"clear\"><\/div>\n<\/div>\n<\/section>\n<p><\/main><\/p>\n<section id=\"inquiry\">\n<h2 style=\"text-align: center;\">Esperamos su consulta.<\/h2>\n<p style=\"text-align: center;\">P\u00f3ngase en contacto con nosotros hoy mismo para obtener m\u00e1s informaci\u00f3n sobre nuestros productos y realizar su pedido.<\/p>\n<\/section>\n\n    <div class=\"xs_social_share_widget xs_share_url after_content \t\tmain_content  wslu-style-1 wslu-share-box-shaped wslu-fill-colored wslu-none wslu-share-horizontal wslu-theme-font-no wslu-main_content\">\n\n\t\t\n        <ul>\n\t\t\t        <\/ul>\n    <\/div>","protected":false},"excerpt":{"rendered":"<div class=\"product-short-description\">Guantes de cuero 0.7mm sint\u00e9tico Ultra-Suede Material de cuero para la fabricaci\u00f3n de guantes de seguridad WINIW 0.7mm sint\u00e9tico Ultra-Suede Material de cuero para la fabricaci\u00f3n de guantes de seguridad Las caracter\u00edsticas clave incluyen.Ideal para aquellos que buscan calidad y fiabilidad.<\/p>\n<p>Como f\u00e1brica directa, fabricante y mayorista, podemos controlar estrictamente el proceso de producci\u00f3n para garantizar la calidad del producto y, al mismo tiempo, ofrecerle los precios m\u00e1s favorables. Contamos con equipos de producci\u00f3n avanzados y un equipo t\u00e9cnico profesional para satisfacer sus necesidades de pedidos a gran escala y garantizar una entrega puntual.<\/p>\n<\/div>","protected":false},"featured_media":6065,"template":"","meta":[],"product_brand":[],"product_cat":[308],"product_tag":[19363],"class_list":{"0":"post-29793","1":"product","2":"type-product","3":"status-publish","4":"has-post-thumbnail","6":"product_cat-gloves-leather","7":"product_tag-nappa-leather-material-customnappa-leather-material-makernappa-leather-material-vendornappa-leather-material-chinanappa-leather-material-sourcingnappa-leather-material-companies","9":"first","10":"instock","11":"product-type-simple"},"_links":{"self":[{"href":"https:\/\/www.eco-leather.com\/es\/wp-json\/wp\/v2\/product\/29793","targetHints":{"allow":["GET"]}}],"collection":[{"href":"https:\/\/www.eco-leather.com\/es\/wp-json\/wp\/v2\/product"}],"about":[{"href":"https:\/\/www.eco-leather.com\/es\/wp-json\/wp\/v2\/types\/product"}],"wp:featuredmedia":[{"embeddable":true,"href":"https:\/\/www.eco-leather.com\/es\/wp-json\/wp\/v2\/media\/6065"}],"wp:attachment":[{"href":"https:\/\/www.eco-leather.com\/es\/wp-json\/wp\/v2\/media?parent=29793"}],"wp:term":[{"taxonomy":"product_brand","embeddable":true,"href":"https:\/\/www.eco-leather.com\/es\/wp-json\/wp\/v2\/product_brand?post=29793"},{"taxonomy":"product_cat","embeddable":true,"href":"https:\/\/www.eco-leather.com\/es\/wp-json\/wp\/v2\/product_cat?post=29793"},{"taxonomy":"product_tag","embeddable":true,"href":"https:\/\/www.eco-leather.com\/es\/wp-json\/wp\/v2\/product_tag?post=29793"}],"curies":[{"name":"wp","href":"https:\/\/api.w.org\/{rel}","templated":true}]}}