{"id":29790,"date":"2025-09-07T11:06:33","date_gmt":"2025-09-07T03:06:33","guid":{"rendered":"https:\/\/www.eco-leather.com\/product\/0-7mm-synthetic-micro-suede-leather-fabric-for-making-golf-gloves\/"},"modified":"2025-09-08T11:54:29","modified_gmt":"2025-09-08T03:54:29","slug":"0-7mm-tejido-de-piel-sintetica-de-micro-ante-para-la-confeccion-de-guantes-de-golf","status":"publish","type":"product","link":"https:\/\/www.eco-leather.com\/es\/0-7mm-tejido-de-piel-sintetica-de-micro-ante-para-la-confeccion-de-guantes-de-golf\/","title":{"rendered":"Tejido de piel sint\u00e9tica de microgamuza de 0,7 mm para fabricar guantes de golf"},"content":{"rendered":"<h2>0.7mm Micro-Suede sint\u00e9tico de cuero de tela para la fabricaci\u00f3n de guantes de golf<\/h2>\n<p>&nbsp;<\/p>\n<section id=\"product-overview\">\n<h2>Descripci\u00f3n del producto<\/h2>\n<p>producto <strong>Tela impermeable para sof\u00e1s<\/strong> descripci\u00f3n<\/p>\n<p>Fabricados con materiales de microfibra de alta calidad, nuestros guantes de piel sint\u00e9tica de microfibra Ultrasuede de 0,7 mm son la elecci\u00f3n perfecta para el ciclismo. Equilibra flexibilidad y resistencia, y ofrece una transpirabilidad excepcional y propiedades de evacuaci\u00f3n de la humedad para mantener las manos frescas y secas durante salidas intensas.<\/p>\n<p>Tanto si eres un ciclista profesional como si te dedicas al ocio, la piel de microfibra este material proporciona una comodidad y una protecci\u00f3n insuperables. Su gran resistencia a las abrasiones y los desgarros garantiza un rendimiento duradero, mientras que su elegante dise\u00f1o a\u00f1ade un toque sofisticado a cualquier conjunto ciclista.<\/p>\n<\/section>\n<section id=\"specifications\">\n<h2>Par\u00e1metros t\u00e9cnicos<\/h2>\n<ul>\n<li><span class=\"param-name\">par\u00e1metro <strong>Automotive LeatherSeats Service Dog<\/strong> Material:<\/span> microfibra + PU. color: Negro, Gris, Beige. Espesor 0,6mm, 0,7mm, 0,8mm, 1mm.<\/li>\n<li><span class=\"param-name\">Cantidad m\u00ednima de pedido:<\/span> 300 metros lineales. Longitud del rollo: 20-30m\/rollo plazo de entrega: 15-20 d\u00edas. anchura: 54 , 137cm Capacidad de producci\u00f3n: 1.000.000 metros mensuales.<\/li>\n<\/ul>\n<p><img decoding=\"async\" class=\"product-image\" src=\"\/wp-content\/uploads\/2025\/08\/07mm-ultrasuede-microfiber-faux-leather-for-cycling-gloves--37881.jpg\" alt=\"Piel sint\u00e9tica de microfibra de 0,7 mm Ultrasuede para guantes de ciclismo - Especificaci\u00f3n del material\" \/><\/p>\n<h3>Par\u00e1metros del producto<\/h3>\n<ul class=\"parameters-list\">\n<li><span class=\"param-name\">Material:<\/span> Microfibra + PU<\/li>\n<li><span class=\"param-name\">Color:<\/span> Negro, gris, beige (colores personalizados disponibles)<\/li>\n<li><span class=\"param-name\">Grosor:<\/span> 0,6 mm, 0,7 mm, 0,8 mm, 1 mm<\/li>\n<li><span class=\"param-name\">Cantidad m\u00ednima de pedido:<\/span> 300 metros lineales<\/li>\n<li><span class=\"param-name\">Longitud del rollo:<\/span> 20-30 m\/rollo<\/li>\n<li><span class=\"param-name\">Plazo de entrega:<\/span> 15-20 d\u00edas<\/li>\n<li><span class=\"param-name\">Anchura:<\/span> 54\u2033, 137cm<\/li>\n<li><span class=\"param-name\">Capacidad de producci\u00f3n:<\/span> 1.000.000 de metros mensuales<\/li>\n<\/ul>\n<\/section>\n<section id=\"features\">\n<h2>Caracter\u00edsticas del producto<\/h2>\n<div class=\"feature-item\"><img decoding=\"async\" class=\"feature-image left\" src=\"\/wp-content\/uploads\/2025\/08\/-07mm-synthetic-micro-suede-leather-fabric-for-making-golf-gloves-37794.jpg\" alt=\"Spray impermeable para cuero TheSuede0\" \/><\/p>\n<h3>En <strong>Spray Impermeable Piel de Ante<\/strong> 0<\/h3>\n<p>En <strong>Spray Impermeable Piel de Ante<\/strong> El tejido de piel sint\u00e9tica de microgamuza de 0,7 mm presenta una textura superficial \u00fanica que proporciona una tracci\u00f3n y un agarre excelentes. Esta textura tambi\u00e9n ayuda a evitar que la mano resbale, incluso en condiciones h\u00famedas o mojadas.<\/p>\n<div class=\"clear\"><\/div>\n<\/div>\n<div class=\"feature-item\"><img decoding=\"async\" class=\"feature-image left\" src=\"\/wp-content\/uploads\/2025\/08\/-07mm-synthetic-micro-suede-leather-fabric-for-making-golf-gloves-37795.jpg\" alt=\"La textura tambi\u00e9n a\u00f1ade un aspecto elegante y con estilo a los guantes de golf, haci\u00e9ndolos destacar en el campo de golf.\" \/><\/p>\n<h3>La textura tambi\u00e9n a\u00f1ade un aspecto elegante y con estilo a los guantes de golf, haci\u00e9ndolos destacar en el campo de golf.<\/h3>\n<p>La textura tambi\u00e9n a\u00f1ade un aspecto elegante y con estilo a los guantes de golf, haci\u00e9ndolos destacar en el campo de golf.<\/p>\n<div class=\"clear\"><\/div>\n<\/div>\n<div class=\"feature-item\"><img decoding=\"async\" class=\"feature-image left\" src=\"\/wp-content\/uploads\/2025\/08\/07mm-ultrasuede-microfiber-faux-leather-for-cycling-gloves--37882.jpg\" alt=\"Alta resistencia al desgarro - Ultrasuede Microfibra Faux Leather para guantes de ciclismo\" \/><\/p>\n<h3>Alta resistencia al desgarro<\/h3>\n<p>Nuestra piel de microfibra Ultrasuede presenta una excepcional resistencia al desgarro, lo que garantiza que no se romper\u00e1 ni deformar\u00e1 f\u00e1cilmente bajo tensi\u00f3n. Esto la hace ideal para productos que requieren durabilidad y rendimiento a largo plazo.<\/p>\n<div class=\"clear\"><\/div>\n<\/div>\n<div class=\"feature-item\"><img decoding=\"async\" class=\"feature-image right\" src=\"\/wp-content\/uploads\/2025\/08\/07mm-ultrasuede-microfiber-faux-leather-for-cycling-gloves--37883.jpg\" alt=\"Retenci\u00f3n de la forma - Piel sint\u00e9tica de microfibra Ultrasuede para guantes de ciclismo\" \/><\/p>\n<h3>No es f\u00e1cil de deformar<\/h3>\n<p>Especialmente tratado para mantener su forma original, este material ofrece una excelente elasticidad y estabilidad. Resiste la deformaci\u00f3n por presi\u00f3n externa o estiramiento, manteniendo los productos intactos y atractivos a lo largo del tiempo.<\/p>\n<div class=\"clear\"><\/div>\n<\/div>\n<div class=\"feature-item\"><img decoding=\"async\" class=\"feature-image left\" src=\"\/wp-content\/uploads\/2025\/08\/07mm-ultrasuede-microfiber-faux-leather-for-cycling-gloves--37884.jpg\" alt=\"Durabilidad - Piel sint\u00e9tica de microfibra Ultrasuede para guantes de ciclismo\" \/><\/p>\n<h3>Durabilidad<\/h3>\n<p>Extremadamente resistente a la abrasi\u00f3n, los desgarros y los pinchazos, este material garantiza que los guantes se mantengan en \u00f3ptimas condiciones incluso con un uso prolongado. Tambi\u00e9n mantiene una excelente destreza y resistencia para art\u00edculos de piel de alta calidad.<\/p>\n<div class=\"clear\"><\/div>\n<\/div>\n<\/section>\n<section id=\"usage\">\n<h2>Uso y aplicaciones<\/h2>\n<p><img fetchpriority=\"high\" decoding=\"async\" src=\"\/wp-content\/uploads\/2025\/08\/-07mm-synthetic-micro-suede-leather-fabric-for-making-golf-gloves-37793.jpg\" alt=\"0.7mm Micro-Suede sint\u00e9tico de cuero de tela para la fabricaci\u00f3n de guantes de golf\" width=\"400\" height=\"318\" \/><\/p>\n<div class=\"usage-point\">\n<h3>En <strong>Distribuidores de tejidos para bolsas<\/strong> 0<\/h3>\n<p>En <strong>Distribuidores de tejidos para bolsas<\/strong> El tejido de piel sint\u00e9tica de microgamuza de 0,7 mm es un material de vanguardia utilizado para fabricar guantes de golf de alta calidad. Es un producto excepcional que est\u00e1 dise\u00f1ado para proporcionar a los golfistas un agarre c\u00f3modo y duradero de sus palos.<\/p>\n<\/div>\n<div class=\"usage-point\">\n<h3>El tejido est\u00e1 fabricado con materiales de microfibra sint\u00e9tica, que se entretejen en un material muy duradero, resistente y flexible que proporciona una comodidad y un agarre incomparables<\/h3>\n<p>El tejido est\u00e1 fabricado con materiales de microfibra sint\u00e9tica, que se entretejen en un material muy duradero, resistente y flexible que proporciona una comodidad y un agarre inigualables. El sitio <strong>Piel importada<\/strong> Las fibras ultrafinas utilizadas en el tejido lo hacen suave, c\u00f3modo y ligero, lo que lo convierte en una opci\u00f3n ideal para los golfistas profesionales.<\/p>\n<\/div>\n<div class=\"usage-point\">\n<h3>Este tejido superior es perfecto para los guantes de golf, ya que proporciona una excelente gesti\u00f3n de la humedad, manteniendo las manos secas y c\u00f3modas, incluso en los d\u00edas m\u00e1s calurosos.<\/h3>\n<p>Este tejido superior es perfecto para los guantes de golf, ya que proporciona una excelente gesti\u00f3n de la humedad, manteniendo las manos secas y c\u00f3modas, incluso en los d\u00edas m\u00e1s calurosos. Adem\u00e1s, la avanzada tecnolog\u00eda del tejido le permite conservar su forma y textura incluso despu\u00e9s de un uso repetido, lo que garantiza que tus guantes tendr\u00e1n un aspecto estupendo y proporcionar\u00e1n un agarre excelente durante temporadas.<\/p>\n<\/div>\n<div class=\"usage-point\">\n<h3>C\u00f3modo y transpirable<\/h3>\n<p>Suave, c\u00f3modo y muy transpirable, este material es perfecto para guantes de ciclismo y otros productos que se utilizan durante periodos prolongados. Mantiene las manos frescas y secas durante actividades extenuantes.<\/p>\n<\/div>\n<div class=\"usage-point\">\n<h3>Ecol\u00f3gico y sostenible<\/h3>\n<p>Nuestra piel sint\u00e9tica de microfibra Ultrasuede incluye opciones respetuosas con el medio ambiente, como las variantes fabricadas con PET reciclado y materiales de origen vegetal, que reducen el impacto medioambiental a la vez que ofrecen diversas texturas.<\/p>\n<\/div>\n<div class=\"usage-point\">\n<h3>Protecci\u00f3n antibacterias y antipolvo<\/h3>\n<p>Las variantes seleccionadas presentan propiedades antibacterianas y resistentes al polvo, por lo que cumplen elevadas normas de higiene ideales para guantes que requieren estrictos controles de calidad y seguridad.<\/p>\n<\/div>\n<div class=\"usage-point\">\n<h3>Diversos escenarios de aplicaci\u00f3n<\/h3>\n<p>Adem\u00e1s de guantes de ciclismo, es adecuado para guantes de dedos, guantes de seguridad y otros tipos de guantes, as\u00ed como calzado, ropa y accesorios.<\/p>\n<\/div>\n<p><img decoding=\"async\" class=\"product-image\" src=\"\/wp-content\/uploads\/2025\/08\/07mm-ultrasuede-microfiber-faux-leather-for-cycling-gloves--37885.jpg\" alt=\"Aplicaciones de la piel sint\u00e9tica de microfibra Ultrasuede de 0,7 mm en diversos productos\" \/><br \/>\n<img decoding=\"async\" class=\"product-image\" src=\"\/wp-content\/uploads\/2025\/08\/07mm-ultrasuede-microfiber-faux-leather-for-cycling-gloves--37886.jpg\" alt=\"Guantes de ciclismo de piel de microfibra Ultrasuede - ejemplo de producto\" \/><\/p>\n<\/section>\n<section id=\"why-choose-us\">\n<h2>Por qu\u00e9 elegir WINIW<\/h2>\n<div class=\"advantage-item\">\n<h3>En resumen, el 0<\/h3>\n<p>En resumen, el tejido de piel sint\u00e9tica de microgamuza de 0,7 mm para fabricar guantes de golf es una excelente elecci\u00f3n para los golfistas que desean mejorar su juego. Su tecnolog\u00eda avanzada, su rendimiento superior y su calidad superior lo convierten en un art\u00edculo imprescindible para cualquiera que se tome este deporte en serio. Tanto si es un golfista profesional como un jugador recreativo, este tejido le proporcionar\u00e1 un guante de golf c\u00f3modo, duradero y de alto rendimiento que le ayudar\u00e1 a jugar lo mejor posible.<\/p>\n<\/div>\n<div class=\"advantage-item\">\n<h3>Garant\u00eda de calidad<\/h3>\n<p>Aplicamos un estricto control de calidad en toda la cadena de producci\u00f3n y suministro, cumpliendo las normas ISO9001. Desde la selecci\u00f3n de materias primas hasta la inspecci\u00f3n final, damos prioridad a los intereses del cliente.<\/p>\n<\/div>\n<div class=\"advantage-item\">\n<h3>Equipo t\u00e9cnico profesional<\/h3>\n<p>Nuestro equipo t\u00e9cnico especializado est\u00e1 formado por profesionales con experiencia en diversos campos, dedicados a suministrar productos de alta calidad y soluciones a medida.<\/p>\n<\/div>\n<div class=\"advantage-item\">\n<h3>Amplia gama de aplicaciones<\/h3>\n<p>Nuestros materiales se utilizan ampliamente en calzado, ropa, maletas, interiores de autom\u00f3viles, muebles de sof\u00e1, etc.<\/p>\n<\/div>\n<div class=\"advantage-item\">\n<h3>Una rica experiencia<\/h3>\n<p>Quanzhou WINIW Import &amp; Export Co., Ltd. cuenta con m\u00e1s de 20 a\u00f1os de experiencia en producci\u00f3n, ofreciendo soluciones perfectas para clientes de todo el mundo.<\/p>\n<\/div>\n<div class=\"advantage-item\">\n<h3>Precio asequible<\/h3>\n<p>Ofrecemos precios competitivos y un excelente servicio de atenci\u00f3n al cliente. Solicite un cat\u00e1logo o visite nuestra f\u00e1brica para explorar nuestros productos.<\/p>\n<\/div>\n<div class=\"advantage-item\">\n<h3>Servicio de atenci\u00f3n al cliente en l\u00ednea 24 horas<\/h3>\n<p>Nuestro equipo est\u00e1 disponible 24 horas al d\u00eda, 7 d\u00edas a la semana, para responder a las consultas y atender los comentarios con prontitud.<\/p>\n<\/div>\n<p><img decoding=\"async\" class=\"product-image\" src=\"\/wp-content\/uploads\/2025\/08\/07mm-ultrasuede-microfiber-faux-leather-for-cycling-gloves--37888.jpg\" alt=\"Planta de producci\u00f3n WINIW - Proceso de fabricaci\u00f3n de piel de microfibra Ultrasuede\" \/><\/p>\n<\/section>\n<p>&nbsp;<\/p>\n<section id=\"inquiry\">\n<h2 style=\"text-align: center;\">Esperamos su consulta.<\/h2>\n<p style=\"text-align: center;\">P\u00f3ngase en contacto con nosotros hoy mismo para obtener m\u00e1s informaci\u00f3n sobre nuestros productos y realizar su pedido.<\/p>\n<\/section>\n\n    <div class=\"xs_social_share_widget xs_share_url after_content \t\tmain_content  wslu-style-1 wslu-share-box-shaped wslu-fill-colored wslu-none wslu-share-horizontal wslu-theme-font-no wslu-main_content\">\n\n\t\t\n        <ul>\n\t\t\t        <\/ul>\n    <\/div>","protected":false},"excerpt":{"rendered":"<div class=\"product-short-description\">Guantes de cuero 0.7mm Micro-Suede sint\u00e9tico tejido de cuero para la fabricaci\u00f3n de guantes de golf WINIW 0.7mm Micro-Suede sint\u00e9tico tejido de cuero para la fabricaci\u00f3n de guantes de golf Las caracter\u00edsticas clave incluyen.Ideal para aquellos que buscan calidad y fiabilidad.<\/p>\n<p>Como f\u00e1brica directa, fabricante y mayorista, podemos controlar estrictamente el proceso de producci\u00f3n para garantizar la calidad del producto y, al mismo tiempo, ofrecerle los precios m\u00e1s favorables. Contamos con equipos de producci\u00f3n avanzados y un equipo t\u00e9cnico profesional para satisfacer sus necesidades de pedidos a gran escala y garantizar una entrega puntual.<\/p>\n<\/div>","protected":false},"featured_media":18699,"template":"","meta":[],"product_brand":[],"product_cat":[308],"product_tag":[],"class_list":{"0":"post-29790","1":"product","2":"type-product","3":"status-publish","4":"has-post-thumbnail","6":"product_cat-gloves-leather","8":"first","9":"instock","10":"product-type-simple"},"_links":{"self":[{"href":"https:\/\/www.eco-leather.com\/es\/wp-json\/wp\/v2\/product\/29790","targetHints":{"allow":["GET"]}}],"collection":[{"href":"https:\/\/www.eco-leather.com\/es\/wp-json\/wp\/v2\/product"}],"about":[{"href":"https:\/\/www.eco-leather.com\/es\/wp-json\/wp\/v2\/types\/product"}],"wp:featuredmedia":[{"embeddable":true,"href":"https:\/\/www.eco-leather.com\/es\/wp-json\/wp\/v2\/media\/18699"}],"wp:attachment":[{"href":"https:\/\/www.eco-leather.com\/es\/wp-json\/wp\/v2\/media?parent=29790"}],"wp:term":[{"taxonomy":"product_brand","embeddable":true,"href":"https:\/\/www.eco-leather.com\/es\/wp-json\/wp\/v2\/product_brand?post=29790"},{"taxonomy":"product_cat","embeddable":true,"href":"https:\/\/www.eco-leather.com\/es\/wp-json\/wp\/v2\/product_cat?post=29790"},{"taxonomy":"product_tag","embeddable":true,"href":"https:\/\/www.eco-leather.com\/es\/wp-json\/wp\/v2\/product_tag?post=29790"}],"curies":[{"name":"wp","href":"https:\/\/api.w.org\/{rel}","templated":true}]}}