{"id":29729,"date":"2025-09-07T11:06:01","date_gmt":"2025-09-07T03:06:01","guid":{"rendered":"https:\/\/www.eco-leather.com\/product\/0-6mm-microsuede-suede-faux-leather-textile-material-for-safety-gloves\/"},"modified":"2025-09-07T11:06:06","modified_gmt":"2025-09-07T03:06:06","slug":"0-6mm-microsuede-suede-faux-leather-material-textil-para-guantes-de-seguridad","status":"publish","type":"product","link":"https:\/\/www.eco-leather.com\/es\/0-6mm-microsuede-suede-faux-leather-material-textil-para-guantes-de-seguridad\/","title":{"rendered":"0.6mm Microsuede Suede Faux Leather Material Textil Para Guantes De Seguridad"},"content":{"rendered":"<h2>0.6mm Microsuede Suede Faux Leather Material Textil Para Guantes de Seguridad detalles<\/h2>\n<p><main><\/p>\n<section id=\"product-overview\">\n<h2>Descripci\u00f3n del producto<\/h2>\n<p>producto <strong>Soluci\u00f3n material para asientos de coche<\/strong> descripci\u00f3n<\/p>\n<p>Fabricados con materiales de microfibra de alta calidad, nuestros guantes de piel sint\u00e9tica de microfibra Ultrasuede de 0,7 mm son la elecci\u00f3n perfecta para el ciclismo. Equilibra flexibilidad y resistencia, y ofrece una transpirabilidad excepcional y propiedades de evacuaci\u00f3n de la humedad para mantener las manos frescas y secas durante salidas intensas.<\/p>\n<p>Tanto si eres un ciclista profesional como si te dedicas al ocio, la piel de microfibra este material proporciona una comodidad y una protecci\u00f3n insuperables. Su gran resistencia a las abrasiones y los desgarros garantiza un rendimiento duradero, mientras que su elegante dise\u00f1o a\u00f1ade un toque sofisticado a cualquier conjunto ciclista.<\/p>\n<\/section>\n<section id=\"specifications\">\n<h2>Par\u00e1metros t\u00e9cnicos<\/h2>\n<ul class_=\"parameters-list\">\n<li><span class=\"param-name\">par\u00e1metro <strong>Cajas de piel sint\u00e9tica China<\/strong> Material:<\/span> microfibra + PU. color: Negro, Gris, Beige. Espesor 0,6mm, 0,7mm, 0,8mm, 1mm.<\/li>\n<li><span class=\"param-name\">Cantidad m\u00ednima de pedido:<\/span> 300 metros lineales. Longitud del rollo: 20-30m\/rollo plazo de entrega: 15-20 d\u00edas. anchura: 54 , 137cm Capacidad de producci\u00f3n: 1.000.000 metros mensuales.<\/li>\n<\/ul>\n<p><img decoding=\"async\" alt=\"Piel sint\u00e9tica de microfibra de 0,7 mm Ultrasuede para guantes de ciclismo - Especificaci\u00f3n del material\" class=\"product-image\" src=\"\/wp-content\/uploads\/2025\/08\/07mm-ultrasuede-microfiber-faux-leather-for-cycling-gloves--37881.jpg\"\/><\/p>\n<h3>Par\u00e1metros del producto<\/h3>\n<ul class=\"parameters-list\">\n<li><span class=\"param-name\">Material:<\/span> Microfibra + PU<\/li>\n<li><span class=\"param-name\">Color:<\/span> Negro, gris, beige (colores personalizados disponibles)<\/li>\n<li><span class=\"param-name\">Grosor:<\/span> 0,6 mm, 0,7 mm, 0,8 mm, 1 mm<\/li>\n<li><span class=\"param-name\">Cantidad m\u00ednima de pedido:<\/span> 300 metros lineales<\/li>\n<li><span class=\"param-name\">Longitud del rollo:<\/span> 20-30 m\/rollo<\/li>\n<li><span class=\"param-name\">Plazo de entrega:<\/span> 15-20 d\u00edas<\/li>\n<li><span class=\"param-name\">Anchura:<\/span> 54\u2033, 137cm<\/li>\n<li><span class=\"param-name\">Capacidad de producci\u00f3n:<\/span> 1.000.000 de metros mensuales<\/li>\n<\/ul>\n<\/section>\n<section id=\"features\">\n<h2>Caracter\u00edsticas del producto<\/h2>\n<div class=\"feature-item\">\n<img decoding=\"async\" alt=\"Fabricada artesanalmente con los materiales m\u00e1s finos y avanzados, nuestra piel sint\u00e9tica de ante microsuede ofrece una resistencia y una protecci\u00f3n incomparables.\" class=\"feature-image left\" src=\"\/wp-content\/uploads\/2025\/08\/06mm-microsuede-suede-faux-leather-textile-material-for-safety-gloves-37237.jpg\"\/><\/p>\n<h3>Elaborado <strong>Servicio de material de cuero impermeable<\/strong> de los materiales m\u00e1s finos y avanzados, nuestra piel sint\u00e9tica de ante microsuede ofrece una resistencia y una protecci\u00f3n inigualables<\/h3>\n<p>Elaborado <strong>Servicio de material de cuero impermeable<\/strong> Procedente de los materiales m\u00e1s finos y avanzados, nuestra piel sint\u00e9tica de ante microsuede ofrece una resistencia y una protecci\u00f3n inigualables. Con un grosor de 0,6 mm, este material es perfecto para guantes que requieren robustez y resistencia.<\/p>\n<div class=\"clear\"><\/div>\n<\/div>\n<div class=\"feature-item\">\n<img decoding=\"async\" alt=\"Puede confiar en ella para proteger sus manos de materiales peligrosos, objetos afilados y productos qu\u00edmicos nocivos.\" class=\"feature-image left\" src=\"\/wp-content\/uploads\/2025\/08\/06mm-microsuede-suede-faux-leather-textile-material-for-safety-gloves-37238.jpg\"\/><\/p>\n<h3>Puede confiar en ella para proteger sus manos de materiales peligrosos, objetos afilados y productos qu\u00edmicos nocivos.<\/h3>\n<p>Puede confiar en ella para proteger sus manos de materiales peligrosos, objetos afilados y productos qu\u00edmicos nocivos. Un <strong>Piel sint\u00e9tica impermeable Personalizar<\/strong> Una de las caracter\u00edsticas \u00fanicas de este material es su textura suave y lujosa, que contribuye a su est\u00e9tica general.<\/p>\n<div class=\"clear\"><\/div>\n<\/div>\n<div class=\"feature-item\">\n<img decoding=\"async\" alt=\"La piel sint\u00e9tica de ante microsuede es perfecta para los guantes de seguridad que requieren tanto funcionalidad como estilo\" class=\"feature-image left\" src=\"\/wp-content\/uploads\/2025\/08\/06mm-microsuede-suede-faux-leather-textile-material-for-safety-gloves-37239.jpg\"\/><\/p>\n<h3>La piel sint\u00e9tica de ante microsuede es perfecta para los guantes de seguridad que requieren tanto funcionalidad como estilo<\/h3>\n<p>La piel sint\u00e9tica de ante microsuede es perfecta para los guantes de seguridad que requieren funcionalidad y estilo. Tanto si trabajas en un entorno peligroso como si participas en actividades al aire libre, nuestro material har\u00e1 que te veas y te sientas genial.<\/p>\n<div class=\"clear\"><\/div>\n<\/div>\n<div class=\"feature-item\">\n<img decoding=\"async\" alt=\"EnWaterproof Leather Fabric Odmhsasconclusi\u00f3n, el 0\" class=\"feature-image left\" src=\"\/wp-content\/uploads\/2025\/08\/06mm-microsuede-suede-faux-leather-textile-material-for-safety-gloves-37240.jpg\"\/><\/p>\n<h3>En <strong>Piel Impermeable Tejido Odmhsas<\/strong> conclusi\u00f3n, el 0<\/h3>\n<p>En <strong>Piel Impermeable Tejido Odmhsas<\/strong> conclusi\u00f3n, el material textil de imitaci\u00f3n de piel de ante Microsuede de 0,6 mm para guantes de seguridad es una excelente opci\u00f3n para cualquier persona que necesite guantes de protecci\u00f3n.<\/p>\n<div class=\"clear\"><\/div>\n<\/div>\n<div class=\"feature-item\">\n<img decoding=\"async\" alt=\"El material ofrece una incre\u00edble resistencia, comodidad y estilo, lo que lo convierte en un producto de primera categor\u00eda que cumplir\u00e1 y superar\u00e1 sus expectativas.\" class=\"feature-image left\" src=\"\/wp-content\/uploads\/2025\/08\/06mm-microsuede-suede-faux-leather-textile-material-for-safety-gloves-37241.jpg\"\/><\/p>\n<h3>El material ofrece una incre\u00edble resistencia, comodidad y estilo, lo que lo convierte en un producto de primera categor\u00eda que cumplir\u00e1 y superar\u00e1 sus expectativas.<\/h3>\n<p>El material ofrece una incre\u00edble resistencia, comodidad y estilo, lo que lo convierte en un producto de primera categor\u00eda que cumplir\u00e1 y superar\u00e1 sus expectativas. Invierta hoy en el nuestro y disfrute de sus ventajas durante a\u00f1os.<\/p>\n<div class=\"clear\"><\/div>\n<\/div>\n<div class=\"feature-item\">\n<img decoding=\"async\" alt=\"Alta resistencia al desgarro - Ultrasuede Microfibra Faux Leather para guantes de ciclismo\" class=\"feature-image left\" src=\"\/wp-content\/uploads\/2025\/08\/07mm-ultrasuede-microfiber-faux-leather-for-cycling-gloves--37882.jpg\"\/><\/p>\n<h3>Alta resistencia al desgarro<\/h3>\n<p>Nuestra piel de microfibra Ultrasuede presenta una excepcional resistencia al desgarro, lo que garantiza que no se romper\u00e1 ni deformar\u00e1 f\u00e1cilmente bajo tensi\u00f3n. Esto la hace ideal para productos que requieren durabilidad y rendimiento a largo plazo.<\/p>\n<div class=\"clear\"><\/div>\n<\/div>\n<div class=\"feature-item\">\n<img decoding=\"async\" alt=\"Retenci\u00f3n de la forma - Piel sint\u00e9tica de microfibra Ultrasuede para guantes de ciclismo\" class=\"feature-image right\" src=\"\/wp-content\/uploads\/2025\/08\/07mm-ultrasuede-microfiber-faux-leather-for-cycling-gloves--37883.jpg\"\/><\/p>\n<h3>No es f\u00e1cil de deformar<\/h3>\n<p>Especialmente tratado para mantener su forma original, este material ofrece una excelente elasticidad y estabilidad. Resiste la deformaci\u00f3n por presi\u00f3n externa o estiramiento, manteniendo los productos intactos y atractivos a lo largo del tiempo.<\/p>\n<div class=\"clear\"><\/div>\n<\/div>\n<div class=\"feature-item\">\n<img decoding=\"async\" alt=\"Durabilidad - Piel sint\u00e9tica de microfibra Ultrasuede para guantes de ciclismo\" class=\"feature-image left\" src=\"\/wp-content\/uploads\/2025\/08\/07mm-ultrasuede-microfiber-faux-leather-for-cycling-gloves--37884.jpg\"\/><\/p>\n<h3>Durabilidad<\/h3>\n<p>Extremadamente resistente a la abrasi\u00f3n, los desgarros y los pinchazos, este material garantiza que los guantes se mantengan en \u00f3ptimas condiciones incluso con un uso prolongado. Tambi\u00e9n mantiene una excelente destreza y resistencia para art\u00edculos de piel de alta calidad.<\/p>\n<div class=\"clear\"><\/div>\n<\/div>\n<\/section>\n<section id=\"why-choose-us\">\n<h2>Por qu\u00e9 elegir WINIW<\/h2>\n<div class=\"advantage-item\">\n<h3>Presentamos nuestro \u00faltimo producto: el 0<\/h3>\n<p>Presentamos nuestro \u00faltimo producto: \u00a1el material textil Microsuede Suede Faux Leather de 0,6 mm para guantes de seguridad! Estamos encantados de ofrecerle un material de alta calidad, duradero y muy funcional que es perfecto para una amplia gama de guantes de seguridad.<\/p>\n<\/div>\n<div class=\"advantage-item\">\n<h3>Nuestra piel sint\u00e9tica de ante microsuede tambi\u00e9n es f\u00e1cil de limpiar y mantener, lo que la convierte en una opci\u00f3n fiable y rentable a largo plazo.<\/h3>\n<p>Nuestra piel sint\u00e9tica de ante microsuede tambi\u00e9n es f\u00e1cil de limpiar y mantener, lo que la convierte en una opci\u00f3n fiable y rentable a largo plazo. No tienes que preocuparte por el desgaste, ya que conserva su calidad incluso despu\u00e9s de varios lavados.<\/p>\n<\/div>\n<div class=\"advantage-item\">\n<h3>Garant\u00eda de calidad<\/h3>\n<p>Aplicamos un estricto control de calidad en toda la cadena de producci\u00f3n y suministro, cumpliendo las normas ISO9001. Desde la selecci\u00f3n de materias primas hasta la inspecci\u00f3n final, damos prioridad a los intereses del cliente.<\/p>\n<\/div>\n<div class=\"advantage-item\">\n<h3>Equipo t\u00e9cnico profesional<\/h3>\n<p>Nuestro equipo t\u00e9cnico especializado est\u00e1 formado por profesionales con experiencia en diversos campos, dedicados a suministrar productos de alta calidad y soluciones a medida.<\/p>\n<\/div>\n<div class=\"advantage-item\">\n<h3>Amplia gama de aplicaciones<\/h3>\n<p>Nuestros materiales se utilizan ampliamente en calzado, ropa, maletas, interiores de autom\u00f3viles, muebles de sof\u00e1, etc.<\/p>\n<\/div>\n<div class=\"advantage-item\">\n<h3>Una rica experiencia<\/h3>\n<p>Quanzhou WINIW Import &amp; Export Co., Ltd. cuenta con m\u00e1s de 20 a\u00f1os de experiencia en producci\u00f3n, ofreciendo soluciones perfectas para clientes de todo el mundo.<\/p>\n<\/div>\n<div class=\"advantage-item\">\n<h3>Precio asequible<\/h3>\n<p>Ofrecemos precios competitivos y un excelente servicio de atenci\u00f3n al cliente. Solicite un cat\u00e1logo o visite nuestra f\u00e1brica para explorar nuestros productos.<\/p>\n<\/div>\n<div class=\"advantage-item\">\n<h3>Servicio de atenci\u00f3n al cliente en l\u00ednea 24 horas<\/h3>\n<p>Nuestro equipo est\u00e1 disponible 24 horas al d\u00eda, 7 d\u00edas a la semana, para responder a las consultas y atender los comentarios con prontitud.<\/p>\n<\/div>\n<p><img decoding=\"async\" alt=\"Planta de producci\u00f3n WINIW - Proceso de fabricaci\u00f3n de piel de microfibra Ultrasuede\" class=\"product-image\" src=\"\/wp-content\/uploads\/2025\/08\/07mm-ultrasuede-microfiber-faux-leather-for-cycling-gloves--37888.jpg\"\/><br \/>\n<\/section>\n<p><\/main><\/p>\n<section id=\"inquiry\">\n<h2 style=\"text-align: center;\">Esperamos su consulta.<\/h2>\n<p style=\"text-align: center;\">P\u00f3ngase en contacto con nosotros hoy mismo para obtener m\u00e1s informaci\u00f3n sobre nuestros productos y realizar su pedido.<\/p>\n<\/section>\n\n    <div class=\"xs_social_share_widget xs_share_url after_content \t\tmain_content  wslu-style-1 wslu-share-box-shaped wslu-fill-colored wslu-none wslu-share-horizontal wslu-theme-font-no wslu-main_content\">\n\n\t\t\n        <ul>\n\t\t\t        <\/ul>\n    <\/div>","protected":false},"excerpt":{"rendered":"<div class=\"product-short-description\">Guantes de Cuero 0.6mm Microsuede Suede Faux Leather Material Textil Para Guantes de Seguridad WINIW 0.6mm Microsuede Suede Faux Leather Material Textil Para Guantes de Seguridad Las caracter\u00edsticas clave incluyen.Ideal para aquellos que buscan calidad y fiabilidad.<\/p>\n<p>Como f\u00e1brica directa, fabricante y mayorista, podemos controlar estrictamente el proceso de producci\u00f3n para garantizar la calidad del producto y, al mismo tiempo, ofrecerle los precios m\u00e1s favorables. Contamos con equipos de producci\u00f3n avanzados y un equipo t\u00e9cnico profesional para satisfacer sus necesidades de pedidos a gran escala y garantizar una entrega puntual.<\/p>\n<\/div>","protected":false},"featured_media":5933,"template":"","meta":[],"product_brand":[],"product_cat":[308],"product_tag":[19327],"class_list":{"0":"post-29729","1":"product","2":"type-product","3":"status-publish","4":"has-post-thumbnail","6":"product_cat-gloves-leather","7":"product_tag-faux-leather-bikinifaux-leather-binfaux-leather-binderfaux-leather-bootfaux-leather-briefcasefaux-leather-chaise","9":"first","10":"instock","11":"product-type-simple"},"_links":{"self":[{"href":"https:\/\/www.eco-leather.com\/es\/wp-json\/wp\/v2\/product\/29729","targetHints":{"allow":["GET"]}}],"collection":[{"href":"https:\/\/www.eco-leather.com\/es\/wp-json\/wp\/v2\/product"}],"about":[{"href":"https:\/\/www.eco-leather.com\/es\/wp-json\/wp\/v2\/types\/product"}],"wp:featuredmedia":[{"embeddable":true,"href":"https:\/\/www.eco-leather.com\/es\/wp-json\/wp\/v2\/media\/5933"}],"wp:attachment":[{"href":"https:\/\/www.eco-leather.com\/es\/wp-json\/wp\/v2\/media?parent=29729"}],"wp:term":[{"taxonomy":"product_brand","embeddable":true,"href":"https:\/\/www.eco-leather.com\/es\/wp-json\/wp\/v2\/product_brand?post=29729"},{"taxonomy":"product_cat","embeddable":true,"href":"https:\/\/www.eco-leather.com\/es\/wp-json\/wp\/v2\/product_cat?post=29729"},{"taxonomy":"product_tag","embeddable":true,"href":"https:\/\/www.eco-leather.com\/es\/wp-json\/wp\/v2\/product_tag?post=29729"}],"curies":[{"name":"wp","href":"https:\/\/api.w.org\/{rel}","templated":true}]}}