{"id":29708,"date":"2025-09-07T11:05:50","date_gmt":"2025-09-07T03:05:50","guid":{"rendered":"https:\/\/www.eco-leather.com\/product\/0-6mm-aesthetics-faux-pu-microfiber-leather-for-making-soccer\/"},"modified":"2025-09-07T11:05:54","modified_gmt":"2025-09-07T03:05:54","slug":"0-6mm-estetica-de-imitacion-pu-microfibra-de-cuero-para-la-fabricacion-de-futbol","status":"publish","type":"product","link":"https:\/\/www.eco-leather.com\/es\/0-6mm-estetica-de-imitacion-pu-microfibra-de-cuero-para-la-fabricacion-de-futbol\/","title":{"rendered":"0.6mm Est\u00e9tica de imitaci\u00f3n de cuero de microfibra de PU para la fabricaci\u00f3n de f\u00fatbol"},"content":{"rendered":"<h2>0.6mm Est\u00e9tica de imitaci\u00f3n de cuero de microfibra de PU para la fabricaci\u00f3n de proveedor de f\u00fatbol<\/h2>\n<p><main><\/p>\n<section id=\"product-overview\">\n<h2>Descripci\u00f3n del producto<\/h2>\n<p>producto <strong>Piel sint\u00e9tica Spandex<\/strong> descripci\u00f3n<\/p>\n<p>Con <strong>Cajas de piel sint\u00e9tica China<\/strong> Con un grosor de 0,6 mm, esta piel es el material ideal para crear balones de f\u00fatbol ligeros y resistentes a la vez. Su exclusiva mezcla de microfibra de PU de imitaci\u00f3n garantiza que ofrece un nivel superior de tracci\u00f3n y agarre, lo que facilita el control y las maniobras con el bal\u00f3n en el campo.<\/p>\n<p>Fabricados con materiales de microfibra de alta calidad, nuestros guantes de piel sint\u00e9tica de microfibra Ultrasuede de 0,7 mm son la elecci\u00f3n perfecta para el ciclismo. Equilibra flexibilidad y resistencia, y ofrece una transpirabilidad excepcional y propiedades de evacuaci\u00f3n de la humedad para mantener las manos frescas y secas durante salidas intensas.<\/p>\n<p>Tanto si eres un ciclista profesional como si te dedicas al ocio, la piel de microfibra este material proporciona una comodidad y una protecci\u00f3n insuperables. Su gran resistencia a las abrasiones y los desgarros garantiza un rendimiento duradero, mientras que su elegante dise\u00f1o a\u00f1ade un toque sofisticado a cualquier conjunto ciclista.<\/p>\n<\/section>\n<section id=\"specifications\">\n<h2>Par\u00e1metros t\u00e9cnicos<\/h2>\n<ul class_=\"parameters-list\">\n<li><span class=\"param-name\">par\u00e1metro <strong>Piel importada<\/strong> Material:<\/span> microfibra + PU. color: Negro, Gris, Beige, Marron, Vino, todos los colores disponibles Grosor 0.6mm,0.7mm,0.8mm,1ma,1.6mm Cantidad minima de pedido: 300 metros lineales.<\/li>\n<li><span class=\"param-name\">Longitud del rollo:<\/span> 20-30m\/rollo plazo de entrega: 15-20 d\u00edas. anchura: 54 , 137cm capacidad de producci\u00f3n: 1.000.000 metros mensuales.<\/li>\n<\/ul>\n<p><img decoding=\"async\" alt=\"Piel sint\u00e9tica de microfibra de 0,7 mm Ultrasuede para guantes de ciclismo - Especificaci\u00f3n del material\" class=\"product-image\" src=\"\/wp-content\/uploads\/2025\/08\/07mm-ultrasuede-microfiber-faux-leather-for-cycling-gloves--37881.jpg\"\/><\/p>\n<h3>Par\u00e1metros del producto<\/h3>\n<ul class=\"parameters-list\">\n<li><span class=\"param-name\">Material:<\/span> Microfibra + PU<\/li>\n<li><span class=\"param-name\">Color:<\/span> Negro, gris, beige (colores personalizados disponibles)<\/li>\n<li><span class=\"param-name\">Grosor:<\/span> 0,6 mm, 0,7 mm, 0,8 mm, 1 mm<\/li>\n<li><span class=\"param-name\">Cantidad m\u00ednima de pedido:<\/span> 300 metros lineales<\/li>\n<li><span class=\"param-name\">Longitud del rollo:<\/span> 20-30 m\/rollo<\/li>\n<li><span class=\"param-name\">Plazo de entrega:<\/span> 15-20 d\u00edas<\/li>\n<li><span class=\"param-name\">Anchura:<\/span> 54\u2033, 137cm<\/li>\n<li><span class=\"param-name\">Capacidad de producci\u00f3n:<\/span> 1.000.000 de metros mensuales<\/li>\n<\/ul>\n<\/section>\n<section id=\"features\">\n<h2>Caracter\u00edsticas del producto<\/h2>\n<div class=\"feature-item\">\n<img decoding=\"async\" alt=\"IntroducingWaterproof Faux Leathermanour est\u00e9tica de alta calidad Faux PU Microfibra de cuero la elecci\u00f3n perfecta para todas sus necesidades de fabricaci\u00f3n de f\u00fatbol\" class=\"feature-image left\" src=\"\/wp-content\/uploads\/2025\/08\/06mm-aesthetics-faux-pu-microfiber-leather-for-making-soccer-36999.jpg\"\/><\/p>\n<h3>Presentaci\u00f3n de <strong>Leatherman de imitaci\u00f3n impermeable<\/strong> nuestra piel sint\u00e9tica de microfibra PU de alta calidad es la elecci\u00f3n perfecta para todas sus necesidades de fabricaci\u00f3n de art\u00edculos de f\u00fatbol<\/h3>\n<p>Presentaci\u00f3n de <strong>Leatherman de imitaci\u00f3n impermeable<\/strong> nuestra piel de microfibra de PU sint\u00e9tica de alta calidad Aesthetics es la elecci\u00f3n perfecta para todas sus necesidades de fabricaci\u00f3n de botas de f\u00fatbol. Nuestra piel de primera calidad se fabrica con el m\u00e1ximo cuidado y precisi\u00f3n, garantizando que ofrezca una durabilidad insuperable a la vez que mantiene un aspecto elegante y estilizado.<\/p>\n<div class=\"clear\"><\/div>\n<\/div>\n<div class=\"feature-item\">\n<img decoding=\"async\" alt=\"Caracter\u00edstica principal\" class=\"feature-image left\" src=\"\/wp-content\/uploads\/2025\/08\/06mm-aesthetics-faux-pu-microfiber-leather-for-making-soccer-37000.jpg\"\/><\/p>\n<h3>Caracter\u00edstica principal<\/h3>\n<p>Detalles y caracter\u00edsticas del producto<\/p>\n<div class=\"clear\"><\/div>\n<\/div>\n<div class=\"feature-item\">\n<img decoding=\"async\" alt=\"Alta resistencia al desgarro - Ultrasuede Microfibra Faux Leather para guantes de ciclismo\" class=\"feature-image left\" src=\"\/wp-content\/uploads\/2025\/08\/07mm-ultrasuede-microfiber-faux-leather-for-cycling-gloves--37882.jpg\"\/><\/p>\n<h3>Alta resistencia al desgarro<\/h3>\n<p>Nuestra piel de microfibra Ultrasuede presenta una excepcional resistencia al desgarro, lo que garantiza que no se romper\u00e1 ni deformar\u00e1 f\u00e1cilmente bajo tensi\u00f3n. Esto la hace ideal para productos que requieren durabilidad y rendimiento a largo plazo.<\/p>\n<div class=\"clear\"><\/div>\n<\/div>\n<div class=\"feature-item\">\n<img decoding=\"async\" alt=\"Retenci\u00f3n de la forma - Piel sint\u00e9tica de microfibra Ultrasuede para guantes de ciclismo\" class=\"feature-image right\" src=\"\/wp-content\/uploads\/2025\/08\/07mm-ultrasuede-microfiber-faux-leather-for-cycling-gloves--37883.jpg\"\/><\/p>\n<h3>No es f\u00e1cil de deformar<\/h3>\n<p>Especialmente tratado para mantener su forma original, este material ofrece una excelente elasticidad y estabilidad. Resiste la deformaci\u00f3n por presi\u00f3n externa o estiramiento, manteniendo los productos intactos y atractivos a lo largo del tiempo.<\/p>\n<div class=\"clear\"><\/div>\n<\/div>\n<div class=\"feature-item\">\n<img decoding=\"async\" alt=\"Durabilidad - Piel sint\u00e9tica de microfibra Ultrasuede para guantes de ciclismo\" class=\"feature-image left\" src=\"\/wp-content\/uploads\/2025\/08\/07mm-ultrasuede-microfiber-faux-leather-for-cycling-gloves--37884.jpg\"\/><\/p>\n<h3>Durabilidad<\/h3>\n<p>Extremadamente resistente a la abrasi\u00f3n, los desgarros y los pinchazos, este material garantiza que los guantes se mantengan en \u00f3ptimas condiciones incluso con un uso prolongado. Tambi\u00e9n mantiene una excelente destreza y resistencia para art\u00edculos de piel de alta calidad.<\/p>\n<div class=\"clear\"><\/div>\n<\/div>\n<\/section>\n<section id=\"why-choose-us\">\n<h2>Por qu\u00e9 elegir WINIW<\/h2>\n<div class=\"advantage-item\">\n<h3>Adem\u00e1s, nuestra piel es resistente al agua y f\u00e1cil de limpiar, lo que le permite mantener su bal\u00f3n de f\u00fatbol en perfectas condiciones durante m\u00e1s tiempo.<\/h3>\n<p>Adem\u00e1s, nuestra piel es resistente al agua y f\u00e1cil de limpiar, lo que le permite mantener su bal\u00f3n de f\u00fatbol en las mejores condiciones durante m\u00e1s tiempo. Adem\u00e1s, con una amplia gama de colores y acabados para elegir, puede estar seguro de encontrar el tono perfecto para adaptarse a la marca de su equipo.<\/p>\n<\/div>\n<div class=\"advantage-item\">\n<h3>As\u00ed que, \u00bfpor qu\u00e9 esperar? Elija Aesthetics Faux PU Microfiber Leather para su pr\u00f3ximo proyecto de fabricaci\u00f3n de balones de f\u00fatbol y descubra la calidad y el rendimiento incomparables que ofrece.<\/h3>\n<p>As\u00ed que, \u00bfpor qu\u00e9 esperar? Elija Aesthetics Faux PU Microfiber Leather para su pr\u00f3ximo proyecto de fabricaci\u00f3n de balones de f\u00fatbol y descubra la calidad y el rendimiento incomparables que ofrece.<\/p>\n<\/div>\n<div class=\"advantage-item\">\n<h3>Garant\u00eda de calidad<\/h3>\n<p>Aplicamos un estricto control de calidad en toda la cadena de producci\u00f3n y suministro, cumpliendo las normas ISO9001. Desde la selecci\u00f3n de materias primas hasta la inspecci\u00f3n final, damos prioridad a los intereses del cliente.<\/p>\n<\/div>\n<div class=\"advantage-item\">\n<h3>Equipo t\u00e9cnico profesional<\/h3>\n<p>Nuestro equipo t\u00e9cnico especializado est\u00e1 formado por profesionales con experiencia en diversos campos, dedicados a suministrar productos de alta calidad y soluciones a medida.<\/p>\n<\/div>\n<div class=\"advantage-item\">\n<h3>Amplia gama de aplicaciones<\/h3>\n<p>Nuestros materiales se utilizan ampliamente en calzado, ropa, maletas, interiores de autom\u00f3viles, muebles de sof\u00e1, etc.<\/p>\n<\/div>\n<div class=\"advantage-item\">\n<h3>Una rica experiencia<\/h3>\n<p>Quanzhou WINIW Import &amp; Export Co., Ltd. cuenta con m\u00e1s de 20 a\u00f1os de experiencia en producci\u00f3n, ofreciendo soluciones perfectas para clientes de todo el mundo.<\/p>\n<\/div>\n<div class=\"advantage-item\">\n<h3>Precio asequible<\/h3>\n<p>Ofrecemos precios competitivos y un excelente servicio de atenci\u00f3n al cliente. Solicite un cat\u00e1logo o visite nuestra f\u00e1brica para explorar nuestros productos.<\/p>\n<\/div>\n<div class=\"advantage-item\">\n<h3>Servicio de atenci\u00f3n al cliente en l\u00ednea 24 horas<\/h3>\n<p>Nuestro equipo est\u00e1 disponible 24 horas al d\u00eda, 7 d\u00edas a la semana, para responder a las consultas y atender los comentarios con prontitud.<\/p>\n<\/div>\n<p><img decoding=\"async\" alt=\"Planta de producci\u00f3n WINIW - Proceso de fabricaci\u00f3n de piel de microfibra Ultrasuede\" class=\"product-image\" src=\"\/wp-content\/uploads\/2025\/08\/07mm-ultrasuede-microfiber-faux-leather-for-cycling-gloves--37888.jpg\"\/><br \/>\n<\/section>\n<p><\/main><\/p>\n<section id=\"inquiry\">\n<h2 style=\"text-align: center;\">Esperamos su consulta.<\/h2>\n<p style=\"text-align: center;\">P\u00f3ngase en contacto con nosotros hoy mismo para obtener m\u00e1s informaci\u00f3n sobre nuestros productos y realizar su pedido.<\/p>\n<\/section>\n\n    <div class=\"xs_social_share_widget xs_share_url after_content \t\tmain_content  wslu-style-1 wslu-share-box-shaped wslu-fill-colored wslu-none wslu-share-horizontal wslu-theme-font-no wslu-main_content\">\n\n\t\t\n        <ul>\n\t\t\t        <\/ul>\n    <\/div>","protected":false},"excerpt":{"rendered":"<div class=\"product-short-description\">Pelotas de cuero de 0,6 mm Est\u00e9tica de imitaci\u00f3n de cuero de microfibra de PU para la fabricaci\u00f3n de f\u00fatbol WINIW 0,6 mm Est\u00e9tica de imitaci\u00f3n de cuero de microfibra de PU para la fabricaci\u00f3n de f\u00fatbol Las caracter\u00edsticas clave incluyen.Ideal para aquellos que buscan calidad y fiabilidad.<\/p>\n<p>Como f\u00e1brica directa, fabricante y mayorista, podemos controlar estrictamente el proceso de producci\u00f3n para garantizar la calidad del producto y, al mismo tiempo, ofrecerle los precios m\u00e1s favorables. Contamos con equipos de producci\u00f3n avanzados y un equipo t\u00e9cnico profesional para satisfacer sus necesidades de pedidos a gran escala y garantizar una entrega puntual.<\/p>\n<\/div>","protected":false},"featured_media":5806,"template":"","meta":[],"product_brand":[],"product_cat":[271],"product_tag":[],"class_list":{"0":"post-29708","1":"product","2":"type-product","3":"status-publish","4":"has-post-thumbnail","6":"product_cat-balls-leather","8":"first","9":"instock","10":"product-type-simple"},"_links":{"self":[{"href":"https:\/\/www.eco-leather.com\/es\/wp-json\/wp\/v2\/product\/29708","targetHints":{"allow":["GET"]}}],"collection":[{"href":"https:\/\/www.eco-leather.com\/es\/wp-json\/wp\/v2\/product"}],"about":[{"href":"https:\/\/www.eco-leather.com\/es\/wp-json\/wp\/v2\/types\/product"}],"wp:featuredmedia":[{"embeddable":true,"href":"https:\/\/www.eco-leather.com\/es\/wp-json\/wp\/v2\/media\/5806"}],"wp:attachment":[{"href":"https:\/\/www.eco-leather.com\/es\/wp-json\/wp\/v2\/media?parent=29708"}],"wp:term":[{"taxonomy":"product_brand","embeddable":true,"href":"https:\/\/www.eco-leather.com\/es\/wp-json\/wp\/v2\/product_brand?post=29708"},{"taxonomy":"product_cat","embeddable":true,"href":"https:\/\/www.eco-leather.com\/es\/wp-json\/wp\/v2\/product_cat?post=29708"},{"taxonomy":"product_tag","embeddable":true,"href":"https:\/\/www.eco-leather.com\/es\/wp-json\/wp\/v2\/product_tag?post=29708"}],"curies":[{"name":"wp","href":"https:\/\/api.w.org\/{rel}","templated":true}]}}