{"id":29645,"date":"2025-09-07T11:05:19","date_gmt":"2025-09-07T03:05:19","guid":{"rendered":"https:\/\/www.eco-leather.com\/product\/1mm-high-tear-strength-pu-leather-for-key-tag-label\/"},"modified":"2025-09-07T11:05:22","modified_gmt":"2025-09-07T03:05:22","slug":"1mm-alta-resistencia-al-desgarro-pu-cuero-para-etiqueta-de-la-llave","status":"publish","type":"product","link":"https:\/\/www.eco-leather.com\/es\/1mm-alta-resistencia-al-desgarro-pu-cuero-para-etiqueta-de-la-llave\/","title":{"rendered":"1mm de alta resistencia al desgarro de cuero de Pu para la etiqueta de la llave"},"content":{"rendered":"<h2>1mm de alta resistencia al desgarro de cuero de la PU para la llave de la etiqueta de f\u00e1brica de etiquetas<\/h2>\n<p><main><\/p>\n<section id=\"product-overview\">\n<h2>Descripci\u00f3n del producto<\/h2>\n<p>producto <strong>Piel de pu estampada<\/strong> descripci\u00f3n<\/p>\n<p>Fabricados con materiales de microfibra de alta calidad, nuestros guantes de piel sint\u00e9tica de microfibra Ultrasuede de 0,7 mm son la elecci\u00f3n perfecta para el ciclismo. Equilibra flexibilidad y resistencia, y ofrece una transpirabilidad excepcional y propiedades de evacuaci\u00f3n de la humedad para mantener las manos frescas y secas durante salidas intensas.<\/p>\n<p>Tanto si eres un ciclista profesional como si te dedicas al ocio, la piel de microfibra este material proporciona una comodidad y una protecci\u00f3n insuperables. Su gran resistencia a las abrasiones y los desgarros garantiza un rendimiento duradero, mientras que su elegante dise\u00f1o a\u00f1ade un toque sofisticado a cualquier conjunto ciclista.<\/p>\n<\/section>\n<section id=\"specifications\">\n<h2>Par\u00e1metros t\u00e9cnicos<\/h2>\n<ul class_=\"parameters-list\">\n<li><span class=\"param-name\">par\u00e1metro <strong>Piel importada<\/strong> Material:<\/span> microfibra + PU. color: Negro, marr\u00f3n, colores personalizados. Espesor 0.8-2.00mm Cantidad m\u00ednima de pedido: 300 metros lineales.<\/li>\n<li><span class=\"param-name\">Longitud del rollo:<\/span> 20-30m\/rollo plazo de entrega: 15-20 d\u00edas. anchura: 54 , 137cm capacidad de producci\u00f3n: 1.000.000 metros mensuales.<\/li>\n<\/ul>\n<p><img decoding=\"async\" alt=\"Piel sint\u00e9tica de microfibra de 0,7 mm Ultrasuede para guantes de ciclismo - Especificaci\u00f3n del material\" class=\"product-image\" src=\"\/wp-content\/uploads\/2025\/08\/07mm-ultrasuede-microfiber-faux-leather-for-cycling-gloves--37881.jpg\"\/><\/p>\n<h3>Par\u00e1metros del producto<\/h3>\n<ul class=\"parameters-list\">\n<li><span class=\"param-name\">Material:<\/span> Microfibra + PU<\/li>\n<li><span class=\"param-name\">Color:<\/span> Negro, gris, beige (colores personalizados disponibles)<\/li>\n<li><span class=\"param-name\">Grosor:<\/span> 0,6 mm, 0,7 mm, 0,8 mm, 1 mm<\/li>\n<li><span class=\"param-name\">Cantidad m\u00ednima de pedido:<\/span> 300 metros lineales<\/li>\n<li><span class=\"param-name\">Longitud del rollo:<\/span> 20-30 m\/rollo<\/li>\n<li><span class=\"param-name\">Plazo de entrega:<\/span> 15-20 d\u00edas<\/li>\n<li><span class=\"param-name\">Anchura:<\/span> 54\u2033, 137cm<\/li>\n<li><span class=\"param-name\">Capacidad de producci\u00f3n:<\/span> 1.000.000 de metros mensuales<\/li>\n<\/ul>\n<\/section>\n<section id=\"features\">\n<h2>Caracter\u00edsticas del producto<\/h2>\n<div class=\"feature-item\">\n<img decoding=\"async\" alt=\"PresentamosPiel de ante impermeable de importaci\u00f3nla incre\u00edble piel de PU de 1 mm de alta resistencia al desgarro: \u00a1la elecci\u00f3n perfecta para cualquier etiqueta de llavero! Este incre\u00edble material de cuero cuenta con una durabilidad incre\u00edble y una alta resistencia al desgarro, lo que garantiza que su etiqueta de llavero no se da\u00f1ar\u00e1 ni se desgastar\u00e1 f\u00e1cilmente.\" class=\"feature-image left\" src=\"\/wp-content\/uploads\/2025\/08\/1mm-high-tear-strength-pu-leather-for-key-tag-label-36412.jpg\"\/><\/p>\n<h3>Presentaci\u00f3n de <strong>Ante Piel Impermeable Importaci\u00f3n<\/strong> el incre\u00edble cuero PU de 1 mm de alta resistencia al desgarro: \u00a1la elecci\u00f3n perfecta para cualquier etiqueta de llavero! Este incre\u00edble material de cuero cuenta con una durabilidad incre\u00edble y una alta resistencia al desgarro, lo que garantiza que su etiqueta de llavero no se da\u00f1ar\u00e1 ni se desgastar\u00e1 f\u00e1cilmente.<\/h3>\n<p>Presentaci\u00f3n de <strong>Ante Piel Impermeable Importaci\u00f3n<\/strong> el incre\u00edble cuero PU de 1 mm de alta resistencia al desgarro: \u00a1la elecci\u00f3n perfecta para cualquier etiqueta de llavero! Este incre\u00edble material de cuero cuenta con una durabilidad incre\u00edble y una alta resistencia al desgarro, lo que garantiza que su etiqueta llavero no se da\u00f1ar\u00e1 ni desgastar\u00e1 f\u00e1cilmente.<\/p>\n<div class=\"clear\"><\/div>\n<\/div>\n<div class=\"feature-item\">\n<img decoding=\"async\" alt=\"Tanto si desea crear etiquetas de llavero para su empresa como si necesita una etiqueta duradera y elegante para sus llaves personales, el cuero PU de 1 mm de alta resistencia al desgarro es la elecci\u00f3n perfecta.\" class=\"feature-image left\" src=\"\/wp-content\/uploads\/2025\/08\/1mm-high-tear-strength-pu-leather-for-key-tag-label-36413.jpg\"\/><\/p>\n<h3>Si <strong>Piel Impermeable Tejido Odmhsas<\/strong> Si desea crear etiquetas de llavero para su empresa o necesita una etiqueta duradera y elegante para sus llaves personales, el cuero PU de 1 mm de alta resistencia al desgarro es la elecci\u00f3n perfecta.<\/h3>\n<p>Si <strong>Piel Impermeable Tejido Odmhsas<\/strong> Si desea crear etiquetas de llavero para su empresa o necesita una etiqueta duradera y elegante para sus llaves personales, el cuero PU de 1 mm de alta resistencia al desgarro es la elecci\u00f3n perfecta.<\/p>\n<div class=\"clear\"><\/div>\n<\/div>\n<div class=\"feature-item\">\n<img decoding=\"async\" alt=\"Es f\u00e1cil de trabajar, incre\u00edblemente resistente y seguro que durar\u00e1 muchos a\u00f1os.\" class=\"feature-image left\" src=\"\/wp-content\/uploads\/2025\/08\/1mm-high-tear-strength-pu-leather-for-key-tag-label-36414.jpg\"\/><\/p>\n<h3>Es f\u00e1cil de trabajar, incre\u00edblemente resistente y seguro que durar\u00e1 muchos a\u00f1os.<\/h3>\n<p>Es f\u00e1cil de trabajar, incre\u00edblemente resistente y seguro que durar\u00e1 muchos a\u00f1os. No te <strong>Piel sint\u00e9tica impermeable Personalizar<\/strong> No se conforme con nada menos que lo mejor: elija el cuero PU de alta resistencia al desgarro de 1 mm para sus etiquetas de llavero.<\/p>\n<div class=\"clear\"><\/div>\n<\/div>\n<div class=\"feature-item\">\n<img decoding=\"async\" alt=\"Caracter\u00edstica principal\" class=\"feature-image left\" src=\"\/wp-content\/uploads\/2025\/08\/1mm-high-tear-strength-pu-leather-for-key-tag-label-36415.jpg\"\/><\/p>\n<h3>Caracter\u00edstica principal<\/h3>\n<p>Detalles y caracter\u00edsticas del producto Gran solidez y resistencia a la abrasi\u00f3n<\/p>\n<div class=\"clear\"><\/div>\n<\/div>\n<div class=\"feature-item\">\n<img decoding=\"async\" alt=\"Alta resistencia al desgarro - Ultrasuede Microfibra Faux Leather para guantes de ciclismo\" class=\"feature-image left\" src=\"\/wp-content\/uploads\/2025\/08\/07mm-ultrasuede-microfiber-faux-leather-for-cycling-gloves--37882.jpg\"\/><\/p>\n<h3>Alta resistencia al desgarro<\/h3>\n<p>Nuestra piel de microfibra Ultrasuede presenta una excepcional resistencia al desgarro, lo que garantiza que no se romper\u00e1 ni deformar\u00e1 f\u00e1cilmente bajo tensi\u00f3n. Esto la hace ideal para productos que requieren durabilidad y rendimiento a largo plazo.<\/p>\n<div class=\"clear\"><\/div>\n<\/div>\n<div class=\"feature-item\">\n<img decoding=\"async\" alt=\"Retenci\u00f3n de la forma - Piel sint\u00e9tica de microfibra Ultrasuede para guantes de ciclismo\" class=\"feature-image right\" src=\"\/wp-content\/uploads\/2025\/08\/07mm-ultrasuede-microfiber-faux-leather-for-cycling-gloves--37883.jpg\"\/><\/p>\n<h3>No es f\u00e1cil de deformar<\/h3>\n<p>Especialmente tratado para mantener su forma original, este material ofrece una excelente elasticidad y estabilidad. Resiste la deformaci\u00f3n por presi\u00f3n externa o estiramiento, manteniendo los productos intactos y atractivos a lo largo del tiempo.<\/p>\n<div class=\"clear\"><\/div>\n<\/div>\n<div class=\"feature-item\">\n<img decoding=\"async\" alt=\"Durabilidad - Piel sint\u00e9tica de microfibra Ultrasuede para guantes de ciclismo\" class=\"feature-image left\" src=\"\/wp-content\/uploads\/2025\/08\/07mm-ultrasuede-microfiber-faux-leather-for-cycling-gloves--37884.jpg\"\/><\/p>\n<h3>Durabilidad<\/h3>\n<p>Extremadamente resistente a la abrasi\u00f3n, los desgarros y los pinchazos, este material garantiza que los guantes se mantengan en \u00f3ptimas condiciones incluso con un uso prolongado. Tambi\u00e9n mantiene una excelente destreza y resistencia para art\u00edculos de piel de alta calidad.<\/p>\n<div class=\"clear\"><\/div>\n<\/div>\n<\/section>\n<section id=\"why-choose-us\">\n<h2>Por qu\u00e9 elegir WINIW<\/h2>\n<div class=\"advantage-item\">\n<h3>Fabricada con materiales de primera calidad, esta piel es suave y muy flexible, por lo que es f\u00e1cil de cortar y moldear para crear la etiqueta perfecta para sus necesidades.<\/h3>\n<p>Fabricada con materiales de primera calidad, esta piel es suave y muy flexible, por lo que es f\u00e1cil de cortar y moldear para crear la etiqueta perfecta para sus necesidades. Adem\u00e1s, est\u00e1 disponible en una amplia gama de impresionantes colores, para que puedas elegir el tono perfecto que combine con cualquier estilo o marca.<\/p>\n<\/div>\n<div class=\"advantage-item\">\n<h3>Garant\u00eda de calidad<\/h3>\n<p>Aplicamos un estricto control de calidad en toda la cadena de producci\u00f3n y suministro, cumpliendo las normas ISO9001. Desde la selecci\u00f3n de materias primas hasta la inspecci\u00f3n final, damos prioridad a los intereses del cliente.<\/p>\n<\/div>\n<div class=\"advantage-item\">\n<h3>Equipo t\u00e9cnico profesional<\/h3>\n<p>Nuestro equipo t\u00e9cnico especializado est\u00e1 formado por profesionales con experiencia en diversos campos, dedicados a suministrar productos de alta calidad y soluciones a medida.<\/p>\n<\/div>\n<div class=\"advantage-item\">\n<h3>Amplia gama de aplicaciones<\/h3>\n<p>Nuestros materiales se utilizan ampliamente en calzado, ropa, maletas, interiores de autom\u00f3viles, muebles de sof\u00e1, etc.<\/p>\n<\/div>\n<div class=\"advantage-item\">\n<h3>Una rica experiencia<\/h3>\n<p>Quanzhou WINIW Import &amp; Export Co., Ltd. cuenta con m\u00e1s de 20 a\u00f1os de experiencia en producci\u00f3n, ofreciendo soluciones perfectas para clientes de todo el mundo.<\/p>\n<\/div>\n<div class=\"advantage-item\">\n<h3>Precio asequible<\/h3>\n<p>Ofrecemos precios competitivos y un excelente servicio de atenci\u00f3n al cliente. Solicite un cat\u00e1logo o visite nuestra f\u00e1brica para explorar nuestros productos.<\/p>\n<\/div>\n<div class=\"advantage-item\">\n<h3>Servicio de atenci\u00f3n al cliente en l\u00ednea 24 horas<\/h3>\n<p>Nuestro equipo est\u00e1 disponible 24 horas al d\u00eda, 7 d\u00edas a la semana, para responder a las consultas y atender los comentarios con prontitud.<\/p>\n<\/div>\n<p><img decoding=\"async\" alt=\"Planta de producci\u00f3n WINIW - Proceso de fabricaci\u00f3n de piel de microfibra Ultrasuede\" class=\"product-image\" src=\"\/wp-content\/uploads\/2025\/08\/07mm-ultrasuede-microfiber-faux-leather-for-cycling-gloves--37888.jpg\"\/><br \/>\n<\/section>\n<p><\/main><\/p>\n<section id=\"inquiry\">\n<h2 style=\"text-align: center;\">Esperamos su consulta.<\/h2>\n<p style=\"text-align: center;\">P\u00f3ngase en contacto con nosotros hoy mismo para obtener m\u00e1s informaci\u00f3n sobre nuestros productos y realizar su pedido.<\/p>\n<\/section>\n\n    <div class=\"xs_social_share_widget xs_share_url after_content \t\tmain_content  wslu-style-1 wslu-share-box-shaped wslu-fill-colored wslu-none wslu-share-horizontal wslu-theme-font-no wslu-main_content\">\n\n\t\t\n        <ul>\n\t\t\t        <\/ul>\n    <\/div>","protected":false},"excerpt":{"rendered":"<div class=\"product-short-description\">Etiquetas de cuero de 1 mm de alta resistencia al desgarro de cuero de pu para la etiqueta de la llave WINIW 1 mm de alta resistencia al desgarro de cuero de pu para la etiqueta de la llave Caracter\u00edsticas principales include.Ideal para aquellos que buscan calidad y fiabilidad.<\/p>\n<p>Como f\u00e1brica directa, fabricante y mayorista, podemos controlar estrictamente el proceso de producci\u00f3n para garantizar la calidad del producto y, al mismo tiempo, ofrecerle los precios m\u00e1s favorables. Contamos con equipos de producci\u00f3n avanzados y un equipo t\u00e9cnico profesional para satisfacer sus necesidades de pedidos a gran escala y garantizar una entrega puntual.<\/p>\n<\/div>","protected":false},"featured_media":5636,"template":"","meta":[],"product_brand":[],"product_cat":[314],"product_tag":[19290],"class_list":{"0":"post-29645","1":"product","2":"type-product","3":"status-publish","4":"has-post-thumbnail","6":"product_cat-labels-leather","7":"product_tag-key-tag-pu-leather-key-tagmaker-leather-key-casemaker-leather-key-pouchmaker-leather-key-ringhigh-end-pu-leather-for-shoes1-8-mm-pu-leather-for-shoes","9":"first","10":"instock","11":"product-type-simple"},"_links":{"self":[{"href":"https:\/\/www.eco-leather.com\/es\/wp-json\/wp\/v2\/product\/29645","targetHints":{"allow":["GET"]}}],"collection":[{"href":"https:\/\/www.eco-leather.com\/es\/wp-json\/wp\/v2\/product"}],"about":[{"href":"https:\/\/www.eco-leather.com\/es\/wp-json\/wp\/v2\/types\/product"}],"wp:featuredmedia":[{"embeddable":true,"href":"https:\/\/www.eco-leather.com\/es\/wp-json\/wp\/v2\/media\/5636"}],"wp:attachment":[{"href":"https:\/\/www.eco-leather.com\/es\/wp-json\/wp\/v2\/media?parent=29645"}],"wp:term":[{"taxonomy":"product_brand","embeddable":true,"href":"https:\/\/www.eco-leather.com\/es\/wp-json\/wp\/v2\/product_brand?post=29645"},{"taxonomy":"product_cat","embeddable":true,"href":"https:\/\/www.eco-leather.com\/es\/wp-json\/wp\/v2\/product_cat?post=29645"},{"taxonomy":"product_tag","embeddable":true,"href":"https:\/\/www.eco-leather.com\/es\/wp-json\/wp\/v2\/product_tag?post=29645"}],"curies":[{"name":"wp","href":"https:\/\/api.w.org\/{rel}","templated":true}]}}