{"id":29612,"date":"2025-09-07T11:04:58","date_gmt":"2025-09-07T03:04:58","guid":{"rendered":"https:\/\/www.eco-leather.com\/product\/0-4mm-anti-mildew-and-yellow-making-car-cleaning-cloth-chamois-material\/"},"modified":"2025-09-07T11:05:04","modified_gmt":"2025-09-07T03:05:04","slug":"0-4mm-anti-mildew-and-yellow-making-car-cleaning-cloth-chamois-material","status":"publish","type":"product","link":"https:\/\/www.eco-leather.com\/es\/0-4mm-anti-mildew-and-yellow-making-car-cleaning-cloth-chamois-material\/","title":{"rendered":"0.4mm Anti-Mildew Y Amarillo Que Hace El Pa\u00f1o De La Limpieza Del Coche Material De la Gamuza"},"content":{"rendered":"<h2>0.4mm Anti-Mildew And Yellow Making Car Cleaning Cloth Chamois Material details<\/h2>\n<p><main><\/p>\n<section id=\"product-overview\">\n<h2>Descripci\u00f3n del producto<\/h2>\n<p>producto <strong>Soluci\u00f3n material para asientos de coche<\/strong> descripci\u00f3n<\/p>\n<p>En <strong>Zapatos Material Puro<\/strong> anti-mildew and yellow making properties ensure that your cloth stays fresh and looking new for a longer period of time. You won&#8217;t have to deal with any unsightly stains or discoloration, which is often a common occurrence with other car cleaning cloths.<\/p>\n<p>Fabricados con materiales de microfibra de alta calidad, nuestros guantes de piel sint\u00e9tica de microfibra Ultrasuede de 0,7 mm son la elecci\u00f3n perfecta para el ciclismo. Equilibra flexibilidad y resistencia, y ofrece una transpirabilidad excepcional y propiedades de evacuaci\u00f3n de la humedad para mantener las manos frescas y secas durante salidas intensas.<\/p>\n<p>Tanto si eres un ciclista profesional como si te dedicas al ocio, la piel de microfibra este material proporciona una comodidad y una protecci\u00f3n insuperables. Su gran resistencia a las abrasiones y los desgarros garantiza un rendimiento duradero, mientras que su elegante dise\u00f1o a\u00f1ade un toque sofisticado a cualquier conjunto ciclista.<\/p>\n<\/section>\n<section id=\"specifications\">\n<h2>Par\u00e1metros t\u00e9cnicos<\/h2>\n<ul class_=\"parameters-list\">\n<li><span class=\"param-name\">par\u00e1metro <strong>Material del forro del calzado<\/strong> Material:<\/span> microfibra de gamuza. color: blanco,azul,rosa, colores personalizados. Espesor 0,2-0,6mm Cantidad m\u00ednima de pedido: 300 metros lineales.<\/li>\n<li><span class=\"param-name\">Longitud del rollo:<\/span> 20-30m\/rollo plazo de entrega: 15-20 d\u00edas. anchura: 54 , 137cm capacidad de producci\u00f3n: 1.000.000 metros mensuales.<\/li>\n<\/ul>\n<p><img decoding=\"async\" alt=\"Piel sint\u00e9tica de microfibra de 0,7 mm Ultrasuede para guantes de ciclismo - Especificaci\u00f3n del material\" class=\"product-image\" src=\"\/wp-content\/uploads\/2025\/08\/07mm-ultrasuede-microfiber-faux-leather-for-cycling-gloves--37881.jpg\"\/><\/p>\n<h3>Par\u00e1metros del producto<\/h3>\n<ul class=\"parameters-list\">\n<li><span class=\"param-name\">Material:<\/span> Microfibra + PU<\/li>\n<li><span class=\"param-name\">Color:<\/span> Negro, gris, beige (colores personalizados disponibles)<\/li>\n<li><span class=\"param-name\">Grosor:<\/span> 0,6 mm, 0,7 mm, 0,8 mm, 1 mm<\/li>\n<li><span class=\"param-name\">Cantidad m\u00ednima de pedido:<\/span> 300 metros lineales<\/li>\n<li><span class=\"param-name\">Longitud del rollo:<\/span> 20-30 m\/rollo<\/li>\n<li><span class=\"param-name\">Plazo de entrega:<\/span> 15-20 d\u00edas<\/li>\n<li><span class=\"param-name\">Anchura:<\/span> 54\u2033, 137cm<\/li>\n<li><span class=\"param-name\">Capacidad de producci\u00f3n:<\/span> 1.000.000 de metros mensuales<\/li>\n<\/ul>\n<\/section>\n<section id=\"features\">\n<h2>Caracter\u00edsticas del producto<\/h2>\n<div class=\"feature-item\">\n<img decoding=\"async\" alt=\"Overall,Waterproof Sofa Materialitythe 0\" class=\"feature-image left\" src=\"\/wp-content\/uploads\/2025\/08\/04mm-anti-mildew-and-yellow-making-car-cleaning-cloth-chamois-material-36065.jpg\"\/><\/p>\n<h3>En general, <strong>Sof\u00e1 impermeable Materialidad<\/strong> el 0<\/h3>\n<p>En general, <strong>Sof\u00e1 impermeable Materialidad<\/strong> the 0.4mm Anti-Mildew and Yellow Making Car Cleaning Cloth Chamois Material is an excellent choice for those who want to achieve a highly-effective and long-lasting clean for their cars.<\/p>\n<div class=\"clear\"><\/div>\n<\/div>\n<div class=\"feature-item\">\n<img decoding=\"async\" alt=\"Its quality and durability are unmatched, making it a must-have for any car owner\" class=\"feature-image left\" src=\"\/wp-content\/uploads\/2025\/08\/04mm-anti-mildew-and-yellow-making-car-cleaning-cloth-chamois-material-36066.jpg\"\/><\/p>\n<h3>Its quality and durability are unmatched, making it a must-have for any car owner<\/h3>\n<p>Its quality and durability are unmatched, making it a must-have for any car owner. So why settle for less when you can have the best Get yours today and experience the difference!<\/p>\n<div class=\"clear\"><\/div>\n<\/div>\n<div class=\"feature-item\">\n<img decoding=\"async\" alt=\"Alta resistencia al desgarro - Ultrasuede Microfibra Faux Leather para guantes de ciclismo\" class=\"feature-image left\" src=\"\/wp-content\/uploads\/2025\/08\/07mm-ultrasuede-microfiber-faux-leather-for-cycling-gloves--37882.jpg\"\/><\/p>\n<h3>Alta resistencia al desgarro<\/h3>\n<p>Nuestra piel de microfibra Ultrasuede presenta una excepcional resistencia al desgarro, lo que garantiza que no se romper\u00e1 ni deformar\u00e1 f\u00e1cilmente bajo tensi\u00f3n. Esto la hace ideal para productos que requieren durabilidad y rendimiento a largo plazo.<\/p>\n<div class=\"clear\"><\/div>\n<\/div>\n<div class=\"feature-item\">\n<img decoding=\"async\" alt=\"Retenci\u00f3n de la forma - Piel sint\u00e9tica de microfibra Ultrasuede para guantes de ciclismo\" class=\"feature-image right\" src=\"\/wp-content\/uploads\/2025\/08\/07mm-ultrasuede-microfiber-faux-leather-for-cycling-gloves--37883.jpg\"\/><\/p>\n<h3>No es f\u00e1cil de deformar<\/h3>\n<p>Especialmente tratado para mantener su forma original, este material ofrece una excelente elasticidad y estabilidad. Resiste la deformaci\u00f3n por presi\u00f3n externa o estiramiento, manteniendo los productos intactos y atractivos a lo largo del tiempo.<\/p>\n<div class=\"clear\"><\/div>\n<\/div>\n<div class=\"feature-item\">\n<img decoding=\"async\" alt=\"Durabilidad - Piel sint\u00e9tica de microfibra Ultrasuede para guantes de ciclismo\" class=\"feature-image left\" src=\"\/wp-content\/uploads\/2025\/08\/07mm-ultrasuede-microfiber-faux-leather-for-cycling-gloves--37884.jpg\"\/><\/p>\n<h3>Durabilidad<\/h3>\n<p>Extremadamente resistente a la abrasi\u00f3n, los desgarros y los pinchazos, este material garantiza que los guantes se mantengan en \u00f3ptimas condiciones incluso con un uso prolongado. Tambi\u00e9n mantiene una excelente destreza y resistencia para art\u00edculos de piel de alta calidad.<\/p>\n<div class=\"clear\"><\/div>\n<\/div>\n<\/section>\n<section id=\"usage\">\n<h2>Uso y aplicaciones<\/h2>\n<p><img fetchpriority=\"high\" decoding=\"async\" alt=\"0.4mm Anti-Mildew And Yellow Making Car Cleaning Cloth Chamois Material details\" height=\"350\" src=\"\/wp-content\/uploads\/2025\/08\/04mm-anti-mildew-and-yellow-making-car-cleaning-cloth-chamois-material-36064.jpg\" width=\"350\"\/><\/p>\n<div class=\"usage-point\">\n<h3>F\u00e1cil <strong>Proveedores de material para sof\u00e1s<\/strong> to use and highly effective, this car cleaning cloth removes dirt and grime easily, leaving your car&#8217;s surface sparkling clean<\/h3>\n<p>F\u00e1cil <strong>Proveedores de material para sof\u00e1s<\/strong> to use and highly effective, this car cleaning cloth removes dirt and grime easily, leaving your car&#8217;s surface sparkling clean. The chamois material also absorbs water quickly, making it an excellent choice for wiping off excess moisture and preventing water spots from forming.<\/p>\n<\/div>\n<div class=\"usage-point\">\n<h3>This car cleaning cloth is not only perfect for cars, but it can also be used for cleaning boats, motorcycles, planes, and even household items such as windows and mirrors<\/h3>\n<p>This car cleaning cloth is not only perfect for cars, but it can also be used for cleaning boats, motorcycles, planes, and even household items such as windows and mirrors. Its versatility makes it a great investment for anyone who prefers a clean and polished look for their vehicles and belongings.<\/p>\n<\/div>\n<div class=\"usage-point\">\n<h3>C\u00f3modo y transpirable<\/h3>\n<p>Suave, c\u00f3modo y muy transpirable, este material es perfecto para guantes de ciclismo y otros productos que se utilizan durante periodos prolongados. Mantiene las manos frescas y secas durante actividades extenuantes.<\/p>\n<\/div>\n<div class=\"usage-point\">\n<h3>Ecol\u00f3gico y sostenible<\/h3>\n<p>Nuestra piel sint\u00e9tica de microfibra Ultrasuede incluye opciones respetuosas con el medio ambiente, como las variantes fabricadas con PET reciclado y materiales de origen vegetal, que reducen el impacto medioambiental a la vez que ofrecen diversas texturas.<\/p>\n<\/div>\n<div class=\"usage-point\">\n<h3>Protecci\u00f3n antibacterias y antipolvo<\/h3>\n<p>Las variantes seleccionadas presentan propiedades antibacterianas y resistentes al polvo, por lo que cumplen elevadas normas de higiene ideales para guantes que requieren estrictos controles de calidad y seguridad.<\/p>\n<\/div>\n<div class=\"usage-point\">\n<h3>Diversos escenarios de aplicaci\u00f3n<\/h3>\n<p>Adem\u00e1s de guantes de ciclismo, es adecuado para guantes de dedos, guantes de seguridad y otros tipos de guantes, as\u00ed como calzado, ropa y accesorios.<\/p>\n<\/div>\n<p><img decoding=\"async\" alt=\"Aplicaciones de la piel sint\u00e9tica de microfibra Ultrasuede de 0,7 mm en diversos productos\" class=\"product-image\" src=\"\/wp-content\/uploads\/2025\/08\/07mm-ultrasuede-microfiber-faux-leather-for-cycling-gloves--37885.jpg\"\/><br \/>\n<img decoding=\"async\" alt=\"Guantes de ciclismo de piel de microfibra Ultrasuede - ejemplo de producto\" class=\"product-image\" src=\"\/wp-content\/uploads\/2025\/08\/07mm-ultrasuede-microfiber-faux-leather-for-cycling-gloves--37886.jpg\"\/><br \/>\n<\/section>\n<section id=\"why-choose-us\">\n<h2>Por qu\u00e9 elegir WINIW<\/h2>\n<div class=\"advantage-item\">\n<h3>Introducing the amazing 0<\/h3>\n<p>Introducing the amazing 0.4mm Anti-Mildew and Yellow Making Car Cleaning Cloth made of high-quality chamois material. This car cleaning cloth is the perfect addition to your car cleaning kit as it provides exceptional cleaning results without leaving any damage or scratches on your car&#8217;s delicate surface.<\/p>\n<\/div>\n<div class=\"advantage-item\">\n<h3>Garant\u00eda de calidad<\/h3>\n<p>Aplicamos un estricto control de calidad en toda la cadena de producci\u00f3n y suministro, cumpliendo las normas ISO9001. Desde la selecci\u00f3n de materias primas hasta la inspecci\u00f3n final, damos prioridad a los intereses del cliente.<\/p>\n<\/div>\n<div class=\"advantage-item\">\n<h3>Equipo t\u00e9cnico profesional<\/h3>\n<p>Nuestro equipo t\u00e9cnico especializado est\u00e1 formado por profesionales con experiencia en diversos campos, dedicados a suministrar productos de alta calidad y soluciones a medida.<\/p>\n<\/div>\n<div class=\"advantage-item\">\n<h3>Amplia gama de aplicaciones<\/h3>\n<p>Nuestros materiales se utilizan ampliamente en calzado, ropa, maletas, interiores de autom\u00f3viles, muebles de sof\u00e1, etc.<\/p>\n<\/div>\n<div class=\"advantage-item\">\n<h3>Una rica experiencia<\/h3>\n<p>Quanzhou WINIW Import &amp; Export Co., Ltd. cuenta con m\u00e1s de 20 a\u00f1os de experiencia en producci\u00f3n, ofreciendo soluciones perfectas para clientes de todo el mundo.<\/p>\n<\/div>\n<div class=\"advantage-item\">\n<h3>Precio asequible<\/h3>\n<p>Ofrecemos precios competitivos y un excelente servicio de atenci\u00f3n al cliente. Solicite un cat\u00e1logo o visite nuestra f\u00e1brica para explorar nuestros productos.<\/p>\n<\/div>\n<div class=\"advantage-item\">\n<h3>Servicio de atenci\u00f3n al cliente en l\u00ednea 24 horas<\/h3>\n<p>Nuestro equipo est\u00e1 disponible 24 horas al d\u00eda, 7 d\u00edas a la semana, para responder a las consultas y atender los comentarios con prontitud.<\/p>\n<\/div>\n<p><img decoding=\"async\" alt=\"Planta de producci\u00f3n WINIW - Proceso de fabricaci\u00f3n de piel de microfibra Ultrasuede\" class=\"product-image\" src=\"\/wp-content\/uploads\/2025\/08\/07mm-ultrasuede-microfiber-faux-leather-for-cycling-gloves--37888.jpg\"\/><br \/>\n<\/section>\n<p><\/main><\/p>\n<section id=\"inquiry\">\n<h2 style=\"text-align: center;\">Esperamos su consulta.<\/h2>\n<p style=\"text-align: center;\">P\u00f3ngase en contacto con nosotros hoy mismo para obtener m\u00e1s informaci\u00f3n sobre nuestros productos y realizar su pedido.<\/p>\n<\/section>\n\n    <div class=\"xs_social_share_widget xs_share_url after_content \t\tmain_content  wslu-style-1 wslu-share-box-shaped wslu-fill-colored wslu-none wslu-share-horizontal wslu-theme-font-no wslu-main_content\">\n\n\t\t\n        <ul>\n\t\t\t        <\/ul>\n    <\/div>","protected":false},"excerpt":{"rendered":"<div class=\"product-short-description\">Cleaning Wipe Microfiber (Synthetic Chamois) 0.4mm Anti-Mildew And Yellow Making Car Cleaning Cloth Chamois Material WINIW 0.4mm Anti-Mildew And Yellow Making Car Cleaning Cloth Chamois Material Key features include.Ideal for those seeking quality and reliability.<\/p>\n<p>Como f\u00e1brica directa, fabricante y mayorista, podemos controlar estrictamente el proceso de producci\u00f3n para garantizar la calidad del producto y, al mismo tiempo, ofrecerle los precios m\u00e1s favorables. Contamos con equipos de producci\u00f3n avanzados y un equipo t\u00e9cnico profesional para satisfacer sus necesidades de pedidos a gran escala y garantizar una entrega puntual.<\/p>\n<\/div>","protected":false},"featured_media":5570,"template":"","meta":[],"product_brand":[],"product_cat":[291],"product_tag":[],"class_list":{"0":"post-29612","1":"product","2":"type-product","3":"status-publish","4":"has-post-thumbnail","6":"product_cat-cleaning-wipe-microfiber-synthetic-chamois","8":"first","9":"instock","10":"product-type-simple"},"_links":{"self":[{"href":"https:\/\/www.eco-leather.com\/es\/wp-json\/wp\/v2\/product\/29612","targetHints":{"allow":["GET"]}}],"collection":[{"href":"https:\/\/www.eco-leather.com\/es\/wp-json\/wp\/v2\/product"}],"about":[{"href":"https:\/\/www.eco-leather.com\/es\/wp-json\/wp\/v2\/types\/product"}],"wp:featuredmedia":[{"embeddable":true,"href":"https:\/\/www.eco-leather.com\/es\/wp-json\/wp\/v2\/media\/5570"}],"wp:attachment":[{"href":"https:\/\/www.eco-leather.com\/es\/wp-json\/wp\/v2\/media?parent=29612"}],"wp:term":[{"taxonomy":"product_brand","embeddable":true,"href":"https:\/\/www.eco-leather.com\/es\/wp-json\/wp\/v2\/product_brand?post=29612"},{"taxonomy":"product_cat","embeddable":true,"href":"https:\/\/www.eco-leather.com\/es\/wp-json\/wp\/v2\/product_cat?post=29612"},{"taxonomy":"product_tag","embeddable":true,"href":"https:\/\/www.eco-leather.com\/es\/wp-json\/wp\/v2\/product_tag?post=29612"}],"curies":[{"name":"wp","href":"https:\/\/api.w.org\/{rel}","templated":true}]}}