{"id":29526,"date":"2025-09-07T11:04:17","date_gmt":"2025-09-07T03:04:17","guid":{"rendered":"https:\/\/www.eco-leather.com\/product\/0-7mm-resistant-to-wear-and-tear-microfiber-leather-for-rugby-material\/"},"modified":"2025-09-07T11:04:20","modified_gmt":"2025-09-07T03:04:20","slug":"piel-de-microfibra-de-0-7-mm-resistente-al-desgaste-para-material-de-rugby","status":"publish","type":"product","link":"https:\/\/www.eco-leather.com\/es\/piel-de-microfibra-de-0-7-mm-resistente-al-desgaste-para-material-de-rugby\/","title":{"rendered":"0,7 mm Resistente al desgaste Piel de microfibra Para material de rugby"},"content":{"rendered":"<h2>0,7 mm Resistente al desgaste Piel de microfibra Para Rugby Detalles del material<\/h2>\n<p><main><\/p>\n<section id=\"product-overview\">\n<h2>Descripci\u00f3n del producto<\/h2>\n<p>producto <strong>Soluci\u00f3n material para asientos de coche<\/strong> descripci\u00f3n<\/p>\n<p>Para <strong>Cajas de piel sint\u00e9tica China<\/strong> jugadores de rugby y entusiastas que exigen s\u00f3lo lo mejor, nuestra piel de microfibra de 0,7 mm resistente al desgaste es la elecci\u00f3n perfecta. As\u00ed que an\u00edmate y pru\u00e9balo, \u00a1te garantizamos que no te decepcionar\u00e1!<\/p>\n<p>Fabricados con materiales de microfibra de alta calidad, nuestros guantes de piel sint\u00e9tica de microfibra Ultrasuede de 0,7 mm son la elecci\u00f3n perfecta para el ciclismo. Equilibra flexibilidad y resistencia, y ofrece una transpirabilidad excepcional y propiedades de evacuaci\u00f3n de la humedad para mantener las manos frescas y secas durante salidas intensas.<\/p>\n<p>Tanto si eres un ciclista profesional como si te dedicas al ocio, la piel de microfibra este material proporciona una comodidad y una protecci\u00f3n insuperables. Su gran resistencia a las abrasiones y los desgarros garantiza un rendimiento duradero, mientras que su elegante dise\u00f1o a\u00f1ade un toque sofisticado a cualquier conjunto ciclista.<\/p>\n<\/section>\n<section id=\"specifications\">\n<h2>Par\u00e1metros t\u00e9cnicos<\/h2>\n<ul class_=\"parameters-list\">\n<li><span class=\"param-name\">par\u00e1metro <strong>Piel importada<\/strong> Material:<\/span> microfibra + PU. color: Negro, Gris, Beige, Marron, Vino, todos los colores disponibles Grosor 0.6mm,0.7mm,0.8mm,1ma,1.6mm Cantidad minima de pedido: 300 metros lineales.<\/li>\n<li><span class=\"param-name\">Longitud del rollo:<\/span> 20-30m\/rollo plazo de entrega: 15-20 d\u00edas. anchura: 54 , 137cm capacidad de producci\u00f3n: 1.000.000 metros mensuales.<\/li>\n<\/ul>\n<p><img decoding=\"async\" alt=\"Piel sint\u00e9tica de microfibra de 0,7 mm Ultrasuede para guantes de ciclismo - Especificaci\u00f3n del material\" class=\"product-image\" src=\"\/wp-content\/uploads\/2025\/08\/07mm-ultrasuede-microfiber-faux-leather-for-cycling-gloves--37881.jpg\"\/><\/p>\n<h3>Par\u00e1metros del producto<\/h3>\n<ul class=\"parameters-list\">\n<li><span class=\"param-name\">Material:<\/span> Microfibra + PU<\/li>\n<li><span class=\"param-name\">Color:<\/span> Negro, gris, beige (colores personalizados disponibles)<\/li>\n<li><span class=\"param-name\">Grosor:<\/span> 0,6 mm, 0,7 mm, 0,8 mm, 1 mm<\/li>\n<li><span class=\"param-name\">Cantidad m\u00ednima de pedido:<\/span> 300 metros lineales<\/li>\n<li><span class=\"param-name\">Longitud del rollo:<\/span> 20-30 m\/rollo<\/li>\n<li><span class=\"param-name\">Plazo de entrega:<\/span> 15-20 d\u00edas<\/li>\n<li><span class=\"param-name\">Anchura:<\/span> 54\u2033, 137cm<\/li>\n<li><span class=\"param-name\">Capacidad de producci\u00f3n:<\/span> 1.000.000 de metros mensuales<\/li>\n<\/ul>\n<\/section>\n<section id=\"features\">\n<h2>Caracter\u00edsticas del producto<\/h2>\n<div class=\"feature-item\">\n<img decoding=\"async\" alt=\"PresentamosSuede Leather Waterproof Spray\u00a1Nuestra piel de microfibra altamente resistente dise\u00f1ada espec\u00edficamente para los entusiastas del rugby! Nuestro 0\" class=\"feature-image left\" src=\"\/wp-content\/uploads\/2025\/08\/07mm-resistant-to-wear-and-tear-microfiber-leather-for-rugby-material-35177.jpg\"\/><\/p>\n<h3>Presentaci\u00f3n de <strong>Spray Impermeable Piel de Ante<\/strong> \u00a1nuestra piel de microfibra de gran durabilidad dise\u00f1ada espec\u00edficamente para los entusiastas del rugby! Nuestro 0<\/h3>\n<p>Presentaci\u00f3n de <strong>Spray Impermeable Piel de Ante<\/strong> \u00a1nuestra piel de microfibra altamente duradera dise\u00f1ada espec\u00edficamente para los entusiastas del rugby! Nuestro material de 0,7 mm resistente al desgaste est\u00e1 cuidadosamente elaborado para soportar incluso las condiciones m\u00e1s duras del campo de rugby.<\/p>\n<div class=\"clear\"><\/div>\n<\/div>\n<div class=\"feature-item\">\n<img decoding=\"async\" alt=\"Gracias a su excepcional resistencia y durabilidad, puede confiar en que resistir\u00e1 los entrenamientos m\u00e1s rigurosos, los partidos m\u00e1s intensos y todas las situaciones intermedias.\" class=\"feature-image left\" src=\"\/wp-content\/uploads\/2025\/08\/07mm-resistant-to-wear-and-tear-microfiber-leather-for-rugby-material-35178.jpg\"\/><\/p>\n<h3>Gracias a su excepcional resistencia y durabilidad, puede confiar en que resistir\u00e1 los entrenamientos m\u00e1s rigurosos, los partidos m\u00e1s intensos y todas las situaciones intermedias.<\/h3>\n<p>Con su excepcional resistencia y durabilidad, puede confiar en que durar\u00e1 a trav\u00e9s de rigurosos entrenamientos, intensos partidos y todo lo dem\u00e1s. Detalles y caracter\u00edsticas del producto<\/p>\n<div class=\"clear\"><\/div>\n<\/div>\n<div class=\"feature-item\">\n<img decoding=\"async\" alt=\"Alta resistencia al desgarro - Ultrasuede Microfibra Faux Leather para guantes de ciclismo\" class=\"feature-image left\" src=\"\/wp-content\/uploads\/2025\/08\/07mm-ultrasuede-microfiber-faux-leather-for-cycling-gloves--37882.jpg\"\/><\/p>\n<h3>Alta resistencia al desgarro<\/h3>\n<p>Nuestra piel de microfibra Ultrasuede presenta una excepcional resistencia al desgarro, lo que garantiza que no se romper\u00e1 ni deformar\u00e1 f\u00e1cilmente bajo tensi\u00f3n. Esto la hace ideal para productos que requieren durabilidad y rendimiento a largo plazo.<\/p>\n<div class=\"clear\"><\/div>\n<\/div>\n<div class=\"feature-item\">\n<img decoding=\"async\" alt=\"Retenci\u00f3n de la forma - Piel sint\u00e9tica de microfibra Ultrasuede para guantes de ciclismo\" class=\"feature-image right\" src=\"\/wp-content\/uploads\/2025\/08\/07mm-ultrasuede-microfiber-faux-leather-for-cycling-gloves--37883.jpg\"\/><\/p>\n<h3>No es f\u00e1cil de deformar<\/h3>\n<p>Especialmente tratado para mantener su forma original, este material ofrece una excelente elasticidad y estabilidad. Resiste la deformaci\u00f3n por presi\u00f3n externa o estiramiento, manteniendo los productos intactos y atractivos a lo largo del tiempo.<\/p>\n<div class=\"clear\"><\/div>\n<\/div>\n<div class=\"feature-item\">\n<img decoding=\"async\" alt=\"Durabilidad - Piel sint\u00e9tica de microfibra Ultrasuede para guantes de ciclismo\" class=\"feature-image left\" src=\"\/wp-content\/uploads\/2025\/08\/07mm-ultrasuede-microfiber-faux-leather-for-cycling-gloves--37884.jpg\"\/><\/p>\n<h3>Durabilidad<\/h3>\n<p>Extremadamente resistente a la abrasi\u00f3n, los desgarros y los pinchazos, este material garantiza que los guantes se mantengan en \u00f3ptimas condiciones incluso con un uso prolongado. Tambi\u00e9n mantiene una excelente destreza y resistencia para art\u00edculos de piel de alta calidad.<\/p>\n<div class=\"clear\"><\/div>\n<\/div>\n<\/section>\n<section id=\"usage\">\n<h2>Uso y aplicaciones<\/h2>\n<p><img fetchpriority=\"high\" decoding=\"async\" alt=\"0,7 mm Resistente al desgaste Piel de microfibra Para Rugby Fabricaci\u00f3n del material\" height=\"350\" src=\"\/wp-content\/uploads\/2025\/08\/07mm-resistant-to-wear-and-tear-microfiber-leather-for-rugby-material-35179.jpg\" width=\"350\"\/><\/p>\n<div class=\"usage-point\">\n<h3>Nuestra <strong>Bolsos de piel de segunda mano<\/strong> La piel de microfibra est\u00e1 fabricada con fibras sint\u00e9ticas de poli\u00e9ster de alta calidad, cuidadosamente entretejidas para crear un material suave y resistente a la vez.<\/h3>\n<p>Nuestra <strong>Bolsos de piel de segunda mano<\/strong> La piel de microfibra est\u00e1 hecha de fibras sint\u00e9ticas de poli\u00e9ster de alta calidad, cuidadosamente entretejidas para crear un material suave y resistente a la vez.<\/p>\n<\/div>\n<div class=\"usage-point\">\n<h3>Esto significa que no se raya ni se rompe con facilidad, por lo que es perfecto para balones de rugby que se lanzan, se patean y se placan constantemente.<\/h3>\n<p>Esto significa que no se raya ni se rompe con facilidad, lo que lo hace perfecto para su uso en balones de rugby que se lanzan, se patean y se placan constantemente. Hemos <strong>Bolsos de piel vegana de primera calidad<\/strong> Tambi\u00e9n nos hemos asegurado de que nuestra piel de microfibra sea f\u00e1cil de limpiar y mantener.<\/p>\n<\/div>\n<div class=\"usage-point\">\n<h3>Si se cuida con regularidad, seguir\u00e1 teniendo un aspecto y un tacto como nuevo, incluso despu\u00e9s de un uso repetido.<\/h3>\n<p>Con un cuidado regular, seguir\u00e1 teniendo el mismo aspecto y el mismo tacto que antes, incluso despu\u00e9s de un uso repetido. \u00bfPor qu\u00e9 conformarse con menos si puede disfrutar de lo mejor?<\/p>\n<\/div>\n<div class=\"usage-point\">\n<h3>C\u00f3modo y transpirable<\/h3>\n<p>Suave, c\u00f3modo y muy transpirable, este material es perfecto para guantes de ciclismo y otros productos que se utilizan durante periodos prolongados. Mantiene las manos frescas y secas durante actividades extenuantes.<\/p>\n<\/div>\n<div class=\"usage-point\">\n<h3>Ecol\u00f3gico y sostenible<\/h3>\n<p>Nuestra piel sint\u00e9tica de microfibra Ultrasuede incluye opciones respetuosas con el medio ambiente, como las variantes fabricadas con PET reciclado y materiales de origen vegetal, que reducen el impacto medioambiental a la vez que ofrecen diversas texturas.<\/p>\n<\/div>\n<div class=\"usage-point\">\n<h3>Protecci\u00f3n antibacterias y antipolvo<\/h3>\n<p>Las variantes seleccionadas presentan propiedades antibacterianas y resistentes al polvo, por lo que cumplen elevadas normas de higiene ideales para guantes que requieren estrictos controles de calidad y seguridad.<\/p>\n<\/div>\n<div class=\"usage-point\">\n<h3>Diversos escenarios de aplicaci\u00f3n<\/h3>\n<p>Adem\u00e1s de guantes de ciclismo, es adecuado para guantes de dedos, guantes de seguridad y otros tipos de guantes, as\u00ed como calzado, ropa y accesorios.<\/p>\n<\/div>\n<p><img decoding=\"async\" alt=\"Aplicaciones de la piel sint\u00e9tica de microfibra Ultrasuede de 0,7 mm en diversos productos\" class=\"product-image\" src=\"\/wp-content\/uploads\/2025\/08\/07mm-ultrasuede-microfiber-faux-leather-for-cycling-gloves--37885.jpg\"\/><br \/>\n<img decoding=\"async\" alt=\"Guantes de ciclismo de piel de microfibra Ultrasuede - ejemplo de producto\" class=\"product-image\" src=\"\/wp-content\/uploads\/2025\/08\/07mm-ultrasuede-microfiber-faux-leather-for-cycling-gloves--37886.jpg\"\/><br \/>\n<\/section>\n<p><\/main><\/p>\n<section id=\"inquiry\">\n<h2 style=\"text-align: center;\">Esperamos su consulta.<\/h2>\n<p style=\"text-align: center;\">P\u00f3ngase en contacto con nosotros hoy mismo para obtener m\u00e1s informaci\u00f3n sobre nuestros productos y realizar su pedido.<\/p>\n<\/section>\n\n    <div class=\"xs_social_share_widget xs_share_url after_content \t\tmain_content  wslu-style-1 wslu-share-box-shaped wslu-fill-colored wslu-none wslu-share-horizontal wslu-theme-font-no wslu-main_content\">\n\n\t\t\n        <ul>\n\t\t\t        <\/ul>\n    <\/div>","protected":false},"excerpt":{"rendered":"<div class=\"product-short-description\">Balones Cuero 0.7mm Resistente al desgaste Microfibra Cuero Para Material Rugby WINIW 0.7mm Resistente al desgaste Microfibra Cuero Para Material Rugby Caracter\u00edsticas principales include.Ideal para aquellos que buscan calidad y fiabilidad.<\/p>\n<p>Como f\u00e1brica directa, fabricante y mayorista, podemos controlar estrictamente el proceso de producci\u00f3n para garantizar la calidad del producto y, al mismo tiempo, ofrecerle los precios m\u00e1s favorables. Contamos con equipos de producci\u00f3n avanzados y un equipo t\u00e9cnico profesional para satisfacer sus necesidades de pedidos a gran escala y garantizar una entrega puntual.<\/p>\n<\/div>","protected":false},"featured_media":5012,"template":"","meta":[],"product_brand":[],"product_cat":[271],"product_tag":[],"class_list":{"0":"post-29526","1":"product","2":"type-product","3":"status-publish","4":"has-post-thumbnail","6":"product_cat-balls-leather","8":"first","9":"instock","10":"product-type-simple"},"_links":{"self":[{"href":"https:\/\/www.eco-leather.com\/es\/wp-json\/wp\/v2\/product\/29526","targetHints":{"allow":["GET"]}}],"collection":[{"href":"https:\/\/www.eco-leather.com\/es\/wp-json\/wp\/v2\/product"}],"about":[{"href":"https:\/\/www.eco-leather.com\/es\/wp-json\/wp\/v2\/types\/product"}],"wp:featuredmedia":[{"embeddable":true,"href":"https:\/\/www.eco-leather.com\/es\/wp-json\/wp\/v2\/media\/5012"}],"wp:attachment":[{"href":"https:\/\/www.eco-leather.com\/es\/wp-json\/wp\/v2\/media?parent=29526"}],"wp:term":[{"taxonomy":"product_brand","embeddable":true,"href":"https:\/\/www.eco-leather.com\/es\/wp-json\/wp\/v2\/product_brand?post=29526"},{"taxonomy":"product_cat","embeddable":true,"href":"https:\/\/www.eco-leather.com\/es\/wp-json\/wp\/v2\/product_cat?post=29526"},{"taxonomy":"product_tag","embeddable":true,"href":"https:\/\/www.eco-leather.com\/es\/wp-json\/wp\/v2\/product_tag?post=29526"}],"curies":[{"name":"wp","href":"https:\/\/api.w.org\/{rel}","templated":true}]}}