{"id":29502,"date":"2025-09-07T11:04:07","date_gmt":"2025-09-07T03:04:07","guid":{"rendered":"https:\/\/www.eco-leather.com\/product\/2mm-thickness-artificial-pu-microfiber-bags-belt-leather-material\/"},"modified":"2025-09-07T11:04:08","modified_gmt":"2025-09-07T03:04:08","slug":"2mm-de-espesor-artificial-pu-microfibra-bolsas-cinturon-de-cuero-material","status":"publish","type":"product","link":"https:\/\/www.eco-leather.com\/es\/2mm-de-espesor-artificial-pu-microfibra-bolsas-cinturon-de-cuero-material\/","title":{"rendered":"2mm Espesor Artificial PU Microfibra Bolsas Cintur\u00f3n Material Cuero"},"content":{"rendered":"<h2>Aplicaci\u00f3n de material de calidad - Cajas de piel sint\u00e9tica China, Bolsos de piel de segunda mano<\/h2>\n<p><main><\/p>\n<section id=\"product-overview\">\n<h2>Descripci\u00f3n del producto<\/h2>\n<p>Descripci\u00f3n: <strong>Piel sint\u00e9tica Spandex<\/strong> Presentaci\u00f3n del producto<\/p>\n<p>Microfibra <strong>Piel importada<\/strong> El material PU es muy codiciado por sus propiedades \u00fanicas, que lo convierten en una opci\u00f3n excelente para la fabricaci\u00f3n de bolsos y cinturones. A diferencia del cuero aut\u00e9ntico, que requiere pelado y decapado, el cuero sint\u00e9tico de microfibra no necesita nada de eso.<\/p>\n<p>Es f\u00e1cil de limpiar, por lo que mantendr\u00e1 su aspecto nuevo y fresco durante mucho tiempo. Propiedades del producto Proceso de producci\u00f3n<\/p>\n<p>Fabricados con materiales de microfibra de alta calidad, nuestros guantes de piel sint\u00e9tica de microfibra Ultrasuede de 0,7 mm son la elecci\u00f3n perfecta para el ciclismo. Equilibra flexibilidad y resistencia, y ofrece una transpirabilidad excepcional y propiedades de evacuaci\u00f3n de la humedad para mantener las manos frescas y secas durante salidas intensas.<\/p>\n<p>Tanto si eres un ciclista profesional como si te dedicas al ocio, la piel de microfibra este material proporciona una comodidad y una protecci\u00f3n insuperables. Su gran resistencia a las abrasiones y los desgarros garantiza un rendimiento duradero, mientras que su elegante dise\u00f1o a\u00f1ade un toque sofisticado a cualquier conjunto ciclista.<\/p>\n<\/section>\n<section id=\"specifications\">\n<h2>Par\u00e1metros t\u00e9cnicos<\/h2>\n<ul class_=\"parameters-list\">\n<li><span class=\"param-name\">Especificaciones:<\/span> <strong>Vestido Blanco Material Meesho<\/strong> Material: Material Microfibra. Composici\u00f3n: 55 Nylon + 45% Poliuretano. Nombre de la marca WINIW empresa de f\u00e1brica al por mayor de cuero de imitaci\u00f3n ManufacturersThickness: 2mm, 3mm, 3,5mm, 4mm, 5mm Ancho: 54\u2033, 137cm.<\/li>\n<li><span class=\"param-name\">Color:<\/span> Gris, Azul, Rosa, Negro, colores personalizados. Cantidad m\u00ednima de pedido: 300 metros lineales. Plazo de entrega: 15-20 d\u00edas.<\/li>\n<li><span class=\"param-name\">Capacidad de producci\u00f3n:<\/span> 1.000.000 metros mensuales. Caracter\u00edstica Anti-Mildew, resistente a los ara\u00f1azos, sin pelar Lugar de origen China Personalizado S\u00ed Aplicaci\u00f3n Bolsa, cintur\u00f3n de bolsa.<\/li>\n<\/ul>\n<p><img decoding=\"async\" alt=\"Piel sint\u00e9tica de microfibra de 0,7 mm Ultrasuede para guantes de ciclismo - Especificaci\u00f3n del material\" class=\"product-image\" src=\"\/wp-content\/uploads\/2025\/08\/07mm-ultrasuede-microfiber-faux-leather-for-cycling-gloves--37881.jpg\"\/><\/p>\n<h3>Par\u00e1metros del producto<\/h3>\n<ul class=\"parameters-list\">\n<li><span class=\"param-name\">Material:<\/span> Microfibra + PU<\/li>\n<li><span class=\"param-name\">Color:<\/span> Negro, gris, beige (colores personalizados disponibles)<\/li>\n<li><span class=\"param-name\">Grosor:<\/span> 0,6 mm, 0,7 mm, 0,8 mm, 1 mm<\/li>\n<li><span class=\"param-name\">Cantidad m\u00ednima de pedido:<\/span> 300 metros lineales<\/li>\n<li><span class=\"param-name\">Longitud del rollo:<\/span> 20-30 m\/rollo<\/li>\n<li><span class=\"param-name\">Plazo de entrega:<\/span> 15-20 d\u00edas<\/li>\n<li><span class=\"param-name\">Anchura:<\/span> 54\u2033, 137cm<\/li>\n<li><span class=\"param-name\">Capacidad de producci\u00f3n:<\/span> 1.000.000 de metros mensuales<\/li>\n<\/ul>\n<\/section>\n<section id=\"features\">\n<h2>Caracter\u00edsticas del producto<\/h2>\n<div class=\"feature-item\">\n<img decoding=\"async\" alt=\"La producci\u00f3n de material artificial de microfibra puede tener menos impacto en el medio ambiente que la producci\u00f3n tradicional de cuero, ya que no implica la cr\u00eda de ganado ni procesos de curtido que utilicen productos qu\u00edmicos agresivos.\" class=\"feature-image left\" src=\"\/wp-content\/uploads\/2025\/08\/2mm-thickness-artificial-pu-microfiber-bags-belt-leather-material-35072.png\"\/><\/p>\n<h3>Medio ambiente <strong>Servicio de material de cuero impermeable<\/strong> La producci\u00f3n de material artificial de microfibra puede tener menos impacto en el medio ambiente que la producci\u00f3n tradicional de cuero, ya que no implica la cr\u00eda de ganado ni procesos de curtido que utilicen productos qu\u00edmicos agresivos.<\/h3>\n<p>Medio ambiente <strong>Servicio de material de cuero impermeable<\/strong> ecol\u00f3gico La producci\u00f3n de material artificial de microfibra puede tener menos impacto en el medio ambiente que la producci\u00f3n tradicional de cuero, ya que no implica la cr\u00eda de ganado ni procesos de curtido que utilicen productos qu\u00edmicos agresivos.<\/p>\n<div class=\"clear\"><\/div>\n<\/div>\n<div class=\"feature-item\">\n<img decoding=\"async\" alt=\"Microfibra rentableEl cuero PU es normalmente m\u00e1s asequible que el cuero aut\u00e9ntico, lo que lo convierte en una opci\u00f3n atractiva para quienes buscan materiales de alta calidad a un precio m\u00e1s bajo.\" class=\"feature-image left\" src=\"\/wp-content\/uploads\/2025\/08\/2mm-thickness-artificial-pu-microfiber-bags-belt-leather-material-35073.png\"\/><\/p>\n<h3>Microfibra rentableEl cuero PU es normalmente m\u00e1s asequible que el cuero aut\u00e9ntico, lo que lo convierte en una opci\u00f3n atractiva para quienes buscan materiales de alta calidad a un precio m\u00e1s bajo.<\/h3>\n<p>Microfibra rentableLa microfibra de cuero es normalmente m\u00e1s asequible que el cuero aut\u00e9ntico, lo que la convierte en una opci\u00f3n atractiva para quienes buscan materiales de alta calidad a un precio m\u00e1s bajo. Agua <strong>Spray Impermeable Piel de Ante<\/strong> Resistencia A diferencia del cuero aut\u00e9ntico, el cuero artificial es resistente al agua.<\/p>\n<div class=\"clear\"><\/div>\n<\/div>\n<div class=\"feature-item\">\n<img decoding=\"async\" alt=\"No absorbe f\u00e1cilmente el agua ni la humedad, por lo que es menos propenso a las manchas y a los da\u00f1os por derrames.\" class=\"feature-image left\" src=\"\/wp-content\/uploads\/2025\/08\/2mm-thickness-artificial-pu-microfiber-bags-belt-leather-material-35074.png\"\/><\/p>\n<h3>No absorbe f\u00e1cilmente el agua ni la humedad, por lo que es menos propenso a las manchas y a los da\u00f1os por derrames.<\/h3>\n<p>No absorbe f\u00e1cilmente el agua ni la humedad, lo que significa que es menos propenso a mancharse y a sufrir da\u00f1os por derrames. Esta caracter\u00edstica es especialmente \u00fatil para cinturones de bolsos que puedan entrar en contacto con l\u00edquidos.<\/p>\n<div class=\"clear\"><\/div>\n<\/div>\n<div class=\"feature-item\">\n<img decoding=\"async\" alt=\"Alta resistencia al desgarro - Ultrasuede Microfibra Faux Leather para guantes de ciclismo\" class=\"feature-image left\" src=\"\/wp-content\/uploads\/2025\/08\/07mm-ultrasuede-microfiber-faux-leather-for-cycling-gloves--37882.jpg\"\/><\/p>\n<h3>Alta resistencia al desgarro<\/h3>\n<p>Nuestra piel de microfibra Ultrasuede presenta una excepcional resistencia al desgarro, lo que garantiza que no se romper\u00e1 ni deformar\u00e1 f\u00e1cilmente bajo tensi\u00f3n. Esto la hace ideal para productos que requieren durabilidad y rendimiento a largo plazo.<\/p>\n<div class=\"clear\"><\/div>\n<\/div>\n<div class=\"feature-item\">\n<img decoding=\"async\" alt=\"Retenci\u00f3n de la forma - Piel sint\u00e9tica de microfibra Ultrasuede para guantes de ciclismo\" class=\"feature-image right\" src=\"\/wp-content\/uploads\/2025\/08\/07mm-ultrasuede-microfiber-faux-leather-for-cycling-gloves--37883.jpg\"\/><\/p>\n<h3>No es f\u00e1cil de deformar<\/h3>\n<p>Especialmente tratado para mantener su forma original, este material ofrece una excelente elasticidad y estabilidad. Resiste la deformaci\u00f3n por presi\u00f3n externa o estiramiento, manteniendo los productos intactos y atractivos a lo largo del tiempo.<\/p>\n<div class=\"clear\"><\/div>\n<\/div>\n<div class=\"feature-item\">\n<img decoding=\"async\" alt=\"Durabilidad - Piel sint\u00e9tica de microfibra Ultrasuede para guantes de ciclismo\" class=\"feature-image left\" src=\"\/wp-content\/uploads\/2025\/08\/07mm-ultrasuede-microfiber-faux-leather-for-cycling-gloves--37884.jpg\"\/><\/p>\n<h3>Durabilidad<\/h3>\n<p>Extremadamente resistente a la abrasi\u00f3n, los desgarros y los pinchazos, este material garantiza que los guantes se mantengan en \u00f3ptimas condiciones incluso con un uso prolongado. Tambi\u00e9n mantiene una excelente destreza y resistencia para art\u00edculos de piel de alta calidad.<\/p>\n<div class=\"clear\"><\/div>\n<\/div>\n<\/section>\n<p><\/main><\/p>\n<section id=\"inquiry\">\n<h2 style=\"text-align: center;\">Esperamos su consulta.<\/h2>\n<p style=\"text-align: center;\">P\u00f3ngase en contacto con nosotros hoy mismo para obtener m\u00e1s informaci\u00f3n sobre nuestros productos y realizar su pedido.<\/p>\n<\/section>\n\n    <div class=\"xs_social_share_widget xs_share_url after_content \t\tmain_content  wslu-style-1 wslu-share-box-shaped wslu-fill-colored wslu-none wslu-share-horizontal wslu-theme-font-no wslu-main_content\">\n\n\t\t\n        <ul>\n\t\t\t        <\/ul>\n    <\/div>","protected":false},"excerpt":{"rendered":"<div class=\"product-short-description\">Productos 2mm Espesor Artificial PU Microfibra Bolsas Cintur\u00f3n de cuero Material WINIW 2mm Espesor Artificial PU Microfibra Bolsas Cintur\u00f3n de cuero Material Las principales caracter\u00edsticas incluyen.Ideal para aquellos que buscan calidad y fiabilidad.<\/p>\n<p>Como f\u00e1brica directa, fabricante y mayorista, podemos controlar estrictamente el proceso de producci\u00f3n para garantizar la calidad del producto y, al mismo tiempo, ofrecerle los precios m\u00e1s favorables. Contamos con equipos de producci\u00f3n avanzados y un equipo t\u00e9cnico profesional para satisfacer sus necesidades de pedidos a gran escala y garantizar una entrega puntual.<\/p>\n<\/div>","protected":false},"featured_media":4874,"template":"","meta":[],"product_brand":[],"product_cat":[293],"product_tag":[],"class_list":{"0":"post-29502","1":"product","2":"type-product","3":"status-publish","4":"has-post-thumbnail","6":"product_cat-products","8":"first","9":"instock","10":"product-type-simple"},"_links":{"self":[{"href":"https:\/\/www.eco-leather.com\/es\/wp-json\/wp\/v2\/product\/29502","targetHints":{"allow":["GET"]}}],"collection":[{"href":"https:\/\/www.eco-leather.com\/es\/wp-json\/wp\/v2\/product"}],"about":[{"href":"https:\/\/www.eco-leather.com\/es\/wp-json\/wp\/v2\/types\/product"}],"wp:featuredmedia":[{"embeddable":true,"href":"https:\/\/www.eco-leather.com\/es\/wp-json\/wp\/v2\/media\/4874"}],"wp:attachment":[{"href":"https:\/\/www.eco-leather.com\/es\/wp-json\/wp\/v2\/media?parent=29502"}],"wp:term":[{"taxonomy":"product_brand","embeddable":true,"href":"https:\/\/www.eco-leather.com\/es\/wp-json\/wp\/v2\/product_brand?post=29502"},{"taxonomy":"product_cat","embeddable":true,"href":"https:\/\/www.eco-leather.com\/es\/wp-json\/wp\/v2\/product_cat?post=29502"},{"taxonomy":"product_tag","embeddable":true,"href":"https:\/\/www.eco-leather.com\/es\/wp-json\/wp\/v2\/product_tag?post=29502"}],"curies":[{"name":"wp","href":"https:\/\/api.w.org\/{rel}","templated":true}]}}