{"id":29501,"date":"2025-09-07T11:04:07","date_gmt":"2025-09-07T03:04:07","guid":{"rendered":"https:\/\/www.eco-leather.com\/product\/cost-effectiveness-faux-nappa-fabric-microfiber-bags-belt-leather-2\/"},"modified":"2025-09-07T11:04:08","modified_gmt":"2025-09-07T03:04:08","slug":"cost-effectiveness-faux-nappa-fabric-microfiber-bags-belt-leather-2","status":"publish","type":"product","link":"https:\/\/www.eco-leather.com\/es\/cost-effectiveness-faux-nappa-fabric-microfiber-bags-belt-leather-2\/","title":{"rendered":"Cost-effectiveness Faux Nappa Fabric Microfiber Bags Belt Leather"},"content":{"rendered":"<h2>Aplicaci\u00f3n de material de calidad - Bag Fabric Dealers<\/h2>\n<p><main><\/p>\n<section id=\"product-overview\">\n<h2>Descripci\u00f3n del producto<\/h2>\n<p>Descripci\u00f3n: <strong>Tela de sof\u00e1 floral<\/strong> Presentaci\u00f3n del producto<\/p>\n<p>Producto <strong>Distribuidores de tejidos para bolsas<\/strong> Performance:<\/p>\n<p>Fabricados con materiales de microfibra de alta calidad, nuestros guantes de piel sint\u00e9tica de microfibra Ultrasuede de 0,7 mm son la elecci\u00f3n perfecta para el ciclismo. Equilibra flexibilidad y resistencia, y ofrece una transpirabilidad excepcional y propiedades de evacuaci\u00f3n de la humedad para mantener las manos frescas y secas durante salidas intensas.<\/p>\n<p>Tanto si eres un ciclista profesional como si te dedicas al ocio, la piel de microfibra este material proporciona una comodidad y una protecci\u00f3n insuperables. Su gran resistencia a las abrasiones y los desgarros garantiza un rendimiento duradero, mientras que su elegante dise\u00f1o a\u00f1ade un toque sofisticado a cualquier conjunto ciclista.<\/p>\n<\/section>\n<section id=\"specifications\">\n<h2>Par\u00e1metros t\u00e9cnicos<\/h2>\n<ul class_=\"parameters-list\">\n<li><span class=\"param-name\">Producto <strong>Cajas de piel sint\u00e9tica China<\/strong> Especificaci\u00f3n Material:<\/span> Microfiber Faux Leather. Composition: 55 Nylon + 45% Polyurethane. Brand Name WINIW Company Factory Wholesale Faux Leather ManufacturersThickness: 2mm, 3mm, 3.5mm, 4mm, 5mm Width: 54&#8243;, 137cm.<\/li>\n<li><span class=\"param-name\">Color:<\/span> Grey, Blue, Pink, Black, customized colors. Minimum order quantity: 300 linear meters. Lead <strong>Bolsos de piel de segunda mano<\/strong> time: 15-20 days.<\/li>\n<li><span class=\"param-name\">Capacidad de producci\u00f3n:<\/span> 1,000,000 meters monthly. Feature Anti-Mildew,Scratch resistant, No peeling Place of Origin China Customized Yes Application Bag, Bag belt 1.Heavy metals-free: During leather making process, there might be heavy metals pollution.<\/li>\n<p>Luckily, microfiber fabric is heavy metals-free. It is important for leather making to be more eco-friendly. We <strong>Chaqueta de cuero Eco Car<\/strong> WINIW Company Factory Wholesale Faux Leather Manufacturersmade it.<\/p>\n<li><span class=\"param-name\">Our products meets the requirements of environmental protection. 2.Soft:<\/span> Faux nappa leather is very soft and pleasant to the touch. This softness makes leather goods more comfortable.<\/li>\n<p>At the same time, its soft texture also provides greater flexibility in the processing and design of the leather.<\/p>\n<\/ul>\n<p><img decoding=\"async\" alt=\"Piel sint\u00e9tica de microfibra de 0,7 mm Ultrasuede para guantes de ciclismo - Especificaci\u00f3n del material\" class=\"product-image\" src=\"\/wp-content\/uploads\/2025\/08\/07mm-ultrasuede-microfiber-faux-leather-for-cycling-gloves--37881.jpg\"\/><\/p>\n<h3>Par\u00e1metros del producto<\/h3>\n<ul class=\"parameters-list\">\n<li><span class=\"param-name\">Material:<\/span> Microfibra + PU<\/li>\n<li><span class=\"param-name\">Color:<\/span> Negro, gris, beige (colores personalizados disponibles)<\/li>\n<li><span class=\"param-name\">Grosor:<\/span> 0,6 mm, 0,7 mm, 0,8 mm, 1 mm<\/li>\n<li><span class=\"param-name\">Cantidad m\u00ednima de pedido:<\/span> 300 metros lineales<\/li>\n<li><span class=\"param-name\">Longitud del rollo:<\/span> 20-30 m\/rollo<\/li>\n<li><span class=\"param-name\">Plazo de entrega:<\/span> 15-20 d\u00edas<\/li>\n<li><span class=\"param-name\">Anchura:<\/span> 54\u2033, 137cm<\/li>\n<li><span class=\"param-name\">Capacidad de producci\u00f3n:<\/span> 1.000.000 de metros mensuales<\/li>\n<\/ul>\n<\/section>\n<section id=\"why-choose-us\">\n<h2>Por qu\u00e9 elegir WINIW<\/h2>\n<div class=\"advantage-item\">\n<h3>High quality faux nappa microfiber leather is soft, durable, and eco-friendly<\/h3>\n<p>High quality faux nappa microfiber leather is soft, durable, and eco-friendly. It looks and feels like real leather but is much more affordable. WINIW Company Factory Wholesale Faux Leather Manufacturersmicrofiber fabric is dirt-resistant, making it easy to clean and maintain. With its timeless design, this belt leather is perfect for any occasion, giving you a versatile and chic accessory to match your outfit.<\/p>\n<\/div>\n<div class=\"advantage-item\">\n<h3>Garant\u00eda de calidad<\/h3>\n<p>Aplicamos un estricto control de calidad en toda la cadena de producci\u00f3n y suministro, cumpliendo las normas ISO9001. Desde la selecci\u00f3n de materias primas hasta la inspecci\u00f3n final, damos prioridad a los intereses del cliente.<\/p>\n<\/div>\n<div class=\"advantage-item\">\n<h3>Equipo t\u00e9cnico profesional<\/h3>\n<p>Nuestro equipo t\u00e9cnico especializado est\u00e1 formado por profesionales con experiencia en diversos campos, dedicados a suministrar productos de alta calidad y soluciones a medida.<\/p>\n<\/div>\n<div class=\"advantage-item\">\n<h3>Amplia gama de aplicaciones<\/h3>\n<p>Nuestros materiales se utilizan ampliamente en calzado, ropa, maletas, interiores de autom\u00f3viles, muebles de sof\u00e1, etc.<\/p>\n<\/div>\n<div class=\"advantage-item\">\n<h3>Una rica experiencia<\/h3>\n<p>Quanzhou WINIW Import &amp; Export Co., Ltd. cuenta con m\u00e1s de 20 a\u00f1os de experiencia en producci\u00f3n, ofreciendo soluciones perfectas para clientes de todo el mundo.<\/p>\n<\/div>\n<div class=\"advantage-item\">\n<h3>Precio asequible<\/h3>\n<p>Ofrecemos precios competitivos y un excelente servicio de atenci\u00f3n al cliente. Solicite un cat\u00e1logo o visite nuestra f\u00e1brica para explorar nuestros productos.<\/p>\n<\/div>\n<div class=\"advantage-item\">\n<h3>Servicio de atenci\u00f3n al cliente en l\u00ednea 24 horas<\/h3>\n<p>Nuestro equipo est\u00e1 disponible 24 horas al d\u00eda, 7 d\u00edas a la semana, para responder a las consultas y atender los comentarios con prontitud.<\/p>\n<\/div>\n<p><img decoding=\"async\" alt=\"Planta de producci\u00f3n WINIW - Proceso de fabricaci\u00f3n de piel de microfibra Ultrasuede\" class=\"product-image\" src=\"\/wp-content\/uploads\/2025\/08\/07mm-ultrasuede-microfiber-faux-leather-for-cycling-gloves--37888.jpg\"\/><br \/>\n<\/section>\n<p><\/main><\/p>\n<section id=\"inquiry\">\n<h2 style=\"text-align: center;\">Esperamos su consulta.<\/h2>\n<p style=\"text-align: center;\">P\u00f3ngase en contacto con nosotros hoy mismo para obtener m\u00e1s informaci\u00f3n sobre nuestros productos y realizar su pedido.<\/p>\n<\/section>\n\n    <div class=\"xs_social_share_widget xs_share_url after_content \t\tmain_content  wslu-style-1 wslu-share-box-shaped wslu-fill-colored wslu-none wslu-share-horizontal wslu-theme-font-no wslu-main_content\">\n\n\t\t\n        <ul>\n\t\t\t        <\/ul>\n    <\/div>","protected":false},"excerpt":{"rendered":"<div class=\"product-short-description\">Products Cost-effectiveness Faux Nappa Fabric Microfiber Bags Belt Leather WINIW Cost-effectiveness Faux Nappa Fabric Microfiber Bags Belt Leather Key features include.Ideal for those seeking quality and reliability.<\/p>\n<p>Como f\u00e1brica directa, fabricante y mayorista, podemos controlar estrictamente el proceso de producci\u00f3n para garantizar la calidad del producto y, al mismo tiempo, ofrecerle los precios m\u00e1s favorables. Contamos con equipos de producci\u00f3n avanzados y un equipo t\u00e9cnico profesional para satisfacer sus necesidades de pedidos a gran escala y garantizar una entrega puntual.<\/p>\n<\/div>","protected":false},"featured_media":4872,"template":"","meta":[],"product_brand":[],"product_cat":[293],"product_tag":[19216],"class_list":{"0":"post-29501","1":"product","2":"type-product","3":"status-publish","4":"has-post-thumbnail","6":"product_cat-products","7":"product_tag-nappa-leather-fabric-companiesnappa-leather-fabric-manufacturernappa-leather-fabric-private-labelnappa-leather-fabric-makernappa-leather-fabric-wholesalenappa-leather-fabric-importer","9":"first","10":"instock","11":"product-type-simple"},"_links":{"self":[{"href":"https:\/\/www.eco-leather.com\/es\/wp-json\/wp\/v2\/product\/29501","targetHints":{"allow":["GET"]}}],"collection":[{"href":"https:\/\/www.eco-leather.com\/es\/wp-json\/wp\/v2\/product"}],"about":[{"href":"https:\/\/www.eco-leather.com\/es\/wp-json\/wp\/v2\/types\/product"}],"wp:featuredmedia":[{"embeddable":true,"href":"https:\/\/www.eco-leather.com\/es\/wp-json\/wp\/v2\/media\/4872"}],"wp:attachment":[{"href":"https:\/\/www.eco-leather.com\/es\/wp-json\/wp\/v2\/media?parent=29501"}],"wp:term":[{"taxonomy":"product_brand","embeddable":true,"href":"https:\/\/www.eco-leather.com\/es\/wp-json\/wp\/v2\/product_brand?post=29501"},{"taxonomy":"product_cat","embeddable":true,"href":"https:\/\/www.eco-leather.com\/es\/wp-json\/wp\/v2\/product_cat?post=29501"},{"taxonomy":"product_tag","embeddable":true,"href":"https:\/\/www.eco-leather.com\/es\/wp-json\/wp\/v2\/product_tag?post=29501"}],"curies":[{"name":"wp","href":"https:\/\/api.w.org\/{rel}","templated":true}]}}