{"id":29497,"date":"2025-09-07T11:03:56","date_gmt":"2025-09-07T03:03:56","guid":{"rendered":"https:\/\/www.eco-leather.com\/product\/0-5mm-microfiber-suede-pu-faux-suede-leather-jewelry-box-material\/"},"modified":"2025-09-07T11:04:03","modified_gmt":"2025-09-07T03:04:03","slug":"0-5mm-microfiber-suede-pu-faux-suede-leather-jewelry-box-material","status":"publish","type":"product","link":"https:\/\/www.eco-leather.com\/es\/0-5mm-microfiber-suede-pu-faux-suede-leather-jewelry-box-material\/","title":{"rendered":"0.5mm Microfibra de ante PU imitaci\u00f3n de cuero Material de la caja de joyer\u00eda"},"content":{"rendered":"<h2>Durable material for sale &#8211; Second Hand Leather Bags, Automotive LeatherSeats Service Dog<\/h2>\n<p><main><\/p>\n<section id=\"product-overview\">\n<h2>Descripci\u00f3n del producto<\/h2>\n<p>0.5mm <strong>Suela de piel sint\u00e9tica<\/strong> Microfiber Suede PU Faux Suede Leather Jewelry Box Material 01-Specifications &amp; Descriptions<\/p>\n<p>Producto <strong>Cajas de piel sint\u00e9tica China<\/strong> Information First and foremost, this material has a luxurious and soft feel that makes it perfect for jewelry boxes, where delicate and valuable items need to be protected.<\/p>\n<p>The suede-like texture also gives the box an elegant and sophisticated look that is sure to impress. Additionally, <strong>Piel importada<\/strong> 0.5mm microfiber suede PU faux suede leather is a highly durable material that can withstand wear and tear, ensuring that the jewelry box will last for years to come.<\/p>\n<p>It is also resistant to scratches and stains, making it easy to clean and maintain. Furthermore, <strong>Bolsos de piel de segunda mano<\/strong> this type of material is available in a wide range of colors, allowing for endless design possibilities and customization options.<\/p>\n<p>From classic black or brown to more playful pastel shades, the color options are virtually endless.<\/p>\n<p>Fabricados con materiales de microfibra de alta calidad, nuestros guantes de piel sint\u00e9tica de microfibra Ultrasuede de 0,7 mm son la elecci\u00f3n perfecta para el ciclismo. Equilibra flexibilidad y resistencia, y ofrece una transpirabilidad excepcional y propiedades de evacuaci\u00f3n de la humedad para mantener las manos frescas y secas durante salidas intensas.<\/p>\n<p>Tanto si eres un ciclista profesional como si te dedicas al ocio, la piel de microfibra este material proporciona una comodidad y una protecci\u00f3n insuperables. Su gran resistencia a las abrasiones y los desgarros garantiza un rendimiento duradero, mientras que su elegante dise\u00f1o a\u00f1ade un toque sofisticado a cualquier conjunto ciclista.<\/p>\n<\/section>\n<section id=\"specifications\">\n<h2>Par\u00e1metros t\u00e9cnicos<\/h2>\n<p>Par\u00e1metro <strong>Automotive LeatherSeats Service Dog<\/strong> Detalle Textura Liso Ancho 54 , 137cm Color Negro, Blanco, Rojo, Azul, Verde, Amarillo, Rosa, Beige, Colores Personalizados Caracter\u00edstica Ecol\u00f3gico, Antimoho, Antiest\u00e1tico, Etc.<\/p>\n<p>Uso Decoraci\u00f3n de Expositores, Joyeros, Expositores, Vitrinas, Cajas, Cajas de Relojes Grosor 0.4mm-0.8mm<\/p>\n<p><img decoding=\"async\" alt=\"Piel sint\u00e9tica de microfibra de 0,7 mm Ultrasuede para guantes de ciclismo - Especificaci\u00f3n del material\" class=\"product-image\" src=\"\/wp-content\/uploads\/2025\/08\/07mm-ultrasuede-microfiber-faux-leather-for-cycling-gloves--37881.jpg\"\/><\/p>\n<h3>Par\u00e1metros del producto<\/h3>\n<ul class=\"parameters-list\">\n<li><span class=\"param-name\">Material:<\/span> Microfibra + PU<\/li>\n<li><span class=\"param-name\">Color:<\/span> Negro, gris, beige (colores personalizados disponibles)<\/li>\n<li><span class=\"param-name\">Grosor:<\/span> 0,6 mm, 0,7 mm, 0,8 mm, 1 mm<\/li>\n<li><span class=\"param-name\">Cantidad m\u00ednima de pedido:<\/span> 300 metros lineales<\/li>\n<li><span class=\"param-name\">Longitud del rollo:<\/span> 20-30 m\/rollo<\/li>\n<li><span class=\"param-name\">Plazo de entrega:<\/span> 15-20 d\u00edas<\/li>\n<li><span class=\"param-name\">Anchura:<\/span> 54\u2033, 137cm<\/li>\n<li><span class=\"param-name\">Capacidad de producci\u00f3n:<\/span> 1.000.000 de metros mensuales<\/li>\n<\/ul>\n<\/section>\n<section id=\"usage\">\n<h2>Uso y aplicaciones<\/h2>\n<p><img decoding=\"async\" _src=\"\/wp-content\/uploads\/2025\/08\/05mm-microfiber-suede-pu-faux-suede-leather-jewelry-box-material-35054.png\" alt=\"Durable material for sale - Second Hand Leather Bags, Automotive LeatherSeats Service Dog\" src=\"\/wp-content\/uploads\/2025\/08\/05mm-microfiber-suede-pu-faux-suede-leather-jewelry-box-material-35054.png\"\/><\/p>\n<div class=\"usage-point\">\n<h3>En <strong>Bolsos de piel vegana de primera calidad<\/strong> it comes to designing and creating a jewelry box, the material used is a crucial factor in achieving an attractive and durable final product<\/h3>\n<p>En <strong>Bolsos de piel vegana de primera calidad<\/strong> it comes to designing and creating a jewelry box, the material used is a crucial factor in achieving an attractive and durable final product. One popular choice for jewelry box material is 0.5mm microfiber suede PU faux suede leather, which offers several benefits.<\/p>\n<\/div>\n<div class=\"usage-point\">\n<h3>C\u00f3modo y transpirable<\/h3>\n<p>Suave, c\u00f3modo y muy transpirable, este material es perfecto para guantes de ciclismo y otros productos que se utilizan durante periodos prolongados. Mantiene las manos frescas y secas durante actividades extenuantes.<\/p>\n<\/div>\n<div class=\"usage-point\">\n<h3>Ecol\u00f3gico y sostenible<\/h3>\n<p>Nuestra piel sint\u00e9tica de microfibra Ultrasuede incluye opciones respetuosas con el medio ambiente, como las variantes fabricadas con PET reciclado y materiales de origen vegetal, que reducen el impacto medioambiental a la vez que ofrecen diversas texturas.<\/p>\n<\/div>\n<div class=\"usage-point\">\n<h3>Protecci\u00f3n antibacterias y antipolvo<\/h3>\n<p>Las variantes seleccionadas presentan propiedades antibacterianas y resistentes al polvo, por lo que cumplen elevadas normas de higiene ideales para guantes que requieren estrictos controles de calidad y seguridad.<\/p>\n<\/div>\n<div class=\"usage-point\">\n<h3>Diversos escenarios de aplicaci\u00f3n<\/h3>\n<p>Adem\u00e1s de guantes de ciclismo, es adecuado para guantes de dedos, guantes de seguridad y otros tipos de guantes, as\u00ed como calzado, ropa y accesorios.<\/p>\n<\/div>\n<p><img decoding=\"async\" alt=\"Aplicaciones de la piel sint\u00e9tica de microfibra Ultrasuede de 0,7 mm en diversos productos\" class=\"product-image\" src=\"\/wp-content\/uploads\/2025\/08\/07mm-ultrasuede-microfiber-faux-leather-for-cycling-gloves--37885.jpg\"\/><br \/>\n<img decoding=\"async\" alt=\"Guantes de ciclismo de piel de microfibra Ultrasuede - ejemplo de producto\" class=\"product-image\" src=\"\/wp-content\/uploads\/2025\/08\/07mm-ultrasuede-microfiber-faux-leather-for-cycling-gloves--37886.jpg\"\/><br \/>\n<\/section>\n<p><\/main><\/p>\n<section id=\"inquiry\">\n<h2 style=\"text-align: center;\">Esperamos su consulta.<\/h2>\n<p style=\"text-align: center;\">P\u00f3ngase en contacto con nosotros hoy mismo para obtener m\u00e1s informaci\u00f3n sobre nuestros productos y realizar su pedido.<\/p>\n<\/section>\n\n    <div class=\"xs_social_share_widget xs_share_url after_content \t\tmain_content  wslu-style-1 wslu-share-box-shaped wslu-fill-colored wslu-none wslu-share-horizontal wslu-theme-font-no wslu-main_content\">\n\n\t\t\n        <ul>\n\t\t\t        <\/ul>\n    <\/div>","protected":false},"excerpt":{"rendered":"<div class=\"product-short-description\">Products 0.5mm Microfiber Suede PU Faux Suede Leather Jewelry Box Material WINIW 0.5mm Microfiber Suede PU Faux Suede Leather Jewelry Box Material Key features include.Ideal for those seeking quality and reliability.<\/p>\n<p>Como f\u00e1brica directa, fabricante y mayorista, podemos controlar estrictamente el proceso de producci\u00f3n para garantizar la calidad del producto y, al mismo tiempo, ofrecerle los precios m\u00e1s favorables. Contamos con equipos de producci\u00f3n avanzados y un equipo t\u00e9cnico profesional para satisfacer sus necesidades de pedidos a gran escala y garantizar una entrega puntual.<\/p>\n<\/div>","protected":false},"featured_media":4862,"template":"","meta":[],"product_brand":[],"product_cat":[293],"product_tag":[19213],"class_list":{"0":"post-29497","1":"product","2":"type-product","3":"status-publish","4":"has-post-thumbnail","6":"product_cat-products","7":"product_tag-faux-leather-jewelryvegan-leather-jewelryvegan-leather-jewelry-casefaux-leather-jewelry-casefaux-leather-jewelry-bagfaux-leather-jewelry-box","9":"first","10":"instock","11":"product-type-simple"},"_links":{"self":[{"href":"https:\/\/www.eco-leather.com\/es\/wp-json\/wp\/v2\/product\/29497","targetHints":{"allow":["GET"]}}],"collection":[{"href":"https:\/\/www.eco-leather.com\/es\/wp-json\/wp\/v2\/product"}],"about":[{"href":"https:\/\/www.eco-leather.com\/es\/wp-json\/wp\/v2\/types\/product"}],"wp:featuredmedia":[{"embeddable":true,"href":"https:\/\/www.eco-leather.com\/es\/wp-json\/wp\/v2\/media\/4862"}],"wp:attachment":[{"href":"https:\/\/www.eco-leather.com\/es\/wp-json\/wp\/v2\/media?parent=29497"}],"wp:term":[{"taxonomy":"product_brand","embeddable":true,"href":"https:\/\/www.eco-leather.com\/es\/wp-json\/wp\/v2\/product_brand?post=29497"},{"taxonomy":"product_cat","embeddable":true,"href":"https:\/\/www.eco-leather.com\/es\/wp-json\/wp\/v2\/product_cat?post=29497"},{"taxonomy":"product_tag","embeddable":true,"href":"https:\/\/www.eco-leather.com\/es\/wp-json\/wp\/v2\/product_tag?post=29497"}],"curies":[{"name":"wp","href":"https:\/\/api.w.org\/{rel}","templated":true}]}}