{"id":29492,"date":"2025-09-07T11:03:56","date_gmt":"2025-09-07T03:03:56","guid":{"rendered":"https:\/\/www.eco-leather.com\/product\/aging-resistance-synthetic-pu-leather-for-sports-balls\/"},"modified":"2025-09-07T11:04:02","modified_gmt":"2025-09-07T03:04:02","slug":"aging-resistance-synthetic-pu-leather-for-sports-balls","status":"publish","type":"product","link":"https:\/\/www.eco-leather.com\/es\/aging-resistance-synthetic-pu-leather-for-sports-balls\/","title":{"rendered":"Cuero sint\u00e9tico PU resistente al envejecimiento para balones deportivos"},"content":{"rendered":"<h2>Durable material for sale &#8211; Faux Leather Boxes China, Second Hand Leather Bags<\/h2>\n<p><main><\/p>\n<section id=\"product-overview\">\n<h2>Descripci\u00f3n del producto<\/h2>\n<p>R\u00e1pido <strong>Piel de pu estampada<\/strong> Detalle: Descripci\u00f3n:<\/p>\n<p>Con <strong>Automotive LeatherSeats Service Dog<\/strong> its many benefits, it&#8217;s no wonder that Not Easy To Deform PU Material Microfiber Leather is a popular choice for football equipment manufacturers.<\/p>\n<p>Whether you&#8217;re a professional athlete or simply enjoy the game as a hobby, this material is worth considering for your next football-related purchase. So why wait Try Not Easy To Deform PU Material Microfiber Leather today and experience all its benefits for yourself!<\/p>\n<p>Fabricados con materiales de microfibra de alta calidad, nuestros guantes de piel sint\u00e9tica de microfibra Ultrasuede de 0,7 mm son la elecci\u00f3n perfecta para el ciclismo. Equilibra flexibilidad y resistencia, y ofrece una transpirabilidad excepcional y propiedades de evacuaci\u00f3n de la humedad para mantener las manos frescas y secas durante salidas intensas.<\/p>\n<p>Tanto si eres un ciclista profesional como si te dedicas al ocio, la piel de microfibra este material proporciona una comodidad y una protecci\u00f3n insuperables. Su gran resistencia a las abrasiones y los desgarros garantiza un rendimiento duradero, mientras que su elegante dise\u00f1o a\u00f1ade un toque sofisticado a cualquier conjunto ciclista.<\/p>\n<\/section>\n<section id=\"specifications\">\n<h2>Par\u00e1metros t\u00e9cnicos<\/h2>\n<ul class_=\"parameters-list\">\n<li><span class=\"param-name\">Especificaciones:<\/span> <\/li>\n<\/ul>\n<p><img decoding=\"async\" alt=\"Piel sint\u00e9tica de microfibra de 0,7 mm Ultrasuede para guantes de ciclismo - Especificaci\u00f3n del material\" class=\"product-image\" src=\"\/wp-content\/uploads\/2025\/08\/07mm-ultrasuede-microfiber-faux-leather-for-cycling-gloves--37881.jpg\"\/><\/p>\n<h3>Par\u00e1metros del producto<\/h3>\n<ul class=\"parameters-list\">\n<li><span class=\"param-name\">Material:<\/span> Microfibra + PU<\/li>\n<li><span class=\"param-name\">Color:<\/span> Negro, gris, beige (colores personalizados disponibles)<\/li>\n<li><span class=\"param-name\">Grosor:<\/span> 0,6 mm, 0,7 mm, 0,8 mm, 1 mm<\/li>\n<li><span class=\"param-name\">Cantidad m\u00ednima de pedido:<\/span> 300 metros lineales<\/li>\n<li><span class=\"param-name\">Longitud del rollo:<\/span> 20-30 m\/rollo<\/li>\n<li><span class=\"param-name\">Plazo de entrega:<\/span> 15-20 d\u00edas<\/li>\n<li><span class=\"param-name\">Anchura:<\/span> 54\u2033, 137cm<\/li>\n<li><span class=\"param-name\">Capacidad de producci\u00f3n:<\/span> 1.000.000 de metros mensuales<\/li>\n<\/ul>\n<\/section>\n<section id=\"features\">\n<h2>Caracter\u00edsticas del producto<\/h2>\n<div class=\"feature-item\">\n<img decoding=\"async\" alt=\"NotWaterproof Faux LeathermanF\u00e1cil de deformar PU Material de microfibra de cuero es una excelente opci\u00f3n para aplicaciones de f\u00fatbol\" class=\"feature-image left\" src=\"\/wp-content\/uploads\/2025\/08\/aging-resistance-synthetic-pu-leather-for-sports-balls-35038.png\"\/><\/p>\n<h3>No <strong>Leatherman de imitaci\u00f3n impermeable<\/strong> El material de microfibra de cuero PU, f\u00e1cil de deformar, es una opci\u00f3n excelente para aplicaciones futbol\u00edsticas<\/h3>\n<p>No <strong>Leatherman de imitaci\u00f3n impermeable<\/strong> Material de PU f\u00e1cil de deformar La microfibra de cuero es una opci\u00f3n excelente para aplicaciones de f\u00fatbol. Este material proporciona una combinaci\u00f3n de durabilidad, comodidad y estilo dif\u00edcil de encontrar en otros materiales.<\/p>\n<div class=\"clear\"><\/div>\n<\/div>\n<div class=\"feature-item\">\n<img decoding=\"async\" alt=\"Es muy resistente al desgaste, por lo que resulta ideal para su uso en situaciones de gran tensi\u00f3n, como las que se producen durante los partidos de f\u00fatbol.\" class=\"feature-image left\" src=\"\/wp-content\/uploads\/2025\/08\/aging-resistance-synthetic-pu-leather-for-sports-balls-35039.png\"\/><\/p>\n<h3>Es muy resistente al desgaste, por lo que resulta ideal para su uso en situaciones de gran tensi\u00f3n, como las que se producen durante los partidos de f\u00fatbol.<\/h3>\n<p>Es muy resistente al desgaste, por lo que resulta ideal para su uso en situaciones de gran tensi\u00f3n, como las que se producen durante los partidos de f\u00fatbol. Adem\u00e1s, est\u00e1 dise\u00f1ado para ser transpirable y evacuar la humedad, lo que ayuda a mantener a los jugadores frescos y secos durante la actividad f\u00edsica intensa.<\/p>\n<div class=\"clear\"><\/div>\n<\/div>\n<div class=\"feature-item\">\n<img decoding=\"async\" alt=\"Alta resistencia al desgarro - Ultrasuede Microfibra Faux Leather para guantes de ciclismo\" class=\"feature-image left\" src=\"\/wp-content\/uploads\/2025\/08\/07mm-ultrasuede-microfiber-faux-leather-for-cycling-gloves--37882.jpg\"\/><\/p>\n<h3>Alta resistencia al desgarro<\/h3>\n<p>Nuestra piel de microfibra Ultrasuede presenta una excepcional resistencia al desgarro, lo que garantiza que no se romper\u00e1 ni deformar\u00e1 f\u00e1cilmente bajo tensi\u00f3n. Esto la hace ideal para productos que requieren durabilidad y rendimiento a largo plazo.<\/p>\n<div class=\"clear\"><\/div>\n<\/div>\n<div class=\"feature-item\">\n<img decoding=\"async\" alt=\"Retenci\u00f3n de la forma - Piel sint\u00e9tica de microfibra Ultrasuede para guantes de ciclismo\" class=\"feature-image right\" src=\"\/wp-content\/uploads\/2025\/08\/07mm-ultrasuede-microfiber-faux-leather-for-cycling-gloves--37883.jpg\"\/><\/p>\n<h3>No es f\u00e1cil de deformar<\/h3>\n<p>Especialmente tratado para mantener su forma original, este material ofrece una excelente elasticidad y estabilidad. Resiste la deformaci\u00f3n por presi\u00f3n externa o estiramiento, manteniendo los productos intactos y atractivos a lo largo del tiempo.<\/p>\n<div class=\"clear\"><\/div>\n<\/div>\n<div class=\"feature-item\">\n<img decoding=\"async\" alt=\"Durabilidad - Piel sint\u00e9tica de microfibra Ultrasuede para guantes de ciclismo\" class=\"feature-image left\" src=\"\/wp-content\/uploads\/2025\/08\/07mm-ultrasuede-microfiber-faux-leather-for-cycling-gloves--37884.jpg\"\/><\/p>\n<h3>Durabilidad<\/h3>\n<p>Extremadamente resistente a la abrasi\u00f3n, los desgarros y los pinchazos, este material garantiza que los guantes se mantengan en \u00f3ptimas condiciones incluso con un uso prolongado. Tambi\u00e9n mantiene una excelente destreza y resistencia para art\u00edculos de piel de alta calidad.<\/p>\n<div class=\"clear\"><\/div>\n<\/div>\n<\/section>\n<section id=\"usage\">\n<h2>Uso y aplicaciones<\/h2>\n<p><img decoding=\"async\" _src=\"\/wp-content\/uploads\/2025\/08\/aging-resistance-synthetic-pu-leather-for-sports-balls-35037.png\" alt=\"Durable material for sale - Faux Leather Boxes China, Second Hand Leather Bags\" src=\"\/wp-content\/uploads\/2025\/08\/aging-resistance-synthetic-pu-leather-for-sports-balls-35037.png\"\/><\/p>\n<div class=\"usage-point\">\n<h3>WINIW <strong>Importadores de zapatos de piel vegana<\/strong> Company Factory Wholesale Patent Leather Manufacturersaddresses the challenge of long-term performance with its Aging Resistance Synthetic PU Leather <\/h3>\n<p>WINIW <strong>Importadores de zapatos de piel vegana<\/strong> Company Factory Wholesale Patent Leather Manufacturersaddresses the challenge of long-term performance with its Aging Resistance Synthetic PU Leather .<\/p>\n<\/div>\n<div class=\"usage-point\">\n<h3>Infused with advanced UV-stabilizing additives, this material resists degradation from sunlight, ozone, and general wear, ensuring sports balls maintain their shape, color, and functionality over time<\/h3>\n<p>Infused with advanced UV-stabilizing additives, this material resists degradation from sunlight, ozone, and general wear, ensuring sports balls maintain their shape, color, and functionality over time.<\/p>\n<\/div>\n<div class=\"usage-point\">\n<h3>En <strong>Piel importada<\/strong> synthetic PU matrix is designed to prevent cracking and yellowing, while the microfiber backing retains flexibility in varying climates<\/h3>\n<p>En <strong>Piel importada<\/strong> synthetic PU matrix is designed to prevent cracking and yellowing, while the microfiber backing retains flexibility in varying climates. Whether used in footballs, rugby balls, or training equipment, it offers peace of mind for brands seeking to deliver products that stand the test of time.<\/p>\n<\/div>\n<div class=\"usage-point\">\n<h3>WINIW <strong>Zapatos de piel suave al por mayor<\/strong> Company Factory Wholesale Patent Leather Manufacturersaging-resistant technology combines science and craftsmanship for enduring quality<\/h3>\n<p>WINIW <strong>Zapatos de piel suave al por mayor<\/strong> Company Factory Wholesale Patent Leather Manufacturersaging-resistant technology combines science and craftsmanship for enduring quality. Applications: Another advantage of Not Easy To Deform PU Material Microfiber Leather is its ability to resist deformation.<\/p>\n<\/div>\n<div class=\"usage-point\">\n<h3>This means that it can maintain its shape even under heavy pressure, making it ideal for use as a covering for footballs<\/h3>\n<p>This means that it can maintain its shape even under heavy pressure, making it ideal for use as a covering for footballs. Players can count on this material to provide a consistent feel and bounce during practice and games, which can help to improve their performance on the field.<\/p>\n<\/div>\n<div class=\"usage-point\">\n<h3>C\u00f3modo y transpirable<\/h3>\n<p>Suave, c\u00f3modo y muy transpirable, este material es perfecto para guantes de ciclismo y otros productos que se utilizan durante periodos prolongados. Mantiene las manos frescas y secas durante actividades extenuantes.<\/p>\n<\/div>\n<div class=\"usage-point\">\n<h3>Ecol\u00f3gico y sostenible<\/h3>\n<p>Nuestra piel sint\u00e9tica de microfibra Ultrasuede incluye opciones respetuosas con el medio ambiente, como las variantes fabricadas con PET reciclado y materiales de origen vegetal, que reducen el impacto medioambiental a la vez que ofrecen diversas texturas.<\/p>\n<\/div>\n<div class=\"usage-point\">\n<h3>Protecci\u00f3n antibacterias y antipolvo<\/h3>\n<p>Las variantes seleccionadas presentan propiedades antibacterianas y resistentes al polvo, por lo que cumplen elevadas normas de higiene ideales para guantes que requieren estrictos controles de calidad y seguridad.<\/p>\n<\/div>\n<div class=\"usage-point\">\n<h3>Diversos escenarios de aplicaci\u00f3n<\/h3>\n<p>Adem\u00e1s de guantes de ciclismo, es adecuado para guantes de dedos, guantes de seguridad y otros tipos de guantes, as\u00ed como calzado, ropa y accesorios.<\/p>\n<\/div>\n<p><img decoding=\"async\" alt=\"Aplicaciones de la piel sint\u00e9tica de microfibra Ultrasuede de 0,7 mm en diversos productos\" class=\"product-image\" src=\"\/wp-content\/uploads\/2025\/08\/07mm-ultrasuede-microfiber-faux-leather-for-cycling-gloves--37885.jpg\"\/><br \/>\n<img decoding=\"async\" alt=\"Guantes de ciclismo de piel de microfibra Ultrasuede - ejemplo de producto\" class=\"product-image\" src=\"\/wp-content\/uploads\/2025\/08\/07mm-ultrasuede-microfiber-faux-leather-for-cycling-gloves--37886.jpg\"\/><br \/>\n<\/section>\n<p><\/main><\/p>\n<section id=\"inquiry\">\n<h2 style=\"text-align: center;\">Esperamos su consulta.<\/h2>\n<p style=\"text-align: center;\">P\u00f3ngase en contacto con nosotros hoy mismo para obtener m\u00e1s informaci\u00f3n sobre nuestros productos y realizar su pedido.<\/p>\n<\/section>\n\n    <div class=\"xs_social_share_widget xs_share_url after_content \t\tmain_content  wslu-style-1 wslu-share-box-shaped wslu-fill-colored wslu-none wslu-share-horizontal wslu-theme-font-no wslu-main_content\">\n\n\t\t\n        <ul>\n\t\t\t        <\/ul>\n    <\/div>","protected":false},"excerpt":{"rendered":"<div class=\"product-short-description\">Balls Leather Aging Resistance Synthetic PU Leather for Sports Balls WINIW Aging Resistance Synthetic PU Leather for Sports Balls Key features include.Ideal for those seeking quality and reliability.<\/p>\n<p>Como f\u00e1brica directa, fabricante y mayorista, podemos controlar estrictamente el proceso de producci\u00f3n para garantizar la calidad del producto y, al mismo tiempo, ofrecerle los precios m\u00e1s favorables. Contamos con equipos de producci\u00f3n avanzados y un equipo t\u00e9cnico profesional para satisfacer sus necesidades de pedidos a gran escala y garantizar una entrega puntual.<\/p>\n<\/div>","protected":false},"featured_media":4838,"template":"","meta":[],"product_brand":[],"product_cat":[271],"product_tag":[],"class_list":{"0":"post-29492","1":"product","2":"type-product","3":"status-publish","4":"has-post-thumbnail","6":"product_cat-balls-leather","8":"first","9":"instock","10":"product-type-simple"},"_links":{"self":[{"href":"https:\/\/www.eco-leather.com\/es\/wp-json\/wp\/v2\/product\/29492","targetHints":{"allow":["GET"]}}],"collection":[{"href":"https:\/\/www.eco-leather.com\/es\/wp-json\/wp\/v2\/product"}],"about":[{"href":"https:\/\/www.eco-leather.com\/es\/wp-json\/wp\/v2\/types\/product"}],"wp:featuredmedia":[{"embeddable":true,"href":"https:\/\/www.eco-leather.com\/es\/wp-json\/wp\/v2\/media\/4838"}],"wp:attachment":[{"href":"https:\/\/www.eco-leather.com\/es\/wp-json\/wp\/v2\/media?parent=29492"}],"wp:term":[{"taxonomy":"product_brand","embeddable":true,"href":"https:\/\/www.eco-leather.com\/es\/wp-json\/wp\/v2\/product_brand?post=29492"},{"taxonomy":"product_cat","embeddable":true,"href":"https:\/\/www.eco-leather.com\/es\/wp-json\/wp\/v2\/product_cat?post=29492"},{"taxonomy":"product_tag","embeddable":true,"href":"https:\/\/www.eco-leather.com\/es\/wp-json\/wp\/v2\/product_tag?post=29492"}],"curies":[{"name":"wp","href":"https:\/\/api.w.org\/{rel}","templated":true}]}}