{"id":29476,"date":"2025-09-07T11:03:44","date_gmt":"2025-09-07T03:03:44","guid":{"rendered":"https:\/\/www.eco-leather.com\/product\/resistant-to-wear-and-tear-pu-synthetic-leather-for-fistball\/"},"modified":"2025-09-07T11:03:51","modified_gmt":"2025-09-07T03:03:51","slug":"resistente-al-desgaste-pu-piel-sintetica-para-fistball","status":"publish","type":"product","link":"https:\/\/www.eco-leather.com\/es\/resistente-al-desgaste-pu-piel-sintetica-para-fistball\/","title":{"rendered":"Resistente al desgaste Cuero sint\u00e9tico PU para Fistball"},"content":{"rendered":"<h2>Producto de primera calidad de la tela - Cajas de cuero de imitaci\u00f3n China, Eco Car chaqueta de cuero<\/h2>\n<p><main><\/p>\n<section id=\"product-overview\">\n<h2>Descripci\u00f3n del producto<\/h2>\n<p>R\u00e1pido <strong>Piel sint\u00e9tica Spandex<\/strong> Detalle:<\/p>\n<p>Fabricados con materiales de microfibra de alta calidad, nuestros guantes de piel sint\u00e9tica de microfibra Ultrasuede de 0,7 mm son la elecci\u00f3n perfecta para el ciclismo. Equilibra flexibilidad y resistencia, y ofrece una transpirabilidad excepcional y propiedades de evacuaci\u00f3n de la humedad para mantener las manos frescas y secas durante salidas intensas.<\/p>\n<p>Tanto si eres un ciclista profesional como si te dedicas al ocio, la piel de microfibra este material proporciona una comodidad y una protecci\u00f3n insuperables. Su gran resistencia a las abrasiones y los desgarros garantiza un rendimiento duradero, mientras que su elegante dise\u00f1o a\u00f1ade un toque sofisticado a cualquier conjunto ciclista.<\/p>\n<\/section>\n<section id=\"specifications\">\n<h2>Par\u00e1metros t\u00e9cnicos<\/h2>\n<ul class_=\"parameters-list\">\n<li><span class=\"param-name\"><strong>Cajas de piel sint\u00e9tica China<\/strong> Especificaciones:<\/span> <\/li>\n<\/ul>\n<p><img decoding=\"async\" alt=\"Piel sint\u00e9tica de microfibra de 0,7 mm Ultrasuede para guantes de ciclismo - Especificaci\u00f3n del material\" class=\"product-image\" src=\"\/wp-content\/uploads\/2025\/08\/07mm-ultrasuede-microfiber-faux-leather-for-cycling-gloves--37881.jpg\"\/><\/p>\n<h3>Par\u00e1metros del producto<\/h3>\n<ul class=\"parameters-list\">\n<li><span class=\"param-name\">Material:<\/span> Microfibra + PU<\/li>\n<li><span class=\"param-name\">Color:<\/span> Negro, gris, beige (colores personalizados disponibles)<\/li>\n<li><span class=\"param-name\">Grosor:<\/span> 0,6 mm, 0,7 mm, 0,8 mm, 1 mm<\/li>\n<li><span class=\"param-name\">Cantidad m\u00ednima de pedido:<\/span> 300 metros lineales<\/li>\n<li><span class=\"param-name\">Longitud del rollo:<\/span> 20-30 m\/rollo<\/li>\n<li><span class=\"param-name\">Plazo de entrega:<\/span> 15-20 d\u00edas<\/li>\n<li><span class=\"param-name\">Anchura:<\/span> 54\u2033, 137cm<\/li>\n<li><span class=\"param-name\">Capacidad de producci\u00f3n:<\/span> 1.000.000 de metros mensuales<\/li>\n<\/ul>\n<\/section>\n<section id=\"features\">\n<h2>Caracter\u00edsticas del producto<\/h2>\n<div class=\"feature-item\">\n<img decoding=\"async\" alt=\"WINIWaterproof Faux Leather CustomizeCompany Factory Wholesale Synthetic Leather ManufacturersResistant to Wear and Tear PU Synthetic Leather is built for the high-impact world of fistball\" class=\"feature-image left\" src=\"\/wp-content\/uploads\/2025\/08\/resistant-to-wear-and-tear-pu-synthetic-leather-for-fistball-34972.png\"\/><\/p>\n<h3>WINIW <strong>Piel sint\u00e9tica impermeable Personalizar<\/strong> Company Factory Mayorista de cuero sint\u00e9tico ManufacturersResistant al desgaste de cuero sint\u00e9tico PU est\u00e1 construido para el mundo de alto impacto de fistball<\/h3>\n<p>WINIW <strong>Piel sint\u00e9tica impermeable Personalizar<\/strong> F\u00e1brica de la empresa Fabricantes de cuero sint\u00e9tico al por mayorResistente al desgaste El cuero sint\u00e9tico PU est\u00e1 dise\u00f1ado para el mundo de alto impacto del fistball.<\/p>\n<div class=\"clear\"><\/div>\n<\/div>\n<div class=\"feature-item\">\n<img decoding=\"async\" alt=\"Combinando una resistente capa exterior de PU con un n\u00facleo de microfibra reforzada, este material resiste los golpes, los rasgu\u00f1os y la exposici\u00f3n constante a los elementos del exterior.\" class=\"feature-image left\" src=\"\/wp-content\/uploads\/2025\/08\/resistant-to-wear-and-tear-pu-synthetic-leather-for-fistball-34973.png\"\/><\/p>\n<h3>Combinando una resistente capa exterior de PU con un n\u00facleo de microfibra reforzada, este material resiste los golpes, los rasgu\u00f1os y la exposici\u00f3n constante a los elementos del exterior.<\/h3>\n<p>Combinando una resistente capa exterior de PU con un n\u00facleo de microfibra reforzada, este material resiste los golpes constantes, los rasgu\u00f1os y la exposici\u00f3n a los elementos del exterior. El revestimiento de PU est\u00e1 dise\u00f1ado para repeler la humedad, evitando la hinchaz\u00f3n y el aumento de peso durante los partidos en mojado, mientras que la base de microfibra mantiene la integridad estructural a trav\u00e9s de impactos repetidos.<\/p>\n<div class=\"clear\"><\/div>\n<\/div>\n<div class=\"feature-item\">\n<h3>Ideal para uso en interiores y exteriores, reduce los costes de mantenimiento y prolonga la vida \u00fatil del producto, lo que lo convierte en una opci\u00f3n fiable tanto para deportistas como para fabricantes.<\/h3>\n<p>Ideal para uso en interiores y al aire libre, reduce los costes de mantenimiento y prolonga la vida \u00fatil del producto, por lo que es una opci\u00f3n fiable para los atletas y fabricantes por igual. WINIW Company Factory Wholesale Synthetic Leather Manufacturersfocus en durabilidad asegura este cuero realiza constantemente, juego tras juego.<\/p>\n<div class=\"clear\"><\/div>\n<\/div>\n<div class=\"feature-item\">\n<h3>Super <strong>Spray Impermeable Piel de Ante<\/strong> Tacto de la piel Hace referencia al tacto de la superficie de la piel, normalmente se refiere a un tacto suave, liso y c\u00f3modo<\/h3>\n<p>Super <strong>Spray Impermeable Piel de Ante<\/strong> Tacto de la piel Se refiere al tacto de la superficie de la piel, normalmente referido a un tacto suave, liso y confortable. Este tipo de cuero suele dar una sensaci\u00f3n lujosa y de categor\u00eda, adem\u00e1s de ser muy c\u00f3modo.<\/p>\n<div class=\"clear\"><\/div>\n<\/div>\n<div class=\"feature-item\">\n<h3>Super Leather Las pieles con tacto se suelen utilizar en productos de gama alta para mejorar la calidad general del producto.<\/h3>\n<p>Superpiel Las pieles con tacto se utilizan a menudo para productos de gama alta con el fin de mejorar la calidad general del producto. Gran durabilidad Permite que los productos de cuero resistan largos periodos de uso y el desgaste diario sin sufrir da\u00f1os ni desgarros excesivos.<\/p>\n<div class=\"clear\"><\/div>\n<\/div>\n<div class=\"feature-item\">\n<h3>Esta propiedad hace de los productos de cuero una inversi\u00f3n de alta calidad, duradera y rentable, especialmente en \u00e1mbitos como el calzado, los bolsos y los muebles.<\/h3>\n<p>Esta propiedad hace de los productos de cuero una inversi\u00f3n de alta calidad, duradera y rentable, especialmente en \u00e1mbitos como el calzado, los bolsos y los muebles. Envejecimiento <strong>Leatherman de imitaci\u00f3n impermeable<\/strong> Resistencia Esto significa que la piel es capaz de mantener su textura y aspecto durante un uso y almacenamiento prolongados, y no es propensa a endurecerse, agrietarse, perder color y otros fen\u00f3menos.<\/p>\n<div class=\"clear\"><\/div>\n<\/div>\n<div class=\"feature-item\">\n<h3>Esta caracter\u00edstica hace que los productos de cuero sean duraderos, se utilizan a menudo en la producci\u00f3n de art\u00edculos de cuero de gama alta, muebles y otros productos, y pueden preservar el buen aspecto y la calidad.<\/h3>\n<p>Esta caracter\u00edstica hace que los productos de cuero sean duraderos, se utilizan a menudo en la producci\u00f3n de art\u00edculos de cuero de alta gama, muebles y otros productos, y pueden preservar la buena apariencia y calidad. Nuestro baloncesto de alta resistencia al desgarro de imitaci\u00f3n de cuero artificial ofrece una serie de ventajas competitivas que lo convierten en la opci\u00f3n ideal para pelotas de baloncesto.<\/p>\n<div class=\"clear\"><\/div>\n<\/div>\n<div class=\"feature-item\">\n<h3>Este innovador material est\u00e1 dise\u00f1ado para soportar los rigores del juego intenso, ofreciendo una resistencia y durabilidad superiores en comparaci\u00f3n con los materiales de cuero tradicionales.<\/h3>\n<p>Este innovador material est\u00e1 dise\u00f1ado para soportar los rigores de un juego intenso, ofreciendo una resistencia y durabilidad superiores a las de los materiales de cuero tradicionales. Una de las mayores ventajas de este material es su gran resistencia al desgarro, lo que significa que es menos propenso a sufrir da\u00f1os por impactos y abrasiones.<\/p>\n<div class=\"clear\"><\/div>\n<\/div>\n<div class=\"feature-item\">\n<h3>Esto lo convierte en la opci\u00f3n ideal para balones de baloncesto de uso frecuente y sometidos a un juego duro.<\/h3>\n<p>Esto lo convierte en una opci\u00f3n ideal para balones de baloncesto que se utilizar\u00e1n con frecuencia y estar\u00e1n sometidos a un juego duro.<\/p>\n<div class=\"clear\"><\/div>\n<\/div>\n<div class=\"feature-item\">\n<img decoding=\"async\" alt=\"Alta resistencia al desgarro - Ultrasuede Microfibra Faux Leather para guantes de ciclismo\" class=\"feature-image left\" src=\"\/wp-content\/uploads\/2025\/08\/07mm-ultrasuede-microfiber-faux-leather-for-cycling-gloves--37882.jpg\"\/><\/p>\n<h3>Alta resistencia al desgarro<\/h3>\n<p>Nuestra piel de microfibra Ultrasuede presenta una excepcional resistencia al desgarro, lo que garantiza que no se romper\u00e1 ni deformar\u00e1 f\u00e1cilmente bajo tensi\u00f3n. Esto la hace ideal para productos que requieren durabilidad y rendimiento a largo plazo.<\/p>\n<div class=\"clear\"><\/div>\n<\/div>\n<div class=\"feature-item\">\n<img decoding=\"async\" alt=\"Retenci\u00f3n de la forma - Piel sint\u00e9tica de microfibra Ultrasuede para guantes de ciclismo\" class=\"feature-image right\" src=\"\/wp-content\/uploads\/2025\/08\/07mm-ultrasuede-microfiber-faux-leather-for-cycling-gloves--37883.jpg\"\/><\/p>\n<h3>No es f\u00e1cil de deformar<\/h3>\n<p>Especialmente tratado para mantener su forma original, este material ofrece una excelente elasticidad y estabilidad. Resiste la deformaci\u00f3n por presi\u00f3n externa o estiramiento, manteniendo los productos intactos y atractivos a lo largo del tiempo.<\/p>\n<div class=\"clear\"><\/div>\n<\/div>\n<div class=\"feature-item\">\n<img decoding=\"async\" alt=\"Durabilidad - Piel sint\u00e9tica de microfibra Ultrasuede para guantes de ciclismo\" class=\"feature-image left\" src=\"\/wp-content\/uploads\/2025\/08\/07mm-ultrasuede-microfiber-faux-leather-for-cycling-gloves--37884.jpg\"\/><\/p>\n<h3>Durabilidad<\/h3>\n<p>Extremadamente resistente a la abrasi\u00f3n, los desgarros y los pinchazos, este material garantiza que los guantes se mantengan en \u00f3ptimas condiciones incluso con un uso prolongado. Tambi\u00e9n mantiene una excelente destreza y resistencia para art\u00edculos de piel de alta calidad.<\/p>\n<div class=\"clear\"><\/div>\n<\/div>\n<\/section>\n<section id=\"usage\">\n<h2>Uso y aplicaciones<\/h2>\n<div class=\"usage-point\">\n<h3>Aplicaci\u00f3n<\/h3>\n<p><strong>Bolsos de piel de segunda mano<\/strong> Aplicaciones:<\/p>\n<\/div>\n<div class=\"usage-point\">\n<h3>C\u00f3modo y transpirable<\/h3>\n<p>Suave, c\u00f3modo y muy transpirable, este material es perfecto para guantes de ciclismo y otros productos que se utilizan durante periodos prolongados. Mantiene las manos frescas y secas durante actividades extenuantes.<\/p>\n<\/div>\n<div class=\"usage-point\">\n<h3>Ecol\u00f3gico y sostenible<\/h3>\n<p>Nuestra piel sint\u00e9tica de microfibra Ultrasuede incluye opciones respetuosas con el medio ambiente, como las variantes fabricadas con PET reciclado y materiales de origen vegetal, que reducen el impacto medioambiental a la vez que ofrecen diversas texturas.<\/p>\n<\/div>\n<div class=\"usage-point\">\n<h3>Protecci\u00f3n antibacterias y antipolvo<\/h3>\n<p>Las variantes seleccionadas presentan propiedades antibacterianas y resistentes al polvo, por lo que cumplen elevadas normas de higiene ideales para guantes que requieren estrictos controles de calidad y seguridad.<\/p>\n<\/div>\n<div class=\"usage-point\">\n<h3>Diversos escenarios de aplicaci\u00f3n<\/h3>\n<p>Adem\u00e1s de guantes de ciclismo, es adecuado para guantes de dedos, guantes de seguridad y otros tipos de guantes, as\u00ed como calzado, ropa y accesorios.<\/p>\n<\/div>\n<p><img decoding=\"async\" alt=\"Aplicaciones de la piel sint\u00e9tica de microfibra Ultrasuede de 0,7 mm en diversos productos\" class=\"product-image\" src=\"\/wp-content\/uploads\/2025\/08\/07mm-ultrasuede-microfiber-faux-leather-for-cycling-gloves--37885.jpg\"\/><br \/>\n<img decoding=\"async\" alt=\"Guantes de ciclismo de piel de microfibra Ultrasuede - ejemplo de producto\" class=\"product-image\" src=\"\/wp-content\/uploads\/2025\/08\/07mm-ultrasuede-microfiber-faux-leather-for-cycling-gloves--37886.jpg\"\/><br \/>\n<\/section>\n<section id=\"why-choose-us\">\n<h2>Por qu\u00e9 elegir WINIW<\/h2>\n<div class=\"advantage-item\">\n<h3>Nuestras ventajas<\/h3>\n<p>Ventaja competitiva:<\/p>\n<\/div>\n<div class=\"advantage-item\">\n<h3>Garant\u00eda de calidad<\/h3>\n<p>Aplicamos un estricto control de calidad en toda la cadena de producci\u00f3n y suministro, cumpliendo las normas ISO9001. Desde la selecci\u00f3n de materias primas hasta la inspecci\u00f3n final, damos prioridad a los intereses del cliente.<\/p>\n<\/div>\n<div class=\"advantage-item\">\n<h3>Equipo t\u00e9cnico profesional<\/h3>\n<p>Nuestro equipo t\u00e9cnico especializado est\u00e1 formado por profesionales con experiencia en diversos campos, dedicados a suministrar productos de alta calidad y soluciones a medida.<\/p>\n<\/div>\n<div class=\"advantage-item\">\n<h3>Amplia gama de aplicaciones<\/h3>\n<p>Nuestros materiales se utilizan ampliamente en calzado, ropa, maletas, interiores de autom\u00f3viles, muebles de sof\u00e1, etc.<\/p>\n<\/div>\n<div class=\"advantage-item\">\n<h3>Una rica experiencia<\/h3>\n<p>Quanzhou WINIW Import &amp; Export Co., Ltd. cuenta con m\u00e1s de 20 a\u00f1os de experiencia en producci\u00f3n, ofreciendo soluciones perfectas para clientes de todo el mundo.<\/p>\n<\/div>\n<div class=\"advantage-item\">\n<h3>Precio asequible<\/h3>\n<p>Ofrecemos precios competitivos y un excelente servicio de atenci\u00f3n al cliente. Solicite un cat\u00e1logo o visite nuestra f\u00e1brica para explorar nuestros productos.<\/p>\n<\/div>\n<div class=\"advantage-item\">\n<h3>Servicio de atenci\u00f3n al cliente en l\u00ednea 24 horas<\/h3>\n<p>Nuestro equipo est\u00e1 disponible 24 horas al d\u00eda, 7 d\u00edas a la semana, para responder a las consultas y atender los comentarios con prontitud.<\/p>\n<\/div>\n<p><img decoding=\"async\" alt=\"Planta de producci\u00f3n WINIW - Proceso de fabricaci\u00f3n de piel de microfibra Ultrasuede\" class=\"product-image\" src=\"\/wp-content\/uploads\/2025\/08\/07mm-ultrasuede-microfiber-faux-leather-for-cycling-gloves--37888.jpg\"\/><br \/>\n<\/section>\n<p><\/main><\/p>\n<section id=\"inquiry\">\n<h2 style=\"text-align: center;\">Esperamos su consulta.<\/h2>\n<p style=\"text-align: center;\">P\u00f3ngase en contacto con nosotros hoy mismo para obtener m\u00e1s informaci\u00f3n sobre nuestros productos y realizar su pedido.<\/p>\n<\/section>\n\n    <div class=\"xs_social_share_widget xs_share_url after_content \t\tmain_content  wslu-style-1 wslu-share-box-shaped wslu-fill-colored wslu-none wslu-share-horizontal wslu-theme-font-no wslu-main_content\">\n\n\t\t\n        <ul>\n\t\t\t        <\/ul>\n    <\/div>","protected":false},"excerpt":{"rendered":"<div class=\"product-short-description\">Bolas de cuero resistente al desgaste de cuero sint\u00e9tico PU para Fistball WINIW resistente al desgaste de cuero sint\u00e9tico PU para Fistball Las caracter\u00edsticas clave incluyen.Ideal para aquellos que buscan calidad y fiabilidad.<\/p>\n<p>Como f\u00e1brica directa, fabricante y mayorista, podemos controlar estrictamente el proceso de producci\u00f3n para garantizar la calidad del producto y, al mismo tiempo, ofrecerle los precios m\u00e1s favorables. Contamos con equipos de producci\u00f3n avanzados y un equipo t\u00e9cnico profesional para satisfacer sus necesidades de pedidos a gran escala y garantizar una entrega puntual.<\/p>\n<\/div>","protected":false},"featured_media":4779,"template":"","meta":[],"product_brand":[],"product_cat":[271],"product_tag":[],"class_list":{"0":"post-29476","1":"product","2":"type-product","3":"status-publish","4":"has-post-thumbnail","6":"product_cat-balls-leather","8":"first","9":"instock","10":"product-type-simple"},"_links":{"self":[{"href":"https:\/\/www.eco-leather.com\/es\/wp-json\/wp\/v2\/product\/29476","targetHints":{"allow":["GET"]}}],"collection":[{"href":"https:\/\/www.eco-leather.com\/es\/wp-json\/wp\/v2\/product"}],"about":[{"href":"https:\/\/www.eco-leather.com\/es\/wp-json\/wp\/v2\/types\/product"}],"wp:featuredmedia":[{"embeddable":true,"href":"https:\/\/www.eco-leather.com\/es\/wp-json\/wp\/v2\/media\/4779"}],"wp:attachment":[{"href":"https:\/\/www.eco-leather.com\/es\/wp-json\/wp\/v2\/media?parent=29476"}],"wp:term":[{"taxonomy":"product_brand","embeddable":true,"href":"https:\/\/www.eco-leather.com\/es\/wp-json\/wp\/v2\/product_brand?post=29476"},{"taxonomy":"product_cat","embeddable":true,"href":"https:\/\/www.eco-leather.com\/es\/wp-json\/wp\/v2\/product_cat?post=29476"},{"taxonomy":"product_tag","embeddable":true,"href":"https:\/\/www.eco-leather.com\/es\/wp-json\/wp\/v2\/product_tag?post=29476"}],"curies":[{"name":"wp","href":"https:\/\/api.w.org\/{rel}","templated":true}]}}