{"id":29471,"date":"2025-09-07T11:03:44","date_gmt":"2025-09-07T03:03:44","guid":{"rendered":"https:\/\/www.eco-leather.com\/product\/texture-vegan-artificial-fabric-for-ball-leather\/"},"modified":"2025-09-07T11:03:50","modified_gmt":"2025-09-07T03:03:50","slug":"texture-vegan-artificial-fabric-for-ball-leather","status":"publish","type":"product","link":"https:\/\/www.eco-leather.com\/es\/texture-vegan-artificial-fabric-for-ball-leather\/","title":{"rendered":"Textura Vegana Tejido Artificial para Cuero de Bola"},"content":{"rendered":"<h2>High quality material &#8211; Garment Leather Imported<\/h2>\n<p><main><\/p>\n<section id=\"product-overview\">\n<h2>Descripci\u00f3n del producto<\/h2>\n<p>R\u00e1pido <strong>Tela de sof\u00e1 floral<\/strong> Detalle: Descripci\u00f3n:<\/p>\n<p>That <strong>Piel importada<\/strong> &#8220;Wow&#8221; Texture Ever touched something and just gone, &#8220;Whoa, that feels amazing &#8221; Yeah, that&#8217;s our fabric  It has this perfect textured feel that makes people want to reach out and touch it.<\/p>\n<p>Whether it&#8217;s a basketball or a handbag, customers will be drawn to your products just from the feel. Built to Last This fabric doesn&#8217;t just look good   it&#8217;s tough as nails  It resists wear and tear, so your products will stay looking fresh and new for ages.<\/p>\n<p>No flaking, no fading, no worries. It&#8217;s <strong>Distribuidores de tejidos para bolsas<\/strong> like giving your customers a product that can go the distance . Eco-Friendly &amp; Animal-Loving Love animals  Care about the planet  Then you&#8217;ll LOVE our fabric  It&#8217;s 100% vegan and made with sustainable practices.<\/p>\n<p>No harm to animals, no damage to the earth. Just happy customers and a happy planet.<\/p>\n<p>Fabricados con materiales de microfibra de alta calidad, nuestros guantes de piel sint\u00e9tica de microfibra Ultrasuede de 0,7 mm son la elecci\u00f3n perfecta para el ciclismo. Equilibra flexibilidad y resistencia, y ofrece una transpirabilidad excepcional y propiedades de evacuaci\u00f3n de la humedad para mantener las manos frescas y secas durante salidas intensas.<\/p>\n<p>Tanto si eres un ciclista profesional como si te dedicas al ocio, la piel de microfibra este material proporciona una comodidad y una protecci\u00f3n insuperables. Su gran resistencia a las abrasiones y los desgarros garantiza un rendimiento duradero, mientras que su elegante dise\u00f1o a\u00f1ade un toque sofisticado a cualquier conjunto ciclista.<\/p>\n<\/section>\n<section id=\"features\">\n<h2>Caracter\u00edsticas del producto<\/h2>\n<div class=\"feature-item\">\n<img decoding=\"async\" alt=\"NotSuede Leather Waterproof SprayEasy To Deform PU Material Microfiber Leather is an excellent choice for football applications\" class=\"feature-image left\" src=\"\/wp-content\/uploads\/2025\/08\/texture-vegan-artificial-fabric-for-ball-leather-34958.png\"\/><\/p>\n<h3>No <strong>Spray Impermeable Piel de Ante<\/strong> El material de microfibra de cuero PU, f\u00e1cil de deformar, es una opci\u00f3n excelente para aplicaciones futbol\u00edsticas<\/h3>\n<p>No <strong>Spray Impermeable Piel de Ante<\/strong> Material de PU f\u00e1cil de deformar La microfibra de cuero es una opci\u00f3n excelente para aplicaciones de f\u00fatbol. Este material proporciona una combinaci\u00f3n de durabilidad, comodidad y estilo dif\u00edcil de encontrar en otros materiales.<\/p>\n<div class=\"clear\"><\/div>\n<\/div>\n<div class=\"feature-item\">\n<img decoding=\"async\" alt=\"Es muy resistente al desgaste, por lo que resulta ideal para su uso en situaciones de gran tensi\u00f3n, como las que se producen durante los partidos de f\u00fatbol.\" class=\"feature-image left\" src=\"\/wp-content\/uploads\/2025\/08\/texture-vegan-artificial-fabric-for-ball-leather-34959.png\"\/><\/p>\n<h3>Es muy resistente al desgaste, por lo que resulta ideal para su uso en situaciones de gran tensi\u00f3n, como las que se producen durante los partidos de f\u00fatbol.<\/h3>\n<p>Es muy resistente al desgaste, por lo que resulta ideal para su uso en situaciones de gran tensi\u00f3n, como las que se producen durante los partidos de f\u00fatbol. Adem\u00e1s, est\u00e1 dise\u00f1ado para ser transpirable y evacuar la humedad, lo que ayuda a mantener a los jugadores frescos y secos durante la actividad f\u00edsica intensa.<\/p>\n<div class=\"clear\"><\/div>\n<\/div>\n<div class=\"feature-item\">\n<img decoding=\"async\" alt=\"Alta resistencia al desgarro - Ultrasuede Microfibra Faux Leather para guantes de ciclismo\" class=\"feature-image left\" src=\"\/wp-content\/uploads\/2025\/08\/07mm-ultrasuede-microfiber-faux-leather-for-cycling-gloves--37882.jpg\"\/><\/p>\n<h3>Alta resistencia al desgarro<\/h3>\n<p>Nuestra piel de microfibra Ultrasuede presenta una excepcional resistencia al desgarro, lo que garantiza que no se romper\u00e1 ni deformar\u00e1 f\u00e1cilmente bajo tensi\u00f3n. Esto la hace ideal para productos que requieren durabilidad y rendimiento a largo plazo.<\/p>\n<div class=\"clear\"><\/div>\n<\/div>\n<div class=\"feature-item\">\n<img decoding=\"async\" alt=\"Retenci\u00f3n de la forma - Piel sint\u00e9tica de microfibra Ultrasuede para guantes de ciclismo\" class=\"feature-image right\" src=\"\/wp-content\/uploads\/2025\/08\/07mm-ultrasuede-microfiber-faux-leather-for-cycling-gloves--37883.jpg\"\/><\/p>\n<h3>No es f\u00e1cil de deformar<\/h3>\n<p>Especialmente tratado para mantener su forma original, este material ofrece una excelente elasticidad y estabilidad. Resiste la deformaci\u00f3n por presi\u00f3n externa o estiramiento, manteniendo los productos intactos y atractivos a lo largo del tiempo.<\/p>\n<div class=\"clear\"><\/div>\n<\/div>\n<div class=\"feature-item\">\n<img decoding=\"async\" alt=\"Durabilidad - Piel sint\u00e9tica de microfibra Ultrasuede para guantes de ciclismo\" class=\"feature-image left\" src=\"\/wp-content\/uploads\/2025\/08\/07mm-ultrasuede-microfiber-faux-leather-for-cycling-gloves--37884.jpg\"\/><\/p>\n<h3>Durabilidad<\/h3>\n<p>Extremadamente resistente a la abrasi\u00f3n, los desgarros y los pinchazos, este material garantiza que los guantes se mantengan en \u00f3ptimas condiciones incluso con un uso prolongado. Tambi\u00e9n mantiene una excelente destreza y resistencia para art\u00edculos de piel de alta calidad.<\/p>\n<div class=\"clear\"><\/div>\n<\/div>\n<\/section>\n<section id=\"usage\">\n<h2>Uso y aplicaciones<\/h2>\n<p><img decoding=\"async\" _src=\"\/wp-content\/uploads\/2025\/08\/texture-vegan-artificial-fabric-for-ball-leather-34957.png\" alt=\"High quality material - Garment Leather Imported\" src=\"\/wp-content\/uploads\/2025\/08\/texture-vegan-artificial-fabric-for-ball-leather-34957.png\"\/><\/p>\n<div class=\"usage-point\">\n<h3>Aplicaciones: <strong>Bolsos de piel de segunda mano<\/strong> Otra ventaja del material de microfibra de cuero PU no f\u00e1cil de deformar es su capacidad para resistir la deformaci\u00f3n<\/h3>\n<p>Aplicaciones: <strong>Bolsos de piel de segunda mano<\/strong> Otra ventaja del material de microfibra de cuero PU no f\u00e1cil de deformar es su capacidad para resistir la deformaci\u00f3n. Esto significa que puede mantener su forma incluso bajo una fuerte presi\u00f3n, lo que lo hace ideal para su uso como revestimiento de balones de f\u00fatbol.<\/p>\n<\/div>\n<div class=\"usage-point\">\n<h3>Los jugadores pueden contar con este material para obtener una sensaci\u00f3n y un rebote uniformes durante los entrenamientos y los partidos, lo que puede ayudar a mejorar su rendimiento en el campo.<\/h3>\n<p>Los jugadores pueden contar con este material para proporcionar una sensaci\u00f3n y un rebote consistentes durante los entrenamientos y los partidos, lo que puede ayudar a mejorar su rendimiento en el campo.<\/p>\n<\/div>\n<div class=\"usage-point\">\n<h3>C\u00f3modo y transpirable<\/h3>\n<p>Suave, c\u00f3modo y muy transpirable, este material es perfecto para guantes de ciclismo y otros productos que se utilizan durante periodos prolongados. Mantiene las manos frescas y secas durante actividades extenuantes.<\/p>\n<\/div>\n<div class=\"usage-point\">\n<h3>Ecol\u00f3gico y sostenible<\/h3>\n<p>Nuestra piel sint\u00e9tica de microfibra Ultrasuede incluye opciones respetuosas con el medio ambiente, como las variantes fabricadas con PET reciclado y materiales de origen vegetal, que reducen el impacto medioambiental a la vez que ofrecen diversas texturas.<\/p>\n<\/div>\n<div class=\"usage-point\">\n<h3>Protecci\u00f3n antibacterias y antipolvo<\/h3>\n<p>Las variantes seleccionadas presentan propiedades antibacterianas y resistentes al polvo, por lo que cumplen elevadas normas de higiene ideales para guantes que requieren estrictos controles de calidad y seguridad.<\/p>\n<\/div>\n<div class=\"usage-point\">\n<h3>Diversos escenarios de aplicaci\u00f3n<\/h3>\n<p>Adem\u00e1s de guantes de ciclismo, es adecuado para guantes de dedos, guantes de seguridad y otros tipos de guantes, as\u00ed como calzado, ropa y accesorios.<\/p>\n<\/div>\n<p><img decoding=\"async\" alt=\"Aplicaciones de la piel sint\u00e9tica de microfibra Ultrasuede de 0,7 mm en diversos productos\" class=\"product-image\" src=\"\/wp-content\/uploads\/2025\/08\/07mm-ultrasuede-microfiber-faux-leather-for-cycling-gloves--37885.jpg\"\/><br \/>\n<img decoding=\"async\" alt=\"Guantes de ciclismo de piel de microfibra Ultrasuede - ejemplo de producto\" class=\"product-image\" src=\"\/wp-content\/uploads\/2025\/08\/07mm-ultrasuede-microfiber-faux-leather-for-cycling-gloves--37886.jpg\"\/><br \/>\n<\/section>\n<p><\/main><\/p>\n<section id=\"inquiry\">\n<h2 style=\"text-align: center;\">Esperamos su consulta.<\/h2>\n<p style=\"text-align: center;\">P\u00f3ngase en contacto con nosotros hoy mismo para obtener m\u00e1s informaci\u00f3n sobre nuestros productos y realizar su pedido.<\/p>\n<\/section>\n\n    <div class=\"xs_social_share_widget xs_share_url after_content \t\tmain_content  wslu-style-1 wslu-share-box-shaped wslu-fill-colored wslu-none wslu-share-horizontal wslu-theme-font-no wslu-main_content\">\n\n\t\t\n        <ul>\n\t\t\t        <\/ul>\n    <\/div>","protected":false},"excerpt":{"rendered":"<div class=\"product-short-description\">Balls Leather Texture Vegan Artificial Fabric for Ball Leather WINIW Texture Vegan Artificial Fabric for Ball Leather Key features include.Ideal for those seeking quality and reliability.<\/p>\n<p>Como f\u00e1brica directa, fabricante y mayorista, podemos controlar estrictamente el proceso de producci\u00f3n para garantizar la calidad del producto y, al mismo tiempo, ofrecerle los precios m\u00e1s favorables. Contamos con equipos de producci\u00f3n avanzados y un equipo t\u00e9cnico profesional para satisfacer sus necesidades de pedidos a gran escala y garantizar una entrega puntual.<\/p>\n<\/div>","protected":false},"featured_media":4719,"template":"","meta":[],"product_brand":[],"product_cat":[271],"product_tag":[],"class_list":{"0":"post-29471","1":"product","2":"type-product","3":"status-publish","4":"has-post-thumbnail","6":"product_cat-balls-leather","8":"first","9":"instock","10":"product-type-simple"},"_links":{"self":[{"href":"https:\/\/www.eco-leather.com\/es\/wp-json\/wp\/v2\/product\/29471","targetHints":{"allow":["GET"]}}],"collection":[{"href":"https:\/\/www.eco-leather.com\/es\/wp-json\/wp\/v2\/product"}],"about":[{"href":"https:\/\/www.eco-leather.com\/es\/wp-json\/wp\/v2\/types\/product"}],"wp:featuredmedia":[{"embeddable":true,"href":"https:\/\/www.eco-leather.com\/es\/wp-json\/wp\/v2\/media\/4719"}],"wp:attachment":[{"href":"https:\/\/www.eco-leather.com\/es\/wp-json\/wp\/v2\/media?parent=29471"}],"wp:term":[{"taxonomy":"product_brand","embeddable":true,"href":"https:\/\/www.eco-leather.com\/es\/wp-json\/wp\/v2\/product_brand?post=29471"},{"taxonomy":"product_cat","embeddable":true,"href":"https:\/\/www.eco-leather.com\/es\/wp-json\/wp\/v2\/product_cat?post=29471"},{"taxonomy":"product_tag","embeddable":true,"href":"https:\/\/www.eco-leather.com\/es\/wp-json\/wp\/v2\/product_tag?post=29471"}],"curies":[{"name":"wp","href":"https:\/\/api.w.org\/{rel}","templated":true}]}}