{"id":29469,"date":"2025-09-07T11:03:44","date_gmt":"2025-09-07T03:03:44","guid":{"rendered":"https:\/\/www.eco-leather.com\/product\/white-resistant-to-wear-and-tear-pvc-leather-for-mikasa-balls\/"},"modified":"2025-09-07T11:03:49","modified_gmt":"2025-09-07T03:03:49","slug":"cuero-de-pvc-blanco-resistente-al-desgaste-para-balones-mikasa","status":"publish","type":"product","link":"https:\/\/www.eco-leather.com\/es\/cuero-de-pvc-blanco-resistente-al-desgaste-para-balones-mikasa\/","title":{"rendered":"Blanco Piel de PVC resistente al desgaste para balones MIKASA"},"content":{"rendered":"<h2>Material duradero para la venta - Piel de vestir Importada<\/h2>\n<p><main><\/p>\n<section id=\"product-overview\">\n<h2>Descripci\u00f3n del producto<\/h2>\n<p>R\u00e1pido <strong>Material de cuero de pvc personalizado<\/strong> Detalle: Descripci\u00f3n:<\/p>\n<p><strong>Automotive LeatherSeats Service Dog<\/strong> 2. F\u00e1cil de limpiar y mantener No necesita limpiadores especiales, basta con pasar un pa\u00f1o h\u00famedo para que la superficie vuelva a lucir como nueva. El acabado antimanchas evita la acumulaci\u00f3n de suciedad, manteniendo el color blanco brillante y profesional.<\/p>\n<p>Fabricados con materiales de microfibra de alta calidad, nuestros guantes de piel sint\u00e9tica de microfibra Ultrasuede de 0,7 mm son la elecci\u00f3n perfecta para el ciclismo. Equilibra flexibilidad y resistencia, y ofrece una transpirabilidad excepcional y propiedades de evacuaci\u00f3n de la humedad para mantener las manos frescas y secas durante salidas intensas.<\/p>\n<p>Tanto si eres un ciclista profesional como si te dedicas al ocio, la piel de microfibra este material proporciona una comodidad y una protecci\u00f3n insuperables. Su gran resistencia a las abrasiones y los desgarros garantiza un rendimiento duradero, mientras que su elegante dise\u00f1o a\u00f1ade un toque sofisticado a cualquier conjunto ciclista.<\/p>\n<\/section>\n<section id=\"features\">\n<h2>Caracter\u00edsticas del producto<\/h2>\n<div class=\"feature-item\">\n<img decoding=\"async\" alt=\"WINIWSuede Cuero Impermeable SprayCompany Factory Wholesale Suede Microfiber Manufacturersproudly presenta nuestro blanco resistente al desgaste de cuero de PVC, especialmente dise\u00f1ado para MIKASA balones de voleibol y art\u00edculos deportivos\" class=\"feature-image left\" src=\"\/wp-content\/uploads\/2025\/08\/white-resistant-to-wear-and-tear-pvc-leather-for-mikasa-balls-34951.png\"\/><\/p>\n<h3>WINIW <strong>Spray Impermeable Piel de Ante<\/strong> Compa\u00f1\u00eda de f\u00e1brica al por mayor de microfibra de gamuza Manufacturersproudly presenta nuestro blanco resistente al desgaste de cuero de PVC, especialmente dise\u00f1ado para MIKASA voleibol y equipos deportivos<\/h3>\n<p>WINIW <strong>Spray Impermeable Piel de Ante<\/strong> Compa\u00f1\u00eda de f\u00e1brica al por mayor de microfibra de gamuza Manufacturersproudly presenta nuestro blanco resistente al desgaste de cuero de PVC, especialmente dise\u00f1ado para MIKASA balones de voleibol y equipos deportivos.<\/p>\n<div class=\"clear\"><\/div>\n<\/div>\n<div class=\"feature-item\">\n<img decoding=\"async\" alt=\"Esta piel de PVC de primera calidad combina durabilidad con un elegante acabado en blanco, lo que la hace perfecta para equipaciones deportivas de alto rendimiento que deban soportar un juego intenso sin perder su aspecto profesional.\" class=\"feature-image left\" src=\"\/wp-content\/uploads\/2025\/08\/white-resistant-to-wear-and-tear-pvc-leather-for-mikasa-balls-34952.png\"\/><\/p>\n<h3>Esta piel de PVC de primera calidad combina durabilidad con un elegante acabado en blanco, lo que la hace perfecta para equipaciones deportivas de alto rendimiento que deban soportar un juego intenso sin perder su aspecto profesional.<\/h3>\n<p>Esta piel de PVC de primera calidad combina durabilidad con un elegante acabado en blanco, lo que la hace perfecta para equipaciones deportivas de alto rendimiento que deban soportar un juego intenso sin perder su aspecto profesional.<\/p>\n<div class=\"clear\"><\/div>\n<\/div>\n<div class=\"feature-item\">\n<img decoding=\"async\" alt=\"Alta resistencia al desgarro - Ultrasuede Microfibra Faux Leather para guantes de ciclismo\" class=\"feature-image left\" src=\"\/wp-content\/uploads\/2025\/08\/07mm-ultrasuede-microfiber-faux-leather-for-cycling-gloves--37882.jpg\"\/><\/p>\n<h3>Alta resistencia al desgarro<\/h3>\n<p>Nuestra piel de microfibra Ultrasuede presenta una excepcional resistencia al desgarro, lo que garantiza que no se romper\u00e1 ni deformar\u00e1 f\u00e1cilmente bajo tensi\u00f3n. Esto la hace ideal para productos que requieren durabilidad y rendimiento a largo plazo.<\/p>\n<div class=\"clear\"><\/div>\n<\/div>\n<div class=\"feature-item\">\n<img decoding=\"async\" alt=\"Retenci\u00f3n de la forma - Piel sint\u00e9tica de microfibra Ultrasuede para guantes de ciclismo\" class=\"feature-image right\" src=\"\/wp-content\/uploads\/2025\/08\/07mm-ultrasuede-microfiber-faux-leather-for-cycling-gloves--37883.jpg\"\/><\/p>\n<h3>No es f\u00e1cil de deformar<\/h3>\n<p>Especialmente tratado para mantener su forma original, este material ofrece una excelente elasticidad y estabilidad. Resiste la deformaci\u00f3n por presi\u00f3n externa o estiramiento, manteniendo los productos intactos y atractivos a lo largo del tiempo.<\/p>\n<div class=\"clear\"><\/div>\n<\/div>\n<div class=\"feature-item\">\n<img decoding=\"async\" alt=\"Durabilidad - Piel sint\u00e9tica de microfibra Ultrasuede para guantes de ciclismo\" class=\"feature-image left\" src=\"\/wp-content\/uploads\/2025\/08\/07mm-ultrasuede-microfiber-faux-leather-for-cycling-gloves--37884.jpg\"\/><\/p>\n<h3>Durabilidad<\/h3>\n<p>Extremadamente resistente a la abrasi\u00f3n, los desgarros y los pinchazos, este material garantiza que los guantes se mantengan en \u00f3ptimas condiciones incluso con un uso prolongado. Tambi\u00e9n mantiene una excelente destreza y resistencia para art\u00edculos de piel de alta calidad.<\/p>\n<div class=\"clear\"><\/div>\n<\/div>\n<\/section>\n<section id=\"usage\">\n<h2>Uso y aplicaciones<\/h2>\n<p><img decoding=\"async\" _src=\"\/wp-content\/uploads\/2025\/08\/white-resistant-to-wear-and-tear-pvc-leather-for-mikasa-balls-34953.png\" alt=\"Material de alta calidad - Piel Importada, Bolsos de Piel de Segunda Mano\" src=\"\/wp-content\/uploads\/2025\/08\/white-resistant-to-wear-and-tear-pvc-leather-for-mikasa-balls-34953.png\"\/><\/p>\n<div class=\"usage-point\">\n<h3>Elaborado <strong>Piel importada<\/strong> con tecnolog\u00eda avanzada de PVC, esta piel est\u00e1 fabricada para resistir ara\u00f1azos, rozaduras y el desgaste diario<\/h3>\n<p>Elaborado <strong>Piel importada<\/strong> Con tecnolog\u00eda avanzada de PVC, esta piel est\u00e1 fabricada para resistir ara\u00f1azos, rozaduras y el desgaste diario. Tanto si se utiliza en torneos profesionales como en partidos ocasionales, mantiene los balones de voleibol como nuevos durante m\u00e1s tiempo.<\/p>\n<\/div>\n<div class=\"usage-point\">\n<h3>La superficie lisa pero resistente garantiza un excelente agarre y control, ayudando a los atletas a rendir al m\u00e1ximo.<\/h3>\n<p>La superficie lisa pero resistente garantiza un excelente agarre y control, ayudando a los atletas a rendir al m\u00e1ximo. WINIW <strong>Bolsos de piel vegana de primera calidad<\/strong> La empresa Factory Wholesale Suede Microfiber Manufacturersfocuses en la entrega de materiales de alta calidad que cumplen con las normas deportivas internacionales.<\/p>\n<\/div>\n<div class=\"usage-point\">\n<h3>Nuestra piel de PVC es ligera, f\u00e1cil de limpiar y resistente a la humedad, por lo que es ideal para interiores y exteriores.<\/h3>\n<p>Nuestro cuero de PVC es ligero, f\u00e1cil de limpiar y resistente a la humedad, por lo que es ideal para uso en interiores y exteriores. Con WINIW empresa f\u00e1brica de microfibra de gamuza al por mayor Manufacturerscommitment a la excelencia, usted puede confiar en que cada bola cubierta con este cuero ofrecer\u00e1 un rendimiento duradero y estilo.<\/p>\n<\/div>\n<div class=\"usage-point\">\n<h3><strong>Bolsos de piel de segunda mano<\/strong> 1<\/h3>\n<p><strong>Bolsos de piel de segunda mano<\/strong> 1. A diferencia del cuero normal, que se desgasta r\u00e1pidamente, nuestro cuero de PVC est\u00e1 dise\u00f1ado para resistir los da\u00f1os causados por el juego brusco, la manipulaci\u00f3n frecuente y las superficies duras de las pistas.<\/p>\n<\/div>\n<div class=\"usage-point\">\n<h3>Se mantiene resistente incluso despu\u00e9s de un uso repetido, garantizando que los balones de voleibol mantengan su calidad con el paso del tiempo.<\/h3>\n<p>Se mantiene resistente incluso despu\u00e9s de un uso repetido, garantizando que los balones de voleibol mantengan su calidad con el paso del tiempo.<\/p>\n<\/div>\n<div class=\"usage-point\">\n<h3>C\u00f3modo y transpirable<\/h3>\n<p>Suave, c\u00f3modo y muy transpirable, este material es perfecto para guantes de ciclismo y otros productos que se utilizan durante periodos prolongados. Mantiene las manos frescas y secas durante actividades extenuantes.<\/p>\n<\/div>\n<div class=\"usage-point\">\n<h3>Ecol\u00f3gico y sostenible<\/h3>\n<p>Nuestra piel sint\u00e9tica de microfibra Ultrasuede incluye opciones respetuosas con el medio ambiente, como las variantes fabricadas con PET reciclado y materiales de origen vegetal, que reducen el impacto medioambiental a la vez que ofrecen diversas texturas.<\/p>\n<\/div>\n<div class=\"usage-point\">\n<h3>Protecci\u00f3n antibacterias y antipolvo<\/h3>\n<p>Las variantes seleccionadas presentan propiedades antibacterianas y resistentes al polvo, por lo que cumplen elevadas normas de higiene ideales para guantes que requieren estrictos controles de calidad y seguridad.<\/p>\n<\/div>\n<div class=\"usage-point\">\n<h3>Diversos escenarios de aplicaci\u00f3n<\/h3>\n<p>Adem\u00e1s de guantes de ciclismo, es adecuado para guantes de dedos, guantes de seguridad y otros tipos de guantes, as\u00ed como calzado, ropa y accesorios.<\/p>\n<\/div>\n<p><img decoding=\"async\" alt=\"Aplicaciones de la piel sint\u00e9tica de microfibra Ultrasuede de 0,7 mm en diversos productos\" class=\"product-image\" src=\"\/wp-content\/uploads\/2025\/08\/07mm-ultrasuede-microfiber-faux-leather-for-cycling-gloves--37885.jpg\"\/><br \/>\n<img decoding=\"async\" alt=\"Guantes de ciclismo de piel de microfibra Ultrasuede - ejemplo de producto\" class=\"product-image\" src=\"\/wp-content\/uploads\/2025\/08\/07mm-ultrasuede-microfiber-faux-leather-for-cycling-gloves--37886.jpg\"\/><br \/>\n<\/section>\n<section id=\"why-choose-us\">\n<h2>Por qu\u00e9 elegir WINIW<\/h2>\n<div class=\"advantage-item\">\n<h3>3<\/h3>\n<p>3. Perfecto agarre y rendimiento La textura suave proporciona un excelente control de la pelota, mientras que la flexibilidad del material s asegura rebote constante y capacidad de respuesta. Los atletas pueden confiar en WINIW empresa de f\u00e1brica al por mayor de microfibra de gamuza ManufacturersPVC cuero para un rendimiento fiable en cada partido.<\/p>\n<\/div>\n<div class=\"advantage-item\">\n<h3>Garant\u00eda de calidad<\/h3>\n<p>Aplicamos un estricto control de calidad en toda la cadena de producci\u00f3n y suministro, cumpliendo las normas ISO9001. Desde la selecci\u00f3n de materias primas hasta la inspecci\u00f3n final, damos prioridad a los intereses del cliente.<\/p>\n<\/div>\n<div class=\"advantage-item\">\n<h3>Equipo t\u00e9cnico profesional<\/h3>\n<p>Nuestro equipo t\u00e9cnico especializado est\u00e1 formado por profesionales con experiencia en diversos campos, dedicados a suministrar productos de alta calidad y soluciones a medida.<\/p>\n<\/div>\n<div class=\"advantage-item\">\n<h3>Amplia gama de aplicaciones<\/h3>\n<p>Nuestros materiales se utilizan ampliamente en calzado, ropa, maletas, interiores de autom\u00f3viles, muebles de sof\u00e1, etc.<\/p>\n<\/div>\n<div class=\"advantage-item\">\n<h3>Una rica experiencia<\/h3>\n<p>Quanzhou WINIW Import &amp; Export Co., Ltd. cuenta con m\u00e1s de 20 a\u00f1os de experiencia en producci\u00f3n, ofreciendo soluciones perfectas para clientes de todo el mundo.<\/p>\n<\/div>\n<div class=\"advantage-item\">\n<h3>Precio asequible<\/h3>\n<p>Ofrecemos precios competitivos y un excelente servicio de atenci\u00f3n al cliente. Solicite un cat\u00e1logo o visite nuestra f\u00e1brica para explorar nuestros productos.<\/p>\n<\/div>\n<div class=\"advantage-item\">\n<h3>Servicio de atenci\u00f3n al cliente en l\u00ednea 24 horas<\/h3>\n<p>Nuestro equipo est\u00e1 disponible 24 horas al d\u00eda, 7 d\u00edas a la semana, para responder a las consultas y atender los comentarios con prontitud.<\/p>\n<\/div>\n<p><img decoding=\"async\" alt=\"Planta de producci\u00f3n WINIW - Proceso de fabricaci\u00f3n de piel de microfibra Ultrasuede\" class=\"product-image\" src=\"\/wp-content\/uploads\/2025\/08\/07mm-ultrasuede-microfiber-faux-leather-for-cycling-gloves--37888.jpg\"\/><br \/>\n<\/section>\n<p><\/main><\/p>\n<section id=\"inquiry\">\n<h2 style=\"text-align: center;\">Esperamos su consulta.<\/h2>\n<p style=\"text-align: center;\">P\u00f3ngase en contacto con nosotros hoy mismo para obtener m\u00e1s informaci\u00f3n sobre nuestros productos y realizar su pedido.<\/p>\n<\/section>\n\n    <div class=\"xs_social_share_widget xs_share_url after_content \t\tmain_content  wslu-style-1 wslu-share-box-shaped wslu-fill-colored wslu-none wslu-share-horizontal wslu-theme-font-no wslu-main_content\">\n\n\t\t\n        <ul>\n\t\t\t        <\/ul>\n    <\/div>","protected":false},"excerpt":{"rendered":"<div class=\"product-short-description\">Bolas de cuero Blanco Resistente al desgaste de cuero de PVC para MIKASA Bolas WINIW Blanco Resistente al desgaste de cuero de PVC para MIKASA Bolas Las caracter\u00edsticas clave incluyen.Ideal para aquellos que buscan calidad y fiabilidad.<\/p>\n<p>Como f\u00e1brica directa, fabricante y mayorista, podemos controlar estrictamente el proceso de producci\u00f3n para garantizar la calidad del producto y, al mismo tiempo, ofrecerle los precios m\u00e1s favorables. Contamos con equipos de producci\u00f3n avanzados y un equipo t\u00e9cnico profesional para satisfacer sus necesidades de pedidos a gran escala y garantizar una entrega puntual.<\/p>\n<\/div>","protected":false},"featured_media":4715,"template":"","meta":[],"product_brand":[],"product_cat":[271],"product_tag":[19202],"class_list":{"0":"post-29469","1":"product","2":"type-product","3":"status-publish","4":"has-post-thumbnail","6":"product_cat-balls-leather","7":"product_tag-pvc-leather-fabric-chinapvc-leather-fabric-servicepvc-leather-fabric-importsoft-pvc-leather-wholesalesoft-pvc-leather-factorysoft-pvc-leather-export","9":"first","10":"instock","11":"product-type-simple"},"_links":{"self":[{"href":"https:\/\/www.eco-leather.com\/es\/wp-json\/wp\/v2\/product\/29469","targetHints":{"allow":["GET"]}}],"collection":[{"href":"https:\/\/www.eco-leather.com\/es\/wp-json\/wp\/v2\/product"}],"about":[{"href":"https:\/\/www.eco-leather.com\/es\/wp-json\/wp\/v2\/types\/product"}],"wp:featuredmedia":[{"embeddable":true,"href":"https:\/\/www.eco-leather.com\/es\/wp-json\/wp\/v2\/media\/4715"}],"wp:attachment":[{"href":"https:\/\/www.eco-leather.com\/es\/wp-json\/wp\/v2\/media?parent=29469"}],"wp:term":[{"taxonomy":"product_brand","embeddable":true,"href":"https:\/\/www.eco-leather.com\/es\/wp-json\/wp\/v2\/product_brand?post=29469"},{"taxonomy":"product_cat","embeddable":true,"href":"https:\/\/www.eco-leather.com\/es\/wp-json\/wp\/v2\/product_cat?post=29469"},{"taxonomy":"product_tag","embeddable":true,"href":"https:\/\/www.eco-leather.com\/es\/wp-json\/wp\/v2\/product_tag?post=29469"}],"curies":[{"name":"wp","href":"https:\/\/api.w.org\/{rel}","templated":true}]}}