{"id":29468,"date":"2025-09-07T11:03:44","date_gmt":"2025-09-07T03:03:44","guid":{"rendered":"https:\/\/www.eco-leather.com\/product\/white-environmentally-friendly-natural-pvc-leather-for-mikasa-balls\/"},"modified":"2025-09-07T11:03:49","modified_gmt":"2025-09-07T03:03:49","slug":"cuero-de-pvc-natural-blanco-ecologico-para-bolas-mikasa","status":"publish","type":"product","link":"https:\/\/www.eco-leather.com\/es\/cuero-de-pvc-natural-blanco-ecologico-para-bolas-mikasa\/","title":{"rendered":"Piel blanca de PVC natural respetuosa con el medio ambiente para balones MIKASA"},"content":{"rendered":"<h2>Material duradero para la venta - Ropa de cuero importado, cajas de cuero de imitaci\u00f3n China<\/h2>\n<p><main><\/p>\n<section id=\"product-overview\">\n<h2>Descripci\u00f3n del producto<\/h2>\n<p>R\u00e1pido <strong>Piel sint\u00e9tica Spandex<\/strong> Detalle: Descripci\u00f3n:<\/p>\n<p>De larga duraci\u00f3n <strong>Automotive LeatherSeats Service Dog<\/strong> Rendimiento Su composici\u00f3n especial hace que este cuero sea muy resistente a los ara\u00f1azos y rozaduras. Los balones de voleibol se mantienen en condiciones de competici\u00f3n mucho m\u00e1s tiempo, ahorrando dinero en sustituciones.<\/p>\n<p>El material tambi\u00e9n soporta bien las diferentes condiciones clim\u00e1ticas, desde las calurosas pistas cubiertas hasta el juego al aire libre. Experiencia de juego superior Los atletas apreciar\u00e1n el agarre consistente y el rebote que proporciona este cuero.<\/p>\n<p>La textura de la superficie est\u00e1 dise\u00f1ada para un contacto \u00f3ptimo con la mano, proporcionando a los jugadores un mejor control durante los partidos de ritmo r\u00e1pido. A diferencia de algunos materiales sint\u00e9ticos, no resbala cuando los jugadores sudan.<\/p>\n<p>Fabricados con materiales de microfibra de alta calidad, nuestros guantes de piel sint\u00e9tica de microfibra Ultrasuede de 0,7 mm son la elecci\u00f3n perfecta para el ciclismo. Equilibra flexibilidad y resistencia, y ofrece una transpirabilidad excepcional y propiedades de evacuaci\u00f3n de la humedad para mantener las manos frescas y secas durante salidas intensas.<\/p>\n<p>Tanto si eres un ciclista profesional como si te dedicas al ocio, la piel de microfibra este material proporciona una comodidad y una protecci\u00f3n insuperables. Su gran resistencia a las abrasiones y los desgarros garantiza un rendimiento duradero, mientras que su elegante dise\u00f1o a\u00f1ade un toque sofisticado a cualquier conjunto ciclista.<\/p>\n<\/section>\n<section id=\"features\">\n<h2>Caracter\u00edsticas del producto<\/h2>\n<div class=\"feature-item\">\n<img decoding=\"async\" alt=\"Nuestra piel de ante impermeable en sprayPVC destaca por estar fabricada con ingredientes naturales y procesos respetuosos con el medio ambiente\" class=\"feature-image left\" src=\"\/wp-content\/uploads\/2025\/08\/white-environmentally-friendly-natural-pvc-leather-for-mikasa-balls-34948.png\"\/><\/p>\n<h3>Nuestra <strong>Spray Impermeable Piel de Ante<\/strong> La piel de PVC destaca por estar fabricada con ingredientes naturales y procesos respetuosos con el medio ambiente.<\/h3>\n<p>Nuestra <strong>Spray Impermeable Piel de Ante<\/strong> La piel de PVC destaca por estar fabricada con ingredientes naturales y procesos respetuosos con el medio ambiente. A diferencia de las pieles sint\u00e9ticas tradicionales, evitamos los productos qu\u00edmicos nocivos sin renunciar a una excelente durabilidad.<\/p>\n<div class=\"clear\"><\/div>\n<\/div>\n<div class=\"feature-item\">\n<img decoding=\"async\" alt=\"El color blanco brillante mantiene un aspecto fresco durante innumerables partidos, y la superficie lisa proporciona a los jugadores un control perfecto del bal\u00f3n.\" class=\"feature-image left\" src=\"\/wp-content\/uploads\/2025\/08\/white-environmentally-friendly-natural-pvc-leather-for-mikasa-balls-34949.png\"\/><\/p>\n<h3>El color blanco brillante mantiene un aspecto fresco durante innumerables partidos, y la superficie lisa proporciona a los jugadores un control perfecto del bal\u00f3n.<\/h3>\n<p>El color blanco brillante mantiene un aspecto fresco durante innumerables partidos, y la superficie lisa proporciona a los jugadores un control perfecto del bal\u00f3n. Tanto si se utiliza en partidos profesionales como en programas deportivos escolares, este cuero ofrece un magn\u00edfico rendimiento a la vez que reduce el impacto medioambiental.<\/p>\n<div class=\"clear\"><\/div>\n<\/div>\n<div class=\"feature-item\">\n<img decoding=\"async\" alt=\"Alta resistencia al desgarro - Ultrasuede Microfibra Faux Leather para guantes de ciclismo\" class=\"feature-image left\" src=\"\/wp-content\/uploads\/2025\/08\/07mm-ultrasuede-microfiber-faux-leather-for-cycling-gloves--37882.jpg\"\/><\/p>\n<h3>Alta resistencia al desgarro<\/h3>\n<p>Nuestra piel de microfibra Ultrasuede presenta una excepcional resistencia al desgarro, lo que garantiza que no se romper\u00e1 ni deformar\u00e1 f\u00e1cilmente bajo tensi\u00f3n. Esto la hace ideal para productos que requieren durabilidad y rendimiento a largo plazo.<\/p>\n<div class=\"clear\"><\/div>\n<\/div>\n<div class=\"feature-item\">\n<img decoding=\"async\" alt=\"Retenci\u00f3n de la forma - Piel sint\u00e9tica de microfibra Ultrasuede para guantes de ciclismo\" class=\"feature-image right\" src=\"\/wp-content\/uploads\/2025\/08\/07mm-ultrasuede-microfiber-faux-leather-for-cycling-gloves--37883.jpg\"\/><\/p>\n<h3>No es f\u00e1cil de deformar<\/h3>\n<p>Especialmente tratado para mantener su forma original, este material ofrece una excelente elasticidad y estabilidad. Resiste la deformaci\u00f3n por presi\u00f3n externa o estiramiento, manteniendo los productos intactos y atractivos a lo largo del tiempo.<\/p>\n<div class=\"clear\"><\/div>\n<\/div>\n<div class=\"feature-item\">\n<img decoding=\"async\" alt=\"Durabilidad - Piel sint\u00e9tica de microfibra Ultrasuede para guantes de ciclismo\" class=\"feature-image left\" src=\"\/wp-content\/uploads\/2025\/08\/07mm-ultrasuede-microfiber-faux-leather-for-cycling-gloves--37884.jpg\"\/><\/p>\n<h3>Durabilidad<\/h3>\n<p>Extremadamente resistente a la abrasi\u00f3n, los desgarros y los pinchazos, este material garantiza que los guantes se mantengan en \u00f3ptimas condiciones incluso con un uso prolongado. Tambi\u00e9n mantiene una excelente destreza y resistencia para art\u00edculos de piel de alta calidad.<\/p>\n<div class=\"clear\"><\/div>\n<\/div>\n<\/section>\n<section id=\"usage\">\n<h2>Uso y aplicaciones<\/h2>\n<p><img decoding=\"async\" _src=\"\/wp-content\/uploads\/2025\/08\/white-environmentally-friendly-natural-pvc-leather-for-mikasa-balls-34950.png\" alt=\"Material duradero para la venta - Eco Car chaqueta de cuero, prendas de vestir de cuero importado\" src=\"\/wp-content\/uploads\/2025\/08\/white-environmentally-friendly-natural-pvc-leather-for-mikasa-balls-34950.png\"\/><\/p>\n<div class=\"usage-point\">\n<h3>En <strong>Piel importada<\/strong> El material est\u00e1 especialmente tratado para resistir el desgaste provocado por los juegos bruscos y el uso frecuente.<\/h3>\n<p>En <strong>Piel importada<\/strong> est\u00e1 especialmente tratado para resistir el desgaste provocado por los juegos bruscos y el uso frecuente. Notar\u00e1s c\u00f3mo mantiene su forma y textura incluso despu\u00e9s de muchos partidos.<\/p>\n<\/div>\n<div class=\"usage-point\">\n<h3>La limpieza tambi\u00e9n es sencilla: basta con pasar un pa\u00f1o h\u00famedo para mantenerlo como nuevo.<\/h3>\n<p>La limpieza es simple tambi\u00e9n s\u00f3lo limpie con un pa\u00f1o h\u00famedo para mantenerlo como nuevo. WINIW empresa f\u00e1brica por mayor de material de cuero sint\u00e9tico Manufacturerstakes orgullo en la creaci\u00f3n de productos que ayudan a los atletas a realizar su mejor esfuerzo, mientras que ser m\u00e1s amable con nuestro planeta.<\/p>\n<\/div>\n<div class=\"usage-point\">\n<h3>Mejor para el medio ambiente Nuestra f\u00f3rmula de PVC natural utiliza materiales vegetales en lugar de productos qu\u00edmicos agresivos.<\/h3>\n<p>Mejor para el medio ambiente Nuestra f\u00f3rmula de PVC natural utiliza materiales vegetales en lugar de productos qu\u00edmicos agresivos. Esto significa menos contaminaci\u00f3n durante la producci\u00f3n y una eliminaci\u00f3n m\u00e1s segura cuando termina la vida \u00fatil del producto. Los equipos deportivos pueden sentirse bien eligiendo equipaciones que se ajustan a sus valores medioambientales.<\/p>\n<\/div>\n<div class=\"usage-point\">\n<h3>C\u00f3modo y transpirable<\/h3>\n<p>Suave, c\u00f3modo y muy transpirable, este material es perfecto para guantes de ciclismo y otros productos que se utilizan durante periodos prolongados. Mantiene las manos frescas y secas durante actividades extenuantes.<\/p>\n<\/div>\n<div class=\"usage-point\">\n<h3>Ecol\u00f3gico y sostenible<\/h3>\n<p>Nuestra piel sint\u00e9tica de microfibra Ultrasuede incluye opciones respetuosas con el medio ambiente, como las variantes fabricadas con PET reciclado y materiales de origen vegetal, que reducen el impacto medioambiental a la vez que ofrecen diversas texturas.<\/p>\n<\/div>\n<div class=\"usage-point\">\n<h3>Protecci\u00f3n antibacterias y antipolvo<\/h3>\n<p>Las variantes seleccionadas presentan propiedades antibacterianas y resistentes al polvo, por lo que cumplen elevadas normas de higiene ideales para guantes que requieren estrictos controles de calidad y seguridad.<\/p>\n<\/div>\n<div class=\"usage-point\">\n<h3>Diversos escenarios de aplicaci\u00f3n<\/h3>\n<p>Adem\u00e1s de guantes de ciclismo, es adecuado para guantes de dedos, guantes de seguridad y otros tipos de guantes, as\u00ed como calzado, ropa y accesorios.<\/p>\n<\/div>\n<p><img decoding=\"async\" alt=\"Aplicaciones de la piel sint\u00e9tica de microfibra Ultrasuede de 0,7 mm en diversos productos\" class=\"product-image\" src=\"\/wp-content\/uploads\/2025\/08\/07mm-ultrasuede-microfiber-faux-leather-for-cycling-gloves--37885.jpg\"\/><br \/>\n<img decoding=\"async\" alt=\"Guantes de ciclismo de piel de microfibra Ultrasuede - ejemplo de producto\" class=\"product-image\" src=\"\/wp-content\/uploads\/2025\/08\/07mm-ultrasuede-microfiber-faux-leather-for-cycling-gloves--37886.jpg\"\/><br \/>\n<\/section>\n<section id=\"why-choose-us\">\n<h2>Por qu\u00e9 elegir WINIW<\/h2>\n<div class=\"advantage-item\">\n<h3>WINIW empresa de f\u00e1brica al por mayor de cuero sint\u00e9tico Material Manufacturersis emocionados de presentar nuestro nuevo blanco respetuoso del medio ambiente de cuero de PVC natural, especialmente dise\u00f1ado para MIKASA voleibol y equipos deportivos<\/h3>\n<p>WINIW Company Factory Wholesale Leatherette Material Manufacturersis emocionados de presentar nuestro nuevo blanco respetuoso del medio ambiente de cuero de PVC natural, especialmente dise\u00f1ado para MIKASA balones de voleibol y art\u00edculos deportivos. Este innovador material re\u00fane el m\u00e1ximo rendimiento y la fabricaci\u00f3n con conciencia ecol\u00f3gica, por lo que es perfecto para los atletas y las marcas deportivas que se preocupan por la calidad y el medio ambiente.<\/p>\n<\/div>\n<div class=\"advantage-item\">\n<h3>Garant\u00eda de calidad<\/h3>\n<p>Aplicamos un estricto control de calidad en toda la cadena de producci\u00f3n y suministro, cumpliendo las normas ISO9001. Desde la selecci\u00f3n de materias primas hasta la inspecci\u00f3n final, damos prioridad a los intereses del cliente.<\/p>\n<\/div>\n<div class=\"advantage-item\">\n<h3>Equipo t\u00e9cnico profesional<\/h3>\n<p>Nuestro equipo t\u00e9cnico especializado est\u00e1 formado por profesionales con experiencia en diversos campos, dedicados a suministrar productos de alta calidad y soluciones a medida.<\/p>\n<\/div>\n<div class=\"advantage-item\">\n<h3>Amplia gama de aplicaciones<\/h3>\n<p>Nuestros materiales se utilizan ampliamente en calzado, ropa, maletas, interiores de autom\u00f3viles, muebles de sof\u00e1, etc.<\/p>\n<\/div>\n<div class=\"advantage-item\">\n<h3>Una rica experiencia<\/h3>\n<p>Quanzhou WINIW Import &amp; Export Co., Ltd. cuenta con m\u00e1s de 20 a\u00f1os de experiencia en producci\u00f3n, ofreciendo soluciones perfectas para clientes de todo el mundo.<\/p>\n<\/div>\n<div class=\"advantage-item\">\n<h3>Precio asequible<\/h3>\n<p>Ofrecemos precios competitivos y un excelente servicio de atenci\u00f3n al cliente. Solicite un cat\u00e1logo o visite nuestra f\u00e1brica para explorar nuestros productos.<\/p>\n<\/div>\n<div class=\"advantage-item\">\n<h3>Servicio de atenci\u00f3n al cliente en l\u00ednea 24 horas<\/h3>\n<p>Nuestro equipo est\u00e1 disponible 24 horas al d\u00eda, 7 d\u00edas a la semana, para responder a las consultas y atender los comentarios con prontitud.<\/p>\n<\/div>\n<p><img decoding=\"async\" alt=\"Planta de producci\u00f3n WINIW - Proceso de fabricaci\u00f3n de piel de microfibra Ultrasuede\" class=\"product-image\" src=\"\/wp-content\/uploads\/2025\/08\/07mm-ultrasuede-microfiber-faux-leather-for-cycling-gloves--37888.jpg\"\/><br \/>\n<\/section>\n<p><\/main><\/p>\n<section id=\"inquiry\">\n<h2 style=\"text-align: center;\">Esperamos su consulta.<\/h2>\n<p style=\"text-align: center;\">P\u00f3ngase en contacto con nosotros hoy mismo para obtener m\u00e1s informaci\u00f3n sobre nuestros productos y realizar su pedido.<\/p>\n<\/section>\n\n    <div class=\"xs_social_share_widget xs_share_url after_content \t\tmain_content  wslu-style-1 wslu-share-box-shaped wslu-fill-colored wslu-none wslu-share-horizontal wslu-theme-font-no wslu-main_content\">\n\n\t\t\n        <ul>\n\t\t\t        <\/ul>\n    <\/div>","protected":false},"excerpt":{"rendered":"<div class=\"product-short-description\">Bolas de cuero Blanco Respetuoso del medio ambiente de cuero de PVC natural para MIKASA Bolas WINIW Blanco Respetuoso del medio ambiente de cuero de PVC natural para MIKASA Bolas Las caracter\u00edsticas clave incluyen.Ideal para aquellos que buscan calidad y fiabilidad.<\/p>\n<p>Como f\u00e1brica directa, fabricante y mayorista, podemos controlar estrictamente el proceso de producci\u00f3n para garantizar la calidad del producto y, al mismo tiempo, ofrecerle los precios m\u00e1s favorables. Contamos con equipos de producci\u00f3n avanzados y un equipo t\u00e9cnico profesional para satisfacer sus necesidades de pedidos a gran escala y garantizar una entrega puntual.<\/p>\n<\/div>","protected":false},"featured_media":4713,"template":"","meta":[],"product_brand":[],"product_cat":[271],"product_tag":[19201],"class_list":{"0":"post-29468","1":"product","2":"type-product","3":"status-publish","4":"has-post-thumbnail","6":"product_cat-balls-leather","7":"product_tag-pvc-leather-fabric-customizepvc-leather-fabric-wholesalerpvc-leather-fabric-odmpvc-leather-fabric-exportpvc-leather-fabric-providerpvc-leather-fabric-private-label","9":"first","10":"instock","11":"product-type-simple"},"_links":{"self":[{"href":"https:\/\/www.eco-leather.com\/es\/wp-json\/wp\/v2\/product\/29468","targetHints":{"allow":["GET"]}}],"collection":[{"href":"https:\/\/www.eco-leather.com\/es\/wp-json\/wp\/v2\/product"}],"about":[{"href":"https:\/\/www.eco-leather.com\/es\/wp-json\/wp\/v2\/types\/product"}],"wp:featuredmedia":[{"embeddable":true,"href":"https:\/\/www.eco-leather.com\/es\/wp-json\/wp\/v2\/media\/4713"}],"wp:attachment":[{"href":"https:\/\/www.eco-leather.com\/es\/wp-json\/wp\/v2\/media?parent=29468"}],"wp:term":[{"taxonomy":"product_brand","embeddable":true,"href":"https:\/\/www.eco-leather.com\/es\/wp-json\/wp\/v2\/product_brand?post=29468"},{"taxonomy":"product_cat","embeddable":true,"href":"https:\/\/www.eco-leather.com\/es\/wp-json\/wp\/v2\/product_cat?post=29468"},{"taxonomy":"product_tag","embeddable":true,"href":"https:\/\/www.eco-leather.com\/es\/wp-json\/wp\/v2\/product_tag?post=29468"}],"curies":[{"name":"wp","href":"https:\/\/api.w.org\/{rel}","templated":true}]}}