{"id":29466,"date":"2025-09-07T11:03:44","date_gmt":"2025-09-07T03:03:44","guid":{"rendered":"https:\/\/www.eco-leather.com\/product\/white-easy-to-customize-faux-synthetic-material-for-balls\/"},"modified":"2025-09-07T11:03:48","modified_gmt":"2025-09-07T03:03:48","slug":"material-sintetico-de-imitacion-blanco-facil-de-personalizar-para-pelotas","status":"publish","type":"product","link":"https:\/\/www.eco-leather.com\/es\/material-sintetico-de-imitacion-blanco-facil-de-personalizar-para-pelotas\/","title":{"rendered":"Material sint\u00e9tico de imitaci\u00f3n blanco f\u00e1cil de personalizar para pelotas"},"content":{"rendered":"<h2>Material de alta calidad - Automotive Seat Material Manufacturers<\/h2>\n<p><main><\/p>\n<section id=\"product-overview\">\n<h2>Descripci\u00f3n del producto<\/h2>\n<p>R\u00e1pido <strong>Soluci\u00f3n material para asientos de coche<\/strong> Detalle: Descripci\u00f3n:<\/p>\n<p>Perfecto <strong>Material del forro del calzado<\/strong> Base de personalizaci\u00f3n El fondo blanco puro proporciona unas condiciones \u00f3ptimas para la impresi\u00f3n y el gofrado. Los colores aparecen vibrantes y fieles al dise\u00f1o, mientras que los logotipos mantienen los bordes n\u00edtidos y la claridad.<\/p>\n<p>Esto elimina la necesidad de m\u00faltiples materiales de base al crear diferentes variaciones de equipos o marcas.<\/p>\n<p>Fabricados con materiales de microfibra de alta calidad, nuestros guantes de piel sint\u00e9tica de microfibra Ultrasuede de 0,7 mm son la elecci\u00f3n perfecta para el ciclismo. Equilibra flexibilidad y resistencia, y ofrece una transpirabilidad excepcional y propiedades de evacuaci\u00f3n de la humedad para mantener las manos frescas y secas durante salidas intensas.<\/p>\n<p>Tanto si eres un ciclista profesional como si te dedicas al ocio, la piel de microfibra este material proporciona una comodidad y una protecci\u00f3n insuperables. Su gran resistencia a las abrasiones y los desgarros garantiza un rendimiento duradero, mientras que su elegante dise\u00f1o a\u00f1ade un toque sofisticado a cualquier conjunto ciclista.<\/p>\n<\/section>\n<section id=\"features\">\n<h2>Caracter\u00edsticas del producto<\/h2>\n<div class=\"feature-item\">\n<img decoding=\"async\" alt=\"Nuestro material sint\u00e9tico para sof\u00e1s impermeables presenta una base blanca y limpia que sirve de lienzo perfecto para la personalizaci\u00f3n\" class=\"feature-image left\" src=\"\/wp-content\/uploads\/2025\/08\/white-easy-to-customize-faux-synthetic-material-for-balls-34942.png\"\/><\/p>\n<h3>Nuestra <strong>Sof\u00e1 impermeable Materialidad<\/strong> El material sint\u00e9tico presenta una base blanca limpia que sirve de lienzo perfecto para la personalizaci\u00f3n<\/h3>\n<p>Nuestra <strong>Sof\u00e1 impermeable Materialidad<\/strong> El material sint\u00e9tico presenta una base blanca limpia que sirve de lienzo perfecto para la personalizaci\u00f3n. La superficie lisa acepta perfectamente logotipos, motivos y dise\u00f1os, al tiempo que mantiene una calidad constante en grandes tiradas de producci\u00f3n.<\/p>\n<div class=\"clear\"><\/div>\n<\/div>\n<div class=\"feature-item\">\n<img decoding=\"async\" alt=\"A diferencia de los materiales tradicionales que pueden mostrar variaciones de color, nuestro fondo blanco uniforme garantiza que su marca aparezca siempre exactamente como se pretend\u00eda.\" class=\"feature-image left\" src=\"\/wp-content\/uploads\/2025\/08\/white-easy-to-customize-faux-synthetic-material-for-balls-34943.png\"\/><\/p>\n<h3>A diferencia de <strong>Servicio de material de cuero impermeable<\/strong> materiales tradicionales que pueden mostrar variaciones de color, nuestro fondo blanco uniforme garantiza que su marca aparezca siempre exactamente como se pretende<\/h3>\n<p>A diferencia de <strong>Servicio de material de cuero impermeable<\/strong> materiales tradicionales que pueden mostrar variaciones de color, nuestro fondo blanco uniforme garantiza que su marca aparezca siempre exactamente como se pretend\u00eda.<\/p>\n<div class=\"clear\"><\/div>\n<\/div>\n<div class=\"feature-item\">\n<img decoding=\"async\" alt=\"El material est\u00e1 dise\u00f1ado para durar, resistiendo las rozaduras y manchas que suelen afectar al equipamiento deportivo.\" class=\"feature-image left\" src=\"\/wp-content\/uploads\/2025\/08\/white-easy-to-customize-faux-synthetic-material-for-balls-34944.png\"\/><\/p>\n<h3>El material est\u00e1 dise\u00f1ado para durar, resistiendo las rozaduras y manchas que suelen afectar al equipamiento deportivo.<\/h3>\n<p>El material est\u00e1 dise\u00f1ado para durar, resistiendo las rozaduras y manchas que suelen afectar al equipamiento deportivo. Jugadores <strong>Sof\u00e1 impermeable Material personalizado<\/strong> apreciar\u00e1n el agarre fiable y el rendimiento constante, tanto si se utilizan en partidos profesionales como en el juego recreativo.<\/p>\n<div class=\"clear\"><\/div>\n<\/div>\n<div class=\"feature-item\">\n<h3>WINIW Company F\u00e1brica de cuero al por mayor Manufacturerscommitment a la calidad significa que este material withstands rigurosas pruebas de resistencia a la abrasi\u00f3n, solidez del color, y la resistencia a la tracci\u00f3n<\/h3>\n<p>WINIW Company F\u00e1brica de cuero al por mayor Manufacturerscommitment a la calidad significa que este material withstands rigurosas pruebas de resistencia a la abrasi\u00f3n, solidez del color, y resistencia a la tracci\u00f3n. Durable Play-Ready Performance El material mantiene su integridad estructural a trav\u00e9s de un uso prolongado, resistiendo el desgaste del juego competitivo.<\/p>\n<div class=\"clear\"><\/div>\n<\/div>\n<div class=\"feature-item\">\n<h3>La superficie ofrece un agarre excelente en distintas condiciones meteorol\u00f3gicas sin comprometer la aerodin\u00e1mica ni las caracter\u00edsticas de rebote del bal\u00f3n.<\/h3>\n<p>La superficie ofrece un agarre excelente en diversas condiciones meteorol\u00f3gicas sin comprometer la aerodin\u00e1mica ni las caracter\u00edsticas de rebote del bal\u00f3n.<\/p>\n<div class=\"clear\"><\/div>\n<\/div>\n<div class=\"feature-item\">\n<img decoding=\"async\" alt=\"Alta resistencia al desgarro - Ultrasuede Microfibra Faux Leather para guantes de ciclismo\" class=\"feature-image left\" src=\"\/wp-content\/uploads\/2025\/08\/07mm-ultrasuede-microfiber-faux-leather-for-cycling-gloves--37882.jpg\"\/><\/p>\n<h3>Alta resistencia al desgarro<\/h3>\n<p>Nuestra piel de microfibra Ultrasuede presenta una excepcional resistencia al desgarro, lo que garantiza que no se romper\u00e1 ni deformar\u00e1 f\u00e1cilmente bajo tensi\u00f3n. Esto la hace ideal para productos que requieren durabilidad y rendimiento a largo plazo.<\/p>\n<div class=\"clear\"><\/div>\n<\/div>\n<div class=\"feature-item\">\n<img decoding=\"async\" alt=\"Retenci\u00f3n de la forma - Piel sint\u00e9tica de microfibra Ultrasuede para guantes de ciclismo\" class=\"feature-image right\" src=\"\/wp-content\/uploads\/2025\/08\/07mm-ultrasuede-microfiber-faux-leather-for-cycling-gloves--37883.jpg\"\/><\/p>\n<h3>No es f\u00e1cil de deformar<\/h3>\n<p>Especialmente tratado para mantener su forma original, este material ofrece una excelente elasticidad y estabilidad. Resiste la deformaci\u00f3n por presi\u00f3n externa o estiramiento, manteniendo los productos intactos y atractivos a lo largo del tiempo.<\/p>\n<div class=\"clear\"><\/div>\n<\/div>\n<div class=\"feature-item\">\n<img decoding=\"async\" alt=\"Durabilidad - Piel sint\u00e9tica de microfibra Ultrasuede para guantes de ciclismo\" class=\"feature-image left\" src=\"\/wp-content\/uploads\/2025\/08\/07mm-ultrasuede-microfiber-faux-leather-for-cycling-gloves--37884.jpg\"\/><\/p>\n<h3>Durabilidad<\/h3>\n<p>Extremadamente resistente a la abrasi\u00f3n, los desgarros y los pinchazos, este material garantiza que los guantes se mantengan en \u00f3ptimas condiciones incluso con un uso prolongado. Tambi\u00e9n mantiene una excelente destreza y resistencia para art\u00edculos de piel de alta calidad.<\/p>\n<div class=\"clear\"><\/div>\n<\/div>\n<\/section>\n<section id=\"why-choose-us\">\n<h2>Por qu\u00e9 elegir WINIW<\/h2>\n<div class=\"advantage-item\">\n<h3>WINIW Company F\u00e1brica de cuero al por mayor Manufacturerspresents nuestra prima Blanco F\u00e1cil de personalizar material sint\u00e9tico de imitaci\u00f3n, especialmente desarrollado para los balones deportivos y equipos<\/h3>\n<p>WINIW Company Factory Wholesale Leather Manufacturerspresenta nuestro material sint\u00e9tico de imitaci\u00f3n blanco de primera calidad f\u00e1cil de personalizar, especialmente desarrollado para balones y equipamiento deportivo. Este innovador material combina un excelente rendimiento con excelentes posibilidades de personalizaci\u00f3n, por lo que es ideal para marcas y fabricantes que buscan crear art\u00edculos deportivos distintivos.<\/p>\n<\/div>\n<div class=\"advantage-item\">\n<h3>Calidad de fabricaci\u00f3n constante Nuestro material se produce con estrictos controles de calidad para garantizar un grosor, textura y rendimiento uniformes en todos los lotes.<\/h3>\n<p>Calidad de fabricaci\u00f3n uniforme Nuestro material se produce con estrictos controles de calidad para garantizar un grosor, textura y rendimiento uniformes en todos los lotes. Esta fiabilidad simplifica su proceso de producci\u00f3n y reduce el desperdicio de material durante la fabricaci\u00f3n.<\/p>\n<\/div>\n<div class=\"advantage-item\">\n<h3>Garant\u00eda de calidad<\/h3>\n<p>Aplicamos un estricto control de calidad en toda la cadena de producci\u00f3n y suministro, cumpliendo las normas ISO9001. Desde la selecci\u00f3n de materias primas hasta la inspecci\u00f3n final, damos prioridad a los intereses del cliente.<\/p>\n<\/div>\n<div class=\"advantage-item\">\n<h3>Equipo t\u00e9cnico profesional<\/h3>\n<p>Nuestro equipo t\u00e9cnico especializado est\u00e1 formado por profesionales con experiencia en diversos campos, dedicados a suministrar productos de alta calidad y soluciones a medida.<\/p>\n<\/div>\n<div class=\"advantage-item\">\n<h3>Amplia gama de aplicaciones<\/h3>\n<p>Nuestros materiales se utilizan ampliamente en calzado, ropa, maletas, interiores de autom\u00f3viles, muebles de sof\u00e1, etc.<\/p>\n<\/div>\n<div class=\"advantage-item\">\n<h3>Una rica experiencia<\/h3>\n<p>Quanzhou WINIW Import &amp; Export Co., Ltd. cuenta con m\u00e1s de 20 a\u00f1os de experiencia en producci\u00f3n, ofreciendo soluciones perfectas para clientes de todo el mundo.<\/p>\n<\/div>\n<div class=\"advantage-item\">\n<h3>Precio asequible<\/h3>\n<p>Ofrecemos precios competitivos y un excelente servicio de atenci\u00f3n al cliente. Solicite un cat\u00e1logo o visite nuestra f\u00e1brica para explorar nuestros productos.<\/p>\n<\/div>\n<div class=\"advantage-item\">\n<h3>Servicio de atenci\u00f3n al cliente en l\u00ednea 24 horas<\/h3>\n<p>Nuestro equipo est\u00e1 disponible 24 horas al d\u00eda, 7 d\u00edas a la semana, para responder a las consultas y atender los comentarios con prontitud.<\/p>\n<\/div>\n<p><img decoding=\"async\" alt=\"Planta de producci\u00f3n WINIW - Proceso de fabricaci\u00f3n de piel de microfibra Ultrasuede\" class=\"product-image\" src=\"\/wp-content\/uploads\/2025\/08\/07mm-ultrasuede-microfiber-faux-leather-for-cycling-gloves--37888.jpg\"\/><br \/>\n<\/section>\n<p><\/main><\/p>\n<section id=\"inquiry\">\n<h2 style=\"text-align: center;\">Esperamos su consulta.<\/h2>\n<p style=\"text-align: center;\">P\u00f3ngase en contacto con nosotros hoy mismo para obtener m\u00e1s informaci\u00f3n sobre nuestros productos y realizar su pedido.<\/p>\n<\/section>\n\n    <div class=\"xs_social_share_widget xs_share_url after_content \t\tmain_content  wslu-style-1 wslu-share-box-shaped wslu-fill-colored wslu-none wslu-share-horizontal wslu-theme-font-no wslu-main_content\">\n\n\t\t\n        <ul>\n\t\t\t        <\/ul>\n    <\/div>","protected":false},"excerpt":{"rendered":"<div class=\"product-short-description\">Bolas de cuero Blanco F\u00e1cil de personalizar Material sint\u00e9tico de imitaci\u00f3n para las bolas WINIW Blanco F\u00e1cil de personalizar Material sint\u00e9tico de imitaci\u00f3n para las bolas Las caracter\u00edsticas clave incluyen.Ideal para aquellos que buscan calidad y fiabilidad.<\/p>\n<p>Como f\u00e1brica directa, fabricante y mayorista, podemos controlar estrictamente el proceso de producci\u00f3n para garantizar la calidad del producto y, al mismo tiempo, ofrecerle los precios m\u00e1s favorables. Contamos con equipos de producci\u00f3n avanzados y un equipo t\u00e9cnico profesional para satisfacer sus necesidades de pedidos a gran escala y garantizar una entrega puntual.<\/p>\n<\/div>","protected":false},"featured_media":4709,"template":"","meta":[],"product_brand":[],"product_cat":[271],"product_tag":[19200],"class_list":{"0":"post-29466","1":"product","2":"type-product","3":"status-publish","4":"has-post-thumbnail","6":"product_cat-balls-leather","7":"product_tag-faux-synthetic-leather-white-labelfaux-synthetic-leather-private-labelfaux-synthetic-leather-solutionfaux-synthetic-leather-companyfaux-synthetic-leather-agencyfaux-synthetic-leather-wholesaler","9":"first","10":"instock","11":"product-type-simple"},"_links":{"self":[{"href":"https:\/\/www.eco-leather.com\/es\/wp-json\/wp\/v2\/product\/29466","targetHints":{"allow":["GET"]}}],"collection":[{"href":"https:\/\/www.eco-leather.com\/es\/wp-json\/wp\/v2\/product"}],"about":[{"href":"https:\/\/www.eco-leather.com\/es\/wp-json\/wp\/v2\/types\/product"}],"wp:featuredmedia":[{"embeddable":true,"href":"https:\/\/www.eco-leather.com\/es\/wp-json\/wp\/v2\/media\/4709"}],"wp:attachment":[{"href":"https:\/\/www.eco-leather.com\/es\/wp-json\/wp\/v2\/media?parent=29466"}],"wp:term":[{"taxonomy":"product_brand","embeddable":true,"href":"https:\/\/www.eco-leather.com\/es\/wp-json\/wp\/v2\/product_brand?post=29466"},{"taxonomy":"product_cat","embeddable":true,"href":"https:\/\/www.eco-leather.com\/es\/wp-json\/wp\/v2\/product_cat?post=29466"},{"taxonomy":"product_tag","embeddable":true,"href":"https:\/\/www.eco-leather.com\/es\/wp-json\/wp\/v2\/product_tag?post=29466"}],"curies":[{"name":"wp","href":"https:\/\/api.w.org\/{rel}","templated":true}]}}