{"id":29367,"date":"2025-09-07T11:02:51","date_gmt":"2025-09-07T03:02:51","guid":{"rendered":"https:\/\/www.eco-leather.com\/product\/waterproof-pu-vegan-leather-for-all-weather-parkas\/"},"modified":"2025-09-07T11:02:55","modified_gmt":"2025-09-07T03:02:55","slug":"waterproof-pu-vegan-leather-for-all-weather-parkas","status":"publish","type":"product","link":"https:\/\/www.eco-leather.com\/es\/waterproof-pu-vegan-leather-for-all-weather-parkas\/","title":{"rendered":"Waterproof PU Vegan Leather for All Weather Parkas"},"content":{"rendered":"<h2>Proveedor de cuero sint\u00e9tico de primera calidad<\/h2>\n<p><main><\/p>\n<section id=\"product-overview\">\n<h2>Descripci\u00f3n del producto<\/h2>\n<p>Material <strong>Cartera de piel vegana<\/strong> Introducci\u00f3n<\/p>\n<p>Nuestra <strong>Automotive LeatherSeats Service Dog<\/strong> Los materiales ofrecen opciones personalizables en cuanto a grosor, color y mucho m\u00e1s. Haga clic a continuaci\u00f3n y p\u00f3ngase en contacto con nosotros inmediatamente para explorar las infinitas posibilidades.<\/p>\n<p>  Contacto  <\/p>\n<p>Fabricados con materiales de microfibra de alta calidad, nuestros guantes de piel sint\u00e9tica de microfibra Ultrasuede de 0,7 mm son la elecci\u00f3n perfecta para el ciclismo. Equilibra flexibilidad y resistencia, y ofrece una transpirabilidad excepcional y propiedades de evacuaci\u00f3n de la humedad para mantener las manos frescas y secas durante salidas intensas.<\/p>\n<p>Tanto si eres un ciclista profesional como si te dedicas al ocio, la piel de microfibra este material proporciona una comodidad y una protecci\u00f3n insuperables. Su gran resistencia a las abrasiones y los desgarros garantiza un rendimiento duradero, mientras que su elegante dise\u00f1o a\u00f1ade un toque sofisticado a cualquier conjunto ciclista.<\/p>\n<\/section>\n<section id=\"specifications\">\n<h2>Par\u00e1metros t\u00e9cnicos<\/h2>\n<p>Material <strong>Cajas de piel sint\u00e9tica China<\/strong> Especificaci\u00f3n<\/p>\n<p><img decoding=\"async\" alt=\"Piel sint\u00e9tica de microfibra de 0,7 mm Ultrasuede para guantes de ciclismo - Especificaci\u00f3n del material\" class=\"product-image\" src=\"\/wp-content\/uploads\/2025\/08\/07mm-ultrasuede-microfiber-faux-leather-for-cycling-gloves--37881.jpg\"\/><\/p>\n<h3>Par\u00e1metros del producto<\/h3>\n<ul class=\"parameters-list\">\n<li><span class=\"param-name\">Material:<\/span> Microfibra + PU<\/li>\n<li><span class=\"param-name\">Color:<\/span> Negro, gris, beige (colores personalizados disponibles)<\/li>\n<li><span class=\"param-name\">Grosor:<\/span> 0,6 mm, 0,7 mm, 0,8 mm, 1 mm<\/li>\n<li><span class=\"param-name\">Cantidad m\u00ednima de pedido:<\/span> 300 metros lineales<\/li>\n<li><span class=\"param-name\">Longitud del rollo:<\/span> 20-30 m\/rollo<\/li>\n<li><span class=\"param-name\">Plazo de entrega:<\/span> 15-20 d\u00edas<\/li>\n<li><span class=\"param-name\">Anchura:<\/span> 54\u2033, 137cm<\/li>\n<li><span class=\"param-name\">Capacidad de producci\u00f3n:<\/span> 1.000.000 de metros mensuales<\/li>\n<\/ul>\n<\/section>\n<section id=\"features\">\n<h2>Caracter\u00edsticas del producto<\/h2>\n<div class=\"feature-item\">\n<img decoding=\"async\" alt=\"TheSuede Leather Waterproof Spraymaterial s matte finish mimics the sophistication of genuine leather, appealing to eco-aware consumers who refuse to compromise on style or sustainability\" class=\"feature-image left\" src=\"\/wp-content\/uploads\/2025\/08\/waterproof-pu-vegan-leather-for-all-weather-parkas-33817.jpg\"\/><\/p>\n<h3>En <strong>Spray Impermeable Piel de Ante<\/strong> material s matte finish mimics the sophistication of genuine leather, appealing to eco-aware consumers who refuse to compromise on style or sustainability<\/h3>\n<p>En <strong>Spray Impermeable Piel de Ante<\/strong> material s matte finish mimics the sophistication of genuine leather, appealing to eco-aware consumers who refuse to compromise on style or sustainability.<\/p>\n<div class=\"clear\"><\/div>\n<\/div>\n<div class=\"feature-item\">\n<img decoding=\"async\" alt=\"Rigorously tested for durability, it withstands harsh climates while remaining lightweight and breathable perfect for transitional seasons and extreme weather alike \" class=\"feature-image left\" src=\"\/wp-content\/uploads\/2025\/08\/waterproof-pu-vegan-leather-for-all-weather-parkas-33818.jpg\"\/><\/p>\n<h3>Rigorously tested for durability, it withstands harsh climates while remaining lightweight and breathable perfect for transitional seasons and extreme weather alike <\/h3>\n<p>Rigorously tested for durability, it withstands harsh climates while remaining lightweight and breathable perfect for transitional seasons and extreme weather alike . Material <strong>Piel sint\u00e9tica impermeable Personalizar<\/strong> Microfiber PU Leather Brand Name WINIW Company Factory Wholesale Synthetic Leather ManufacturersWidth 54&#8243;;<\/p>\n<div class=\"clear\"><\/div>\n<\/div>\n<div class=\"feature-item\">\n<img decoding=\"async\" alt=\"1\" class=\"feature-image left\" src=\"\/wp-content\/uploads\/2025\/08\/waterproof-pu-vegan-leather-for-all-weather-parkas-33819.jpg\"\/><\/p>\n<h3>1<\/h3>\n<p>1.37m Color Rojo, Negro, Marr\u00f3n, Verde, aceptar personalizar Caracter\u00edstica Resistente al desgaste, Impermeable, Anti-Mildew, Flexible Grosor 0.6mm-2.4mm, aceptar personalizar Lugar de Origen China Personalizado S\u00ed Plazo de entrega Generalmente dentro de 15 - 25 d\u00edas.<\/p>\n<div class=\"clear\"><\/div>\n<\/div>\n<div class=\"feature-item\">\n<img decoding=\"async\" alt=\"MOQTela de cuero impermeable Odmhsas300 metros Detalles de embalaje 30\/50 metros por rollo\" class=\"feature-image left\" src=\"\/wp-content\/uploads\/2025\/08\/waterproof-pu-vegan-leather-for-all-weather-parkas-33820.jpg\"\/><\/p>\n<h3>MOQ <strong>Piel Impermeable Tejido Odmhsas<\/strong> 300 metros Detalles de embalaje 30\/50 metros por rollo<\/h3>\n<p>MOQ <strong>Piel Impermeable Tejido Odmhsas<\/strong> 300 metros Detalles del embalaje 30\/50 metros por rollo. O personalizado Capacidad de producci\u00f3n 1.000.000 metros mensuales Caracter\u00edsticas del material<\/p>\n<div class=\"clear\"><\/div>\n<\/div>\n<div class=\"feature-item\">\n<img decoding=\"async\" alt=\"Alta resistencia al desgarro - Ultrasuede Microfibra Faux Leather para guantes de ciclismo\" class=\"feature-image left\" src=\"\/wp-content\/uploads\/2025\/08\/07mm-ultrasuede-microfiber-faux-leather-for-cycling-gloves--37882.jpg\"\/><\/p>\n<h3>Alta resistencia al desgarro<\/h3>\n<p>Nuestra piel de microfibra Ultrasuede presenta una excepcional resistencia al desgarro, lo que garantiza que no se romper\u00e1 ni deformar\u00e1 f\u00e1cilmente bajo tensi\u00f3n. Esto la hace ideal para productos que requieren durabilidad y rendimiento a largo plazo.<\/p>\n<div class=\"clear\"><\/div>\n<\/div>\n<div class=\"feature-item\">\n<img decoding=\"async\" alt=\"Retenci\u00f3n de la forma - Piel sint\u00e9tica de microfibra Ultrasuede para guantes de ciclismo\" class=\"feature-image right\" src=\"\/wp-content\/uploads\/2025\/08\/07mm-ultrasuede-microfiber-faux-leather-for-cycling-gloves--37883.jpg\"\/><\/p>\n<h3>No es f\u00e1cil de deformar<\/h3>\n<p>Especialmente tratado para mantener su forma original, este material ofrece una excelente elasticidad y estabilidad. Resiste la deformaci\u00f3n por presi\u00f3n externa o estiramiento, manteniendo los productos intactos y atractivos a lo largo del tiempo.<\/p>\n<div class=\"clear\"><\/div>\n<\/div>\n<div class=\"feature-item\">\n<img decoding=\"async\" alt=\"Durabilidad - Piel sint\u00e9tica de microfibra Ultrasuede para guantes de ciclismo\" class=\"feature-image left\" src=\"\/wp-content\/uploads\/2025\/08\/07mm-ultrasuede-microfiber-faux-leather-for-cycling-gloves--37884.jpg\"\/><\/p>\n<h3>Durabilidad<\/h3>\n<p>Extremadamente resistente a la abrasi\u00f3n, los desgarros y los pinchazos, este material garantiza que los guantes se mantengan en \u00f3ptimas condiciones incluso con un uso prolongado. Tambi\u00e9n mantiene una excelente destreza y resistencia para art\u00edculos de piel de alta calidad.<\/p>\n<div class=\"clear\"><\/div>\n<\/div>\n<\/section>\n<section id=\"why-choose-us\">\n<h2>Por qu\u00e9 elegir WINIW<\/h2>\n<div class=\"advantage-item\">\n<h3>WINIW Company Factory Wholesale Synthetic Leather ManufacturersWaterproof PU Vegan Leather sets a new standard in weather-resistant apparel, merging ethical production with cutting-edge functionality<\/h3>\n<p>WINIW Company Factory Wholesale Synthetic Leather ManufacturersWaterproof PU Vegan Leather sets a new standard in weather-resistant apparel, merging ethical production with cutting-edge functionality. Designed for outerwear like all-weather parkas, this synthetic leather repels rain, snow, and wind while maintaining a cruelty-free, eco-conscious profile. Its advanced waterproof membrane ensures complete protection without the bulk of traditional rubberized coatings, making it ideal for sleek, urban-inspired designs.<\/p>\n<\/div>\n<div class=\"advantage-item\">\n<h3>Garant\u00eda de calidad<\/h3>\n<p>Aplicamos un estricto control de calidad en toda la cadena de producci\u00f3n y suministro, cumpliendo las normas ISO9001. Desde la selecci\u00f3n de materias primas hasta la inspecci\u00f3n final, damos prioridad a los intereses del cliente.<\/p>\n<\/div>\n<div class=\"advantage-item\">\n<h3>Equipo t\u00e9cnico profesional<\/h3>\n<p>Nuestro equipo t\u00e9cnico especializado est\u00e1 formado por profesionales con experiencia en diversos campos, dedicados a suministrar productos de alta calidad y soluciones a medida.<\/p>\n<\/div>\n<div class=\"advantage-item\">\n<h3>Amplia gama de aplicaciones<\/h3>\n<p>Nuestros materiales se utilizan ampliamente en calzado, ropa, maletas, interiores de autom\u00f3viles, muebles de sof\u00e1, etc.<\/p>\n<\/div>\n<div class=\"advantage-item\">\n<h3>Una rica experiencia<\/h3>\n<p>Quanzhou WINIW Import &amp; Export Co., Ltd. cuenta con m\u00e1s de 20 a\u00f1os de experiencia en producci\u00f3n, ofreciendo soluciones perfectas para clientes de todo el mundo.<\/p>\n<\/div>\n<div class=\"advantage-item\">\n<h3>Precio asequible<\/h3>\n<p>Ofrecemos precios competitivos y un excelente servicio de atenci\u00f3n al cliente. Solicite un cat\u00e1logo o visite nuestra f\u00e1brica para explorar nuestros productos.<\/p>\n<\/div>\n<div class=\"advantage-item\">\n<h3>Servicio de atenci\u00f3n al cliente en l\u00ednea 24 horas<\/h3>\n<p>Nuestro equipo est\u00e1 disponible 24 horas al d\u00eda, 7 d\u00edas a la semana, para responder a las consultas y atender los comentarios con prontitud.<\/p>\n<\/div>\n<p><img decoding=\"async\" alt=\"Planta de producci\u00f3n WINIW - Proceso de fabricaci\u00f3n de piel de microfibra Ultrasuede\" class=\"product-image\" src=\"\/wp-content\/uploads\/2025\/08\/07mm-ultrasuede-microfiber-faux-leather-for-cycling-gloves--37888.jpg\"\/><br \/>\n<\/section>\n<p><\/main><\/p>\n<section id=\"inquiry\">\n<h2 style=\"text-align: center;\">Esperamos su consulta.<\/h2>\n<p style=\"text-align: center;\">P\u00f3ngase en contacto con nosotros hoy mismo para obtener m\u00e1s informaci\u00f3n sobre nuestros productos y realizar su pedido.<\/p>\n<\/section>\n\n    <div class=\"xs_social_share_widget xs_share_url after_content \t\tmain_content  wslu-style-1 wslu-share-box-shaped wslu-fill-colored wslu-none wslu-share-horizontal wslu-theme-font-no wslu-main_content\">\n\n\t\t\n        <ul>\n\t\t\t        <\/ul>\n    <\/div>","protected":false},"excerpt":{"rendered":"<div class=\"product-short-description\">Garments Leather Waterproof PU Vegan Leather for All Weather Parkas WINIW Waterproof PU Vegan Leather for All Weather Parkas Key features include Microfiber PU Leather, WINIW, Width.Ideal for those seeking quality and reliability.<\/p>\n<p>Como f\u00e1brica directa, fabricante y mayorista, podemos controlar estrictamente el proceso de producci\u00f3n para garantizar la calidad del producto y, al mismo tiempo, ofrecerle los precios m\u00e1s favorables. Contamos con equipos de producci\u00f3n avanzados y un equipo t\u00e9cnico profesional para satisfacer sus necesidades de pedidos a gran escala y garantizar una entrega puntual.<\/p>\n<\/div>","protected":false},"featured_media":3121,"template":"","meta":[],"product_brand":[],"product_cat":[180],"product_tag":[],"class_list":{"0":"post-29367","1":"product","2":"type-product","3":"status-publish","4":"has-post-thumbnail","6":"product_cat-garments-leather","8":"first","9":"instock","10":"product-type-simple"},"_links":{"self":[{"href":"https:\/\/www.eco-leather.com\/es\/wp-json\/wp\/v2\/product\/29367","targetHints":{"allow":["GET"]}}],"collection":[{"href":"https:\/\/www.eco-leather.com\/es\/wp-json\/wp\/v2\/product"}],"about":[{"href":"https:\/\/www.eco-leather.com\/es\/wp-json\/wp\/v2\/types\/product"}],"wp:featuredmedia":[{"embeddable":true,"href":"https:\/\/www.eco-leather.com\/es\/wp-json\/wp\/v2\/media\/3121"}],"wp:attachment":[{"href":"https:\/\/www.eco-leather.com\/es\/wp-json\/wp\/v2\/media?parent=29367"}],"wp:term":[{"taxonomy":"product_brand","embeddable":true,"href":"https:\/\/www.eco-leather.com\/es\/wp-json\/wp\/v2\/product_brand?post=29367"},{"taxonomy":"product_cat","embeddable":true,"href":"https:\/\/www.eco-leather.com\/es\/wp-json\/wp\/v2\/product_cat?post=29367"},{"taxonomy":"product_tag","embeddable":true,"href":"https:\/\/www.eco-leather.com\/es\/wp-json\/wp\/v2\/product_tag?post=29367"}],"curies":[{"name":"wp","href":"https:\/\/api.w.org\/{rel}","templated":true}]}}