{"id":29307,"date":"2025-09-07T11:02:18","date_gmt":"2025-09-07T03:02:18","guid":{"rendered":"https:\/\/www.eco-leather.com\/product\/artificial-full-leather-surface-vegan-faux-leather-for-trendy-blazers\/"},"modified":"2025-09-07T11:02:22","modified_gmt":"2025-09-07T03:02:22","slug":"superficie-de-cuero-artificial-de-imitacion-vegana-para-blazers-de-moda","status":"publish","type":"product","link":"https:\/\/www.eco-leather.com\/es\/superficie-de-cuero-artificial-de-imitacion-vegana-para-blazers-de-moda\/","title":{"rendered":"Superficie de cuero artificial de imitaci\u00f3n vegana para blazers de moda"},"content":{"rendered":"<h2>Proveedor de cuero sint\u00e9tico de primera calidad<\/h2>\n<p><main><\/p>\n<section id=\"product-overview\">\n<h2>Descripci\u00f3n del producto<\/h2>\n<p>Material <strong>Bolsa de piel sint\u00e9tica<\/strong> Introducci\u00f3n<\/p>\n<p>Nuestra <strong>Automotive LeatherSeats Service Dog<\/strong> Los materiales ofrecen opciones personalizables en cuanto a grosor, color y mucho m\u00e1s. Haga clic a continuaci\u00f3n y p\u00f3ngase en contacto con nosotros inmediatamente para explorar las infinitas posibilidades.<\/p>\n<p>  Contacto  <\/p>\n<p>Fabricados con materiales de microfibra de alta calidad, nuestros guantes de piel sint\u00e9tica de microfibra Ultrasuede de 0,7 mm son la elecci\u00f3n perfecta para el ciclismo. Equilibra flexibilidad y resistencia, y ofrece una transpirabilidad excepcional y propiedades de evacuaci\u00f3n de la humedad para mantener las manos frescas y secas durante salidas intensas.<\/p>\n<p>Tanto si eres un ciclista profesional como si te dedicas al ocio, la piel de microfibra este material proporciona una comodidad y una protecci\u00f3n insuperables. Su gran resistencia a las abrasiones y los desgarros garantiza un rendimiento duradero, mientras que su elegante dise\u00f1o a\u00f1ade un toque sofisticado a cualquier conjunto ciclista.<\/p>\n<\/section>\n<section id=\"specifications\">\n<h2>Par\u00e1metros t\u00e9cnicos<\/h2>\n<p>Material <strong>Piel importada<\/strong> Especificaci\u00f3n<\/p>\n<p><img decoding=\"async\" alt=\"Piel sint\u00e9tica de microfibra de 0,7 mm Ultrasuede para guantes de ciclismo - Especificaci\u00f3n del material\" class=\"product-image\" src=\"\/wp-content\/uploads\/2025\/08\/07mm-ultrasuede-microfiber-faux-leather-for-cycling-gloves--37881.jpg\"\/><\/p>\n<h3>Par\u00e1metros del producto<\/h3>\n<ul class=\"parameters-list\">\n<li><span class=\"param-name\">Material:<\/span> Microfibra + PU<\/li>\n<li><span class=\"param-name\">Color:<\/span> Negro, gris, beige (colores personalizados disponibles)<\/li>\n<li><span class=\"param-name\">Grosor:<\/span> 0,6 mm, 0,7 mm, 0,8 mm, 1 mm<\/li>\n<li><span class=\"param-name\">Cantidad m\u00ednima de pedido:<\/span> 300 metros lineales<\/li>\n<li><span class=\"param-name\">Longitud del rollo:<\/span> 20-30 m\/rollo<\/li>\n<li><span class=\"param-name\">Plazo de entrega:<\/span> 15-20 d\u00edas<\/li>\n<li><span class=\"param-name\">Anchura:<\/span> 54\u2033, 137cm<\/li>\n<li><span class=\"param-name\">Capacidad de producci\u00f3n:<\/span> 1.000.000 de metros mensuales<\/li>\n<\/ul>\n<\/section>\n<section id=\"features\">\n<h2>Caracter\u00edsticas del producto<\/h2>\n<div class=\"feature-item\">\n<img decoding=\"async\" alt=\"Sin componentes de origen animal ni sustancias qu\u00edmicas nocivas, este material se ajusta a las normas mundiales de sostenibilidad, lo que atrae a los consumidores preocupados por la \u00e9tica.\" class=\"feature-image left\" src=\"\/wp-content\/uploads\/2025\/08\/artificial-full-leather-surface-vegan-faux-leather-for-trendy-blazers-32917.jpg\"\/><\/p>\n<h3>Gratis <strong>Spray Impermeable Piel de Ante<\/strong> Sin componentes de origen animal ni sustancias qu\u00edmicas nocivas, este material se ajusta a las normas mundiales de sostenibilidad, lo que atrae a los consumidores con mentalidad \u00e9tica.<\/h3>\n<p>Gratis <strong>Spray Impermeable Piel de Ante<\/strong> sin componentes de origen animal ni sustancias qu\u00edmicas nocivas, este material se ajusta a las normas mundiales de sostenibilidad, lo que atrae a los consumidores preocupados por la \u00e9tica.<\/p>\n<div class=\"clear\"><\/div>\n<\/div>\n<div class=\"feature-item\">\n<img decoding=\"async\" alt=\"Su ca\u00edda ligera pero estructurada garantiza que las americanas mantengan una silueta definida, mientras que su durabilidad garantiza su longevidad.\" class=\"feature-image left\" src=\"\/wp-content\/uploads\/2025\/08\/artificial-full-leather-surface-vegan-faux-leather-for-trendy-blazers-32918.jpg\"\/><\/p>\n<h3>Su ca\u00edda ligera pero estructurada garantiza que las americanas mantengan una silueta definida, mientras que su durabilidad garantiza su longevidad.<\/h3>\n<p>Su ca\u00edda ligera pero estructurada asegura que las americanas mantengan siluetas definidas, mientras que su durabilidad garantiza su longevidad. En <strong>Servicio de material de cuero impermeable<\/strong> ya sea para dise\u00f1os minimalistas o para creaciones atrevidas y texturizadas, esta piel sint\u00e9tica permite a las marcas ofrecer chaquetas elegantes y respetuosas con el planeta que resuenan entre los compradores concienciados de hoy en d\u00eda.<\/p>\n<div class=\"clear\"><\/div>\n<\/div>\n<div class=\"feature-item\">\n<img decoding=\"async\" alt=\"Material Microfibra PU Cuero Marca WINIW Empresa F\u00e1brica Mayorista de Cuero Artificial FabricantesAncho 54\" class=\"feature-image left\" src=\"\/wp-content\/uploads\/2025\/08\/artificial-full-leather-surface-vegan-faux-leather-for-trendy-blazers-32919.jpg\"\/><\/p>\n<h3>Material Microfibra PU Cuero Marca WINIW Empresa F\u00e1brica Venta al por mayor de cuero artificial ManufacturersWidth 54\u2033; 1<\/h3>\n<p>Material Microfibra PU Cuero Marca WINIW Empresa F\u00e1brica Mayorista de Cuero Artificial FabricantesAncho 54\u2033; 1.37m <strong>Leatherman de imitaci\u00f3n impermeable<\/strong> Color Rojo, Negro, Marr\u00f3n, Verde, aceptar personalizar Caracter\u00edstica Resistente al desgaste, Impermeable, Anti-Mildew, Flexible Espesor 0,6 mm-2,4 mm, aceptar personalizar Lugar de Origen China Personalizado S\u00ed Plazo de entrega Por lo general dentro de 15 - 25 d\u00edas.<\/p>\n<div class=\"clear\"><\/div>\n<\/div>\n<div class=\"feature-item\">\n<img decoding=\"async\" alt=\"MOQ 300 metros Detalles de embalaje 30\/50 metros por rollo\" class=\"feature-image left\" src=\"\/wp-content\/uploads\/2025\/08\/artificial-full-leather-surface-vegan-faux-leather-for-trendy-blazers-32920.jpg\"\/><\/p>\n<h3>MOQ 300 metros Detalles de embalaje 30\/50 metros por rollo<\/h3>\n<p>MOQ 300 metros Detalles de embalaje 30\/50 metros por rollo. O personalizado Capacidad de producci\u00f3n 1.000.000 metros mensuales Caracter\u00edsticas del material<\/p>\n<div class=\"clear\"><\/div>\n<\/div>\n<div class=\"feature-item\">\n<img decoding=\"async\" alt=\"Alta resistencia al desgarro - Ultrasuede Microfibra Faux Leather para guantes de ciclismo\" class=\"feature-image left\" src=\"\/wp-content\/uploads\/2025\/08\/07mm-ultrasuede-microfiber-faux-leather-for-cycling-gloves--37882.jpg\"\/><\/p>\n<h3>Alta resistencia al desgarro<\/h3>\n<p>Nuestra piel de microfibra Ultrasuede presenta una excepcional resistencia al desgarro, lo que garantiza que no se romper\u00e1 ni deformar\u00e1 f\u00e1cilmente bajo tensi\u00f3n. Esto la hace ideal para productos que requieren durabilidad y rendimiento a largo plazo.<\/p>\n<div class=\"clear\"><\/div>\n<\/div>\n<div class=\"feature-item\">\n<img decoding=\"async\" alt=\"Retenci\u00f3n de la forma - Piel sint\u00e9tica de microfibra Ultrasuede para guantes de ciclismo\" class=\"feature-image right\" src=\"\/wp-content\/uploads\/2025\/08\/07mm-ultrasuede-microfiber-faux-leather-for-cycling-gloves--37883.jpg\"\/><\/p>\n<h3>No es f\u00e1cil de deformar<\/h3>\n<p>Especialmente tratado para mantener su forma original, este material ofrece una excelente elasticidad y estabilidad. Resiste la deformaci\u00f3n por presi\u00f3n externa o estiramiento, manteniendo los productos intactos y atractivos a lo largo del tiempo.<\/p>\n<div class=\"clear\"><\/div>\n<\/div>\n<div class=\"feature-item\">\n<img decoding=\"async\" alt=\"Durabilidad - Piel sint\u00e9tica de microfibra Ultrasuede para guantes de ciclismo\" class=\"feature-image left\" src=\"\/wp-content\/uploads\/2025\/08\/07mm-ultrasuede-microfiber-faux-leather-for-cycling-gloves--37884.jpg\"\/><\/p>\n<h3>Durabilidad<\/h3>\n<p>Extremadamente resistente a la abrasi\u00f3n, los desgarros y los pinchazos, este material garantiza que los guantes se mantengan en \u00f3ptimas condiciones incluso con un uso prolongado. Tambi\u00e9n mantiene una excelente destreza y resistencia para art\u00edculos de piel de alta calidad.<\/p>\n<div class=\"clear\"><\/div>\n<\/div>\n<\/section>\n<section id=\"why-choose-us\">\n<h2>Por qu\u00e9 elegir WINIW<\/h2>\n<div class=\"advantage-item\">\n<h3>WINIW Company F\u00e1brica de venta al por mayor de cuero artificial ManufacturersFull superficie de cuero vegano de imitaci\u00f3n revoluciona la ropa moderna con un material libre de crueldad dise\u00f1ado para elegantes, contempor\u00e1neos blazers<\/h3>\n<p>WINIW Company F\u00e1brica al por mayor de cuero artificial ManufacturersFull superficie de cuero vegano de imitaci\u00f3n revoluciona la ropa moderna con un material libre de crueldad dise\u00f1ado para elegantes, contempor\u00e1neos blazers. Este cuero sint\u00e9tico de primera calidad replica la textura de lujo y la profundidad de cuero genuino a trav\u00e9s de su Full Leather Surfacetechnology, ofreciendo a los dise\u00f1adores una alternativa sostenible sin sacrificar la sofisticaci\u00f3n. Ideal para las marcas m\u00e1s vanguardistas, combina una producci\u00f3n respetuosa con el medio ambiente con cualidades de alto rendimiento, lo que la convierte en un elemento b\u00e1sico para blazers a medida, ropa de oficina y prendas de abrigo llamativas.<\/p>\n<\/div>\n<div class=\"advantage-item\">\n<h3>Garant\u00eda de calidad<\/h3>\n<p>Aplicamos un estricto control de calidad en toda la cadena de producci\u00f3n y suministro, cumpliendo las normas ISO9001. Desde la selecci\u00f3n de materias primas hasta la inspecci\u00f3n final, damos prioridad a los intereses del cliente.<\/p>\n<\/div>\n<div class=\"advantage-item\">\n<h3>Equipo t\u00e9cnico profesional<\/h3>\n<p>Nuestro equipo t\u00e9cnico especializado est\u00e1 formado por profesionales con experiencia en diversos campos, dedicados a suministrar productos de alta calidad y soluciones a medida.<\/p>\n<\/div>\n<div class=\"advantage-item\">\n<h3>Amplia gama de aplicaciones<\/h3>\n<p>Nuestros materiales se utilizan ampliamente en calzado, ropa, maletas, interiores de autom\u00f3viles, muebles de sof\u00e1, etc.<\/p>\n<\/div>\n<div class=\"advantage-item\">\n<h3>Una rica experiencia<\/h3>\n<p>Quanzhou WINIW Import &amp; Export Co., Ltd. cuenta con m\u00e1s de 20 a\u00f1os de experiencia en producci\u00f3n, ofreciendo soluciones perfectas para clientes de todo el mundo.<\/p>\n<\/div>\n<div class=\"advantage-item\">\n<h3>Precio asequible<\/h3>\n<p>Ofrecemos precios competitivos y un excelente servicio de atenci\u00f3n al cliente. Solicite un cat\u00e1logo o visite nuestra f\u00e1brica para explorar nuestros productos.<\/p>\n<\/div>\n<div class=\"advantage-item\">\n<h3>Servicio de atenci\u00f3n al cliente en l\u00ednea 24 horas<\/h3>\n<p>Nuestro equipo est\u00e1 disponible 24 horas al d\u00eda, 7 d\u00edas a la semana, para responder a las consultas y atender los comentarios con prontitud.<\/p>\n<\/div>\n<p><img decoding=\"async\" alt=\"Planta de producci\u00f3n WINIW - Proceso de fabricaci\u00f3n de piel de microfibra Ultrasuede\" class=\"product-image\" src=\"\/wp-content\/uploads\/2025\/08\/07mm-ultrasuede-microfiber-faux-leather-for-cycling-gloves--37888.jpg\"\/><br \/>\n<\/section>\n<p><\/main><\/p>\n<section id=\"inquiry\">\n<h2 style=\"text-align: center;\">Esperamos su consulta.<\/h2>\n<p style=\"text-align: center;\">P\u00f3ngase en contacto con nosotros hoy mismo para obtener m\u00e1s informaci\u00f3n sobre nuestros productos y realizar su pedido.<\/p>\n<\/section>\n\n    <div class=\"xs_social_share_widget xs_share_url after_content \t\tmain_content  wslu-style-1 wslu-share-box-shaped wslu-fill-colored wslu-none wslu-share-horizontal wslu-theme-font-no wslu-main_content\">\n\n\t\t\n        <ul>\n\t\t\t        <\/ul>\n    <\/div>","protected":false},"excerpt":{"rendered":"<div class=\"product-short-description\">Prendas de vestir de cuero de cuero artificial de superficie completa vegana de cuero de imitaci\u00f3n para Blazers de moda WINIW de cuero artificial de superficie completa vegana de cuero de imitaci\u00f3n para Blazers de moda Las caracter\u00edsticas clave incluyen microfibra de cuero PU, WINIW, Width.Ideal para aquellos que buscan calidad y fiabilidad.<\/p>\n<p>Como f\u00e1brica directa, fabricante y mayorista, podemos controlar estrictamente el proceso de producci\u00f3n para garantizar la calidad del producto y, al mismo tiempo, ofrecerle los precios m\u00e1s favorables. Contamos con equipos de producci\u00f3n avanzados y un equipo t\u00e9cnico profesional para satisfacer sus necesidades de pedidos a gran escala y garantizar una entrega puntual.<\/p>\n<\/div>","protected":false},"featured_media":3001,"template":"","meta":[],"product_brand":[],"product_cat":[180],"product_tag":[19107],"class_list":{"0":"post-29307","1":"product","2":"type-product","3":"status-publish","4":"has-post-thumbnail","6":"product_cat-garments-leather","7":"product_tag-vegan-faux-leather-companyvegan-faux-leather-bulkvegan-faux-leather-exportvegan-faux-leather-wholesalervegan-faux-leather-manufacturersvegan-faux-leather-custom","9":"first","10":"instock","11":"product-type-simple"},"_links":{"self":[{"href":"https:\/\/www.eco-leather.com\/es\/wp-json\/wp\/v2\/product\/29307","targetHints":{"allow":["GET"]}}],"collection":[{"href":"https:\/\/www.eco-leather.com\/es\/wp-json\/wp\/v2\/product"}],"about":[{"href":"https:\/\/www.eco-leather.com\/es\/wp-json\/wp\/v2\/types\/product"}],"wp:featuredmedia":[{"embeddable":true,"href":"https:\/\/www.eco-leather.com\/es\/wp-json\/wp\/v2\/media\/3001"}],"wp:attachment":[{"href":"https:\/\/www.eco-leather.com\/es\/wp-json\/wp\/v2\/media?parent=29307"}],"wp:term":[{"taxonomy":"product_brand","embeddable":true,"href":"https:\/\/www.eco-leather.com\/es\/wp-json\/wp\/v2\/product_brand?post=29307"},{"taxonomy":"product_cat","embeddable":true,"href":"https:\/\/www.eco-leather.com\/es\/wp-json\/wp\/v2\/product_cat?post=29307"},{"taxonomy":"product_tag","embeddable":true,"href":"https:\/\/www.eco-leather.com\/es\/wp-json\/wp\/v2\/product_tag?post=29307"}],"curies":[{"name":"wp","href":"https:\/\/api.w.org\/{rel}","templated":true}]}}