{"id":29301,"date":"2025-09-07T11:02:18","date_gmt":"2025-09-07T03:02:18","guid":{"rendered":"https:\/\/www.eco-leather.com\/product\/self-cleaning-faux-leather-for-low-maintenance-motorcycle-jackets\/"},"modified":"2025-09-07T11:02:20","modified_gmt":"2025-09-07T03:02:20","slug":"piel-sintetica-autolimpiable-para-chaquetas-de-moto-de-bajo-mantenimiento","status":"publish","type":"product","link":"https:\/\/www.eco-leather.com\/es\/piel-sintetica-autolimpiable-para-chaquetas-de-moto-de-bajo-mantenimiento\/","title":{"rendered":"Piel sint\u00e9tica autolimpiable para chaquetas de moto de bajo mantenimiento"},"content":{"rendered":"<h2>Proveedor de cuero sint\u00e9tico de primera calidad<\/h2>\n<p><main><\/p>\n<section id=\"product-overview\">\n<h2>Descripci\u00f3n del producto<\/h2>\n<p>Material <strong>Suela de piel sint\u00e9tica<\/strong> Introducci\u00f3n<\/p>\n<p>Nuestros materiales ofrecen opciones personalizables en cuanto a grosor, color y mucho m\u00e1s. Haga clic a continuaci\u00f3n y p\u00f3ngase en contacto con nosotros inmediatamente para explorar las infinitas posibilidades.<\/p>\n<p>  Contacto  <\/p>\n<p>Fabricados con materiales de microfibra de alta calidad, nuestros guantes de piel sint\u00e9tica de microfibra Ultrasuede de 0,7 mm son la elecci\u00f3n perfecta para el ciclismo. Equilibra flexibilidad y resistencia, y ofrece una transpirabilidad excepcional y propiedades de evacuaci\u00f3n de la humedad para mantener las manos frescas y secas durante salidas intensas.<\/p>\n<p>Tanto si eres un ciclista profesional como si te dedicas al ocio, la piel de microfibra este material proporciona una comodidad y una protecci\u00f3n insuperables. Su gran resistencia a las abrasiones y los desgarros garantiza un rendimiento duradero, mientras que su elegante dise\u00f1o a\u00f1ade un toque sofisticado a cualquier conjunto ciclista.<\/p>\n<\/section>\n<section id=\"specifications\">\n<h2>Par\u00e1metros t\u00e9cnicos<\/h2>\n<p>Material <strong>Automotive LeatherSeats Service Dog<\/strong> Especificaci\u00f3n<\/p>\n<p><img decoding=\"async\" alt=\"Piel sint\u00e9tica de microfibra de 0,7 mm Ultrasuede para guantes de ciclismo - Especificaci\u00f3n del material\" class=\"product-image\" src=\"\/wp-content\/uploads\/2025\/08\/07mm-ultrasuede-microfiber-faux-leather-for-cycling-gloves--37881.jpg\"\/><\/p>\n<h3>Par\u00e1metros del producto<\/h3>\n<ul class=\"parameters-list\">\n<li><span class=\"param-name\">Material:<\/span> Microfibra + PU<\/li>\n<li><span class=\"param-name\">Color:<\/span> Negro, gris, beige (colores personalizados disponibles)<\/li>\n<li><span class=\"param-name\">Grosor:<\/span> 0,6 mm, 0,7 mm, 0,8 mm, 1 mm<\/li>\n<li><span class=\"param-name\">Cantidad m\u00ednima de pedido:<\/span> 300 metros lineales<\/li>\n<li><span class=\"param-name\">Longitud del rollo:<\/span> 20-30 m\/rollo<\/li>\n<li><span class=\"param-name\">Plazo de entrega:<\/span> 15-20 d\u00edas<\/li>\n<li><span class=\"param-name\">Anchura:<\/span> 54\u2033, 137cm<\/li>\n<li><span class=\"param-name\">Capacidad de producci\u00f3n:<\/span> 1.000.000 de metros mensuales<\/li>\n<\/ul>\n<\/section>\n<section id=\"features\">\n<h2>Caracter\u00edsticas del producto<\/h2>\n<div class=\"feature-item\">\n<img decoding=\"async\" alt=\"WINIWaterproof Faux LeathermanCompany Factory Wholesale Microfiber Leather ManufacturersLa piel sint\u00e9tica vegana autolimpiable revoluciona la durabilidad de la ropa con una innovaci\u00f3n revolucionaria adaptada a las chaquetas de moto\" class=\"feature-image left\" src=\"\/wp-content\/uploads\/2025\/08\/self-cleaning-faux-leather-for-low-maintenance-motorcycle-jackets-32827.jpg\"\/><\/p>\n<h3>WINIW <strong>Leatherman de imitaci\u00f3n impermeable<\/strong> Company Factory Mayorista de cuero de microfibra ManufacturersSelf-Cleaning Vegan Faux Leather revoluciona la durabilidad de la ropa con una innovaci\u00f3n innovadora a medida para chaquetas de moto<\/h3>\n<p>WINIW <strong>Leatherman de imitaci\u00f3n impermeable<\/strong> Empresa F\u00e1brica Mayorista de Microfibra de Cuero FabricantesAuto-limpieza de cuero vegano Faux revoluciona la durabilidad de la ropa con una innovaci\u00f3n innovadora a medida para chaquetas de moto.<\/p>\n<div class=\"clear\"><\/div>\n<\/div>\n<div class=\"feature-item\">\n<img decoding=\"async\" alt=\"Dise\u00f1ado para motoristas que exigen tanto estilo como practicidad, este material presenta una superficie con nanotecnolog\u00eda que repele la suciedad, el aceite y el polvo, reduciendo la frecuencia de limpieza hasta en un 70%\" class=\"feature-image left\" src=\"\/wp-content\/uploads\/2025\/08\/self-cleaning-faux-leather-for-low-maintenance-motorcycle-jackets-32828.jpg\"\/><\/p>\n<h3>Dise\u00f1ado para motoristas que exigen tanto estilo como practicidad, este material presenta una superficie con nanotecnolog\u00eda que repele la suciedad, el aceite y el polvo, reduciendo la frecuencia de limpieza hasta en un 70%<\/h3>\n<p>Dise\u00f1ado para motoristas que exigen tanto estilo como practicidad, este material presenta una superficie con nanotecnolog\u00eda que repele la suciedad, el aceite y el polvo, reduciendo la frecuencia de limpieza hasta en 70%. Material <strong>Ante Piel Impermeable Importaci\u00f3n<\/strong> Microfibra PU cuero Marca WINIW empresa f\u00e1brica venta por mayor microfibra cuero fabricantesAncho 54\u2033;<\/p>\n<div class=\"clear\"><\/div>\n<\/div>\n<div class=\"feature-item\">\n<img decoding=\"async\" alt=\"1\" class=\"feature-image left\" src=\"\/wp-content\/uploads\/2025\/08\/self-cleaning-faux-leather-for-low-maintenance-motorcycle-jackets-32829.jpg\"\/><\/p>\n<h3>1<\/h3>\n<p>1.37m Color Rojo, Negro, Marr\u00f3n, Verde, aceptar personalizar Caracter\u00edstica Resistente al desgaste, Impermeable, Anti-Mildew, Flexible Grosor 0.6mm-2.4mm, aceptar personalizar Lugar de Origen China Personalizado S\u00ed Plazo de entrega Generalmente dentro de 15 - 25 d\u00edas.<\/p>\n<div class=\"clear\"><\/div>\n<\/div>\n<div class=\"feature-item\">\n<img decoding=\"async\" alt=\"MOQMaterial de cuero impermeable Servicio300 metros Detalles de embalaje 30\/50 metros por rollo\" class=\"feature-image left\" src=\"\/wp-content\/uploads\/2025\/08\/self-cleaning-faux-leather-for-low-maintenance-motorcycle-jackets-32830.jpg\"\/><\/p>\n<h3>MOQ <strong>Servicio de material de cuero impermeable<\/strong> 300 metros Detalles de embalaje 30\/50 metros por rollo<\/h3>\n<p>MOQ <strong>Servicio de material de cuero impermeable<\/strong> 300 metros Detalles del embalaje 30\/50 metros por rollo. O personalizado Capacidad de producci\u00f3n 1.000.000 metros mensuales Caracter\u00edsticas del material<\/p>\n<div class=\"clear\"><\/div>\n<\/div>\n<div class=\"feature-item\">\n<img decoding=\"async\" alt=\"Alta resistencia al desgarro - Ultrasuede Microfibra Faux Leather para guantes de ciclismo\" class=\"feature-image left\" src=\"\/wp-content\/uploads\/2025\/08\/07mm-ultrasuede-microfiber-faux-leather-for-cycling-gloves--37882.jpg\"\/><\/p>\n<h3>Alta resistencia al desgarro<\/h3>\n<p>Nuestra piel de microfibra Ultrasuede presenta una excepcional resistencia al desgarro, lo que garantiza que no se romper\u00e1 ni deformar\u00e1 f\u00e1cilmente bajo tensi\u00f3n. Esto la hace ideal para productos que requieren durabilidad y rendimiento a largo plazo.<\/p>\n<div class=\"clear\"><\/div>\n<\/div>\n<div class=\"feature-item\">\n<img decoding=\"async\" alt=\"Retenci\u00f3n de la forma - Piel sint\u00e9tica de microfibra Ultrasuede para guantes de ciclismo\" class=\"feature-image right\" src=\"\/wp-content\/uploads\/2025\/08\/07mm-ultrasuede-microfiber-faux-leather-for-cycling-gloves--37883.jpg\"\/><\/p>\n<h3>No es f\u00e1cil de deformar<\/h3>\n<p>Especialmente tratado para mantener su forma original, este material ofrece una excelente elasticidad y estabilidad. Resiste la deformaci\u00f3n por presi\u00f3n externa o estiramiento, manteniendo los productos intactos y atractivos a lo largo del tiempo.<\/p>\n<div class=\"clear\"><\/div>\n<\/div>\n<div class=\"feature-item\">\n<img decoding=\"async\" alt=\"Durabilidad - Piel sint\u00e9tica de microfibra Ultrasuede para guantes de ciclismo\" class=\"feature-image left\" src=\"\/wp-content\/uploads\/2025\/08\/07mm-ultrasuede-microfiber-faux-leather-for-cycling-gloves--37884.jpg\"\/><\/p>\n<h3>Durabilidad<\/h3>\n<p>Extremadamente resistente a la abrasi\u00f3n, los desgarros y los pinchazos, este material garantiza que los guantes se mantengan en \u00f3ptimas condiciones incluso con un uso prolongado. Tambi\u00e9n mantiene una excelente destreza y resistencia para art\u00edculos de piel de alta calidad.<\/p>\n<div class=\"clear\"><\/div>\n<\/div>\n<\/section>\n<section id=\"usage\">\n<h2>Uso y aplicaciones<\/h2>\n<p><img fetchpriority=\"high\" decoding=\"async\" alt=\"Fabricante de piel sint\u00e9tica sostenible\" height=\"690\" src=\"\/wp-content\/uploads\/2025\/08\/self-cleaning-faux-leather-for-low-maintenance-motorcycle-jackets-32831.jpg\" width=\"750\"\/><\/p>\n<div class=\"usage-point\">\n<h3>En <strong>Piel importada<\/strong> La superficie Full Leather imita la elegancia de la piel tradicional al tiempo que incorpora propiedades de automantenimiento, lo que garantiza que las chaquetas se mantengan impecables incluso en entornos de alta exposici\u00f3n.<\/h3>\n<p>En <strong>Piel importada<\/strong> La superficie Full Leather imita la robusta elegancia de la piel tradicional al tiempo que integra propiedades de automantenimiento, lo que garantiza que las chaquetas permanezcan inmaculadas incluso en entornos de alta exposici\u00f3n.<\/p>\n<\/div>\n<div class=\"usage-point\">\n<h3>Fabricado a partir de poliuretano ecol\u00f3gico y pol\u00edmeros de origen vegetal, es 100% libre de crueldad y cumple con las rigurosas certificaciones mundiales de seguridad y sostenibilidad.<\/h3>\n<p>Fabricado a partir de poliuretano ecol\u00f3gico y pol\u00edmeros de origen vegetal, es 100% libre de crueldad y cumple con las rigurosas certificaciones mundiales de seguridad y sostenibilidad. Ligero pero resistente a la abrasi\u00f3n, este cuero de imitaci\u00f3n est\u00e1 dise\u00f1ado para un rendimiento de alta velocidad, la fusi\u00f3n de la moda \u00e9tica con la funcionalidad de vanguardia para los pilotos que se niegan a comprometer .<\/p>\n<\/div>\n<div class=\"usage-point\">\n<h3>C\u00f3modo y transpirable<\/h3>\n<p>Suave, c\u00f3modo y muy transpirable, este material es perfecto para guantes de ciclismo y otros productos que se utilizan durante periodos prolongados. Mantiene las manos frescas y secas durante actividades extenuantes.<\/p>\n<\/div>\n<div class=\"usage-point\">\n<h3>Ecol\u00f3gico y sostenible<\/h3>\n<p>Nuestra piel sint\u00e9tica de microfibra Ultrasuede incluye opciones respetuosas con el medio ambiente, como las variantes fabricadas con PET reciclado y materiales de origen vegetal, que reducen el impacto medioambiental a la vez que ofrecen diversas texturas.<\/p>\n<\/div>\n<div class=\"usage-point\">\n<h3>Protecci\u00f3n antibacterias y antipolvo<\/h3>\n<p>Las variantes seleccionadas presentan propiedades antibacterianas y resistentes al polvo, por lo que cumplen elevadas normas de higiene ideales para guantes que requieren estrictos controles de calidad y seguridad.<\/p>\n<\/div>\n<div class=\"usage-point\">\n<h3>Diversos escenarios de aplicaci\u00f3n<\/h3>\n<p>Adem\u00e1s de guantes de ciclismo, es adecuado para guantes de dedos, guantes de seguridad y otros tipos de guantes, as\u00ed como calzado, ropa y accesorios.<\/p>\n<\/div>\n<p><img decoding=\"async\" alt=\"Aplicaciones de la piel sint\u00e9tica de microfibra Ultrasuede de 0,7 mm en diversos productos\" class=\"product-image\" src=\"\/wp-content\/uploads\/2025\/08\/07mm-ultrasuede-microfiber-faux-leather-for-cycling-gloves--37885.jpg\"\/><br \/>\n<img decoding=\"async\" alt=\"Guantes de ciclismo de piel de microfibra Ultrasuede - ejemplo de producto\" class=\"product-image\" src=\"\/wp-content\/uploads\/2025\/08\/07mm-ultrasuede-microfiber-faux-leather-for-cycling-gloves--37886.jpg\"\/><br \/>\n<\/section>\n<p><\/main><\/p>\n<section id=\"inquiry\">\n<h2 style=\"text-align: center;\">Esperamos su consulta.<\/h2>\n<p style=\"text-align: center;\">P\u00f3ngase en contacto con nosotros hoy mismo para obtener m\u00e1s informaci\u00f3n sobre nuestros productos y realizar su pedido.<\/p>\n<\/section>\n\n    <div class=\"xs_social_share_widget xs_share_url after_content \t\tmain_content  wslu-style-1 wslu-share-box-shaped wslu-fill-colored wslu-none wslu-share-horizontal wslu-theme-font-no wslu-main_content\">\n\n\t\t\n        <ul>\n\t\t\t        <\/ul>\n    <\/div>","protected":false},"excerpt":{"rendered":"<div class=\"product-short-description\">Prendas de vestir de cuero de imitaci\u00f3n de cuero autolimpiante para chaquetas de moto de bajo mantenimiento WINIW autolimpiante de cuero de imitaci\u00f3n para chaquetas de moto de bajo mantenimiento Las caracter\u00edsticas clave incluyen microfibra de cuero PU, WINIW, Width.Ideal para aquellos que buscan calidad y fiabilidad.<\/p>\n<p>Como f\u00e1brica directa, fabricante y mayorista, podemos controlar estrictamente el proceso de producci\u00f3n para garantizar la calidad del producto y, al mismo tiempo, ofrecerle los precios m\u00e1s favorables. Contamos con equipos de producci\u00f3n avanzados y un equipo t\u00e9cnico profesional para satisfacer sus necesidades de pedidos a gran escala y garantizar una entrega puntual.<\/p>\n<\/div>","protected":false},"featured_media":2989,"template":"","meta":[],"product_brand":[],"product_cat":[180],"product_tag":[19103],"class_list":{"0":"post-29301","1":"product","2":"type-product","3":"status-publish","4":"has-post-thumbnail","6":"product_cat-garments-leather","7":"product_tag-black-patent-leather-low-heelsblack-boots-patent-leather-lowblack-patent-leather-low-heel-shoesfaux-leather-shacketfaux-leather-spanxfaux-leather-wallpaper","9":"first","10":"instock","11":"product-type-simple"},"_links":{"self":[{"href":"https:\/\/www.eco-leather.com\/es\/wp-json\/wp\/v2\/product\/29301","targetHints":{"allow":["GET"]}}],"collection":[{"href":"https:\/\/www.eco-leather.com\/es\/wp-json\/wp\/v2\/product"}],"about":[{"href":"https:\/\/www.eco-leather.com\/es\/wp-json\/wp\/v2\/types\/product"}],"wp:featuredmedia":[{"embeddable":true,"href":"https:\/\/www.eco-leather.com\/es\/wp-json\/wp\/v2\/media\/2989"}],"wp:attachment":[{"href":"https:\/\/www.eco-leather.com\/es\/wp-json\/wp\/v2\/media?parent=29301"}],"wp:term":[{"taxonomy":"product_brand","embeddable":true,"href":"https:\/\/www.eco-leather.com\/es\/wp-json\/wp\/v2\/product_brand?post=29301"},{"taxonomy":"product_cat","embeddable":true,"href":"https:\/\/www.eco-leather.com\/es\/wp-json\/wp\/v2\/product_cat?post=29301"},{"taxonomy":"product_tag","embeddable":true,"href":"https:\/\/www.eco-leather.com\/es\/wp-json\/wp\/v2\/product_tag?post=29301"}],"curies":[{"name":"wp","href":"https:\/\/api.w.org\/{rel}","templated":true}]}}