{"id":29291,"date":"2025-09-07T11:02:07","date_gmt":"2025-09-07T03:02:07","guid":{"rendered":"https:\/\/www.eco-leather.com\/product\/0-5mm-dimensional-stability-making-pencil-pouch-free-pu-leather-material-2\/"},"modified":"2025-09-07T11:02:13","modified_gmt":"2025-09-07T03:02:13","slug":"0-5mm-dimensional-stability-making-pencil-pouch-free-pu-leather-material-2","status":"publish","type":"product","link":"https:\/\/www.eco-leather.com\/es\/0-5mm-dimensional-stability-making-pencil-pouch-free-pu-leather-material-2\/","title":{"rendered":"0.5mm Dimensional Stability Making Pencil Pouch Free Pu Leather Material"},"content":{"rendered":"<h2>Material PU para cubierta de port\u00e1til<\/h2>\n<p><main><\/p>\n<section id=\"product-overview\">\n<h2>Descripci\u00f3n del producto<\/h2>\n<p>producto <strong>Soluci\u00f3n material para asientos de coche<\/strong> descripci\u00f3n<\/p>\n<p>Su <strong>Cajas de piel sint\u00e9tica China<\/strong> surface has undergone special treatment, providing excellent wear and scratch resistance while offering a soft and comfortable touch, adding a touch of elegance and texture to book covers.<\/p>\n<p>Furthermore, this leather material boasts outstanding environmental performance, being non-toxic and harmless, and complying with international environmental standards. It is the ideal choice for B-end factories to produce high-end book covers.<\/p>\n<p>Softness And Elasticity<\/p>\n<p>Fabricados con materiales de microfibra de alta calidad, nuestros guantes de piel sint\u00e9tica de microfibra Ultrasuede de 0,7 mm son la elecci\u00f3n perfecta para el ciclismo. Equilibra flexibilidad y resistencia, y ofrece una transpirabilidad excepcional y propiedades de evacuaci\u00f3n de la humedad para mantener las manos frescas y secas durante salidas intensas.<\/p>\n<p>Tanto si eres un ciclista profesional como si te dedicas al ocio, la piel de microfibra este material proporciona una comodidad y una protecci\u00f3n insuperables. Su gran resistencia a las abrasiones y los desgarros garantiza un rendimiento duradero, mientras que su elegante dise\u00f1o a\u00f1ade un toque sofisticado a cualquier conjunto ciclista.<\/p>\n<\/section>\n<section id=\"specifications\">\n<h2>Par\u00e1metros t\u00e9cnicos<\/h2>\n<ul class_=\"parameters-list\">\n<li><span class=\"param-name\">par\u00e1metro <strong>Automotive LeatherSeats Service Dog<\/strong> Material:<\/span> microfibra + PU. color: referencia de color Pantone O Muestra Grosor Normal 0.4mm, 0.5mm, 0.6mm O Grosor Personalizado Cantidad m\u00ednima de pedido: 300 metros lineales.<\/li>\n<li><span class=\"param-name\">Longitud del rollo:<\/span> 20-30m\/rollo plazo de entrega: 15-20 d\u00edas. anchura: 54 , 137cm capacidad de producci\u00f3n: 1.000.000 metros mensuales.<\/li>\n<\/ul>\n<p><img decoding=\"async\" alt=\"Piel sint\u00e9tica de microfibra de 0,7 mm Ultrasuede para guantes de ciclismo - Especificaci\u00f3n del material\" class=\"product-image\" src=\"\/wp-content\/uploads\/2025\/08\/07mm-ultrasuede-microfiber-faux-leather-for-cycling-gloves--37881.jpg\"\/><\/p>\n<h3>Par\u00e1metros del producto<\/h3>\n<ul class=\"parameters-list\">\n<li><span class=\"param-name\">Material:<\/span> Microfibra + PU<\/li>\n<li><span class=\"param-name\">Color:<\/span> Negro, gris, beige (colores personalizados disponibles)<\/li>\n<li><span class=\"param-name\">Grosor:<\/span> 0,6 mm, 0,7 mm, 0,8 mm, 1 mm<\/li>\n<li><span class=\"param-name\">Cantidad m\u00ednima de pedido:<\/span> 300 metros lineales<\/li>\n<li><span class=\"param-name\">Longitud del rollo:<\/span> 20-30 m\/rollo<\/li>\n<li><span class=\"param-name\">Plazo de entrega:<\/span> 15-20 d\u00edas<\/li>\n<li><span class=\"param-name\">Anchura:<\/span> 54\u2033, 137cm<\/li>\n<li><span class=\"param-name\">Capacidad de producci\u00f3n:<\/span> 1.000.000 de metros mensuales<\/li>\n<\/ul>\n<\/section>\n<section id=\"features\">\n<h2>Caracter\u00edsticas del producto<\/h2>\n<div class=\"feature-item\">\n<img decoding=\"async\" alt=\"Caracter\u00edstica principal\" class=\"feature-image left\" src=\"\/wp-content\/uploads\/2025\/08\/05mm-dimensional-stability-making-pencil-pouch-free-pu-leather-material-32696.jpg\"\/><\/p>\n<h3>Caracter\u00edstica principal<\/h3>\n<p>Producto <strong>Spray Impermeable Piel de Ante<\/strong> detalles y caracter\u00edsticas<\/p>\n<div class=\"clear\"><\/div>\n<\/div>\n<div class=\"feature-item\">\n<img decoding=\"async\" alt=\"Alta resistencia al desgarro - Ultrasuede Microfibra Faux Leather para guantes de ciclismo\" class=\"feature-image left\" src=\"\/wp-content\/uploads\/2025\/08\/07mm-ultrasuede-microfiber-faux-leather-for-cycling-gloves--37882.jpg\"\/><\/p>\n<h3>Alta resistencia al desgarro<\/h3>\n<p>Nuestra piel de microfibra Ultrasuede presenta una excepcional resistencia al desgarro, lo que garantiza que no se romper\u00e1 ni deformar\u00e1 f\u00e1cilmente bajo tensi\u00f3n. Esto la hace ideal para productos que requieren durabilidad y rendimiento a largo plazo.<\/p>\n<div class=\"clear\"><\/div>\n<\/div>\n<div class=\"feature-item\">\n<img decoding=\"async\" alt=\"Retenci\u00f3n de la forma - Piel sint\u00e9tica de microfibra Ultrasuede para guantes de ciclismo\" class=\"feature-image right\" src=\"\/wp-content\/uploads\/2025\/08\/07mm-ultrasuede-microfiber-faux-leather-for-cycling-gloves--37883.jpg\"\/><\/p>\n<h3>No es f\u00e1cil de deformar<\/h3>\n<p>Especialmente tratado para mantener su forma original, este material ofrece una excelente elasticidad y estabilidad. Resiste la deformaci\u00f3n por presi\u00f3n externa o estiramiento, manteniendo los productos intactos y atractivos a lo largo del tiempo.<\/p>\n<div class=\"clear\"><\/div>\n<\/div>\n<div class=\"feature-item\">\n<img decoding=\"async\" alt=\"Durabilidad - Piel sint\u00e9tica de microfibra Ultrasuede para guantes de ciclismo\" class=\"feature-image left\" src=\"\/wp-content\/uploads\/2025\/08\/07mm-ultrasuede-microfiber-faux-leather-for-cycling-gloves--37884.jpg\"\/><\/p>\n<h3>Durabilidad<\/h3>\n<p>Extremadamente resistente a la abrasi\u00f3n, los desgarros y los pinchazos, este material garantiza que los guantes se mantengan en \u00f3ptimas condiciones incluso con un uso prolongado. Tambi\u00e9n mantiene una excelente destreza y resistencia para art\u00edculos de piel de alta calidad.<\/p>\n<div class=\"clear\"><\/div>\n<\/div>\n<\/section>\n<section id=\"usage\">\n<h2>Uso y aplicaciones<\/h2>\n<p><img fetchpriority=\"high\" decoding=\"async\" alt=\"Material PU para cubierta de port\u00e1til\" data-mce-file-size=\"NaN\" data-mce-file-status=\"1\" height=\"454\" src=\"\/wp-content\/uploads\/2025\/08\/05mm-dimensional-stability-making-pencil-pouch-free-pu-leather-material-32695.jpg\" width=\"477\"\/><\/p>\n<div class=\"usage-point\">\n<h3>Specifically <strong>Importadores de zapatos de piel vegana<\/strong> tailored for B-end factories, the 0<\/h3>\n<p>Specifically <strong>Importadores de zapatos de piel vegana<\/strong> tailored for B-end factories, the 0.5mm Dimensional Stability Making Book Cover Free PU Leather Material from WINIW Company Factory Wholesale Imitation Leather ManufacturersCompany is one of our prideful leather materials.<\/p>\n<\/div>\n<div class=\"usage-point\">\n<h3>Este <strong>Piel importada<\/strong> leather adopts advanced production processes to ensure extremely high dimensional stability, maintaining its original size even during prolonged use and processing, significantly enhancing the production efficiency and finished product quality of book covers<\/h3>\n<p>Este <strong>Piel importada<\/strong> leather adopts advanced production processes to ensure extremely high dimensional stability, maintaining its original size even during prolonged use and processing, significantly enhancing the production efficiency and finished product quality of book covers.<\/p>\n<\/div>\n<div class=\"usage-point\">\n<h3>En comparaci\u00f3n con la piel artificial de PVC tradicional, la piel de PU y microfibra ofrece una mayor suavidad y elasticidad, proporcionando una experiencia t\u00e1ctil m\u00e1s cercana a la piel natural y un agarre m\u00e1s c\u00f3modo para los usuarios.<\/h3>\n<p>En comparaci\u00f3n con la piel artificial de PVC tradicional, la piel de PU y microfibra ofrece una mayor suavidad y elasticidad, proporcionando una experiencia t\u00e1ctil m\u00e1s cercana a la piel natural y un agarre m\u00e1s c\u00f3modo para los usuarios.<\/p>\n<\/div>\n<div class=\"usage-point\">\n<h3>C\u00f3modo y transpirable<\/h3>\n<p>Suave, c\u00f3modo y muy transpirable, este material es perfecto para guantes de ciclismo y otros productos que se utilizan durante periodos prolongados. Mantiene las manos frescas y secas durante actividades extenuantes.<\/p>\n<\/div>\n<div class=\"usage-point\">\n<h3>Ecol\u00f3gico y sostenible<\/h3>\n<p>Nuestra piel sint\u00e9tica de microfibra Ultrasuede incluye opciones respetuosas con el medio ambiente, como las variantes fabricadas con PET reciclado y materiales de origen vegetal, que reducen el impacto medioambiental a la vez que ofrecen diversas texturas.<\/p>\n<\/div>\n<div class=\"usage-point\">\n<h3>Protecci\u00f3n antibacterias y antipolvo<\/h3>\n<p>Las variantes seleccionadas presentan propiedades antibacterianas y resistentes al polvo, por lo que cumplen elevadas normas de higiene ideales para guantes que requieren estrictos controles de calidad y seguridad.<\/p>\n<\/div>\n<div class=\"usage-point\">\n<h3>Diversos escenarios de aplicaci\u00f3n<\/h3>\n<p>Adem\u00e1s de guantes de ciclismo, es adecuado para guantes de dedos, guantes de seguridad y otros tipos de guantes, as\u00ed como calzado, ropa y accesorios.<\/p>\n<\/div>\n<p><img decoding=\"async\" alt=\"Aplicaciones de la piel sint\u00e9tica de microfibra Ultrasuede de 0,7 mm en diversos productos\" class=\"product-image\" src=\"\/wp-content\/uploads\/2025\/08\/07mm-ultrasuede-microfiber-faux-leather-for-cycling-gloves--37885.jpg\"\/><br \/>\n<img decoding=\"async\" alt=\"Guantes de ciclismo de piel de microfibra Ultrasuede - ejemplo de producto\" class=\"product-image\" src=\"\/wp-content\/uploads\/2025\/08\/07mm-ultrasuede-microfiber-faux-leather-for-cycling-gloves--37886.jpg\"\/><br \/>\n<\/section>\n<p><\/main><\/p>\n<section id=\"inquiry\">\n<h2 style=\"text-align: center;\">Esperamos su consulta.<\/h2>\n<p style=\"text-align: center;\">P\u00f3ngase en contacto con nosotros hoy mismo para obtener m\u00e1s informaci\u00f3n sobre nuestros productos y realizar su pedido.<\/p>\n<\/section>\n\n    <div class=\"xs_social_share_widget xs_share_url after_content \t\tmain_content  wslu-style-1 wslu-share-box-shaped wslu-fill-colored wslu-none wslu-share-horizontal wslu-theme-font-no wslu-main_content\">\n\n\t\t\n        <ul>\n\t\t\t        <\/ul>\n    <\/div>","protected":false},"excerpt":{"rendered":"<div class=\"product-short-description\">PU Leather 0.5mm Dimensional Stability Making Pencil Pouch Free Pu Leather Material WINIW 0.5mm Dimensional Stability Making Pencil Pouch Free Pu Leather Material Key features include.Ideal for those seeking quality and reliability.<\/p>\n<p>Como f\u00e1brica directa, fabricante y mayorista, podemos controlar estrictamente el proceso de producci\u00f3n para garantizar la calidad del producto y, al mismo tiempo, ofrecerle los precios m\u00e1s favorables. Contamos con equipos de producci\u00f3n avanzados y un equipo t\u00e9cnico profesional para satisfacer sus necesidades de pedidos a gran escala y garantizar una entrega puntual.<\/p>\n<\/div>","protected":false},"featured_media":4625,"template":"","meta":[],"product_brand":[],"product_cat":[198],"product_tag":[19099],"class_list":{"0":"post-29291","1":"product","2":"type-product","3":"status-publish","4":"has-post-thumbnail","6":"product_cat-pu-leather","7":"product_tag-fake-leather-material-white-labelfake-leather-material-companiesfake-leather-material-servicefake-leather-material-agenciesfake-leather-material-sourcingfake-leather-material-private-label","9":"first","10":"instock","11":"product-type-simple"},"_links":{"self":[{"href":"https:\/\/www.eco-leather.com\/es\/wp-json\/wp\/v2\/product\/29291","targetHints":{"allow":["GET"]}}],"collection":[{"href":"https:\/\/www.eco-leather.com\/es\/wp-json\/wp\/v2\/product"}],"about":[{"href":"https:\/\/www.eco-leather.com\/es\/wp-json\/wp\/v2\/types\/product"}],"wp:featuredmedia":[{"embeddable":true,"href":"https:\/\/www.eco-leather.com\/es\/wp-json\/wp\/v2\/media\/4625"}],"wp:attachment":[{"href":"https:\/\/www.eco-leather.com\/es\/wp-json\/wp\/v2\/media?parent=29291"}],"wp:term":[{"taxonomy":"product_brand","embeddable":true,"href":"https:\/\/www.eco-leather.com\/es\/wp-json\/wp\/v2\/product_brand?post=29291"},{"taxonomy":"product_cat","embeddable":true,"href":"https:\/\/www.eco-leather.com\/es\/wp-json\/wp\/v2\/product_cat?post=29291"},{"taxonomy":"product_tag","embeddable":true,"href":"https:\/\/www.eco-leather.com\/es\/wp-json\/wp\/v2\/product_tag?post=29291"}],"curies":[{"name":"wp","href":"https:\/\/api.w.org\/{rel}","templated":true}]}}