{"id":29256,"date":"2025-09-07T11:01:48","date_gmt":"2025-09-07T03:01:48","guid":{"rendered":"https:\/\/www.eco-leather.com\/product\/0-4mm-microfiber-microsuede-leather-display-stands-material\/"},"modified":"2025-09-07T11:01:54","modified_gmt":"2025-09-07T03:01:54","slug":"0-4mm-microfiber-microsuede-leather-display-stands-material","status":"publish","type":"product","link":"https:\/\/www.eco-leather.com\/es\/0-4mm-microfiber-microsuede-leather-display-stands-material\/","title":{"rendered":"0.4mm Microfiber Microsuede Leather Display Stands Material"},"content":{"rendered":"<h2>0.4mm Microfiber Microsuede Leather Display Stands Material factory<\/h2>\n<p><main><\/p>\n<section id=\"product-overview\">\n<h2>Descripci\u00f3n del producto<\/h2>\n<p>Producto <strong>Suela de piel sint\u00e9tica<\/strong> Introducci\u00f3n<\/p>\n<p>Un <strong>Piel importada<\/strong> of the key benefits of 0.4mm microfiber microsuede leather is its incredibly soft and luxurious feel. Its microsuede texture gives it a supple, velvety finish that looks and feels like genuine suede leather.<\/p>\n<p>This makes it perfect for creating high-end displays that convey a sense of luxury and style. 0.4mm microfiber microsuede leather is incredibly strong and durable. Its synthetic fibers are resistant to abrasion, tearing, and fading, which means your display stands will look great for years to come.<\/p>\n<p>Plus, its lightweight and flexible nature makes it easy to work with, allowing you to create custom displays that meet your specific needs.<\/p>\n<p>Fabricados con materiales de microfibra de alta calidad, nuestros guantes de piel sint\u00e9tica de microfibra Ultrasuede de 0,7 mm son la elecci\u00f3n perfecta para el ciclismo. Equilibra flexibilidad y resistencia, y ofrece una transpirabilidad excepcional y propiedades de evacuaci\u00f3n de la humedad para mantener las manos frescas y secas durante salidas intensas.<\/p>\n<p>Tanto si eres un ciclista profesional como si te dedicas al ocio, la piel de microfibra este material proporciona una comodidad y una protecci\u00f3n insuperables. Su gran resistencia a las abrasiones y los desgarros garantiza un rendimiento duradero, mientras que su elegante dise\u00f1o a\u00f1ade un toque sofisticado a cualquier conjunto ciclista.<\/p>\n<\/section>\n<section id=\"specifications\">\n<h2>Par\u00e1metros t\u00e9cnicos<\/h2>\n<ul class_=\"parameters-list\">\n<li><span class=\"param-name\">Producto <strong>Cajas de piel sint\u00e9tica China<\/strong> Especificaci\u00f3n Material:<\/span> Microfibra de gamuza L eather Composici\u00f3n: 55 Nylon + 45% Poliuretano Marca WINIW Empresa F\u00e1brica Material al por mayor FabricantesGrosor: 0,4 mm, 0,5 mm, 0,6 mm, personalizado Ancho: 54\u2033, 137cm Color: Blanco, rojo, azul, verde, beige, colores personalizados MOQ : 300 metros lineales Plazo de entrega: 1 0 -20 d\u00edas Capacidad de producci\u00f3n: 1.000.000 metros mensuales Caracter\u00edstica Anti-Mildew , Resistente a los ara\u00f1azos, Altamente durable Lugar de origen China Personalizado S\u00ed Aplicaci\u00f3n Caja de joyer\u00eda, D isplay soportes, caja del tel\u00e9fono, W atch caja Material: Microfibra de gamuza L eather Composici\u00f3n: 55 Nylon + 45% Poliuretano Marca WINIW Empresa F\u00e1brica Material al por mayor FabricantesGrosor: 0,4 mm, 0,5 mm, 0,6 mm, personalizado Ancho: 54\u2033, 137cm Color: Blanco, rojo, azul, verde, beige, colores personalizados MOQ : 300 metros lineales Plazo de entrega: 10 -20 d\u00edas Capacidad de producci\u00f3n: 1.000.000 metros mensuales Caracter\u00edstica Anti-Mildew , resistente a los ara\u00f1azos, de alta durabilidad Lugar de Origen China Personalizado S\u00ed Aplicaci\u00f3n Caja de joyer\u00eda, D isplay stands, caja del tel\u00e9fono, W atch caja<\/li>\n<\/ul>\n<p><img decoding=\"async\" alt=\"Piel sint\u00e9tica de microfibra de 0,7 mm Ultrasuede para guantes de ciclismo - Especificaci\u00f3n del material\" class=\"product-image\" src=\"\/wp-content\/uploads\/2025\/08\/07mm-ultrasuede-microfiber-faux-leather-for-cycling-gloves--37881.jpg\"\/><\/p>\n<h3>Par\u00e1metros del producto<\/h3>\n<ul class=\"parameters-list\">\n<li><span class=\"param-name\">Material:<\/span> Microfibra + PU<\/li>\n<li><span class=\"param-name\">Color:<\/span> Negro, gris, beige (colores personalizados disponibles)<\/li>\n<li><span class=\"param-name\">Grosor:<\/span> 0,6 mm, 0,7 mm, 0,8 mm, 1 mm<\/li>\n<li><span class=\"param-name\">Cantidad m\u00ednima de pedido:<\/span> 300 metros lineales<\/li>\n<li><span class=\"param-name\">Longitud del rollo:<\/span> 20-30 m\/rollo<\/li>\n<li><span class=\"param-name\">Plazo de entrega:<\/span> 15-20 d\u00edas<\/li>\n<li><span class=\"param-name\">Anchura:<\/span> 54\u2033, 137cm<\/li>\n<li><span class=\"param-name\">Capacidad de producci\u00f3n:<\/span> 1.000.000 de metros mensuales<\/li>\n<\/ul>\n<\/section>\n<section id=\"features\">\n<h2>Caracter\u00edsticas del producto<\/h2>\n<div class=\"feature-item\">\n<img decoding=\"async\" alt=\"IfSuede Leather Waterproof Sprayyou're looking for a versatile and durable material for your display stands, then 0\" class=\"feature-image left\" src=\"\/wp-content\/uploads\/2025\/08\/04mm-microfiber-microsuede-leather-display-stands-material-32373.png\"\/><\/p>\n<h3>Si <strong>Spray Impermeable Piel de Ante<\/strong> you&#8217;re looking for a versatile and durable material for your display stands, then 0<\/h3>\n<p>Si <strong>Spray Impermeable Piel de Ante<\/strong> you&#8217;re looking for a versatile and durable material for your display stands, then 0.4mm microfiber microsuede leather might just be the perfect solution for you.<\/p>\n<div class=\"clear\"><\/div>\n<\/div>\n<div class=\"feature-item\">\n<img decoding=\"async\" alt=\"This synthetic leather material offers a unique combination of softness, strength, and durability that makes it ideal for a range of display uses\" class=\"feature-image left\" src=\"\/wp-content\/uploads\/2025\/08\/04mm-microfiber-microsuede-leather-display-stands-material-32373.png\"\/><\/p>\n<h3>This synthetic leather material offers a unique combination of softness, strength, and durability that makes it ideal for a range of display uses<\/h3>\n<p>This synthetic leather material offers a unique combination of softness, strength, and durability that makes it ideal for a range of display uses.<\/p>\n<div class=\"clear\"><\/div>\n<\/div>\n<div class=\"feature-item\">\n<img decoding=\"async\" alt=\"Alta resistencia al desgarro - Ultrasuede Microfibra Faux Leather para guantes de ciclismo\" class=\"feature-image left\" src=\"\/wp-content\/uploads\/2025\/08\/07mm-ultrasuede-microfiber-faux-leather-for-cycling-gloves--37882.jpg\"\/><\/p>\n<h3>Alta resistencia al desgarro<\/h3>\n<p>Nuestra piel de microfibra Ultrasuede presenta una excepcional resistencia al desgarro, lo que garantiza que no se romper\u00e1 ni deformar\u00e1 f\u00e1cilmente bajo tensi\u00f3n. Esto la hace ideal para productos que requieren durabilidad y rendimiento a largo plazo.<\/p>\n<div class=\"clear\"><\/div>\n<\/div>\n<div class=\"feature-item\">\n<img decoding=\"async\" alt=\"Retenci\u00f3n de la forma - Piel sint\u00e9tica de microfibra Ultrasuede para guantes de ciclismo\" class=\"feature-image right\" src=\"\/wp-content\/uploads\/2025\/08\/07mm-ultrasuede-microfiber-faux-leather-for-cycling-gloves--37883.jpg\"\/><\/p>\n<h3>No es f\u00e1cil de deformar<\/h3>\n<p>Especialmente tratado para mantener su forma original, este material ofrece una excelente elasticidad y estabilidad. Resiste la deformaci\u00f3n por presi\u00f3n externa o estiramiento, manteniendo los productos intactos y atractivos a lo largo del tiempo.<\/p>\n<div class=\"clear\"><\/div>\n<\/div>\n<div class=\"feature-item\">\n<img decoding=\"async\" alt=\"Durabilidad - Piel sint\u00e9tica de microfibra Ultrasuede para guantes de ciclismo\" class=\"feature-image left\" src=\"\/wp-content\/uploads\/2025\/08\/07mm-ultrasuede-microfiber-faux-leather-for-cycling-gloves--37884.jpg\"\/><\/p>\n<h3>Durabilidad<\/h3>\n<p>Extremadamente resistente a la abrasi\u00f3n, los desgarros y los pinchazos, este material garantiza que los guantes se mantengan en \u00f3ptimas condiciones incluso con un uso prolongado. Tambi\u00e9n mantiene una excelente destreza y resistencia para art\u00edculos de piel de alta calidad.<\/p>\n<div class=\"clear\"><\/div>\n<\/div>\n<\/section>\n<section id=\"usage\">\n<h2>Uso y aplicaciones<\/h2>\n<p><img decoding=\"async\" alt=\"0.4mm Microfiber Microsuede Leather Display Stands Material details\" height=\"15\" src=\"\/wp-content\/uploads\/2025\/08\/04mm-microfiber-microsuede-leather-display-stands-material-32373.png\" width=\"15\"\/><\/p>\n<div class=\"usage-point\">\n<h3>About <strong>Bolsos de piel de segunda mano<\/strong> 0<\/h3>\n<p>About <strong>Bolsos de piel de segunda mano<\/strong> 0.4mm microfiber microsuede leather, It&#8217;s an eco-friendly and sustainable choice. Unlike genuine leather, which requires the use of harmful chemicals and animal products, microsuede leather is made from synthetic materials that are easy to source and manufacture.<\/p>\n<\/div>\n<div class=\"usage-point\">\n<h3>C\u00f3modo y transpirable<\/h3>\n<p>Suave, c\u00f3modo y muy transpirable, este material es perfecto para guantes de ciclismo y otros productos que se utilizan durante periodos prolongados. Mantiene las manos frescas y secas durante actividades extenuantes.<\/p>\n<\/div>\n<div class=\"usage-point\">\n<h3>Ecol\u00f3gico y sostenible<\/h3>\n<p>Nuestra piel sint\u00e9tica de microfibra Ultrasuede incluye opciones respetuosas con el medio ambiente, como las variantes fabricadas con PET reciclado y materiales de origen vegetal, que reducen el impacto medioambiental a la vez que ofrecen diversas texturas.<\/p>\n<\/div>\n<div class=\"usage-point\">\n<h3>Protecci\u00f3n antibacterias y antipolvo<\/h3>\n<p>Las variantes seleccionadas presentan propiedades antibacterianas y resistentes al polvo, por lo que cumplen elevadas normas de higiene ideales para guantes que requieren estrictos controles de calidad y seguridad.<\/p>\n<\/div>\n<div class=\"usage-point\">\n<h3>Diversos escenarios de aplicaci\u00f3n<\/h3>\n<p>Adem\u00e1s de guantes de ciclismo, es adecuado para guantes de dedos, guantes de seguridad y otros tipos de guantes, as\u00ed como calzado, ropa y accesorios.<\/p>\n<\/div>\n<p><img decoding=\"async\" alt=\"Aplicaciones de la piel sint\u00e9tica de microfibra Ultrasuede de 0,7 mm en diversos productos\" class=\"product-image\" src=\"\/wp-content\/uploads\/2025\/08\/07mm-ultrasuede-microfiber-faux-leather-for-cycling-gloves--37885.jpg\"\/><br \/>\n<img decoding=\"async\" alt=\"Guantes de ciclismo de piel de microfibra Ultrasuede - ejemplo de producto\" class=\"product-image\" src=\"\/wp-content\/uploads\/2025\/08\/07mm-ultrasuede-microfiber-faux-leather-for-cycling-gloves--37886.jpg\"\/><br \/>\n<\/section>\n<p><\/main><\/p>\n<section id=\"inquiry\">\n<h2 style=\"text-align: center;\">Esperamos su consulta.<\/h2>\n<p style=\"text-align: center;\">P\u00f3ngase en contacto con nosotros hoy mismo para obtener m\u00e1s informaci\u00f3n sobre nuestros productos y realizar su pedido.<\/p>\n<\/section>\n\n    <div class=\"xs_social_share_widget xs_share_url after_content \t\tmain_content  wslu-style-1 wslu-share-box-shaped wslu-fill-colored wslu-none wslu-share-horizontal wslu-theme-font-no wslu-main_content\">\n\n\t\t\n        <ul>\n\t\t\t        <\/ul>\n    <\/div>","protected":false},"excerpt":{"rendered":"<div class=\"product-short-description\">Microsuede for Jewelry Display 0.4mm Microfiber Microsuede Leather Display Stands Material WINIW 0.4mm Microfiber Microsuede Leather Display Stands Material Key features include.Ideal for those seeking quality and reliability.<\/p>\n<p>Como f\u00e1brica directa, fabricante y mayorista, podemos controlar estrictamente el proceso de producci\u00f3n para garantizar la calidad del producto y, al mismo tiempo, ofrecerle los precios m\u00e1s favorables. Contamos con equipos de producci\u00f3n avanzados y un equipo t\u00e9cnico profesional para satisfacer sus necesidades de pedidos a gran escala y garantizar una entrega puntual.<\/p>\n<\/div>","protected":false},"featured_media":5516,"template":"","meta":[],"product_brand":[],"product_cat":[294],"product_tag":[19076],"class_list":{"0":"post-29256","1":"product","2":"type-product","3":"status-publish","4":"has-post-thumbnail","6":"product_cat-microsuede-for-jewelry-display","7":"product_tag-black-pu-leather-display-factoryblack-pu-leather-display-wholesaleblack-pu-leather-display-chinablack-pu-leather-display-tradersblack-pu-leather-display-retailerblack-pu-leather-display-custom","9":"first","10":"instock","11":"product-type-simple"},"_links":{"self":[{"href":"https:\/\/www.eco-leather.com\/es\/wp-json\/wp\/v2\/product\/29256","targetHints":{"allow":["GET"]}}],"collection":[{"href":"https:\/\/www.eco-leather.com\/es\/wp-json\/wp\/v2\/product"}],"about":[{"href":"https:\/\/www.eco-leather.com\/es\/wp-json\/wp\/v2\/types\/product"}],"wp:featuredmedia":[{"embeddable":true,"href":"https:\/\/www.eco-leather.com\/es\/wp-json\/wp\/v2\/media\/5516"}],"wp:attachment":[{"href":"https:\/\/www.eco-leather.com\/es\/wp-json\/wp\/v2\/media?parent=29256"}],"wp:term":[{"taxonomy":"product_brand","embeddable":true,"href":"https:\/\/www.eco-leather.com\/es\/wp-json\/wp\/v2\/product_brand?post=29256"},{"taxonomy":"product_cat","embeddable":true,"href":"https:\/\/www.eco-leather.com\/es\/wp-json\/wp\/v2\/product_cat?post=29256"},{"taxonomy":"product_tag","embeddable":true,"href":"https:\/\/www.eco-leather.com\/es\/wp-json\/wp\/v2\/product_tag?post=29256"}],"curies":[{"name":"wp","href":"https:\/\/api.w.org\/{rel}","templated":true}]}}