{"id":29243,"date":"2025-09-07T11:01:48","date_gmt":"2025-09-07T03:01:48","guid":{"rendered":"https:\/\/www.eco-leather.com\/product\/customized-microfiber-leather-microsuede-display-decoration-material\/"},"modified":"2025-09-07T11:01:50","modified_gmt":"2025-09-07T03:01:50","slug":"microfibra-personalizada-de-cuero-microsuede-pantalla-material-de-decoracion","status":"publish","type":"product","link":"https:\/\/www.eco-leather.com\/es\/microfibra-personalizada-de-cuero-microsuede-pantalla-material-de-decoracion\/","title":{"rendered":"Material de decoraci\u00f3n para expositores de microfibra de cuero microsuede a medida"},"content":{"rendered":"<h2>Personalizado de cuero de microfibra Microsuede Display Decoraci\u00f3n Material de fabricaci\u00f3n<\/h2>\n<p><main><\/p>\n<section id=\"product-overview\">\n<h2>Descripci\u00f3n del producto<\/h2>\n<p>Producto <strong>Empresa de material para asientos de coche<\/strong> Introducci\u00f3n<\/p>\n<p>Utilizando <strong>Cajas de piel sint\u00e9tica China<\/strong> La piel de microfibra microsuede para expositores es capaz de simular con eficacia el aspecto y el tacto de la piel aut\u00e9ntica, sin el elevado coste asociado a ella.<\/p>\n<p>Adem\u00e1s, la piel de microfibra es muy resistente al desgaste, lo que la convierte en un material ideal para zonas de mucho tr\u00e1nsito, como tiendas minoristas o expositores de ferias comerciales. Las opciones de personalizaci\u00f3n de la piel de microfibra microsuede son infinitas, con una variedad de colores y texturas disponibles para adaptarse a cualquier dise\u00f1o o estrategia de marca.<\/p>\n<p>El material puede imprimirse, gofrarse o bordarse para incorporar logotipos, nombres de productos u otros elementos de dise\u00f1o. Material:<\/p>\n<p>Fabricados con materiales de microfibra de alta calidad, nuestros guantes de piel sint\u00e9tica de microfibra Ultrasuede de 0,7 mm son la elecci\u00f3n perfecta para el ciclismo. Equilibra flexibilidad y resistencia, y ofrece una transpirabilidad excepcional y propiedades de evacuaci\u00f3n de la humedad para mantener las manos frescas y secas durante salidas intensas.<\/p>\n<p>Tanto si eres un ciclista profesional como si te dedicas al ocio, la piel de microfibra este material proporciona una comodidad y una protecci\u00f3n insuperables. Su gran resistencia a las abrasiones y los desgarros garantiza un rendimiento duradero, mientras que su elegante dise\u00f1o a\u00f1ade un toque sofisticado a cualquier conjunto ciclista.<\/p>\n<\/section>\n<section id=\"specifications\">\n<h2>Par\u00e1metros t\u00e9cnicos<\/h2>\n<ul class_=\"parameters-list\">\n<li><span class=\"param-name\">Producto <strong>Chaqueta de cuero Eco Car<\/strong> Especificaci\u00f3n Material:<\/span> Microfibra de gamuza L eather Composici\u00f3n: 55 Nylon + 45% Poliuretano Marca WINIW Empresa F\u00e1brica Mayorista de cuero nobuck FabricantesGrosor: 0,4 mm, 0,5 mm, 0,6 mm, personalizado Ancho: 54\u2033, 137cm Color: Blanco, rojo, azul, verde, beige, colores personalizados MOQ : 300 metros lineales Plazo de entrega: 1 0 -20 d\u00edas Capacidad de producci\u00f3n: 1.000.000 metros mensuales Caracter\u00edstica Anti-Mildew , Resistente a los ara\u00f1azos, Altamente durable Lugar de origen China Personalizado S\u00ed Aplicaci\u00f3n Caja de joyer\u00eda, D isplay stands, caja del tel\u00e9fono, caja W atch Material: Microfibra de gamuza L eather Composici\u00f3n: 55 Nylon + 45% Poliuretano Marca WINIW Empresa F\u00e1brica al por mayor de cuero nobuck ManufacturersThickness: 0,4 mm, 0,5 mm, 0,6 mm, personalizado Ancho: 54\u2033, 137cm Color: Blanco, rojo, azul, verde, beige, colores personalizados MOQ : 300 metros lineales Tiempo de entrega: 1 0 -20 d\u00edas Capacidad de producci\u00f3n: 1.000.000 metros mensuales Caracter\u00edstica Anti-Mildew , resistente a los ara\u00f1azos, de alta durabilidad Lugar de Origen China Personalizado S\u00ed Aplicaci\u00f3n Caja de joyer\u00eda, D isplay stands, caja del tel\u00e9fono, W atch caja<\/li>\n<\/ul>\n<p><img decoding=\"async\" alt=\"Piel sint\u00e9tica de microfibra de 0,7 mm Ultrasuede para guantes de ciclismo - Especificaci\u00f3n del material\" class=\"product-image\" src=\"\/wp-content\/uploads\/2025\/08\/07mm-ultrasuede-microfiber-faux-leather-for-cycling-gloves--37881.jpg\"\/><\/p>\n<h3>Par\u00e1metros del producto<\/h3>\n<ul class=\"parameters-list\">\n<li><span class=\"param-name\">Material:<\/span> Microfibra + PU<\/li>\n<li><span class=\"param-name\">Color:<\/span> Negro, gris, beige (colores personalizados disponibles)<\/li>\n<li><span class=\"param-name\">Grosor:<\/span> 0,6 mm, 0,7 mm, 0,8 mm, 1 mm<\/li>\n<li><span class=\"param-name\">Cantidad m\u00ednima de pedido:<\/span> 300 metros lineales<\/li>\n<li><span class=\"param-name\">Longitud del rollo:<\/span> 20-30 m\/rollo<\/li>\n<li><span class=\"param-name\">Plazo de entrega:<\/span> 15-20 d\u00edas<\/li>\n<li><span class=\"param-name\">Anchura:<\/span> 54\u2033, 137cm<\/li>\n<li><span class=\"param-name\">Capacidad de producci\u00f3n:<\/span> 1.000.000 de metros mensuales<\/li>\n<\/ul>\n<\/section>\n<section id=\"features\">\n<h2>Caracter\u00edsticas del producto<\/h2>\n<div class=\"feature-item\">\n<img decoding=\"async\" alt=\"MicrofibraImitaci\u00f3n de piel impermeableLa piel de microfibra es una excelente opci\u00f3n para los expositores por su lujosa calidad y durabilidad\" class=\"feature-image left\" src=\"\/wp-content\/uploads\/2025\/08\/customized-microfiber-leather-microsuede-display-decoration-material-32272.jpg\"\/><\/p>\n<h3>Microfibra <strong>Leatherman de imitaci\u00f3n impermeable<\/strong> la piel de microsuede es una excelente opci\u00f3n para los expositores por su lujosa calidad y durabilidad<\/h3>\n<p>Microfibra <strong>Leatherman de imitaci\u00f3n impermeable<\/strong> La piel de microsuede es una excelente opci\u00f3n para los expositores por su lujosa calidad y durabilidad. La piel de microfibra de ante personalizada ofrece un aspecto y un tacto \u00fanicos, lo que hace que cualquier expositor destaque sobre los dem\u00e1s.<\/p>\n<div class=\"clear\"><\/div>\n<\/div>\n<div class=\"feature-item\">\n<img decoding=\"async\" alt=\"Alta resistencia al desgarro - Ultrasuede Microfibra Faux Leather para guantes de ciclismo\" class=\"feature-image left\" src=\"\/wp-content\/uploads\/2025\/08\/07mm-ultrasuede-microfiber-faux-leather-for-cycling-gloves--37882.jpg\"\/><\/p>\n<h3>Alta resistencia al desgarro<\/h3>\n<p>Nuestra piel de microfibra Ultrasuede presenta una excepcional resistencia al desgarro, lo que garantiza que no se romper\u00e1 ni deformar\u00e1 f\u00e1cilmente bajo tensi\u00f3n. Esto la hace ideal para productos que requieren durabilidad y rendimiento a largo plazo.<\/p>\n<div class=\"clear\"><\/div>\n<\/div>\n<div class=\"feature-item\">\n<img decoding=\"async\" alt=\"Retenci\u00f3n de la forma - Piel sint\u00e9tica de microfibra Ultrasuede para guantes de ciclismo\" class=\"feature-image right\" src=\"\/wp-content\/uploads\/2025\/08\/07mm-ultrasuede-microfiber-faux-leather-for-cycling-gloves--37883.jpg\"\/><\/p>\n<h3>No es f\u00e1cil de deformar<\/h3>\n<p>Especialmente tratado para mantener su forma original, este material ofrece una excelente elasticidad y estabilidad. Resiste la deformaci\u00f3n por presi\u00f3n externa o estiramiento, manteniendo los productos intactos y atractivos a lo largo del tiempo.<\/p>\n<div class=\"clear\"><\/div>\n<\/div>\n<div class=\"feature-item\">\n<img decoding=\"async\" alt=\"Durabilidad - Piel sint\u00e9tica de microfibra Ultrasuede para guantes de ciclismo\" class=\"feature-image left\" src=\"\/wp-content\/uploads\/2025\/08\/07mm-ultrasuede-microfiber-faux-leather-for-cycling-gloves--37884.jpg\"\/><\/p>\n<h3>Durabilidad<\/h3>\n<p>Extremadamente resistente a la abrasi\u00f3n, los desgarros y los pinchazos, este material garantiza que los guantes se mantengan en \u00f3ptimas condiciones incluso con un uso prolongado. Tambi\u00e9n mantiene una excelente destreza y resistencia para art\u00edculos de piel de alta calidad.<\/p>\n<div class=\"clear\"><\/div>\n<\/div>\n<\/section>\n<p><\/main><\/p>\n<section id=\"inquiry\">\n<h2 style=\"text-align: center;\">Esperamos su consulta.<\/h2>\n<p style=\"text-align: center;\">P\u00f3ngase en contacto con nosotros hoy mismo para obtener m\u00e1s informaci\u00f3n sobre nuestros productos y realizar su pedido.<\/p>\n<\/section>\n\n    <div class=\"xs_social_share_widget xs_share_url after_content \t\tmain_content  wslu-style-1 wslu-share-box-shaped wslu-fill-colored wslu-none wslu-share-horizontal wslu-theme-font-no wslu-main_content\">\n\n\t\t\n        <ul>\n\t\t\t        <\/ul>\n    <\/div>","protected":false},"excerpt":{"rendered":"<div class=\"product-short-description\">Microsuede para la exhibici\u00f3n de la joyer\u00eda personalizada de cuero de microfibra Microsuede Material de decoraci\u00f3n de la pantalla WINIW personalizada de cuero de microfibra Microsuede Material de decoraci\u00f3n de la pantalla Las caracter\u00edsticas clave incluyen.Ideal para aquellos que buscan calidad y fiabilidad.<\/p>\n<p>Como f\u00e1brica directa, fabricante y mayorista, podemos controlar estrictamente el proceso de producci\u00f3n para garantizar la calidad del producto y, al mismo tiempo, ofrecerle los precios m\u00e1s favorables. Contamos con equipos de producci\u00f3n avanzados y un equipo t\u00e9cnico profesional para satisfacer sus necesidades de pedidos a gran escala y garantizar una entrega puntual.<\/p>\n<\/div>","protected":false},"featured_media":5458,"template":"","meta":[],"product_brand":[],"product_cat":[294],"product_tag":[],"class_list":{"0":"post-29243","1":"product","2":"type-product","3":"status-publish","4":"has-post-thumbnail","6":"product_cat-microsuede-for-jewelry-display","8":"first","9":"instock","10":"product-type-simple"},"_links":{"self":[{"href":"https:\/\/www.eco-leather.com\/es\/wp-json\/wp\/v2\/product\/29243","targetHints":{"allow":["GET"]}}],"collection":[{"href":"https:\/\/www.eco-leather.com\/es\/wp-json\/wp\/v2\/product"}],"about":[{"href":"https:\/\/www.eco-leather.com\/es\/wp-json\/wp\/v2\/types\/product"}],"wp:featuredmedia":[{"embeddable":true,"href":"https:\/\/www.eco-leather.com\/es\/wp-json\/wp\/v2\/media\/5458"}],"wp:attachment":[{"href":"https:\/\/www.eco-leather.com\/es\/wp-json\/wp\/v2\/media?parent=29243"}],"wp:term":[{"taxonomy":"product_brand","embeddable":true,"href":"https:\/\/www.eco-leather.com\/es\/wp-json\/wp\/v2\/product_brand?post=29243"},{"taxonomy":"product_cat","embeddable":true,"href":"https:\/\/www.eco-leather.com\/es\/wp-json\/wp\/v2\/product_cat?post=29243"},{"taxonomy":"product_tag","embeddable":true,"href":"https:\/\/www.eco-leather.com\/es\/wp-json\/wp\/v2\/product_tag?post=29243"}],"curies":[{"name":"wp","href":"https:\/\/api.w.org\/{rel}","templated":true}]}}