{"id":29236,"date":"2025-09-07T11:01:38","date_gmt":"2025-09-07T03:01:38","guid":{"rendered":"https:\/\/www.eco-leather.com\/product\/aging-resistant-microfiber-synthetic-pu-suede-for-display-equipment\/"},"modified":"2025-09-07T11:01:43","modified_gmt":"2025-09-07T03:01:43","slug":"microfibra-sintetica-pu-suede-resistente-al-envejecimiento-para-equipos-de-exposicion","status":"publish","type":"product","link":"https:\/\/www.eco-leather.com\/es\/microfibra-sintetica-pu-suede-resistente-al-envejecimiento-para-equipos-de-exposicion\/","title":{"rendered":"Microfibra sint\u00e9tica de ante PU resistente al envejecimiento para equipos de exposici\u00f3n"},"content":{"rendered":"<h2>Microfibra sint\u00e9tica resistente al envejecimiento PU Suede Para la f\u00e1brica de equipos de visualizaci\u00f3n<\/h2>\n<p><main><\/p>\n<section id=\"product-overview\">\n<h2>Descripci\u00f3n del producto<\/h2>\n<p>Presentaci\u00f3n del producto<\/p>\n<p>Material:<\/p>\n<p>Microfibra Ante Piel<\/p>\n<p>Fabricados con materiales de microfibra de alta calidad, nuestros guantes de piel sint\u00e9tica de microfibra Ultrasuede de 0,7 mm son la elecci\u00f3n perfecta para el ciclismo. Equilibra flexibilidad y resistencia, y ofrece una transpirabilidad excepcional y propiedades de evacuaci\u00f3n de la humedad para mantener las manos frescas y secas durante salidas intensas.<\/p>\n<p>Tanto si eres un ciclista profesional como si te dedicas al ocio, la piel de microfibra este material proporciona una comodidad y una protecci\u00f3n insuperables. Su gran resistencia a las abrasiones y los desgarros garantiza un rendimiento duradero, mientras que su elegante dise\u00f1o a\u00f1ade un toque sofisticado a cualquier conjunto ciclista.<\/p>\n<\/section>\n<section id=\"specifications\">\n<h2>Par\u00e1metros t\u00e9cnicos<\/h2>\n<ul class_=\"parameters-list\">\n<li><span class=\"param-name\">Colorido:<\/span> Ofrecemos una amplia gama de colores para elegir, desde los cl\u00e1sicos negro, blanco y gris hasta elegantes colores brillantes, con algo que le llegar\u00e1 al coraz\u00f3n y satisfar\u00e1 sus necesidades de personalizaci\u00f3n de su joyero.<\/li>\n<li><span class=\"param-name\">Materiales respetuosos con el medio ambiente, seguros y saludables:<\/span> Se utilizan materias primas y procesos de producci\u00f3n respetuosos con el medio ambiente y no t\u00f3xicos para garantizar que los productos no liberen sustancias nocivas durante su uso, proporcionando un entorno de exposici\u00f3n ecol\u00f3gico y saludable para usted y sus joyas.<\/li>\n<p>Especificaci\u00f3n del producto<\/p>\n<li><span class=\"param-name\">Material:<\/span> Microfibra de gamuza L eather Composici\u00f3n: 55 Nylon + 45% Poliuretano Marca WINIW Empresa F\u00e1brica Venta al por mayor de cuero de PVC FabricantesGrosor: 0,4 mm, 0,5 mm, 0,6 mm, personalizado Ancho: 54\u2033, 137cm Color: Blanco, rojo, azul, verde, beige, colores personalizados MOQ : 300 metros lineales Plazo de entrega: 1 0 -20 d\u00edas Capacidad de producci\u00f3n: 1.000.000 metros mensuales Caracter\u00edstica Anti-Mildew , Resistente a los ara\u00f1azos, Altamente durable Lugar de origen China Personalizado S\u00ed Aplicaci\u00f3n Caja de joyer\u00eda, D isplay stands, caja del tel\u00e9fono, W atch caja<\/li>\n<li><span class=\"param-name\">Material:<\/span> Microfibra de gamuza L eather Composici\u00f3n: 55 Nylon + 45% Poliuretano Marca WINIW Empresa F\u00e1brica Venta al por mayor de cuero de PVC FabricantesGrosor: 0,4 mm, 0,5 mm, 0,6 mm, personalizado Ancho: 54\u2033, 137cm Color: Blanco, rojo, azul, verde, beige, colores personalizados MOQ : 300 metros lineales Plazo de entrega: 1 0 -20 d\u00edas Capacidad de producci\u00f3n: 1.000.000 metros mensuales Caracter\u00edstica Anti-Mildew , Resistente a los ara\u00f1azos, Altamente durable Lugar de origen China Personalizado S\u00ed Aplicaci\u00f3n Caja de joyer\u00eda, D isplay stands, caja del tel\u00e9fono, W atch caja<\/li>\n<\/ul>\n<p><img decoding=\"async\" alt=\"Piel sint\u00e9tica de microfibra de 0,7 mm Ultrasuede para guantes de ciclismo - Especificaci\u00f3n del material\" class=\"product-image\" src=\"\/wp-content\/uploads\/2025\/08\/07mm-ultrasuede-microfiber-faux-leather-for-cycling-gloves--37881.jpg\"\/><\/p>\n<h3>Par\u00e1metros del producto<\/h3>\n<ul class=\"parameters-list\">\n<li><span class=\"param-name\">Material:<\/span> Microfibra + PU<\/li>\n<li><span class=\"param-name\">Color:<\/span> Negro, gris, beige (colores personalizados disponibles)<\/li>\n<li><span class=\"param-name\">Grosor:<\/span> 0,6 mm, 0,7 mm, 0,8 mm, 1 mm<\/li>\n<li><span class=\"param-name\">Cantidad m\u00ednima de pedido:<\/span> 300 metros lineales<\/li>\n<li><span class=\"param-name\">Longitud del rollo:<\/span> 20-30 m\/rollo<\/li>\n<li><span class=\"param-name\">Plazo de entrega:<\/span> 15-20 d\u00edas<\/li>\n<li><span class=\"param-name\">Anchura:<\/span> 54\u2033, 137cm<\/li>\n<li><span class=\"param-name\">Capacidad de producci\u00f3n:<\/span> 1.000.000 de metros mensuales<\/li>\n<\/ul>\n<\/section>\n<p><\/main><\/p>\n<section id=\"inquiry\">\n<h2 style=\"text-align: center;\">Esperamos su consulta.<\/h2>\n<p style=\"text-align: center;\">P\u00f3ngase en contacto con nosotros hoy mismo para obtener m\u00e1s informaci\u00f3n sobre nuestros productos y realizar su pedido.<\/p>\n<\/section>\n\n    <div class=\"xs_social_share_widget xs_share_url after_content \t\tmain_content  wslu-style-1 wslu-share-box-shaped wslu-fill-colored wslu-none wslu-share-horizontal wslu-theme-font-no wslu-main_content\">\n\n\t\t\n        <ul>\n\t\t\t        <\/ul>\n    <\/div>","protected":false},"excerpt":{"rendered":"<div class=\"product-short-description\">Microsuede para la exhibici\u00f3n de la joyer\u00eda Resistente al envejecimiento Microfibra sint\u00e9tica PU Suede Para equipos de exhibici\u00f3n WINIW Resistente al envejecimiento Microfibra sint\u00e9tica PU Suede Para equipos de exhibici\u00f3n Las caracter\u00edsticas clave incluyen.Ideal para aquellos que buscan calidad y fiabilidad.<\/p>\n<p>Como f\u00e1brica directa, fabricante y mayorista, podemos controlar estrictamente el proceso de producci\u00f3n para garantizar la calidad del producto y, al mismo tiempo, ofrecerle los precios m\u00e1s favorables. Contamos con equipos de producci\u00f3n avanzados y un equipo t\u00e9cnico profesional para satisfacer sus necesidades de pedidos a gran escala y garantizar una entrega puntual.<\/p>\n<\/div>","protected":false},"featured_media":5282,"template":"","meta":[],"product_brand":[],"product_cat":[294],"product_tag":[],"class_list":{"0":"post-29236","1":"product","2":"type-product","3":"status-publish","4":"has-post-thumbnail","6":"product_cat-microsuede-for-jewelry-display","8":"first","9":"instock","10":"product-type-simple"},"_links":{"self":[{"href":"https:\/\/www.eco-leather.com\/es\/wp-json\/wp\/v2\/product\/29236","targetHints":{"allow":["GET"]}}],"collection":[{"href":"https:\/\/www.eco-leather.com\/es\/wp-json\/wp\/v2\/product"}],"about":[{"href":"https:\/\/www.eco-leather.com\/es\/wp-json\/wp\/v2\/types\/product"}],"wp:featuredmedia":[{"embeddable":true,"href":"https:\/\/www.eco-leather.com\/es\/wp-json\/wp\/v2\/media\/5282"}],"wp:attachment":[{"href":"https:\/\/www.eco-leather.com\/es\/wp-json\/wp\/v2\/media?parent=29236"}],"wp:term":[{"taxonomy":"product_brand","embeddable":true,"href":"https:\/\/www.eco-leather.com\/es\/wp-json\/wp\/v2\/product_brand?post=29236"},{"taxonomy":"product_cat","embeddable":true,"href":"https:\/\/www.eco-leather.com\/es\/wp-json\/wp\/v2\/product_cat?post=29236"},{"taxonomy":"product_tag","embeddable":true,"href":"https:\/\/www.eco-leather.com\/es\/wp-json\/wp\/v2\/product_tag?post=29236"}],"curies":[{"name":"wp","href":"https:\/\/api.w.org\/{rel}","templated":true}]}}