{"id":29214,"date":"2025-09-07T11:01:28","date_gmt":"2025-09-07T03:01:28","guid":{"rendered":"https:\/\/www.eco-leather.com\/product\/easy-cutting-microfiber-leather-synthetic-pu-fabric-for-phone-cover\/"},"modified":"2025-09-07T11:01:34","modified_gmt":"2025-09-07T03:01:34","slug":"microfibra-de-corte-facil-de-cuero-sintetico-pu-tela-para-la-cubierta-del-telefono","status":"publish","type":"product","link":"https:\/\/www.eco-leather.com\/es\/microfibra-de-corte-facil-de-cuero-sintetico-pu-tela-para-la-cubierta-del-telefono\/","title":{"rendered":"F\u00e1cil de cortar microfibra de cuero sint\u00e9tico de la PU de la tela para la cubierta del tel\u00e9fono"},"content":{"rendered":"<h2>F\u00e1cil de cortar microfibra de cuero sint\u00e9tico de la PU de tela para el tel\u00e9fono de la cubierta de f\u00e1brica<\/h2>\n<p><main><\/p>\n<section id=\"product-overview\">\n<h2>Descripci\u00f3n del producto<\/h2>\n<p>Producto <strong>Tela impermeable para sof\u00e1s<\/strong> Introducci\u00f3n<\/p>\n<p>Material: <strong>Automotive LeatherSeats Service Dog<\/strong> Microfibra L eather<\/p>\n<p>Fabricados con materiales de microfibra de alta calidad, nuestros guantes de piel sint\u00e9tica de microfibra Ultrasuede de 0,7 mm son la elecci\u00f3n perfecta para el ciclismo. Equilibra flexibilidad y resistencia, y ofrece una transpirabilidad excepcional y propiedades de evacuaci\u00f3n de la humedad para mantener las manos frescas y secas durante salidas intensas.<\/p>\n<p>Tanto si eres un ciclista profesional como si te dedicas al ocio, la piel de microfibra este material proporciona una comodidad y una protecci\u00f3n insuperables. Su gran resistencia a las abrasiones y los desgarros garantiza un rendimiento duradero, mientras que su elegante dise\u00f1o a\u00f1ade un toque sofisticado a cualquier conjunto ciclista.<\/p>\n<\/section>\n<section id=\"specifications\">\n<h2>Par\u00e1metros t\u00e9cnicos<\/h2>\n<ul class_=\"parameters-list\">\n<li><span class=\"param-name\">Marca <strong>Cajas de piel sint\u00e9tica China<\/strong> herramientas de mejora:<\/span> Los envases y art\u00edculos de papeler\u00eda de cuero artificial de alta calidad pueden mejorar significativamente la textura general y la calidad de los productos. En <strong>Chaqueta de cuero Eco Car<\/strong> sus productos electr\u00f3nicos o de papeler\u00eda se visten con este elegante abrigo, no s\u00f3lo atrae la atenci\u00f3n y la atenci\u00f3n de m\u00e1s consumidores, sino que tambi\u00e9n mejora la imagen de marca y la competitividad en el mercado.<\/li>\n<li><span class=\"param-name\">Producto <strong>Piel importada<\/strong> Especificaci\u00f3n Material:<\/span> Microfibra L eather Composici\u00f3n: 55 Nylon + 45% Poliuretano Marca WINIW Empresa F\u00e1brica al por mayor de microfibra de ante FabricantesEspesor: 0,4 mm, 0,5 mm, 0,6 mm, personalizado Ancho: 54\u2033, 137cm Color: Blanco, rojo, azul, verde, beige, colores personalizados MOQ : 300 metros lineales Plazo de entrega: 1 0 -20 d\u00edas Capacidad de producci\u00f3n: 1.000.000 metros mensuales Lugar de origen China Personalizado S\u00ed Material: Microfibra L eather Composici\u00f3n: 55 Nylon + 45% Poliuretano Marca WINIW Empresa F\u00e1brica al por mayor de microfibra de ante ManufacturersThickness: 0,4 mm, 0,5 mm, 0,6 mm, personalizado Ancho: 54\u2033, 137cm Color: Blanco, rojo, azul, verde, beige, colores personalizados MOQ : 300 metros lineales Tiempo de entrega: 1 0 -20 d\u00edas Capacidad de producci\u00f3n: 1.000.000 metros mensuales Lugar de Origen China personalizado S\u00ed<\/li>\n<\/ul>\n<p><img decoding=\"async\" alt=\"Piel sint\u00e9tica de microfibra de 0,7 mm Ultrasuede para guantes de ciclismo - Especificaci\u00f3n del material\" class=\"product-image\" src=\"\/wp-content\/uploads\/2025\/08\/07mm-ultrasuede-microfiber-faux-leather-for-cycling-gloves--37881.jpg\"\/><\/p>\n<h3>Par\u00e1metros del producto<\/h3>\n<ul class=\"parameters-list\">\n<li><span class=\"param-name\">Material:<\/span> Microfibra + PU<\/li>\n<li><span class=\"param-name\">Color:<\/span> Negro, gris, beige (colores personalizados disponibles)<\/li>\n<li><span class=\"param-name\">Grosor:<\/span> 0,6 mm, 0,7 mm, 0,8 mm, 1 mm<\/li>\n<li><span class=\"param-name\">Cantidad m\u00ednima de pedido:<\/span> 300 metros lineales<\/li>\n<li><span class=\"param-name\">Longitud del rollo:<\/span> 20-30 m\/rollo<\/li>\n<li><span class=\"param-name\">Plazo de entrega:<\/span> 15-20 d\u00edas<\/li>\n<li><span class=\"param-name\">Anchura:<\/span> 54\u2033, 137cm<\/li>\n<li><span class=\"param-name\">Capacidad de producci\u00f3n:<\/span> 1.000.000 de metros mensuales<\/li>\n<\/ul>\n<\/section>\n<section id=\"features\">\n<h2>Caracter\u00edsticas del producto<\/h2>\n<div class=\"feature-item\">\n<img decoding=\"async\" alt=\"MicrofibraPiel de gamuza a prueba de agua Sprayartificial de cuero est\u00e1 hecho de tecnolog\u00eda avanzada, que tiene muy alta resistencia a la abrasi\u00f3n, resistencia a los ara\u00f1azos y resistencia al plegado\" class=\"feature-image left\" src=\"\/wp-content\/uploads\/2025\/08\/easy-cutting-microfiber-leather-synthetic-pu-fabric-for-phone-cover-32060.jpg\"\/><\/p>\n<h3>Microfibra <strong>Spray Impermeable Piel de Ante<\/strong> La piel artificial est\u00e1 fabricada con tecnolog\u00eda avanzada, que tiene una resistencia a la abrasi\u00f3n, a los ara\u00f1azos y al plegado extremadamente altas<\/h3>\n<p>Microfibra <strong>Spray Impermeable Piel de Ante<\/strong> El cuero artificial est\u00e1 fabricado con tecnolog\u00eda avanzada, que tiene una resistencia extremadamente alta a la abrasi\u00f3n, al rayado y al plegado. En la aplicaci\u00f3n de embalaje de productos electr\u00f3nicos, puede resistir eficazmente la fricci\u00f3n y la colisi\u00f3n en el uso diario, y proteger los productos de da\u00f1os;<\/p>\n<div class=\"clear\"><\/div>\n<\/div>\n<div class=\"feature-item\">\n<img decoding=\"async\" alt=\"En el \u00e1mbito de los accesorios de papeler\u00eda, como fundas para cuadernos, carpetas, etc.\" class=\"feature-image left\" src=\"\/wp-content\/uploads\/2025\/08\/easy-cutting-microfiber-leather-synthetic-pu-fabric-for-phone-cover-32061.jpg\"\/><\/p>\n<h3>En el \u00e1mbito de los accesorios de papeler\u00eda, como fundas para cuadernos, carpetas, etc.<\/h3>\n<p>En el campo de los accesorios de papeler\u00eda, como fundas de cuadernos, carpetas, etc., la piel artificial de microfibra tambi\u00e9n muestra una excelente durabilidad, lo que garantiza que pueda mantener su belleza y funcionalidad durante mucho tiempo.<\/p>\n<div class=\"clear\"><\/div>\n<\/div>\n<div class=\"feature-item\">\n<img decoding=\"async\" alt=\"Alta resistencia al desgarro - Ultrasuede Microfibra Faux Leather para guantes de ciclismo\" class=\"feature-image left\" src=\"\/wp-content\/uploads\/2025\/08\/07mm-ultrasuede-microfiber-faux-leather-for-cycling-gloves--37882.jpg\"\/><\/p>\n<h3>Alta resistencia al desgarro<\/h3>\n<p>Nuestra piel de microfibra Ultrasuede presenta una excepcional resistencia al desgarro, lo que garantiza que no se romper\u00e1 ni deformar\u00e1 f\u00e1cilmente bajo tensi\u00f3n. Esto la hace ideal para productos que requieren durabilidad y rendimiento a largo plazo.<\/p>\n<div class=\"clear\"><\/div>\n<\/div>\n<div class=\"feature-item\">\n<img decoding=\"async\" alt=\"Retenci\u00f3n de la forma - Piel sint\u00e9tica de microfibra Ultrasuede para guantes de ciclismo\" class=\"feature-image right\" src=\"\/wp-content\/uploads\/2025\/08\/07mm-ultrasuede-microfiber-faux-leather-for-cycling-gloves--37883.jpg\"\/><\/p>\n<h3>No es f\u00e1cil de deformar<\/h3>\n<p>Especialmente tratado para mantener su forma original, este material ofrece una excelente elasticidad y estabilidad. Resiste la deformaci\u00f3n por presi\u00f3n externa o estiramiento, manteniendo los productos intactos y atractivos a lo largo del tiempo.<\/p>\n<div class=\"clear\"><\/div>\n<\/div>\n<div class=\"feature-item\">\n<img decoding=\"async\" alt=\"Durabilidad - Piel sint\u00e9tica de microfibra Ultrasuede para guantes de ciclismo\" class=\"feature-image left\" src=\"\/wp-content\/uploads\/2025\/08\/07mm-ultrasuede-microfiber-faux-leather-for-cycling-gloves--37884.jpg\"\/><\/p>\n<h3>Durabilidad<\/h3>\n<p>Extremadamente resistente a la abrasi\u00f3n, los desgarros y los pinchazos, este material garantiza que los guantes se mantengan en \u00f3ptimas condiciones incluso con un uso prolongado. Tambi\u00e9n mantiene una excelente destreza y resistencia para art\u00edculos de piel de alta calidad.<\/p>\n<div class=\"clear\"><\/div>\n<\/div>\n<\/section>\n<p><\/main><\/p>\n<section id=\"inquiry\">\n<h2 style=\"text-align: center;\">Esperamos su consulta.<\/h2>\n<p style=\"text-align: center;\">P\u00f3ngase en contacto con nosotros hoy mismo para obtener m\u00e1s informaci\u00f3n sobre nuestros productos y realizar su pedido.<\/p>\n<\/section>\n\n    <div class=\"xs_social_share_widget xs_share_url after_content \t\tmain_content  wslu-style-1 wslu-share-box-shaped wslu-fill-colored wslu-none wslu-share-horizontal wslu-theme-font-no wslu-main_content\">\n\n\t\t\n        <ul>\n\t\t\t        <\/ul>\n    <\/div>","protected":false},"excerpt":{"rendered":"<div class=\"product-short-description\">Cuero de imitaci\u00f3n para dispositivos electr\u00f3nicos que cubren f\u00e1cil de cortar microfibra de cuero sint\u00e9tico de la PU de la tela para la cubierta del tel\u00e9fono WINIW f\u00e1cil de cortar microfibra de cuero sint\u00e9tico de la PU de la tela para la cubierta del tel\u00e9fono Las caracter\u00edsticas principales incluyen.Ideal para aquellos que buscan calidad y fiabilidad.<\/p>\n<p>Como f\u00e1brica directa, fabricante y mayorista, podemos controlar estrictamente el proceso de producci\u00f3n para garantizar la calidad del producto y, al mismo tiempo, ofrecerle los precios m\u00e1s favorables. Contamos con equipos de producci\u00f3n avanzados y un equipo t\u00e9cnico profesional para satisfacer sus necesidades de pedidos a gran escala y garantizar una entrega puntual.<\/p>\n<\/div>","protected":false},"featured_media":5238,"template":"","meta":[],"product_brand":[],"product_cat":[316],"product_tag":[],"class_list":{"0":"post-29214","1":"product","2":"type-product","3":"status-publish","4":"has-post-thumbnail","6":"product_cat-faux-leather-for-electronic-devices-covering","8":"first","9":"instock","10":"product-type-simple"},"_links":{"self":[{"href":"https:\/\/www.eco-leather.com\/es\/wp-json\/wp\/v2\/product\/29214","targetHints":{"allow":["GET"]}}],"collection":[{"href":"https:\/\/www.eco-leather.com\/es\/wp-json\/wp\/v2\/product"}],"about":[{"href":"https:\/\/www.eco-leather.com\/es\/wp-json\/wp\/v2\/types\/product"}],"wp:featuredmedia":[{"embeddable":true,"href":"https:\/\/www.eco-leather.com\/es\/wp-json\/wp\/v2\/media\/5238"}],"wp:attachment":[{"href":"https:\/\/www.eco-leather.com\/es\/wp-json\/wp\/v2\/media?parent=29214"}],"wp:term":[{"taxonomy":"product_brand","embeddable":true,"href":"https:\/\/www.eco-leather.com\/es\/wp-json\/wp\/v2\/product_brand?post=29214"},{"taxonomy":"product_cat","embeddable":true,"href":"https:\/\/www.eco-leather.com\/es\/wp-json\/wp\/v2\/product_cat?post=29214"},{"taxonomy":"product_tag","embeddable":true,"href":"https:\/\/www.eco-leather.com\/es\/wp-json\/wp\/v2\/product_tag?post=29214"}],"curies":[{"name":"wp","href":"https:\/\/api.w.org\/{rel}","templated":true}]}}