{"id":29212,"date":"2025-09-07T11:01:28","date_gmt":"2025-09-07T03:01:28","guid":{"rendered":"https:\/\/www.eco-leather.com\/product\/highly-durable-vegan-microfiber-phone-case-leather-fabric-faux-material\/"},"modified":"2025-09-07T11:01:33","modified_gmt":"2025-09-07T03:01:33","slug":"highly-durable-vegan-microfiber-phone-case-leather-fabric-faux-material","status":"publish","type":"product","link":"https:\/\/www.eco-leather.com\/es\/highly-durable-vegan-microfiber-phone-case-leather-fabric-faux-material\/","title":{"rendered":"Funda de tel\u00e9fono de microfibra vegana de alta durabilidad Material de imitaci\u00f3n de cuero"},"content":{"rendered":"<h2>Highly Durable Vegan Microfiber Phone Case Leather Fabric Faux Material supplier<\/h2>\n<p><main><\/p>\n<section id=\"product-overview\">\n<h2>Descripci\u00f3n del producto<\/h2>\n<p>Producto <strong>Tela de sof\u00e1 floral<\/strong> Introduction Integration of innovation and technology: We continue to integrate innovative technology into the research and development and production of artificial leather products.<\/p>\n<p>Through the introduction of new materials, new processes and new technologies, the performance and quality level of products are continuously improved. Let you enjoy the beauty and practicality at the same time, but also feel the convenience and surprise brought by scientific and technological progress.<\/p>\n<p>Material: <strong>Cajas de piel sint\u00e9tica China<\/strong> Microfibra L eather<\/p>\n<p>Fabricados con materiales de microfibra de alta calidad, nuestros guantes de piel sint\u00e9tica de microfibra Ultrasuede de 0,7 mm son la elecci\u00f3n perfecta para el ciclismo. Equilibra flexibilidad y resistencia, y ofrece una transpirabilidad excepcional y propiedades de evacuaci\u00f3n de la humedad para mantener las manos frescas y secas durante salidas intensas.<\/p>\n<p>Tanto si eres un ciclista profesional como si te dedicas al ocio, la piel de microfibra este material proporciona una comodidad y una protecci\u00f3n insuperables. Su gran resistencia a las abrasiones y los desgarros garantiza un rendimiento duradero, mientras que su elegante dise\u00f1o a\u00f1ade un toque sofisticado a cualquier conjunto ciclista.<\/p>\n<\/section>\n<section id=\"specifications\">\n<h2>Par\u00e1metros t\u00e9cnicos<\/h2>\n<ul class_=\"parameters-list\">\n<li><span class=\"param-name\">Diverse <strong>Distribuidores de tejidos para bolsas<\/strong> textures and colors:<\/span> In order to meet the individual needs of different consumers, we provide a variety of textures and color options. From <strong>Vestido Blanco Material Meesho<\/strong> classic plain weave to sleek crocodile, calm black to vibrant bright colours, there&#8217;s something for sure to tug at your heartstrings.<\/li>\n<li><span class=\"param-name\">Producto <strong>Piel importada<\/strong> Especificaci\u00f3n Material:<\/span> Microfibra L eather Composici\u00f3n: 55 Nylon + 45% Poliuretano Marca WINIW Empresa F\u00e1brica al por mayor de microfibra de ante FabricantesEspesor: 0,4 mm, 0,5 mm, 0,6 mm, personalizado Ancho: 54\u2033, 137cm Color: Blanco, rojo, azul, verde, beige, colores personalizados MOQ : 300 metros lineales Plazo de entrega: 1 0 -20 d\u00edas Capacidad de producci\u00f3n: 1.000.000 metros mensuales Lugar de origen China Personalizado S\u00ed Material: Microfibra L eather Composici\u00f3n: 55 Nylon + 45% Poliuretano Marca WINIW Empresa F\u00e1brica al por mayor de microfibra de ante ManufacturersThickness: 0,4 mm, 0,5 mm, 0,6 mm, personalizado Ancho: 54\u2033, 137cm Color: Blanco, rojo, azul, verde, beige, colores personalizados MOQ : 300 metros lineales Tiempo de entrega: 1 0 -20 d\u00edas Capacidad de producci\u00f3n: 1.000.000 metros mensuales Lugar de Origen China personalizado S\u00ed<\/li>\n<\/ul>\n<p><img decoding=\"async\" alt=\"Piel sint\u00e9tica de microfibra de 0,7 mm Ultrasuede para guantes de ciclismo - Especificaci\u00f3n del material\" class=\"product-image\" src=\"\/wp-content\/uploads\/2025\/08\/07mm-ultrasuede-microfiber-faux-leather-for-cycling-gloves--37881.jpg\"\/><\/p>\n<h3>Par\u00e1metros del producto<\/h3>\n<ul class=\"parameters-list\">\n<li><span class=\"param-name\">Material:<\/span> Microfibra + PU<\/li>\n<li><span class=\"param-name\">Color:<\/span> Negro, gris, beige (colores personalizados disponibles)<\/li>\n<li><span class=\"param-name\">Grosor:<\/span> 0,6 mm, 0,7 mm, 0,8 mm, 1 mm<\/li>\n<li><span class=\"param-name\">Cantidad m\u00ednima de pedido:<\/span> 300 metros lineales<\/li>\n<li><span class=\"param-name\">Longitud del rollo:<\/span> 20-30 m\/rollo<\/li>\n<li><span class=\"param-name\">Plazo de entrega:<\/span> 15-20 d\u00edas<\/li>\n<li><span class=\"param-name\">Anchura:<\/span> 54\u2033, 137cm<\/li>\n<li><span class=\"param-name\">Capacidad de producci\u00f3n:<\/span> 1.000.000 de metros mensuales<\/li>\n<\/ul>\n<\/section>\n<p><\/main><\/p>\n<section id=\"inquiry\">\n<h2 style=\"text-align: center;\">Esperamos su consulta.<\/h2>\n<p style=\"text-align: center;\">P\u00f3ngase en contacto con nosotros hoy mismo para obtener m\u00e1s informaci\u00f3n sobre nuestros productos y realizar su pedido.<\/p>\n<\/section>\n\n    <div class=\"xs_social_share_widget xs_share_url after_content \t\tmain_content  wslu-style-1 wslu-share-box-shaped wslu-fill-colored wslu-none wslu-share-horizontal wslu-theme-font-no wslu-main_content\">\n\n\t\t\n        <ul>\n\t\t\t        <\/ul>\n    <\/div>","protected":false},"excerpt":{"rendered":"<div class=\"product-short-description\">Faux Leather for Electronic Devices Covering Highly Durable Vegan Microfiber Phone Case Leather Fabric Faux Material WINIW Highly Durable Vegan Microfiber Phone Case Leather Fabric Faux Material Key features include.Ideal for those seeking quality and reliability.<\/p>\n<p>Como f\u00e1brica directa, fabricante y mayorista, podemos controlar estrictamente el proceso de producci\u00f3n para garantizar la calidad del producto y, al mismo tiempo, ofrecerle los precios m\u00e1s favorables. Contamos con equipos de producci\u00f3n avanzados y un equipo t\u00e9cnico profesional para satisfacer sus necesidades de pedidos a gran escala y garantizar una entrega puntual.<\/p>\n<\/div>","protected":false},"featured_media":5234,"template":"","meta":[],"product_brand":[],"product_cat":[316],"product_tag":[],"class_list":{"0":"post-29212","1":"product","2":"type-product","3":"status-publish","4":"has-post-thumbnail","6":"product_cat-faux-leather-for-electronic-devices-covering","8":"first","9":"instock","10":"product-type-simple"},"_links":{"self":[{"href":"https:\/\/www.eco-leather.com\/es\/wp-json\/wp\/v2\/product\/29212","targetHints":{"allow":["GET"]}}],"collection":[{"href":"https:\/\/www.eco-leather.com\/es\/wp-json\/wp\/v2\/product"}],"about":[{"href":"https:\/\/www.eco-leather.com\/es\/wp-json\/wp\/v2\/types\/product"}],"wp:featuredmedia":[{"embeddable":true,"href":"https:\/\/www.eco-leather.com\/es\/wp-json\/wp\/v2\/media\/5234"}],"wp:attachment":[{"href":"https:\/\/www.eco-leather.com\/es\/wp-json\/wp\/v2\/media?parent=29212"}],"wp:term":[{"taxonomy":"product_brand","embeddable":true,"href":"https:\/\/www.eco-leather.com\/es\/wp-json\/wp\/v2\/product_brand?post=29212"},{"taxonomy":"product_cat","embeddable":true,"href":"https:\/\/www.eco-leather.com\/es\/wp-json\/wp\/v2\/product_cat?post=29212"},{"taxonomy":"product_tag","embeddable":true,"href":"https:\/\/www.eco-leather.com\/es\/wp-json\/wp\/v2\/product_tag?post=29212"}],"curies":[{"name":"wp","href":"https:\/\/api.w.org\/{rel}","templated":true}]}}